{"id":22796,"date":"2023-04-20T12:32:27","date_gmt":"2023-04-20T10:32:27","guid":{"rendered":"https:\/\/www.rememberme-forever.com\/product\/urna-de-cremacion-para-perros-todas-las-razas\/"},"modified":"2025-11-21T12:57:02","modified_gmt":"2025-11-21T11:57:02","slug":"urna-de-cremacion-para-perros-todas-las-razas","status":"publish","type":"product","link":"https:\/\/www.rememberme-forever.com\/es\/producto\/urna-de-cremacion-para-perros-todas-las-razas\/","title":{"rendered":"Urna de cremaci\u00f3n para perros &#8211; todas las razas"},"content":{"rendered":"<h2 style=\"text-align: center;\">Urna de cremaci\u00f3n para perros &#8211; todas las razas<\/h2>\n<p style=\"text-align: center;\">Esta impresionante urna de cremaci\u00f3n para perros es una forma hermosa y \u00fanica de honrar la vida de su querida mascota. Elaborada con madera de alta calidad, esta urna presenta una estatua realista de la raza que elija en la parte superior, creando un tributo duradero a su fiel compa\u00f1ero.<\/p>\n<p style=\"text-align: center;\">Creada con el m\u00e1ximo cuidado y atenci\u00f3n, esta urna est\u00e1 dise\u00f1ada para brindar un lugar de descanso tranquilo y respetuoso para las cenizas de su mascota. La abertura inferior garantiza que las cenizas se mantengan seguras, mientras que la veta natural de la madera le da a cada urna un car\u00e1cter \u00fanico.<\/p>\n<p><iframe loading=\"lazy\" title=\"Cremation urn for dog ashes\" width=\"640\" height=\"360\" src=\"https:\/\/www.youtube.com\/embed\/DlRkyzOp-zw?feature=oembed\" frameborder=\"0\" allow=\"accelerometer; autoplay; clipboard-write; encrypted-media; gyroscope; picture-in-picture; web-share\" referrerpolicy=\"strict-origin-when-cross-origin\" allowfullscreen><\/iframe><\/p>\n<p style=\"text-align: center;\">Tenemos urnas para mascotas disponibles para todas las razas, para que pueda encontrar la perfecta para honrar a su amigo peludo. Y si no encuentra la raza que busca, no dude en contactarnos; nuestros artesanos expertos estar\u00e1n encantados de crear una urna personalizada solo para usted.<\/p>\n<p style=\"text-align: center;\">Esta urna de cremaci\u00f3n para perros es m\u00e1s que un simple lugar de descanso final para las cenizas de su mascota. Es un cari\u00f1oso homenaje a un miembro querido de su familia, un s\u00edmbolo de la alegr\u00eda y la compa\u00f1\u00eda que brind\u00f3 a su vida. Exhibida en su hogar, le servir\u00e1 como un reconfortante recuerdo de los momentos felices que compartieron.<\/p>\n<p>&nbsp;<\/p>\n<p style=\"text-align: center;\">La estatua del perro est\u00e1 hecha de bronce fundido en fr\u00edo; la urna es de madera de abedul.<\/p>\n<p style=\"text-align: center;\">Urna artesanal, fabricada por profesionales expertos. Disponible con una amplia gama de estatuas de cualquier raza.<\/p>\n<p style=\"text-align: center;\">Nuestras urnas son artesanales, por lo que el tono del color puede variar.<\/p>\n<p style=\"text-align: center;\"><strong><em>Tenga en cuenta que esta urna se fabrica bajo pedido. El plazo de entrega es de aproximadamente 4 a 8 d\u00edas h\u00e1biles. <\/em><\/strong><\/p>\n<p>&nbsp;<\/p>\n<h3 style=\"text-align: center;\">Urnas para perros por raza:<\/h3>\n<p style=\"text-align: center;\">01. Galgo afgano acostado<\/p>\n<p style=\"text-align: center;\">02. American Staffordshire Terrier (con el pelo recortado)<\/p>\n<p style=\"text-align: center;\">03. American Staffordshire Terrier (mam\u00e1)<\/p>\n<p style=\"text-align: center;\">04. American Staffordshire Terrier (con el pelo sin recortar)<\/p>\n<p style=\"text-align: center;\">05. Bich\u00f3n Fris\u00e9<\/p>\n<p style=\"text-align: center;\">06. Terrier Negro Ruso<\/p>\n<p style=\"text-align: center;\">08. Borzoi<\/p>\n<p style=\"text-align: center;\">09. Borzoi acostado<\/p>\n<p style=\"text-align: center;\">10. B\u00f3xer (con el pelo recortado)<\/p>\n<p style=\"text-align: center;\">11. B\u00f3xer (mam\u00e1)<\/p>\n<p style=\"text-align: center;\">12. B\u00f3xer (con el pelo sin recortar)<\/p>\n<p style=\"text-align: center;\">13. Bull Terrier<\/p>\n<p style=\"text-align: center;\">14. Bull Terrier acostado<\/p>\n<p style=\"text-align: center;\">15. Bull Terrier acostado feliz<\/p>\n<p style=\"text-align: center;\">16. Bull Terrier (mam\u00e1)<\/p>\n<p style=\"text-align: center;\">17. Bull Terrier sentado<\/p>\n<p style=\"text-align: center;\">18. Bulldog<\/p>\n<p style=\"text-align: center;\">19. Bulldog (mam\u00e1)<\/p>\n<p style=\"text-align: center;\">20. Bulldog sentado<\/p>\n<p style=\"text-align: center;\">21. Bullmastiff<\/p>\n<p style=\"text-align: center;\">22. Terrier checo<\/p>\n<p style=\"text-align: center;\">23. Teckel de pelo duro<\/p>\n<p style=\"text-align: center;\">24. D\u00f3berman (con el pelo recortado)<\/p>\n<p style=\"text-align: center;\">25. D\u00f3berman (con el pelo sin recortar)<\/p>\n<p style=\"text-align: center;\">26. Cocker Spaniel ingl\u00e9s<\/p>\n<p style=\"text-align: center;\">27. Staffordshire Terrier Ingl\u00e9s<\/p>\n<p style=\"text-align: center;\">28. Staffordshire Terrier Ingl\u00e9s (mam\u00e1)<\/p>\n<p style=\"text-align: center;\">29. Bulldog Franc\u00e9s<\/p>\n<p style=\"text-align: center;\">30. Bulldog Franc\u00e9s (mam\u00e1)<\/p>\n<p style=\"text-align: center;\">31. Bulldog Franc\u00e9s sentado<\/p>\n<p style=\"text-align: center;\">32. Pastor Alem\u00e1n<\/p>\n<p style=\"text-align: center;\">33. Gran Dan\u00e9s (con las orejas cortadas)<\/p>\n<p style=\"text-align: center;\">34. Lebrel Irland\u00e9s<\/p>\n<p style=\"text-align: center;\">35. Labrador Retriever<\/p>\n<p style=\"text-align: center;\">36. Lhasa Apso<\/p>\n<p style=\"text-align: center;\">37. Perro Malt\u00e9s<\/p>\n<p style=\"text-align: center;\">38. Terranova<\/p>\n<p style=\"text-align: center;\">39. Norfolk Terrier<\/p>\n<p style=\"text-align: center;\">40. Norwich Terrier<\/p>\n<p style=\"text-align: center;\">41. Pekin\u00e9s<\/p>\n<p style=\"text-align: center;\">42. Pastor Polaco de las Tierras Bajas<\/p>\n<p style=\"text-align: center;\">43. Carlino<\/p>\n<p style=\"text-align: center;\">44. Rottweiler<\/p>\n<p style=\"text-align: center;\">45. Rottweiler (mam\u00e1)<\/p>\n<p style=\"text-align: center;\">46. Schnauzer (con las orejas cortadas)<\/p>\n<p style=\"text-align: center;\">47. Schnauzer (sin cortar)<\/p>\n<p style=\"text-align: center;\">48. Scottish Terrier<\/p>\n<p style=\"text-align: center;\">49. Setter (acostado)<\/p>\n<p style=\"text-align: center;\">50. Shih Tzu<\/p>\n<p style=\"text-align: center;\">51. Staffordshire Bull Terrier<\/p>\n<p style=\"text-align: center;\">52. Weimaraner (pap\u00e1)<\/p>\n<p style=\"text-align: center;\">53. West Highland White Terrier<\/p>\n<p style=\"text-align: center;\">54. Yorkshire Terrier<\/p>\n<p style=\"text-align: center;\">55. Mast\u00edn Napolitano<\/p>\n<p style=\"text-align: center;\">56. Gran Dan\u00e9s (sin cortar)<\/p>\n<p style=\"text-align: center;\">57. Chihuahua (sin pelaje)<\/p>\n<p style=\"text-align: center;\">58. Staffordshire Bull Terrier (mam\u00e1)<\/p>\n<p style=\"text-align: center;\">59. Gato Egipcio<\/p>\n<p style=\"text-align: center;\">60. Whippet<\/p>\n<p style=\"text-align: center;\">61. B\u00f3xer (sentado)<\/p>\n<p style=\"text-align: center;\">62. Borzoi (de pie)<\/p>\n<p style=\"text-align: center;\">63. Rottweiler (con cola)<\/p>\n<p style=\"text-align: center;\">64. Gato Persa<\/p>\n<p style=\"text-align: center;\">65. Pitbull de pelea<\/p>\n<p style=\"text-align: center;\">66. Bulldog Ingl\u00e9s (nuevo)<\/p>\n<p style=\"text-align: center;\">67. Springer Spaniel Ingl\u00e9s<\/p>\n","protected":false},"excerpt":{"rendered":"<p><em><strong>Urna de cremaci\u00f3n para perro con la imagen de una mascota de la raza que elija.<\/strong><\/em><\/p>\n","protected":false},"featured_media":22790,"template":"","meta":{"_acf_changed":false},"product_brand":[1991],"product_cat":[2453],"product_tag":[3356],"class_list":{"0":"post-22796","1":"product","2":"type-product","3":"status-publish","4":"has-post-thumbnail","6":"product_brand-remember-forever","7":"product_cat-urnas-de-cremacion-para-mascotas","8":"product_tag-gpsr-pet-urns","9":"product_shipping_class-4-5-kg-es","11":"first","12":"instock","13":"taxable","14":"shipping-taxable","15":"purchasable","16":"product-type-variable"},"yoast_head":"<!-- This site is optimized with the Yoast SEO plugin v27.4 - https:\/\/yoast.com\/product\/yoast-seo-wordpress\/ -->\n<title>Urna de cremaci\u00f3n para perros - todas las razas<\/title>\n<meta name=\"description\" content=\"Esta hermosa urna de cremaci\u00f3n para perro es una forma bella y \u00fanica de honrar la vida de su amada mascota. Elaboradas con madera de alta calidad\" \/>\n<meta name=\"robots\" content=\"index, follow, max-snippet:-1, max-image-preview:large, max-video-preview:-1\" \/>\n<link rel=\"canonical\" href=\"https:\/\/www.rememberme-forever.com\/es\/producto\/urna-de-cremacion-para-perros-todas-las-razas\/\" \/>\n<meta property=\"og:locale\" content=\"es_ES\" \/>\n<meta property=\"og:type\" content=\"article\" \/>\n<meta property=\"og:title\" content=\"Urna de cremaci\u00f3n para perros - todas las razas\" \/>\n<meta property=\"og:description\" content=\"Esta hermosa urna de cremaci\u00f3n para perro es una forma bella y \u00fanica de honrar la vida de su amada mascota. Elaboradas con madera de alta calidad\" \/>\n<meta property=\"og:url\" content=\"https:\/\/www.rememberme-forever.com\/es\/producto\/urna-de-cremacion-para-perros-todas-las-razas\/\" \/>\n<meta property=\"og:site_name\" content=\"Remember Forever\" \/>\n<meta property=\"article:modified_time\" content=\"2025-11-21T11:57:02+00:00\" \/>\n<meta property=\"og:image\" content=\"http:\/\/www.rememberme-forever.com\/wp-content\/uploads\/2023\/04\/dog-cremation-urn.jpg\" \/>\n\t<meta property=\"og:image:width\" content=\"769\" \/>\n\t<meta property=\"og:image:height\" content=\"768\" \/>\n\t<meta property=\"og:image:type\" content=\"image\/jpeg\" \/>\n<meta name=\"twitter:card\" content=\"summary_large_image\" \/>\n<meta name=\"twitter:label1\" content=\"Tiempo de lectura\" \/>\n\t<meta name=\"twitter:data1\" content=\"3 minutos\" \/>\n<script type=\"application\/ld+json\" class=\"yoast-schema-graph\">{\"@context\":\"https:\\\/\\\/schema.org\",\"@graph\":[{\"@type\":\"WebPage\",\"@id\":\"https:\\\/\\\/www.rememberme-forever.com\\\/es\\\/producto\\\/urna-de-cremacion-para-perros-todas-las-razas\\\/\",\"url\":\"https:\\\/\\\/www.rememberme-forever.com\\\/es\\\/producto\\\/urna-de-cremacion-para-perros-todas-las-razas\\\/\",\"name\":\"Urna de cremaci\u00f3n para perros - todas las razas\",\"isPartOf\":{\"@id\":\"https:\\\/\\\/www.rememberme-forever.com\\\/es\\\/#website\"},\"primaryImageOfPage\":{\"@id\":\"https:\\\/\\\/www.rememberme-forever.com\\\/es\\\/producto\\\/urna-de-cremacion-para-perros-todas-las-razas\\\/#primaryimage\"},\"image\":{\"@id\":\"https:\\\/\\\/www.rememberme-forever.com\\\/es\\\/producto\\\/urna-de-cremacion-para-perros-todas-las-razas\\\/#primaryimage\"},\"thumbnailUrl\":\"https:\\\/\\\/www.rememberme-forever.com\\\/wp-content\\\/uploads\\\/2023\\\/04\\\/dog-cremation-urn.jpg\",\"datePublished\":\"2023-04-20T10:32:27+00:00\",\"dateModified\":\"2025-11-21T11:57:02+00:00\",\"description\":\"Esta hermosa urna de cremaci\u00f3n para perro es una forma bella y \u00fanica de honrar la vida de su amada mascota. Elaboradas con madera de alta calidad\",\"breadcrumb\":{\"@id\":\"https:\\\/\\\/www.rememberme-forever.com\\\/es\\\/producto\\\/urna-de-cremacion-para-perros-todas-las-razas\\\/#breadcrumb\"},\"inLanguage\":\"es\",\"potentialAction\":[{\"@type\":\"ReadAction\",\"target\":[\"https:\\\/\\\/www.rememberme-forever.com\\\/es\\\/producto\\\/urna-de-cremacion-para-perros-todas-las-razas\\\/\"]}]},{\"@type\":\"ImageObject\",\"inLanguage\":\"es\",\"@id\":\"https:\\\/\\\/www.rememberme-forever.com\\\/es\\\/producto\\\/urna-de-cremacion-para-perros-todas-las-razas\\\/#primaryimage\",\"url\":\"https:\\\/\\\/www.rememberme-forever.com\\\/wp-content\\\/uploads\\\/2023\\\/04\\\/dog-cremation-urn.jpg\",\"contentUrl\":\"https:\\\/\\\/www.rememberme-forever.com\\\/wp-content\\\/uploads\\\/2023\\\/04\\\/dog-cremation-urn.jpg\",\"width\":769,\"height\":768,\"caption\":\"Urna de cremaci\u00f3n para perrodog cremation urn\"},{\"@type\":\"BreadcrumbList\",\"@id\":\"https:\\\/\\\/www.rememberme-forever.com\\\/es\\\/producto\\\/urna-de-cremacion-para-perros-todas-las-razas\\\/#breadcrumb\",\"itemListElement\":[{\"@type\":\"ListItem\",\"position\":1,\"name\":\"Home\",\"item\":\"https:\\\/\\\/www.rememberme-forever.com\\\/es\\\/inicio\\\/\"},{\"@type\":\"ListItem\",\"position\":2,\"name\":\"Comercio\",\"item\":\"https:\\\/\\\/www.rememberme-forever.com\\\/es\\\/shop\\\/\"},{\"@type\":\"ListItem\",\"position\":3,\"name\":\"Urna de cremaci\u00f3n para perros &#8211; todas las razas\"}]},{\"@type\":\"WebSite\",\"@id\":\"https:\\\/\\\/www.rememberme-forever.com\\\/es\\\/#website\",\"url\":\"https:\\\/\\\/www.rememberme-forever.com\\\/es\\\/\",\"name\":\"Remember Forever\",\"description\":\"Cremation urns, funeral urns, urns for ashes\",\"publisher\":{\"@id\":\"https:\\\/\\\/www.rememberme-forever.com\\\/es\\\/#organization\"},\"potentialAction\":[{\"@type\":\"SearchAction\",\"target\":{\"@type\":\"EntryPoint\",\"urlTemplate\":\"https:\\\/\\\/www.rememberme-forever.com\\\/es\\\/?s={search_term_string}\"},\"query-input\":{\"@type\":\"PropertyValueSpecification\",\"valueRequired\":true,\"valueName\":\"search_term_string\"}}],\"inLanguage\":\"es\"},{\"@type\":\"Organization\",\"@id\":\"https:\\\/\\\/www.rememberme-forever.com\\\/es\\\/#organization\",\"name\":\"Remember Forever\",\"url\":\"https:\\\/\\\/www.rememberme-forever.com\\\/es\\\/\",\"logo\":{\"@type\":\"ImageObject\",\"inLanguage\":\"es\",\"@id\":\"https:\\\/\\\/www.rememberme-forever.com\\\/es\\\/#\\\/schema\\\/logo\\\/image\\\/\",\"url\":\"https:\\\/\\\/www.rememberme-forever.com\\\/wp-content\\\/uploads\\\/2023\\\/02\\\/logo.png\",\"contentUrl\":\"https:\\\/\\\/www.rememberme-forever.com\\\/wp-content\\\/uploads\\\/2023\\\/02\\\/logo.png\",\"width\":300,\"height\":56,\"caption\":\"Remember Forever\"},\"image\":{\"@id\":\"https:\\\/\\\/www.rememberme-forever.com\\\/es\\\/#\\\/schema\\\/logo\\\/image\\\/\"}}]}<\/script>\n<!-- \/ Yoast SEO plugin. -->","yoast_head_json":{"title":"Urna de cremaci\u00f3n para perros - todas las razas","description":"Esta hermosa urna de cremaci\u00f3n para perro es una forma bella y \u00fanica de honrar la vida de su amada mascota. Elaboradas con madera de alta calidad","robots":{"index":"index","follow":"follow","max-snippet":"max-snippet:-1","max-image-preview":"max-image-preview:large","max-video-preview":"max-video-preview:-1"},"canonical":"https:\/\/www.rememberme-forever.com\/es\/producto\/urna-de-cremacion-para-perros-todas-las-razas\/","og_locale":"es_ES","og_type":"article","og_title":"Urna de cremaci\u00f3n para perros - todas las razas","og_description":"Esta hermosa urna de cremaci\u00f3n para perro es una forma bella y \u00fanica de honrar la vida de su amada mascota. Elaboradas con madera de alta calidad","og_url":"https:\/\/www.rememberme-forever.com\/es\/producto\/urna-de-cremacion-para-perros-todas-las-razas\/","og_site_name":"Remember Forever","article_modified_time":"2025-11-21T11:57:02+00:00","og_image":[{"width":769,"height":768,"url":"http:\/\/www.rememberme-forever.com\/wp-content\/uploads\/2023\/04\/dog-cremation-urn.jpg","type":"image\/jpeg"}],"twitter_card":"summary_large_image","twitter_misc":{"Tiempo de lectura":"3 minutos"},"schema":{"@context":"https:\/\/schema.org","@graph":[{"@type":"WebPage","@id":"https:\/\/www.rememberme-forever.com\/es\/producto\/urna-de-cremacion-para-perros-todas-las-razas\/","url":"https:\/\/www.rememberme-forever.com\/es\/producto\/urna-de-cremacion-para-perros-todas-las-razas\/","name":"Urna de cremaci\u00f3n para perros - todas las razas","isPartOf":{"@id":"https:\/\/www.rememberme-forever.com\/es\/#website"},"primaryImageOfPage":{"@id":"https:\/\/www.rememberme-forever.com\/es\/producto\/urna-de-cremacion-para-perros-todas-las-razas\/#primaryimage"},"image":{"@id":"https:\/\/www.rememberme-forever.com\/es\/producto\/urna-de-cremacion-para-perros-todas-las-razas\/#primaryimage"},"thumbnailUrl":"https:\/\/www.rememberme-forever.com\/wp-content\/uploads\/2023\/04\/dog-cremation-urn.jpg","datePublished":"2023-04-20T10:32:27+00:00","dateModified":"2025-11-21T11:57:02+00:00","description":"Esta hermosa urna de cremaci\u00f3n para perro es una forma bella y \u00fanica de honrar la vida de su amada mascota. Elaboradas con madera de alta calidad","breadcrumb":{"@id":"https:\/\/www.rememberme-forever.com\/es\/producto\/urna-de-cremacion-para-perros-todas-las-razas\/#breadcrumb"},"inLanguage":"es","potentialAction":[{"@type":"ReadAction","target":["https:\/\/www.rememberme-forever.com\/es\/producto\/urna-de-cremacion-para-perros-todas-las-razas\/"]}]},{"@type":"ImageObject","inLanguage":"es","@id":"https:\/\/www.rememberme-forever.com\/es\/producto\/urna-de-cremacion-para-perros-todas-las-razas\/#primaryimage","url":"https:\/\/www.rememberme-forever.com\/wp-content\/uploads\/2023\/04\/dog-cremation-urn.jpg","contentUrl":"https:\/\/www.rememberme-forever.com\/wp-content\/uploads\/2023\/04\/dog-cremation-urn.jpg","width":769,"height":768,"caption":"Urna de cremaci\u00f3n para perrodog cremation urn"},{"@type":"BreadcrumbList","@id":"https:\/\/www.rememberme-forever.com\/es\/producto\/urna-de-cremacion-para-perros-todas-las-razas\/#breadcrumb","itemListElement":[{"@type":"ListItem","position":1,"name":"Home","item":"https:\/\/www.rememberme-forever.com\/es\/inicio\/"},{"@type":"ListItem","position":2,"name":"Comercio","item":"https:\/\/www.rememberme-forever.com\/es\/shop\/"},{"@type":"ListItem","position":3,"name":"Urna de cremaci\u00f3n para perros &#8211; todas las razas"}]},{"@type":"WebSite","@id":"https:\/\/www.rememberme-forever.com\/es\/#website","url":"https:\/\/www.rememberme-forever.com\/es\/","name":"Remember Forever","description":"Cremation urns, funeral urns, urns for ashes","publisher":{"@id":"https:\/\/www.rememberme-forever.com\/es\/#organization"},"potentialAction":[{"@type":"SearchAction","target":{"@type":"EntryPoint","urlTemplate":"https:\/\/www.rememberme-forever.com\/es\/?s={search_term_string}"},"query-input":{"@type":"PropertyValueSpecification","valueRequired":true,"valueName":"search_term_string"}}],"inLanguage":"es"},{"@type":"Organization","@id":"https:\/\/www.rememberme-forever.com\/es\/#organization","name":"Remember Forever","url":"https:\/\/www.rememberme-forever.com\/es\/","logo":{"@type":"ImageObject","inLanguage":"es","@id":"https:\/\/www.rememberme-forever.com\/es\/#\/schema\/logo\/image\/","url":"https:\/\/www.rememberme-forever.com\/wp-content\/uploads\/2023\/02\/logo.png","contentUrl":"https:\/\/www.rememberme-forever.com\/wp-content\/uploads\/2023\/02\/logo.png","width":300,"height":56,"caption":"Remember Forever"},"image":{"@id":"https:\/\/www.rememberme-forever.com\/es\/#\/schema\/logo\/image\/"}}]}},"acf":[],"_links":{"self":[{"href":"https:\/\/www.rememberme-forever.com\/es\/wp-json\/wp\/v2\/product\/22796","targetHints":{"allow":["GET"]}}],"collection":[{"href":"https:\/\/www.rememberme-forever.com\/es\/wp-json\/wp\/v2\/product"}],"about":[{"href":"https:\/\/www.rememberme-forever.com\/es\/wp-json\/wp\/v2\/types\/product"}],"wp:featuredmedia":[{"embeddable":true,"href":"https:\/\/www.rememberme-forever.com\/es\/wp-json\/wp\/v2\/media\/22790"}],"wp:attachment":[{"href":"https:\/\/www.rememberme-forever.com\/es\/wp-json\/wp\/v2\/media?parent=22796"}],"wp:term":[{"taxonomy":"product_brand","embeddable":true,"href":"https:\/\/www.rememberme-forever.com\/es\/wp-json\/wp\/v2\/product_brand?post=22796"},{"taxonomy":"product_cat","embeddable":true,"href":"https:\/\/www.rememberme-forever.com\/es\/wp-json\/wp\/v2\/product_cat?post=22796"},{"taxonomy":"product_tag","embeddable":true,"href":"https:\/\/www.rememberme-forever.com\/es\/wp-json\/wp\/v2\/product_tag?post=22796"}],"curies":[{"name":"wp","href":"https:\/\/api.w.org\/{rel}","templated":true}]}}