{"id":23111,"date":"2025-10-30T09:41:49","date_gmt":"2025-10-30T08:41:49","guid":{"rendered":"https:\/\/www.rememberme-forever.com\/product\/jarron-para-lapida-cuenco-grande-para-arreglos-florales\/"},"modified":"2025-12-01T09:42:30","modified_gmt":"2025-12-01T08:42:30","slug":"jarron-para-lapida-cuenco-grande-para-arreglos-florales","status":"publish","type":"product","link":"https:\/\/www.rememberme-forever.com\/es\/producto\/jarron-para-lapida-cuenco-grande-para-arreglos-florales\/","title":{"rendered":"Jarr\u00f3n para l\u00e1pida &#8211; Cuenco grande para arreglos florales"},"content":{"rendered":"<p style=\"text-align: center;\" data-start=\"224\" data-end=\"370\"><strong data-start=\"224\" data-end=\"368\">Solo se incluye el cuenco y una placa opcional con su propio texto. Las flores que se muestran en las fotos no forman parte del conjunto. <\/strong><\/p>\n<p style=\"text-align: center;\" data-start=\"349\" data-end=\"672\">Este robusto jarr\u00f3n para l\u00e1pida, con forma de cuenco grande, est\u00e1 fabricado con un compuesto resistente y duradero que imita a la perfecci\u00f3n la piedra natural. Es resistente a las heladas, la lluvia, los rayos UV y otras condiciones clim\u00e1ticas cambiantes, lo que lo hace ideal como decoraci\u00f3n para l\u00e1pidas durante todo el a\u00f1o.<\/p>\n<p style=\"text-align: center;\" data-start=\"674\" data-end=\"977\">El cuenco se distingue por su forma elegante y cl\u00e1sica, y su gran capacidad. Es ideal para macetas y arreglos florales m\u00e1s grandes, tanto naturales como artificiales. Su tama\u00f1o le permite crear arreglos llamativos y duraderos que complementan a la perfecci\u00f3n la apariencia de su l\u00e1pida.<\/p>\n<p style=\"text-align: center;\" data-start=\"979\" data-end=\"1238\">Una placa grabada opcional con su propio texto le permite a\u00f1adir un toque personal: puede incluir un nombre, fechas, una cita o un breve recuerdo. La placa se puede colocar f\u00e1cilmente entre las flores, lo que le da al conjunto un aspecto elegante y elegante.<\/p>\n<p style=\"text-align: center;\" data-start=\"1240\" data-end=\"1270\"><strong data-start=\"1240\" data-end=\"1268\">Dimensiones interiores del recipiente:<\/strong><\/p>\n<p style=\"text-align: center;\" data-start=\"1273\" data-end=\"1303\">Ancho: 30 cm \/ 11,7&#8243;<\/p>\n<p style=\"text-align: center;\" data-start=\"1306\" data-end=\"1336\">Alto: 13,5 cm \/ 5,3&#8243;<\/p>\n<p style=\"text-align: center;\" data-start=\"1338\" data-end=\"1359\"><strong data-start=\"1338\" data-end=\"1357\">Caracter\u00edsticas del producto:<\/strong><\/p>\n<p style=\"text-align: center;\" data-start=\"1362\" data-end=\"1402\">Material: compuesto duradero<\/p>\n<p style=\"text-align: center;\" data-start=\"1405\" data-end=\"1452\">Color: negro con brillo suave<\/p>\n<p style=\"text-align: center;\" data-start=\"1455\" data-end=\"1497\">Resistente a las heladas, los rayos UV y la lluvia<\/p>\n<p style=\"text-align: center;\" data-start=\"1500\" data-end=\"1555\">Construcci\u00f3n estable y robusta: el recipiente no se vuelca<\/p>\n<p style=\"text-align: center;\" data-start=\"1558\" data-end=\"1610\">Placa grabada opcional con su propio texto<\/p>\n<p style=\"text-align: center;\" data-start=\"1613\" data-end=\"1674\">Apto para composiciones grandes y flores en maceta<\/p>\n<div style=\"text-align: center;\"><strong data-start=\"1676\" data-end=\"1693\">Aplicaci\u00f3n:<\/strong><\/div>\n<div style=\"text-align: center;\">Ideal como recipiente para l\u00e1pidas para crear arreglos florales duraderos y est\u00e9ticamente agradables como expresi\u00f3n de recuerdo y respeto por los seres queridos.<\/div>\n<p class=\"MsoNormal\" style=\"text-align: center;\" align=\"center\"><b><b>\u25ba PERSONALIZACI\u00d3N \u25c4<\/b><\/b><\/p>\n<p class=\"MsoNormal\" style=\"text-align: center;\" align=\"center\"><span lang=\"EN-US\">Si elige una placa personalizada, escriba el texto en el lugar correspondiente o env\u00edenos un mensaje.<\/span><\/p>\n<p class=\"MsoNormal\" style=\"text-align: center;\" align=\"center\"><span lang=\"EN-US\">La placa conmemorativa personalizada debe personalizarse durante el proceso de pedido. (No se preocupe si lo olvida, siempre puede enviarnos un mensaje m\u00e1s tarde).The personalized memorial plaque must be customized during the ordering process. (Don\u2019t worry if you forget, you can always send us a message later.) <\/span><\/p>\n<p class=\"MsoNormal\" style=\"text-align: center;\" align=\"center\">\n<p class=\"MsoNormal\" style=\"text-align: center;\" align=\"center\"><b><span lang=\"EN-US\">Las limitaciones de texto son las siguientes:<\/span><\/b><\/p>\n<p class=\"MsoNormal\" style=\"text-align: center;\" align=\"center\">&#8211; Nombre(s) hasta 24 caracteres<\/p>\n<p class=\"MsoNormal\" style=\"text-align: center;\" align=\"center\"><span lang=\"EN-US\">&#8211; Fecha de nacimiento y defunci\u00f3n hasta 24 caracteres<\/span><\/p>\n<p class=\"MsoNormal\" style=\"text-align: center;\" align=\"center\">&#8211; Tercera l\u00ednea hasta 24 caracteres<\/p>\n<p class=\"MsoNormal\" style=\"text-align: center;\" align=\"center\">&#8211; Cuarta l\u00ednea hasta 24 caracteres<\/p>\n<p class=\"MsoNormal\" style=\"text-align: center;\" align=\"center\">&#8211; Quinta l\u00ednea hasta 24 caracteres<\/p>\n<p class=\"MsoNormal\" style=\"text-align: center;\" align=\"center\">&#8211; Sexta l\u00ednea hasta 24 caracteres<\/p>\n<p class=\"MsoNormal\" style=\"text-align: center;\" align=\"center\">\n<p class=\"MsoNormal\" style=\"text-align: center;\" align=\"center\"><b><span lang=\"EN-US\">Por favor, revise el texto del grabado antes de agregar el producto a su carrito. Copiamos y grabamos exactamente la informaci\u00f3n que recibimos con el pedido y no realizamos ning\u00fan cambio por nuestra parte. <\/span><\/b><\/p>\n<p class=\"MsoNormal\" style=\"text-align: center;\" align=\"center\">\n<p class=\"MsoNormal\" style=\"text-align: center;\" align=\"center\"><span lang=\"EN-US\">Revise el texto para asegurarse de que la ortograf\u00eda sea correcta.<\/span><\/p>\n<p class=\"MsoNormal\" style=\"text-align: center;\" align=\"center\">NO introduzca la informaci\u00f3n del grabado si compra la opci\u00f3n \u00abUrna sin placa\u00bb.<\/p>\n","protected":false},"excerpt":{"rendered":"<p>Solo se incluye el cuenco y una placa opcional con su propio texto. Las flores que se muestran en las fotos no forman parte del&#8230;<\/p>\n","protected":false},"featured_media":21837,"template":"","meta":{"_acf_changed":false},"product_brand":[],"product_cat":[2441],"product_tag":[3298],"class_list":{"0":"post-23111","1":"product","2":"type-product","3":"status-publish","4":"has-post-thumbnail","6":"product_cat-accesorios","7":"product_tag-gpsr-all-urns-accesories","8":"product_shipping_class-5-10kg-es","10":"first","11":"instock","12":"taxable","13":"shipping-taxable","14":"purchasable","15":"product-type-simple"},"yoast_head":"<!-- This site is optimized with the Yoast SEO plugin v27.4 - https:\/\/yoast.com\/product\/yoast-seo-wordpress\/ -->\n<title>Jarr\u00f3n para l\u00e1pida - Cuenco grande para arreglos florales - Remember Forever<\/title>\n<meta name=\"robots\" content=\"index, follow, max-snippet:-1, max-image-preview:large, max-video-preview:-1\" \/>\n<link rel=\"canonical\" href=\"https:\/\/www.rememberme-forever.com\/es\/producto\/jarron-para-lapida-cuenco-grande-para-arreglos-florales\/\" \/>\n<meta property=\"og:locale\" content=\"es_ES\" \/>\n<meta property=\"og:type\" content=\"article\" \/>\n<meta property=\"og:title\" content=\"Jarr\u00f3n para l\u00e1pida - Cuenco grande para arreglos florales - Remember Forever\" \/>\n<meta property=\"og:description\" content=\"Solo se incluye el cuenco y una placa opcional con su propio texto. Las flores que se muestran en las fotos no forman parte del...\" \/>\n<meta property=\"og:url\" content=\"https:\/\/www.rememberme-forever.com\/es\/producto\/jarron-para-lapida-cuenco-grande-para-arreglos-florales\/\" \/>\n<meta property=\"og:site_name\" content=\"Remember Forever\" \/>\n<meta property=\"article:modified_time\" content=\"2025-12-01T08:42:30+00:00\" \/>\n<meta property=\"og:image\" content=\"http:\/\/www.rememberme-forever.com\/wp-content\/uploads\/2025\/10\/cemetery-bowl-forflowers_0002_EN-1.jpg\" \/>\n\t<meta property=\"og:image:width\" content=\"1007\" \/>\n\t<meta property=\"og:image:height\" content=\"1024\" \/>\n\t<meta property=\"og:image:type\" content=\"image\/jpeg\" \/>\n<meta name=\"twitter:card\" content=\"summary_large_image\" \/>\n<meta name=\"twitter:label1\" content=\"Tiempo de lectura\" \/>\n\t<meta name=\"twitter:data1\" content=\"3 minutos\" \/>\n<script type=\"application\/ld+json\" class=\"yoast-schema-graph\">{\"@context\":\"https:\\\/\\\/schema.org\",\"@graph\":[{\"@type\":\"WebPage\",\"@id\":\"https:\\\/\\\/www.rememberme-forever.com\\\/es\\\/producto\\\/jarron-para-lapida-cuenco-grande-para-arreglos-florales\\\/\",\"url\":\"https:\\\/\\\/www.rememberme-forever.com\\\/es\\\/producto\\\/jarron-para-lapida-cuenco-grande-para-arreglos-florales\\\/\",\"name\":\"Jarr\u00f3n para l\u00e1pida - Cuenco grande para arreglos florales - Remember Forever\",\"isPartOf\":{\"@id\":\"https:\\\/\\\/www.rememberme-forever.com\\\/es\\\/#website\"},\"primaryImageOfPage\":{\"@id\":\"https:\\\/\\\/www.rememberme-forever.com\\\/es\\\/producto\\\/jarron-para-lapida-cuenco-grande-para-arreglos-florales\\\/#primaryimage\"},\"image\":{\"@id\":\"https:\\\/\\\/www.rememberme-forever.com\\\/es\\\/producto\\\/jarron-para-lapida-cuenco-grande-para-arreglos-florales\\\/#primaryimage\"},\"thumbnailUrl\":\"https:\\\/\\\/www.rememberme-forever.com\\\/wp-content\\\/uploads\\\/2025\\\/10\\\/cemetery-bowl-forflowers_0002_EN-1.jpg\",\"datePublished\":\"2025-10-30T08:41:49+00:00\",\"dateModified\":\"2025-12-01T08:42:30+00:00\",\"breadcrumb\":{\"@id\":\"https:\\\/\\\/www.rememberme-forever.com\\\/es\\\/producto\\\/jarron-para-lapida-cuenco-grande-para-arreglos-florales\\\/#breadcrumb\"},\"inLanguage\":\"es\",\"potentialAction\":[{\"@type\":\"ReadAction\",\"target\":[\"https:\\\/\\\/www.rememberme-forever.com\\\/es\\\/producto\\\/jarron-para-lapida-cuenco-grande-para-arreglos-florales\\\/\"]}]},{\"@type\":\"ImageObject\",\"inLanguage\":\"es\",\"@id\":\"https:\\\/\\\/www.rememberme-forever.com\\\/es\\\/producto\\\/jarron-para-lapida-cuenco-grande-para-arreglos-florales\\\/#primaryimage\",\"url\":\"https:\\\/\\\/www.rememberme-forever.com\\\/wp-content\\\/uploads\\\/2025\\\/10\\\/cemetery-bowl-forflowers_0002_EN-1.jpg\",\"contentUrl\":\"https:\\\/\\\/www.rememberme-forever.com\\\/wp-content\\\/uploads\\\/2025\\\/10\\\/cemetery-bowl-forflowers_0002_EN-1.jpg\",\"width\":1007,\"height\":1024,\"caption\":\"Recipiente negro para flores de cementerio con crisantemos rosas y melocot\u00f3n y placa \\\"Remember Forever\\\"\"},{\"@type\":\"BreadcrumbList\",\"@id\":\"https:\\\/\\\/www.rememberme-forever.com\\\/es\\\/producto\\\/jarron-para-lapida-cuenco-grande-para-arreglos-florales\\\/#breadcrumb\",\"itemListElement\":[{\"@type\":\"ListItem\",\"position\":1,\"name\":\"Home\",\"item\":\"https:\\\/\\\/www.rememberme-forever.com\\\/es\\\/inicio\\\/\"},{\"@type\":\"ListItem\",\"position\":2,\"name\":\"Comercio\",\"item\":\"https:\\\/\\\/www.rememberme-forever.com\\\/es\\\/shop\\\/\"},{\"@type\":\"ListItem\",\"position\":3,\"name\":\"Jarr\u00f3n para l\u00e1pida &#8211; Cuenco grande para arreglos florales\"}]},{\"@type\":\"WebSite\",\"@id\":\"https:\\\/\\\/www.rememberme-forever.com\\\/es\\\/#website\",\"url\":\"https:\\\/\\\/www.rememberme-forever.com\\\/es\\\/\",\"name\":\"Remember Forever\",\"description\":\"Cremation urns, funeral urns, urns for ashes\",\"publisher\":{\"@id\":\"https:\\\/\\\/www.rememberme-forever.com\\\/es\\\/#organization\"},\"potentialAction\":[{\"@type\":\"SearchAction\",\"target\":{\"@type\":\"EntryPoint\",\"urlTemplate\":\"https:\\\/\\\/www.rememberme-forever.com\\\/es\\\/?s={search_term_string}\"},\"query-input\":{\"@type\":\"PropertyValueSpecification\",\"valueRequired\":true,\"valueName\":\"search_term_string\"}}],\"inLanguage\":\"es\"},{\"@type\":\"Organization\",\"@id\":\"https:\\\/\\\/www.rememberme-forever.com\\\/es\\\/#organization\",\"name\":\"Remember Forever\",\"url\":\"https:\\\/\\\/www.rememberme-forever.com\\\/es\\\/\",\"logo\":{\"@type\":\"ImageObject\",\"inLanguage\":\"es\",\"@id\":\"https:\\\/\\\/www.rememberme-forever.com\\\/es\\\/#\\\/schema\\\/logo\\\/image\\\/\",\"url\":\"https:\\\/\\\/www.rememberme-forever.com\\\/wp-content\\\/uploads\\\/2023\\\/02\\\/logo.png\",\"contentUrl\":\"https:\\\/\\\/www.rememberme-forever.com\\\/wp-content\\\/uploads\\\/2023\\\/02\\\/logo.png\",\"width\":300,\"height\":56,\"caption\":\"Remember Forever\"},\"image\":{\"@id\":\"https:\\\/\\\/www.rememberme-forever.com\\\/es\\\/#\\\/schema\\\/logo\\\/image\\\/\"}}]}<\/script>\n<!-- \/ Yoast SEO plugin. -->","yoast_head_json":{"title":"Jarr\u00f3n para l\u00e1pida - Cuenco grande para arreglos florales - Remember Forever","robots":{"index":"index","follow":"follow","max-snippet":"max-snippet:-1","max-image-preview":"max-image-preview:large","max-video-preview":"max-video-preview:-1"},"canonical":"https:\/\/www.rememberme-forever.com\/es\/producto\/jarron-para-lapida-cuenco-grande-para-arreglos-florales\/","og_locale":"es_ES","og_type":"article","og_title":"Jarr\u00f3n para l\u00e1pida - Cuenco grande para arreglos florales - Remember Forever","og_description":"Solo se incluye el cuenco y una placa opcional con su propio texto. Las flores que se muestran en las fotos no forman parte del...","og_url":"https:\/\/www.rememberme-forever.com\/es\/producto\/jarron-para-lapida-cuenco-grande-para-arreglos-florales\/","og_site_name":"Remember Forever","article_modified_time":"2025-12-01T08:42:30+00:00","og_image":[{"width":1007,"height":1024,"url":"http:\/\/www.rememberme-forever.com\/wp-content\/uploads\/2025\/10\/cemetery-bowl-forflowers_0002_EN-1.jpg","type":"image\/jpeg"}],"twitter_card":"summary_large_image","twitter_misc":{"Tiempo de lectura":"3 minutos"},"schema":{"@context":"https:\/\/schema.org","@graph":[{"@type":"WebPage","@id":"https:\/\/www.rememberme-forever.com\/es\/producto\/jarron-para-lapida-cuenco-grande-para-arreglos-florales\/","url":"https:\/\/www.rememberme-forever.com\/es\/producto\/jarron-para-lapida-cuenco-grande-para-arreglos-florales\/","name":"Jarr\u00f3n para l\u00e1pida - Cuenco grande para arreglos florales - Remember Forever","isPartOf":{"@id":"https:\/\/www.rememberme-forever.com\/es\/#website"},"primaryImageOfPage":{"@id":"https:\/\/www.rememberme-forever.com\/es\/producto\/jarron-para-lapida-cuenco-grande-para-arreglos-florales\/#primaryimage"},"image":{"@id":"https:\/\/www.rememberme-forever.com\/es\/producto\/jarron-para-lapida-cuenco-grande-para-arreglos-florales\/#primaryimage"},"thumbnailUrl":"https:\/\/www.rememberme-forever.com\/wp-content\/uploads\/2025\/10\/cemetery-bowl-forflowers_0002_EN-1.jpg","datePublished":"2025-10-30T08:41:49+00:00","dateModified":"2025-12-01T08:42:30+00:00","breadcrumb":{"@id":"https:\/\/www.rememberme-forever.com\/es\/producto\/jarron-para-lapida-cuenco-grande-para-arreglos-florales\/#breadcrumb"},"inLanguage":"es","potentialAction":[{"@type":"ReadAction","target":["https:\/\/www.rememberme-forever.com\/es\/producto\/jarron-para-lapida-cuenco-grande-para-arreglos-florales\/"]}]},{"@type":"ImageObject","inLanguage":"es","@id":"https:\/\/www.rememberme-forever.com\/es\/producto\/jarron-para-lapida-cuenco-grande-para-arreglos-florales\/#primaryimage","url":"https:\/\/www.rememberme-forever.com\/wp-content\/uploads\/2025\/10\/cemetery-bowl-forflowers_0002_EN-1.jpg","contentUrl":"https:\/\/www.rememberme-forever.com\/wp-content\/uploads\/2025\/10\/cemetery-bowl-forflowers_0002_EN-1.jpg","width":1007,"height":1024,"caption":"Recipiente negro para flores de cementerio con crisantemos rosas y melocot\u00f3n y placa \"Remember Forever\""},{"@type":"BreadcrumbList","@id":"https:\/\/www.rememberme-forever.com\/es\/producto\/jarron-para-lapida-cuenco-grande-para-arreglos-florales\/#breadcrumb","itemListElement":[{"@type":"ListItem","position":1,"name":"Home","item":"https:\/\/www.rememberme-forever.com\/es\/inicio\/"},{"@type":"ListItem","position":2,"name":"Comercio","item":"https:\/\/www.rememberme-forever.com\/es\/shop\/"},{"@type":"ListItem","position":3,"name":"Jarr\u00f3n para l\u00e1pida &#8211; Cuenco grande para arreglos florales"}]},{"@type":"WebSite","@id":"https:\/\/www.rememberme-forever.com\/es\/#website","url":"https:\/\/www.rememberme-forever.com\/es\/","name":"Remember Forever","description":"Cremation urns, funeral urns, urns for ashes","publisher":{"@id":"https:\/\/www.rememberme-forever.com\/es\/#organization"},"potentialAction":[{"@type":"SearchAction","target":{"@type":"EntryPoint","urlTemplate":"https:\/\/www.rememberme-forever.com\/es\/?s={search_term_string}"},"query-input":{"@type":"PropertyValueSpecification","valueRequired":true,"valueName":"search_term_string"}}],"inLanguage":"es"},{"@type":"Organization","@id":"https:\/\/www.rememberme-forever.com\/es\/#organization","name":"Remember Forever","url":"https:\/\/www.rememberme-forever.com\/es\/","logo":{"@type":"ImageObject","inLanguage":"es","@id":"https:\/\/www.rememberme-forever.com\/es\/#\/schema\/logo\/image\/","url":"https:\/\/www.rememberme-forever.com\/wp-content\/uploads\/2023\/02\/logo.png","contentUrl":"https:\/\/www.rememberme-forever.com\/wp-content\/uploads\/2023\/02\/logo.png","width":300,"height":56,"caption":"Remember Forever"},"image":{"@id":"https:\/\/www.rememberme-forever.com\/es\/#\/schema\/logo\/image\/"}}]}},"acf":[],"_links":{"self":[{"href":"https:\/\/www.rememberme-forever.com\/es\/wp-json\/wp\/v2\/product\/23111","targetHints":{"allow":["GET"]}}],"collection":[{"href":"https:\/\/www.rememberme-forever.com\/es\/wp-json\/wp\/v2\/product"}],"about":[{"href":"https:\/\/www.rememberme-forever.com\/es\/wp-json\/wp\/v2\/types\/product"}],"wp:featuredmedia":[{"embeddable":true,"href":"https:\/\/www.rememberme-forever.com\/es\/wp-json\/wp\/v2\/media\/21837"}],"wp:attachment":[{"href":"https:\/\/www.rememberme-forever.com\/es\/wp-json\/wp\/v2\/media?parent=23111"}],"wp:term":[{"taxonomy":"product_brand","embeddable":true,"href":"https:\/\/www.rememberme-forever.com\/es\/wp-json\/wp\/v2\/product_brand?post=23111"},{"taxonomy":"product_cat","embeddable":true,"href":"https:\/\/www.rememberme-forever.com\/es\/wp-json\/wp\/v2\/product_cat?post=23111"},{"taxonomy":"product_tag","embeddable":true,"href":"https:\/\/www.rememberme-forever.com\/es\/wp-json\/wp\/v2\/product_tag?post=23111"}],"curies":[{"name":"wp","href":"https:\/\/api.w.org\/{rel}","templated":true}]}}