{"id":23135,"date":"2025-07-28T13:41:21","date_gmt":"2025-07-28T11:41:21","guid":{"rendered":"https:\/\/www.rememberme-forever.com\/product\/urna-de-cremacion-de-un-cadillac-clasico\/"},"modified":"2025-12-01T10:33:17","modified_gmt":"2025-12-01T09:33:17","slug":"urna-de-cremacion-de-un-cadillac-clasico","status":"publish","type":"product","link":"https:\/\/www.rememberme-forever.com\/es\/producto\/urna-de-cremacion-de-un-cadillac-clasico\/","title":{"rendered":"Urna de cremaci\u00f3n de un Cadillac cl\u00e1sico"},"content":{"rendered":"<div style=\"text-align: center;\"><\/div>\n<div style=\"text-align: center;\" data-mce-fragment=\"1\">\n<p data-start=\"42\" data-end=\"125\"><span data-start=\"42\" data-end=\"125\"><span style=\"font-size: 12px;\">Urna para cenizas con el motivo de un Cadillac cl\u00e1sico: un homenaje a un amante de los coches<\/span><\/span><\/p>\n<p data-start=\"127\" data-end=\"396\"><span style=\"font-weight: normal;\"><span style=\"font-size: 12px;\">Esta singular urna de cremaci\u00f3n fue dise\u00f1ada para quienes han sentido una gran pasi\u00f3n por los coches, especialmente por los modelos cl\u00e1sicos. La parte frontal de la urna est\u00e1 decorada con una imagen finamente grabada del ic\u00f3nico Cadillac, s\u00edmbolo de elegancia, libertad y pasi\u00f3n por la conducci\u00f3n. <\/span><\/span><\/p>\n<p data-start=\"398\" data-end=\"748\"><span style=\"font-weight: normal;\"><span style=\"font-size: 12px;\">El cuerpo de la urna est\u00e1 fabricado en acero inoxidable de alta calidad, lo que garantiza su durabilidad y una apariencia elegante durante a\u00f1os. La tapa superior es de madera oscura, lo que contrasta sutilmente con el acero y realza la nobleza del conjunto. El interior de la urna est\u00e1 forrado con fieltro suave para proteger el contenido y ofrecer un lugar de descanso digno. <\/span><\/span><\/p>\n<p data-start=\"750\" data-end=\"911\"><span style=\"font-weight: normal;\"><span style=\"font-size: 12px;\">Adem\u00e1s, cuenta con una placa met\u00e1lica en la parte superior de la urna, en la que se puede grabar un texto personal en memoria del difunto: nombre, fechas, una cita o una despedida.<\/span><\/span><\/p>\n<p data-start=\"918\" data-end=\"937\">\n<div style=\"width: 100%; margin-bottom: 40px; height: max-content; padding-bottom: 60%; position: relative;\"><iframe style=\"position: absolute; top: 0; left: 0; width: 100%; height: 100%;\" src=\"https:\/\/rememberme-urns.com\/theme-urn-with-cadillac-car\/\" frameborder=\"0\"><\/iframe><\/div>\n<div style=\"color: red; text-align: center; margin-bottom: 25px;\">\n<p>&gt;&gt; Foto giratoria &#8211; pulsar\/acercar &lt;&lt;<\/p>\n<\/div>\n<p data-start=\"918\" data-end=\"937\"><strong><span style=\"font-size: 12px;\">Caracter\u00edsticas del producto:<\/span><\/strong><\/p>\n<p>Material: Acero inoxidable (cuerpo), madera (tapa)<br \/>\nMotivo: Cadillac cl\u00e1sico &#8211; grabado en la parte frontal<br \/>\nPersonalizaci\u00f3n: Se puede grabar texto en la placa<br \/>\nInterior: Forrado con fieltro suave<br \/>\nCapacidad: Apto para las cenizas completas de un adulto<br \/>\n<span style=\"font-size: 12px; font-family: inherit;\">Apertura superior (tapa extra\u00edble)<\/span><\/p>\n<p data-start=\"1251\" data-end=\"1398\" data-is-last-node=\"\" data-is-only-node=\"\">\n<p data-start=\"1251\" data-end=\"1398\" data-is-last-node=\"\" data-is-only-node=\"\"><span style=\"font-weight: normal;\"><span style=\"font-size: 12px;\">Esta urna no es solo una urna, sino un s\u00edmbolo \u00fanico de una vida llena de pasi\u00f3n. Ideal para el hombre, coleccionista o mec\u00e1nico apasionado por el automovilismo. <\/span><\/span><\/p>\n<\/div>\n<p>&nbsp;<\/p>\n<p style=\"text-align: center;\"><strong>\u25ba PERSONALIZACI\u00d3N \u25c4<\/strong><\/p>\n<p style=\"text-align: center;\">\u2714\ufe0f Si elige una placa personalizada, introduzca el texto en el lugar correspondiente o env\u00edenos un mensaje.<\/p>\n<p style=\"text-align: center;\">\u2714\ufe0f La placa conmemorativa personalizada debe personalizarse durante el proceso de pedido. (No se preocupe si lo olvida, siempre puede enviarnos un mensaje m\u00e1s tarde).<\/p>\n<p>&nbsp;<\/p>\n<p style=\"text-align: center;\"><b>Las limitaciones de texto son las siguientes:<\/b><\/p>\n<p style=\"text-align: center;\"><span style=\"color: var(--text-color); font-size: 14px;\">Nombre(s): hasta 24 caracteres<\/span><\/p>\n<p style=\"text-align: center;\"><span style=\"color: var(--text-color); font-size: 14px;\">Fecha de nacimiento y fallecimiento: hasta 24 caracteres<\/span><\/p>\n<p style=\"text-align: center;\"><span style=\"color: var(--text-color); font-size: 14px;\">Tercera l\u00ednea: hasta 24 caracteres<\/span><\/p>\n<p style=\"text-align: center;\"><span style=\"font-size: 14px;\">Cuarta l\u00ednea: hasta 24 caracteres<\/span><\/p>\n<p style=\"text-align: center;\"><span style=\"font-size: 14px;\">Quinta l\u00ednea: hasta 24 caracteres<\/span><\/p>\n<div style=\"text-align: center;\"><\/div>\n<p style=\"text-align: center;\">\u2714\ufe0f Por favor, <strong>revise el texto del grabado<\/strong> antes de a\u00f1adir el producto a su carrito. Copiamos y grabamos exactamente la informaci\u00f3n que recibimos con el pedido y no realizamos ning\u00fan cambio por nuestra parte.<\/p>\n<p style=\"text-align: center;\">\u2714\ufe0f Revise el texto para asegurarse de que la ortograf\u00eda sea correcta.<\/p>\n<p style=\"text-align: center;\">\u2714\ufe0f<strong> NO <\/strong>introduzca la informaci\u00f3n del grabado si compra la opci\u00f3n \u00abUrna sin placa\u00bb.<\/p>\n","protected":false},"excerpt":{"rendered":"<p>Urna para cenizas con el motivo de un Cadillac cl\u00e1sico: un homenaje a un amante de los coches Esta singular urna de cremaci\u00f3n fue dise\u00f1ada&#8230;<\/p>\n","protected":false},"featured_media":23131,"template":"","meta":{"_acf_changed":false},"product_brand":[],"product_cat":[2457,2455],"product_tag":[3351],"class_list":{"0":"post-23135","1":"product","2":"type-product","3":"status-publish","4":"has-post-thumbnail","6":"product_cat-coches","7":"product_cat-urnas-tematicas","8":"product_tag-gpsr-metal_wood_cover","9":"product_shipping_class-2-4kg-es","11":"first","12":"instock","13":"taxable","14":"shipping-taxable","15":"purchasable","16":"product-type-simple"},"yoast_head":"<!-- This site is optimized with the Yoast SEO plugin v27.4 - https:\/\/yoast.com\/product\/yoast-seo-wordpress\/ -->\n<title>Urna de cremaci\u00f3n de un Cadillac cl\u00e1sico - Remember Forever<\/title>\n<meta name=\"robots\" content=\"index, follow, max-snippet:-1, max-image-preview:large, max-video-preview:-1\" \/>\n<link rel=\"canonical\" href=\"https:\/\/www.rememberme-forever.com\/es\/producto\/urna-de-cremacion-de-un-cadillac-clasico\/\" \/>\n<meta property=\"og:locale\" content=\"es_ES\" \/>\n<meta property=\"og:type\" content=\"article\" \/>\n<meta property=\"og:title\" content=\"Urna de cremaci\u00f3n de un Cadillac cl\u00e1sico - Remember Forever\" \/>\n<meta property=\"og:description\" content=\"Urna para cenizas con el motivo de un Cadillac cl\u00e1sico: un homenaje a un amante de los coches Esta singular urna de cremaci\u00f3n fue dise\u00f1ada...\" \/>\n<meta property=\"og:url\" content=\"https:\/\/www.rememberme-forever.com\/es\/producto\/urna-de-cremacion-de-un-cadillac-clasico\/\" \/>\n<meta property=\"og:site_name\" content=\"Remember Forever\" \/>\n<meta property=\"article:modified_time\" content=\"2025-12-01T09:33:17+00:00\" \/>\n<meta property=\"og:image\" content=\"http:\/\/www.rememberme-forever.com\/wp-content\/uploads\/2025\/07\/cadilac-urn_0001.jpg\" \/>\n\t<meta property=\"og:image:width\" content=\"1007\" \/>\n\t<meta property=\"og:image:height\" content=\"1024\" \/>\n\t<meta property=\"og:image:type\" content=\"image\/jpeg\" \/>\n<meta name=\"twitter:card\" content=\"summary_large_image\" \/>\n<meta name=\"twitter:label1\" content=\"Tiempo de lectura\" \/>\n\t<meta name=\"twitter:data1\" content=\"2 minutos\" \/>\n<script type=\"application\/ld+json\" class=\"yoast-schema-graph\">{\"@context\":\"https:\\\/\\\/schema.org\",\"@graph\":[{\"@type\":\"WebPage\",\"@id\":\"https:\\\/\\\/www.rememberme-forever.com\\\/es\\\/producto\\\/urna-de-cremacion-de-un-cadillac-clasico\\\/\",\"url\":\"https:\\\/\\\/www.rememberme-forever.com\\\/es\\\/producto\\\/urna-de-cremacion-de-un-cadillac-clasico\\\/\",\"name\":\"Urna de cremaci\u00f3n de un Cadillac cl\u00e1sico - Remember Forever\",\"isPartOf\":{\"@id\":\"https:\\\/\\\/www.rememberme-forever.com\\\/es\\\/#website\"},\"primaryImageOfPage\":{\"@id\":\"https:\\\/\\\/www.rememberme-forever.com\\\/es\\\/producto\\\/urna-de-cremacion-de-un-cadillac-clasico\\\/#primaryimage\"},\"image\":{\"@id\":\"https:\\\/\\\/www.rememberme-forever.com\\\/es\\\/producto\\\/urna-de-cremacion-de-un-cadillac-clasico\\\/#primaryimage\"},\"thumbnailUrl\":\"https:\\\/\\\/www.rememberme-forever.com\\\/wp-content\\\/uploads\\\/2025\\\/07\\\/cadilac-urn_0001.jpg\",\"datePublished\":\"2025-07-28T11:41:21+00:00\",\"dateModified\":\"2025-12-01T09:33:17+00:00\",\"breadcrumb\":{\"@id\":\"https:\\\/\\\/www.rememberme-forever.com\\\/es\\\/producto\\\/urna-de-cremacion-de-un-cadillac-clasico\\\/#breadcrumb\"},\"inLanguage\":\"es\",\"potentialAction\":[{\"@type\":\"ReadAction\",\"target\":[\"https:\\\/\\\/www.rememberme-forever.com\\\/es\\\/producto\\\/urna-de-cremacion-de-un-cadillac-clasico\\\/\"]}]},{\"@type\":\"ImageObject\",\"inLanguage\":\"es\",\"@id\":\"https:\\\/\\\/www.rememberme-forever.com\\\/es\\\/producto\\\/urna-de-cremacion-de-un-cadillac-clasico\\\/#primaryimage\",\"url\":\"https:\\\/\\\/www.rememberme-forever.com\\\/wp-content\\\/uploads\\\/2025\\\/07\\\/cadilac-urn_0001.jpg\",\"contentUrl\":\"https:\\\/\\\/www.rememberme-forever.com\\\/wp-content\\\/uploads\\\/2025\\\/07\\\/cadilac-urn_0001.jpg\",\"width\":1007,\"height\":1024,\"caption\":\"Vista lateral de una urna de cremaci\u00f3n con el dise\u00f1o grabado de un Cadillac\"},{\"@type\":\"BreadcrumbList\",\"@id\":\"https:\\\/\\\/www.rememberme-forever.com\\\/es\\\/producto\\\/urna-de-cremacion-de-un-cadillac-clasico\\\/#breadcrumb\",\"itemListElement\":[{\"@type\":\"ListItem\",\"position\":1,\"name\":\"Home\",\"item\":\"https:\\\/\\\/www.rememberme-forever.com\\\/es\\\/inicio\\\/\"},{\"@type\":\"ListItem\",\"position\":2,\"name\":\"Comercio\",\"item\":\"https:\\\/\\\/www.rememberme-forever.com\\\/es\\\/shop\\\/\"},{\"@type\":\"ListItem\",\"position\":3,\"name\":\"Urna de cremaci\u00f3n de un Cadillac cl\u00e1sico\"}]},{\"@type\":\"WebSite\",\"@id\":\"https:\\\/\\\/www.rememberme-forever.com\\\/es\\\/#website\",\"url\":\"https:\\\/\\\/www.rememberme-forever.com\\\/es\\\/\",\"name\":\"Remember Forever\",\"description\":\"Cremation urns, funeral urns, urns for ashes\",\"publisher\":{\"@id\":\"https:\\\/\\\/www.rememberme-forever.com\\\/es\\\/#organization\"},\"potentialAction\":[{\"@type\":\"SearchAction\",\"target\":{\"@type\":\"EntryPoint\",\"urlTemplate\":\"https:\\\/\\\/www.rememberme-forever.com\\\/es\\\/?s={search_term_string}\"},\"query-input\":{\"@type\":\"PropertyValueSpecification\",\"valueRequired\":true,\"valueName\":\"search_term_string\"}}],\"inLanguage\":\"es\"},{\"@type\":\"Organization\",\"@id\":\"https:\\\/\\\/www.rememberme-forever.com\\\/es\\\/#organization\",\"name\":\"Remember Forever\",\"url\":\"https:\\\/\\\/www.rememberme-forever.com\\\/es\\\/\",\"logo\":{\"@type\":\"ImageObject\",\"inLanguage\":\"es\",\"@id\":\"https:\\\/\\\/www.rememberme-forever.com\\\/es\\\/#\\\/schema\\\/logo\\\/image\\\/\",\"url\":\"https:\\\/\\\/www.rememberme-forever.com\\\/wp-content\\\/uploads\\\/2023\\\/02\\\/logo.png\",\"contentUrl\":\"https:\\\/\\\/www.rememberme-forever.com\\\/wp-content\\\/uploads\\\/2023\\\/02\\\/logo.png\",\"width\":300,\"height\":56,\"caption\":\"Remember Forever\"},\"image\":{\"@id\":\"https:\\\/\\\/www.rememberme-forever.com\\\/es\\\/#\\\/schema\\\/logo\\\/image\\\/\"}}]}<\/script>\n<!-- \/ Yoast SEO plugin. -->","yoast_head_json":{"title":"Urna de cremaci\u00f3n de un Cadillac cl\u00e1sico - Remember Forever","robots":{"index":"index","follow":"follow","max-snippet":"max-snippet:-1","max-image-preview":"max-image-preview:large","max-video-preview":"max-video-preview:-1"},"canonical":"https:\/\/www.rememberme-forever.com\/es\/producto\/urna-de-cremacion-de-un-cadillac-clasico\/","og_locale":"es_ES","og_type":"article","og_title":"Urna de cremaci\u00f3n de un Cadillac cl\u00e1sico - Remember Forever","og_description":"Urna para cenizas con el motivo de un Cadillac cl\u00e1sico: un homenaje a un amante de los coches Esta singular urna de cremaci\u00f3n fue dise\u00f1ada...","og_url":"https:\/\/www.rememberme-forever.com\/es\/producto\/urna-de-cremacion-de-un-cadillac-clasico\/","og_site_name":"Remember Forever","article_modified_time":"2025-12-01T09:33:17+00:00","og_image":[{"width":1007,"height":1024,"url":"http:\/\/www.rememberme-forever.com\/wp-content\/uploads\/2025\/07\/cadilac-urn_0001.jpg","type":"image\/jpeg"}],"twitter_card":"summary_large_image","twitter_misc":{"Tiempo de lectura":"2 minutos"},"schema":{"@context":"https:\/\/schema.org","@graph":[{"@type":"WebPage","@id":"https:\/\/www.rememberme-forever.com\/es\/producto\/urna-de-cremacion-de-un-cadillac-clasico\/","url":"https:\/\/www.rememberme-forever.com\/es\/producto\/urna-de-cremacion-de-un-cadillac-clasico\/","name":"Urna de cremaci\u00f3n de un Cadillac cl\u00e1sico - Remember Forever","isPartOf":{"@id":"https:\/\/www.rememberme-forever.com\/es\/#website"},"primaryImageOfPage":{"@id":"https:\/\/www.rememberme-forever.com\/es\/producto\/urna-de-cremacion-de-un-cadillac-clasico\/#primaryimage"},"image":{"@id":"https:\/\/www.rememberme-forever.com\/es\/producto\/urna-de-cremacion-de-un-cadillac-clasico\/#primaryimage"},"thumbnailUrl":"https:\/\/www.rememberme-forever.com\/wp-content\/uploads\/2025\/07\/cadilac-urn_0001.jpg","datePublished":"2025-07-28T11:41:21+00:00","dateModified":"2025-12-01T09:33:17+00:00","breadcrumb":{"@id":"https:\/\/www.rememberme-forever.com\/es\/producto\/urna-de-cremacion-de-un-cadillac-clasico\/#breadcrumb"},"inLanguage":"es","potentialAction":[{"@type":"ReadAction","target":["https:\/\/www.rememberme-forever.com\/es\/producto\/urna-de-cremacion-de-un-cadillac-clasico\/"]}]},{"@type":"ImageObject","inLanguage":"es","@id":"https:\/\/www.rememberme-forever.com\/es\/producto\/urna-de-cremacion-de-un-cadillac-clasico\/#primaryimage","url":"https:\/\/www.rememberme-forever.com\/wp-content\/uploads\/2025\/07\/cadilac-urn_0001.jpg","contentUrl":"https:\/\/www.rememberme-forever.com\/wp-content\/uploads\/2025\/07\/cadilac-urn_0001.jpg","width":1007,"height":1024,"caption":"Vista lateral de una urna de cremaci\u00f3n con el dise\u00f1o grabado de un Cadillac"},{"@type":"BreadcrumbList","@id":"https:\/\/www.rememberme-forever.com\/es\/producto\/urna-de-cremacion-de-un-cadillac-clasico\/#breadcrumb","itemListElement":[{"@type":"ListItem","position":1,"name":"Home","item":"https:\/\/www.rememberme-forever.com\/es\/inicio\/"},{"@type":"ListItem","position":2,"name":"Comercio","item":"https:\/\/www.rememberme-forever.com\/es\/shop\/"},{"@type":"ListItem","position":3,"name":"Urna de cremaci\u00f3n de un Cadillac cl\u00e1sico"}]},{"@type":"WebSite","@id":"https:\/\/www.rememberme-forever.com\/es\/#website","url":"https:\/\/www.rememberme-forever.com\/es\/","name":"Remember Forever","description":"Cremation urns, funeral urns, urns for ashes","publisher":{"@id":"https:\/\/www.rememberme-forever.com\/es\/#organization"},"potentialAction":[{"@type":"SearchAction","target":{"@type":"EntryPoint","urlTemplate":"https:\/\/www.rememberme-forever.com\/es\/?s={search_term_string}"},"query-input":{"@type":"PropertyValueSpecification","valueRequired":true,"valueName":"search_term_string"}}],"inLanguage":"es"},{"@type":"Organization","@id":"https:\/\/www.rememberme-forever.com\/es\/#organization","name":"Remember Forever","url":"https:\/\/www.rememberme-forever.com\/es\/","logo":{"@type":"ImageObject","inLanguage":"es","@id":"https:\/\/www.rememberme-forever.com\/es\/#\/schema\/logo\/image\/","url":"https:\/\/www.rememberme-forever.com\/wp-content\/uploads\/2023\/02\/logo.png","contentUrl":"https:\/\/www.rememberme-forever.com\/wp-content\/uploads\/2023\/02\/logo.png","width":300,"height":56,"caption":"Remember Forever"},"image":{"@id":"https:\/\/www.rememberme-forever.com\/es\/#\/schema\/logo\/image\/"}}]}},"acf":[],"_links":{"self":[{"href":"https:\/\/www.rememberme-forever.com\/es\/wp-json\/wp\/v2\/product\/23135","targetHints":{"allow":["GET"]}}],"collection":[{"href":"https:\/\/www.rememberme-forever.com\/es\/wp-json\/wp\/v2\/product"}],"about":[{"href":"https:\/\/www.rememberme-forever.com\/es\/wp-json\/wp\/v2\/types\/product"}],"wp:featuredmedia":[{"embeddable":true,"href":"https:\/\/www.rememberme-forever.com\/es\/wp-json\/wp\/v2\/media\/23131"}],"wp:attachment":[{"href":"https:\/\/www.rememberme-forever.com\/es\/wp-json\/wp\/v2\/media?parent=23135"}],"wp:term":[{"taxonomy":"product_brand","embeddable":true,"href":"https:\/\/www.rememberme-forever.com\/es\/wp-json\/wp\/v2\/product_brand?post=23135"},{"taxonomy":"product_cat","embeddable":true,"href":"https:\/\/www.rememberme-forever.com\/es\/wp-json\/wp\/v2\/product_cat?post=23135"},{"taxonomy":"product_tag","embeddable":true,"href":"https:\/\/www.rememberme-forever.com\/es\/wp-json\/wp\/v2\/product_tag?post=23135"}],"curies":[{"name":"wp","href":"https:\/\/api.w.org\/{rel}","templated":true}]}}