{"id":23188,"date":"2025-04-16T13:16:31","date_gmt":"2025-04-16T11:16:31","guid":{"rendered":"https:\/\/www.rememberme-forever.com\/product\/hermosa-urna-de-ceramica-para-un-nino-urna-decorativa-para-bebe\/"},"modified":"2025-12-02T09:28:30","modified_gmt":"2025-12-02T08:28:30","slug":"hermosa-urna-de-ceramica-para-un-nino-urna-decorativa-para-bebe","status":"publish","type":"product","link":"https:\/\/www.rememberme-forever.com\/es\/producto\/hermosa-urna-de-ceramica-para-un-nino-urna-decorativa-para-bebe\/","title":{"rendered":"Hermosa urna de cer\u00e1mica para un ni\u00f1o. Urna decorativa para beb\u00e9."},"content":{"rendered":"<div style=\"text-indent: 0px; text-align: center;\">\n<p class=\"\" data-start=\"80\" data-end=\"388\">La p\u00e9rdida de un hijo es un dolor indescriptible. En estos momentos tan dif\u00edciles, es importante conmemorar una peque\u00f1a vida con ternura y amor. Esta urna de cer\u00e1mica para beb\u00e9 es una miniurna funeraria \u00fanica, creada pensando en los m\u00e1s peque\u00f1os, aquellos que siempre estar\u00e1n en tu coraz\u00f3n.<\/p>\n<p class=\"\" data-start=\"390\" data-end=\"623\">La urna tiene una forma hermosa e inusual que cautiva la vista por su delicadeza. Su forma y elaboraci\u00f3n la convierten no solo en un lugar de descanso, sino tambi\u00e9n en un conmovedor recuerdo para colocar en un homenaje en el hogar.<\/p>\n<p class=\"\" data-start=\"625\" data-end=\"910\">La urna puede ir acompa\u00f1ada de una placa grabada con tu propio texto, colocada sobre una base de plexigl\u00e1s transparente, ideal para un nombre, una fecha o una breve dedicatoria. Las cenizas se depositan desde abajo a trav\u00e9s de una base extra\u00edble, que se puede fijar permanentemente con pegamento o silicona.<\/p>\n<p class=\"\" data-start=\"912\" data-end=\"1038\">Es una forma tranquila, c\u00e1lida y amorosa de despedirse, que ayuda a mantener la presencia de un hijo querido cerca para siempre.<\/p>\n<\/div>\n<p class=\"MsoNormal\" style=\"text-align: center;\" align=\"center\"><span style=\"color: #000000;\"><b><b>\u25ba PERSONALIZACI\u00d3N \u25c4<\/b><\/b><\/span><\/p>\n<p class=\"MsoNormal\" style=\"text-align: center;\" align=\"center\"><span style=\"color: #000000;\"><span lang=\"EN-US\">Si elige una placa personalizada, escriba el texto en el lugar correspondiente o env\u00edenos un mensaje.<\/span><\/span><\/p>\n<p class=\"MsoNormal\" style=\"text-align: center;\" align=\"center\"><span style=\"color: #000000;\"><span lang=\"EN-US\">La placa conmemorativa personalizada debe personalizarse durante el proceso de pedido. (No se preocupe si lo olvida, siempre puede enviarnos un mensaje m\u00e1s tarde).The personalized memorial plaque must be customized during the ordering process. (Don\u2019t worry if you forget, you can always send us a message later.) <\/span><\/span><\/p>\n<p class=\"MsoNormal\" style=\"text-align: center;\" align=\"center\">\n<p class=\"MsoNormal\" style=\"text-align: center;\" align=\"center\"><span style=\"color: #000000;\"><b><span lang=\"EN-US\">Las limitaciones de texto son las siguientes:<\/span><\/b><\/span><\/p>\n<p class=\"MsoNormal\" style=\"text-align: center;\" align=\"center\"><span style=\"color: #000000;\">&#8211; Nombre(s) hasta 24 caracteres<\/span><\/p>\n<p class=\"MsoNormal\" style=\"text-align: center;\" align=\"center\"><span style=\"color: #000000;\"><span lang=\"EN-US\">&#8211; Fecha de nacimiento y defunci\u00f3n hasta 24 caracteres<\/span><\/span><\/p>\n<p class=\"MsoNormal\" style=\"text-align: center;\" align=\"center\"><span style=\"color: #000000;\">&#8211; Tercera l\u00ednea hasta 24 caracteres<\/span><\/p>\n<p class=\"MsoNormal\" style=\"text-align: center;\" align=\"center\"><span style=\"color: #000000;\">&#8211; Cuarta l\u00ednea hasta 24 caracteres<\/span><\/p>\n<p class=\"MsoNormal\" style=\"text-align: center;\" align=\"center\"><span style=\"color: #000000;\">&#8211; Quinta l\u00ednea hasta 24 caracteres<\/span><\/p>\n<p class=\"MsoNormal\" style=\"text-align: center;\" align=\"center\">\n<p class=\"MsoNormal\" style=\"text-align: center;\" align=\"center\"><span style=\"color: #000000;\"><b><span lang=\"EN-US\">Por favor, REVISE el texto del grabado antes de a\u00f1adir el producto a su carrito. <\/span><\/b><\/span><\/p>\n<p class=\"MsoNormal\" style=\"text-align: center;\" align=\"center\"><span style=\"color: #000000;\"><b><span lang=\"EN-US\">Copiamos y grabamos exactamente la informaci\u00f3n que recibimos con el pedido y no realizamos ning\u00fan cambio.<\/span><\/b><\/span><\/p>\n<p class=\"MsoNormal\" style=\"text-align: center;\" align=\"center\">\n<p class=\"MsoNormal\" style=\"text-align: center;\" align=\"center\"><span style=\"color: #000000;\"><span lang=\"EN-US\">Revise el texto para asegurarse de que la ortograf\u00eda sea correcta.<\/span><\/span><\/p>\n<p class=\"MsoNormal\" style=\"text-align: center;\" align=\"center\"><span style=\"color: #000000;\">NO introduzca la informaci\u00f3n del grabado si compra la opci\u00f3n \u00abUrna sin placa\u00bb.<\/span><\/p>\n<p style=\"text-align: center;\"><strong><em><span style=\"color: #000000;\">La placa conmemorativa se a\u00f1adir\u00e1 por separado con el soporte, como se muestra en la foto.<\/span><\/em><\/strong><\/p>\n<p class=\"MsoNormal\" style=\"text-align: center;\" align=\"center\"><span style=\"color: #000000;\">(El soporte de la placa conmemorativa est\u00e1 hecho de plexigl\u00e1s transparente). <\/span><\/p>\n","protected":false},"excerpt":{"rendered":"<p>La p\u00e9rdida de un hijo es un dolor indescriptible. En estos momentos tan dif\u00edciles, es importante conmemorar una peque\u00f1a vida con ternura y amor. Esta&#8230;<\/p>\n","protected":false},"featured_media":23181,"template":"","meta":{"_acf_changed":false},"product_brand":[],"product_cat":[2445],"product_tag":[3314],"class_list":{"0":"post-23188","1":"product","2":"type-product","3":"status-publish","4":"has-post-thumbnail","6":"product_cat-urnas-para-ninos","7":"product_tag-gpsr-ceramic-urns","8":"product_shipping_class-1-2-kg-es","10":"first","11":"instock","12":"taxable","13":"shipping-taxable","14":"purchasable","15":"product-type-simple"},"yoast_head":"<!-- This site is optimized with the Yoast SEO plugin v27.4 - https:\/\/yoast.com\/product\/yoast-seo-wordpress\/ -->\n<title>Hermosa urna de cer\u00e1mica para un ni\u00f1o. Urna decorativa para beb\u00e9.<\/title>\n<meta name=\"robots\" content=\"index, follow, max-snippet:-1, max-image-preview:large, max-video-preview:-1\" \/>\n<link rel=\"canonical\" href=\"https:\/\/www.rememberme-forever.com\/es\/producto\/hermosa-urna-de-ceramica-para-un-nino-urna-decorativa-para-bebe\/\" \/>\n<meta property=\"og:locale\" content=\"es_ES\" \/>\n<meta property=\"og:type\" content=\"article\" \/>\n<meta property=\"og:title\" content=\"Hermosa urna de cer\u00e1mica para un ni\u00f1o. Urna decorativa para beb\u00e9.\" \/>\n<meta property=\"og:description\" content=\"La p\u00e9rdida de un hijo es un dolor indescriptible. En estos momentos tan dif\u00edciles, es importante conmemorar una peque\u00f1a vida con ternura y amor. Esta...\" \/>\n<meta property=\"og:url\" content=\"https:\/\/www.rememberme-forever.com\/es\/producto\/hermosa-urna-de-ceramica-para-un-nino-urna-decorativa-para-bebe\/\" \/>\n<meta property=\"og:site_name\" content=\"Remember Forever\" \/>\n<meta property=\"article:modified_time\" content=\"2025-12-02T08:28:30+00:00\" \/>\n<meta property=\"og:image\" content=\"http:\/\/www.rememberme-forever.com\/wp-content\/uploads\/2025\/04\/ceramic-urn-with-heart_00012plaque.jpg\" \/>\n\t<meta property=\"og:image:width\" content=\"1007\" \/>\n\t<meta property=\"og:image:height\" content=\"1024\" \/>\n\t<meta property=\"og:image:type\" content=\"image\/jpeg\" \/>\n<meta name=\"twitter:card\" content=\"summary_large_image\" \/>\n<meta name=\"twitter:label1\" content=\"Tiempo de lectura\" \/>\n\t<meta name=\"twitter:data1\" content=\"2 minutos\" \/>\n<script type=\"application\/ld+json\" class=\"yoast-schema-graph\">{\"@context\":\"https:\\\/\\\/schema.org\",\"@graph\":[{\"@type\":\"WebPage\",\"@id\":\"https:\\\/\\\/www.rememberme-forever.com\\\/es\\\/producto\\\/hermosa-urna-de-ceramica-para-un-nino-urna-decorativa-para-bebe\\\/\",\"url\":\"https:\\\/\\\/www.rememberme-forever.com\\\/es\\\/producto\\\/hermosa-urna-de-ceramica-para-un-nino-urna-decorativa-para-bebe\\\/\",\"name\":\"Hermosa urna de cer\u00e1mica para un ni\u00f1o. Urna decorativa para beb\u00e9.\",\"isPartOf\":{\"@id\":\"https:\\\/\\\/www.rememberme-forever.com\\\/es\\\/#website\"},\"primaryImageOfPage\":{\"@id\":\"https:\\\/\\\/www.rememberme-forever.com\\\/es\\\/producto\\\/hermosa-urna-de-ceramica-para-un-nino-urna-decorativa-para-bebe\\\/#primaryimage\"},\"image\":{\"@id\":\"https:\\\/\\\/www.rememberme-forever.com\\\/es\\\/producto\\\/hermosa-urna-de-ceramica-para-un-nino-urna-decorativa-para-bebe\\\/#primaryimage\"},\"thumbnailUrl\":\"https:\\\/\\\/www.rememberme-forever.com\\\/wp-content\\\/uploads\\\/2025\\\/04\\\/ceramic-urn-with-heart_00012plaque.jpg\",\"datePublished\":\"2025-04-16T11:16:31+00:00\",\"dateModified\":\"2025-12-02T08:28:30+00:00\",\"breadcrumb\":{\"@id\":\"https:\\\/\\\/www.rememberme-forever.com\\\/es\\\/producto\\\/hermosa-urna-de-ceramica-para-un-nino-urna-decorativa-para-bebe\\\/#breadcrumb\"},\"inLanguage\":\"es\",\"potentialAction\":[{\"@type\":\"ReadAction\",\"target\":[\"https:\\\/\\\/www.rememberme-forever.com\\\/es\\\/producto\\\/hermosa-urna-de-ceramica-para-un-nino-urna-decorativa-para-bebe\\\/\"]}]},{\"@type\":\"ImageObject\",\"inLanguage\":\"es\",\"@id\":\"https:\\\/\\\/www.rememberme-forever.com\\\/es\\\/producto\\\/hermosa-urna-de-ceramica-para-un-nino-urna-decorativa-para-bebe\\\/#primaryimage\",\"url\":\"https:\\\/\\\/www.rememberme-forever.com\\\/wp-content\\\/uploads\\\/2025\\\/04\\\/ceramic-urn-with-heart_00012plaque.jpg\",\"contentUrl\":\"https:\\\/\\\/www.rememberme-forever.com\\\/wp-content\\\/uploads\\\/2025\\\/04\\\/ceramic-urn-with-heart_00012plaque.jpg\",\"width\":1007,\"height\":1024,\"caption\":\"Urna de cer\u00e1mica con coraz\u00f3n para recuerdo infantil.\"},{\"@type\":\"BreadcrumbList\",\"@id\":\"https:\\\/\\\/www.rememberme-forever.com\\\/es\\\/producto\\\/hermosa-urna-de-ceramica-para-un-nino-urna-decorativa-para-bebe\\\/#breadcrumb\",\"itemListElement\":[{\"@type\":\"ListItem\",\"position\":1,\"name\":\"Home\",\"item\":\"https:\\\/\\\/www.rememberme-forever.com\\\/es\\\/inicio\\\/\"},{\"@type\":\"ListItem\",\"position\":2,\"name\":\"Comercio\",\"item\":\"https:\\\/\\\/www.rememberme-forever.com\\\/es\\\/shop\\\/\"},{\"@type\":\"ListItem\",\"position\":3,\"name\":\"Hermosa urna de cer\u00e1mica para un ni\u00f1o. Urna decorativa para beb\u00e9.\"}]},{\"@type\":\"WebSite\",\"@id\":\"https:\\\/\\\/www.rememberme-forever.com\\\/es\\\/#website\",\"url\":\"https:\\\/\\\/www.rememberme-forever.com\\\/es\\\/\",\"name\":\"Remember Forever\",\"description\":\"Cremation urns, funeral urns, urns for ashes\",\"publisher\":{\"@id\":\"https:\\\/\\\/www.rememberme-forever.com\\\/es\\\/#organization\"},\"potentialAction\":[{\"@type\":\"SearchAction\",\"target\":{\"@type\":\"EntryPoint\",\"urlTemplate\":\"https:\\\/\\\/www.rememberme-forever.com\\\/es\\\/?s={search_term_string}\"},\"query-input\":{\"@type\":\"PropertyValueSpecification\",\"valueRequired\":true,\"valueName\":\"search_term_string\"}}],\"inLanguage\":\"es\"},{\"@type\":\"Organization\",\"@id\":\"https:\\\/\\\/www.rememberme-forever.com\\\/es\\\/#organization\",\"name\":\"Remember Forever\",\"url\":\"https:\\\/\\\/www.rememberme-forever.com\\\/es\\\/\",\"logo\":{\"@type\":\"ImageObject\",\"inLanguage\":\"es\",\"@id\":\"https:\\\/\\\/www.rememberme-forever.com\\\/es\\\/#\\\/schema\\\/logo\\\/image\\\/\",\"url\":\"https:\\\/\\\/www.rememberme-forever.com\\\/wp-content\\\/uploads\\\/2023\\\/02\\\/logo.png\",\"contentUrl\":\"https:\\\/\\\/www.rememberme-forever.com\\\/wp-content\\\/uploads\\\/2023\\\/02\\\/logo.png\",\"width\":300,\"height\":56,\"caption\":\"Remember Forever\"},\"image\":{\"@id\":\"https:\\\/\\\/www.rememberme-forever.com\\\/es\\\/#\\\/schema\\\/logo\\\/image\\\/\"}}]}<\/script>\n<!-- \/ Yoast SEO plugin. -->","yoast_head_json":{"title":"Hermosa urna de cer\u00e1mica para un ni\u00f1o. Urna decorativa para beb\u00e9.","robots":{"index":"index","follow":"follow","max-snippet":"max-snippet:-1","max-image-preview":"max-image-preview:large","max-video-preview":"max-video-preview:-1"},"canonical":"https:\/\/www.rememberme-forever.com\/es\/producto\/hermosa-urna-de-ceramica-para-un-nino-urna-decorativa-para-bebe\/","og_locale":"es_ES","og_type":"article","og_title":"Hermosa urna de cer\u00e1mica para un ni\u00f1o. Urna decorativa para beb\u00e9.","og_description":"La p\u00e9rdida de un hijo es un dolor indescriptible. En estos momentos tan dif\u00edciles, es importante conmemorar una peque\u00f1a vida con ternura y amor. Esta...","og_url":"https:\/\/www.rememberme-forever.com\/es\/producto\/hermosa-urna-de-ceramica-para-un-nino-urna-decorativa-para-bebe\/","og_site_name":"Remember Forever","article_modified_time":"2025-12-02T08:28:30+00:00","og_image":[{"width":1007,"height":1024,"url":"http:\/\/www.rememberme-forever.com\/wp-content\/uploads\/2025\/04\/ceramic-urn-with-heart_00012plaque.jpg","type":"image\/jpeg"}],"twitter_card":"summary_large_image","twitter_misc":{"Tiempo de lectura":"2 minutos"},"schema":{"@context":"https:\/\/schema.org","@graph":[{"@type":"WebPage","@id":"https:\/\/www.rememberme-forever.com\/es\/producto\/hermosa-urna-de-ceramica-para-un-nino-urna-decorativa-para-bebe\/","url":"https:\/\/www.rememberme-forever.com\/es\/producto\/hermosa-urna-de-ceramica-para-un-nino-urna-decorativa-para-bebe\/","name":"Hermosa urna de cer\u00e1mica para un ni\u00f1o. Urna decorativa para beb\u00e9.","isPartOf":{"@id":"https:\/\/www.rememberme-forever.com\/es\/#website"},"primaryImageOfPage":{"@id":"https:\/\/www.rememberme-forever.com\/es\/producto\/hermosa-urna-de-ceramica-para-un-nino-urna-decorativa-para-bebe\/#primaryimage"},"image":{"@id":"https:\/\/www.rememberme-forever.com\/es\/producto\/hermosa-urna-de-ceramica-para-un-nino-urna-decorativa-para-bebe\/#primaryimage"},"thumbnailUrl":"https:\/\/www.rememberme-forever.com\/wp-content\/uploads\/2025\/04\/ceramic-urn-with-heart_00012plaque.jpg","datePublished":"2025-04-16T11:16:31+00:00","dateModified":"2025-12-02T08:28:30+00:00","breadcrumb":{"@id":"https:\/\/www.rememberme-forever.com\/es\/producto\/hermosa-urna-de-ceramica-para-un-nino-urna-decorativa-para-bebe\/#breadcrumb"},"inLanguage":"es","potentialAction":[{"@type":"ReadAction","target":["https:\/\/www.rememberme-forever.com\/es\/producto\/hermosa-urna-de-ceramica-para-un-nino-urna-decorativa-para-bebe\/"]}]},{"@type":"ImageObject","inLanguage":"es","@id":"https:\/\/www.rememberme-forever.com\/es\/producto\/hermosa-urna-de-ceramica-para-un-nino-urna-decorativa-para-bebe\/#primaryimage","url":"https:\/\/www.rememberme-forever.com\/wp-content\/uploads\/2025\/04\/ceramic-urn-with-heart_00012plaque.jpg","contentUrl":"https:\/\/www.rememberme-forever.com\/wp-content\/uploads\/2025\/04\/ceramic-urn-with-heart_00012plaque.jpg","width":1007,"height":1024,"caption":"Urna de cer\u00e1mica con coraz\u00f3n para recuerdo infantil."},{"@type":"BreadcrumbList","@id":"https:\/\/www.rememberme-forever.com\/es\/producto\/hermosa-urna-de-ceramica-para-un-nino-urna-decorativa-para-bebe\/#breadcrumb","itemListElement":[{"@type":"ListItem","position":1,"name":"Home","item":"https:\/\/www.rememberme-forever.com\/es\/inicio\/"},{"@type":"ListItem","position":2,"name":"Comercio","item":"https:\/\/www.rememberme-forever.com\/es\/shop\/"},{"@type":"ListItem","position":3,"name":"Hermosa urna de cer\u00e1mica para un ni\u00f1o. Urna decorativa para beb\u00e9."}]},{"@type":"WebSite","@id":"https:\/\/www.rememberme-forever.com\/es\/#website","url":"https:\/\/www.rememberme-forever.com\/es\/","name":"Remember Forever","description":"Cremation urns, funeral urns, urns for ashes","publisher":{"@id":"https:\/\/www.rememberme-forever.com\/es\/#organization"},"potentialAction":[{"@type":"SearchAction","target":{"@type":"EntryPoint","urlTemplate":"https:\/\/www.rememberme-forever.com\/es\/?s={search_term_string}"},"query-input":{"@type":"PropertyValueSpecification","valueRequired":true,"valueName":"search_term_string"}}],"inLanguage":"es"},{"@type":"Organization","@id":"https:\/\/www.rememberme-forever.com\/es\/#organization","name":"Remember Forever","url":"https:\/\/www.rememberme-forever.com\/es\/","logo":{"@type":"ImageObject","inLanguage":"es","@id":"https:\/\/www.rememberme-forever.com\/es\/#\/schema\/logo\/image\/","url":"https:\/\/www.rememberme-forever.com\/wp-content\/uploads\/2023\/02\/logo.png","contentUrl":"https:\/\/www.rememberme-forever.com\/wp-content\/uploads\/2023\/02\/logo.png","width":300,"height":56,"caption":"Remember Forever"},"image":{"@id":"https:\/\/www.rememberme-forever.com\/es\/#\/schema\/logo\/image\/"}}]}},"acf":[],"_links":{"self":[{"href":"https:\/\/www.rememberme-forever.com\/es\/wp-json\/wp\/v2\/product\/23188","targetHints":{"allow":["GET"]}}],"collection":[{"href":"https:\/\/www.rememberme-forever.com\/es\/wp-json\/wp\/v2\/product"}],"about":[{"href":"https:\/\/www.rememberme-forever.com\/es\/wp-json\/wp\/v2\/types\/product"}],"wp:featuredmedia":[{"embeddable":true,"href":"https:\/\/www.rememberme-forever.com\/es\/wp-json\/wp\/v2\/media\/23181"}],"wp:attachment":[{"href":"https:\/\/www.rememberme-forever.com\/es\/wp-json\/wp\/v2\/media?parent=23188"}],"wp:term":[{"taxonomy":"product_brand","embeddable":true,"href":"https:\/\/www.rememberme-forever.com\/es\/wp-json\/wp\/v2\/product_brand?post=23188"},{"taxonomy":"product_cat","embeddable":true,"href":"https:\/\/www.rememberme-forever.com\/es\/wp-json\/wp\/v2\/product_cat?post=23188"},{"taxonomy":"product_tag","embeddable":true,"href":"https:\/\/www.rememberme-forever.com\/es\/wp-json\/wp\/v2\/product_tag?post=23188"}],"curies":[{"name":"wp","href":"https:\/\/api.w.org\/{rel}","templated":true}]}}