{"id":23217,"date":"2025-04-16T08:52:51","date_gmt":"2025-04-16T06:52:51","guid":{"rendered":"https:\/\/www.rememberme-forever.com\/product\/urna-funeraria-de-ceramica-para-cenizas-humanas-con-forma-de-corazon-urna-decorativa\/"},"modified":"2025-12-02T09:49:42","modified_gmt":"2025-12-02T08:49:42","slug":"urna-funeraria-de-ceramica-para-cenizas-humanas-con-forma-de-corazon-urna-decorativa","status":"publish","type":"product","link":"https:\/\/www.rememberme-forever.com\/es\/producto\/urna-funeraria-de-ceramica-para-cenizas-humanas-con-forma-de-corazon-urna-decorativa\/","title":{"rendered":"Urna funeraria de cer\u00e1mica para cenizas humanas con forma de coraz\u00f3n. Urna decorativa."},"content":{"rendered":"<div style=\"text-indent: 0px; text-align: center;\">\n<p class=\"\" data-start=\"81\" data-end=\"307\"><span style=\"color: #000000;\">Hay despedidas que se quedan grabadas en el coraz\u00f3n para siempre. Esta urna funeraria de cer\u00e1mica con forma de coraz\u00f3n es una forma \u00fanica de conmemorar a un ser querido: con cari\u00f1o, ternura y una belleza que va m\u00e1s all\u00e1 de las palabras. <\/span><\/p>\n<p class=\"\" data-start=\"309\" data-end=\"544\"><span style=\"color: #000000;\">La urna tiene una forma original y decorativa que llama la atenci\u00f3n y transmite un profundo simbolismo. No solo es un recept\u00e1culo para cenizas, sino tambi\u00e9n un bonito recuerdo que puede colocar en su hogar o en un lugar cercano. <\/span><\/p>\n<p class=\"\" data-start=\"546\" data-end=\"894\"><span style=\"color: #000000;\">La urna est\u00e1 hecha de cer\u00e1mica y tiene un fondo extra\u00edble para garantizar el almacenamiento seguro de las cenizas. Est\u00e1 dise\u00f1ada para un adulto. Adem\u00e1s, puede elegir la opci\u00f3n con una placa grabada con su propio texto, colocada sobre una base de plexigl\u00e1s transparente, para colocar un nombre, fechas o unas palabras sinceras. <\/span><\/p>\n<p class=\"\" data-start=\"896\" data-end=\"1038\"><span style=\"color: #000000;\">Tambi\u00e9n est\u00e1 disponible un juego con un recuerdo, que le permite guardar una peque\u00f1a parte de las cenizas por separado, por ejemplo, para otro familiar.<\/span><\/p>\n<p class=\"\" data-start=\"1040\" data-end=\"1110\"><span style=\"color: #000000;\">Este es un hermoso y simb\u00f3lico recuerdo que permanecer\u00e1 con usted por mucho tiempo.<\/span><\/p>\n<p class=\"\" data-start=\"1040\" data-end=\"1110\">\n<div style=\"width: 100%; margin-bottom: 40px; height: max-content; padding-bottom: 60%; position: relative;\"><iframe style=\"position: absolute; top: 0; left: 0; width: 100%; height: 100%;\" src=\"https:\/\/rememberme-urns.com\/unique-ceramic-urn-with-heart\/\" frameborder=\"0\"><\/iframe><\/div>\n<div style=\"color: red; text-align: center; margin-bottom: 25px;\">\n<p>&gt;&gt; Foto giratoria &#8211; pulsar\/acercar &lt;&lt;<\/p>\n<\/div>\n<p class=\"\" data-start=\"1040\" data-end=\"1110\"><span style=\"color: #000000;\"><b>Detalles del recuerdo:<\/b><\/span><\/p>\n<p class=\"\" data-start=\"1040\" data-end=\"1110\"><span style=\"color: #000000; font-family: Roboto Condensed, DM Sans, fallback-font, Arial;\">Tama\u00f1o: Alto: 17 cm, Ancho: 14 cm, Fondo: 9 cm<\/span><\/p>\n<p class=\"\" data-start=\"1040\" data-end=\"1110\"><span style=\"color: #000000; font-family: Roboto Condensed, DM Sans, fallback-font, Arial;\">Tama\u00f1o: Alto: 6,6&#8243;, Ancho: 5,5&#8243;, Fondo: 3,5&#8243;<\/span><\/p>\n<p class=\"\" data-start=\"1040\" data-end=\"1110\"><span style=\"color: #000000; font-family: Roboto Condensed, DM Sans, fallback-font, Arial;\">Capacidad: 0,8 L \/ 48,82 pulgadas c\u00fabicas<\/span><\/p>\n<p class=\"\" data-start=\"1040\" data-end=\"1110\"><span style=\"color: #000000; font-family: Roboto Condensed, DM Sans, fallback-font, Arial;\">Peso: 0,5 kg \/ 1,10 lbs<\/span><\/p>\n<p class=\"\" data-start=\"1040\" data-end=\"1110\"><span style=\"color: #000000; font-family: Roboto Condensed, DM Sans, fallback-font, Arial;\">Material: Cer\u00e1mica<\/span><\/p>\n<p class=\"\" data-start=\"1040\" data-end=\"1110\"><span style=\"color: #000000; font-family: Roboto Condensed, DM Sans, fallback-font, Arial;\">Apto para cenizas de hasta aprox. 21,97 kg. <\/span><\/p>\n<\/div>\n<p class=\"MsoNormal\" style=\"text-align: center;\" align=\"center\"><span style=\"color: #000000;\"><b><b>\u25ba PERSONALIZACI\u00d3N \u25c4<\/b><\/b><\/span><\/p>\n<p class=\"MsoNormal\" style=\"text-align: center;\" align=\"center\"><span style=\"color: #000000;\"><span lang=\"EN-US\">Si elige una placa personalizada, escriba el texto en el lugar correspondiente o env\u00edenos un mensaje.<\/span><\/span><\/p>\n<p class=\"MsoNormal\" style=\"text-align: center;\" align=\"center\"><span style=\"color: #000000;\"><span lang=\"EN-US\">La placa conmemorativa personalizada debe personalizarse durante el proceso de pedido. (No se preocupe si lo olvida, siempre puede enviarnos un mensaje m\u00e1s tarde).The personalized memorial plaque must be customized during the ordering process. (Don\u2019t worry if you forget, you can always send us a message later.) <\/span><\/span><\/p>\n<p class=\"MsoNormal\" style=\"text-align: center;\" align=\"center\">\n<p class=\"MsoNormal\" style=\"text-align: center;\" align=\"center\"><span style=\"color: #000000;\"><b><span lang=\"EN-US\">Las limitaciones de texto son las siguientes:<\/span><\/b><\/span><\/p>\n<p class=\"MsoNormal\" style=\"text-align: center;\" align=\"center\"><span style=\"color: #000000;\">&#8211; Nombre(s) hasta 24 caracteres<\/span><\/p>\n<p class=\"MsoNormal\" style=\"text-align: center;\" align=\"center\"><span style=\"color: #000000;\"><span lang=\"EN-US\">&#8211; Fecha de nacimiento y defunci\u00f3n hasta 24 caracteres<\/span><\/span><\/p>\n<p class=\"MsoNormal\" style=\"text-align: center;\" align=\"center\"><span style=\"color: #000000;\">&#8211; Tercera l\u00ednea hasta 24 caracteres<\/span><\/p>\n<p class=\"MsoNormal\" style=\"text-align: center;\" align=\"center\"><span style=\"color: #000000;\">&#8211; Cuarta l\u00ednea hasta 24 caracteres<\/span><\/p>\n<p class=\"MsoNormal\" style=\"text-align: center;\" align=\"center\"><span style=\"color: #000000;\">&#8211; Quinta l\u00ednea hasta 24 caracteres<\/span><\/p>\n<p class=\"MsoNormal\" style=\"text-align: center;\" align=\"center\">\n<p class=\"MsoNormal\" style=\"text-align: center;\" align=\"center\"><span style=\"color: #000000;\"><b><span lang=\"EN-US\">Por favor, REVISE el texto del grabado antes de a\u00f1adir el producto a su carrito.<\/span><\/b><\/span><\/p>\n<p class=\"MsoNormal\" style=\"text-align: center;\" align=\"center\"><span style=\"color: #000000;\"><b><span lang=\"EN-US\">Copiamos y grabamos exactamente la informaci\u00f3n que recibimos con el pedido y no realizamos ning\u00fan cambio.<\/span><\/b><\/span><\/p>\n<p class=\"MsoNormal\" style=\"text-align: center;\" align=\"center\">\n<p class=\"MsoNormal\" style=\"text-align: center;\" align=\"center\"><span style=\"color: #000000;\"><span lang=\"EN-US\">Revise el texto para asegurarse de que la ortograf\u00eda sea correcta.<\/span><\/span><\/p>\n<p class=\"MsoNormal\" style=\"text-align: center;\" align=\"center\"><span style=\"color: #000000;\">NO introduzca la informaci\u00f3n del grabado si compra la opci\u00f3n \u00abUrna sin placa\u00bb.<\/span><\/p>\n<p style=\"text-align: center;\"><strong><em><span style=\"color: #000000;\">La placa conmemorativa se a\u00f1adir\u00e1 por separado con el soporte, como se muestra en la foto.<\/span><\/em><\/strong><\/p>\n<p class=\"MsoNormal\" style=\"text-align: center;\" align=\"center\"><span style=\"color: #000000;\">(El soporte de la placa conmemorativa est\u00e1 hecho de plexigl\u00e1s transparente). <\/span><\/p>\n","protected":false},"excerpt":{"rendered":"<p>Hay despedidas que se quedan grabadas en el coraz\u00f3n para siempre. Esta urna funeraria de cer\u00e1mica con forma de coraz\u00f3n es una forma \u00fanica de&#8230;<\/p>\n","protected":false},"featured_media":23213,"template":"","meta":{"_acf_changed":false},"product_brand":[],"product_cat":[2444],"product_tag":[3314],"class_list":{"0":"post-23217","1":"product","2":"type-product","3":"status-publish","4":"has-post-thumbnail","6":"product_cat-urnas-de-ceramica","7":"product_tag-gpsr-ceramic-urns","8":"product_shipping_class-4-5-kg-es","10":"first","11":"instock","12":"taxable","13":"shipping-taxable","14":"purchasable","15":"product-type-variable"},"yoast_head":"<!-- This site is optimized with the Yoast SEO plugin v27.4 - https:\/\/yoast.com\/product\/yoast-seo-wordpress\/ -->\n<title>Urna funeraria de cer\u00e1mica para cenizas humanas con forma de coraz\u00f3n. Urna decorativa.<\/title>\n<meta name=\"robots\" content=\"index, follow, max-snippet:-1, max-image-preview:large, max-video-preview:-1\" \/>\n<link rel=\"canonical\" href=\"https:\/\/www.rememberme-forever.com\/es\/producto\/urna-funeraria-de-ceramica-para-cenizas-humanas-con-forma-de-corazon-urna-decorativa\/\" \/>\n<meta property=\"og:locale\" content=\"es_ES\" \/>\n<meta property=\"og:type\" content=\"article\" \/>\n<meta property=\"og:title\" content=\"Urna funeraria de cer\u00e1mica para cenizas humanas con forma de coraz\u00f3n. Urna decorativa.\" \/>\n<meta property=\"og:description\" content=\"Hay despedidas que se quedan grabadas en el coraz\u00f3n para siempre. Esta urna funeraria de cer\u00e1mica con forma de coraz\u00f3n es una forma \u00fanica de...\" \/>\n<meta property=\"og:url\" content=\"https:\/\/www.rememberme-forever.com\/es\/producto\/urna-funeraria-de-ceramica-para-cenizas-humanas-con-forma-de-corazon-urna-decorativa\/\" \/>\n<meta property=\"og:site_name\" content=\"Remember Forever\" \/>\n<meta property=\"article:modified_time\" content=\"2025-12-02T08:49:42+00:00\" \/>\n<meta property=\"og:image\" content=\"http:\/\/www.rememberme-forever.com\/wp-content\/uploads\/2025\/04\/ceramic-urn-with-heart_0002plaque.jpg\" \/>\n\t<meta property=\"og:image:width\" content=\"1007\" \/>\n\t<meta property=\"og:image:height\" content=\"1024\" \/>\n\t<meta property=\"og:image:type\" content=\"image\/jpeg\" \/>\n<meta name=\"twitter:card\" content=\"summary_large_image\" \/>\n<meta name=\"twitter:label1\" content=\"Tiempo de lectura\" \/>\n\t<meta name=\"twitter:data1\" content=\"2 minutos\" \/>\n<script type=\"application\/ld+json\" class=\"yoast-schema-graph\">{\"@context\":\"https:\\\/\\\/schema.org\",\"@graph\":[{\"@type\":\"WebPage\",\"@id\":\"https:\\\/\\\/www.rememberme-forever.com\\\/es\\\/producto\\\/urna-funeraria-de-ceramica-para-cenizas-humanas-con-forma-de-corazon-urna-decorativa\\\/\",\"url\":\"https:\\\/\\\/www.rememberme-forever.com\\\/es\\\/producto\\\/urna-funeraria-de-ceramica-para-cenizas-humanas-con-forma-de-corazon-urna-decorativa\\\/\",\"name\":\"Urna funeraria de cer\u00e1mica para cenizas humanas con forma de coraz\u00f3n. Urna decorativa.\",\"isPartOf\":{\"@id\":\"https:\\\/\\\/www.rememberme-forever.com\\\/es\\\/#website\"},\"primaryImageOfPage\":{\"@id\":\"https:\\\/\\\/www.rememberme-forever.com\\\/es\\\/producto\\\/urna-funeraria-de-ceramica-para-cenizas-humanas-con-forma-de-corazon-urna-decorativa\\\/#primaryimage\"},\"image\":{\"@id\":\"https:\\\/\\\/www.rememberme-forever.com\\\/es\\\/producto\\\/urna-funeraria-de-ceramica-para-cenizas-humanas-con-forma-de-corazon-urna-decorativa\\\/#primaryimage\"},\"thumbnailUrl\":\"https:\\\/\\\/www.rememberme-forever.com\\\/wp-content\\\/uploads\\\/2025\\\/04\\\/ceramic-urn-with-heart_0002plaque.jpg\",\"datePublished\":\"2025-04-16T06:52:51+00:00\",\"dateModified\":\"2025-12-02T08:49:42+00:00\",\"breadcrumb\":{\"@id\":\"https:\\\/\\\/www.rememberme-forever.com\\\/es\\\/producto\\\/urna-funeraria-de-ceramica-para-cenizas-humanas-con-forma-de-corazon-urna-decorativa\\\/#breadcrumb\"},\"inLanguage\":\"es\",\"potentialAction\":[{\"@type\":\"ReadAction\",\"target\":[\"https:\\\/\\\/www.rememberme-forever.com\\\/es\\\/producto\\\/urna-funeraria-de-ceramica-para-cenizas-humanas-con-forma-de-corazon-urna-decorativa\\\/\"]}]},{\"@type\":\"ImageObject\",\"inLanguage\":\"es\",\"@id\":\"https:\\\/\\\/www.rememberme-forever.com\\\/es\\\/producto\\\/urna-funeraria-de-ceramica-para-cenizas-humanas-con-forma-de-corazon-urna-decorativa\\\/#primaryimage\",\"url\":\"https:\\\/\\\/www.rememberme-forever.com\\\/wp-content\\\/uploads\\\/2025\\\/04\\\/ceramic-urn-with-heart_0002plaque.jpg\",\"contentUrl\":\"https:\\\/\\\/www.rememberme-forever.com\\\/wp-content\\\/uploads\\\/2025\\\/04\\\/ceramic-urn-with-heart_0002plaque.jpg\",\"width\":1007,\"height\":1024,\"caption\":\"Urna de cer\u00e1mica con forma de coraz\u00f3n\"},{\"@type\":\"BreadcrumbList\",\"@id\":\"https:\\\/\\\/www.rememberme-forever.com\\\/es\\\/producto\\\/urna-funeraria-de-ceramica-para-cenizas-humanas-con-forma-de-corazon-urna-decorativa\\\/#breadcrumb\",\"itemListElement\":[{\"@type\":\"ListItem\",\"position\":1,\"name\":\"Home\",\"item\":\"https:\\\/\\\/www.rememberme-forever.com\\\/es\\\/inicio\\\/\"},{\"@type\":\"ListItem\",\"position\":2,\"name\":\"Comercio\",\"item\":\"https:\\\/\\\/www.rememberme-forever.com\\\/es\\\/shop\\\/\"},{\"@type\":\"ListItem\",\"position\":3,\"name\":\"Urna funeraria de cer\u00e1mica para cenizas humanas con forma de coraz\u00f3n. Urna decorativa.\"}]},{\"@type\":\"WebSite\",\"@id\":\"https:\\\/\\\/www.rememberme-forever.com\\\/es\\\/#website\",\"url\":\"https:\\\/\\\/www.rememberme-forever.com\\\/es\\\/\",\"name\":\"Remember Forever\",\"description\":\"Cremation urns, funeral urns, urns for ashes\",\"publisher\":{\"@id\":\"https:\\\/\\\/www.rememberme-forever.com\\\/es\\\/#organization\"},\"potentialAction\":[{\"@type\":\"SearchAction\",\"target\":{\"@type\":\"EntryPoint\",\"urlTemplate\":\"https:\\\/\\\/www.rememberme-forever.com\\\/es\\\/?s={search_term_string}\"},\"query-input\":{\"@type\":\"PropertyValueSpecification\",\"valueRequired\":true,\"valueName\":\"search_term_string\"}}],\"inLanguage\":\"es\"},{\"@type\":\"Organization\",\"@id\":\"https:\\\/\\\/www.rememberme-forever.com\\\/es\\\/#organization\",\"name\":\"Remember Forever\",\"url\":\"https:\\\/\\\/www.rememberme-forever.com\\\/es\\\/\",\"logo\":{\"@type\":\"ImageObject\",\"inLanguage\":\"es\",\"@id\":\"https:\\\/\\\/www.rememberme-forever.com\\\/es\\\/#\\\/schema\\\/logo\\\/image\\\/\",\"url\":\"https:\\\/\\\/www.rememberme-forever.com\\\/wp-content\\\/uploads\\\/2023\\\/02\\\/logo.png\",\"contentUrl\":\"https:\\\/\\\/www.rememberme-forever.com\\\/wp-content\\\/uploads\\\/2023\\\/02\\\/logo.png\",\"width\":300,\"height\":56,\"caption\":\"Remember Forever\"},\"image\":{\"@id\":\"https:\\\/\\\/www.rememberme-forever.com\\\/es\\\/#\\\/schema\\\/logo\\\/image\\\/\"}}]}<\/script>\n<!-- \/ Yoast SEO plugin. -->","yoast_head_json":{"title":"Urna funeraria de cer\u00e1mica para cenizas humanas con forma de coraz\u00f3n. Urna decorativa.","robots":{"index":"index","follow":"follow","max-snippet":"max-snippet:-1","max-image-preview":"max-image-preview:large","max-video-preview":"max-video-preview:-1"},"canonical":"https:\/\/www.rememberme-forever.com\/es\/producto\/urna-funeraria-de-ceramica-para-cenizas-humanas-con-forma-de-corazon-urna-decorativa\/","og_locale":"es_ES","og_type":"article","og_title":"Urna funeraria de cer\u00e1mica para cenizas humanas con forma de coraz\u00f3n. Urna decorativa.","og_description":"Hay despedidas que se quedan grabadas en el coraz\u00f3n para siempre. Esta urna funeraria de cer\u00e1mica con forma de coraz\u00f3n es una forma \u00fanica de...","og_url":"https:\/\/www.rememberme-forever.com\/es\/producto\/urna-funeraria-de-ceramica-para-cenizas-humanas-con-forma-de-corazon-urna-decorativa\/","og_site_name":"Remember Forever","article_modified_time":"2025-12-02T08:49:42+00:00","og_image":[{"width":1007,"height":1024,"url":"http:\/\/www.rememberme-forever.com\/wp-content\/uploads\/2025\/04\/ceramic-urn-with-heart_0002plaque.jpg","type":"image\/jpeg"}],"twitter_card":"summary_large_image","twitter_misc":{"Tiempo de lectura":"2 minutos"},"schema":{"@context":"https:\/\/schema.org","@graph":[{"@type":"WebPage","@id":"https:\/\/www.rememberme-forever.com\/es\/producto\/urna-funeraria-de-ceramica-para-cenizas-humanas-con-forma-de-corazon-urna-decorativa\/","url":"https:\/\/www.rememberme-forever.com\/es\/producto\/urna-funeraria-de-ceramica-para-cenizas-humanas-con-forma-de-corazon-urna-decorativa\/","name":"Urna funeraria de cer\u00e1mica para cenizas humanas con forma de coraz\u00f3n. Urna decorativa.","isPartOf":{"@id":"https:\/\/www.rememberme-forever.com\/es\/#website"},"primaryImageOfPage":{"@id":"https:\/\/www.rememberme-forever.com\/es\/producto\/urna-funeraria-de-ceramica-para-cenizas-humanas-con-forma-de-corazon-urna-decorativa\/#primaryimage"},"image":{"@id":"https:\/\/www.rememberme-forever.com\/es\/producto\/urna-funeraria-de-ceramica-para-cenizas-humanas-con-forma-de-corazon-urna-decorativa\/#primaryimage"},"thumbnailUrl":"https:\/\/www.rememberme-forever.com\/wp-content\/uploads\/2025\/04\/ceramic-urn-with-heart_0002plaque.jpg","datePublished":"2025-04-16T06:52:51+00:00","dateModified":"2025-12-02T08:49:42+00:00","breadcrumb":{"@id":"https:\/\/www.rememberme-forever.com\/es\/producto\/urna-funeraria-de-ceramica-para-cenizas-humanas-con-forma-de-corazon-urna-decorativa\/#breadcrumb"},"inLanguage":"es","potentialAction":[{"@type":"ReadAction","target":["https:\/\/www.rememberme-forever.com\/es\/producto\/urna-funeraria-de-ceramica-para-cenizas-humanas-con-forma-de-corazon-urna-decorativa\/"]}]},{"@type":"ImageObject","inLanguage":"es","@id":"https:\/\/www.rememberme-forever.com\/es\/producto\/urna-funeraria-de-ceramica-para-cenizas-humanas-con-forma-de-corazon-urna-decorativa\/#primaryimage","url":"https:\/\/www.rememberme-forever.com\/wp-content\/uploads\/2025\/04\/ceramic-urn-with-heart_0002plaque.jpg","contentUrl":"https:\/\/www.rememberme-forever.com\/wp-content\/uploads\/2025\/04\/ceramic-urn-with-heart_0002plaque.jpg","width":1007,"height":1024,"caption":"Urna de cer\u00e1mica con forma de coraz\u00f3n"},{"@type":"BreadcrumbList","@id":"https:\/\/www.rememberme-forever.com\/es\/producto\/urna-funeraria-de-ceramica-para-cenizas-humanas-con-forma-de-corazon-urna-decorativa\/#breadcrumb","itemListElement":[{"@type":"ListItem","position":1,"name":"Home","item":"https:\/\/www.rememberme-forever.com\/es\/inicio\/"},{"@type":"ListItem","position":2,"name":"Comercio","item":"https:\/\/www.rememberme-forever.com\/es\/shop\/"},{"@type":"ListItem","position":3,"name":"Urna funeraria de cer\u00e1mica para cenizas humanas con forma de coraz\u00f3n. Urna decorativa."}]},{"@type":"WebSite","@id":"https:\/\/www.rememberme-forever.com\/es\/#website","url":"https:\/\/www.rememberme-forever.com\/es\/","name":"Remember Forever","description":"Cremation urns, funeral urns, urns for ashes","publisher":{"@id":"https:\/\/www.rememberme-forever.com\/es\/#organization"},"potentialAction":[{"@type":"SearchAction","target":{"@type":"EntryPoint","urlTemplate":"https:\/\/www.rememberme-forever.com\/es\/?s={search_term_string}"},"query-input":{"@type":"PropertyValueSpecification","valueRequired":true,"valueName":"search_term_string"}}],"inLanguage":"es"},{"@type":"Organization","@id":"https:\/\/www.rememberme-forever.com\/es\/#organization","name":"Remember Forever","url":"https:\/\/www.rememberme-forever.com\/es\/","logo":{"@type":"ImageObject","inLanguage":"es","@id":"https:\/\/www.rememberme-forever.com\/es\/#\/schema\/logo\/image\/","url":"https:\/\/www.rememberme-forever.com\/wp-content\/uploads\/2023\/02\/logo.png","contentUrl":"https:\/\/www.rememberme-forever.com\/wp-content\/uploads\/2023\/02\/logo.png","width":300,"height":56,"caption":"Remember Forever"},"image":{"@id":"https:\/\/www.rememberme-forever.com\/es\/#\/schema\/logo\/image\/"}}]}},"acf":[],"_links":{"self":[{"href":"https:\/\/www.rememberme-forever.com\/es\/wp-json\/wp\/v2\/product\/23217","targetHints":{"allow":["GET"]}}],"collection":[{"href":"https:\/\/www.rememberme-forever.com\/es\/wp-json\/wp\/v2\/product"}],"about":[{"href":"https:\/\/www.rememberme-forever.com\/es\/wp-json\/wp\/v2\/types\/product"}],"wp:featuredmedia":[{"embeddable":true,"href":"https:\/\/www.rememberme-forever.com\/es\/wp-json\/wp\/v2\/media\/23213"}],"wp:attachment":[{"href":"https:\/\/www.rememberme-forever.com\/es\/wp-json\/wp\/v2\/media?parent=23217"}],"wp:term":[{"taxonomy":"product_brand","embeddable":true,"href":"https:\/\/www.rememberme-forever.com\/es\/wp-json\/wp\/v2\/product_brand?post=23217"},{"taxonomy":"product_cat","embeddable":true,"href":"https:\/\/www.rememberme-forever.com\/es\/wp-json\/wp\/v2\/product_cat?post=23217"},{"taxonomy":"product_tag","embeddable":true,"href":"https:\/\/www.rememberme-forever.com\/es\/wp-json\/wp\/v2\/product_tag?post=23217"}],"curies":[{"name":"wp","href":"https:\/\/api.w.org\/{rel}","templated":true}]}}