{"id":23298,"date":"2023-04-06T15:25:38","date_gmt":"2023-04-06T13:25:38","guid":{"rendered":"https:\/\/www.rememberme-forever.com\/product\/urna-de-cremacion-tamano-xl-doble-corazon\/"},"modified":"2025-12-03T08:54:33","modified_gmt":"2025-12-03T07:54:33","slug":"urna-de-cremacion-tamano-xl-doble-corazon","status":"publish","type":"product","link":"https:\/\/www.rememberme-forever.com\/es\/producto\/urna-de-cremacion-tamano-xl-doble-corazon\/","title":{"rendered":"Urna de cremaci\u00f3n tama\u00f1o XL, Doble Coraz\u00f3n"},"content":{"rendered":"<div style=\"width: 100%; margin-bottom: 40px; height: max-content; padding-bottom: 60%; position: relative;\"><iframe style=\"position: absolute; top: 0; left: 0; width: 100%; height: 100%;\" src=\"https:\/\/rememberme-urns.com\/companion-urn-xl-size\/\" frameborder=\"0\"><\/iframe><\/div>\n<div style=\"color: red; text-align: center; margin-bottom: 25px;\">\n<p>&gt;&gt; Foto giratoria &#8211; pulsar\/acercar &lt;&lt;<\/p>\n<\/div>\n<h2 style=\"text-align: center;\">Doble Coraz\u00f3n &#8211; Urna de cremaci\u00f3n tama\u00f1o XL<\/h2>\n<p style=\"text-align: center;\">Presentamos la Urna de cremaci\u00f3n tama\u00f1o XL, un exquisito homenaje para dos seres queridos o una persona mayor. Esta impresionante urna de cremaci\u00f3n cuenta con una elegante esfera de acero inoxidable sobre una s\u00f3lida base de m\u00e1rmol, creando una pieza verdaderamente elegante y atemporal.<\/p>\n<p style=\"text-align: center;\">Fabricada con el m\u00e1ximo cuidado y precisi\u00f3n, la Urna de cremaci\u00f3n tama\u00f1o XL est\u00e1 dise\u00f1ada para albergar las cenizas de dos personas o de una sola persona que requiera una urna de mayor capacidad. Los dos corazones en el lateral de la urna representan el v\u00ednculo perdurable entre los difuntos, y la placa conmemorativa plateada en la base es el lugar perfecto para un mensaje personalizado o un homenaje a sus seres queridos.<\/p>\n<p style=\"text-align: center;\">Esta impresionante urna no solo es un hermoso lugar de descanso para sus seres queridos, sino tambi\u00e9n una obra de arte ideal para exhibir en cualquier hogar o espacio conmemorativo. Su dise\u00f1o elegante y sofisticado transmite paz y tranquilidad, invit\u00e1ndole a reflexionar sobre recuerdos preciados y a celebrar una vida plena.<\/p>\n<p style=\"text-align: center;\">Entendemos la importancia de encontrar la urna perfecta para honrar a sus seres queridos, y por eso no hemos escatimado en gastos para crear esta pieza excepcional. La Urna Companion tama\u00f1o XL es un s\u00edmbolo perdurable de amor y recuerdo que brindar\u00e1 consuelo y consuelo a las generaciones venideras.<\/p>\n<p>&nbsp;<\/p>\n<h3 style=\"text-align: center;\"><strong>PERSONALIZACI\u00d3N<\/strong><\/h3>\n<p style=\"text-align: center;\">La placa conmemorativa personalizada debe personalizarse al realizar el pedido. (No se preocupe si no la incluye, siempre puede enviarnos un mensaje despu\u00e9s).<\/p>\n<p><img loading=\"lazy\" decoding=\"async\" class=\" wp-image-1260 aligncenter\" src=\"http:\/\/www.rememberme-forever.com\/wp-content\/uploads\/2023\/04\/companion-urn-for-two-persons-300x300.jpg\" alt=\"Urna de compa\u00f1\u00eda para dos personas\" width=\"197\" height=\"197\" srcset=\"https:\/\/www.rememberme-forever.com\/wp-content\/uploads\/2023\/04\/companion-urn-for-two-persons-300x300.jpg 300w, https:\/\/www.rememberme-forever.com\/wp-content\/uploads\/2023\/04\/companion-urn-for-two-persons-150x150.jpg 150w, https:\/\/www.rememberme-forever.com\/wp-content\/uploads\/2023\/04\/companion-urn-for-two-persons-600x600.jpg 600w, https:\/\/www.rememberme-forever.com\/wp-content\/uploads\/2023\/04\/companion-urn-for-two-persons-100x100.jpg 100w, https:\/\/www.rememberme-forever.com\/wp-content\/uploads\/2023\/04\/companion-urn-for-two-persons-64x64.jpg 64w, https:\/\/www.rememberme-forever.com\/wp-content\/uploads\/2023\/04\/companion-urn-for-two-persons.jpg 768w\" sizes=\"auto, (max-width: 197px) 100vw, 197px\" \/><\/p>\n<p style=\"text-align: center;\">Revise atentamente el texto del grabado antes de a\u00f1adir el art\u00edculo al carrito. Copiamos y grabamos la informaci\u00f3n exacta que recibimos con el pedido y no realizamos ning\u00fan cambio.<\/p>\n<p style=\"text-align: center;\"><strong>Revise el texto para asegurarse de que la ortograf\u00eda sea correcta.<\/strong><\/p>\n","protected":false},"excerpt":{"rendered":"<p>Urna de cremaci\u00f3n de plata para acompa\u00f1antes. Esfera s\u00f3lida de acero inoxidable para restos cremados.<\/p>\n<p><strong>Esta urna de acero inoxidable tambi\u00e9n puede utilizarse para las cenizas de un adulto o de dos personas.<\/strong><\/p>\n<p>\u2705 Esta urna no es apta para exteriores. Descubra nuestras <a href=\"https:\/\/www.rememberme-forever.com\/product-category\/outdoor-urns\/\" target=\"_blank\" rel=\"noopener\"><strong>urnas para exteriores. &gt;&gt;<\/strong><\/a><\/p>\n","protected":false},"featured_media":23296,"comment_status":"open","ping_status":"closed","template":"","meta":{"_acf_changed":false},"product_brand":[1991],"product_cat":[2446,2451],"product_tag":[3292],"class_list":{"0":"post-23298","1":"product","2":"type-product","3":"status-publish","4":"has-post-thumbnail","6":"product_brand-remember-forever","7":"product_cat-urnas-acompanantes","8":"product_cat-urnas-de-metal","9":"product_tag-gpsr-metal_stonebase","10":"product_shipping_class-2-4kg-es","12":"first","13":"instock","14":"taxable","15":"shipping-taxable","16":"purchasable","17":"product-type-variable"},"yoast_head":"<!-- This site is optimized with the Yoast SEO plugin v27.5 - https:\/\/yoast.com\/product\/yoast-seo-wordpress\/ -->\n<title>Urna de cremaci\u00f3n tama\u00f1o XL, Doble Coraz\u00f3n<\/title>\n<meta name=\"description\" content=\"Presentamos la Urna Companion tama\u00f1o XL, un exquisito homenaje para dos seres queridos o una persona mayor. Urna de cremaci\u00f3n grande de acero inoxidable.\" \/>\n<meta name=\"robots\" content=\"index, follow, max-snippet:-1, max-image-preview:large, max-video-preview:-1\" \/>\n<link rel=\"canonical\" href=\"https:\/\/www.rememberme-forever.com\/es\/producto\/urna-de-cremacion-tamano-xl-doble-corazon\/\" \/>\n<meta property=\"og:locale\" content=\"es_ES\" \/>\n<meta property=\"og:type\" content=\"article\" \/>\n<meta property=\"og:title\" content=\"Urna de cremaci\u00f3n tama\u00f1o XL, Doble Coraz\u00f3n\" \/>\n<meta property=\"og:description\" content=\"Presentamos la Urna Companion tama\u00f1o XL, un exquisito homenaje para dos seres queridos o una persona mayor. Urna de cremaci\u00f3n grande de acero inoxidable.\" \/>\n<meta property=\"og:url\" content=\"https:\/\/www.rememberme-forever.com\/es\/producto\/urna-de-cremacion-tamano-xl-doble-corazon\/\" \/>\n<meta property=\"og:site_name\" content=\"Remember Forever\" \/>\n<meta property=\"article:modified_time\" content=\"2025-12-03T07:54:33+00:00\" \/>\n<meta property=\"og:image\" content=\"http:\/\/www.rememberme-forever.com\/wp-content\/uploads\/2023\/04\/companion-urn-for-two-adults.jpg\" \/>\n\t<meta property=\"og:image:width\" content=\"768\" \/>\n\t<meta property=\"og:image:height\" content=\"768\" \/>\n\t<meta property=\"og:image:type\" content=\"image\/jpeg\" \/>\n<meta name=\"twitter:card\" content=\"summary_large_image\" \/>\n<meta name=\"twitter:label1\" content=\"Tiempo de lectura\" \/>\n\t<meta name=\"twitter:data1\" content=\"2 minutos\" \/>\n<script type=\"application\/ld+json\" class=\"yoast-schema-graph\">{\"@context\":\"https:\\\/\\\/schema.org\",\"@graph\":[{\"@type\":\"WebPage\",\"@id\":\"https:\\\/\\\/www.rememberme-forever.com\\\/es\\\/producto\\\/urna-de-cremacion-tamano-xl-doble-corazon\\\/\",\"url\":\"https:\\\/\\\/www.rememberme-forever.com\\\/es\\\/producto\\\/urna-de-cremacion-tamano-xl-doble-corazon\\\/\",\"name\":\"Urna de cremaci\u00f3n tama\u00f1o XL, Doble Coraz\u00f3n\",\"isPartOf\":{\"@id\":\"https:\\\/\\\/www.rememberme-forever.com\\\/es\\\/#website\"},\"primaryImageOfPage\":{\"@id\":\"https:\\\/\\\/www.rememberme-forever.com\\\/es\\\/producto\\\/urna-de-cremacion-tamano-xl-doble-corazon\\\/#primaryimage\"},\"image\":{\"@id\":\"https:\\\/\\\/www.rememberme-forever.com\\\/es\\\/producto\\\/urna-de-cremacion-tamano-xl-doble-corazon\\\/#primaryimage\"},\"thumbnailUrl\":\"https:\\\/\\\/www.rememberme-forever.com\\\/wp-content\\\/uploads\\\/2023\\\/04\\\/companion-urn-for-two-adults.jpg\",\"datePublished\":\"2023-04-06T13:25:38+00:00\",\"dateModified\":\"2025-12-03T07:54:33+00:00\",\"description\":\"Presentamos la Urna Companion tama\u00f1o XL, un exquisito homenaje para dos seres queridos o una persona mayor. Urna de cremaci\u00f3n grande de acero inoxidable.\",\"breadcrumb\":{\"@id\":\"https:\\\/\\\/www.rememberme-forever.com\\\/es\\\/producto\\\/urna-de-cremacion-tamano-xl-doble-corazon\\\/#breadcrumb\"},\"inLanguage\":\"es\",\"potentialAction\":[{\"@type\":\"ReadAction\",\"target\":[\"https:\\\/\\\/www.rememberme-forever.com\\\/es\\\/producto\\\/urna-de-cremacion-tamano-xl-doble-corazon\\\/\"]}]},{\"@type\":\"ImageObject\",\"inLanguage\":\"es\",\"@id\":\"https:\\\/\\\/www.rememberme-forever.com\\\/es\\\/producto\\\/urna-de-cremacion-tamano-xl-doble-corazon\\\/#primaryimage\",\"url\":\"https:\\\/\\\/www.rememberme-forever.com\\\/wp-content\\\/uploads\\\/2023\\\/04\\\/companion-urn-for-two-adults.jpg\",\"contentUrl\":\"https:\\\/\\\/www.rememberme-forever.com\\\/wp-content\\\/uploads\\\/2023\\\/04\\\/companion-urn-for-two-adults.jpg\",\"width\":768,\"height\":768,\"caption\":\"Urna de compa\u00f1\u00eda para dos adultos\"},{\"@type\":\"BreadcrumbList\",\"@id\":\"https:\\\/\\\/www.rememberme-forever.com\\\/es\\\/producto\\\/urna-de-cremacion-tamano-xl-doble-corazon\\\/#breadcrumb\",\"itemListElement\":[{\"@type\":\"ListItem\",\"position\":1,\"name\":\"Home\",\"item\":\"https:\\\/\\\/www.rememberme-forever.com\\\/es\\\/inicio\\\/\"},{\"@type\":\"ListItem\",\"position\":2,\"name\":\"Comercio\",\"item\":\"https:\\\/\\\/www.rememberme-forever.com\\\/es\\\/shop\\\/\"},{\"@type\":\"ListItem\",\"position\":3,\"name\":\"Urna de cremaci\u00f3n tama\u00f1o XL, Doble Coraz\u00f3n\"}]},{\"@type\":\"WebSite\",\"@id\":\"https:\\\/\\\/www.rememberme-forever.com\\\/es\\\/#website\",\"url\":\"https:\\\/\\\/www.rememberme-forever.com\\\/es\\\/\",\"name\":\"Remember Forever\",\"description\":\"Cremation urns, funeral urns, urns for ashes\",\"publisher\":{\"@id\":\"https:\\\/\\\/www.rememberme-forever.com\\\/es\\\/#organization\"},\"potentialAction\":[{\"@type\":\"SearchAction\",\"target\":{\"@type\":\"EntryPoint\",\"urlTemplate\":\"https:\\\/\\\/www.rememberme-forever.com\\\/es\\\/?s={search_term_string}\"},\"query-input\":{\"@type\":\"PropertyValueSpecification\",\"valueRequired\":true,\"valueName\":\"search_term_string\"}}],\"inLanguage\":\"es\"},{\"@type\":\"Organization\",\"@id\":\"https:\\\/\\\/www.rememberme-forever.com\\\/es\\\/#organization\",\"name\":\"Remember Forever\",\"url\":\"https:\\\/\\\/www.rememberme-forever.com\\\/es\\\/\",\"logo\":{\"@type\":\"ImageObject\",\"inLanguage\":\"es\",\"@id\":\"https:\\\/\\\/www.rememberme-forever.com\\\/es\\\/#\\\/schema\\\/logo\\\/image\\\/\",\"url\":\"https:\\\/\\\/www.rememberme-forever.com\\\/wp-content\\\/uploads\\\/2023\\\/02\\\/logo.png\",\"contentUrl\":\"https:\\\/\\\/www.rememberme-forever.com\\\/wp-content\\\/uploads\\\/2023\\\/02\\\/logo.png\",\"width\":300,\"height\":56,\"caption\":\"Remember Forever\"},\"image\":{\"@id\":\"https:\\\/\\\/www.rememberme-forever.com\\\/es\\\/#\\\/schema\\\/logo\\\/image\\\/\"}}]}<\/script>\n<!-- \/ Yoast SEO plugin. -->","yoast_head_json":{"title":"Urna de cremaci\u00f3n tama\u00f1o XL, Doble Coraz\u00f3n","description":"Presentamos la Urna Companion tama\u00f1o XL, un exquisito homenaje para dos seres queridos o una persona mayor. Urna de cremaci\u00f3n grande de acero inoxidable.","robots":{"index":"index","follow":"follow","max-snippet":"max-snippet:-1","max-image-preview":"max-image-preview:large","max-video-preview":"max-video-preview:-1"},"canonical":"https:\/\/www.rememberme-forever.com\/es\/producto\/urna-de-cremacion-tamano-xl-doble-corazon\/","og_locale":"es_ES","og_type":"article","og_title":"Urna de cremaci\u00f3n tama\u00f1o XL, Doble Coraz\u00f3n","og_description":"Presentamos la Urna Companion tama\u00f1o XL, un exquisito homenaje para dos seres queridos o una persona mayor. Urna de cremaci\u00f3n grande de acero inoxidable.","og_url":"https:\/\/www.rememberme-forever.com\/es\/producto\/urna-de-cremacion-tamano-xl-doble-corazon\/","og_site_name":"Remember Forever","article_modified_time":"2025-12-03T07:54:33+00:00","og_image":[{"width":768,"height":768,"url":"http:\/\/www.rememberme-forever.com\/wp-content\/uploads\/2023\/04\/companion-urn-for-two-adults.jpg","type":"image\/jpeg"}],"twitter_card":"summary_large_image","twitter_misc":{"Tiempo de lectura":"2 minutos"},"schema":{"@context":"https:\/\/schema.org","@graph":[{"@type":"WebPage","@id":"https:\/\/www.rememberme-forever.com\/es\/producto\/urna-de-cremacion-tamano-xl-doble-corazon\/","url":"https:\/\/www.rememberme-forever.com\/es\/producto\/urna-de-cremacion-tamano-xl-doble-corazon\/","name":"Urna de cremaci\u00f3n tama\u00f1o XL, Doble Coraz\u00f3n","isPartOf":{"@id":"https:\/\/www.rememberme-forever.com\/es\/#website"},"primaryImageOfPage":{"@id":"https:\/\/www.rememberme-forever.com\/es\/producto\/urna-de-cremacion-tamano-xl-doble-corazon\/#primaryimage"},"image":{"@id":"https:\/\/www.rememberme-forever.com\/es\/producto\/urna-de-cremacion-tamano-xl-doble-corazon\/#primaryimage"},"thumbnailUrl":"https:\/\/www.rememberme-forever.com\/wp-content\/uploads\/2023\/04\/companion-urn-for-two-adults.jpg","datePublished":"2023-04-06T13:25:38+00:00","dateModified":"2025-12-03T07:54:33+00:00","description":"Presentamos la Urna Companion tama\u00f1o XL, un exquisito homenaje para dos seres queridos o una persona mayor. Urna de cremaci\u00f3n grande de acero inoxidable.","breadcrumb":{"@id":"https:\/\/www.rememberme-forever.com\/es\/producto\/urna-de-cremacion-tamano-xl-doble-corazon\/#breadcrumb"},"inLanguage":"es","potentialAction":[{"@type":"ReadAction","target":["https:\/\/www.rememberme-forever.com\/es\/producto\/urna-de-cremacion-tamano-xl-doble-corazon\/"]}]},{"@type":"ImageObject","inLanguage":"es","@id":"https:\/\/www.rememberme-forever.com\/es\/producto\/urna-de-cremacion-tamano-xl-doble-corazon\/#primaryimage","url":"https:\/\/www.rememberme-forever.com\/wp-content\/uploads\/2023\/04\/companion-urn-for-two-adults.jpg","contentUrl":"https:\/\/www.rememberme-forever.com\/wp-content\/uploads\/2023\/04\/companion-urn-for-two-adults.jpg","width":768,"height":768,"caption":"Urna de compa\u00f1\u00eda para dos adultos"},{"@type":"BreadcrumbList","@id":"https:\/\/www.rememberme-forever.com\/es\/producto\/urna-de-cremacion-tamano-xl-doble-corazon\/#breadcrumb","itemListElement":[{"@type":"ListItem","position":1,"name":"Home","item":"https:\/\/www.rememberme-forever.com\/es\/inicio\/"},{"@type":"ListItem","position":2,"name":"Comercio","item":"https:\/\/www.rememberme-forever.com\/es\/shop\/"},{"@type":"ListItem","position":3,"name":"Urna de cremaci\u00f3n tama\u00f1o XL, Doble Coraz\u00f3n"}]},{"@type":"WebSite","@id":"https:\/\/www.rememberme-forever.com\/es\/#website","url":"https:\/\/www.rememberme-forever.com\/es\/","name":"Remember Forever","description":"Cremation urns, funeral urns, urns for ashes","publisher":{"@id":"https:\/\/www.rememberme-forever.com\/es\/#organization"},"potentialAction":[{"@type":"SearchAction","target":{"@type":"EntryPoint","urlTemplate":"https:\/\/www.rememberme-forever.com\/es\/?s={search_term_string}"},"query-input":{"@type":"PropertyValueSpecification","valueRequired":true,"valueName":"search_term_string"}}],"inLanguage":"es"},{"@type":"Organization","@id":"https:\/\/www.rememberme-forever.com\/es\/#organization","name":"Remember Forever","url":"https:\/\/www.rememberme-forever.com\/es\/","logo":{"@type":"ImageObject","inLanguage":"es","@id":"https:\/\/www.rememberme-forever.com\/es\/#\/schema\/logo\/image\/","url":"https:\/\/www.rememberme-forever.com\/wp-content\/uploads\/2023\/02\/logo.png","contentUrl":"https:\/\/www.rememberme-forever.com\/wp-content\/uploads\/2023\/02\/logo.png","width":300,"height":56,"caption":"Remember Forever"},"image":{"@id":"https:\/\/www.rememberme-forever.com\/es\/#\/schema\/logo\/image\/"}}]}},"acf":[],"_links":{"self":[{"href":"https:\/\/www.rememberme-forever.com\/es\/wp-json\/wp\/v2\/product\/23298","targetHints":{"allow":["GET"]}}],"collection":[{"href":"https:\/\/www.rememberme-forever.com\/es\/wp-json\/wp\/v2\/product"}],"about":[{"href":"https:\/\/www.rememberme-forever.com\/es\/wp-json\/wp\/v2\/types\/product"}],"replies":[{"embeddable":true,"href":"https:\/\/www.rememberme-forever.com\/es\/wp-json\/wp\/v2\/comments?post=23298"}],"wp:featuredmedia":[{"embeddable":true,"href":"https:\/\/www.rememberme-forever.com\/es\/wp-json\/wp\/v2\/media\/23296"}],"wp:attachment":[{"href":"https:\/\/www.rememberme-forever.com\/es\/wp-json\/wp\/v2\/media?parent=23298"}],"wp:term":[{"taxonomy":"product_brand","embeddable":true,"href":"https:\/\/www.rememberme-forever.com\/es\/wp-json\/wp\/v2\/product_brand?post=23298"},{"taxonomy":"product_cat","embeddable":true,"href":"https:\/\/www.rememberme-forever.com\/es\/wp-json\/wp\/v2\/product_cat?post=23298"},{"taxonomy":"product_tag","embeddable":true,"href":"https:\/\/www.rememberme-forever.com\/es\/wp-json\/wp\/v2\/product_tag?post=23298"}],"curies":[{"name":"wp","href":"https:\/\/api.w.org\/{rel}","templated":true}]}}