{"id":23754,"date":"2025-07-18T11:22:43","date_gmt":"2025-07-18T09:22:43","guid":{"rendered":"https:\/\/www.rememberme-forever.com\/product\/urna-de-cremacion-para-padres-urna-doble-para-matrimonio\/"},"modified":"2025-12-10T14:04:41","modified_gmt":"2025-12-10T13:04:41","slug":"urna-de-cremacion-para-padres-urna-doble-para-matrimonio","status":"publish","type":"product","link":"https:\/\/www.rememberme-forever.com\/es\/producto\/urna-de-cremacion-para-padres-urna-doble-para-matrimonio\/","title":{"rendered":"Urna de cremaci\u00f3n para padres. Urna doble para matrimonio."},"content":{"rendered":"<div style=\"text-align: center;\">\n<p data-start=\"82\" data-end=\"144\"><strong data-start=\"82\" data-end=\"144\"><span style=\"color: #000000;\">Urna de cremaci\u00f3n para padres o pareja.<\/span><\/strong><\/p>\n<p data-start=\"146\" data-end=\"481\"><span style=\"color: #000000;\">Esta urna de cremaci\u00f3n, de hermoso dise\u00f1o, ofrece un lugar de descanso final digno y simb\u00f3lico para dos personas, ideal para una pareja devota, compa\u00f1eros de vida o padres queridos. El conjunto consta de dos urnas unidas, cada una fabricada en acero inoxidable cepillado y rematada con una tapa de madera maciza oscura que crea un llamativo contraste de materiales y tonos. <\/span><\/p>\n<p data-start=\"483\" data-end=\"742\"><span style=\"color: #000000;\">Cada urna presenta una escena \u00fanica grabada en el frente: una representa a un hombre y la otra a una mujer, ambos caminando pac\u00edficamente por un paisaje sereno hacia el horizonte. Estas im\u00e1genes representan el amor eterno, la unidad y el viaje compartido de la vida, incluso m\u00e1s all\u00e1. <\/span><\/p>\n<p data-start=\"744\" data-end=\"867\"><span style=\"color: #000000;\">Sobre cada panel hay una placa personalizable donde se pueden grabar nombres, fechas o un mensaje conmovedor para honrar su memoria.<\/span><\/p>\n<p data-start=\"869\" data-end=\"1005\"><span style=\"color: #000000;\">El interior est\u00e1 forrado con fieltro suave para proteger las cenizas, mientras que su espacioso dise\u00f1o garantiza la capacidad completa para cada persona.<\/span><\/p>\n<h3 data-start=\"1012\" data-end=\"1036\"><\/h3>\n<h3 data-start=\"1012\" data-end=\"1036\"><span style=\"color: #000000;\">\u25ba Caracter\u00edsticas del producto \u25c4<\/span><\/h3>\n<p>Material: Acero inoxidable cepillado con tapas de madera maciza<br \/>\nDise\u00f1o: Dos urnas separadas unidas en un solo conjunto, cada una con su propio grabado simb\u00f3lico (hombre y mujer)<br \/>\nPersonalizaci\u00f3n: Placas personalizables con nombres o inscripciones individuales<br \/>\nInterior: Forro de fieltro suave para un almacenamiento respetuoso<br \/>\nApertura: Apertura segura de la tapa desde la parte superior<br \/>\nCapacidad: Capacidad completa para dos adultos (aproximadamente 4 L por urna)<br \/>\nUso: Ideal para exhibir en casa o colocar en un columbario<\/p>\n<p data-start=\"1540\" data-end=\"1705\" data-is-last-node=\"\" data-is-only-node=\"\"><span style=\"color: #000000;\">Un homenaje significativo para parejas cuyo v\u00ednculo trascendi\u00f3 toda la vida. Esta urna de compa\u00f1\u00eda preserva su conexi\u00f3n de una forma elegante y profundamente simb\u00f3lica. <\/span><\/p>\n<\/div>\n<div style=\"width: 100%; margin-bottom: 40px; height: max-content; padding-bottom: 60%; position: relative;\"><iframe style=\"position: absolute; top: 0; left: 0; width: 100%; height: 100%;\" src=\"https:\/\/rememberme-urns.com\/double-box-for-parents\/\" frameborder=\"0\"><\/iframe><\/div>\n<div style=\"color: red; text-align: center; margin-bottom: 25px;\">\n<p>&gt;&gt; Foto giratoria &#8211; pulsar\/acercar &lt;&lt;<\/p>\n<\/div>\n<p class=\"MsoNormal\" style=\"text-align: center; margin-bottom: 7.5pt; line-height: 15.75pt; background-image: initial; background-position: initial; background-size: initial; background-repeat: initial; background-attachment: initial;\"><span style=\"color: #000000;\"><b><span style=\"font-size: 10pt; font-family: Helvetica, sans-serif;\">\u25ba PERSONALIZACI\u00d3N \u25c4<\/span><\/b><\/span><\/p>\n<p class=\"MsoNormal\" style=\"text-align: center; margin-bottom: 7.5pt; line-height: 15.75pt; background-image: initial; background-position: initial; background-size: initial; background-repeat: initial; background-attachment: initial;\">Por favor, a\u00f1ada dos textos a dos placas conmemorativas.<b><\/b><\/p>\n<div style=\"text-align: center;\"><span style=\"font-size: 10.5pt;\">Si elige una placa personalizada, escriba el texto en el lugar correspondiente o env\u00edenos un mensaje.<\/span><\/div>\n<div style=\"text-align: center;\"><span style=\"font-size: 10.5pt;\">La placa conmemorativa personalizada debe personalizarse durante el proceso de pedido. (No se preocupe si lo olvida, siempre puede enviarnos un mensaje m\u00e1s tarde).The personalized memorial plaque must be customized during the ordering process. (Don\u2019t worry if you forget, you can always send us a message later.) <\/span><\/div>\n<p>&nbsp;<\/p>\n<p class=\"MsoNormal\" style=\"text-align: center; margin-bottom: 7.5pt; line-height: 15.75pt; background-image: initial; background-position: initial; background-size: initial; background-repeat: initial; background-attachment: initial;\"><span style=\"color: #000000;\"><b><span lang=\"EN-US\" style=\"font-size: 10pt; font-family: Helvetica, sans-serif;\">Las limitaciones de texto son las siguientes:<\/span><\/b><\/span><\/p>\n<div style=\"text-align: center;\"><span style=\"font-size: 10.5pt;\">Nombre(s): hasta 24 caracteres<\/span><\/div>\n<div style=\"text-align: center;\"><span style=\"font-size: 10.5pt;\">Fecha de nacimiento y fallecimiento: hasta 24 caracteres<\/span><\/div>\n<div style=\"text-align: center;\"><span style=\"font-size: 10.5pt;\">Tercera l\u00ednea: hasta 24 caracteres<\/span><\/div>\n<div style=\"text-align: center;\"><span style=\"font-size: 10.5pt;\">Cuarta l\u00ednea: hasta 24 caracteres<\/span><\/div>\n<div style=\"text-align: center;\"><span style=\"font-size: 10.5pt;\">Quinta l\u00ednea: hasta 24 caracteres<\/span><\/div>\n<p>&nbsp;<\/p>\n<p class=\"MsoNormal\" style=\"text-align: center; margin-bottom: 7.5pt; line-height: 15.75pt; background-image: initial; background-position: initial; background-size: initial; background-repeat: initial; background-attachment: initial;\"><span style=\"color: #000000;\"><b><span lang=\"EN-US\" style=\"font-size: 10pt; font-family: Helvetica, sans-serif;\">Por favor, revise el texto del grabado antes de agregar el producto a su carrito. Copiamos y grabamos exactamente la informaci\u00f3n que recibimos con el pedido y no realizamos ning\u00fan cambio por nuestra parte. <\/span><\/b><\/span><\/p>\n<div style=\"text-align: center;\"><span style=\"font-size: 10.5pt;\">Revise el texto para asegurarse de que la ortograf\u00eda sea correcta.<\/span><\/div>\n<div style=\"font-weight: bold; text-align: center;\">NO introduzca la informaci\u00f3n del grabado si compra la opci\u00f3n \u00abUrna sin placa\u00bb.<\/div>\n<p>&nbsp;<\/p>\n","protected":false},"excerpt":{"rendered":"<p>Urna de cremaci\u00f3n para padres o pareja. Esta urna de cremaci\u00f3n, de hermoso dise\u00f1o, ofrece un lugar de descanso final digno y simb\u00f3lico para dos&#8230;<\/p>\n","protected":false},"featured_media":23750,"template":"","meta":{"_acf_changed":false},"product_brand":[],"product_cat":[2459,2446,2455],"product_tag":[3351],"class_list":{"0":"post-23754","1":"product","2":"type-product","3":"status-publish","4":"has-post-thumbnail","6":"product_cat-miembros-de-la-familia","7":"product_cat-urnas-acompanantes","8":"product_cat-urnas-tematicas","9":"product_tag-gpsr-metal_wood_cover","10":"product_shipping_class-2-4kg-es","12":"first","13":"instock","14":"taxable","15":"shipping-taxable","16":"purchasable","17":"product-type-variable"},"yoast_head":"<!-- This site is optimized with the Yoast SEO plugin v27.4 - https:\/\/yoast.com\/product\/yoast-seo-wordpress\/ -->\n<title>Urna de cremaci\u00f3n para padres. Urna doble para matrimonio. - Remember Forever<\/title>\n<meta name=\"robots\" content=\"index, follow, max-snippet:-1, max-image-preview:large, max-video-preview:-1\" \/>\n<link rel=\"canonical\" href=\"https:\/\/www.rememberme-forever.com\/es\/producto\/urna-de-cremacion-para-padres-urna-doble-para-matrimonio\/\" \/>\n<meta property=\"og:locale\" content=\"es_ES\" \/>\n<meta property=\"og:type\" content=\"article\" \/>\n<meta property=\"og:title\" content=\"Urna de cremaci\u00f3n para padres. Urna doble para matrimonio. - Remember Forever\" \/>\n<meta property=\"og:description\" content=\"Urna de cremaci\u00f3n para padres o pareja. Esta urna de cremaci\u00f3n, de hermoso dise\u00f1o, ofrece un lugar de descanso final digno y simb\u00f3lico para dos...\" \/>\n<meta property=\"og:url\" content=\"https:\/\/www.rememberme-forever.com\/es\/producto\/urna-de-cremacion-para-padres-urna-doble-para-matrimonio\/\" \/>\n<meta property=\"og:site_name\" content=\"Remember Forever\" \/>\n<meta property=\"article:modified_time\" content=\"2025-12-10T13:04:41+00:00\" \/>\n<meta property=\"og:image\" content=\"http:\/\/www.rememberme-forever.com\/wp-content\/uploads\/2025\/07\/Double-urn-for-parents_0001.jpg\" \/>\n\t<meta property=\"og:image:width\" content=\"1007\" \/>\n\t<meta property=\"og:image:height\" content=\"1024\" \/>\n\t<meta property=\"og:image:type\" content=\"image\/jpeg\" \/>\n<meta name=\"twitter:card\" content=\"summary_large_image\" \/>\n<meta name=\"twitter:label1\" content=\"Tiempo de lectura\" \/>\n\t<meta name=\"twitter:data1\" content=\"3 minutos\" \/>\n<script type=\"application\/ld+json\" class=\"yoast-schema-graph\">{\"@context\":\"https:\\\/\\\/schema.org\",\"@graph\":[{\"@type\":\"WebPage\",\"@id\":\"https:\\\/\\\/www.rememberme-forever.com\\\/es\\\/producto\\\/urna-de-cremacion-para-padres-urna-doble-para-matrimonio\\\/\",\"url\":\"https:\\\/\\\/www.rememberme-forever.com\\\/es\\\/producto\\\/urna-de-cremacion-para-padres-urna-doble-para-matrimonio\\\/\",\"name\":\"Urna de cremaci\u00f3n para padres. Urna doble para matrimonio. - Remember Forever\",\"isPartOf\":{\"@id\":\"https:\\\/\\\/www.rememberme-forever.com\\\/es\\\/#website\"},\"primaryImageOfPage\":{\"@id\":\"https:\\\/\\\/www.rememberme-forever.com\\\/es\\\/producto\\\/urna-de-cremacion-para-padres-urna-doble-para-matrimonio\\\/#primaryimage\"},\"image\":{\"@id\":\"https:\\\/\\\/www.rememberme-forever.com\\\/es\\\/producto\\\/urna-de-cremacion-para-padres-urna-doble-para-matrimonio\\\/#primaryimage\"},\"thumbnailUrl\":\"https:\\\/\\\/www.rememberme-forever.com\\\/wp-content\\\/uploads\\\/2025\\\/07\\\/Double-urn-for-parents_0001.jpg\",\"datePublished\":\"2025-07-18T09:22:43+00:00\",\"dateModified\":\"2025-12-10T13:04:41+00:00\",\"breadcrumb\":{\"@id\":\"https:\\\/\\\/www.rememberme-forever.com\\\/es\\\/producto\\\/urna-de-cremacion-para-padres-urna-doble-para-matrimonio\\\/#breadcrumb\"},\"inLanguage\":\"es\",\"potentialAction\":[{\"@type\":\"ReadAction\",\"target\":[\"https:\\\/\\\/www.rememberme-forever.com\\\/es\\\/producto\\\/urna-de-cremacion-para-padres-urna-doble-para-matrimonio\\\/\"]}]},{\"@type\":\"ImageObject\",\"inLanguage\":\"es\",\"@id\":\"https:\\\/\\\/www.rememberme-forever.com\\\/es\\\/producto\\\/urna-de-cremacion-para-padres-urna-doble-para-matrimonio\\\/#primaryimage\",\"url\":\"https:\\\/\\\/www.rememberme-forever.com\\\/wp-content\\\/uploads\\\/2025\\\/07\\\/Double-urn-for-parents_0001.jpg\",\"contentUrl\":\"https:\\\/\\\/www.rememberme-forever.com\\\/wp-content\\\/uploads\\\/2025\\\/07\\\/Double-urn-for-parents_0001.jpg\",\"width\":1007,\"height\":1024,\"caption\":\"Urna de cremaci\u00f3n para padres. Urna doble para matrimonio.\"},{\"@type\":\"BreadcrumbList\",\"@id\":\"https:\\\/\\\/www.rememberme-forever.com\\\/es\\\/producto\\\/urna-de-cremacion-para-padres-urna-doble-para-matrimonio\\\/#breadcrumb\",\"itemListElement\":[{\"@type\":\"ListItem\",\"position\":1,\"name\":\"Home\",\"item\":\"https:\\\/\\\/www.rememberme-forever.com\\\/es\\\/inicio\\\/\"},{\"@type\":\"ListItem\",\"position\":2,\"name\":\"Comercio\",\"item\":\"https:\\\/\\\/www.rememberme-forever.com\\\/es\\\/shop\\\/\"},{\"@type\":\"ListItem\",\"position\":3,\"name\":\"Urna de cremaci\u00f3n para padres. Urna doble para matrimonio.\"}]},{\"@type\":\"WebSite\",\"@id\":\"https:\\\/\\\/www.rememberme-forever.com\\\/es\\\/#website\",\"url\":\"https:\\\/\\\/www.rememberme-forever.com\\\/es\\\/\",\"name\":\"Remember Forever\",\"description\":\"Cremation urns, funeral urns, urns for ashes\",\"publisher\":{\"@id\":\"https:\\\/\\\/www.rememberme-forever.com\\\/es\\\/#organization\"},\"potentialAction\":[{\"@type\":\"SearchAction\",\"target\":{\"@type\":\"EntryPoint\",\"urlTemplate\":\"https:\\\/\\\/www.rememberme-forever.com\\\/es\\\/?s={search_term_string}\"},\"query-input\":{\"@type\":\"PropertyValueSpecification\",\"valueRequired\":true,\"valueName\":\"search_term_string\"}}],\"inLanguage\":\"es\"},{\"@type\":\"Organization\",\"@id\":\"https:\\\/\\\/www.rememberme-forever.com\\\/es\\\/#organization\",\"name\":\"Remember Forever\",\"url\":\"https:\\\/\\\/www.rememberme-forever.com\\\/es\\\/\",\"logo\":{\"@type\":\"ImageObject\",\"inLanguage\":\"es\",\"@id\":\"https:\\\/\\\/www.rememberme-forever.com\\\/es\\\/#\\\/schema\\\/logo\\\/image\\\/\",\"url\":\"https:\\\/\\\/www.rememberme-forever.com\\\/wp-content\\\/uploads\\\/2023\\\/02\\\/logo.png\",\"contentUrl\":\"https:\\\/\\\/www.rememberme-forever.com\\\/wp-content\\\/uploads\\\/2023\\\/02\\\/logo.png\",\"width\":300,\"height\":56,\"caption\":\"Remember Forever\"},\"image\":{\"@id\":\"https:\\\/\\\/www.rememberme-forever.com\\\/es\\\/#\\\/schema\\\/logo\\\/image\\\/\"}}]}<\/script>\n<!-- \/ Yoast SEO plugin. -->","yoast_head_json":{"title":"Urna de cremaci\u00f3n para padres. Urna doble para matrimonio. - Remember Forever","robots":{"index":"index","follow":"follow","max-snippet":"max-snippet:-1","max-image-preview":"max-image-preview:large","max-video-preview":"max-video-preview:-1"},"canonical":"https:\/\/www.rememberme-forever.com\/es\/producto\/urna-de-cremacion-para-padres-urna-doble-para-matrimonio\/","og_locale":"es_ES","og_type":"article","og_title":"Urna de cremaci\u00f3n para padres. Urna doble para matrimonio. - Remember Forever","og_description":"Urna de cremaci\u00f3n para padres o pareja. Esta urna de cremaci\u00f3n, de hermoso dise\u00f1o, ofrece un lugar de descanso final digno y simb\u00f3lico para dos...","og_url":"https:\/\/www.rememberme-forever.com\/es\/producto\/urna-de-cremacion-para-padres-urna-doble-para-matrimonio\/","og_site_name":"Remember Forever","article_modified_time":"2025-12-10T13:04:41+00:00","og_image":[{"width":1007,"height":1024,"url":"http:\/\/www.rememberme-forever.com\/wp-content\/uploads\/2025\/07\/Double-urn-for-parents_0001.jpg","type":"image\/jpeg"}],"twitter_card":"summary_large_image","twitter_misc":{"Tiempo de lectura":"3 minutos"},"schema":{"@context":"https:\/\/schema.org","@graph":[{"@type":"WebPage","@id":"https:\/\/www.rememberme-forever.com\/es\/producto\/urna-de-cremacion-para-padres-urna-doble-para-matrimonio\/","url":"https:\/\/www.rememberme-forever.com\/es\/producto\/urna-de-cremacion-para-padres-urna-doble-para-matrimonio\/","name":"Urna de cremaci\u00f3n para padres. Urna doble para matrimonio. - Remember Forever","isPartOf":{"@id":"https:\/\/www.rememberme-forever.com\/es\/#website"},"primaryImageOfPage":{"@id":"https:\/\/www.rememberme-forever.com\/es\/producto\/urna-de-cremacion-para-padres-urna-doble-para-matrimonio\/#primaryimage"},"image":{"@id":"https:\/\/www.rememberme-forever.com\/es\/producto\/urna-de-cremacion-para-padres-urna-doble-para-matrimonio\/#primaryimage"},"thumbnailUrl":"https:\/\/www.rememberme-forever.com\/wp-content\/uploads\/2025\/07\/Double-urn-for-parents_0001.jpg","datePublished":"2025-07-18T09:22:43+00:00","dateModified":"2025-12-10T13:04:41+00:00","breadcrumb":{"@id":"https:\/\/www.rememberme-forever.com\/es\/producto\/urna-de-cremacion-para-padres-urna-doble-para-matrimonio\/#breadcrumb"},"inLanguage":"es","potentialAction":[{"@type":"ReadAction","target":["https:\/\/www.rememberme-forever.com\/es\/producto\/urna-de-cremacion-para-padres-urna-doble-para-matrimonio\/"]}]},{"@type":"ImageObject","inLanguage":"es","@id":"https:\/\/www.rememberme-forever.com\/es\/producto\/urna-de-cremacion-para-padres-urna-doble-para-matrimonio\/#primaryimage","url":"https:\/\/www.rememberme-forever.com\/wp-content\/uploads\/2025\/07\/Double-urn-for-parents_0001.jpg","contentUrl":"https:\/\/www.rememberme-forever.com\/wp-content\/uploads\/2025\/07\/Double-urn-for-parents_0001.jpg","width":1007,"height":1024,"caption":"Urna de cremaci\u00f3n para padres. Urna doble para matrimonio."},{"@type":"BreadcrumbList","@id":"https:\/\/www.rememberme-forever.com\/es\/producto\/urna-de-cremacion-para-padres-urna-doble-para-matrimonio\/#breadcrumb","itemListElement":[{"@type":"ListItem","position":1,"name":"Home","item":"https:\/\/www.rememberme-forever.com\/es\/inicio\/"},{"@type":"ListItem","position":2,"name":"Comercio","item":"https:\/\/www.rememberme-forever.com\/es\/shop\/"},{"@type":"ListItem","position":3,"name":"Urna de cremaci\u00f3n para padres. Urna doble para matrimonio."}]},{"@type":"WebSite","@id":"https:\/\/www.rememberme-forever.com\/es\/#website","url":"https:\/\/www.rememberme-forever.com\/es\/","name":"Remember Forever","description":"Cremation urns, funeral urns, urns for ashes","publisher":{"@id":"https:\/\/www.rememberme-forever.com\/es\/#organization"},"potentialAction":[{"@type":"SearchAction","target":{"@type":"EntryPoint","urlTemplate":"https:\/\/www.rememberme-forever.com\/es\/?s={search_term_string}"},"query-input":{"@type":"PropertyValueSpecification","valueRequired":true,"valueName":"search_term_string"}}],"inLanguage":"es"},{"@type":"Organization","@id":"https:\/\/www.rememberme-forever.com\/es\/#organization","name":"Remember Forever","url":"https:\/\/www.rememberme-forever.com\/es\/","logo":{"@type":"ImageObject","inLanguage":"es","@id":"https:\/\/www.rememberme-forever.com\/es\/#\/schema\/logo\/image\/","url":"https:\/\/www.rememberme-forever.com\/wp-content\/uploads\/2023\/02\/logo.png","contentUrl":"https:\/\/www.rememberme-forever.com\/wp-content\/uploads\/2023\/02\/logo.png","width":300,"height":56,"caption":"Remember Forever"},"image":{"@id":"https:\/\/www.rememberme-forever.com\/es\/#\/schema\/logo\/image\/"}}]}},"acf":[],"_links":{"self":[{"href":"https:\/\/www.rememberme-forever.com\/es\/wp-json\/wp\/v2\/product\/23754","targetHints":{"allow":["GET"]}}],"collection":[{"href":"https:\/\/www.rememberme-forever.com\/es\/wp-json\/wp\/v2\/product"}],"about":[{"href":"https:\/\/www.rememberme-forever.com\/es\/wp-json\/wp\/v2\/types\/product"}],"wp:featuredmedia":[{"embeddable":true,"href":"https:\/\/www.rememberme-forever.com\/es\/wp-json\/wp\/v2\/media\/23750"}],"wp:attachment":[{"href":"https:\/\/www.rememberme-forever.com\/es\/wp-json\/wp\/v2\/media?parent=23754"}],"wp:term":[{"taxonomy":"product_brand","embeddable":true,"href":"https:\/\/www.rememberme-forever.com\/es\/wp-json\/wp\/v2\/product_brand?post=23754"},{"taxonomy":"product_cat","embeddable":true,"href":"https:\/\/www.rememberme-forever.com\/es\/wp-json\/wp\/v2\/product_cat?post=23754"},{"taxonomy":"product_tag","embeddable":true,"href":"https:\/\/www.rememberme-forever.com\/es\/wp-json\/wp\/v2\/product_tag?post=23754"}],"curies":[{"name":"wp","href":"https:\/\/api.w.org\/{rel}","templated":true}]}}