{"id":24328,"date":"2026-01-13T14:54:22","date_gmt":"2026-01-13T13:54:22","guid":{"rendered":"https:\/\/www.rememberme-forever.com\/product\/urna-de-lujo-para-cenizas-de-cremacion-para-adultos-con-foto-y-placa-conmemorativa\/"},"modified":"2026-01-14T08:21:29","modified_gmt":"2026-01-14T07:21:29","slug":"urna-de-lujo-para-cenizas-de-cremacion-para-adultos-con-foto-y-placa-conmemorativa","status":"publish","type":"product","link":"https:\/\/www.rememberme-forever.com\/es\/producto\/urna-de-lujo-para-cenizas-de-cremacion-para-adultos-con-foto-y-placa-conmemorativa\/","title":{"rendered":"Urna de lujo para cenizas de cremaci\u00f3n para adultos con foto y placa conmemorativa"},"content":{"rendered":"<h3 style=\"text-align: center;\"><\/h3>\n<p class=\"MsoNormal\" style=\"text-align: center;\"><strong>Urna de cremaci\u00f3n personalizada para adultos \u2013 Esfera de acero inoxidable con base de m\u00e1rmol y foto<\/strong><\/p>\n<p class=\"MsoNormal\" style=\"text-align: center;\"><span style=\"font-weight: normal;\">Preserve el recuerdo de un ser querido con esta moderna y elegante urna de cremaci\u00f3n para adultos, fabricada en acero inoxidable pulido de alta calidad y colocada sobre una s\u00f3lida base de m\u00e1rmol. Su forma esf\u00e9rica atemporal y su acabado de espejo crean un monumento sereno y refinado que se integra a la perfecci\u00f3n en cualquier hogar, espacio de conmemoraci\u00f3n o estanter\u00eda conmemorativa. <\/span><\/p>\n<p class=\"MsoNormal\" style=\"text-align: center;\">\n<p class=\"MsoNormal\" style=\"text-align: center;\"><span style=\"font-weight: normal;\">El juego incluye una placa con foto que le permite mostrar una imagen significativa del difunto. Puede grabar una placa conmemorativa personalizada con su propio texto, como un nombre, fechas, una cita o un mensaje emotivo, convirtiendo cada urna en un homenaje \u00fanico. <\/span><\/p>\n<p class=\"MsoNormal\" style=\"text-align: center;\"><span style=\"font-weight: normal;\">Las cenizas se depositan de forma segura a trav\u00e9s de una abertura inferior roscada, lo que garantiza un llenado discreto y un almacenamiento seguro.<\/span><\/p>\n<p class=\"MsoNormal\" style=\"text-align: center;\">\n<div style=\"width: 100%; margin-bottom: 40px; height: max-content; padding-bottom: 60%; position: relative;\"><iframe style=\"position: absolute; top: 0; left: 0; width: 100%; height: 100%;\" src=\"https:\/\/rememberme-urns.com\/stainless-steel-adult-urn-for-ashes-with-a-photo\/\" frameborder=\"0\"><\/iframe><\/div>\n<div style=\"color: red; text-align: center; margin-bottom: 25px;\">\n<p>&gt;&gt; Foto giratoria &#8211; pulsar\/acercar &lt;&lt;<\/p>\n<\/div>\n<h3 class=\"MsoNormal\" style=\"text-align: center;\">Caracter\u00edsticas principales<\/h3>\n<ul style=\"text-align: center;\">\n<li><span style=\"font-weight: normal;\">Esfera de acero inoxidable pulida a espejo de primera calidad<\/span><\/li>\n<li><span style=\"font-weight: normal;\">Base de m\u00e1rmol resistente para mayor estabilidad y un aspecto lujoso<\/span><\/li>\n<li><span style=\"font-weight: normal;\">Incluye foto de su elecci\u00f3n<\/span><\/li>\n<li><span style=\"font-weight: normal;\">Placa conmemorativa personalizada con texto personalizado<\/span><\/li>\n<li><span style=\"font-weight: normal;\">Cierre de rosca inferior seguro para rellenar<\/span><\/li>\n<li><span style=\"font-weight: normal;\">Dise\u00f1o contempor\u00e1neo para conmemoraciones en hogares modernos<\/span><\/li>\n<\/ul>\n<p class=\"MsoNormal\" style=\"text-align: center;\">\n<p class=\"MsoNormal\" style=\"text-align: center;\"><span style=\"font-weight: normal;\">Esta urna est\u00e1 dise\u00f1ada para ofrecer comodidad y dignidad, ofreciendo un recuerdo duradero para quienes desean honrar a un ser querido de una manera hermosa y personal.<\/span><\/p>\n<p>&nbsp;<\/p>\n<div style=\"text-align: center;\">\u25ba<span data-start=\"0\" data-end=\"10\" data-is-only-node=\"\">FOTO<\/span>\u25c4<\/div>\n<div style=\"text-align: center;\"><\/div>\n<div style=\"text-align: center;\"><span style=\"color: #000000; font-family: Arial;\">\u2714\ufe0f La foto de la urna debe medir 5 cm \/ 2&#8243; \u00d7 5 cm \/ 2&#8243;.<\/span><\/div>\n<div style=\"text-align: center;\"><span style=\"color: #000000; font-family: Arial;\">\u2714\ufe0f Para preparar la foto, utilice una herramienta de recorte de fotos y env\u00edenosla por correo electr\u00f3nico.<\/span><\/div>\n<div style=\"text-align: center;\"><\/div>\n<div style=\"text-align: center;\"><a href=\"https:\/\/www.rememberme-forever.com\/image_cropper\/\" target=\"_blank\" rel=\"noopener\"><span style=\"color: #000000; font-family: Arial;\"><i><u>https:\/\/www.rememberme-forever.com\/image_cropper\/<\/u><\/i><\/span><\/a><\/div>\n<div style=\"text-align: center;\"><\/div>\n<div style=\"text-align: center;\"><span style=\"color: #000000; font-family: Arial;\">\u2714\ufe0f La foto se doblar\u00e1 0,3 cm (0,12&#8243;) por los lados.<\/span><\/div>\n<h3 style=\"text-align: center;\" align=\"center\"><\/h3>\n<p style=\"text-align: center;\"><strong>\u25ba PERSONALIZACI\u00d3N \u25c4<\/strong><\/p>\n<p style=\"text-align: center;\">\u2714\ufe0f Si elige una placa personalizada, introduzca el texto en el lugar correspondiente o env\u00edenos un mensaje.<\/p>\n<p style=\"text-align: center;\">\u2714\ufe0f La placa conmemorativa personalizada debe personalizarse durante el proceso de pedido. (No se preocupe si lo olvida, siempre puede enviarnos un mensaje m\u00e1s tarde).<\/p>\n<p style=\"text-align: center;\"><b>Las limitaciones de texto son las siguientes:<\/b><\/p>\n<p style=\"text-align: center;\"><span style=\"color: var(--text-color); font-size: 14px;\">Nombre(s): hasta 24 caracteres<\/span><\/p>\n<p style=\"text-align: center;\"><span style=\"color: var(--text-color); font-size: 14px;\">Fecha de nacimiento y fallecimiento: hasta 24 caracteres<\/span><\/p>\n<p style=\"text-align: center;\"><span style=\"color: var(--text-color); font-size: 14px;\">Tercera l\u00ednea: hasta 24 caracteres<\/span><\/p>\n<p style=\"text-align: center;\"><span style=\"font-size: 14px;\">Cuarta l\u00ednea: hasta 24 caracteres<\/span><\/p>\n<p style=\"text-align: center;\"><span style=\"font-size: 14px;\">Quinta l\u00ednea: hasta 24 caracteres<\/span><\/p>\n<div style=\"text-align: center;\"><\/div>\n<p style=\"text-align: center;\">\u2714\ufe0f Por favor, <strong>revise el texto del grabado<\/strong> antes de a\u00f1adir el producto a su carrito. Copiamos y grabamos exactamente la informaci\u00f3n que recibimos con el pedido y no realizamos ning\u00fan cambio por nuestra parte.<\/p>\n<p style=\"text-align: center;\">\u2714\ufe0f Revise el texto para asegurarse de que la ortograf\u00eda sea correcta.<\/p>\n<p style=\"text-align: center;\">\u2714\ufe0f<strong> NO <\/strong>introduzca la informaci\u00f3n del grabado si compra la opci\u00f3n \u00abUrna sin placa\u00bb.<\/p>\n","protected":false},"excerpt":{"rendered":"<p>Urna de cremaci\u00f3n personalizada para adultos \u2013 Esfera de acero inoxidable con base de m\u00e1rmol y foto Preserve el recuerdo de un ser querido con&#8230;<\/p>\n","protected":false},"featured_media":24325,"template":"","meta":{"_acf_changed":false},"product_brand":[],"product_cat":[3379,2451],"product_tag":[3292,3265],"class_list":{"0":"post-24328","1":"product","2":"type-product","3":"status-publish","4":"has-post-thumbnail","6":"product_cat-urnas-con-foto","7":"product_cat-urnas-de-metal","8":"product_tag-gpsr-metal_stonebase","9":"product_tag-photo","10":"product_shipping_class-4-5-kg-es","12":"first","13":"instock","14":"taxable","15":"shipping-taxable","16":"purchasable","17":"product-type-variable"},"yoast_head":"<!-- This site is optimized with the Yoast SEO plugin v27.4 - https:\/\/yoast.com\/product\/yoast-seo-wordpress\/ -->\n<title>Urna de lujo para cenizas de cremaci\u00f3n para adultos con foto y placa conmemorativa - Remember Forever<\/title>\n<meta name=\"robots\" content=\"index, follow, max-snippet:-1, max-image-preview:large, max-video-preview:-1\" \/>\n<link rel=\"canonical\" href=\"https:\/\/www.rememberme-forever.com\/es\/producto\/urna-de-lujo-para-cenizas-de-cremacion-para-adultos-con-foto-y-placa-conmemorativa\/\" \/>\n<meta property=\"og:locale\" content=\"es_ES\" \/>\n<meta property=\"og:type\" content=\"article\" \/>\n<meta property=\"og:title\" content=\"Urna de lujo para cenizas de cremaci\u00f3n para adultos con foto y placa conmemorativa - Remember Forever\" \/>\n<meta property=\"og:description\" content=\"Urna de cremaci\u00f3n personalizada para adultos \u2013 Esfera de acero inoxidable con base de m\u00e1rmol y foto Preserve el recuerdo de un ser querido con...\" \/>\n<meta property=\"og:url\" content=\"https:\/\/www.rememberme-forever.com\/es\/producto\/urna-de-lujo-para-cenizas-de-cremacion-para-adultos-con-foto-y-placa-conmemorativa\/\" \/>\n<meta property=\"og:site_name\" content=\"Remember Forever\" \/>\n<meta property=\"article:modified_time\" content=\"2026-01-14T07:21:29+00:00\" \/>\n<meta property=\"og:image\" content=\"http:\/\/www.rememberme-forever.com\/wp-content\/uploads\/2026\/01\/adult-urn-with-a-photo_0001.jpg\" \/>\n\t<meta property=\"og:image:width\" content=\"1007\" \/>\n\t<meta property=\"og:image:height\" content=\"1024\" \/>\n\t<meta property=\"og:image:type\" content=\"image\/jpeg\" \/>\n<meta name=\"twitter:card\" content=\"summary_large_image\" \/>\n<meta name=\"twitter:label1\" content=\"Tiempo de lectura\" \/>\n\t<meta name=\"twitter:data1\" content=\"3 minutos\" \/>\n<script type=\"application\/ld+json\" class=\"yoast-schema-graph\">{\"@context\":\"https:\\\/\\\/schema.org\",\"@graph\":[{\"@type\":\"WebPage\",\"@id\":\"https:\\\/\\\/www.rememberme-forever.com\\\/es\\\/producto\\\/urna-de-lujo-para-cenizas-de-cremacion-para-adultos-con-foto-y-placa-conmemorativa\\\/\",\"url\":\"https:\\\/\\\/www.rememberme-forever.com\\\/es\\\/producto\\\/urna-de-lujo-para-cenizas-de-cremacion-para-adultos-con-foto-y-placa-conmemorativa\\\/\",\"name\":\"Urna de lujo para cenizas de cremaci\u00f3n para adultos con foto y placa conmemorativa - Remember Forever\",\"isPartOf\":{\"@id\":\"https:\\\/\\\/www.rememberme-forever.com\\\/es\\\/#website\"},\"primaryImageOfPage\":{\"@id\":\"https:\\\/\\\/www.rememberme-forever.com\\\/es\\\/producto\\\/urna-de-lujo-para-cenizas-de-cremacion-para-adultos-con-foto-y-placa-conmemorativa\\\/#primaryimage\"},\"image\":{\"@id\":\"https:\\\/\\\/www.rememberme-forever.com\\\/es\\\/producto\\\/urna-de-lujo-para-cenizas-de-cremacion-para-adultos-con-foto-y-placa-conmemorativa\\\/#primaryimage\"},\"thumbnailUrl\":\"https:\\\/\\\/www.rememberme-forever.com\\\/wp-content\\\/uploads\\\/2026\\\/01\\\/adult-urn-with-a-photo_0001.jpg\",\"datePublished\":\"2026-01-13T13:54:22+00:00\",\"dateModified\":\"2026-01-14T07:21:29+00:00\",\"breadcrumb\":{\"@id\":\"https:\\\/\\\/www.rememberme-forever.com\\\/es\\\/producto\\\/urna-de-lujo-para-cenizas-de-cremacion-para-adultos-con-foto-y-placa-conmemorativa\\\/#breadcrumb\"},\"inLanguage\":\"es\",\"potentialAction\":[{\"@type\":\"ReadAction\",\"target\":[\"https:\\\/\\\/www.rememberme-forever.com\\\/es\\\/producto\\\/urna-de-lujo-para-cenizas-de-cremacion-para-adultos-con-foto-y-placa-conmemorativa\\\/\"]}]},{\"@type\":\"ImageObject\",\"inLanguage\":\"es\",\"@id\":\"https:\\\/\\\/www.rememberme-forever.com\\\/es\\\/producto\\\/urna-de-lujo-para-cenizas-de-cremacion-para-adultos-con-foto-y-placa-conmemorativa\\\/#primaryimage\",\"url\":\"https:\\\/\\\/www.rememberme-forever.com\\\/wp-content\\\/uploads\\\/2026\\\/01\\\/adult-urn-with-a-photo_0001.jpg\",\"contentUrl\":\"https:\\\/\\\/www.rememberme-forever.com\\\/wp-content\\\/uploads\\\/2026\\\/01\\\/adult-urn-with-a-photo_0001.jpg\",\"width\":1007,\"height\":1024,\"caption\":\"Urna de cremaci\u00f3n para adultos: esfera de acero inoxidable sobre base de m\u00e1rmol con placa conmemorativa y foto al frente.\"},{\"@type\":\"BreadcrumbList\",\"@id\":\"https:\\\/\\\/www.rememberme-forever.com\\\/es\\\/producto\\\/urna-de-lujo-para-cenizas-de-cremacion-para-adultos-con-foto-y-placa-conmemorativa\\\/#breadcrumb\",\"itemListElement\":[{\"@type\":\"ListItem\",\"position\":1,\"name\":\"Home\",\"item\":\"https:\\\/\\\/www.rememberme-forever.com\\\/es\\\/inicio\\\/\"},{\"@type\":\"ListItem\",\"position\":2,\"name\":\"Comercio\",\"item\":\"https:\\\/\\\/www.rememberme-forever.com\\\/es\\\/shop\\\/\"},{\"@type\":\"ListItem\",\"position\":3,\"name\":\"Urna de lujo para cenizas de cremaci\u00f3n para adultos con foto y placa conmemorativa\"}]},{\"@type\":\"WebSite\",\"@id\":\"https:\\\/\\\/www.rememberme-forever.com\\\/es\\\/#website\",\"url\":\"https:\\\/\\\/www.rememberme-forever.com\\\/es\\\/\",\"name\":\"Remember Forever\",\"description\":\"Cremation urns, funeral urns, urns for ashes\",\"publisher\":{\"@id\":\"https:\\\/\\\/www.rememberme-forever.com\\\/es\\\/#organization\"},\"potentialAction\":[{\"@type\":\"SearchAction\",\"target\":{\"@type\":\"EntryPoint\",\"urlTemplate\":\"https:\\\/\\\/www.rememberme-forever.com\\\/es\\\/?s={search_term_string}\"},\"query-input\":{\"@type\":\"PropertyValueSpecification\",\"valueRequired\":true,\"valueName\":\"search_term_string\"}}],\"inLanguage\":\"es\"},{\"@type\":\"Organization\",\"@id\":\"https:\\\/\\\/www.rememberme-forever.com\\\/es\\\/#organization\",\"name\":\"Remember Forever\",\"url\":\"https:\\\/\\\/www.rememberme-forever.com\\\/es\\\/\",\"logo\":{\"@type\":\"ImageObject\",\"inLanguage\":\"es\",\"@id\":\"https:\\\/\\\/www.rememberme-forever.com\\\/es\\\/#\\\/schema\\\/logo\\\/image\\\/\",\"url\":\"https:\\\/\\\/www.rememberme-forever.com\\\/wp-content\\\/uploads\\\/2023\\\/02\\\/logo.png\",\"contentUrl\":\"https:\\\/\\\/www.rememberme-forever.com\\\/wp-content\\\/uploads\\\/2023\\\/02\\\/logo.png\",\"width\":300,\"height\":56,\"caption\":\"Remember Forever\"},\"image\":{\"@id\":\"https:\\\/\\\/www.rememberme-forever.com\\\/es\\\/#\\\/schema\\\/logo\\\/image\\\/\"}}]}<\/script>\n<!-- \/ Yoast SEO plugin. -->","yoast_head_json":{"title":"Urna de lujo para cenizas de cremaci\u00f3n para adultos con foto y placa conmemorativa - Remember Forever","robots":{"index":"index","follow":"follow","max-snippet":"max-snippet:-1","max-image-preview":"max-image-preview:large","max-video-preview":"max-video-preview:-1"},"canonical":"https:\/\/www.rememberme-forever.com\/es\/producto\/urna-de-lujo-para-cenizas-de-cremacion-para-adultos-con-foto-y-placa-conmemorativa\/","og_locale":"es_ES","og_type":"article","og_title":"Urna de lujo para cenizas de cremaci\u00f3n para adultos con foto y placa conmemorativa - Remember Forever","og_description":"Urna de cremaci\u00f3n personalizada para adultos \u2013 Esfera de acero inoxidable con base de m\u00e1rmol y foto Preserve el recuerdo de un ser querido con...","og_url":"https:\/\/www.rememberme-forever.com\/es\/producto\/urna-de-lujo-para-cenizas-de-cremacion-para-adultos-con-foto-y-placa-conmemorativa\/","og_site_name":"Remember Forever","article_modified_time":"2026-01-14T07:21:29+00:00","og_image":[{"width":1007,"height":1024,"url":"http:\/\/www.rememberme-forever.com\/wp-content\/uploads\/2026\/01\/adult-urn-with-a-photo_0001.jpg","type":"image\/jpeg"}],"twitter_card":"summary_large_image","twitter_misc":{"Tiempo de lectura":"3 minutos"},"schema":{"@context":"https:\/\/schema.org","@graph":[{"@type":"WebPage","@id":"https:\/\/www.rememberme-forever.com\/es\/producto\/urna-de-lujo-para-cenizas-de-cremacion-para-adultos-con-foto-y-placa-conmemorativa\/","url":"https:\/\/www.rememberme-forever.com\/es\/producto\/urna-de-lujo-para-cenizas-de-cremacion-para-adultos-con-foto-y-placa-conmemorativa\/","name":"Urna de lujo para cenizas de cremaci\u00f3n para adultos con foto y placa conmemorativa - Remember Forever","isPartOf":{"@id":"https:\/\/www.rememberme-forever.com\/es\/#website"},"primaryImageOfPage":{"@id":"https:\/\/www.rememberme-forever.com\/es\/producto\/urna-de-lujo-para-cenizas-de-cremacion-para-adultos-con-foto-y-placa-conmemorativa\/#primaryimage"},"image":{"@id":"https:\/\/www.rememberme-forever.com\/es\/producto\/urna-de-lujo-para-cenizas-de-cremacion-para-adultos-con-foto-y-placa-conmemorativa\/#primaryimage"},"thumbnailUrl":"https:\/\/www.rememberme-forever.com\/wp-content\/uploads\/2026\/01\/adult-urn-with-a-photo_0001.jpg","datePublished":"2026-01-13T13:54:22+00:00","dateModified":"2026-01-14T07:21:29+00:00","breadcrumb":{"@id":"https:\/\/www.rememberme-forever.com\/es\/producto\/urna-de-lujo-para-cenizas-de-cremacion-para-adultos-con-foto-y-placa-conmemorativa\/#breadcrumb"},"inLanguage":"es","potentialAction":[{"@type":"ReadAction","target":["https:\/\/www.rememberme-forever.com\/es\/producto\/urna-de-lujo-para-cenizas-de-cremacion-para-adultos-con-foto-y-placa-conmemorativa\/"]}]},{"@type":"ImageObject","inLanguage":"es","@id":"https:\/\/www.rememberme-forever.com\/es\/producto\/urna-de-lujo-para-cenizas-de-cremacion-para-adultos-con-foto-y-placa-conmemorativa\/#primaryimage","url":"https:\/\/www.rememberme-forever.com\/wp-content\/uploads\/2026\/01\/adult-urn-with-a-photo_0001.jpg","contentUrl":"https:\/\/www.rememberme-forever.com\/wp-content\/uploads\/2026\/01\/adult-urn-with-a-photo_0001.jpg","width":1007,"height":1024,"caption":"Urna de cremaci\u00f3n para adultos: esfera de acero inoxidable sobre base de m\u00e1rmol con placa conmemorativa y foto al frente."},{"@type":"BreadcrumbList","@id":"https:\/\/www.rememberme-forever.com\/es\/producto\/urna-de-lujo-para-cenizas-de-cremacion-para-adultos-con-foto-y-placa-conmemorativa\/#breadcrumb","itemListElement":[{"@type":"ListItem","position":1,"name":"Home","item":"https:\/\/www.rememberme-forever.com\/es\/inicio\/"},{"@type":"ListItem","position":2,"name":"Comercio","item":"https:\/\/www.rememberme-forever.com\/es\/shop\/"},{"@type":"ListItem","position":3,"name":"Urna de lujo para cenizas de cremaci\u00f3n para adultos con foto y placa conmemorativa"}]},{"@type":"WebSite","@id":"https:\/\/www.rememberme-forever.com\/es\/#website","url":"https:\/\/www.rememberme-forever.com\/es\/","name":"Remember Forever","description":"Cremation urns, funeral urns, urns for ashes","publisher":{"@id":"https:\/\/www.rememberme-forever.com\/es\/#organization"},"potentialAction":[{"@type":"SearchAction","target":{"@type":"EntryPoint","urlTemplate":"https:\/\/www.rememberme-forever.com\/es\/?s={search_term_string}"},"query-input":{"@type":"PropertyValueSpecification","valueRequired":true,"valueName":"search_term_string"}}],"inLanguage":"es"},{"@type":"Organization","@id":"https:\/\/www.rememberme-forever.com\/es\/#organization","name":"Remember Forever","url":"https:\/\/www.rememberme-forever.com\/es\/","logo":{"@type":"ImageObject","inLanguage":"es","@id":"https:\/\/www.rememberme-forever.com\/es\/#\/schema\/logo\/image\/","url":"https:\/\/www.rememberme-forever.com\/wp-content\/uploads\/2023\/02\/logo.png","contentUrl":"https:\/\/www.rememberme-forever.com\/wp-content\/uploads\/2023\/02\/logo.png","width":300,"height":56,"caption":"Remember Forever"},"image":{"@id":"https:\/\/www.rememberme-forever.com\/es\/#\/schema\/logo\/image\/"}}]}},"acf":[],"_links":{"self":[{"href":"https:\/\/www.rememberme-forever.com\/es\/wp-json\/wp\/v2\/product\/24328","targetHints":{"allow":["GET"]}}],"collection":[{"href":"https:\/\/www.rememberme-forever.com\/es\/wp-json\/wp\/v2\/product"}],"about":[{"href":"https:\/\/www.rememberme-forever.com\/es\/wp-json\/wp\/v2\/types\/product"}],"wp:featuredmedia":[{"embeddable":true,"href":"https:\/\/www.rememberme-forever.com\/es\/wp-json\/wp\/v2\/media\/24325"}],"wp:attachment":[{"href":"https:\/\/www.rememberme-forever.com\/es\/wp-json\/wp\/v2\/media?parent=24328"}],"wp:term":[{"taxonomy":"product_brand","embeddable":true,"href":"https:\/\/www.rememberme-forever.com\/es\/wp-json\/wp\/v2\/product_brand?post=24328"},{"taxonomy":"product_cat","embeddable":true,"href":"https:\/\/www.rememberme-forever.com\/es\/wp-json\/wp\/v2\/product_cat?post=24328"},{"taxonomy":"product_tag","embeddable":true,"href":"https:\/\/www.rememberme-forever.com\/es\/wp-json\/wp\/v2\/product_tag?post=24328"}],"curies":[{"name":"wp","href":"https:\/\/api.w.org\/{rel}","templated":true}]}}