{"id":24933,"date":"2026-02-11T13:04:27","date_gmt":"2026-02-11T12:04:27","guid":{"rendered":"https:\/\/www.rememberme-forever.com\/product\/urna-tematica-con-buho-grabado\/"},"modified":"2026-02-11T13:04:27","modified_gmt":"2026-02-11T12:04:27","slug":"urna-tematica-con-buho-grabado","status":"publish","type":"product","link":"https:\/\/www.rememberme-forever.com\/es\/producto\/urna-tematica-con-buho-grabado\/","title":{"rendered":"Urna tem\u00e1tica con b\u00faho grabado"},"content":{"rendered":"<div style=\"text-align: center;\">\n<p data-start=\"234\" data-end=\"526\"><strong data-start=\"234\" data-end=\"283\">La urna funeraria tem\u00e1tica con b\u00faho grabado<\/strong> es un s\u00edmbolo \u00fanico de recuerdo y sabidur\u00eda, creada para quienes valoran la paz, la reflexi\u00f3n y la cercan\u00eda con la naturaleza. La urna est\u00e1 fabricada en madera de alta calidad con un elegante acabado en caoba que realza su car\u00e1cter atemporal. <\/p>\n<p data-start=\"528\" data-end=\"736\">Sus bordes suavemente redondeados aportan suavidad y sutileza al dise\u00f1o general, mientras que el grabado central de un b\u00faho \u2014s\u00edmbolo de sabidur\u00eda, intuici\u00f3n y vigilancia\u2014 a\u00f1ade un profundo significado a la pieza.<\/p>\n<p data-start=\"738\" data-end=\"862\">En la parte superior se encuentra una placa grabada opcional con opciones de personalizaci\u00f3n: puede a\u00f1adir un nombre, fechas de vida y una dedicatoria personal.<\/p>\n<p data-start=\"864\" data-end=\"1010\">Es una forma hermosa, moderna y simb\u00f3lica de honrar la memoria de un ser querido que valoraba la paz, la sabidur\u00eda o ten\u00eda una conexi\u00f3n especial con la naturaleza.<\/p>\n<\/div>\n<div style=\"width: 100%; margin-bottom: 40px; height: max-content; padding-bottom: 60%; position: relative;\"><iframe style=\"position: absolute; top: 0; left: 0; width: 100%; height: 100%;\" src=\"https:\/\/rememberme-urns.com\/urn-with-an-owl\/\" frameborder=\"0\"><\/iframe><\/div>\n<div style=\"color: red; text-align: center; margin-bottom: 25px;\">\n<p>&gt;&gt; Foto giratoria &#8211; pulsar\/acercar &lt;&lt;<\/p>\n<\/div>\n<p style=\"text-align: center;\"><strong>\u25ba PERSONALIZACI\u00d3N \u25c4<\/strong><\/p>\n<p style=\"text-align: center;\">\u2714\ufe0f Si elige una placa personalizada, introduzca el texto en el lugar correspondiente o env\u00edenos un mensaje.<\/p>\n<p style=\"text-align: center;\">\u2714\ufe0f La placa conmemorativa personalizada debe personalizarse durante el proceso de pedido. (No se preocupe si lo olvida, siempre puede enviarnos un mensaje m\u00e1s tarde). <\/p>\n<p style=\"text-align: center;\"><b>Las limitaciones de texto son las siguientes:<\/b><\/p>\n<p style=\"text-align: center;\"><span style=\"color: var(--text-color); font-size: 14px;\">Nombre(s) (m\u00e1ximo 35 caracteres)<\/span><\/p>\n<p style=\"text-align: center;\"><span style=\"color: var(--text-color); font-size: 14px;\">Fecha de nacimiento y fallecimiento (m\u00e1ximo 35 caracteres)<\/span><\/p>\n<p style=\"text-align: center;\"><span style=\"color: var(--text-color); font-size: 14px;\">Tercera l\u00ednea (m\u00e1ximo 35 caracteres)<\/span><\/p>\n<div style=\"text-align: center;\"><\/div>\n<p style=\"text-align: center;\">\u2714\ufe0f Por favor, <strong>revise el texto del grabado<\/strong> antes de a\u00f1adir el producto a su carrito. Copiamos y grabamos exactamente la informaci\u00f3n que recibimos con el pedido y no realizamos ning\u00fan cambio por nuestra parte. <\/p>\n<p style=\"text-align: center;\">\u2714\ufe0f Revise el texto para asegurarse de que la ortograf\u00eda sea correcta.<\/p>\n<p style=\"text-align: center;\">\u2714\ufe0f<strong> NO <\/strong>introduzca la informaci\u00f3n del grabado si compra la opci\u00f3n \u00abUrna sin placa\u00bb.<\/p>\n","protected":false},"excerpt":{"rendered":"<p>La urna funeraria tem\u00e1tica con b\u00faho grabado es un s\u00edmbolo \u00fanico de recuerdo y sabidur\u00eda, creada para quienes valoran la paz, la reflexi\u00f3n y la&#8230;<\/p>\n","protected":false},"featured_media":24929,"template":"","meta":{"_acf_changed":false},"product_brand":[],"product_cat":[2466,2455],"product_tag":[3392,3309,3391],"class_list":{"0":"post-24933","1":"product","2":"type-product","3":"status-publish","4":"has-post-thumbnail","6":"product_cat-con-animales","7":"product_cat-urnas-tematicas","8":"product_tag-emag","9":"product_tag-gpsr-all-wood-urns","10":"product_tag-hurt","11":"product_shipping_class-2-4kg-es","13":"first","14":"instock","15":"taxable","16":"shipping-taxable","17":"purchasable","18":"product-type-simple"},"yoast_head":"<!-- This site is optimized with the Yoast SEO plugin v27.4 - https:\/\/yoast.com\/product\/yoast-seo-wordpress\/ -->\n<title>Urna tem\u00e1tica con b\u00faho grabado - Remember Forever<\/title>\n<meta name=\"description\" content=\"La urna funeraria tem\u00e1tica con b\u00faho grabado es un s\u00edmbolo \u00fanico de recuerdo y sabidur\u00eda, creada para quienes valoran la paz, la reflexi\u00f3n y la cercan\u00eda con la naturaleza.\" \/>\n<meta name=\"robots\" content=\"index, follow, max-snippet:-1, max-image-preview:large, max-video-preview:-1\" \/>\n<link rel=\"canonical\" href=\"https:\/\/www.rememberme-forever.com\/es\/producto\/urna-tematica-con-buho-grabado\/\" \/>\n<meta property=\"og:locale\" content=\"es_ES\" \/>\n<meta property=\"og:type\" content=\"article\" \/>\n<meta property=\"og:title\" content=\"Urna tem\u00e1tica con b\u00faho grabado - Remember Forever\" \/>\n<meta property=\"og:description\" content=\"La urna funeraria tem\u00e1tica con b\u00faho grabado es un s\u00edmbolo \u00fanico de recuerdo y sabidur\u00eda, creada para quienes valoran la paz, la reflexi\u00f3n y la cercan\u00eda con la naturaleza.\" \/>\n<meta property=\"og:url\" content=\"https:\/\/www.rememberme-forever.com\/es\/producto\/urna-tematica-con-buho-grabado\/\" \/>\n<meta property=\"og:site_name\" content=\"Remember Forever\" \/>\n<meta property=\"og:image\" content=\"https:\/\/www.rememberme-forever.com\/wp-content\/uploads\/2026\/02\/urn-with-an-owl_0001.jpg\" \/>\n\t<meta property=\"og:image:width\" content=\"1007\" \/>\n\t<meta property=\"og:image:height\" content=\"1024\" \/>\n\t<meta property=\"og:image:type\" content=\"image\/jpeg\" \/>\n<meta name=\"twitter:card\" content=\"summary_large_image\" \/>\n<meta name=\"twitter:label1\" content=\"Tiempo de lectura\" \/>\n\t<meta name=\"twitter:data1\" content=\"1 minuto\" \/>\n<script type=\"application\/ld+json\" class=\"yoast-schema-graph\">{\"@context\":\"https:\\\/\\\/schema.org\",\"@graph\":[{\"@type\":\"WebPage\",\"@id\":\"https:\\\/\\\/www.rememberme-forever.com\\\/es\\\/producto\\\/urna-tematica-con-buho-grabado\\\/\",\"url\":\"https:\\\/\\\/www.rememberme-forever.com\\\/es\\\/producto\\\/urna-tematica-con-buho-grabado\\\/\",\"name\":\"Urna tem\u00e1tica con b\u00faho grabado - Remember Forever\",\"isPartOf\":{\"@id\":\"https:\\\/\\\/www.rememberme-forever.com\\\/es\\\/#website\"},\"primaryImageOfPage\":{\"@id\":\"https:\\\/\\\/www.rememberme-forever.com\\\/es\\\/producto\\\/urna-tematica-con-buho-grabado\\\/#primaryimage\"},\"image\":{\"@id\":\"https:\\\/\\\/www.rememberme-forever.com\\\/es\\\/producto\\\/urna-tematica-con-buho-grabado\\\/#primaryimage\"},\"thumbnailUrl\":\"https:\\\/\\\/www.rememberme-forever.com\\\/wp-content\\\/uploads\\\/2026\\\/02\\\/urn-with-an-owl_0001.jpg\",\"datePublished\":\"2026-02-11T12:04:27+00:00\",\"description\":\"La urna funeraria tem\u00e1tica con b\u00faho grabado es un s\u00edmbolo \u00fanico de recuerdo y sabidur\u00eda, creada para quienes valoran la paz, la reflexi\u00f3n y la cercan\u00eda con la naturaleza.\",\"breadcrumb\":{\"@id\":\"https:\\\/\\\/www.rememberme-forever.com\\\/es\\\/producto\\\/urna-tematica-con-buho-grabado\\\/#breadcrumb\"},\"inLanguage\":\"es\",\"potentialAction\":[{\"@type\":\"ReadAction\",\"target\":[\"https:\\\/\\\/www.rememberme-forever.com\\\/es\\\/producto\\\/urna-tematica-con-buho-grabado\\\/\"]}]},{\"@type\":\"ImageObject\",\"inLanguage\":\"es\",\"@id\":\"https:\\\/\\\/www.rememberme-forever.com\\\/es\\\/producto\\\/urna-tematica-con-buho-grabado\\\/#primaryimage\",\"url\":\"https:\\\/\\\/www.rememberme-forever.com\\\/wp-content\\\/uploads\\\/2026\\\/02\\\/urn-with-an-owl_0001.jpg\",\"contentUrl\":\"https:\\\/\\\/www.rememberme-forever.com\\\/wp-content\\\/uploads\\\/2026\\\/02\\\/urn-with-an-owl_0001.jpg\",\"width\":1007,\"height\":1024,\"caption\":\"Urna de madera para cenizas con b\u00faho grabado y placa conmemorativa, vista frontal.\"},{\"@type\":\"BreadcrumbList\",\"@id\":\"https:\\\/\\\/www.rememberme-forever.com\\\/es\\\/producto\\\/urna-tematica-con-buho-grabado\\\/#breadcrumb\",\"itemListElement\":[{\"@type\":\"ListItem\",\"position\":1,\"name\":\"Home\",\"item\":\"https:\\\/\\\/www.rememberme-forever.com\\\/es\\\/inicio\\\/\"},{\"@type\":\"ListItem\",\"position\":2,\"name\":\"Comercio\",\"item\":\"https:\\\/\\\/www.rememberme-forever.com\\\/es\\\/shop\\\/\"},{\"@type\":\"ListItem\",\"position\":3,\"name\":\"Urna tem\u00e1tica con b\u00faho grabado\"}]},{\"@type\":\"WebSite\",\"@id\":\"https:\\\/\\\/www.rememberme-forever.com\\\/es\\\/#website\",\"url\":\"https:\\\/\\\/www.rememberme-forever.com\\\/es\\\/\",\"name\":\"Remember Forever\",\"description\":\"Cremation urns, funeral urns, urns for ashes\",\"publisher\":{\"@id\":\"https:\\\/\\\/www.rememberme-forever.com\\\/es\\\/#organization\"},\"potentialAction\":[{\"@type\":\"SearchAction\",\"target\":{\"@type\":\"EntryPoint\",\"urlTemplate\":\"https:\\\/\\\/www.rememberme-forever.com\\\/es\\\/?s={search_term_string}\"},\"query-input\":{\"@type\":\"PropertyValueSpecification\",\"valueRequired\":true,\"valueName\":\"search_term_string\"}}],\"inLanguage\":\"es\"},{\"@type\":\"Organization\",\"@id\":\"https:\\\/\\\/www.rememberme-forever.com\\\/es\\\/#organization\",\"name\":\"Remember Forever\",\"url\":\"https:\\\/\\\/www.rememberme-forever.com\\\/es\\\/\",\"logo\":{\"@type\":\"ImageObject\",\"inLanguage\":\"es\",\"@id\":\"https:\\\/\\\/www.rememberme-forever.com\\\/es\\\/#\\\/schema\\\/logo\\\/image\\\/\",\"url\":\"https:\\\/\\\/www.rememberme-forever.com\\\/wp-content\\\/uploads\\\/2023\\\/02\\\/logo.png\",\"contentUrl\":\"https:\\\/\\\/www.rememberme-forever.com\\\/wp-content\\\/uploads\\\/2023\\\/02\\\/logo.png\",\"width\":300,\"height\":56,\"caption\":\"Remember Forever\"},\"image\":{\"@id\":\"https:\\\/\\\/www.rememberme-forever.com\\\/es\\\/#\\\/schema\\\/logo\\\/image\\\/\"}}]}<\/script>\n<!-- \/ Yoast SEO plugin. -->","yoast_head_json":{"title":"Urna tem\u00e1tica con b\u00faho grabado - Remember Forever","description":"La urna funeraria tem\u00e1tica con b\u00faho grabado es un s\u00edmbolo \u00fanico de recuerdo y sabidur\u00eda, creada para quienes valoran la paz, la reflexi\u00f3n y la cercan\u00eda con la naturaleza.","robots":{"index":"index","follow":"follow","max-snippet":"max-snippet:-1","max-image-preview":"max-image-preview:large","max-video-preview":"max-video-preview:-1"},"canonical":"https:\/\/www.rememberme-forever.com\/es\/producto\/urna-tematica-con-buho-grabado\/","og_locale":"es_ES","og_type":"article","og_title":"Urna tem\u00e1tica con b\u00faho grabado - Remember Forever","og_description":"La urna funeraria tem\u00e1tica con b\u00faho grabado es un s\u00edmbolo \u00fanico de recuerdo y sabidur\u00eda, creada para quienes valoran la paz, la reflexi\u00f3n y la cercan\u00eda con la naturaleza.","og_url":"https:\/\/www.rememberme-forever.com\/es\/producto\/urna-tematica-con-buho-grabado\/","og_site_name":"Remember Forever","og_image":[{"width":1007,"height":1024,"url":"https:\/\/www.rememberme-forever.com\/wp-content\/uploads\/2026\/02\/urn-with-an-owl_0001.jpg","type":"image\/jpeg"}],"twitter_card":"summary_large_image","twitter_misc":{"Tiempo de lectura":"1 minuto"},"schema":{"@context":"https:\/\/schema.org","@graph":[{"@type":"WebPage","@id":"https:\/\/www.rememberme-forever.com\/es\/producto\/urna-tematica-con-buho-grabado\/","url":"https:\/\/www.rememberme-forever.com\/es\/producto\/urna-tematica-con-buho-grabado\/","name":"Urna tem\u00e1tica con b\u00faho grabado - Remember Forever","isPartOf":{"@id":"https:\/\/www.rememberme-forever.com\/es\/#website"},"primaryImageOfPage":{"@id":"https:\/\/www.rememberme-forever.com\/es\/producto\/urna-tematica-con-buho-grabado\/#primaryimage"},"image":{"@id":"https:\/\/www.rememberme-forever.com\/es\/producto\/urna-tematica-con-buho-grabado\/#primaryimage"},"thumbnailUrl":"https:\/\/www.rememberme-forever.com\/wp-content\/uploads\/2026\/02\/urn-with-an-owl_0001.jpg","datePublished":"2026-02-11T12:04:27+00:00","description":"La urna funeraria tem\u00e1tica con b\u00faho grabado es un s\u00edmbolo \u00fanico de recuerdo y sabidur\u00eda, creada para quienes valoran la paz, la reflexi\u00f3n y la cercan\u00eda con la naturaleza.","breadcrumb":{"@id":"https:\/\/www.rememberme-forever.com\/es\/producto\/urna-tematica-con-buho-grabado\/#breadcrumb"},"inLanguage":"es","potentialAction":[{"@type":"ReadAction","target":["https:\/\/www.rememberme-forever.com\/es\/producto\/urna-tematica-con-buho-grabado\/"]}]},{"@type":"ImageObject","inLanguage":"es","@id":"https:\/\/www.rememberme-forever.com\/es\/producto\/urna-tematica-con-buho-grabado\/#primaryimage","url":"https:\/\/www.rememberme-forever.com\/wp-content\/uploads\/2026\/02\/urn-with-an-owl_0001.jpg","contentUrl":"https:\/\/www.rememberme-forever.com\/wp-content\/uploads\/2026\/02\/urn-with-an-owl_0001.jpg","width":1007,"height":1024,"caption":"Urna de madera para cenizas con b\u00faho grabado y placa conmemorativa, vista frontal."},{"@type":"BreadcrumbList","@id":"https:\/\/www.rememberme-forever.com\/es\/producto\/urna-tematica-con-buho-grabado\/#breadcrumb","itemListElement":[{"@type":"ListItem","position":1,"name":"Home","item":"https:\/\/www.rememberme-forever.com\/es\/inicio\/"},{"@type":"ListItem","position":2,"name":"Comercio","item":"https:\/\/www.rememberme-forever.com\/es\/shop\/"},{"@type":"ListItem","position":3,"name":"Urna tem\u00e1tica con b\u00faho grabado"}]},{"@type":"WebSite","@id":"https:\/\/www.rememberme-forever.com\/es\/#website","url":"https:\/\/www.rememberme-forever.com\/es\/","name":"Remember Forever","description":"Cremation urns, funeral urns, urns for ashes","publisher":{"@id":"https:\/\/www.rememberme-forever.com\/es\/#organization"},"potentialAction":[{"@type":"SearchAction","target":{"@type":"EntryPoint","urlTemplate":"https:\/\/www.rememberme-forever.com\/es\/?s={search_term_string}"},"query-input":{"@type":"PropertyValueSpecification","valueRequired":true,"valueName":"search_term_string"}}],"inLanguage":"es"},{"@type":"Organization","@id":"https:\/\/www.rememberme-forever.com\/es\/#organization","name":"Remember Forever","url":"https:\/\/www.rememberme-forever.com\/es\/","logo":{"@type":"ImageObject","inLanguage":"es","@id":"https:\/\/www.rememberme-forever.com\/es\/#\/schema\/logo\/image\/","url":"https:\/\/www.rememberme-forever.com\/wp-content\/uploads\/2023\/02\/logo.png","contentUrl":"https:\/\/www.rememberme-forever.com\/wp-content\/uploads\/2023\/02\/logo.png","width":300,"height":56,"caption":"Remember Forever"},"image":{"@id":"https:\/\/www.rememberme-forever.com\/es\/#\/schema\/logo\/image\/"}}]}},"acf":[],"_links":{"self":[{"href":"https:\/\/www.rememberme-forever.com\/es\/wp-json\/wp\/v2\/product\/24933","targetHints":{"allow":["GET"]}}],"collection":[{"href":"https:\/\/www.rememberme-forever.com\/es\/wp-json\/wp\/v2\/product"}],"about":[{"href":"https:\/\/www.rememberme-forever.com\/es\/wp-json\/wp\/v2\/types\/product"}],"wp:featuredmedia":[{"embeddable":true,"href":"https:\/\/www.rememberme-forever.com\/es\/wp-json\/wp\/v2\/media\/24929"}],"wp:attachment":[{"href":"https:\/\/www.rememberme-forever.com\/es\/wp-json\/wp\/v2\/media?parent=24933"}],"wp:term":[{"taxonomy":"product_brand","embeddable":true,"href":"https:\/\/www.rememberme-forever.com\/es\/wp-json\/wp\/v2\/product_brand?post=24933"},{"taxonomy":"product_cat","embeddable":true,"href":"https:\/\/www.rememberme-forever.com\/es\/wp-json\/wp\/v2\/product_cat?post=24933"},{"taxonomy":"product_tag","embeddable":true,"href":"https:\/\/www.rememberme-forever.com\/es\/wp-json\/wp\/v2\/product_tag?post=24933"}],"curies":[{"name":"wp","href":"https:\/\/api.w.org\/{rel}","templated":true}]}}