{"id":24983,"date":"2023-04-05T12:19:22","date_gmt":"2023-04-05T10:19:22","guid":{"rendered":"https:\/\/www.rememberme-forever.com\/product\/urna-para-cenizas-con-estrellas-plateadas-urna-con-estrellas-urna-cielo\/"},"modified":"2026-02-19T09:37:28","modified_gmt":"2026-02-19T08:37:28","slug":"urna-para-cenizas-con-estrellas-plateadas-urna-con-estrellas-urna-cielo","status":"publish","type":"product","link":"https:\/\/www.rememberme-forever.com\/es\/producto\/urna-para-cenizas-con-estrellas-plateadas-urna-con-estrellas-urna-cielo\/","title":{"rendered":"Urna para cenizas con estrellas plateadas, urna con estrellas, urna cielo"},"content":{"rendered":"<div style=\"width: 100%; margin-bottom: 30px; height: max-content; padding-bottom: 60%; position: relative;\"><iframe style=\"position: absolute; top: 0; left: 0; width: 100%; height: 100%;\" src=\"https:\/\/rememberme-urns.com\/human-urn-with-stars\/\" frameborder=\"0\"><\/iframe><\/div>\n<div style=\"color: red; text-align: center; margin-bottom: 25px;\">\n<p>&gt;&gt; Foto giratoria &#8211; pulsar\/acercar &lt;&lt;<\/p>\n<\/div>\n<h2 style=\"text-align: center;\">Urna para cenizas con estrellas plateadas<\/h2>\n<p style=\"text-align: center;\"><strong>Urna para cenizas con estrellas plateadas<\/strong>, compuesta por una esfera interior de acero inoxidable y una carcasa exterior de ABS. Puede a\u00f1adir una placa conmemorativa con su propio texto a cada urna. Las cenizas se vierten en la urna por la parte inferior, a trav\u00e9s de un orificio roscado. Toda la urna est\u00e1 pintada a mano y decorada con estrellas plateadas.<\/p>\n<p style=\"text-align: center;\">Esta urna combina solidez y durabilidad con un alma art\u00edstica. La esfera de acero inoxidable garantiza la seguridad de las cenizas en la urna, mientras que la pintura art\u00edstica la hace ideal como elemento decorativo para cualquier estancia. Una urna \u00fanica que no encontrar\u00e1 en ning\u00fan otro lugar.<\/p>\n<p style=\"text-align: center;\">Esta esfera con estrellas no parece una urna de cremaci\u00f3n t\u00edpica. Su gran ventaja es que la presencia de las cenizas de una persona fallecida puede mantenerse en secreto, conocido solo por personas seleccionadas.<\/p>\n<p>&nbsp;<\/p>\n<p style=\"text-align: center;\"><em><strong>Este producto est\u00e1 pintado a mano; la apariencia puede variar ligeramente.<\/strong><\/em><\/p>\n<p>&nbsp;<\/p>\n<p style=\"text-align: center;\"><strong>Detalles de la urna de recuerdo:<\/strong><\/p>\n<p style=\"text-align: center;\">\u25cf Tama\u00f1o: 10,5cm D x 11cm H x 10,5cm W<br \/>\n\u25cf Tama\u00f1o: 4.13\u00bbD x 4.33\u00bbH x 4.13\u00bbW<br \/>\n\u25cf Capacidad: 0,4 L<br \/>\n\u25cf Capacidad (24 pulgadas c\u00fabicas)<br \/>\n\u25cf La esfera interior es de acero inoxidable<\/p>\n<p>&nbsp;<\/p>\n<p style=\"text-align: center;\"><strong>Inserto de acero inoxidable:<\/strong><\/p>\n<p><img loading=\"lazy\" decoding=\"async\" class=\" wp-image-1080 aligncenter\" src=\"http:\/\/www.rememberme-forever.com\/wp-content\/uploads\/2023\/04\/planet-urn-inside-stainless-steel-insert-300x300.jpg\" alt=\"Urna planetaria dentro de un inserto de acero inoxidable\" width=\"218\" height=\"218\" srcset=\"https:\/\/www.rememberme-forever.com\/wp-content\/uploads\/2023\/04\/planet-urn-inside-stainless-steel-insert-300x300.jpg 300w, https:\/\/www.rememberme-forever.com\/wp-content\/uploads\/2023\/04\/planet-urn-inside-stainless-steel-insert-150x150.jpg 150w, https:\/\/www.rememberme-forever.com\/wp-content\/uploads\/2023\/04\/planet-urn-inside-stainless-steel-insert-600x600.jpg 600w, https:\/\/www.rememberme-forever.com\/wp-content\/uploads\/2023\/04\/planet-urn-inside-stainless-steel-insert-100x100.jpg 100w, https:\/\/www.rememberme-forever.com\/wp-content\/uploads\/2023\/04\/planet-urn-inside-stainless-steel-insert-64x64.jpg 64w, https:\/\/www.rememberme-forever.com\/wp-content\/uploads\/2023\/04\/planet-urn-inside-stainless-steel-insert.jpg 768w\" sizes=\"auto, (max-width: 218px) 100vw, 218px\" \/><\/p>\n<p>&nbsp;<\/p>\n<h3 style=\"text-align: center;\"><strong>PERSONALIZACI\u00d3N<\/strong><\/h3>\n<p style=\"text-align: center;\">La placa conmemorativa personalizada debe personalizarse al realizar el pedido. (No se preocupe si no la incluye, siempre puede enviarnos un mensaje despu\u00e9s).<\/p>\n<p style=\"text-align: center;\">Revise atentamente el texto del grabado antes de a\u00f1adir el art\u00edculo al carrito. Copiamos y grabamos la informaci\u00f3n exacta que recibimos con el pedido y no realizamos ning\u00fan cambio.<\/p>\n<p style=\"text-align: center;\"><strong>Revise el texto para asegurarse de que la ortograf\u00eda sea correcta.<\/strong><\/p>\n<p>&nbsp;<\/p>\n<p style=\"text-align: center;\"><em><strong>Si necesita una placa conmemorativa como recuerdo, agregue el texto en un segundo marco.<\/strong><\/em><\/p>\n<p><img loading=\"lazy\" decoding=\"async\" class=\" wp-image-1101 aligncenter\" src=\"http:\/\/www.rememberme-forever.com\/wp-content\/uploads\/2023\/04\/personalized-stars-keepsake-295x300.jpg\" alt=\"recuerdo con estrellas personalizado\" width=\"189\" height=\"192\" srcset=\"https:\/\/www.rememberme-forever.com\/wp-content\/uploads\/2023\/04\/personalized-stars-keepsake-295x300.jpg 295w, https:\/\/www.rememberme-forever.com\/wp-content\/uploads\/2023\/04\/personalized-stars-keepsake-600x610.jpg 600w, https:\/\/www.rememberme-forever.com\/wp-content\/uploads\/2023\/04\/personalized-stars-keepsake-64x65.jpg 64w, https:\/\/www.rememberme-forever.com\/wp-content\/uploads\/2023\/04\/personalized-stars-keepsake.jpg 768w\" sizes=\"auto, (max-width: 189px) 100vw, 189px\" \/><\/p>\n","protected":false},"excerpt":{"rendered":"<p>Urna de cremaci\u00f3n \u00fanica con forma de esfera y estrellas plateadas, fabricada en ABS con inserto de acero inoxidable. Set con urna de recuerdo.<\/p>\n<p><strong>Adecuada para un peso corporal de aproximadamente 102 kg o menos.<\/strong><\/p>\n<p>\u2705 Esta urna no es apta para exteriores. Descubra nuestras <a href=\"https:\/\/www.rememberme-forever.com\/es\/categoria-producto\/urnas-para-exteriores\/\" target=\"_blank\" rel=\"noopener\"><strong>urnas para exteriores. &gt;&gt;<\/strong><\/a><\/p>\n","protected":false},"featured_media":24978,"template":"","meta":{"_acf_changed":false},"product_brand":[],"product_cat":[2442,2451],"product_tag":[3330],"class_list":{"0":"post-24983","1":"product","2":"type-product","3":"status-publish","4":"has-post-thumbnail","6":"product_cat-urnas-artisticas","7":"product_cat-urnas-de-metal","8":"product_tag-gpsr-metal-insert-abs_outside","9":"product_shipping_class-2-4kg-es","11":"first","12":"instock","13":"taxable","14":"shipping-taxable","15":"purchasable","16":"product-type-variable"},"yoast_head":"<!-- This site is optimized with the Yoast SEO plugin v27.4 - https:\/\/yoast.com\/product\/yoast-seo-wordpress\/ -->\n<title>Urna para cenizas con estrellas plateadas, urna con estrellas, urna cielo<\/title>\n<meta name=\"description\" content=\"Urna para cenizas con estrellas plateadas, compuesta por una esfera interior de acero inoxidable y una carcasa exterior de ABS. Puede a\u00f1adir una placa conmemorativa con su propio texto.\" \/>\n<meta name=\"robots\" content=\"index, follow, max-snippet:-1, max-image-preview:large, max-video-preview:-1\" \/>\n<link rel=\"canonical\" href=\"https:\/\/www.rememberme-forever.com\/es\/producto\/urna-para-cenizas-con-estrellas-plateadas-urna-con-estrellas-urna-cielo\/\" \/>\n<meta property=\"og:locale\" content=\"es_ES\" \/>\n<meta property=\"og:type\" content=\"article\" \/>\n<meta property=\"og:title\" content=\"Urna para cenizas con estrellas plateadas, urna con estrellas, urna cielo\" \/>\n<meta property=\"og:description\" content=\"Urna para cenizas con estrellas plateadas, compuesta por una esfera interior de acero inoxidable y una carcasa exterior de ABS. Puede a\u00f1adir una placa conmemorativa con su propio texto.\" \/>\n<meta property=\"og:url\" content=\"https:\/\/www.rememberme-forever.com\/es\/producto\/urna-para-cenizas-con-estrellas-plateadas-urna-con-estrellas-urna-cielo\/\" \/>\n<meta property=\"og:site_name\" content=\"Remember Forever\" \/>\n<meta property=\"article:modified_time\" content=\"2026-02-19T08:37:28+00:00\" \/>\n<meta property=\"og:image\" content=\"http:\/\/www.rememberme-forever.com\/wp-content\/uploads\/2023\/04\/Stars-uns-set-large-and-keepsake.jpg\" \/>\n\t<meta property=\"og:image:width\" content=\"839\" \/>\n\t<meta property=\"og:image:height\" content=\"768\" \/>\n\t<meta property=\"og:image:type\" content=\"image\/jpeg\" \/>\n<meta name=\"twitter:card\" content=\"summary_large_image\" \/>\n<meta name=\"twitter:label1\" content=\"Tiempo de lectura\" \/>\n\t<meta name=\"twitter:data1\" content=\"2 minutos\" \/>\n<script type=\"application\/ld+json\" class=\"yoast-schema-graph\">{\"@context\":\"https:\\\/\\\/schema.org\",\"@graph\":[{\"@type\":\"WebPage\",\"@id\":\"https:\\\/\\\/www.rememberme-forever.com\\\/es\\\/producto\\\/urna-para-cenizas-con-estrellas-plateadas-urna-con-estrellas-urna-cielo\\\/\",\"url\":\"https:\\\/\\\/www.rememberme-forever.com\\\/es\\\/producto\\\/urna-para-cenizas-con-estrellas-plateadas-urna-con-estrellas-urna-cielo\\\/\",\"name\":\"Urna para cenizas con estrellas plateadas, urna con estrellas, urna cielo\",\"isPartOf\":{\"@id\":\"https:\\\/\\\/www.rememberme-forever.com\\\/es\\\/#website\"},\"primaryImageOfPage\":{\"@id\":\"https:\\\/\\\/www.rememberme-forever.com\\\/es\\\/producto\\\/urna-para-cenizas-con-estrellas-plateadas-urna-con-estrellas-urna-cielo\\\/#primaryimage\"},\"image\":{\"@id\":\"https:\\\/\\\/www.rememberme-forever.com\\\/es\\\/producto\\\/urna-para-cenizas-con-estrellas-plateadas-urna-con-estrellas-urna-cielo\\\/#primaryimage\"},\"thumbnailUrl\":\"https:\\\/\\\/www.rememberme-forever.com\\\/wp-content\\\/uploads\\\/2023\\\/04\\\/Stars-uns-set-large-and-keepsake.jpg\",\"datePublished\":\"2023-04-05T10:19:22+00:00\",\"dateModified\":\"2026-02-19T08:37:28+00:00\",\"description\":\"Urna para cenizas con estrellas plateadas, compuesta por una esfera interior de acero inoxidable y una carcasa exterior de ABS. Puede a\u00f1adir una placa conmemorativa con su propio texto.\",\"breadcrumb\":{\"@id\":\"https:\\\/\\\/www.rememberme-forever.com\\\/es\\\/producto\\\/urna-para-cenizas-con-estrellas-plateadas-urna-con-estrellas-urna-cielo\\\/#breadcrumb\"},\"inLanguage\":\"es\",\"potentialAction\":[{\"@type\":\"ReadAction\",\"target\":[\"https:\\\/\\\/www.rememberme-forever.com\\\/es\\\/producto\\\/urna-para-cenizas-con-estrellas-plateadas-urna-con-estrellas-urna-cielo\\\/\"]}]},{\"@type\":\"ImageObject\",\"inLanguage\":\"es\",\"@id\":\"https:\\\/\\\/www.rememberme-forever.com\\\/es\\\/producto\\\/urna-para-cenizas-con-estrellas-plateadas-urna-con-estrellas-urna-cielo\\\/#primaryimage\",\"url\":\"https:\\\/\\\/www.rememberme-forever.com\\\/wp-content\\\/uploads\\\/2023\\\/04\\\/Stars-uns-set-large-and-keepsake.jpg\",\"contentUrl\":\"https:\\\/\\\/www.rememberme-forever.com\\\/wp-content\\\/uploads\\\/2023\\\/04\\\/Stars-uns-set-large-and-keepsake.jpg\",\"width\":839,\"height\":768,\"caption\":\"set de urnas de estrellas grande y de recuerdo, urna para cenizas con estrellas plateadas\"},{\"@type\":\"BreadcrumbList\",\"@id\":\"https:\\\/\\\/www.rememberme-forever.com\\\/es\\\/producto\\\/urna-para-cenizas-con-estrellas-plateadas-urna-con-estrellas-urna-cielo\\\/#breadcrumb\",\"itemListElement\":[{\"@type\":\"ListItem\",\"position\":1,\"name\":\"Home\",\"item\":\"https:\\\/\\\/www.rememberme-forever.com\\\/es\\\/inicio\\\/\"},{\"@type\":\"ListItem\",\"position\":2,\"name\":\"Comercio\",\"item\":\"https:\\\/\\\/www.rememberme-forever.com\\\/es\\\/shop\\\/\"},{\"@type\":\"ListItem\",\"position\":3,\"name\":\"Urna para cenizas con estrellas plateadas, urna con estrellas, urna cielo\"}]},{\"@type\":\"WebSite\",\"@id\":\"https:\\\/\\\/www.rememberme-forever.com\\\/es\\\/#website\",\"url\":\"https:\\\/\\\/www.rememberme-forever.com\\\/es\\\/\",\"name\":\"Remember Forever\",\"description\":\"Cremation urns, funeral urns, urns for ashes\",\"publisher\":{\"@id\":\"https:\\\/\\\/www.rememberme-forever.com\\\/es\\\/#organization\"},\"potentialAction\":[{\"@type\":\"SearchAction\",\"target\":{\"@type\":\"EntryPoint\",\"urlTemplate\":\"https:\\\/\\\/www.rememberme-forever.com\\\/es\\\/?s={search_term_string}\"},\"query-input\":{\"@type\":\"PropertyValueSpecification\",\"valueRequired\":true,\"valueName\":\"search_term_string\"}}],\"inLanguage\":\"es\"},{\"@type\":\"Organization\",\"@id\":\"https:\\\/\\\/www.rememberme-forever.com\\\/es\\\/#organization\",\"name\":\"Remember Forever\",\"url\":\"https:\\\/\\\/www.rememberme-forever.com\\\/es\\\/\",\"logo\":{\"@type\":\"ImageObject\",\"inLanguage\":\"es\",\"@id\":\"https:\\\/\\\/www.rememberme-forever.com\\\/es\\\/#\\\/schema\\\/logo\\\/image\\\/\",\"url\":\"https:\\\/\\\/www.rememberme-forever.com\\\/wp-content\\\/uploads\\\/2023\\\/02\\\/logo.png\",\"contentUrl\":\"https:\\\/\\\/www.rememberme-forever.com\\\/wp-content\\\/uploads\\\/2023\\\/02\\\/logo.png\",\"width\":300,\"height\":56,\"caption\":\"Remember Forever\"},\"image\":{\"@id\":\"https:\\\/\\\/www.rememberme-forever.com\\\/es\\\/#\\\/schema\\\/logo\\\/image\\\/\"}}]}<\/script>\n<!-- \/ Yoast SEO plugin. -->","yoast_head_json":{"title":"Urna para cenizas con estrellas plateadas, urna con estrellas, urna cielo","description":"Urna para cenizas con estrellas plateadas, compuesta por una esfera interior de acero inoxidable y una carcasa exterior de ABS. Puede a\u00f1adir una placa conmemorativa con su propio texto.","robots":{"index":"index","follow":"follow","max-snippet":"max-snippet:-1","max-image-preview":"max-image-preview:large","max-video-preview":"max-video-preview:-1"},"canonical":"https:\/\/www.rememberme-forever.com\/es\/producto\/urna-para-cenizas-con-estrellas-plateadas-urna-con-estrellas-urna-cielo\/","og_locale":"es_ES","og_type":"article","og_title":"Urna para cenizas con estrellas plateadas, urna con estrellas, urna cielo","og_description":"Urna para cenizas con estrellas plateadas, compuesta por una esfera interior de acero inoxidable y una carcasa exterior de ABS. Puede a\u00f1adir una placa conmemorativa con su propio texto.","og_url":"https:\/\/www.rememberme-forever.com\/es\/producto\/urna-para-cenizas-con-estrellas-plateadas-urna-con-estrellas-urna-cielo\/","og_site_name":"Remember Forever","article_modified_time":"2026-02-19T08:37:28+00:00","og_image":[{"width":839,"height":768,"url":"http:\/\/www.rememberme-forever.com\/wp-content\/uploads\/2023\/04\/Stars-uns-set-large-and-keepsake.jpg","type":"image\/jpeg"}],"twitter_card":"summary_large_image","twitter_misc":{"Tiempo de lectura":"2 minutos"},"schema":{"@context":"https:\/\/schema.org","@graph":[{"@type":"WebPage","@id":"https:\/\/www.rememberme-forever.com\/es\/producto\/urna-para-cenizas-con-estrellas-plateadas-urna-con-estrellas-urna-cielo\/","url":"https:\/\/www.rememberme-forever.com\/es\/producto\/urna-para-cenizas-con-estrellas-plateadas-urna-con-estrellas-urna-cielo\/","name":"Urna para cenizas con estrellas plateadas, urna con estrellas, urna cielo","isPartOf":{"@id":"https:\/\/www.rememberme-forever.com\/es\/#website"},"primaryImageOfPage":{"@id":"https:\/\/www.rememberme-forever.com\/es\/producto\/urna-para-cenizas-con-estrellas-plateadas-urna-con-estrellas-urna-cielo\/#primaryimage"},"image":{"@id":"https:\/\/www.rememberme-forever.com\/es\/producto\/urna-para-cenizas-con-estrellas-plateadas-urna-con-estrellas-urna-cielo\/#primaryimage"},"thumbnailUrl":"https:\/\/www.rememberme-forever.com\/wp-content\/uploads\/2023\/04\/Stars-uns-set-large-and-keepsake.jpg","datePublished":"2023-04-05T10:19:22+00:00","dateModified":"2026-02-19T08:37:28+00:00","description":"Urna para cenizas con estrellas plateadas, compuesta por una esfera interior de acero inoxidable y una carcasa exterior de ABS. Puede a\u00f1adir una placa conmemorativa con su propio texto.","breadcrumb":{"@id":"https:\/\/www.rememberme-forever.com\/es\/producto\/urna-para-cenizas-con-estrellas-plateadas-urna-con-estrellas-urna-cielo\/#breadcrumb"},"inLanguage":"es","potentialAction":[{"@type":"ReadAction","target":["https:\/\/www.rememberme-forever.com\/es\/producto\/urna-para-cenizas-con-estrellas-plateadas-urna-con-estrellas-urna-cielo\/"]}]},{"@type":"ImageObject","inLanguage":"es","@id":"https:\/\/www.rememberme-forever.com\/es\/producto\/urna-para-cenizas-con-estrellas-plateadas-urna-con-estrellas-urna-cielo\/#primaryimage","url":"https:\/\/www.rememberme-forever.com\/wp-content\/uploads\/2023\/04\/Stars-uns-set-large-and-keepsake.jpg","contentUrl":"https:\/\/www.rememberme-forever.com\/wp-content\/uploads\/2023\/04\/Stars-uns-set-large-and-keepsake.jpg","width":839,"height":768,"caption":"set de urnas de estrellas grande y de recuerdo, urna para cenizas con estrellas plateadas"},{"@type":"BreadcrumbList","@id":"https:\/\/www.rememberme-forever.com\/es\/producto\/urna-para-cenizas-con-estrellas-plateadas-urna-con-estrellas-urna-cielo\/#breadcrumb","itemListElement":[{"@type":"ListItem","position":1,"name":"Home","item":"https:\/\/www.rememberme-forever.com\/es\/inicio\/"},{"@type":"ListItem","position":2,"name":"Comercio","item":"https:\/\/www.rememberme-forever.com\/es\/shop\/"},{"@type":"ListItem","position":3,"name":"Urna para cenizas con estrellas plateadas, urna con estrellas, urna cielo"}]},{"@type":"WebSite","@id":"https:\/\/www.rememberme-forever.com\/es\/#website","url":"https:\/\/www.rememberme-forever.com\/es\/","name":"Remember Forever","description":"Cremation urns, funeral urns, urns for ashes","publisher":{"@id":"https:\/\/www.rememberme-forever.com\/es\/#organization"},"potentialAction":[{"@type":"SearchAction","target":{"@type":"EntryPoint","urlTemplate":"https:\/\/www.rememberme-forever.com\/es\/?s={search_term_string}"},"query-input":{"@type":"PropertyValueSpecification","valueRequired":true,"valueName":"search_term_string"}}],"inLanguage":"es"},{"@type":"Organization","@id":"https:\/\/www.rememberme-forever.com\/es\/#organization","name":"Remember Forever","url":"https:\/\/www.rememberme-forever.com\/es\/","logo":{"@type":"ImageObject","inLanguage":"es","@id":"https:\/\/www.rememberme-forever.com\/es\/#\/schema\/logo\/image\/","url":"https:\/\/www.rememberme-forever.com\/wp-content\/uploads\/2023\/02\/logo.png","contentUrl":"https:\/\/www.rememberme-forever.com\/wp-content\/uploads\/2023\/02\/logo.png","width":300,"height":56,"caption":"Remember Forever"},"image":{"@id":"https:\/\/www.rememberme-forever.com\/es\/#\/schema\/logo\/image\/"}}]}},"acf":[],"_links":{"self":[{"href":"https:\/\/www.rememberme-forever.com\/es\/wp-json\/wp\/v2\/product\/24983","targetHints":{"allow":["GET"]}}],"collection":[{"href":"https:\/\/www.rememberme-forever.com\/es\/wp-json\/wp\/v2\/product"}],"about":[{"href":"https:\/\/www.rememberme-forever.com\/es\/wp-json\/wp\/v2\/types\/product"}],"wp:featuredmedia":[{"embeddable":true,"href":"https:\/\/www.rememberme-forever.com\/es\/wp-json\/wp\/v2\/media\/24978"}],"wp:attachment":[{"href":"https:\/\/www.rememberme-forever.com\/es\/wp-json\/wp\/v2\/media?parent=24983"}],"wp:term":[{"taxonomy":"product_brand","embeddable":true,"href":"https:\/\/www.rememberme-forever.com\/es\/wp-json\/wp\/v2\/product_brand?post=24983"},{"taxonomy":"product_cat","embeddable":true,"href":"https:\/\/www.rememberme-forever.com\/es\/wp-json\/wp\/v2\/product_cat?post=24983"},{"taxonomy":"product_tag","embeddable":true,"href":"https:\/\/www.rememberme-forever.com\/es\/wp-json\/wp\/v2\/product_tag?post=24983"}],"curies":[{"name":"wp","href":"https:\/\/api.w.org\/{rel}","templated":true}]}}