{"id":24993,"date":"2023-04-05T12:46:42","date_gmt":"2023-04-05T10:46:42","guid":{"rendered":"https:\/\/www.rememberme-forever.com\/product\/recuerdo-con-estrellas-plateadas-urna-esferica-pequena\/"},"modified":"2026-02-19T09:27:05","modified_gmt":"2026-02-19T08:27:05","slug":"recuerdo-con-estrellas-plateadas-urna-esferica-pequena","status":"publish","type":"product","link":"https:\/\/www.rememberme-forever.com\/es\/producto\/recuerdo-con-estrellas-plateadas-urna-esferica-pequena\/","title":{"rendered":"Recuerdo con estrellas plateadas, urna esf\u00e9rica peque\u00f1a"},"content":{"rendered":"<div style=\"width: 100%; margin-bottom: 30px; height: max-content; padding-bottom: 60%; position: relative;\"><iframe style=\"position: absolute; top: 0; left: 0; width: 100%; height: 100%;\" src=\"https:\/\/rememberme-urns.com\/keepsake-with-the-stars\/\" frameborder=\"0\"><\/iframe><\/div>\n<div style=\"color: red; text-align: center; margin-bottom: 25px;\">\n<p>&gt;&gt; Foto giratoria &#8211; pulsar\/acercar &lt;&lt;<\/p>\n<\/div>\n<h2 style=\"text-align: center;\">Recuerdo con estrellas plateadas<\/h2>\n<p style=\"text-align: center;\">Nuestro <strong>recuerdo con estrellas plateadas<\/strong> est\u00e1 bellamente elaborado y est\u00e1 dise\u00f1ado para guardar una peque\u00f1a parte de las cenizas de su ser querido. Adornada con impresionantes estrellas plateadas, esta urna es un s\u00edmbolo del v\u00ednculo eterno que comparte con su querido familiar o amigo.<\/p>\n<p style=\"text-align: center;\">Elaborada con esmero y atenci\u00f3n al detalle, esta urna \u00fanica est\u00e1 hecha con materiales de alta calidad, incluido un inserto esf\u00e9rico de acero inoxidable resistente que ofrece protecci\u00f3n y seguridad adicionales para las cenizas de su ser querido.<\/p>\n<p style=\"text-align: center;\">Para hacer esta urna a\u00fan m\u00e1s especial, ofrecemos una placa conmemorativa personalizada que puede personalizarse con el nombre de su ser querido, las fechas y cualquier otro mensaje o cita especial. La placa est\u00e1 elegantemente elaborada con materiales de alta calidad, lo que garantiza que resistir\u00e1 el paso del tiempo y servir\u00e1 como un homenaje duradero a su ser querido.<\/p>\n<p style=\"text-align: center;\">Ya sea expuesta en una repisa o guardada en un lugar especial de su hogar, esta impresionante mini urna le aportar\u00e1 consuelo y paz a usted y a su familia. Con su dise\u00f1o detallado y sus materiales de alta calidad, es una forma bonita y \u00fanica de honrar y conservar el recuerdo de alguien especial.<\/p>\n<p>&nbsp;<\/p>\n<p style=\"text-align: center;\"><em><strong>Este producto est\u00e1 pintado a mano; la apariencia puede variar ligeramente.<\/strong><\/em><\/p>\n<p>&nbsp;<\/p>\n<p style=\"text-align: center;\"><strong>Inserto de acero inoxidable:<\/strong><\/p>\n<p><img loading=\"lazy\" decoding=\"async\" class=\" wp-image-1080 aligncenter\" src=\"http:\/\/www.rememberme-forever.com\/wp-content\/uploads\/2023\/04\/planet-urn-inside-stainless-steel-insert-300x300.jpg\" alt=\"Urna planetaria dentro de un inserto de acero inoxidable\" width=\"218\" height=\"218\" srcset=\"https:\/\/www.rememberme-forever.com\/wp-content\/uploads\/2023\/04\/planet-urn-inside-stainless-steel-insert-300x300.jpg 300w, https:\/\/www.rememberme-forever.com\/wp-content\/uploads\/2023\/04\/planet-urn-inside-stainless-steel-insert-150x150.jpg 150w, https:\/\/www.rememberme-forever.com\/wp-content\/uploads\/2023\/04\/planet-urn-inside-stainless-steel-insert-600x600.jpg 600w, https:\/\/www.rememberme-forever.com\/wp-content\/uploads\/2023\/04\/planet-urn-inside-stainless-steel-insert-100x100.jpg 100w, https:\/\/www.rememberme-forever.com\/wp-content\/uploads\/2023\/04\/planet-urn-inside-stainless-steel-insert-64x64.jpg 64w, https:\/\/www.rememberme-forever.com\/wp-content\/uploads\/2023\/04\/planet-urn-inside-stainless-steel-insert.jpg 768w\" sizes=\"auto, (max-width: 218px) 100vw, 218px\" \/><\/p>\n<p>&nbsp;<\/p>\n<h3 style=\"text-align: center;\"><strong>PERSONALIZACI\u00d3N<\/strong><\/h3>\n<p style=\"text-align: center;\">La placa conmemorativa personalizada debe personalizarse al realizar el pedido. (No se preocupe si no la incluye, siempre puede enviarnos un mensaje despu\u00e9s).<\/p>\n<p style=\"text-align: center;\">Revise atentamente el texto del grabado antes de a\u00f1adir el art\u00edculo al carrito. Copiamos y grabamos la informaci\u00f3n exacta que recibimos con el pedido y no realizamos ning\u00fan cambio.<\/p>\n<p style=\"text-align: center;\"><strong>Revise el texto para asegurarse de que la ortograf\u00eda sea correcta.<\/strong><\/p>\n","protected":false},"excerpt":{"rendered":"<p>Urna peque\u00f1a de recuerdo \u00fanica para cenizas u otros recuerdos conmemorativos.<\/p>\n<p><strong>El inserto esf\u00e9rico est\u00e1 hecho de acero inoxidable.<\/strong><\/p>\n<p>\u2705 Esta urna no es apta para exteriores. Descubra nuestras <a href=\"https:\/\/www.rememberme-forever.com\/es\/categoria-producto\/urnas-para-exteriores\/\" target=\"_blank\" rel=\"noopener\"><strong>urnas para exteriores. &gt;&gt;<\/strong><\/a><\/p>\n","protected":false},"featured_media":24981,"template":"","meta":{"_acf_changed":false},"product_brand":[],"product_cat":[2450],"product_tag":[3329],"class_list":{"0":"post-24993","1":"product","2":"type-product","3":"status-publish","4":"has-post-thumbnail","6":"product_cat-recuerdos","7":"product_tag-gpsr-keepsake-urns","8":"product_shipping_class-1-2-kg-es","10":"first","11":"instock","12":"taxable","13":"shipping-taxable","14":"purchasable","15":"product-type-simple"},"yoast_head":"<!-- This site is optimized with the Yoast SEO plugin v27.4 - https:\/\/yoast.com\/product\/yoast-seo-wordpress\/ -->\n<title>Recuerdo con estrellas plateadas, urna esf\u00e9rica peque\u00f1a<\/title>\n<meta name=\"description\" content=\"Nuestro recuerdo con estrellas plateadas est\u00e1 bellamente elaborado y est\u00e1 dise\u00f1ado para guardar una peque\u00f1a parte de las cenizas de su ser querido.\" \/>\n<meta name=\"robots\" content=\"index, follow, max-snippet:-1, max-image-preview:large, max-video-preview:-1\" \/>\n<link rel=\"canonical\" href=\"https:\/\/www.rememberme-forever.com\/es\/producto\/recuerdo-con-estrellas-plateadas-urna-esferica-pequena\/\" \/>\n<meta property=\"og:locale\" content=\"es_ES\" \/>\n<meta property=\"og:type\" content=\"article\" \/>\n<meta property=\"og:title\" content=\"Recuerdo con estrellas plateadas, urna esf\u00e9rica peque\u00f1a\" \/>\n<meta property=\"og:description\" content=\"Nuestro recuerdo con estrellas plateadas est\u00e1 bellamente elaborado y est\u00e1 dise\u00f1ado para guardar una peque\u00f1a parte de las cenizas de su ser querido.\" \/>\n<meta property=\"og:url\" content=\"https:\/\/www.rememberme-forever.com\/es\/producto\/recuerdo-con-estrellas-plateadas-urna-esferica-pequena\/\" \/>\n<meta property=\"og:site_name\" content=\"Remember Forever\" \/>\n<meta property=\"article:modified_time\" content=\"2026-02-19T08:27:05+00:00\" \/>\n<meta property=\"og:image\" content=\"http:\/\/www.rememberme-forever.com\/wp-content\/uploads\/2023\/04\/keepsake-with-stars.jpg\" \/>\n\t<meta property=\"og:image:width\" content=\"768\" \/>\n\t<meta property=\"og:image:height\" content=\"779\" \/>\n\t<meta property=\"og:image:type\" content=\"image\/jpeg\" \/>\n<meta name=\"twitter:card\" content=\"summary_large_image\" \/>\n<meta name=\"twitter:label1\" content=\"Tiempo de lectura\" \/>\n\t<meta name=\"twitter:data1\" content=\"2 minutos\" \/>\n<script type=\"application\/ld+json\" class=\"yoast-schema-graph\">{\"@context\":\"https:\\\/\\\/schema.org\",\"@graph\":[{\"@type\":\"WebPage\",\"@id\":\"https:\\\/\\\/www.rememberme-forever.com\\\/es\\\/producto\\\/recuerdo-con-estrellas-plateadas-urna-esferica-pequena\\\/\",\"url\":\"https:\\\/\\\/www.rememberme-forever.com\\\/es\\\/producto\\\/recuerdo-con-estrellas-plateadas-urna-esferica-pequena\\\/\",\"name\":\"Recuerdo con estrellas plateadas, urna esf\u00e9rica peque\u00f1a\",\"isPartOf\":{\"@id\":\"https:\\\/\\\/www.rememberme-forever.com\\\/es\\\/#website\"},\"primaryImageOfPage\":{\"@id\":\"https:\\\/\\\/www.rememberme-forever.com\\\/es\\\/producto\\\/recuerdo-con-estrellas-plateadas-urna-esferica-pequena\\\/#primaryimage\"},\"image\":{\"@id\":\"https:\\\/\\\/www.rememberme-forever.com\\\/es\\\/producto\\\/recuerdo-con-estrellas-plateadas-urna-esferica-pequena\\\/#primaryimage\"},\"thumbnailUrl\":\"https:\\\/\\\/www.rememberme-forever.com\\\/wp-content\\\/uploads\\\/2023\\\/04\\\/keepsake-with-stars.jpg\",\"datePublished\":\"2023-04-05T10:46:42+00:00\",\"dateModified\":\"2026-02-19T08:27:05+00:00\",\"description\":\"Nuestro recuerdo con estrellas plateadas est\u00e1 bellamente elaborado y est\u00e1 dise\u00f1ado para guardar una peque\u00f1a parte de las cenizas de su ser querido.\",\"breadcrumb\":{\"@id\":\"https:\\\/\\\/www.rememberme-forever.com\\\/es\\\/producto\\\/recuerdo-con-estrellas-plateadas-urna-esferica-pequena\\\/#breadcrumb\"},\"inLanguage\":\"es\",\"potentialAction\":[{\"@type\":\"ReadAction\",\"target\":[\"https:\\\/\\\/www.rememberme-forever.com\\\/es\\\/producto\\\/recuerdo-con-estrellas-plateadas-urna-esferica-pequena\\\/\"]}]},{\"@type\":\"ImageObject\",\"inLanguage\":\"es\",\"@id\":\"https:\\\/\\\/www.rememberme-forever.com\\\/es\\\/producto\\\/recuerdo-con-estrellas-plateadas-urna-esferica-pequena\\\/#primaryimage\",\"url\":\"https:\\\/\\\/www.rememberme-forever.com\\\/wp-content\\\/uploads\\\/2023\\\/04\\\/keepsake-with-stars.jpg\",\"contentUrl\":\"https:\\\/\\\/www.rememberme-forever.com\\\/wp-content\\\/uploads\\\/2023\\\/04\\\/keepsake-with-stars.jpg\",\"width\":768,\"height\":779,\"caption\":\"recuerdo con estrellas\"},{\"@type\":\"BreadcrumbList\",\"@id\":\"https:\\\/\\\/www.rememberme-forever.com\\\/es\\\/producto\\\/recuerdo-con-estrellas-plateadas-urna-esferica-pequena\\\/#breadcrumb\",\"itemListElement\":[{\"@type\":\"ListItem\",\"position\":1,\"name\":\"Home\",\"item\":\"https:\\\/\\\/www.rememberme-forever.com\\\/es\\\/inicio\\\/\"},{\"@type\":\"ListItem\",\"position\":2,\"name\":\"Comercio\",\"item\":\"https:\\\/\\\/www.rememberme-forever.com\\\/es\\\/shop\\\/\"},{\"@type\":\"ListItem\",\"position\":3,\"name\":\"Recuerdo con estrellas plateadas, urna esf\u00e9rica peque\u00f1a\"}]},{\"@type\":\"WebSite\",\"@id\":\"https:\\\/\\\/www.rememberme-forever.com\\\/es\\\/#website\",\"url\":\"https:\\\/\\\/www.rememberme-forever.com\\\/es\\\/\",\"name\":\"Remember Forever\",\"description\":\"Cremation urns, funeral urns, urns for ashes\",\"publisher\":{\"@id\":\"https:\\\/\\\/www.rememberme-forever.com\\\/es\\\/#organization\"},\"potentialAction\":[{\"@type\":\"SearchAction\",\"target\":{\"@type\":\"EntryPoint\",\"urlTemplate\":\"https:\\\/\\\/www.rememberme-forever.com\\\/es\\\/?s={search_term_string}\"},\"query-input\":{\"@type\":\"PropertyValueSpecification\",\"valueRequired\":true,\"valueName\":\"search_term_string\"}}],\"inLanguage\":\"es\"},{\"@type\":\"Organization\",\"@id\":\"https:\\\/\\\/www.rememberme-forever.com\\\/es\\\/#organization\",\"name\":\"Remember Forever\",\"url\":\"https:\\\/\\\/www.rememberme-forever.com\\\/es\\\/\",\"logo\":{\"@type\":\"ImageObject\",\"inLanguage\":\"es\",\"@id\":\"https:\\\/\\\/www.rememberme-forever.com\\\/es\\\/#\\\/schema\\\/logo\\\/image\\\/\",\"url\":\"https:\\\/\\\/www.rememberme-forever.com\\\/wp-content\\\/uploads\\\/2023\\\/02\\\/logo.png\",\"contentUrl\":\"https:\\\/\\\/www.rememberme-forever.com\\\/wp-content\\\/uploads\\\/2023\\\/02\\\/logo.png\",\"width\":300,\"height\":56,\"caption\":\"Remember Forever\"},\"image\":{\"@id\":\"https:\\\/\\\/www.rememberme-forever.com\\\/es\\\/#\\\/schema\\\/logo\\\/image\\\/\"}}]}<\/script>\n<!-- \/ Yoast SEO plugin. -->","yoast_head_json":{"title":"Recuerdo con estrellas plateadas, urna esf\u00e9rica peque\u00f1a","description":"Nuestro recuerdo con estrellas plateadas est\u00e1 bellamente elaborado y est\u00e1 dise\u00f1ado para guardar una peque\u00f1a parte de las cenizas de su ser querido.","robots":{"index":"index","follow":"follow","max-snippet":"max-snippet:-1","max-image-preview":"max-image-preview:large","max-video-preview":"max-video-preview:-1"},"canonical":"https:\/\/www.rememberme-forever.com\/es\/producto\/recuerdo-con-estrellas-plateadas-urna-esferica-pequena\/","og_locale":"es_ES","og_type":"article","og_title":"Recuerdo con estrellas plateadas, urna esf\u00e9rica peque\u00f1a","og_description":"Nuestro recuerdo con estrellas plateadas est\u00e1 bellamente elaborado y est\u00e1 dise\u00f1ado para guardar una peque\u00f1a parte de las cenizas de su ser querido.","og_url":"https:\/\/www.rememberme-forever.com\/es\/producto\/recuerdo-con-estrellas-plateadas-urna-esferica-pequena\/","og_site_name":"Remember Forever","article_modified_time":"2026-02-19T08:27:05+00:00","og_image":[{"width":768,"height":779,"url":"http:\/\/www.rememberme-forever.com\/wp-content\/uploads\/2023\/04\/keepsake-with-stars.jpg","type":"image\/jpeg"}],"twitter_card":"summary_large_image","twitter_misc":{"Tiempo de lectura":"2 minutos"},"schema":{"@context":"https:\/\/schema.org","@graph":[{"@type":"WebPage","@id":"https:\/\/www.rememberme-forever.com\/es\/producto\/recuerdo-con-estrellas-plateadas-urna-esferica-pequena\/","url":"https:\/\/www.rememberme-forever.com\/es\/producto\/recuerdo-con-estrellas-plateadas-urna-esferica-pequena\/","name":"Recuerdo con estrellas plateadas, urna esf\u00e9rica peque\u00f1a","isPartOf":{"@id":"https:\/\/www.rememberme-forever.com\/es\/#website"},"primaryImageOfPage":{"@id":"https:\/\/www.rememberme-forever.com\/es\/producto\/recuerdo-con-estrellas-plateadas-urna-esferica-pequena\/#primaryimage"},"image":{"@id":"https:\/\/www.rememberme-forever.com\/es\/producto\/recuerdo-con-estrellas-plateadas-urna-esferica-pequena\/#primaryimage"},"thumbnailUrl":"https:\/\/www.rememberme-forever.com\/wp-content\/uploads\/2023\/04\/keepsake-with-stars.jpg","datePublished":"2023-04-05T10:46:42+00:00","dateModified":"2026-02-19T08:27:05+00:00","description":"Nuestro recuerdo con estrellas plateadas est\u00e1 bellamente elaborado y est\u00e1 dise\u00f1ado para guardar una peque\u00f1a parte de las cenizas de su ser querido.","breadcrumb":{"@id":"https:\/\/www.rememberme-forever.com\/es\/producto\/recuerdo-con-estrellas-plateadas-urna-esferica-pequena\/#breadcrumb"},"inLanguage":"es","potentialAction":[{"@type":"ReadAction","target":["https:\/\/www.rememberme-forever.com\/es\/producto\/recuerdo-con-estrellas-plateadas-urna-esferica-pequena\/"]}]},{"@type":"ImageObject","inLanguage":"es","@id":"https:\/\/www.rememberme-forever.com\/es\/producto\/recuerdo-con-estrellas-plateadas-urna-esferica-pequena\/#primaryimage","url":"https:\/\/www.rememberme-forever.com\/wp-content\/uploads\/2023\/04\/keepsake-with-stars.jpg","contentUrl":"https:\/\/www.rememberme-forever.com\/wp-content\/uploads\/2023\/04\/keepsake-with-stars.jpg","width":768,"height":779,"caption":"recuerdo con estrellas"},{"@type":"BreadcrumbList","@id":"https:\/\/www.rememberme-forever.com\/es\/producto\/recuerdo-con-estrellas-plateadas-urna-esferica-pequena\/#breadcrumb","itemListElement":[{"@type":"ListItem","position":1,"name":"Home","item":"https:\/\/www.rememberme-forever.com\/es\/inicio\/"},{"@type":"ListItem","position":2,"name":"Comercio","item":"https:\/\/www.rememberme-forever.com\/es\/shop\/"},{"@type":"ListItem","position":3,"name":"Recuerdo con estrellas plateadas, urna esf\u00e9rica peque\u00f1a"}]},{"@type":"WebSite","@id":"https:\/\/www.rememberme-forever.com\/es\/#website","url":"https:\/\/www.rememberme-forever.com\/es\/","name":"Remember Forever","description":"Cremation urns, funeral urns, urns for ashes","publisher":{"@id":"https:\/\/www.rememberme-forever.com\/es\/#organization"},"potentialAction":[{"@type":"SearchAction","target":{"@type":"EntryPoint","urlTemplate":"https:\/\/www.rememberme-forever.com\/es\/?s={search_term_string}"},"query-input":{"@type":"PropertyValueSpecification","valueRequired":true,"valueName":"search_term_string"}}],"inLanguage":"es"},{"@type":"Organization","@id":"https:\/\/www.rememberme-forever.com\/es\/#organization","name":"Remember Forever","url":"https:\/\/www.rememberme-forever.com\/es\/","logo":{"@type":"ImageObject","inLanguage":"es","@id":"https:\/\/www.rememberme-forever.com\/es\/#\/schema\/logo\/image\/","url":"https:\/\/www.rememberme-forever.com\/wp-content\/uploads\/2023\/02\/logo.png","contentUrl":"https:\/\/www.rememberme-forever.com\/wp-content\/uploads\/2023\/02\/logo.png","width":300,"height":56,"caption":"Remember Forever"},"image":{"@id":"https:\/\/www.rememberme-forever.com\/es\/#\/schema\/logo\/image\/"}}]}},"acf":[],"_links":{"self":[{"href":"https:\/\/www.rememberme-forever.com\/es\/wp-json\/wp\/v2\/product\/24993","targetHints":{"allow":["GET"]}}],"collection":[{"href":"https:\/\/www.rememberme-forever.com\/es\/wp-json\/wp\/v2\/product"}],"about":[{"href":"https:\/\/www.rememberme-forever.com\/es\/wp-json\/wp\/v2\/types\/product"}],"wp:featuredmedia":[{"embeddable":true,"href":"https:\/\/www.rememberme-forever.com\/es\/wp-json\/wp\/v2\/media\/24981"}],"wp:attachment":[{"href":"https:\/\/www.rememberme-forever.com\/es\/wp-json\/wp\/v2\/media?parent=24993"}],"wp:term":[{"taxonomy":"product_brand","embeddable":true,"href":"https:\/\/www.rememberme-forever.com\/es\/wp-json\/wp\/v2\/product_brand?post=24993"},{"taxonomy":"product_cat","embeddable":true,"href":"https:\/\/www.rememberme-forever.com\/es\/wp-json\/wp\/v2\/product_cat?post=24993"},{"taxonomy":"product_tag","embeddable":true,"href":"https:\/\/www.rememberme-forever.com\/es\/wp-json\/wp\/v2\/product_tag?post=24993"}],"curies":[{"name":"wp","href":"https:\/\/api.w.org\/{rel}","templated":true}]}}