{"id":25077,"date":"2023-04-06T11:04:08","date_gmt":"2023-04-06T09:04:08","guid":{"rendered":"https:\/\/www.rememberme-forever.com\/product\/urna-funeraria-de-granito-gris-oscuro-para-adultos\/"},"modified":"2026-02-19T10:38:28","modified_gmt":"2026-02-19T09:38:28","slug":"urna-funeraria-de-granito-gris-oscuro-para-adultos","status":"publish","type":"product","link":"https:\/\/www.rememberme-forever.com\/es\/producto\/urna-funeraria-de-granito-gris-oscuro-para-adultos\/","title":{"rendered":"Urna funeraria de granito gris oscuro para adultos"},"content":{"rendered":"<div style=\"width: 100%; margin-bottom: 30px; height: max-content; padding-bottom: 60%; position: relative;\"><iframe style=\"position: absolute; top: 0; left: 0; width: 100%; height: 100%;\" src=\"https:\/\/rememberme-urns.com\/dark-grey-composite-urn\/\" frameborder=\"0\"><\/iframe><\/div>\n<div style=\"color: red; text-align: center; margin-bottom: 25px;\">\n<p>&gt;&gt; Foto giratoria &#8211; pulsar\/acercar &lt;&lt;<\/p>\n<\/div>\n<h2 style=\"text-align: center;\">Urna funeraria de granito gris oscuro para adultos<\/h2>\n<p style=\"text-align: center;\">Presentamos nuestra exquisita urna funeraria de granito gris oscuro para adultos, un homenaje \u00fanico y extraordinario a la vida de su ser querido. This urn is crafted from a composite granite material, which gives it a distinctive look and texture.<\/p>\n<p style=\"text-align: center;\">La urna est\u00e1 dise\u00f1ada para contener las cenizas de un adulto y proporciona espacio suficiente para albergar sus restos. Adornando la urna hay tres hermosas rosas que sirven como conmovedor s\u00edmbolo de amor y recuerdo. Las rosas est\u00e1n elaboradas con gran detalle y a\u00f1aden un toque de belleza natural a la urna.<\/p>\n<p style=\"text-align: center;\">Para quienes deseen un toque adicional de simbolismo religioso, se puede a\u00f1adir una cruz dorada a la urna. La cruz sirve como conmovedor recordatorio de la fe de su ser querido y del consuelo que puede brindar durante este momento dif\u00edcil.<\/p>\n<p style=\"text-align: center;\">Adem\u00e1s, se incluye una placa conmemorativa que le permite personalizar la urna con el nombre de su ser querido, las fechas o un mensaje sentido. Puede elegir el texto que se grabar\u00e1 en la placa, asegurando que la urna sea un homenaje \u00fanico y personalizado a la vida de su ser querido.<\/p>\n<p style=\"text-align: center;\"><em><strong>Se puede a\u00f1adir una cruz dorada opcional a cada urna para que la pueda armar usted mismo.<\/strong><\/em><\/p>\n<p>&nbsp;<\/p>\n<h3 style=\"text-align: center;\"><strong>PERSONALIZACI\u00d3N<\/strong><\/h3>\n<p style=\"text-align: center;\">La placa conmemorativa personalizada debe personalizarse al realizar el pedido. (No se preocupe si no la incluye, siempre puede enviarnos un mensaje despu\u00e9s).<\/p>\n<p style=\"text-align: center;\">Revise atentamente el texto del grabado antes de a\u00f1adir el art\u00edculo al carrito. Copiamos y grabamos la informaci\u00f3n exacta que recibimos con el pedido y no realizamos ning\u00fan cambio.<\/p>\n<p style=\"text-align: center;\"><strong>Revise el texto para asegurarse de que la ortograf\u00eda sea correcta.<\/strong><\/p>\n","protected":false},"excerpt":{"rendered":"<p>Esta urna es un recipiente perfecto para cenizas de adultos. Dise\u00f1o hermoso y construcci\u00f3n s\u00f3lida.<\/p>\n<p><strong>Adecuada para contener las cenizas de una persona de hasta aprox. 138 kg o 305 lb <\/strong><\/p>\n","protected":false},"featured_media":25074,"template":"","meta":{"_acf_changed":false},"product_brand":[],"product_cat":[2447],"product_tag":[3319],"class_list":{"0":"post-25077","1":"product","2":"type-product","3":"status-publish","4":"has-post-thumbnail","6":"product_cat-urnas-compuestas","7":"product_tag-gpsr-composite-urns","8":"product_shipping_class-5-10kg-es","10":"first","11":"instock","12":"taxable","13":"shipping-taxable","14":"purchasable","15":"product-type-simple"},"yoast_head":"<!-- This site is optimized with the Yoast SEO plugin v27.4 - https:\/\/yoast.com\/product\/yoast-seo-wordpress\/ -->\n<title>Urna funeraria de granito gris oscuro para adultos<\/title>\n<meta name=\"description\" content=\"Presentamos nuestra exquisita urna funeraria de granito gris oscuro para adultos, un homenaje \u00fanico y extraordinario a la vida de su ser querido.\" \/>\n<meta name=\"robots\" content=\"index, follow, max-snippet:-1, max-image-preview:large, max-video-preview:-1\" \/>\n<link rel=\"canonical\" href=\"https:\/\/www.rememberme-forever.com\/es\/producto\/urna-funeraria-de-granito-gris-oscuro-para-adultos\/\" \/>\n<meta property=\"og:locale\" content=\"es_ES\" \/>\n<meta property=\"og:type\" content=\"article\" \/>\n<meta property=\"og:title\" content=\"Urna funeraria de granito gris oscuro para adultos\" \/>\n<meta property=\"og:description\" content=\"Presentamos nuestra exquisita urna funeraria de granito gris oscuro para adultos, un homenaje \u00fanico y extraordinario a la vida de su ser querido.\" \/>\n<meta property=\"og:url\" content=\"https:\/\/www.rememberme-forever.com\/es\/producto\/urna-funeraria-de-granito-gris-oscuro-para-adultos\/\" \/>\n<meta property=\"og:site_name\" content=\"Remember Forever\" \/>\n<meta property=\"article:modified_time\" content=\"2026-02-19T09:38:28+00:00\" \/>\n<meta property=\"og:image\" content=\"http:\/\/www.rememberme-forever.com\/wp-content\/uploads\/2023\/04\/dark-grey-urn-with-cross.jpg\" \/>\n\t<meta property=\"og:image:width\" content=\"768\" \/>\n\t<meta property=\"og:image:height\" content=\"781\" \/>\n\t<meta property=\"og:image:type\" content=\"image\/jpeg\" \/>\n<meta name=\"twitter:card\" content=\"summary_large_image\" \/>\n<meta name=\"twitter:label1\" content=\"Tiempo de lectura\" \/>\n\t<meta name=\"twitter:data1\" content=\"2 minutos\" \/>\n<script type=\"application\/ld+json\" class=\"yoast-schema-graph\">{\"@context\":\"https:\\\/\\\/schema.org\",\"@graph\":[{\"@type\":\"WebPage\",\"@id\":\"https:\\\/\\\/www.rememberme-forever.com\\\/es\\\/producto\\\/urna-funeraria-de-granito-gris-oscuro-para-adultos\\\/\",\"url\":\"https:\\\/\\\/www.rememberme-forever.com\\\/es\\\/producto\\\/urna-funeraria-de-granito-gris-oscuro-para-adultos\\\/\",\"name\":\"Urna funeraria de granito gris oscuro para adultos\",\"isPartOf\":{\"@id\":\"https:\\\/\\\/www.rememberme-forever.com\\\/es\\\/#website\"},\"primaryImageOfPage\":{\"@id\":\"https:\\\/\\\/www.rememberme-forever.com\\\/es\\\/producto\\\/urna-funeraria-de-granito-gris-oscuro-para-adultos\\\/#primaryimage\"},\"image\":{\"@id\":\"https:\\\/\\\/www.rememberme-forever.com\\\/es\\\/producto\\\/urna-funeraria-de-granito-gris-oscuro-para-adultos\\\/#primaryimage\"},\"thumbnailUrl\":\"https:\\\/\\\/www.rememberme-forever.com\\\/wp-content\\\/uploads\\\/2023\\\/04\\\/dark-grey-urn-with-cross.jpg\",\"datePublished\":\"2023-04-06T09:04:08+00:00\",\"dateModified\":\"2026-02-19T09:38:28+00:00\",\"description\":\"Presentamos nuestra exquisita urna funeraria de granito gris oscuro para adultos, un homenaje \u00fanico y extraordinario a la vida de su ser querido.\",\"breadcrumb\":{\"@id\":\"https:\\\/\\\/www.rememberme-forever.com\\\/es\\\/producto\\\/urna-funeraria-de-granito-gris-oscuro-para-adultos\\\/#breadcrumb\"},\"inLanguage\":\"es\",\"potentialAction\":[{\"@type\":\"ReadAction\",\"target\":[\"https:\\\/\\\/www.rememberme-forever.com\\\/es\\\/producto\\\/urna-funeraria-de-granito-gris-oscuro-para-adultos\\\/\"]}]},{\"@type\":\"ImageObject\",\"inLanguage\":\"es\",\"@id\":\"https:\\\/\\\/www.rememberme-forever.com\\\/es\\\/producto\\\/urna-funeraria-de-granito-gris-oscuro-para-adultos\\\/#primaryimage\",\"url\":\"https:\\\/\\\/www.rememberme-forever.com\\\/wp-content\\\/uploads\\\/2023\\\/04\\\/dark-grey-urn-with-cross.jpg\",\"contentUrl\":\"https:\\\/\\\/www.rememberme-forever.com\\\/wp-content\\\/uploads\\\/2023\\\/04\\\/dark-grey-urn-with-cross.jpg\",\"width\":768,\"height\":781,\"caption\":\"Urna funeraria de granito gris oscuro para adultos, urna gris oscuro con cruz\"},{\"@type\":\"BreadcrumbList\",\"@id\":\"https:\\\/\\\/www.rememberme-forever.com\\\/es\\\/producto\\\/urna-funeraria-de-granito-gris-oscuro-para-adultos\\\/#breadcrumb\",\"itemListElement\":[{\"@type\":\"ListItem\",\"position\":1,\"name\":\"Home\",\"item\":\"https:\\\/\\\/www.rememberme-forever.com\\\/es\\\/inicio\\\/\"},{\"@type\":\"ListItem\",\"position\":2,\"name\":\"Comercio\",\"item\":\"https:\\\/\\\/www.rememberme-forever.com\\\/es\\\/shop\\\/\"},{\"@type\":\"ListItem\",\"position\":3,\"name\":\"Urna funeraria de granito gris oscuro para adultos\"}]},{\"@type\":\"WebSite\",\"@id\":\"https:\\\/\\\/www.rememberme-forever.com\\\/es\\\/#website\",\"url\":\"https:\\\/\\\/www.rememberme-forever.com\\\/es\\\/\",\"name\":\"Remember Forever\",\"description\":\"Cremation urns, funeral urns, urns for ashes\",\"publisher\":{\"@id\":\"https:\\\/\\\/www.rememberme-forever.com\\\/es\\\/#organization\"},\"potentialAction\":[{\"@type\":\"SearchAction\",\"target\":{\"@type\":\"EntryPoint\",\"urlTemplate\":\"https:\\\/\\\/www.rememberme-forever.com\\\/es\\\/?s={search_term_string}\"},\"query-input\":{\"@type\":\"PropertyValueSpecification\",\"valueRequired\":true,\"valueName\":\"search_term_string\"}}],\"inLanguage\":\"es\"},{\"@type\":\"Organization\",\"@id\":\"https:\\\/\\\/www.rememberme-forever.com\\\/es\\\/#organization\",\"name\":\"Remember Forever\",\"url\":\"https:\\\/\\\/www.rememberme-forever.com\\\/es\\\/\",\"logo\":{\"@type\":\"ImageObject\",\"inLanguage\":\"es\",\"@id\":\"https:\\\/\\\/www.rememberme-forever.com\\\/es\\\/#\\\/schema\\\/logo\\\/image\\\/\",\"url\":\"https:\\\/\\\/www.rememberme-forever.com\\\/wp-content\\\/uploads\\\/2023\\\/02\\\/logo.png\",\"contentUrl\":\"https:\\\/\\\/www.rememberme-forever.com\\\/wp-content\\\/uploads\\\/2023\\\/02\\\/logo.png\",\"width\":300,\"height\":56,\"caption\":\"Remember Forever\"},\"image\":{\"@id\":\"https:\\\/\\\/www.rememberme-forever.com\\\/es\\\/#\\\/schema\\\/logo\\\/image\\\/\"}}]}<\/script>\n<!-- \/ Yoast SEO plugin. -->","yoast_head_json":{"title":"Urna funeraria de granito gris oscuro para adultos","description":"Presentamos nuestra exquisita urna funeraria de granito gris oscuro para adultos, un homenaje \u00fanico y extraordinario a la vida de su ser querido.","robots":{"index":"index","follow":"follow","max-snippet":"max-snippet:-1","max-image-preview":"max-image-preview:large","max-video-preview":"max-video-preview:-1"},"canonical":"https:\/\/www.rememberme-forever.com\/es\/producto\/urna-funeraria-de-granito-gris-oscuro-para-adultos\/","og_locale":"es_ES","og_type":"article","og_title":"Urna funeraria de granito gris oscuro para adultos","og_description":"Presentamos nuestra exquisita urna funeraria de granito gris oscuro para adultos, un homenaje \u00fanico y extraordinario a la vida de su ser querido.","og_url":"https:\/\/www.rememberme-forever.com\/es\/producto\/urna-funeraria-de-granito-gris-oscuro-para-adultos\/","og_site_name":"Remember Forever","article_modified_time":"2026-02-19T09:38:28+00:00","og_image":[{"width":768,"height":781,"url":"http:\/\/www.rememberme-forever.com\/wp-content\/uploads\/2023\/04\/dark-grey-urn-with-cross.jpg","type":"image\/jpeg"}],"twitter_card":"summary_large_image","twitter_misc":{"Tiempo de lectura":"2 minutos"},"schema":{"@context":"https:\/\/schema.org","@graph":[{"@type":"WebPage","@id":"https:\/\/www.rememberme-forever.com\/es\/producto\/urna-funeraria-de-granito-gris-oscuro-para-adultos\/","url":"https:\/\/www.rememberme-forever.com\/es\/producto\/urna-funeraria-de-granito-gris-oscuro-para-adultos\/","name":"Urna funeraria de granito gris oscuro para adultos","isPartOf":{"@id":"https:\/\/www.rememberme-forever.com\/es\/#website"},"primaryImageOfPage":{"@id":"https:\/\/www.rememberme-forever.com\/es\/producto\/urna-funeraria-de-granito-gris-oscuro-para-adultos\/#primaryimage"},"image":{"@id":"https:\/\/www.rememberme-forever.com\/es\/producto\/urna-funeraria-de-granito-gris-oscuro-para-adultos\/#primaryimage"},"thumbnailUrl":"https:\/\/www.rememberme-forever.com\/wp-content\/uploads\/2023\/04\/dark-grey-urn-with-cross.jpg","datePublished":"2023-04-06T09:04:08+00:00","dateModified":"2026-02-19T09:38:28+00:00","description":"Presentamos nuestra exquisita urna funeraria de granito gris oscuro para adultos, un homenaje \u00fanico y extraordinario a la vida de su ser querido.","breadcrumb":{"@id":"https:\/\/www.rememberme-forever.com\/es\/producto\/urna-funeraria-de-granito-gris-oscuro-para-adultos\/#breadcrumb"},"inLanguage":"es","potentialAction":[{"@type":"ReadAction","target":["https:\/\/www.rememberme-forever.com\/es\/producto\/urna-funeraria-de-granito-gris-oscuro-para-adultos\/"]}]},{"@type":"ImageObject","inLanguage":"es","@id":"https:\/\/www.rememberme-forever.com\/es\/producto\/urna-funeraria-de-granito-gris-oscuro-para-adultos\/#primaryimage","url":"https:\/\/www.rememberme-forever.com\/wp-content\/uploads\/2023\/04\/dark-grey-urn-with-cross.jpg","contentUrl":"https:\/\/www.rememberme-forever.com\/wp-content\/uploads\/2023\/04\/dark-grey-urn-with-cross.jpg","width":768,"height":781,"caption":"Urna funeraria de granito gris oscuro para adultos, urna gris oscuro con cruz"},{"@type":"BreadcrumbList","@id":"https:\/\/www.rememberme-forever.com\/es\/producto\/urna-funeraria-de-granito-gris-oscuro-para-adultos\/#breadcrumb","itemListElement":[{"@type":"ListItem","position":1,"name":"Home","item":"https:\/\/www.rememberme-forever.com\/es\/inicio\/"},{"@type":"ListItem","position":2,"name":"Comercio","item":"https:\/\/www.rememberme-forever.com\/es\/shop\/"},{"@type":"ListItem","position":3,"name":"Urna funeraria de granito gris oscuro para adultos"}]},{"@type":"WebSite","@id":"https:\/\/www.rememberme-forever.com\/es\/#website","url":"https:\/\/www.rememberme-forever.com\/es\/","name":"Remember Forever","description":"Cremation urns, funeral urns, urns for ashes","publisher":{"@id":"https:\/\/www.rememberme-forever.com\/es\/#organization"},"potentialAction":[{"@type":"SearchAction","target":{"@type":"EntryPoint","urlTemplate":"https:\/\/www.rememberme-forever.com\/es\/?s={search_term_string}"},"query-input":{"@type":"PropertyValueSpecification","valueRequired":true,"valueName":"search_term_string"}}],"inLanguage":"es"},{"@type":"Organization","@id":"https:\/\/www.rememberme-forever.com\/es\/#organization","name":"Remember Forever","url":"https:\/\/www.rememberme-forever.com\/es\/","logo":{"@type":"ImageObject","inLanguage":"es","@id":"https:\/\/www.rememberme-forever.com\/es\/#\/schema\/logo\/image\/","url":"https:\/\/www.rememberme-forever.com\/wp-content\/uploads\/2023\/02\/logo.png","contentUrl":"https:\/\/www.rememberme-forever.com\/wp-content\/uploads\/2023\/02\/logo.png","width":300,"height":56,"caption":"Remember Forever"},"image":{"@id":"https:\/\/www.rememberme-forever.com\/es\/#\/schema\/logo\/image\/"}}]}},"acf":[],"_links":{"self":[{"href":"https:\/\/www.rememberme-forever.com\/es\/wp-json\/wp\/v2\/product\/25077","targetHints":{"allow":["GET"]}}],"collection":[{"href":"https:\/\/www.rememberme-forever.com\/es\/wp-json\/wp\/v2\/product"}],"about":[{"href":"https:\/\/www.rememberme-forever.com\/es\/wp-json\/wp\/v2\/types\/product"}],"wp:featuredmedia":[{"embeddable":true,"href":"https:\/\/www.rememberme-forever.com\/es\/wp-json\/wp\/v2\/media\/25074"}],"wp:attachment":[{"href":"https:\/\/www.rememberme-forever.com\/es\/wp-json\/wp\/v2\/media?parent=25077"}],"wp:term":[{"taxonomy":"product_brand","embeddable":true,"href":"https:\/\/www.rememberme-forever.com\/es\/wp-json\/wp\/v2\/product_brand?post=25077"},{"taxonomy":"product_cat","embeddable":true,"href":"https:\/\/www.rememberme-forever.com\/es\/wp-json\/wp\/v2\/product_cat?post=25077"},{"taxonomy":"product_tag","embeddable":true,"href":"https:\/\/www.rememberme-forever.com\/es\/wp-json\/wp\/v2\/product_tag?post=25077"}],"curies":[{"name":"wp","href":"https:\/\/api.w.org\/{rel}","templated":true}]}}