{"id":25183,"date":"2023-04-11T08:31:05","date_gmt":"2023-04-11T06:31:05","guid":{"rendered":"https:\/\/www.rememberme-forever.com\/product\/urna-pintada-artisticamente-con-efecto-craquelado-para-nino-in-the-hands-of-angel-talla-s\/"},"modified":"2026-02-19T11:27:38","modified_gmt":"2026-02-19T10:27:38","slug":"urna-pintada-artisticamente-con-efecto-craquelado-para-nino-in-the-hands-of-angel-talla-s","status":"publish","type":"product","link":"https:\/\/www.rememberme-forever.com\/es\/producto\/urna-pintada-artisticamente-con-efecto-craquelado-para-nino-in-the-hands-of-angel-talla-s\/","title":{"rendered":"Urna pintada art\u00edsticamente con efecto craquelado para ni\u00f1o: \u00abIn The Hands of Angel\u00bb &#8211; talla S"},"content":{"rendered":"<h2 style=\"text-align: center;\">Urna pintada art\u00edsticamente con efecto craquelado para ni\u00f1o<\/h2>\n<p style=\"text-align: center;\">Presentamos nuestra <strong>urna pintada art\u00edsticamente con efecto craquelado<\/strong>, un homenaje hermoso y \u00fanico para su querido hijo. Esta urna incorpora una peque\u00f1a esfera de acero inoxidable colocada delicadamente en las manos de la figurita pintada con decoupage, rodeada de un efecto craquelado de aspecto natural que aporta un toque de autenticidad a su dise\u00f1o \u00fanico.<\/p>\n<p style=\"text-align: center;\">La t\u00e9cnica de decoupage utilizada para crear el efecto craquelado es un m\u00e9todo tradicional para aportar textura y profundidad a las piezas art\u00edsticas, y nuestros artesanos expertos la han llevado a un nuevo nivel en la creaci\u00f3n de esta urna. Los detalles intrincados de la figurita y las grietas de aspecto natural se unen para crear una obra de arte hermosa y significativa que refleja la singularidad de su hijo.<\/p>\n<p style=\"text-align: center;\">La peque\u00f1a esfera de acero inoxidable es un s\u00edmbolo de la presencia de su hijo, que representa su esp\u00edritu y su alma mientras descansa en paz eterna. Se sostiene con elegancia en las manos de la figurita, record\u00e1ndole que su hijo siempre est\u00e1 con usted, incluso en su ausencia f\u00edsica.<\/p>\n<p style=\"text-align: center;\">Esta urna est\u00e1 dise\u00f1ada para ser un recordatorio hermoso y art\u00edstico de la vida y el amor que comparti\u00f3 con su hijo. El efecto craquelado natural aporta un toque de crudeza y autenticidad a la figurita, representando la fragilidad de la vida y la belleza que puede encontrarse en las imperfecciones.<\/p>\n<p style=\"text-align: center;\">Con su dise\u00f1o \u00fanico y una artesan\u00eda excepcional, nuestra urna pintada art\u00edsticamente con efecto craquelado es una forma hermosa y significativa de honrar la memoria de su querido hijo. Es perfecta para exhibirla en su hogar, permiti\u00e9ndole mantener a su hijo cerca del coraz\u00f3n y aportando consuelo y alivio en momentos de duelo.<\/p>\n<p style=\"text-align: center;\"><em><strong>Este producto es pintado a mano; la apariencia puede variar ligeramente.<\/strong><\/em><\/p>\n<p>&nbsp;<\/p>\n<h3 style=\"text-align: center;\"><strong>PERSONALIZACI\u00d3N<\/strong><\/h3>\n<p style=\"text-align: center;\">La placa conmemorativa personalizada debe personalizarse al realizar el pedido. (No se preocupe si no la incluye, siempre puede enviarnos un mensaje despu\u00e9s).<\/p>\n<p style=\"text-align: center;\">Revise atentamente el texto del grabado antes de a\u00f1adir el art\u00edculo al carrito. Copiamos y grabamos la informaci\u00f3n exacta que recibimos con el pedido y no realizamos ning\u00fan cambio.<\/p>\n<p style=\"text-align: center;\"><strong>Revise el texto para asegurarse de que la ortograf\u00eda sea correcta.<\/strong><\/p>\n<p><strong><em><img loading=\"lazy\" decoding=\"async\" class=\" wp-image-1348 aligncenter\" src=\"http:\/\/www.rememberme-forever.com\/wp-content\/uploads\/2023\/04\/rece_8www-300x295.jpg\" alt=\"urna infantil grabada\" width=\"214\" height=\"210\" srcset=\"https:\/\/www.rememberme-forever.com\/wp-content\/uploads\/2023\/04\/rece_8www-300x295.jpg 300w, https:\/\/www.rememberme-forever.com\/wp-content\/uploads\/2023\/04\/rece_8www-768x756.jpg 768w, https:\/\/www.rememberme-forever.com\/wp-content\/uploads\/2023\/04\/rece_8www-600x591.jpg 600w, https:\/\/www.rememberme-forever.com\/wp-content\/uploads\/2023\/04\/rece_8www-64x63.jpg 64w, https:\/\/www.rememberme-forever.com\/wp-content\/uploads\/2023\/04\/rece_8www.jpg 780w\" sizes=\"auto, (max-width: 214px) 100vw, 214px\" \/><\/em><\/strong><\/p>\n<p>&nbsp;<\/p>\n<p style=\"text-align: center;\"><strong><em>La placa conmemorativa se a\u00f1adir\u00e1 por separado con el soporte, como se muestra en la foto.<\/em><\/strong><\/p>\n<p style=\"text-align: center;\"><strong><em>(El soporte de la placa conmemorativa est\u00e1 hecho de plexigl\u00e1s transparente). <\/em><\/strong><\/p>\n","protected":false},"excerpt":{"rendered":"<p>Urna \u00fanica para ni\u00f1o pintada con decoupage, efecto craquelado natural.<\/p>\n<p>\u2705 Esta urna no es apta para exteriores. Descubra nuestras <a href=\"https:\/\/www.rememberme-forever.com\/es\/categoria-producto\/urnas-para-exteriores\/\" target=\"_blank\" rel=\"noopener\"><strong>urnas para exteriores. &gt;&gt;<\/strong><\/a><\/p>\n","protected":false},"featured_media":25174,"template":"","meta":{"_acf_changed":false},"product_brand":[],"product_cat":[2445],"product_tag":[3292],"class_list":{"0":"post-25183","1":"product","2":"type-product","3":"status-publish","4":"has-post-thumbnail","6":"product_cat-urnas-para-ninos","7":"product_tag-gpsr-metal_stonebase","8":"product_shipping_class-2-4kg-es","10":"first","11":"instock","12":"taxable","13":"shipping-taxable","14":"purchasable","15":"product-type-simple"},"yoast_head":"<!-- This site is optimized with the Yoast SEO plugin v27.4 - https:\/\/yoast.com\/product\/yoast-seo-wordpress\/ -->\n<title>Urna pintada art\u00edsticamente con efecto craquelado para ni\u00f1o<\/title>\n<meta name=\"description\" content=\"Presentamos nuestra urna pintada art\u00edsticamente con efecto craquelado, un homenaje hermoso y \u00fanico para su querido hijo. Urna infantil art\u00edstica \u00fanica.\" \/>\n<meta name=\"robots\" content=\"index, follow, max-snippet:-1, max-image-preview:large, max-video-preview:-1\" \/>\n<link rel=\"canonical\" href=\"https:\/\/www.rememberme-forever.com\/es\/producto\/urna-pintada-artisticamente-con-efecto-craquelado-para-nino-in-the-hands-of-angel-talla-s\/\" \/>\n<meta property=\"og:locale\" content=\"es_ES\" \/>\n<meta property=\"og:type\" content=\"article\" \/>\n<meta property=\"og:title\" content=\"Urna pintada art\u00edsticamente con efecto craquelado para ni\u00f1o\" \/>\n<meta property=\"og:description\" content=\"Presentamos nuestra urna pintada art\u00edsticamente con efecto craquelado, un homenaje hermoso y \u00fanico para su querido hijo. Urna infantil art\u00edstica \u00fanica.\" \/>\n<meta property=\"og:url\" content=\"https:\/\/www.rememberme-forever.com\/es\/producto\/urna-pintada-artisticamente-con-efecto-craquelado-para-nino-in-the-hands-of-angel-talla-s\/\" \/>\n<meta property=\"og:site_name\" content=\"Remember Forever\" \/>\n<meta property=\"article:modified_time\" content=\"2026-02-19T10:27:38+00:00\" \/>\n<meta property=\"og:image\" content=\"http:\/\/www.rememberme-forever.com\/wp-content\/uploads\/2023\/04\/artistic-urn-for-baby.jpg\" \/>\n\t<meta property=\"og:image:width\" content=\"768\" \/>\n\t<meta property=\"og:image:height\" content=\"781\" \/>\n\t<meta property=\"og:image:type\" content=\"image\/jpeg\" \/>\n<meta name=\"twitter:card\" content=\"summary_large_image\" \/>\n<meta name=\"twitter:label1\" content=\"Tiempo de lectura\" \/>\n\t<meta name=\"twitter:data1\" content=\"3 minutos\" \/>\n<script type=\"application\/ld+json\" class=\"yoast-schema-graph\">{\"@context\":\"https:\\\/\\\/schema.org\",\"@graph\":[{\"@type\":\"WebPage\",\"@id\":\"https:\\\/\\\/www.rememberme-forever.com\\\/es\\\/producto\\\/urna-pintada-artisticamente-con-efecto-craquelado-para-nino-in-the-hands-of-angel-talla-s\\\/\",\"url\":\"https:\\\/\\\/www.rememberme-forever.com\\\/es\\\/producto\\\/urna-pintada-artisticamente-con-efecto-craquelado-para-nino-in-the-hands-of-angel-talla-s\\\/\",\"name\":\"Urna pintada art\u00edsticamente con efecto craquelado para ni\u00f1o\",\"isPartOf\":{\"@id\":\"https:\\\/\\\/www.rememberme-forever.com\\\/es\\\/#website\"},\"primaryImageOfPage\":{\"@id\":\"https:\\\/\\\/www.rememberme-forever.com\\\/es\\\/producto\\\/urna-pintada-artisticamente-con-efecto-craquelado-para-nino-in-the-hands-of-angel-talla-s\\\/#primaryimage\"},\"image\":{\"@id\":\"https:\\\/\\\/www.rememberme-forever.com\\\/es\\\/producto\\\/urna-pintada-artisticamente-con-efecto-craquelado-para-nino-in-the-hands-of-angel-talla-s\\\/#primaryimage\"},\"thumbnailUrl\":\"https:\\\/\\\/www.rememberme-forever.com\\\/wp-content\\\/uploads\\\/2023\\\/04\\\/artistic-urn-for-baby.jpg\",\"datePublished\":\"2023-04-11T06:31:05+00:00\",\"dateModified\":\"2026-02-19T10:27:38+00:00\",\"description\":\"Presentamos nuestra urna pintada art\u00edsticamente con efecto craquelado, un homenaje hermoso y \u00fanico para su querido hijo. Urna infantil art\u00edstica \u00fanica.\",\"breadcrumb\":{\"@id\":\"https:\\\/\\\/www.rememberme-forever.com\\\/es\\\/producto\\\/urna-pintada-artisticamente-con-efecto-craquelado-para-nino-in-the-hands-of-angel-talla-s\\\/#breadcrumb\"},\"inLanguage\":\"es\",\"potentialAction\":[{\"@type\":\"ReadAction\",\"target\":[\"https:\\\/\\\/www.rememberme-forever.com\\\/es\\\/producto\\\/urna-pintada-artisticamente-con-efecto-craquelado-para-nino-in-the-hands-of-angel-talla-s\\\/\"]}]},{\"@type\":\"ImageObject\",\"inLanguage\":\"es\",\"@id\":\"https:\\\/\\\/www.rememberme-forever.com\\\/es\\\/producto\\\/urna-pintada-artisticamente-con-efecto-craquelado-para-nino-in-the-hands-of-angel-talla-s\\\/#primaryimage\",\"url\":\"https:\\\/\\\/www.rememberme-forever.com\\\/wp-content\\\/uploads\\\/2023\\\/04\\\/artistic-urn-for-baby.jpg\",\"contentUrl\":\"https:\\\/\\\/www.rememberme-forever.com\\\/wp-content\\\/uploads\\\/2023\\\/04\\\/artistic-urn-for-baby.jpg\",\"width\":768,\"height\":781,\"caption\":\"urna art\u00edstica para beb\u00e9, urna pintada art\u00edsticamente con efecto craquelado para ni\u00f1o\"},{\"@type\":\"BreadcrumbList\",\"@id\":\"https:\\\/\\\/www.rememberme-forever.com\\\/es\\\/producto\\\/urna-pintada-artisticamente-con-efecto-craquelado-para-nino-in-the-hands-of-angel-talla-s\\\/#breadcrumb\",\"itemListElement\":[{\"@type\":\"ListItem\",\"position\":1,\"name\":\"Home\",\"item\":\"https:\\\/\\\/www.rememberme-forever.com\\\/es\\\/inicio\\\/\"},{\"@type\":\"ListItem\",\"position\":2,\"name\":\"Comercio\",\"item\":\"https:\\\/\\\/www.rememberme-forever.com\\\/es\\\/shop\\\/\"},{\"@type\":\"ListItem\",\"position\":3,\"name\":\"Urna pintada art\u00edsticamente con efecto craquelado para ni\u00f1o: \u00abIn The Hands of Angel\u00bb &#8211; talla S\"}]},{\"@type\":\"WebSite\",\"@id\":\"https:\\\/\\\/www.rememberme-forever.com\\\/es\\\/#website\",\"url\":\"https:\\\/\\\/www.rememberme-forever.com\\\/es\\\/\",\"name\":\"Remember Forever\",\"description\":\"Cremation urns, funeral urns, urns for ashes\",\"publisher\":{\"@id\":\"https:\\\/\\\/www.rememberme-forever.com\\\/es\\\/#organization\"},\"potentialAction\":[{\"@type\":\"SearchAction\",\"target\":{\"@type\":\"EntryPoint\",\"urlTemplate\":\"https:\\\/\\\/www.rememberme-forever.com\\\/es\\\/?s={search_term_string}\"},\"query-input\":{\"@type\":\"PropertyValueSpecification\",\"valueRequired\":true,\"valueName\":\"search_term_string\"}}],\"inLanguage\":\"es\"},{\"@type\":\"Organization\",\"@id\":\"https:\\\/\\\/www.rememberme-forever.com\\\/es\\\/#organization\",\"name\":\"Remember Forever\",\"url\":\"https:\\\/\\\/www.rememberme-forever.com\\\/es\\\/\",\"logo\":{\"@type\":\"ImageObject\",\"inLanguage\":\"es\",\"@id\":\"https:\\\/\\\/www.rememberme-forever.com\\\/es\\\/#\\\/schema\\\/logo\\\/image\\\/\",\"url\":\"https:\\\/\\\/www.rememberme-forever.com\\\/wp-content\\\/uploads\\\/2023\\\/02\\\/logo.png\",\"contentUrl\":\"https:\\\/\\\/www.rememberme-forever.com\\\/wp-content\\\/uploads\\\/2023\\\/02\\\/logo.png\",\"width\":300,\"height\":56,\"caption\":\"Remember Forever\"},\"image\":{\"@id\":\"https:\\\/\\\/www.rememberme-forever.com\\\/es\\\/#\\\/schema\\\/logo\\\/image\\\/\"}}]}<\/script>\n<!-- \/ Yoast SEO plugin. -->","yoast_head_json":{"title":"Urna pintada art\u00edsticamente con efecto craquelado para ni\u00f1o","description":"Presentamos nuestra urna pintada art\u00edsticamente con efecto craquelado, un homenaje hermoso y \u00fanico para su querido hijo. Urna infantil art\u00edstica \u00fanica.","robots":{"index":"index","follow":"follow","max-snippet":"max-snippet:-1","max-image-preview":"max-image-preview:large","max-video-preview":"max-video-preview:-1"},"canonical":"https:\/\/www.rememberme-forever.com\/es\/producto\/urna-pintada-artisticamente-con-efecto-craquelado-para-nino-in-the-hands-of-angel-talla-s\/","og_locale":"es_ES","og_type":"article","og_title":"Urna pintada art\u00edsticamente con efecto craquelado para ni\u00f1o","og_description":"Presentamos nuestra urna pintada art\u00edsticamente con efecto craquelado, un homenaje hermoso y \u00fanico para su querido hijo. Urna infantil art\u00edstica \u00fanica.","og_url":"https:\/\/www.rememberme-forever.com\/es\/producto\/urna-pintada-artisticamente-con-efecto-craquelado-para-nino-in-the-hands-of-angel-talla-s\/","og_site_name":"Remember Forever","article_modified_time":"2026-02-19T10:27:38+00:00","og_image":[{"width":768,"height":781,"url":"http:\/\/www.rememberme-forever.com\/wp-content\/uploads\/2023\/04\/artistic-urn-for-baby.jpg","type":"image\/jpeg"}],"twitter_card":"summary_large_image","twitter_misc":{"Tiempo de lectura":"3 minutos"},"schema":{"@context":"https:\/\/schema.org","@graph":[{"@type":"WebPage","@id":"https:\/\/www.rememberme-forever.com\/es\/producto\/urna-pintada-artisticamente-con-efecto-craquelado-para-nino-in-the-hands-of-angel-talla-s\/","url":"https:\/\/www.rememberme-forever.com\/es\/producto\/urna-pintada-artisticamente-con-efecto-craquelado-para-nino-in-the-hands-of-angel-talla-s\/","name":"Urna pintada art\u00edsticamente con efecto craquelado para ni\u00f1o","isPartOf":{"@id":"https:\/\/www.rememberme-forever.com\/es\/#website"},"primaryImageOfPage":{"@id":"https:\/\/www.rememberme-forever.com\/es\/producto\/urna-pintada-artisticamente-con-efecto-craquelado-para-nino-in-the-hands-of-angel-talla-s\/#primaryimage"},"image":{"@id":"https:\/\/www.rememberme-forever.com\/es\/producto\/urna-pintada-artisticamente-con-efecto-craquelado-para-nino-in-the-hands-of-angel-talla-s\/#primaryimage"},"thumbnailUrl":"https:\/\/www.rememberme-forever.com\/wp-content\/uploads\/2023\/04\/artistic-urn-for-baby.jpg","datePublished":"2023-04-11T06:31:05+00:00","dateModified":"2026-02-19T10:27:38+00:00","description":"Presentamos nuestra urna pintada art\u00edsticamente con efecto craquelado, un homenaje hermoso y \u00fanico para su querido hijo. Urna infantil art\u00edstica \u00fanica.","breadcrumb":{"@id":"https:\/\/www.rememberme-forever.com\/es\/producto\/urna-pintada-artisticamente-con-efecto-craquelado-para-nino-in-the-hands-of-angel-talla-s\/#breadcrumb"},"inLanguage":"es","potentialAction":[{"@type":"ReadAction","target":["https:\/\/www.rememberme-forever.com\/es\/producto\/urna-pintada-artisticamente-con-efecto-craquelado-para-nino-in-the-hands-of-angel-talla-s\/"]}]},{"@type":"ImageObject","inLanguage":"es","@id":"https:\/\/www.rememberme-forever.com\/es\/producto\/urna-pintada-artisticamente-con-efecto-craquelado-para-nino-in-the-hands-of-angel-talla-s\/#primaryimage","url":"https:\/\/www.rememberme-forever.com\/wp-content\/uploads\/2023\/04\/artistic-urn-for-baby.jpg","contentUrl":"https:\/\/www.rememberme-forever.com\/wp-content\/uploads\/2023\/04\/artistic-urn-for-baby.jpg","width":768,"height":781,"caption":"urna art\u00edstica para beb\u00e9, urna pintada art\u00edsticamente con efecto craquelado para ni\u00f1o"},{"@type":"BreadcrumbList","@id":"https:\/\/www.rememberme-forever.com\/es\/producto\/urna-pintada-artisticamente-con-efecto-craquelado-para-nino-in-the-hands-of-angel-talla-s\/#breadcrumb","itemListElement":[{"@type":"ListItem","position":1,"name":"Home","item":"https:\/\/www.rememberme-forever.com\/es\/inicio\/"},{"@type":"ListItem","position":2,"name":"Comercio","item":"https:\/\/www.rememberme-forever.com\/es\/shop\/"},{"@type":"ListItem","position":3,"name":"Urna pintada art\u00edsticamente con efecto craquelado para ni\u00f1o: \u00abIn The Hands of Angel\u00bb &#8211; talla S"}]},{"@type":"WebSite","@id":"https:\/\/www.rememberme-forever.com\/es\/#website","url":"https:\/\/www.rememberme-forever.com\/es\/","name":"Remember Forever","description":"Cremation urns, funeral urns, urns for ashes","publisher":{"@id":"https:\/\/www.rememberme-forever.com\/es\/#organization"},"potentialAction":[{"@type":"SearchAction","target":{"@type":"EntryPoint","urlTemplate":"https:\/\/www.rememberme-forever.com\/es\/?s={search_term_string}"},"query-input":{"@type":"PropertyValueSpecification","valueRequired":true,"valueName":"search_term_string"}}],"inLanguage":"es"},{"@type":"Organization","@id":"https:\/\/www.rememberme-forever.com\/es\/#organization","name":"Remember Forever","url":"https:\/\/www.rememberme-forever.com\/es\/","logo":{"@type":"ImageObject","inLanguage":"es","@id":"https:\/\/www.rememberme-forever.com\/es\/#\/schema\/logo\/image\/","url":"https:\/\/www.rememberme-forever.com\/wp-content\/uploads\/2023\/02\/logo.png","contentUrl":"https:\/\/www.rememberme-forever.com\/wp-content\/uploads\/2023\/02\/logo.png","width":300,"height":56,"caption":"Remember Forever"},"image":{"@id":"https:\/\/www.rememberme-forever.com\/es\/#\/schema\/logo\/image\/"}}]}},"acf":[],"_links":{"self":[{"href":"https:\/\/www.rememberme-forever.com\/es\/wp-json\/wp\/v2\/product\/25183","targetHints":{"allow":["GET"]}}],"collection":[{"href":"https:\/\/www.rememberme-forever.com\/es\/wp-json\/wp\/v2\/product"}],"about":[{"href":"https:\/\/www.rememberme-forever.com\/es\/wp-json\/wp\/v2\/types\/product"}],"wp:featuredmedia":[{"embeddable":true,"href":"https:\/\/www.rememberme-forever.com\/es\/wp-json\/wp\/v2\/media\/25174"}],"wp:attachment":[{"href":"https:\/\/www.rememberme-forever.com\/es\/wp-json\/wp\/v2\/media?parent=25183"}],"wp:term":[{"taxonomy":"product_brand","embeddable":true,"href":"https:\/\/www.rememberme-forever.com\/es\/wp-json\/wp\/v2\/product_brand?post=25183"},{"taxonomy":"product_cat","embeddable":true,"href":"https:\/\/www.rememberme-forever.com\/es\/wp-json\/wp\/v2\/product_cat?post=25183"},{"taxonomy":"product_tag","embeddable":true,"href":"https:\/\/www.rememberme-forever.com\/es\/wp-json\/wp\/v2\/product_tag?post=25183"}],"curies":[{"name":"wp","href":"https:\/\/api.w.org\/{rel}","templated":true}]}}