{"id":25213,"date":"2023-04-11T09:34:33","date_gmt":"2023-04-11T07:34:33","guid":{"rendered":"https:\/\/www.rememberme-forever.com\/product\/urna-de-cremacion-de-piedra-verde-para-cenizas-urna-funeraria-de-onix\/"},"modified":"2026-02-19T11:44:34","modified_gmt":"2026-02-19T10:44:34","slug":"urna-de-cremacion-de-piedra-verde-para-cenizas-urna-funeraria-de-onix","status":"publish","type":"product","link":"https:\/\/www.rememberme-forever.com\/es\/producto\/urna-de-cremacion-de-piedra-verde-para-cenizas-urna-funeraria-de-onix\/","title":{"rendered":"Urna de cremaci\u00f3n de piedra verde para cenizas, urna funeraria de \u00f3nix"},"content":{"rendered":"<h2 style=\"text-align: center;\">Urna de cremaci\u00f3n de piedra verde para cenizas<\/h2>\n<p style=\"text-align: center;\">Esta preciosa <strong>urna de cremaci\u00f3n de piedra verde para cenizas<\/strong> es una forma realmente \u00fanica y significativa de honrar la vida de un ser querido que ha fallecido. Fabricada en piedra de \u00f3nix natural, esta urna funeraria es una impresionante representaci\u00f3n de la belleza natural.<\/p>\n<p style=\"text-align: center;\">Con su elegante dise\u00f1o, esta urna de piedra para cenizas humanas incorpora una delicada cruz, una cala o una placa conmemorativa a\u00f1adida a la superficie, aportando un toque personal a una pieza ya de por s\u00ed impresionante.<\/p>\n<p style=\"text-align: center;\">La piedra de \u00f3nix utilizada para crear esta urna es conocida por su coloraci\u00f3n rica y profunda, y por su patr\u00f3n \u00fanico de estr\u00edas y vetas, lo que convierte cada urna en una obra de arte irrepetible. Esta piedra natural tambi\u00e9n es incre\u00edblemente duradera, lo que garantiza que esta preciosa urna resistir\u00e1 el paso del tiempo.<\/p>\n<p style=\"text-align: center;\">Esta urna de cremaci\u00f3n de piedra verde para cenizas es el lugar de descanso final perfecto para las cenizas de un adulto, y ofrece una forma hermosa y digna de honrar su memoria. Es una manera preciosa y \u00fanica de mantener vivo el recuerdo de su ser querido y rendir un homenaje duradero a su vida.<\/p>\n<p>&nbsp;<\/p>\n<p style=\"text-align: center;\"><em><strong>Este producto est\u00e1 hecho de materiales naturales; la apariencia puede variar ligeramente.<\/strong><\/em><\/p>\n<p>&nbsp;<\/p>\n<h3 style=\"text-align: center;\"><strong>PERSONALIZACI\u00d3N<\/strong><\/h3>\n<p style=\"text-align: center;\">La placa conmemorativa personalizada debe personalizarse al realizar el pedido. (No se preocupe si no la incluye, siempre puede enviarnos un mensaje despu\u00e9s).<\/p>\n<p style=\"text-align: center;\">Revise atentamente el texto del grabado antes de a\u00f1adir el art\u00edculo al carrito. Copiamos y grabamos la informaci\u00f3n exacta que recibimos con el pedido y no realizamos ning\u00fan cambio.<\/p>\n<p style=\"text-align: center;\"><strong>Revise el texto para asegurarse de que la ortograf\u00eda sea correcta.<\/strong><\/p>\n<p><strong><em><img loading=\"lazy\" decoding=\"async\" class=\" wp-image-1447 aligncenter\" src=\"http:\/\/www.rememberme-forever.com\/wp-content\/uploads\/2023\/04\/memorial-plaque-cremation-urn-gold-300x150.jpg\" alt=\"Placa conmemorativa urna de cremaci\u00f3n dorada\" width=\"266\" height=\"133\" srcset=\"https:\/\/www.rememberme-forever.com\/wp-content\/uploads\/2023\/04\/memorial-plaque-cremation-urn-gold-300x150.jpg 300w, https:\/\/www.rememberme-forever.com\/wp-content\/uploads\/2023\/04\/memorial-plaque-cremation-urn-gold-64x32.jpg 64w, https:\/\/www.rememberme-forever.com\/wp-content\/uploads\/2023\/04\/memorial-plaque-cremation-urn-gold.jpg 448w\" sizes=\"auto, (max-width: 266px) 100vw, 266px\" \/><\/em><\/strong><\/p>\n","protected":false},"excerpt":{"rendered":"<p>Urna \u00fanica de \u00f3nix verde natural para cenizas humanas. No hay dos copias id\u00e9nticas.<\/p>\n<p><em><strong>Adecuada para un peso corporal de aproximadamente 138 kg o menos.<\/strong><\/em><\/p>\n","protected":false},"featured_media":25212,"template":"","meta":{"_acf_changed":false},"product_brand":[],"product_cat":[2454],"product_tag":[3367],"class_list":{"0":"post-25213","1":"product","2":"type-product","3":"status-publish","4":"has-post-thumbnail","6":"product_cat-urnas-de-piedra","7":"product_tag-gpsr-stone-urns","8":"product_shipping_class-5-10kg-es","10":"first","11":"instock","12":"taxable","13":"shipping-taxable","14":"purchasable","15":"product-type-variable"},"yoast_head":"<!-- This site is optimized with the Yoast SEO plugin v27.4 - https:\/\/yoast.com\/product\/yoast-seo-wordpress\/ -->\n<title>Urna de cremaci\u00f3n de piedra verde para cenizas, urna funeraria de \u00f3nix<\/title>\n<meta name=\"description\" content=\"Esta preciosa urna de cremaci\u00f3n de piedra verde para cenizas es una forma realmente \u00fanica y significativa de honrar la vida de un ser querido que ha fallecido.\" \/>\n<meta name=\"robots\" content=\"index, follow, max-snippet:-1, max-image-preview:large, max-video-preview:-1\" \/>\n<link rel=\"canonical\" href=\"https:\/\/www.rememberme-forever.com\/es\/producto\/urna-de-cremacion-de-piedra-verde-para-cenizas-urna-funeraria-de-onix\/\" \/>\n<meta property=\"og:locale\" content=\"es_ES\" \/>\n<meta property=\"og:type\" content=\"article\" \/>\n<meta property=\"og:title\" content=\"Urna de cremaci\u00f3n de piedra verde para cenizas, urna funeraria de \u00f3nix\" \/>\n<meta property=\"og:description\" content=\"Esta preciosa urna de cremaci\u00f3n de piedra verde para cenizas es una forma realmente \u00fanica y significativa de honrar la vida de un ser querido que ha fallecido.\" \/>\n<meta property=\"og:url\" content=\"https:\/\/www.rememberme-forever.com\/es\/producto\/urna-de-cremacion-de-piedra-verde-para-cenizas-urna-funeraria-de-onix\/\" \/>\n<meta property=\"og:site_name\" content=\"Remember Forever\" \/>\n<meta property=\"article:modified_time\" content=\"2026-02-19T10:44:34+00:00\" \/>\n<meta property=\"og:image\" content=\"http:\/\/www.rememberme-forever.com\/wp-content\/uploads\/2024\/03\/img_2D_0001-1.jpg\" \/>\n\t<meta property=\"og:image:width\" content=\"1007\" \/>\n\t<meta property=\"og:image:height\" content=\"1024\" \/>\n\t<meta property=\"og:image:type\" content=\"image\/jpeg\" \/>\n<meta name=\"twitter:card\" content=\"summary_large_image\" \/>\n<meta name=\"twitter:label1\" content=\"Tiempo de lectura\" \/>\n\t<meta name=\"twitter:data1\" content=\"2 minutos\" \/>\n<script type=\"application\/ld+json\" class=\"yoast-schema-graph\">{\"@context\":\"https:\\\/\\\/schema.org\",\"@graph\":[{\"@type\":\"WebPage\",\"@id\":\"https:\\\/\\\/www.rememberme-forever.com\\\/es\\\/producto\\\/urna-de-cremacion-de-piedra-verde-para-cenizas-urna-funeraria-de-onix\\\/\",\"url\":\"https:\\\/\\\/www.rememberme-forever.com\\\/es\\\/producto\\\/urna-de-cremacion-de-piedra-verde-para-cenizas-urna-funeraria-de-onix\\\/\",\"name\":\"Urna de cremaci\u00f3n de piedra verde para cenizas, urna funeraria de \u00f3nix\",\"isPartOf\":{\"@id\":\"https:\\\/\\\/www.rememberme-forever.com\\\/es\\\/#website\"},\"primaryImageOfPage\":{\"@id\":\"https:\\\/\\\/www.rememberme-forever.com\\\/es\\\/producto\\\/urna-de-cremacion-de-piedra-verde-para-cenizas-urna-funeraria-de-onix\\\/#primaryimage\"},\"image\":{\"@id\":\"https:\\\/\\\/www.rememberme-forever.com\\\/es\\\/producto\\\/urna-de-cremacion-de-piedra-verde-para-cenizas-urna-funeraria-de-onix\\\/#primaryimage\"},\"thumbnailUrl\":\"https:\\\/\\\/www.rememberme-forever.com\\\/wp-content\\\/uploads\\\/2024\\\/03\\\/img_2D_0001-1.jpg\",\"datePublished\":\"2023-04-11T07:34:33+00:00\",\"dateModified\":\"2026-02-19T10:44:34+00:00\",\"description\":\"Esta preciosa urna de cremaci\u00f3n de piedra verde para cenizas es una forma realmente \u00fanica y significativa de honrar la vida de un ser querido que ha fallecido.\",\"breadcrumb\":{\"@id\":\"https:\\\/\\\/www.rememberme-forever.com\\\/es\\\/producto\\\/urna-de-cremacion-de-piedra-verde-para-cenizas-urna-funeraria-de-onix\\\/#breadcrumb\"},\"inLanguage\":\"es\",\"potentialAction\":[{\"@type\":\"ReadAction\",\"target\":[\"https:\\\/\\\/www.rememberme-forever.com\\\/es\\\/producto\\\/urna-de-cremacion-de-piedra-verde-para-cenizas-urna-funeraria-de-onix\\\/\"]}]},{\"@type\":\"ImageObject\",\"inLanguage\":\"es\",\"@id\":\"https:\\\/\\\/www.rememberme-forever.com\\\/es\\\/producto\\\/urna-de-cremacion-de-piedra-verde-para-cenizas-urna-funeraria-de-onix\\\/#primaryimage\",\"url\":\"https:\\\/\\\/www.rememberme-forever.com\\\/wp-content\\\/uploads\\\/2024\\\/03\\\/img_2D_0001-1.jpg\",\"contentUrl\":\"https:\\\/\\\/www.rememberme-forever.com\\\/wp-content\\\/uploads\\\/2024\\\/03\\\/img_2D_0001-1.jpg\",\"width\":1007,\"height\":1024,\"caption\":\"urna de piedra verde\"},{\"@type\":\"BreadcrumbList\",\"@id\":\"https:\\\/\\\/www.rememberme-forever.com\\\/es\\\/producto\\\/urna-de-cremacion-de-piedra-verde-para-cenizas-urna-funeraria-de-onix\\\/#breadcrumb\",\"itemListElement\":[{\"@type\":\"ListItem\",\"position\":1,\"name\":\"Home\",\"item\":\"https:\\\/\\\/www.rememberme-forever.com\\\/es\\\/inicio\\\/\"},{\"@type\":\"ListItem\",\"position\":2,\"name\":\"Comercio\",\"item\":\"https:\\\/\\\/www.rememberme-forever.com\\\/es\\\/shop\\\/\"},{\"@type\":\"ListItem\",\"position\":3,\"name\":\"Urna de cremaci\u00f3n de piedra verde para cenizas, urna funeraria de \u00f3nix\"}]},{\"@type\":\"WebSite\",\"@id\":\"https:\\\/\\\/www.rememberme-forever.com\\\/es\\\/#website\",\"url\":\"https:\\\/\\\/www.rememberme-forever.com\\\/es\\\/\",\"name\":\"Remember Forever\",\"description\":\"Cremation urns, funeral urns, urns for ashes\",\"publisher\":{\"@id\":\"https:\\\/\\\/www.rememberme-forever.com\\\/es\\\/#organization\"},\"potentialAction\":[{\"@type\":\"SearchAction\",\"target\":{\"@type\":\"EntryPoint\",\"urlTemplate\":\"https:\\\/\\\/www.rememberme-forever.com\\\/es\\\/?s={search_term_string}\"},\"query-input\":{\"@type\":\"PropertyValueSpecification\",\"valueRequired\":true,\"valueName\":\"search_term_string\"}}],\"inLanguage\":\"es\"},{\"@type\":\"Organization\",\"@id\":\"https:\\\/\\\/www.rememberme-forever.com\\\/es\\\/#organization\",\"name\":\"Remember Forever\",\"url\":\"https:\\\/\\\/www.rememberme-forever.com\\\/es\\\/\",\"logo\":{\"@type\":\"ImageObject\",\"inLanguage\":\"es\",\"@id\":\"https:\\\/\\\/www.rememberme-forever.com\\\/es\\\/#\\\/schema\\\/logo\\\/image\\\/\",\"url\":\"https:\\\/\\\/www.rememberme-forever.com\\\/wp-content\\\/uploads\\\/2023\\\/02\\\/logo.png\",\"contentUrl\":\"https:\\\/\\\/www.rememberme-forever.com\\\/wp-content\\\/uploads\\\/2023\\\/02\\\/logo.png\",\"width\":300,\"height\":56,\"caption\":\"Remember Forever\"},\"image\":{\"@id\":\"https:\\\/\\\/www.rememberme-forever.com\\\/es\\\/#\\\/schema\\\/logo\\\/image\\\/\"}}]}<\/script>\n<!-- \/ Yoast SEO plugin. -->","yoast_head_json":{"title":"Urna de cremaci\u00f3n de piedra verde para cenizas, urna funeraria de \u00f3nix","description":"Esta preciosa urna de cremaci\u00f3n de piedra verde para cenizas es una forma realmente \u00fanica y significativa de honrar la vida de un ser querido que ha fallecido.","robots":{"index":"index","follow":"follow","max-snippet":"max-snippet:-1","max-image-preview":"max-image-preview:large","max-video-preview":"max-video-preview:-1"},"canonical":"https:\/\/www.rememberme-forever.com\/es\/producto\/urna-de-cremacion-de-piedra-verde-para-cenizas-urna-funeraria-de-onix\/","og_locale":"es_ES","og_type":"article","og_title":"Urna de cremaci\u00f3n de piedra verde para cenizas, urna funeraria de \u00f3nix","og_description":"Esta preciosa urna de cremaci\u00f3n de piedra verde para cenizas es una forma realmente \u00fanica y significativa de honrar la vida de un ser querido que ha fallecido.","og_url":"https:\/\/www.rememberme-forever.com\/es\/producto\/urna-de-cremacion-de-piedra-verde-para-cenizas-urna-funeraria-de-onix\/","og_site_name":"Remember Forever","article_modified_time":"2026-02-19T10:44:34+00:00","og_image":[{"width":1007,"height":1024,"url":"http:\/\/www.rememberme-forever.com\/wp-content\/uploads\/2024\/03\/img_2D_0001-1.jpg","type":"image\/jpeg"}],"twitter_card":"summary_large_image","twitter_misc":{"Tiempo de lectura":"2 minutos"},"schema":{"@context":"https:\/\/schema.org","@graph":[{"@type":"WebPage","@id":"https:\/\/www.rememberme-forever.com\/es\/producto\/urna-de-cremacion-de-piedra-verde-para-cenizas-urna-funeraria-de-onix\/","url":"https:\/\/www.rememberme-forever.com\/es\/producto\/urna-de-cremacion-de-piedra-verde-para-cenizas-urna-funeraria-de-onix\/","name":"Urna de cremaci\u00f3n de piedra verde para cenizas, urna funeraria de \u00f3nix","isPartOf":{"@id":"https:\/\/www.rememberme-forever.com\/es\/#website"},"primaryImageOfPage":{"@id":"https:\/\/www.rememberme-forever.com\/es\/producto\/urna-de-cremacion-de-piedra-verde-para-cenizas-urna-funeraria-de-onix\/#primaryimage"},"image":{"@id":"https:\/\/www.rememberme-forever.com\/es\/producto\/urna-de-cremacion-de-piedra-verde-para-cenizas-urna-funeraria-de-onix\/#primaryimage"},"thumbnailUrl":"https:\/\/www.rememberme-forever.com\/wp-content\/uploads\/2024\/03\/img_2D_0001-1.jpg","datePublished":"2023-04-11T07:34:33+00:00","dateModified":"2026-02-19T10:44:34+00:00","description":"Esta preciosa urna de cremaci\u00f3n de piedra verde para cenizas es una forma realmente \u00fanica y significativa de honrar la vida de un ser querido que ha fallecido.","breadcrumb":{"@id":"https:\/\/www.rememberme-forever.com\/es\/producto\/urna-de-cremacion-de-piedra-verde-para-cenizas-urna-funeraria-de-onix\/#breadcrumb"},"inLanguage":"es","potentialAction":[{"@type":"ReadAction","target":["https:\/\/www.rememberme-forever.com\/es\/producto\/urna-de-cremacion-de-piedra-verde-para-cenizas-urna-funeraria-de-onix\/"]}]},{"@type":"ImageObject","inLanguage":"es","@id":"https:\/\/www.rememberme-forever.com\/es\/producto\/urna-de-cremacion-de-piedra-verde-para-cenizas-urna-funeraria-de-onix\/#primaryimage","url":"https:\/\/www.rememberme-forever.com\/wp-content\/uploads\/2024\/03\/img_2D_0001-1.jpg","contentUrl":"https:\/\/www.rememberme-forever.com\/wp-content\/uploads\/2024\/03\/img_2D_0001-1.jpg","width":1007,"height":1024,"caption":"urna de piedra verde"},{"@type":"BreadcrumbList","@id":"https:\/\/www.rememberme-forever.com\/es\/producto\/urna-de-cremacion-de-piedra-verde-para-cenizas-urna-funeraria-de-onix\/#breadcrumb","itemListElement":[{"@type":"ListItem","position":1,"name":"Home","item":"https:\/\/www.rememberme-forever.com\/es\/inicio\/"},{"@type":"ListItem","position":2,"name":"Comercio","item":"https:\/\/www.rememberme-forever.com\/es\/shop\/"},{"@type":"ListItem","position":3,"name":"Urna de cremaci\u00f3n de piedra verde para cenizas, urna funeraria de \u00f3nix"}]},{"@type":"WebSite","@id":"https:\/\/www.rememberme-forever.com\/es\/#website","url":"https:\/\/www.rememberme-forever.com\/es\/","name":"Remember Forever","description":"Cremation urns, funeral urns, urns for ashes","publisher":{"@id":"https:\/\/www.rememberme-forever.com\/es\/#organization"},"potentialAction":[{"@type":"SearchAction","target":{"@type":"EntryPoint","urlTemplate":"https:\/\/www.rememberme-forever.com\/es\/?s={search_term_string}"},"query-input":{"@type":"PropertyValueSpecification","valueRequired":true,"valueName":"search_term_string"}}],"inLanguage":"es"},{"@type":"Organization","@id":"https:\/\/www.rememberme-forever.com\/es\/#organization","name":"Remember Forever","url":"https:\/\/www.rememberme-forever.com\/es\/","logo":{"@type":"ImageObject","inLanguage":"es","@id":"https:\/\/www.rememberme-forever.com\/es\/#\/schema\/logo\/image\/","url":"https:\/\/www.rememberme-forever.com\/wp-content\/uploads\/2023\/02\/logo.png","contentUrl":"https:\/\/www.rememberme-forever.com\/wp-content\/uploads\/2023\/02\/logo.png","width":300,"height":56,"caption":"Remember Forever"},"image":{"@id":"https:\/\/www.rememberme-forever.com\/es\/#\/schema\/logo\/image\/"}}]}},"acf":[],"_links":{"self":[{"href":"https:\/\/www.rememberme-forever.com\/es\/wp-json\/wp\/v2\/product\/25213","targetHints":{"allow":["GET"]}}],"collection":[{"href":"https:\/\/www.rememberme-forever.com\/es\/wp-json\/wp\/v2\/product"}],"about":[{"href":"https:\/\/www.rememberme-forever.com\/es\/wp-json\/wp\/v2\/types\/product"}],"wp:featuredmedia":[{"embeddable":true,"href":"https:\/\/www.rememberme-forever.com\/es\/wp-json\/wp\/v2\/media\/25212"}],"wp:attachment":[{"href":"https:\/\/www.rememberme-forever.com\/es\/wp-json\/wp\/v2\/media?parent=25213"}],"wp:term":[{"taxonomy":"product_brand","embeddable":true,"href":"https:\/\/www.rememberme-forever.com\/es\/wp-json\/wp\/v2\/product_brand?post=25213"},{"taxonomy":"product_cat","embeddable":true,"href":"https:\/\/www.rememberme-forever.com\/es\/wp-json\/wp\/v2\/product_cat?post=25213"},{"taxonomy":"product_tag","embeddable":true,"href":"https:\/\/www.rememberme-forever.com\/es\/wp-json\/wp\/v2\/product_tag?post=25213"}],"curies":[{"name":"wp","href":"https:\/\/api.w.org\/{rel}","templated":true}]}}