{"id":25295,"date":"2023-04-11T11:03:08","date_gmt":"2023-04-11T09:03:08","guid":{"rendered":"https:\/\/www.rememberme-forever.com\/product\/funeral-stone-urn-unique-cremation-urn-with-rose-or-cross-on-the-lid\/"},"modified":"2026-02-19T12:19:23","modified_gmt":"2026-02-19T11:19:23","slug":"funeral-stone-urn-unique-cremation-urn-with-rose-or-cross-on-the-lid","status":"publish","type":"product","link":"https:\/\/www.rememberme-forever.com\/es\/producto\/funeral-stone-urn-unique-cremation-urn-with-rose-or-cross-on-the-lid\/","title":{"rendered":"Funeral stone urn, unique cremation urn with rose or cross on the lid"},"content":{"rendered":"<div style=\"width: 100%; margin-bottom: 40px; height: max-content; padding-bottom: 60%; position: relative;\"><iframe style=\"position: absolute; top: 0; left: 0; width: 100%; height: 100%;\" src=\"https:\/\/rememberme-urns.com\/unique-stone-cremate-urn\/\" frameborder=\"0\"><\/iframe><\/div>\n<div style=\"color: red; text-align: center; margin-bottom: 25px;\">\n<p>&gt;&gt; Foto giratoria &#8211; pulsar\/acercar &lt;&lt;<\/p>\n<\/div>\n<h2 style=\"text-align: center;\">Urna funeraria de piedra<\/h2>\n<p style=\"text-align: center;\">Presentamos nuestra exquisita <strong>Urna Funeraria de Piedra<\/strong>, una urna de cremaci\u00f3n singular, perfecta para honrar la memoria de un ser querido. Fabricada con materiales de piedra de alta calidad y con una hermosa rosa o cruz en la tapa, esta urna es una forma hermosa y digna de conmemorar los restos de su ser querido.<\/p>\n<p style=\"text-align: center;\">Elaborada en un color claro que irradia una sensaci\u00f3n de paz y serenidad, esta urna es una pieza verdaderamente \u00fanica y especial.<\/p>\n<p style=\"text-align: center;\">Para hacer esta urna a\u00fan m\u00e1s personal y significativa, se puede a\u00f1adir una placa conmemorativa por separado en un panel de plexigl\u00e1s. Esto le permite personalizar la urna con el nombre de su ser querido, fechas o un mensaje especial, asegurando que su memoria ser\u00e1 preservada y atesorada durante a\u00f1os.<\/p>\n<p style=\"text-align: center;\">Tenga en cuenta que, debido a la naturaleza \u00fanica de cada urna de piedra, la apariencia puede variar ligeramente de la imagen del producto. Sin embargo, tenga la seguridad de que cada urna funeraria de piedra est\u00e1 elaborada con el m\u00e1ximo cuidado y atenci\u00f3n al detalle, asegurando que sea un tributo adecuado a la vida y el legado de su ser querido.<\/p>\n<p style=\"text-align: center;\">Con su belleza atemporal y su dise\u00f1o cuidado, nuestra Urna Funeraria de Piedra es un lugar de descanso final adecuado para su querido familiar o amigo.<\/p>\n<p>&nbsp;<\/p>\n<p style=\"text-align: center;\"><em><strong>Este producto est\u00e1 hecho de materiales naturales; la apariencia puede variar ligeramente.<\/strong><\/em><\/p>\n<p>&nbsp;<\/p>\n<h3 style=\"text-align: center;\"><strong>PERSONALIZACI\u00d3N<\/strong><\/h3>\n<p style=\"text-align: center;\">La placa conmemorativa personalizada debe personalizarse al realizar el pedido. (No se preocupe si no la incluye, siempre puede enviarnos un mensaje despu\u00e9s).<\/p>\n<p style=\"text-align: center;\">Revise atentamente el texto del grabado antes de a\u00f1adir el art\u00edculo al carrito. Copiamos y grabamos la informaci\u00f3n exacta que recibimos con el pedido y no realizamos ning\u00fan cambio.<\/p>\n<p style=\"text-align: center;\"><strong>Revise el texto para asegurarse de que la ortograf\u00eda sea correcta.<\/strong><\/p>\n<p><strong><em><img loading=\"lazy\" decoding=\"async\" class=\" wp-image-698 aligncenter\" src=\"http:\/\/www.rememberme-forever.com\/wp-content\/uploads\/2023\/03\/gold-plaque-urn-295x300.jpg\" alt=\"Urna con placa dorada\" width=\"189\" height=\"192\" srcset=\"https:\/\/www.rememberme-forever.com\/wp-content\/uploads\/2023\/03\/gold-plaque-urn-295x300.jpg 295w, https:\/\/www.rememberme-forever.com\/wp-content\/uploads\/2023\/03\/gold-plaque-urn-600x610.jpg 600w, https:\/\/www.rememberme-forever.com\/wp-content\/uploads\/2023\/03\/gold-plaque-urn-64x65.jpg 64w, https:\/\/www.rememberme-forever.com\/wp-content\/uploads\/2023\/03\/gold-plaque-urn.jpg 768w\" sizes=\"auto, (max-width: 189px) 100vw, 189px\" \/><\/em><\/strong><\/p>\n<p style=\"text-align: center;\"><strong><em>La placa conmemorativa se a\u00f1adir\u00e1 por separado con el soporte, como se muestra en la foto.<\/em><\/strong><\/p>\n<p style=\"text-align: center;\"><strong><em>(El soporte de la placa conmemorativa est\u00e1 hecho de plexigl\u00e1s transparente). <\/em><\/strong><\/p>\n","protected":false},"excerpt":{"rendered":"<p>Urna de \u00f3nix natural exclusiva para cenizas humanas. No existen dos ejemplares id\u00e9nticos.<\/p>\n<p><em><strong>Adecuada para cenizas de una persona con un peso corporal de hasta aproximadamente 110 kg. <\/strong><\/em><\/p>\n","protected":false},"featured_media":25291,"template":"","meta":{"_acf_changed":false},"product_brand":[],"product_cat":[2454],"product_tag":[3367],"class_list":{"0":"post-25295","1":"product","2":"type-product","3":"status-publish","4":"has-post-thumbnail","6":"product_cat-urnas-de-piedra","7":"product_tag-gpsr-stone-urns","8":"product_shipping_class-5-10kg-es","10":"first","11":"instock","12":"taxable","13":"shipping-taxable","14":"purchasable","15":"product-type-variable"},"yoast_head":"<!-- This site is optimized with the Yoast SEO plugin v27.4 - https:\/\/yoast.com\/product\/yoast-seo-wordpress\/ -->\n<title>Funeral stone urn, unique cremation urn with rose or cross on the lid<\/title>\n<meta name=\"description\" content=\"Presentamos nuestra exquisita Urna Funeraria de Piedra, una urna de cremaci\u00f3n singular, perfecta para honrar la memoria de un ser querido.\" \/>\n<meta name=\"robots\" content=\"index, follow, max-snippet:-1, max-image-preview:large, max-video-preview:-1\" \/>\n<link rel=\"canonical\" href=\"https:\/\/www.rememberme-forever.com\/es\/producto\/funeral-stone-urn-unique-cremation-urn-with-rose-or-cross-on-the-lid\/\" \/>\n<meta property=\"og:locale\" content=\"es_ES\" \/>\n<meta property=\"og:type\" content=\"article\" \/>\n<meta property=\"og:title\" content=\"Funeral stone urn, unique cremation urn with rose or cross on the lid\" \/>\n<meta property=\"og:description\" content=\"Presentamos nuestra exquisita Urna Funeraria de Piedra, una urna de cremaci\u00f3n singular, perfecta para honrar la memoria de un ser querido.\" \/>\n<meta property=\"og:url\" content=\"https:\/\/www.rememberme-forever.com\/es\/producto\/funeral-stone-urn-unique-cremation-urn-with-rose-or-cross-on-the-lid\/\" \/>\n<meta property=\"og:site_name\" content=\"Remember Forever\" \/>\n<meta property=\"article:modified_time\" content=\"2026-02-19T11:19:23+00:00\" \/>\n<meta property=\"og:image\" content=\"http:\/\/www.rememberme-forever.com\/wp-content\/uploads\/2023\/04\/funeral-stone-urn.jpg\" \/>\n\t<meta property=\"og:image:width\" content=\"1007\" \/>\n\t<meta property=\"og:image:height\" content=\"1024\" \/>\n\t<meta property=\"og:image:type\" content=\"image\/jpeg\" \/>\n<meta name=\"twitter:card\" content=\"summary_large_image\" \/>\n<meta name=\"twitter:label1\" content=\"Tiempo de lectura\" \/>\n\t<meta name=\"twitter:data1\" content=\"2 minutos\" \/>\n<script type=\"application\/ld+json\" class=\"yoast-schema-graph\">{\"@context\":\"https:\\\/\\\/schema.org\",\"@graph\":[{\"@type\":\"WebPage\",\"@id\":\"https:\\\/\\\/www.rememberme-forever.com\\\/es\\\/producto\\\/funeral-stone-urn-unique-cremation-urn-with-rose-or-cross-on-the-lid\\\/\",\"url\":\"https:\\\/\\\/www.rememberme-forever.com\\\/es\\\/producto\\\/funeral-stone-urn-unique-cremation-urn-with-rose-or-cross-on-the-lid\\\/\",\"name\":\"Funeral stone urn, unique cremation urn with rose or cross on the lid\",\"isPartOf\":{\"@id\":\"https:\\\/\\\/www.rememberme-forever.com\\\/es\\\/#website\"},\"primaryImageOfPage\":{\"@id\":\"https:\\\/\\\/www.rememberme-forever.com\\\/es\\\/producto\\\/funeral-stone-urn-unique-cremation-urn-with-rose-or-cross-on-the-lid\\\/#primaryimage\"},\"image\":{\"@id\":\"https:\\\/\\\/www.rememberme-forever.com\\\/es\\\/producto\\\/funeral-stone-urn-unique-cremation-urn-with-rose-or-cross-on-the-lid\\\/#primaryimage\"},\"thumbnailUrl\":\"https:\\\/\\\/www.rememberme-forever.com\\\/wp-content\\\/uploads\\\/2023\\\/04\\\/funeral-stone-urn.jpg\",\"datePublished\":\"2023-04-11T09:03:08+00:00\",\"dateModified\":\"2026-02-19T11:19:23+00:00\",\"description\":\"Presentamos nuestra exquisita Urna Funeraria de Piedra, una urna de cremaci\u00f3n singular, perfecta para honrar la memoria de un ser querido.\",\"breadcrumb\":{\"@id\":\"https:\\\/\\\/www.rememberme-forever.com\\\/es\\\/producto\\\/funeral-stone-urn-unique-cremation-urn-with-rose-or-cross-on-the-lid\\\/#breadcrumb\"},\"inLanguage\":\"es\",\"potentialAction\":[{\"@type\":\"ReadAction\",\"target\":[\"https:\\\/\\\/www.rememberme-forever.com\\\/es\\\/producto\\\/funeral-stone-urn-unique-cremation-urn-with-rose-or-cross-on-the-lid\\\/\"]}]},{\"@type\":\"ImageObject\",\"inLanguage\":\"es\",\"@id\":\"https:\\\/\\\/www.rememberme-forever.com\\\/es\\\/producto\\\/funeral-stone-urn-unique-cremation-urn-with-rose-or-cross-on-the-lid\\\/#primaryimage\",\"url\":\"https:\\\/\\\/www.rememberme-forever.com\\\/wp-content\\\/uploads\\\/2023\\\/04\\\/funeral-stone-urn.jpg\",\"contentUrl\":\"https:\\\/\\\/www.rememberme-forever.com\\\/wp-content\\\/uploads\\\/2023\\\/04\\\/funeral-stone-urn.jpg\",\"width\":1007,\"height\":1024,\"caption\":\"urna de cremaci\u00f3n de piedra con una rosa, urna funeraria de piedra\"},{\"@type\":\"BreadcrumbList\",\"@id\":\"https:\\\/\\\/www.rememberme-forever.com\\\/es\\\/producto\\\/funeral-stone-urn-unique-cremation-urn-with-rose-or-cross-on-the-lid\\\/#breadcrumb\",\"itemListElement\":[{\"@type\":\"ListItem\",\"position\":1,\"name\":\"Home\",\"item\":\"https:\\\/\\\/www.rememberme-forever.com\\\/es\\\/inicio\\\/\"},{\"@type\":\"ListItem\",\"position\":2,\"name\":\"Comercio\",\"item\":\"https:\\\/\\\/www.rememberme-forever.com\\\/es\\\/shop\\\/\"},{\"@type\":\"ListItem\",\"position\":3,\"name\":\"Funeral stone urn, unique cremation urn with rose or cross on the lid\"}]},{\"@type\":\"WebSite\",\"@id\":\"https:\\\/\\\/www.rememberme-forever.com\\\/es\\\/#website\",\"url\":\"https:\\\/\\\/www.rememberme-forever.com\\\/es\\\/\",\"name\":\"Remember Forever\",\"description\":\"Cremation urns, funeral urns, urns for ashes\",\"publisher\":{\"@id\":\"https:\\\/\\\/www.rememberme-forever.com\\\/es\\\/#organization\"},\"potentialAction\":[{\"@type\":\"SearchAction\",\"target\":{\"@type\":\"EntryPoint\",\"urlTemplate\":\"https:\\\/\\\/www.rememberme-forever.com\\\/es\\\/?s={search_term_string}\"},\"query-input\":{\"@type\":\"PropertyValueSpecification\",\"valueRequired\":true,\"valueName\":\"search_term_string\"}}],\"inLanguage\":\"es\"},{\"@type\":\"Organization\",\"@id\":\"https:\\\/\\\/www.rememberme-forever.com\\\/es\\\/#organization\",\"name\":\"Remember Forever\",\"url\":\"https:\\\/\\\/www.rememberme-forever.com\\\/es\\\/\",\"logo\":{\"@type\":\"ImageObject\",\"inLanguage\":\"es\",\"@id\":\"https:\\\/\\\/www.rememberme-forever.com\\\/es\\\/#\\\/schema\\\/logo\\\/image\\\/\",\"url\":\"https:\\\/\\\/www.rememberme-forever.com\\\/wp-content\\\/uploads\\\/2023\\\/02\\\/logo.png\",\"contentUrl\":\"https:\\\/\\\/www.rememberme-forever.com\\\/wp-content\\\/uploads\\\/2023\\\/02\\\/logo.png\",\"width\":300,\"height\":56,\"caption\":\"Remember Forever\"},\"image\":{\"@id\":\"https:\\\/\\\/www.rememberme-forever.com\\\/es\\\/#\\\/schema\\\/logo\\\/image\\\/\"}}]}<\/script>\n<!-- \/ Yoast SEO plugin. -->","yoast_head_json":{"title":"Funeral stone urn, unique cremation urn with rose or cross on the lid","description":"Presentamos nuestra exquisita Urna Funeraria de Piedra, una urna de cremaci\u00f3n singular, perfecta para honrar la memoria de un ser querido.","robots":{"index":"index","follow":"follow","max-snippet":"max-snippet:-1","max-image-preview":"max-image-preview:large","max-video-preview":"max-video-preview:-1"},"canonical":"https:\/\/www.rememberme-forever.com\/es\/producto\/funeral-stone-urn-unique-cremation-urn-with-rose-or-cross-on-the-lid\/","og_locale":"es_ES","og_type":"article","og_title":"Funeral stone urn, unique cremation urn with rose or cross on the lid","og_description":"Presentamos nuestra exquisita Urna Funeraria de Piedra, una urna de cremaci\u00f3n singular, perfecta para honrar la memoria de un ser querido.","og_url":"https:\/\/www.rememberme-forever.com\/es\/producto\/funeral-stone-urn-unique-cremation-urn-with-rose-or-cross-on-the-lid\/","og_site_name":"Remember Forever","article_modified_time":"2026-02-19T11:19:23+00:00","og_image":[{"width":1007,"height":1024,"url":"http:\/\/www.rememberme-forever.com\/wp-content\/uploads\/2023\/04\/funeral-stone-urn.jpg","type":"image\/jpeg"}],"twitter_card":"summary_large_image","twitter_misc":{"Tiempo de lectura":"2 minutos"},"schema":{"@context":"https:\/\/schema.org","@graph":[{"@type":"WebPage","@id":"https:\/\/www.rememberme-forever.com\/es\/producto\/funeral-stone-urn-unique-cremation-urn-with-rose-or-cross-on-the-lid\/","url":"https:\/\/www.rememberme-forever.com\/es\/producto\/funeral-stone-urn-unique-cremation-urn-with-rose-or-cross-on-the-lid\/","name":"Funeral stone urn, unique cremation urn with rose or cross on the lid","isPartOf":{"@id":"https:\/\/www.rememberme-forever.com\/es\/#website"},"primaryImageOfPage":{"@id":"https:\/\/www.rememberme-forever.com\/es\/producto\/funeral-stone-urn-unique-cremation-urn-with-rose-or-cross-on-the-lid\/#primaryimage"},"image":{"@id":"https:\/\/www.rememberme-forever.com\/es\/producto\/funeral-stone-urn-unique-cremation-urn-with-rose-or-cross-on-the-lid\/#primaryimage"},"thumbnailUrl":"https:\/\/www.rememberme-forever.com\/wp-content\/uploads\/2023\/04\/funeral-stone-urn.jpg","datePublished":"2023-04-11T09:03:08+00:00","dateModified":"2026-02-19T11:19:23+00:00","description":"Presentamos nuestra exquisita Urna Funeraria de Piedra, una urna de cremaci\u00f3n singular, perfecta para honrar la memoria de un ser querido.","breadcrumb":{"@id":"https:\/\/www.rememberme-forever.com\/es\/producto\/funeral-stone-urn-unique-cremation-urn-with-rose-or-cross-on-the-lid\/#breadcrumb"},"inLanguage":"es","potentialAction":[{"@type":"ReadAction","target":["https:\/\/www.rememberme-forever.com\/es\/producto\/funeral-stone-urn-unique-cremation-urn-with-rose-or-cross-on-the-lid\/"]}]},{"@type":"ImageObject","inLanguage":"es","@id":"https:\/\/www.rememberme-forever.com\/es\/producto\/funeral-stone-urn-unique-cremation-urn-with-rose-or-cross-on-the-lid\/#primaryimage","url":"https:\/\/www.rememberme-forever.com\/wp-content\/uploads\/2023\/04\/funeral-stone-urn.jpg","contentUrl":"https:\/\/www.rememberme-forever.com\/wp-content\/uploads\/2023\/04\/funeral-stone-urn.jpg","width":1007,"height":1024,"caption":"urna de cremaci\u00f3n de piedra con una rosa, urna funeraria de piedra"},{"@type":"BreadcrumbList","@id":"https:\/\/www.rememberme-forever.com\/es\/producto\/funeral-stone-urn-unique-cremation-urn-with-rose-or-cross-on-the-lid\/#breadcrumb","itemListElement":[{"@type":"ListItem","position":1,"name":"Home","item":"https:\/\/www.rememberme-forever.com\/es\/inicio\/"},{"@type":"ListItem","position":2,"name":"Comercio","item":"https:\/\/www.rememberme-forever.com\/es\/shop\/"},{"@type":"ListItem","position":3,"name":"Funeral stone urn, unique cremation urn with rose or cross on the lid"}]},{"@type":"WebSite","@id":"https:\/\/www.rememberme-forever.com\/es\/#website","url":"https:\/\/www.rememberme-forever.com\/es\/","name":"Remember Forever","description":"Cremation urns, funeral urns, urns for ashes","publisher":{"@id":"https:\/\/www.rememberme-forever.com\/es\/#organization"},"potentialAction":[{"@type":"SearchAction","target":{"@type":"EntryPoint","urlTemplate":"https:\/\/www.rememberme-forever.com\/es\/?s={search_term_string}"},"query-input":{"@type":"PropertyValueSpecification","valueRequired":true,"valueName":"search_term_string"}}],"inLanguage":"es"},{"@type":"Organization","@id":"https:\/\/www.rememberme-forever.com\/es\/#organization","name":"Remember Forever","url":"https:\/\/www.rememberme-forever.com\/es\/","logo":{"@type":"ImageObject","inLanguage":"es","@id":"https:\/\/www.rememberme-forever.com\/es\/#\/schema\/logo\/image\/","url":"https:\/\/www.rememberme-forever.com\/wp-content\/uploads\/2023\/02\/logo.png","contentUrl":"https:\/\/www.rememberme-forever.com\/wp-content\/uploads\/2023\/02\/logo.png","width":300,"height":56,"caption":"Remember Forever"},"image":{"@id":"https:\/\/www.rememberme-forever.com\/es\/#\/schema\/logo\/image\/"}}]}},"acf":[],"_links":{"self":[{"href":"https:\/\/www.rememberme-forever.com\/es\/wp-json\/wp\/v2\/product\/25295","targetHints":{"allow":["GET"]}}],"collection":[{"href":"https:\/\/www.rememberme-forever.com\/es\/wp-json\/wp\/v2\/product"}],"about":[{"href":"https:\/\/www.rememberme-forever.com\/es\/wp-json\/wp\/v2\/types\/product"}],"wp:featuredmedia":[{"embeddable":true,"href":"https:\/\/www.rememberme-forever.com\/es\/wp-json\/wp\/v2\/media\/25291"}],"wp:attachment":[{"href":"https:\/\/www.rememberme-forever.com\/es\/wp-json\/wp\/v2\/media?parent=25295"}],"wp:term":[{"taxonomy":"product_brand","embeddable":true,"href":"https:\/\/www.rememberme-forever.com\/es\/wp-json\/wp\/v2\/product_brand?post=25295"},{"taxonomy":"product_cat","embeddable":true,"href":"https:\/\/www.rememberme-forever.com\/es\/wp-json\/wp\/v2\/product_cat?post=25295"},{"taxonomy":"product_tag","embeddable":true,"href":"https:\/\/www.rememberme-forever.com\/es\/wp-json\/wp\/v2\/product_tag?post=25295"}],"curies":[{"name":"wp","href":"https:\/\/api.w.org\/{rel}","templated":true}]}}