{"id":25357,"date":"2023-04-11T12:34:48","date_gmt":"2023-04-11T10:34:48","guid":{"rendered":"https:\/\/www.rememberme-forever.com\/product\/urna-de-piedra-para-cenizas-de-adulto-urna-con-placa-conmemorativa-grabada\/"},"modified":"2026-02-19T13:12:11","modified_gmt":"2026-02-19T12:12:11","slug":"urna-de-piedra-para-cenizas-de-adulto-urna-con-placa-conmemorativa-grabada","status":"publish","type":"product","link":"https:\/\/www.rememberme-forever.com\/es\/producto\/urna-de-piedra-para-cenizas-de-adulto-urna-con-placa-conmemorativa-grabada\/","title":{"rendered":"Urna de piedra para cenizas de adulto, urna con placa conmemorativa grabada"},"content":{"rendered":"<h2 style=\"text-align: center;\">Urna de piedra para cenizas de adulto<\/h2>\n<p style=\"text-align: center;\">Presentamos la <strong>urna de piedra para cenizas de adulto<\/strong>, una pieza de dise\u00f1o \u00fanico y espectacular que ofrece un lugar de descanso digno para los restos de su ser querido. Elaborada en piedra de alta calidad, esta urna cuenta con una apertura inferior para facilitar el acceso y est\u00e1 dise\u00f1ada para contener las cenizas de un adulto.<\/p>\n<p style=\"text-align: center;\">Lo que hace que esta urna sea realmente especial es la placa conmemorativa grabada de forma personalizada que incluye. Esta placa puede personalizarse con el nombre de su ser querido, fechas y cualquier otro mensaje especial que desee incluir, garantizando que su memoria se preserve durante a\u00f1os.<\/p>\n<p style=\"text-align: center;\">Con su dise\u00f1o \u00fanico, esta urna de piedra para adulto destacar\u00e1 sin duda dondequiera que se exponga. Dado que cada urna est\u00e1 elaborada en piedra natural, el aspecto puede variar ligeramente, lo que hace que cada pieza sea verdaderamente \u00fanica. Esta urna ofrece una forma hermosa y duradera de honrar la vida de su ser querido y mantener vivo su recuerdo.<\/p>\n<p style=\"text-align: center;\">Ya sea expuesta en un lugar destacado o en un entorno m\u00e1s privado, la urna de piedra para cenizas de adulto es un tributo adecuado para un familiar o amigo querido. Con su dise\u00f1o atemporal y su grabado personalizado, esta urna es una forma hermosa de celebrar la vida de alguien especial.<\/p>\n<p>&nbsp;<\/p>\n<h3 style=\"text-align: center;\"><strong>PERSONALIZACI\u00d3N<\/strong><\/h3>\n<p style=\"text-align: center;\">La placa conmemorativa personalizada debe personalizarse al realizar el pedido. (No se preocupe si no la incluye, siempre puede enviarnos un mensaje despu\u00e9s).<\/p>\n<p style=\"text-align: center;\">Revise atentamente el texto del grabado antes de a\u00f1adir el art\u00edculo al carrito. Copiamos y grabamos la informaci\u00f3n exacta que recibimos con el pedido y no realizamos ning\u00fan cambio.<\/p>\n<p style=\"text-align: center;\"><strong>Revise el texto para asegurarse de que la ortograf\u00eda sea correcta.<\/strong><\/p>\n<p>&nbsp;<\/p>\n<p><img loading=\"lazy\" decoding=\"async\" class=\" wp-image-1447 aligncenter\" src=\"http:\/\/www.rememberme-forever.com\/wp-content\/uploads\/2023\/04\/memorial-plaque-cremation-urn-gold-300x150.jpg\" alt=\"Placa conmemorativa urna de cremaci\u00f3n dorada\" width=\"260\" height=\"130\" srcset=\"https:\/\/www.rememberme-forever.com\/wp-content\/uploads\/2023\/04\/memorial-plaque-cremation-urn-gold-300x150.jpg 300w, https:\/\/www.rememberme-forever.com\/wp-content\/uploads\/2023\/04\/memorial-plaque-cremation-urn-gold-64x32.jpg 64w, https:\/\/www.rememberme-forever.com\/wp-content\/uploads\/2023\/04\/memorial-plaque-cremation-urn-gold.jpg 448w\" sizes=\"auto, (max-width: 260px) 100vw, 260px\" \/><\/p>\n","protected":false},"excerpt":{"rendered":"<p>Urna cineraria de piedra con forma perfecta.<\/p>\n<p><em><strong>Adecuada para contener cenizas de un peso corporal de hasta aprox. <span class=\"body-weight-lbs\">292,90<\/span> lbs o <span class=\"body-weight-kg\">131,80<\/span> kg.<\/strong><\/em><\/p>\n","protected":false},"featured_media":25353,"template":"","meta":{"_acf_changed":false},"product_brand":[],"product_cat":[2454],"product_tag":[3367],"class_list":{"0":"post-25357","1":"product","2":"type-product","3":"status-publish","4":"has-post-thumbnail","6":"product_cat-urnas-de-piedra","7":"product_tag-gpsr-stone-urns","8":"product_shipping_class-5-10kg-es","10":"first","11":"instock","12":"taxable","13":"shipping-taxable","14":"purchasable","15":"product-type-variable"},"yoast_head":"<!-- This site is optimized with the Yoast SEO plugin v27.4 - https:\/\/yoast.com\/product\/yoast-seo-wordpress\/ -->\n<title>Urna de piedra para cenizas de adulto, urna con placa conmemorativa grabada<\/title>\n<meta name=\"description\" content=\"Presentamos la urna de piedra para cenizas de adulto, una pieza de dise\u00f1o \u00fanico y espectacular que ofrece un lugar de descanso digno para los restos de su ser querido.\" \/>\n<meta name=\"robots\" content=\"index, follow, max-snippet:-1, max-image-preview:large, max-video-preview:-1\" \/>\n<link rel=\"canonical\" href=\"https:\/\/www.rememberme-forever.com\/es\/producto\/urna-de-piedra-para-cenizas-de-adulto-urna-con-placa-conmemorativa-grabada\/\" \/>\n<meta property=\"og:locale\" content=\"es_ES\" \/>\n<meta property=\"og:type\" content=\"article\" \/>\n<meta property=\"og:title\" content=\"Urna de piedra para cenizas de adulto, urna con placa conmemorativa grabada\" \/>\n<meta property=\"og:description\" content=\"Presentamos la urna de piedra para cenizas de adulto, una pieza de dise\u00f1o \u00fanico y espectacular que ofrece un lugar de descanso digno para los restos de su ser querido.\" \/>\n<meta property=\"og:url\" content=\"https:\/\/www.rememberme-forever.com\/es\/producto\/urna-de-piedra-para-cenizas-de-adulto-urna-con-placa-conmemorativa-grabada\/\" \/>\n<meta property=\"og:site_name\" content=\"Remember Forever\" \/>\n<meta property=\"article:modified_time\" content=\"2026-02-19T12:12:11+00:00\" \/>\n<meta property=\"og:image\" content=\"http:\/\/www.rememberme-forever.com\/wp-content\/uploads\/2023\/04\/cross-stone-urn.jpg\" \/>\n\t<meta property=\"og:image:width\" content=\"768\" \/>\n\t<meta property=\"og:image:height\" content=\"781\" \/>\n\t<meta property=\"og:image:type\" content=\"image\/jpeg\" \/>\n<meta name=\"twitter:card\" content=\"summary_large_image\" \/>\n<meta name=\"twitter:label1\" content=\"Tiempo de lectura\" \/>\n\t<meta name=\"twitter:data1\" content=\"2 minutos\" \/>\n<script type=\"application\/ld+json\" class=\"yoast-schema-graph\">{\"@context\":\"https:\\\/\\\/schema.org\",\"@graph\":[{\"@type\":\"WebPage\",\"@id\":\"https:\\\/\\\/www.rememberme-forever.com\\\/es\\\/producto\\\/urna-de-piedra-para-cenizas-de-adulto-urna-con-placa-conmemorativa-grabada\\\/\",\"url\":\"https:\\\/\\\/www.rememberme-forever.com\\\/es\\\/producto\\\/urna-de-piedra-para-cenizas-de-adulto-urna-con-placa-conmemorativa-grabada\\\/\",\"name\":\"Urna de piedra para cenizas de adulto, urna con placa conmemorativa grabada\",\"isPartOf\":{\"@id\":\"https:\\\/\\\/www.rememberme-forever.com\\\/es\\\/#website\"},\"primaryImageOfPage\":{\"@id\":\"https:\\\/\\\/www.rememberme-forever.com\\\/es\\\/producto\\\/urna-de-piedra-para-cenizas-de-adulto-urna-con-placa-conmemorativa-grabada\\\/#primaryimage\"},\"image\":{\"@id\":\"https:\\\/\\\/www.rememberme-forever.com\\\/es\\\/producto\\\/urna-de-piedra-para-cenizas-de-adulto-urna-con-placa-conmemorativa-grabada\\\/#primaryimage\"},\"thumbnailUrl\":\"https:\\\/\\\/www.rememberme-forever.com\\\/wp-content\\\/uploads\\\/2023\\\/04\\\/cross-stone-urn.jpg\",\"datePublished\":\"2023-04-11T10:34:48+00:00\",\"dateModified\":\"2026-02-19T12:12:11+00:00\",\"description\":\"Presentamos la urna de piedra para cenizas de adulto, una pieza de dise\u00f1o \u00fanico y espectacular que ofrece un lugar de descanso digno para los restos de su ser querido.\",\"breadcrumb\":{\"@id\":\"https:\\\/\\\/www.rememberme-forever.com\\\/es\\\/producto\\\/urna-de-piedra-para-cenizas-de-adulto-urna-con-placa-conmemorativa-grabada\\\/#breadcrumb\"},\"inLanguage\":\"es\",\"potentialAction\":[{\"@type\":\"ReadAction\",\"target\":[\"https:\\\/\\\/www.rememberme-forever.com\\\/es\\\/producto\\\/urna-de-piedra-para-cenizas-de-adulto-urna-con-placa-conmemorativa-grabada\\\/\"]}]},{\"@type\":\"ImageObject\",\"inLanguage\":\"es\",\"@id\":\"https:\\\/\\\/www.rememberme-forever.com\\\/es\\\/producto\\\/urna-de-piedra-para-cenizas-de-adulto-urna-con-placa-conmemorativa-grabada\\\/#primaryimage\",\"url\":\"https:\\\/\\\/www.rememberme-forever.com\\\/wp-content\\\/uploads\\\/2023\\\/04\\\/cross-stone-urn.jpg\",\"contentUrl\":\"https:\\\/\\\/www.rememberme-forever.com\\\/wp-content\\\/uploads\\\/2023\\\/04\\\/cross-stone-urn.jpg\",\"width\":768,\"height\":781,\"caption\":\"urna de piedra para cenizas de adulto, urna de piedra con cruz, urnas para sepultura permanente\"},{\"@type\":\"BreadcrumbList\",\"@id\":\"https:\\\/\\\/www.rememberme-forever.com\\\/es\\\/producto\\\/urna-de-piedra-para-cenizas-de-adulto-urna-con-placa-conmemorativa-grabada\\\/#breadcrumb\",\"itemListElement\":[{\"@type\":\"ListItem\",\"position\":1,\"name\":\"Home\",\"item\":\"https:\\\/\\\/www.rememberme-forever.com\\\/es\\\/inicio\\\/\"},{\"@type\":\"ListItem\",\"position\":2,\"name\":\"Comercio\",\"item\":\"https:\\\/\\\/www.rememberme-forever.com\\\/es\\\/shop\\\/\"},{\"@type\":\"ListItem\",\"position\":3,\"name\":\"Urna de piedra para cenizas de adulto, urna con placa conmemorativa grabada\"}]},{\"@type\":\"WebSite\",\"@id\":\"https:\\\/\\\/www.rememberme-forever.com\\\/es\\\/#website\",\"url\":\"https:\\\/\\\/www.rememberme-forever.com\\\/es\\\/\",\"name\":\"Remember Forever\",\"description\":\"Cremation urns, funeral urns, urns for ashes\",\"publisher\":{\"@id\":\"https:\\\/\\\/www.rememberme-forever.com\\\/es\\\/#organization\"},\"potentialAction\":[{\"@type\":\"SearchAction\",\"target\":{\"@type\":\"EntryPoint\",\"urlTemplate\":\"https:\\\/\\\/www.rememberme-forever.com\\\/es\\\/?s={search_term_string}\"},\"query-input\":{\"@type\":\"PropertyValueSpecification\",\"valueRequired\":true,\"valueName\":\"search_term_string\"}}],\"inLanguage\":\"es\"},{\"@type\":\"Organization\",\"@id\":\"https:\\\/\\\/www.rememberme-forever.com\\\/es\\\/#organization\",\"name\":\"Remember Forever\",\"url\":\"https:\\\/\\\/www.rememberme-forever.com\\\/es\\\/\",\"logo\":{\"@type\":\"ImageObject\",\"inLanguage\":\"es\",\"@id\":\"https:\\\/\\\/www.rememberme-forever.com\\\/es\\\/#\\\/schema\\\/logo\\\/image\\\/\",\"url\":\"https:\\\/\\\/www.rememberme-forever.com\\\/wp-content\\\/uploads\\\/2023\\\/02\\\/logo.png\",\"contentUrl\":\"https:\\\/\\\/www.rememberme-forever.com\\\/wp-content\\\/uploads\\\/2023\\\/02\\\/logo.png\",\"width\":300,\"height\":56,\"caption\":\"Remember Forever\"},\"image\":{\"@id\":\"https:\\\/\\\/www.rememberme-forever.com\\\/es\\\/#\\\/schema\\\/logo\\\/image\\\/\"}}]}<\/script>\n<!-- \/ Yoast SEO plugin. -->","yoast_head_json":{"title":"Urna de piedra para cenizas de adulto, urna con placa conmemorativa grabada","description":"Presentamos la urna de piedra para cenizas de adulto, una pieza de dise\u00f1o \u00fanico y espectacular que ofrece un lugar de descanso digno para los restos de su ser querido.","robots":{"index":"index","follow":"follow","max-snippet":"max-snippet:-1","max-image-preview":"max-image-preview:large","max-video-preview":"max-video-preview:-1"},"canonical":"https:\/\/www.rememberme-forever.com\/es\/producto\/urna-de-piedra-para-cenizas-de-adulto-urna-con-placa-conmemorativa-grabada\/","og_locale":"es_ES","og_type":"article","og_title":"Urna de piedra para cenizas de adulto, urna con placa conmemorativa grabada","og_description":"Presentamos la urna de piedra para cenizas de adulto, una pieza de dise\u00f1o \u00fanico y espectacular que ofrece un lugar de descanso digno para los restos de su ser querido.","og_url":"https:\/\/www.rememberme-forever.com\/es\/producto\/urna-de-piedra-para-cenizas-de-adulto-urna-con-placa-conmemorativa-grabada\/","og_site_name":"Remember Forever","article_modified_time":"2026-02-19T12:12:11+00:00","og_image":[{"width":768,"height":781,"url":"http:\/\/www.rememberme-forever.com\/wp-content\/uploads\/2023\/04\/cross-stone-urn.jpg","type":"image\/jpeg"}],"twitter_card":"summary_large_image","twitter_misc":{"Tiempo de lectura":"2 minutos"},"schema":{"@context":"https:\/\/schema.org","@graph":[{"@type":"WebPage","@id":"https:\/\/www.rememberme-forever.com\/es\/producto\/urna-de-piedra-para-cenizas-de-adulto-urna-con-placa-conmemorativa-grabada\/","url":"https:\/\/www.rememberme-forever.com\/es\/producto\/urna-de-piedra-para-cenizas-de-adulto-urna-con-placa-conmemorativa-grabada\/","name":"Urna de piedra para cenizas de adulto, urna con placa conmemorativa grabada","isPartOf":{"@id":"https:\/\/www.rememberme-forever.com\/es\/#website"},"primaryImageOfPage":{"@id":"https:\/\/www.rememberme-forever.com\/es\/producto\/urna-de-piedra-para-cenizas-de-adulto-urna-con-placa-conmemorativa-grabada\/#primaryimage"},"image":{"@id":"https:\/\/www.rememberme-forever.com\/es\/producto\/urna-de-piedra-para-cenizas-de-adulto-urna-con-placa-conmemorativa-grabada\/#primaryimage"},"thumbnailUrl":"https:\/\/www.rememberme-forever.com\/wp-content\/uploads\/2023\/04\/cross-stone-urn.jpg","datePublished":"2023-04-11T10:34:48+00:00","dateModified":"2026-02-19T12:12:11+00:00","description":"Presentamos la urna de piedra para cenizas de adulto, una pieza de dise\u00f1o \u00fanico y espectacular que ofrece un lugar de descanso digno para los restos de su ser querido.","breadcrumb":{"@id":"https:\/\/www.rememberme-forever.com\/es\/producto\/urna-de-piedra-para-cenizas-de-adulto-urna-con-placa-conmemorativa-grabada\/#breadcrumb"},"inLanguage":"es","potentialAction":[{"@type":"ReadAction","target":["https:\/\/www.rememberme-forever.com\/es\/producto\/urna-de-piedra-para-cenizas-de-adulto-urna-con-placa-conmemorativa-grabada\/"]}]},{"@type":"ImageObject","inLanguage":"es","@id":"https:\/\/www.rememberme-forever.com\/es\/producto\/urna-de-piedra-para-cenizas-de-adulto-urna-con-placa-conmemorativa-grabada\/#primaryimage","url":"https:\/\/www.rememberme-forever.com\/wp-content\/uploads\/2023\/04\/cross-stone-urn.jpg","contentUrl":"https:\/\/www.rememberme-forever.com\/wp-content\/uploads\/2023\/04\/cross-stone-urn.jpg","width":768,"height":781,"caption":"urna de piedra para cenizas de adulto, urna de piedra con cruz, urnas para sepultura permanente"},{"@type":"BreadcrumbList","@id":"https:\/\/www.rememberme-forever.com\/es\/producto\/urna-de-piedra-para-cenizas-de-adulto-urna-con-placa-conmemorativa-grabada\/#breadcrumb","itemListElement":[{"@type":"ListItem","position":1,"name":"Home","item":"https:\/\/www.rememberme-forever.com\/es\/inicio\/"},{"@type":"ListItem","position":2,"name":"Comercio","item":"https:\/\/www.rememberme-forever.com\/es\/shop\/"},{"@type":"ListItem","position":3,"name":"Urna de piedra para cenizas de adulto, urna con placa conmemorativa grabada"}]},{"@type":"WebSite","@id":"https:\/\/www.rememberme-forever.com\/es\/#website","url":"https:\/\/www.rememberme-forever.com\/es\/","name":"Remember Forever","description":"Cremation urns, funeral urns, urns for ashes","publisher":{"@id":"https:\/\/www.rememberme-forever.com\/es\/#organization"},"potentialAction":[{"@type":"SearchAction","target":{"@type":"EntryPoint","urlTemplate":"https:\/\/www.rememberme-forever.com\/es\/?s={search_term_string}"},"query-input":{"@type":"PropertyValueSpecification","valueRequired":true,"valueName":"search_term_string"}}],"inLanguage":"es"},{"@type":"Organization","@id":"https:\/\/www.rememberme-forever.com\/es\/#organization","name":"Remember Forever","url":"https:\/\/www.rememberme-forever.com\/es\/","logo":{"@type":"ImageObject","inLanguage":"es","@id":"https:\/\/www.rememberme-forever.com\/es\/#\/schema\/logo\/image\/","url":"https:\/\/www.rememberme-forever.com\/wp-content\/uploads\/2023\/02\/logo.png","contentUrl":"https:\/\/www.rememberme-forever.com\/wp-content\/uploads\/2023\/02\/logo.png","width":300,"height":56,"caption":"Remember Forever"},"image":{"@id":"https:\/\/www.rememberme-forever.com\/es\/#\/schema\/logo\/image\/"}}]}},"acf":[],"_links":{"self":[{"href":"https:\/\/www.rememberme-forever.com\/es\/wp-json\/wp\/v2\/product\/25357","targetHints":{"allow":["GET"]}}],"collection":[{"href":"https:\/\/www.rememberme-forever.com\/es\/wp-json\/wp\/v2\/product"}],"about":[{"href":"https:\/\/www.rememberme-forever.com\/es\/wp-json\/wp\/v2\/types\/product"}],"wp:featuredmedia":[{"embeddable":true,"href":"https:\/\/www.rememberme-forever.com\/es\/wp-json\/wp\/v2\/media\/25353"}],"wp:attachment":[{"href":"https:\/\/www.rememberme-forever.com\/es\/wp-json\/wp\/v2\/media?parent=25357"}],"wp:term":[{"taxonomy":"product_brand","embeddable":true,"href":"https:\/\/www.rememberme-forever.com\/es\/wp-json\/wp\/v2\/product_brand?post=25357"},{"taxonomy":"product_cat","embeddable":true,"href":"https:\/\/www.rememberme-forever.com\/es\/wp-json\/wp\/v2\/product_cat?post=25357"},{"taxonomy":"product_tag","embeddable":true,"href":"https:\/\/www.rememberme-forever.com\/es\/wp-json\/wp\/v2\/product_tag?post=25357"}],"curies":[{"name":"wp","href":"https:\/\/api.w.org\/{rel}","templated":true}]}}