{"id":25393,"date":"2023-04-11T14:05:26","date_gmt":"2023-04-11T12:05:26","guid":{"rendered":"https:\/\/www.rememberme-forever.com\/product\/urna-metalica-roja-urnas-de-cremacion-para-cenizas-de-adulto-para-hombre-o-mujer\/"},"modified":"2026-02-19T13:53:56","modified_gmt":"2026-02-19T12:53:56","slug":"urna-metalica-roja-urnas-de-cremacion-para-cenizas-de-adulto-para-hombre-o-mujer","status":"publish","type":"product","link":"https:\/\/www.rememberme-forever.com\/es\/producto\/urna-metalica-roja-urnas-de-cremacion-para-cenizas-de-adulto-para-hombre-o-mujer\/","title":{"rendered":"Urna met\u00e1lica roja, urnas de cremaci\u00f3n para cenizas de adulto para hombre o mujer"},"content":{"rendered":"<div style=\"width: 100%; margin-bottom: 30px; height: max-content; padding-bottom: 60%; position: relative;\"><iframe style=\"position: absolute; top: 0; left: 0; width: 100%; height: 100%;\" src=\"https:\/\/rememberme-urns.com\/red-urn-rose\/\" frameborder=\"0\"><\/iframe><\/div>\n<div style=\"color: red; text-align: center; margin-bottom: 25px;\">\n<p>&gt;&gt; Foto giratoria &#8211; pulsar\/acercar &lt;&lt;<\/p>\n<\/div>\n<h2 style=\"text-align: center;\">Urna met\u00e1lica roja<\/h2>\n<p style=\"text-align: center;\">Esta <strong>urna met\u00e1lica roja<\/strong> es una forma impresionante y emotiva de honrar la memoria de su ser querido. El tono rojo, vibrante y atrevido, representa la pasi\u00f3n, la fortaleza y el poder perdurable del amor.<\/p>\n<p style=\"text-align: center;\">La tapa con apertura superior facilita el acceso para depositar las cenizas de su ser querido, mientras que la rosa o la cruz de dise\u00f1o intrincado en la parte frontal simboliza la belleza de la vida y el amor eterno que perdura incluso m\u00e1s all\u00e1 de la muerte.<\/p>\n<p style=\"text-align: center;\">Con la opci\u00f3n de a\u00f1adir una placa conmemorativa en el plexigl\u00e1s, puede personalizar esta urna y crear un homenaje \u00fanico que capture la esencia de la vida de su ser querido. Es una forma conmovedora y significativa de mantener su recuerdo cerca del coraz\u00f3n y honrar la vida que vivi\u00f3.<\/p>\n<p style=\"text-align: center;\">Cada vez que mire esta urna met\u00e1lica roja, recordar\u00e1 el amor y los recuerdos que comparti\u00f3 con su ser querido. Es un homenaje hermoso y emotivo que mantendr\u00e1 su esp\u00edritu vivo para siempre.<\/p>\n<p>&nbsp;<\/p>\n<h3 style=\"text-align: center;\"><strong>PERSONALIZACI\u00d3N<\/strong><\/h3>\n<p style=\"text-align: center;\">La placa conmemorativa personalizada debe personalizarse al realizar el pedido. (No se preocupe si no la incluye, siempre puede enviarnos un mensaje despu\u00e9s).<\/p>\n<p style=\"text-align: center;\">Revise atentamente el texto del grabado antes de a\u00f1adir el art\u00edculo al carrito. Copiamos y grabamos la informaci\u00f3n exacta que recibimos con el pedido y no realizamos ning\u00fan cambio.<\/p>\n<p style=\"text-align: center;\"><strong>Revise el texto para asegurarse de que la ortograf\u00eda sea correcta.<\/strong><\/p>\n<p><img loading=\"lazy\" decoding=\"async\" class=\" wp-image-698 aligncenter\" src=\"http:\/\/www.rememberme-forever.com\/wp-content\/uploads\/2023\/03\/gold-plaque-urn-295x300.jpg\" alt=\"Urna con placa dorada\" width=\"194\" height=\"198\" srcset=\"https:\/\/www.rememberme-forever.com\/wp-content\/uploads\/2023\/03\/gold-plaque-urn-295x300.jpg 295w, https:\/\/www.rememberme-forever.com\/wp-content\/uploads\/2023\/03\/gold-plaque-urn-600x610.jpg 600w, https:\/\/www.rememberme-forever.com\/wp-content\/uploads\/2023\/03\/gold-plaque-urn-64x65.jpg 64w, https:\/\/www.rememberme-forever.com\/wp-content\/uploads\/2023\/03\/gold-plaque-urn.jpg 768w\" sizes=\"auto, (max-width: 194px) 100vw, 194px\" \/><\/p>\n<p style=\"text-align: center;\"><strong><em>La placa conmemorativa se a\u00f1adir\u00e1 por separado con el soporte, como se muestra en la foto.<\/em><\/strong><\/p>\n<p style=\"text-align: center;\"><strong><em>(El soporte de la placa conmemorativa est\u00e1 hecho de plexigl\u00e1s transparente). <\/em><\/strong><\/p>\n","protected":false},"excerpt":{"rendered":"<p>Urna de cremaci\u00f3n met\u00e1lica roja para cenizas humanas de adulto.<\/p>\n<p><em><strong>Adecuada para un peso corporal aprox. de 231lbs =104kg<\/strong><\/em><\/p>\n","protected":false},"featured_media":25389,"template":"","meta":{"_acf_changed":false},"product_brand":[],"product_cat":[2451],"product_tag":[3337],"class_list":{"0":"post-25393","1":"product","2":"type-product","3":"status-publish","4":"has-post-thumbnail","6":"product_cat-urnas-de-metal","7":"product_tag-gpsr-metal-urns","8":"product_shipping_class-1-2-kg-es","10":"first","11":"instock","12":"taxable","13":"shipping-taxable","14":"purchasable","15":"product-type-variable"},"yoast_head":"<!-- This site is optimized with the Yoast SEO plugin v27.4 - https:\/\/yoast.com\/product\/yoast-seo-wordpress\/ -->\n<title>Urna met\u00e1lica roja, urnas de cremaci\u00f3n para cenizas de adulto para hombre o mujer<\/title>\n<meta name=\"description\" content=\"Esta urna met\u00e1lica roja es una forma impresionante y emotiva de honrar la memoria de su ser querido. Urna de cremaci\u00f3n ideal para hombres o mujeres adultos.\" \/>\n<meta name=\"robots\" content=\"index, follow, max-snippet:-1, max-image-preview:large, max-video-preview:-1\" \/>\n<link rel=\"canonical\" href=\"https:\/\/www.rememberme-forever.com\/es\/producto\/urna-metalica-roja-urnas-de-cremacion-para-cenizas-de-adulto-para-hombre-o-mujer\/\" \/>\n<meta property=\"og:locale\" content=\"es_ES\" \/>\n<meta property=\"og:type\" content=\"article\" \/>\n<meta property=\"og:title\" content=\"Urna met\u00e1lica roja, urnas de cremaci\u00f3n para cenizas de adulto para hombre o mujer\" \/>\n<meta property=\"og:description\" content=\"Esta urna met\u00e1lica roja es una forma impresionante y emotiva de honrar la memoria de su ser querido. Urna de cremaci\u00f3n ideal para hombres o mujeres adultos.\" \/>\n<meta property=\"og:url\" content=\"https:\/\/www.rememberme-forever.com\/es\/producto\/urna-metalica-roja-urnas-de-cremacion-para-cenizas-de-adulto-para-hombre-o-mujer\/\" \/>\n<meta property=\"og:site_name\" content=\"Remember Forever\" \/>\n<meta property=\"article:modified_time\" content=\"2026-02-19T12:53:56+00:00\" \/>\n<meta property=\"og:image\" content=\"http:\/\/www.rememberme-forever.com\/wp-content\/uploads\/2023\/04\/red-metal-urn.jpg\" \/>\n\t<meta property=\"og:image:width\" content=\"1007\" \/>\n\t<meta property=\"og:image:height\" content=\"1024\" \/>\n\t<meta property=\"og:image:type\" content=\"image\/jpeg\" \/>\n<meta name=\"twitter:card\" content=\"summary_large_image\" \/>\n<meta name=\"twitter:label1\" content=\"Tiempo de lectura\" \/>\n\t<meta name=\"twitter:data1\" content=\"2 minutos\" \/>\n<script type=\"application\/ld+json\" class=\"yoast-schema-graph\">{\"@context\":\"https:\\\/\\\/schema.org\",\"@graph\":[{\"@type\":\"WebPage\",\"@id\":\"https:\\\/\\\/www.rememberme-forever.com\\\/es\\\/producto\\\/urna-metalica-roja-urnas-de-cremacion-para-cenizas-de-adulto-para-hombre-o-mujer\\\/\",\"url\":\"https:\\\/\\\/www.rememberme-forever.com\\\/es\\\/producto\\\/urna-metalica-roja-urnas-de-cremacion-para-cenizas-de-adulto-para-hombre-o-mujer\\\/\",\"name\":\"Urna met\u00e1lica roja, urnas de cremaci\u00f3n para cenizas de adulto para hombre o mujer\",\"isPartOf\":{\"@id\":\"https:\\\/\\\/www.rememberme-forever.com\\\/es\\\/#website\"},\"primaryImageOfPage\":{\"@id\":\"https:\\\/\\\/www.rememberme-forever.com\\\/es\\\/producto\\\/urna-metalica-roja-urnas-de-cremacion-para-cenizas-de-adulto-para-hombre-o-mujer\\\/#primaryimage\"},\"image\":{\"@id\":\"https:\\\/\\\/www.rememberme-forever.com\\\/es\\\/producto\\\/urna-metalica-roja-urnas-de-cremacion-para-cenizas-de-adulto-para-hombre-o-mujer\\\/#primaryimage\"},\"thumbnailUrl\":\"https:\\\/\\\/www.rememberme-forever.com\\\/wp-content\\\/uploads\\\/2023\\\/04\\\/red-metal-urn.jpg\",\"datePublished\":\"2023-04-11T12:05:26+00:00\",\"dateModified\":\"2026-02-19T12:53:56+00:00\",\"description\":\"Esta urna met\u00e1lica roja es una forma impresionante y emotiva de honrar la memoria de su ser querido. Urna de cremaci\u00f3n ideal para hombres o mujeres adultos.\",\"breadcrumb\":{\"@id\":\"https:\\\/\\\/www.rememberme-forever.com\\\/es\\\/producto\\\/urna-metalica-roja-urnas-de-cremacion-para-cenizas-de-adulto-para-hombre-o-mujer\\\/#breadcrumb\"},\"inLanguage\":\"es\",\"potentialAction\":[{\"@type\":\"ReadAction\",\"target\":[\"https:\\\/\\\/www.rememberme-forever.com\\\/es\\\/producto\\\/urna-metalica-roja-urnas-de-cremacion-para-cenizas-de-adulto-para-hombre-o-mujer\\\/\"]}]},{\"@type\":\"ImageObject\",\"inLanguage\":\"es\",\"@id\":\"https:\\\/\\\/www.rememberme-forever.com\\\/es\\\/producto\\\/urna-metalica-roja-urnas-de-cremacion-para-cenizas-de-adulto-para-hombre-o-mujer\\\/#primaryimage\",\"url\":\"https:\\\/\\\/www.rememberme-forever.com\\\/wp-content\\\/uploads\\\/2023\\\/04\\\/red-metal-urn.jpg\",\"contentUrl\":\"https:\\\/\\\/www.rememberme-forever.com\\\/wp-content\\\/uploads\\\/2023\\\/04\\\/red-metal-urn.jpg\",\"width\":1007,\"height\":1024,\"caption\":\"urna met\u00e1lica roja\"},{\"@type\":\"BreadcrumbList\",\"@id\":\"https:\\\/\\\/www.rememberme-forever.com\\\/es\\\/producto\\\/urna-metalica-roja-urnas-de-cremacion-para-cenizas-de-adulto-para-hombre-o-mujer\\\/#breadcrumb\",\"itemListElement\":[{\"@type\":\"ListItem\",\"position\":1,\"name\":\"Home\",\"item\":\"https:\\\/\\\/www.rememberme-forever.com\\\/es\\\/inicio\\\/\"},{\"@type\":\"ListItem\",\"position\":2,\"name\":\"Comercio\",\"item\":\"https:\\\/\\\/www.rememberme-forever.com\\\/es\\\/shop\\\/\"},{\"@type\":\"ListItem\",\"position\":3,\"name\":\"Urna met\u00e1lica roja, urnas de cremaci\u00f3n para cenizas de adulto para hombre o mujer\"}]},{\"@type\":\"WebSite\",\"@id\":\"https:\\\/\\\/www.rememberme-forever.com\\\/es\\\/#website\",\"url\":\"https:\\\/\\\/www.rememberme-forever.com\\\/es\\\/\",\"name\":\"Remember Forever\",\"description\":\"Cremation urns, funeral urns, urns for ashes\",\"publisher\":{\"@id\":\"https:\\\/\\\/www.rememberme-forever.com\\\/es\\\/#organization\"},\"potentialAction\":[{\"@type\":\"SearchAction\",\"target\":{\"@type\":\"EntryPoint\",\"urlTemplate\":\"https:\\\/\\\/www.rememberme-forever.com\\\/es\\\/?s={search_term_string}\"},\"query-input\":{\"@type\":\"PropertyValueSpecification\",\"valueRequired\":true,\"valueName\":\"search_term_string\"}}],\"inLanguage\":\"es\"},{\"@type\":\"Organization\",\"@id\":\"https:\\\/\\\/www.rememberme-forever.com\\\/es\\\/#organization\",\"name\":\"Remember Forever\",\"url\":\"https:\\\/\\\/www.rememberme-forever.com\\\/es\\\/\",\"logo\":{\"@type\":\"ImageObject\",\"inLanguage\":\"es\",\"@id\":\"https:\\\/\\\/www.rememberme-forever.com\\\/es\\\/#\\\/schema\\\/logo\\\/image\\\/\",\"url\":\"https:\\\/\\\/www.rememberme-forever.com\\\/wp-content\\\/uploads\\\/2023\\\/02\\\/logo.png\",\"contentUrl\":\"https:\\\/\\\/www.rememberme-forever.com\\\/wp-content\\\/uploads\\\/2023\\\/02\\\/logo.png\",\"width\":300,\"height\":56,\"caption\":\"Remember Forever\"},\"image\":{\"@id\":\"https:\\\/\\\/www.rememberme-forever.com\\\/es\\\/#\\\/schema\\\/logo\\\/image\\\/\"}}]}<\/script>\n<!-- \/ Yoast SEO plugin. -->","yoast_head_json":{"title":"Urna met\u00e1lica roja, urnas de cremaci\u00f3n para cenizas de adulto para hombre o mujer","description":"Esta urna met\u00e1lica roja es una forma impresionante y emotiva de honrar la memoria de su ser querido. Urna de cremaci\u00f3n ideal para hombres o mujeres adultos.","robots":{"index":"index","follow":"follow","max-snippet":"max-snippet:-1","max-image-preview":"max-image-preview:large","max-video-preview":"max-video-preview:-1"},"canonical":"https:\/\/www.rememberme-forever.com\/es\/producto\/urna-metalica-roja-urnas-de-cremacion-para-cenizas-de-adulto-para-hombre-o-mujer\/","og_locale":"es_ES","og_type":"article","og_title":"Urna met\u00e1lica roja, urnas de cremaci\u00f3n para cenizas de adulto para hombre o mujer","og_description":"Esta urna met\u00e1lica roja es una forma impresionante y emotiva de honrar la memoria de su ser querido. Urna de cremaci\u00f3n ideal para hombres o mujeres adultos.","og_url":"https:\/\/www.rememberme-forever.com\/es\/producto\/urna-metalica-roja-urnas-de-cremacion-para-cenizas-de-adulto-para-hombre-o-mujer\/","og_site_name":"Remember Forever","article_modified_time":"2026-02-19T12:53:56+00:00","og_image":[{"width":1007,"height":1024,"url":"http:\/\/www.rememberme-forever.com\/wp-content\/uploads\/2023\/04\/red-metal-urn.jpg","type":"image\/jpeg"}],"twitter_card":"summary_large_image","twitter_misc":{"Tiempo de lectura":"2 minutos"},"schema":{"@context":"https:\/\/schema.org","@graph":[{"@type":"WebPage","@id":"https:\/\/www.rememberme-forever.com\/es\/producto\/urna-metalica-roja-urnas-de-cremacion-para-cenizas-de-adulto-para-hombre-o-mujer\/","url":"https:\/\/www.rememberme-forever.com\/es\/producto\/urna-metalica-roja-urnas-de-cremacion-para-cenizas-de-adulto-para-hombre-o-mujer\/","name":"Urna met\u00e1lica roja, urnas de cremaci\u00f3n para cenizas de adulto para hombre o mujer","isPartOf":{"@id":"https:\/\/www.rememberme-forever.com\/es\/#website"},"primaryImageOfPage":{"@id":"https:\/\/www.rememberme-forever.com\/es\/producto\/urna-metalica-roja-urnas-de-cremacion-para-cenizas-de-adulto-para-hombre-o-mujer\/#primaryimage"},"image":{"@id":"https:\/\/www.rememberme-forever.com\/es\/producto\/urna-metalica-roja-urnas-de-cremacion-para-cenizas-de-adulto-para-hombre-o-mujer\/#primaryimage"},"thumbnailUrl":"https:\/\/www.rememberme-forever.com\/wp-content\/uploads\/2023\/04\/red-metal-urn.jpg","datePublished":"2023-04-11T12:05:26+00:00","dateModified":"2026-02-19T12:53:56+00:00","description":"Esta urna met\u00e1lica roja es una forma impresionante y emotiva de honrar la memoria de su ser querido. Urna de cremaci\u00f3n ideal para hombres o mujeres adultos.","breadcrumb":{"@id":"https:\/\/www.rememberme-forever.com\/es\/producto\/urna-metalica-roja-urnas-de-cremacion-para-cenizas-de-adulto-para-hombre-o-mujer\/#breadcrumb"},"inLanguage":"es","potentialAction":[{"@type":"ReadAction","target":["https:\/\/www.rememberme-forever.com\/es\/producto\/urna-metalica-roja-urnas-de-cremacion-para-cenizas-de-adulto-para-hombre-o-mujer\/"]}]},{"@type":"ImageObject","inLanguage":"es","@id":"https:\/\/www.rememberme-forever.com\/es\/producto\/urna-metalica-roja-urnas-de-cremacion-para-cenizas-de-adulto-para-hombre-o-mujer\/#primaryimage","url":"https:\/\/www.rememberme-forever.com\/wp-content\/uploads\/2023\/04\/red-metal-urn.jpg","contentUrl":"https:\/\/www.rememberme-forever.com\/wp-content\/uploads\/2023\/04\/red-metal-urn.jpg","width":1007,"height":1024,"caption":"urna met\u00e1lica roja"},{"@type":"BreadcrumbList","@id":"https:\/\/www.rememberme-forever.com\/es\/producto\/urna-metalica-roja-urnas-de-cremacion-para-cenizas-de-adulto-para-hombre-o-mujer\/#breadcrumb","itemListElement":[{"@type":"ListItem","position":1,"name":"Home","item":"https:\/\/www.rememberme-forever.com\/es\/inicio\/"},{"@type":"ListItem","position":2,"name":"Comercio","item":"https:\/\/www.rememberme-forever.com\/es\/shop\/"},{"@type":"ListItem","position":3,"name":"Urna met\u00e1lica roja, urnas de cremaci\u00f3n para cenizas de adulto para hombre o mujer"}]},{"@type":"WebSite","@id":"https:\/\/www.rememberme-forever.com\/es\/#website","url":"https:\/\/www.rememberme-forever.com\/es\/","name":"Remember Forever","description":"Cremation urns, funeral urns, urns for ashes","publisher":{"@id":"https:\/\/www.rememberme-forever.com\/es\/#organization"},"potentialAction":[{"@type":"SearchAction","target":{"@type":"EntryPoint","urlTemplate":"https:\/\/www.rememberme-forever.com\/es\/?s={search_term_string}"},"query-input":{"@type":"PropertyValueSpecification","valueRequired":true,"valueName":"search_term_string"}}],"inLanguage":"es"},{"@type":"Organization","@id":"https:\/\/www.rememberme-forever.com\/es\/#organization","name":"Remember Forever","url":"https:\/\/www.rememberme-forever.com\/es\/","logo":{"@type":"ImageObject","inLanguage":"es","@id":"https:\/\/www.rememberme-forever.com\/es\/#\/schema\/logo\/image\/","url":"https:\/\/www.rememberme-forever.com\/wp-content\/uploads\/2023\/02\/logo.png","contentUrl":"https:\/\/www.rememberme-forever.com\/wp-content\/uploads\/2023\/02\/logo.png","width":300,"height":56,"caption":"Remember Forever"},"image":{"@id":"https:\/\/www.rememberme-forever.com\/es\/#\/schema\/logo\/image\/"}}]}},"acf":[],"_links":{"self":[{"href":"https:\/\/www.rememberme-forever.com\/es\/wp-json\/wp\/v2\/product\/25393","targetHints":{"allow":["GET"]}}],"collection":[{"href":"https:\/\/www.rememberme-forever.com\/es\/wp-json\/wp\/v2\/product"}],"about":[{"href":"https:\/\/www.rememberme-forever.com\/es\/wp-json\/wp\/v2\/types\/product"}],"wp:featuredmedia":[{"embeddable":true,"href":"https:\/\/www.rememberme-forever.com\/es\/wp-json\/wp\/v2\/media\/25389"}],"wp:attachment":[{"href":"https:\/\/www.rememberme-forever.com\/es\/wp-json\/wp\/v2\/media?parent=25393"}],"wp:term":[{"taxonomy":"product_brand","embeddable":true,"href":"https:\/\/www.rememberme-forever.com\/es\/wp-json\/wp\/v2\/product_brand?post=25393"},{"taxonomy":"product_cat","embeddable":true,"href":"https:\/\/www.rememberme-forever.com\/es\/wp-json\/wp\/v2\/product_cat?post=25393"},{"taxonomy":"product_tag","embeddable":true,"href":"https:\/\/www.rememberme-forever.com\/es\/wp-json\/wp\/v2\/product_tag?post=25393"}],"curies":[{"name":"wp","href":"https:\/\/api.w.org\/{rel}","templated":true}]}}