{"id":25500,"date":"2023-04-12T10:08:01","date_gmt":"2023-04-12T08:08:01","guid":{"rendered":"https:\/\/www.rememberme-forever.com\/product\/urnas-esfericas-de-acero-inoxidable-3-tamanos-base-de-madera\/"},"modified":"2026-02-19T14:40:48","modified_gmt":"2026-02-19T13:40:48","slug":"urnas-esfericas-de-acero-inoxidable-3-tamanos-base-de-madera","status":"publish","type":"product","link":"https:\/\/www.rememberme-forever.com\/es\/producto\/urnas-esfericas-de-acero-inoxidable-3-tamanos-base-de-madera\/","title":{"rendered":"Urnas esf\u00e9ricas de acero inoxidable, 3 tama\u00f1os, base de madera"},"content":{"rendered":"<h2 style=\"text-align: center;\">Urnas esf\u00e9ricas de acero inoxidable, 3 tama\u00f1os<\/h2>\n<p style=\"text-align: center;\">\u25ba DETALLES DEL PRODUCTO \u25c4<\/p>\n<p style=\"text-align: center;\"><strong>\u2705 Detalles del producto Urna de 25cm (XL)<\/strong><br \/>\n\u2022 Tama\u00f1o: 25cm (An.) x 27cm (Al.)<br \/>\n\u2022 Tama\u00f1o 9.8&#8243;(An.) x 10.6&#8243;(Al.)<br \/>\n\u2022 Capacidad: 7.5 L ( 457 pulgadas c\u00fabicas )<br \/>\n<strong>\u2022 Esta urna de acero inoxidable podr\u00eda utilizarse tambi\u00e9n para las cenizas de un adulto o de dos personas.<\/strong><\/p>\n<p style=\"text-align: center;\"><strong>\u2705 Detalles del producto Urna de 20cm (L)<\/strong><br \/>\n\u2022 Tama\u00f1o: 20cm (An.) x 22cm (Al.)<br \/>\n\u2022 Tama\u00f1o 7.8&#8243;(An.) x 8.6&#8243;(Al.)<br \/>\n\u2022 Capacidad: 3.7 L ( 225 pulgadas c\u00fabicas )<br \/>\n<strong>\u2022 Apta para cenizas de una persona de hasta aprox. 102 kg o 225 lb <\/strong><\/p>\n<p style=\"text-align: center;\"><strong>\u2705 Detalles del producto Urna de 18 cm (M)<\/strong><br \/>\n\u2022 Tama\u00f1o: 18cm (An.) x 19.5cm (Al.)<br \/>\n\u2022 Tama\u00f1o 7&#8243;(An.) x 7.6&#8243;(Al.)<br \/>\n\u2022 Capacidad: 2.5 L ( 152 pulgadas c\u00fabicas )<br \/>\n<strong>\u2022 Apto para cenizas de hasta aprox. 68 kg o 152 lb <\/strong><\/p>\n<p style=\"text-align: center;\">\u25ba DESCRIPCI\u00d3N \u25c4<\/p>\n<p style=\"text-align: center;\">Si busca una urna funeraria resistente a cualquier condici\u00f3n, duradera y robusta, entonces sin duda le gustar\u00e1 esta urna en particular. Fabricada en acero inoxidable pulido de alta calidad, esta urna puede montarse sobre una base de madera o de m\u00e1rmol, seg\u00fan sus preferencias. Todos estos materiales son robustos, por lo que puede estar seguro de que esta urna durar\u00e1 a\u00f1os, incluso si se mantiene en el exterior, como en un jard\u00edn. (Solo con base de m\u00e1rmol)<\/p>\n<p><img loading=\"lazy\" decoding=\"async\" class=\" wp-image-1649 aligncenter\" src=\"http:\/\/www.rememberme-forever.com\/wp-content\/uploads\/2023\/04\/steel-sphere-urn-bottom-300x300.jpg\" alt=\"parte inferior de la urna esf\u00e9rica de acero\" width=\"208\" height=\"208\" srcset=\"https:\/\/www.rememberme-forever.com\/wp-content\/uploads\/2023\/04\/steel-sphere-urn-bottom-300x300.jpg 300w, https:\/\/www.rememberme-forever.com\/wp-content\/uploads\/2023\/04\/steel-sphere-urn-bottom-1024x1024.jpg 1024w, https:\/\/www.rememberme-forever.com\/wp-content\/uploads\/2023\/04\/steel-sphere-urn-bottom-150x150.jpg 150w, https:\/\/www.rememberme-forever.com\/wp-content\/uploads\/2023\/04\/steel-sphere-urn-bottom-768x768.jpg 768w, https:\/\/www.rememberme-forever.com\/wp-content\/uploads\/2023\/04\/steel-sphere-urn-bottom-1536x1536.jpg 1536w, https:\/\/www.rememberme-forever.com\/wp-content\/uploads\/2023\/04\/steel-sphere-urn-bottom-600x600.jpg 600w, https:\/\/www.rememberme-forever.com\/wp-content\/uploads\/2023\/04\/steel-sphere-urn-bottom-100x100.jpg 100w, https:\/\/www.rememberme-forever.com\/wp-content\/uploads\/2023\/04\/steel-sphere-urn-bottom-64x64.jpg 64w, https:\/\/www.rememberme-forever.com\/wp-content\/uploads\/2023\/04\/steel-sphere-urn-bottom.jpg 1600w\" sizes=\"auto, (max-width: 208px) 100vw, 208px\" \/><\/p>\n<p style=\"text-align: center;\">La urna se abre de forma discreta, ya que la abertura se encuentra en la parte inferior de la base. Esta se asegura con tornillos. Hecha a mano y acabada con los m\u00e1s altos est\u00e1ndares, esta es una de las urnas funerarias de mayor calidad y durabilidad de nuestra extensa colecci\u00f3n.<\/p>\n<p style=\"text-align: center;\">Un maravilloso y \u00faltimo lugar de descanso en paz para un ser querido. Cada una de nuestras urnas funerarias es \u00fanica y est\u00e1 hecha por un verdadero artista. Esto le dar\u00e1 a su ser querido una urna funeraria verdaderamente \u00fanica, hecha especialmente para \u00e9l.<br \/>\nAdecuada para exhibir en cualquier hogar o entorno.<\/p>\n<p style=\"text-align: center;\">Ejemplo sencillo: Una persona cremada de 100 libras producir\u00e1 casi 100 pulgadas c\u00fabicas de cenizas. Por lo tanto, si 1 libra = 1 pulgada c\u00fabica, entonces esta persona necesitar\u00eda una urna de aproximadamente 80-100 pulgadas c\u00fabicas.<\/p>\n<p style=\"text-align: center;\">1 litro = 61 pulgadas c\u00fabicas<\/p>\n<p style=\"text-align: center;\">La esfera es una superficie lisa.<\/p>\n<p>&nbsp;<\/p>\n<h3 style=\"text-align: center;\"><strong>PERSONALIZACI\u00d3N<\/strong><\/h3>\n<p style=\"text-align: center;\">Si elige una placa personalizada, incluya el texto en el marco de personalizaci\u00f3n del producto.<\/p>\n<p style=\"text-align: center;\">La placa conmemorativa personalizada debe personalizarse al realizar el pedido. (No se preocupe si no la incluye, siempre puede enviarnos un mensaje despu\u00e9s).<\/p>\n<p style=\"text-align: center;\">Revise atentamente el texto del grabado antes de a\u00f1adir el art\u00edculo al carrito. Copiamos y grabamos la informaci\u00f3n exacta que recibimos con el pedido y no realizamos ning\u00fan cambio.<\/p>\n<p style=\"text-align: center;\"><strong>Revise el texto para asegurarse de que la ortograf\u00eda sea correcta.<\/strong><\/p>\n<p>&nbsp;<\/p>\n<p><img loading=\"lazy\" decoding=\"async\" class=\"wp-image-1635 aligncenter\" src=\"http:\/\/www.rememberme-forever.com\/wp-content\/uploads\/2023\/04\/gold-memorial-plaque-cremation-urn-300x300.jpg\" alt=\"urna funeraria con placa conmemorativa dorada\" width=\"210\" height=\"210\" srcset=\"https:\/\/www.rememberme-forever.com\/wp-content\/uploads\/2023\/04\/gold-memorial-plaque-cremation-urn-300x300.jpg 300w, https:\/\/www.rememberme-forever.com\/wp-content\/uploads\/2023\/04\/gold-memorial-plaque-cremation-urn-1024x1024.jpg 1024w, https:\/\/www.rememberme-forever.com\/wp-content\/uploads\/2023\/04\/gold-memorial-plaque-cremation-urn-150x150.jpg 150w, https:\/\/www.rememberme-forever.com\/wp-content\/uploads\/2023\/04\/gold-memorial-plaque-cremation-urn-768x768.jpg 768w, https:\/\/www.rememberme-forever.com\/wp-content\/uploads\/2023\/04\/gold-memorial-plaque-cremation-urn-1536x1536.jpg 1536w, https:\/\/www.rememberme-forever.com\/wp-content\/uploads\/2023\/04\/gold-memorial-plaque-cremation-urn-600x600.jpg 600w, https:\/\/www.rememberme-forever.com\/wp-content\/uploads\/2023\/04\/gold-memorial-plaque-cremation-urn-100x100.jpg 100w, https:\/\/www.rememberme-forever.com\/wp-content\/uploads\/2023\/04\/gold-memorial-plaque-cremation-urn-64x64.jpg 64w, https:\/\/www.rememberme-forever.com\/wp-content\/uploads\/2023\/04\/gold-memorial-plaque-cremation-urn.jpg 1557w\" sizes=\"auto, (max-width: 210px) 100vw, 210px\" \/><\/p>\n","protected":false},"excerpt":{"rendered":"<p><em><strong>Urna funeraria premium de acero inoxidable \u00fanica para cenizas.<\/strong><\/em><\/p>\n<p>\u2705 Esta urna no es apta para exteriores. Descubra nuestras <a href=\"https:\/\/www.rememberme-forever.com\/es\/categoria-producto\/urnas-para-exteriores\/\" target=\"_blank\" rel=\"noopener\"><strong>urnas para exteriores. &gt;&gt;<\/strong><\/a><\/p>\n","protected":false},"featured_media":25495,"template":"","meta":{"_acf_changed":false},"product_brand":[],"product_cat":[2451],"product_tag":[3341],"class_list":{"0":"post-25500","1":"product","2":"type-product","3":"status-publish","4":"has-post-thumbnail","6":"product_cat-urnas-de-metal","7":"product_tag-gpsr-metal_ss_abs_base","8":"product_shipping_class-2-4kg-es","10":"first","11":"instock","12":"taxable","13":"shipping-taxable","14":"purchasable","15":"product-type-variable"},"yoast_head":"<!-- This site is optimized with the Yoast SEO plugin v27.4 - https:\/\/yoast.com\/product\/yoast-seo-wordpress\/ -->\n<title>Urnas esf\u00e9ricas de acero inoxidable, 3 tama\u00f1os, base de madera<\/title>\n<meta name=\"description\" content=\"Si busca unas urnas funerarias resistentes a cualquier condici\u00f3n, duraderas y robustas, entonces sin duda le gustar\u00e1n estas urnas en particular.\" \/>\n<meta name=\"robots\" content=\"index, follow, max-snippet:-1, max-image-preview:large, max-video-preview:-1\" \/>\n<link rel=\"canonical\" href=\"https:\/\/www.rememberme-forever.com\/es\/producto\/urnas-esfericas-de-acero-inoxidable-3-tamanos-base-de-madera\/\" \/>\n<meta property=\"og:locale\" content=\"es_ES\" \/>\n<meta property=\"og:type\" content=\"article\" \/>\n<meta property=\"og:title\" content=\"Urnas esf\u00e9ricas de acero inoxidable, 3 tama\u00f1os, base de madera\" \/>\n<meta property=\"og:description\" content=\"Si busca unas urnas funerarias resistentes a cualquier condici\u00f3n, duraderas y robustas, entonces sin duda le gustar\u00e1n estas urnas en particular.\" \/>\n<meta property=\"og:url\" content=\"https:\/\/www.rememberme-forever.com\/es\/producto\/urnas-esfericas-de-acero-inoxidable-3-tamanos-base-de-madera\/\" \/>\n<meta property=\"og:site_name\" content=\"Remember Forever\" \/>\n<meta property=\"article:modified_time\" content=\"2026-02-19T13:40:48+00:00\" \/>\n<meta property=\"og:image\" content=\"http:\/\/www.rememberme-forever.com\/wp-content\/uploads\/2023\/04\/Stainless-steel-sphere-urns-3-sizes.jpg\" \/>\n\t<meta property=\"og:image:width\" content=\"1007\" \/>\n\t<meta property=\"og:image:height\" content=\"1024\" \/>\n\t<meta property=\"og:image:type\" content=\"image\/jpeg\" \/>\n<meta name=\"twitter:card\" content=\"summary_large_image\" \/>\n<meta name=\"twitter:label1\" content=\"Tiempo de lectura\" \/>\n\t<meta name=\"twitter:data1\" content=\"3 minutos\" \/>\n<script type=\"application\/ld+json\" class=\"yoast-schema-graph\">{\"@context\":\"https:\\\/\\\/schema.org\",\"@graph\":[{\"@type\":\"WebPage\",\"@id\":\"https:\\\/\\\/www.rememberme-forever.com\\\/es\\\/producto\\\/urnas-esfericas-de-acero-inoxidable-3-tamanos-base-de-madera\\\/\",\"url\":\"https:\\\/\\\/www.rememberme-forever.com\\\/es\\\/producto\\\/urnas-esfericas-de-acero-inoxidable-3-tamanos-base-de-madera\\\/\",\"name\":\"Urnas esf\u00e9ricas de acero inoxidable, 3 tama\u00f1os, base de madera\",\"isPartOf\":{\"@id\":\"https:\\\/\\\/www.rememberme-forever.com\\\/es\\\/#website\"},\"primaryImageOfPage\":{\"@id\":\"https:\\\/\\\/www.rememberme-forever.com\\\/es\\\/producto\\\/urnas-esfericas-de-acero-inoxidable-3-tamanos-base-de-madera\\\/#primaryimage\"},\"image\":{\"@id\":\"https:\\\/\\\/www.rememberme-forever.com\\\/es\\\/producto\\\/urnas-esfericas-de-acero-inoxidable-3-tamanos-base-de-madera\\\/#primaryimage\"},\"thumbnailUrl\":\"https:\\\/\\\/www.rememberme-forever.com\\\/wp-content\\\/uploads\\\/2023\\\/04\\\/Stainless-steel-sphere-urns-3-sizes.jpg\",\"datePublished\":\"2023-04-12T08:08:01+00:00\",\"dateModified\":\"2026-02-19T13:40:48+00:00\",\"description\":\"Si busca unas urnas funerarias resistentes a cualquier condici\u00f3n, duraderas y robustas, entonces sin duda le gustar\u00e1n estas urnas en particular.\",\"breadcrumb\":{\"@id\":\"https:\\\/\\\/www.rememberme-forever.com\\\/es\\\/producto\\\/urnas-esfericas-de-acero-inoxidable-3-tamanos-base-de-madera\\\/#breadcrumb\"},\"inLanguage\":\"es\",\"potentialAction\":[{\"@type\":\"ReadAction\",\"target\":[\"https:\\\/\\\/www.rememberme-forever.com\\\/es\\\/producto\\\/urnas-esfericas-de-acero-inoxidable-3-tamanos-base-de-madera\\\/\"]}]},{\"@type\":\"ImageObject\",\"inLanguage\":\"es\",\"@id\":\"https:\\\/\\\/www.rememberme-forever.com\\\/es\\\/producto\\\/urnas-esfericas-de-acero-inoxidable-3-tamanos-base-de-madera\\\/#primaryimage\",\"url\":\"https:\\\/\\\/www.rememberme-forever.com\\\/wp-content\\\/uploads\\\/2023\\\/04\\\/Stainless-steel-sphere-urns-3-sizes.jpg\",\"contentUrl\":\"https:\\\/\\\/www.rememberme-forever.com\\\/wp-content\\\/uploads\\\/2023\\\/04\\\/Stainless-steel-sphere-urns-3-sizes.jpg\",\"width\":1007,\"height\":1024,\"caption\":\"Urnas esf\u00e9ricas de acero inoxidable, 3 tama\u00f1os\"},{\"@type\":\"BreadcrumbList\",\"@id\":\"https:\\\/\\\/www.rememberme-forever.com\\\/es\\\/producto\\\/urnas-esfericas-de-acero-inoxidable-3-tamanos-base-de-madera\\\/#breadcrumb\",\"itemListElement\":[{\"@type\":\"ListItem\",\"position\":1,\"name\":\"Home\",\"item\":\"https:\\\/\\\/www.rememberme-forever.com\\\/es\\\/inicio\\\/\"},{\"@type\":\"ListItem\",\"position\":2,\"name\":\"Comercio\",\"item\":\"https:\\\/\\\/www.rememberme-forever.com\\\/es\\\/shop\\\/\"},{\"@type\":\"ListItem\",\"position\":3,\"name\":\"Urnas esf\u00e9ricas de acero inoxidable, 3 tama\u00f1os, base de madera\"}]},{\"@type\":\"WebSite\",\"@id\":\"https:\\\/\\\/www.rememberme-forever.com\\\/es\\\/#website\",\"url\":\"https:\\\/\\\/www.rememberme-forever.com\\\/es\\\/\",\"name\":\"Remember Forever\",\"description\":\"Cremation urns, funeral urns, urns for ashes\",\"publisher\":{\"@id\":\"https:\\\/\\\/www.rememberme-forever.com\\\/es\\\/#organization\"},\"potentialAction\":[{\"@type\":\"SearchAction\",\"target\":{\"@type\":\"EntryPoint\",\"urlTemplate\":\"https:\\\/\\\/www.rememberme-forever.com\\\/es\\\/?s={search_term_string}\"},\"query-input\":{\"@type\":\"PropertyValueSpecification\",\"valueRequired\":true,\"valueName\":\"search_term_string\"}}],\"inLanguage\":\"es\"},{\"@type\":\"Organization\",\"@id\":\"https:\\\/\\\/www.rememberme-forever.com\\\/es\\\/#organization\",\"name\":\"Remember Forever\",\"url\":\"https:\\\/\\\/www.rememberme-forever.com\\\/es\\\/\",\"logo\":{\"@type\":\"ImageObject\",\"inLanguage\":\"es\",\"@id\":\"https:\\\/\\\/www.rememberme-forever.com\\\/es\\\/#\\\/schema\\\/logo\\\/image\\\/\",\"url\":\"https:\\\/\\\/www.rememberme-forever.com\\\/wp-content\\\/uploads\\\/2023\\\/02\\\/logo.png\",\"contentUrl\":\"https:\\\/\\\/www.rememberme-forever.com\\\/wp-content\\\/uploads\\\/2023\\\/02\\\/logo.png\",\"width\":300,\"height\":56,\"caption\":\"Remember Forever\"},\"image\":{\"@id\":\"https:\\\/\\\/www.rememberme-forever.com\\\/es\\\/#\\\/schema\\\/logo\\\/image\\\/\"}}]}<\/script>\n<!-- \/ Yoast SEO plugin. -->","yoast_head_json":{"title":"Urnas esf\u00e9ricas de acero inoxidable, 3 tama\u00f1os, base de madera","description":"Si busca unas urnas funerarias resistentes a cualquier condici\u00f3n, duraderas y robustas, entonces sin duda le gustar\u00e1n estas urnas en particular.","robots":{"index":"index","follow":"follow","max-snippet":"max-snippet:-1","max-image-preview":"max-image-preview:large","max-video-preview":"max-video-preview:-1"},"canonical":"https:\/\/www.rememberme-forever.com\/es\/producto\/urnas-esfericas-de-acero-inoxidable-3-tamanos-base-de-madera\/","og_locale":"es_ES","og_type":"article","og_title":"Urnas esf\u00e9ricas de acero inoxidable, 3 tama\u00f1os, base de madera","og_description":"Si busca unas urnas funerarias resistentes a cualquier condici\u00f3n, duraderas y robustas, entonces sin duda le gustar\u00e1n estas urnas en particular.","og_url":"https:\/\/www.rememberme-forever.com\/es\/producto\/urnas-esfericas-de-acero-inoxidable-3-tamanos-base-de-madera\/","og_site_name":"Remember Forever","article_modified_time":"2026-02-19T13:40:48+00:00","og_image":[{"width":1007,"height":1024,"url":"http:\/\/www.rememberme-forever.com\/wp-content\/uploads\/2023\/04\/Stainless-steel-sphere-urns-3-sizes.jpg","type":"image\/jpeg"}],"twitter_card":"summary_large_image","twitter_misc":{"Tiempo de lectura":"3 minutos"},"schema":{"@context":"https:\/\/schema.org","@graph":[{"@type":"WebPage","@id":"https:\/\/www.rememberme-forever.com\/es\/producto\/urnas-esfericas-de-acero-inoxidable-3-tamanos-base-de-madera\/","url":"https:\/\/www.rememberme-forever.com\/es\/producto\/urnas-esfericas-de-acero-inoxidable-3-tamanos-base-de-madera\/","name":"Urnas esf\u00e9ricas de acero inoxidable, 3 tama\u00f1os, base de madera","isPartOf":{"@id":"https:\/\/www.rememberme-forever.com\/es\/#website"},"primaryImageOfPage":{"@id":"https:\/\/www.rememberme-forever.com\/es\/producto\/urnas-esfericas-de-acero-inoxidable-3-tamanos-base-de-madera\/#primaryimage"},"image":{"@id":"https:\/\/www.rememberme-forever.com\/es\/producto\/urnas-esfericas-de-acero-inoxidable-3-tamanos-base-de-madera\/#primaryimage"},"thumbnailUrl":"https:\/\/www.rememberme-forever.com\/wp-content\/uploads\/2023\/04\/Stainless-steel-sphere-urns-3-sizes.jpg","datePublished":"2023-04-12T08:08:01+00:00","dateModified":"2026-02-19T13:40:48+00:00","description":"Si busca unas urnas funerarias resistentes a cualquier condici\u00f3n, duraderas y robustas, entonces sin duda le gustar\u00e1n estas urnas en particular.","breadcrumb":{"@id":"https:\/\/www.rememberme-forever.com\/es\/producto\/urnas-esfericas-de-acero-inoxidable-3-tamanos-base-de-madera\/#breadcrumb"},"inLanguage":"es","potentialAction":[{"@type":"ReadAction","target":["https:\/\/www.rememberme-forever.com\/es\/producto\/urnas-esfericas-de-acero-inoxidable-3-tamanos-base-de-madera\/"]}]},{"@type":"ImageObject","inLanguage":"es","@id":"https:\/\/www.rememberme-forever.com\/es\/producto\/urnas-esfericas-de-acero-inoxidable-3-tamanos-base-de-madera\/#primaryimage","url":"https:\/\/www.rememberme-forever.com\/wp-content\/uploads\/2023\/04\/Stainless-steel-sphere-urns-3-sizes.jpg","contentUrl":"https:\/\/www.rememberme-forever.com\/wp-content\/uploads\/2023\/04\/Stainless-steel-sphere-urns-3-sizes.jpg","width":1007,"height":1024,"caption":"Urnas esf\u00e9ricas de acero inoxidable, 3 tama\u00f1os"},{"@type":"BreadcrumbList","@id":"https:\/\/www.rememberme-forever.com\/es\/producto\/urnas-esfericas-de-acero-inoxidable-3-tamanos-base-de-madera\/#breadcrumb","itemListElement":[{"@type":"ListItem","position":1,"name":"Home","item":"https:\/\/www.rememberme-forever.com\/es\/inicio\/"},{"@type":"ListItem","position":2,"name":"Comercio","item":"https:\/\/www.rememberme-forever.com\/es\/shop\/"},{"@type":"ListItem","position":3,"name":"Urnas esf\u00e9ricas de acero inoxidable, 3 tama\u00f1os, base de madera"}]},{"@type":"WebSite","@id":"https:\/\/www.rememberme-forever.com\/es\/#website","url":"https:\/\/www.rememberme-forever.com\/es\/","name":"Remember Forever","description":"Cremation urns, funeral urns, urns for ashes","publisher":{"@id":"https:\/\/www.rememberme-forever.com\/es\/#organization"},"potentialAction":[{"@type":"SearchAction","target":{"@type":"EntryPoint","urlTemplate":"https:\/\/www.rememberme-forever.com\/es\/?s={search_term_string}"},"query-input":{"@type":"PropertyValueSpecification","valueRequired":true,"valueName":"search_term_string"}}],"inLanguage":"es"},{"@type":"Organization","@id":"https:\/\/www.rememberme-forever.com\/es\/#organization","name":"Remember Forever","url":"https:\/\/www.rememberme-forever.com\/es\/","logo":{"@type":"ImageObject","inLanguage":"es","@id":"https:\/\/www.rememberme-forever.com\/es\/#\/schema\/logo\/image\/","url":"https:\/\/www.rememberme-forever.com\/wp-content\/uploads\/2023\/02\/logo.png","contentUrl":"https:\/\/www.rememberme-forever.com\/wp-content\/uploads\/2023\/02\/logo.png","width":300,"height":56,"caption":"Remember Forever"},"image":{"@id":"https:\/\/www.rememberme-forever.com\/es\/#\/schema\/logo\/image\/"}}]}},"acf":[],"_links":{"self":[{"href":"https:\/\/www.rememberme-forever.com\/es\/wp-json\/wp\/v2\/product\/25500","targetHints":{"allow":["GET"]}}],"collection":[{"href":"https:\/\/www.rememberme-forever.com\/es\/wp-json\/wp\/v2\/product"}],"about":[{"href":"https:\/\/www.rememberme-forever.com\/es\/wp-json\/wp\/v2\/types\/product"}],"wp:featuredmedia":[{"embeddable":true,"href":"https:\/\/www.rememberme-forever.com\/es\/wp-json\/wp\/v2\/media\/25495"}],"wp:attachment":[{"href":"https:\/\/www.rememberme-forever.com\/es\/wp-json\/wp\/v2\/media?parent=25500"}],"wp:term":[{"taxonomy":"product_brand","embeddable":true,"href":"https:\/\/www.rememberme-forever.com\/es\/wp-json\/wp\/v2\/product_brand?post=25500"},{"taxonomy":"product_cat","embeddable":true,"href":"https:\/\/www.rememberme-forever.com\/es\/wp-json\/wp\/v2\/product_cat?post=25500"},{"taxonomy":"product_tag","embeddable":true,"href":"https:\/\/www.rememberme-forever.com\/es\/wp-json\/wp\/v2\/product_tag?post=25500"}],"curies":[{"name":"wp","href":"https:\/\/api.w.org\/{rel}","templated":true}]}}