{"id":25575,"date":"2023-04-12T13:24:24","date_gmt":"2023-04-12T11:24:24","guid":{"rendered":"https:\/\/www.rememberme-forever.com\/product\/urna-infantil-de-acero-inoxidable-para-cenizas\/"},"modified":"2026-02-19T15:43:40","modified_gmt":"2026-02-19T14:43:40","slug":"urna-infantil-de-acero-inoxidable-para-cenizas","status":"publish","type":"product","link":"https:\/\/www.rememberme-forever.com\/es\/producto\/urna-infantil-de-acero-inoxidable-para-cenizas\/","title":{"rendered":"Urna infantil de acero inoxidable para cenizas"},"content":{"rendered":"<h2 style=\"text-align: center;\">Urna infantil de acero inoxidable para cenizas<\/h2>\n<p style=\"text-align: center;\">Presentamos nuestra <strong>urna infantil de acero inoxidable<\/strong> para cenizas, dise\u00f1ada para ofrecer un homenaje hermoso y duradero a su peque\u00f1o. Fabricada en acero inoxidable de alta calidad, esta peque\u00f1a esfera es el lugar perfecto para guardar una parte de las cenizas de su beb\u00e9. La esfera se asienta de forma segura sobre una resistente base de ABS, lo que garantiza que permanecer\u00e1 en su sitio y estar\u00e1 protegida frente a da\u00f1os.<\/p>\n<p style=\"text-align: center;\">El dise\u00f1o estilizado y moderno de esta urna es atemporal y elegante, por lo que resulta un complemento ideal para cualquier hogar o habitaci\u00f3n infantil. Con solo unos pocos pulgadas de di\u00e1metro, es lo bastante peque\u00f1a como para colocarla en una estanter\u00eda, c\u00f3moda o mesita de noche, y lo bastante grande como para contener una cantidad significativa de cenizas.<\/p>\n<p style=\"text-align: center;\">La construcci\u00f3n en acero inoxidable de esta urna garantiza que se mantendr\u00e1 en perfecto estado durante a\u00f1os, y su superficie lisa facilita la limpieza y el mantenimiento. La placa conmemorativa incluida le permite personalizar la urna con el nombre y las fechas de su beb\u00e9, creando un homenaje verdaderamente significativo y personalizado.<\/p>\n<p style=\"text-align: center;\">Perder a un beb\u00e9 es una de las experiencias m\u00e1s dif\u00edciles a las que puede enfrentarse un padre, y entendemos la importancia de encontrar una forma significativa de honrar y recordar a su peque\u00f1o. Nuestra urna infantil de acero inoxidable para cenizas ofrece una manera hermosa y duradera de mantener a su beb\u00e9 cerca del coraz\u00f3n y de crear un lugar especial de recuerdo que podr\u00e1 atesorar durante a\u00f1os.<\/p>\n<p>&nbsp;<\/p>\n<h3 style=\"text-align: center;\"><strong>PERSONALIZACI\u00d3N<\/strong><\/h3>\n<p style=\"text-align: center;\">Si elige una placa personalizada, incluya el texto en el marco de personalizaci\u00f3n del producto.<\/p>\n<p style=\"text-align: center;\">La placa conmemorativa personalizada debe personalizarse al realizar el pedido. (No se preocupe si no la incluye, siempre puede enviarnos un mensaje despu\u00e9s).<\/p>\n<p style=\"text-align: center;\">Revise atentamente el texto del grabado antes de a\u00f1adir el art\u00edculo al carrito. Copiamos y grabamos la informaci\u00f3n exacta que recibimos con el pedido y no realizamos ning\u00fan cambio.<\/p>\n<p style=\"text-align: center;\"><strong>Revise el texto para asegurarse de que la ortograf\u00eda sea correcta.<\/strong><\/p>\n<p><img loading=\"lazy\" decoding=\"async\" class=\"wp-image-1449 aligncenter\" src=\"http:\/\/www.rememberme-forever.com\/wp-content\/uploads\/2023\/04\/memorial-plaque-cremation-urn-silver-300x153.jpg\" alt=\"Urna de cremaci\u00f3n con placa conmemorativa plateada\" width=\"229\" height=\"117\" srcset=\"https:\/\/www.rememberme-forever.com\/wp-content\/uploads\/2023\/04\/memorial-plaque-cremation-urn-silver-300x153.jpg 300w, https:\/\/www.rememberme-forever.com\/wp-content\/uploads\/2023\/04\/memorial-plaque-cremation-urn-silver-64x33.jpg 64w, https:\/\/www.rememberme-forever.com\/wp-content\/uploads\/2023\/04\/memorial-plaque-cremation-urn-silver.jpg 448w\" sizes=\"auto, (max-width: 229px) 100vw, 229px\" \/><\/p>\n<p>&nbsp;<\/p>\n","protected":false},"excerpt":{"rendered":"<p>Esfera \u00fanica de acero inoxidable para cenizas infantiles<\/p>\n<p><em><strong>Adecuada para contener cenizas de una persona con un peso corporal de hasta aprox. 77 lbs o 35Kg o cenizas de mascota. <\/strong><\/em><\/p>\n<p>\u2705 Esta urna no es apta para exteriores. Descubra nuestras <a href=\"https:\/\/www.rememberme-forever.com\/es\/categoria-producto\/urnas-para-exteriores\/\" target=\"_blank\" rel=\"noopener\"><strong>urnas para exteriores. &gt;&gt;<\/strong><\/a><\/p>\n","protected":false},"featured_media":25571,"template":"","meta":{"_acf_changed":false},"product_brand":[],"product_cat":[2451,2445],"product_tag":[3341],"class_list":{"0":"post-25575","1":"product","2":"type-product","3":"status-publish","4":"has-post-thumbnail","6":"product_cat-urnas-de-metal","7":"product_cat-urnas-para-ninos","8":"product_tag-gpsr-metal_ss_abs_base","9":"product_shipping_class-2-4kg-es","11":"first","12":"instock","13":"taxable","14":"shipping-taxable","15":"purchasable","16":"product-type-simple"},"yoast_head":"<!-- This site is optimized with the Yoast SEO plugin v27.4 - https:\/\/yoast.com\/product\/yoast-seo-wordpress\/ -->\n<title>Urna infantil de acero inoxidable para cenizas<\/title>\n<meta name=\"description\" content=\"Presentamos nuestra urna infantil de acero inoxidable para cenizas, dise\u00f1ada para ofrecer un homenaje hermoso y duradero a su peque\u00f1o.\" \/>\n<meta name=\"robots\" content=\"index, follow, max-snippet:-1, max-image-preview:large, max-video-preview:-1\" \/>\n<link rel=\"canonical\" href=\"https:\/\/www.rememberme-forever.com\/es\/producto\/urna-infantil-de-acero-inoxidable-para-cenizas\/\" \/>\n<meta property=\"og:locale\" content=\"es_ES\" \/>\n<meta property=\"og:type\" content=\"article\" \/>\n<meta property=\"og:title\" content=\"Urna infantil de acero inoxidable para cenizas\" \/>\n<meta property=\"og:description\" content=\"Presentamos nuestra urna infantil de acero inoxidable para cenizas, dise\u00f1ada para ofrecer un homenaje hermoso y duradero a su peque\u00f1o.\" \/>\n<meta property=\"og:url\" content=\"https:\/\/www.rememberme-forever.com\/es\/producto\/urna-infantil-de-acero-inoxidable-para-cenizas\/\" \/>\n<meta property=\"og:site_name\" content=\"Remember Forever\" \/>\n<meta property=\"article:modified_time\" content=\"2026-02-19T14:43:40+00:00\" \/>\n<meta property=\"og:image\" content=\"http:\/\/www.rememberme-forever.com\/wp-content\/uploads\/2023\/04\/stainless-steel-baby-urn-1.jpg\" \/>\n\t<meta property=\"og:image:width\" content=\"768\" \/>\n\t<meta property=\"og:image:height\" content=\"768\" \/>\n\t<meta property=\"og:image:type\" content=\"image\/jpeg\" \/>\n<meta name=\"twitter:card\" content=\"summary_large_image\" \/>\n<meta name=\"twitter:label1\" content=\"Tiempo de lectura\" \/>\n\t<meta name=\"twitter:data1\" content=\"2 minutos\" \/>\n<script type=\"application\/ld+json\" class=\"yoast-schema-graph\">{\"@context\":\"https:\\\/\\\/schema.org\",\"@graph\":[{\"@type\":\"WebPage\",\"@id\":\"https:\\\/\\\/www.rememberme-forever.com\\\/es\\\/producto\\\/urna-infantil-de-acero-inoxidable-para-cenizas\\\/\",\"url\":\"https:\\\/\\\/www.rememberme-forever.com\\\/es\\\/producto\\\/urna-infantil-de-acero-inoxidable-para-cenizas\\\/\",\"name\":\"Urna infantil de acero inoxidable para cenizas\",\"isPartOf\":{\"@id\":\"https:\\\/\\\/www.rememberme-forever.com\\\/es\\\/#website\"},\"primaryImageOfPage\":{\"@id\":\"https:\\\/\\\/www.rememberme-forever.com\\\/es\\\/producto\\\/urna-infantil-de-acero-inoxidable-para-cenizas\\\/#primaryimage\"},\"image\":{\"@id\":\"https:\\\/\\\/www.rememberme-forever.com\\\/es\\\/producto\\\/urna-infantil-de-acero-inoxidable-para-cenizas\\\/#primaryimage\"},\"thumbnailUrl\":\"https:\\\/\\\/www.rememberme-forever.com\\\/wp-content\\\/uploads\\\/2023\\\/04\\\/stainless-steel-baby-urn-1.jpg\",\"datePublished\":\"2023-04-12T11:24:24+00:00\",\"dateModified\":\"2026-02-19T14:43:40+00:00\",\"description\":\"Presentamos nuestra urna infantil de acero inoxidable para cenizas, dise\u00f1ada para ofrecer un homenaje hermoso y duradero a su peque\u00f1o.\",\"breadcrumb\":{\"@id\":\"https:\\\/\\\/www.rememberme-forever.com\\\/es\\\/producto\\\/urna-infantil-de-acero-inoxidable-para-cenizas\\\/#breadcrumb\"},\"inLanguage\":\"es\",\"potentialAction\":[{\"@type\":\"ReadAction\",\"target\":[\"https:\\\/\\\/www.rememberme-forever.com\\\/es\\\/producto\\\/urna-infantil-de-acero-inoxidable-para-cenizas\\\/\"]}]},{\"@type\":\"ImageObject\",\"inLanguage\":\"es\",\"@id\":\"https:\\\/\\\/www.rememberme-forever.com\\\/es\\\/producto\\\/urna-infantil-de-acero-inoxidable-para-cenizas\\\/#primaryimage\",\"url\":\"https:\\\/\\\/www.rememberme-forever.com\\\/wp-content\\\/uploads\\\/2023\\\/04\\\/stainless-steel-baby-urn-1.jpg\",\"contentUrl\":\"https:\\\/\\\/www.rememberme-forever.com\\\/wp-content\\\/uploads\\\/2023\\\/04\\\/stainless-steel-baby-urn-1.jpg\",\"width\":768,\"height\":768,\"caption\":\"urna para beb\u00e9 de acero inoxidable\"},{\"@type\":\"BreadcrumbList\",\"@id\":\"https:\\\/\\\/www.rememberme-forever.com\\\/es\\\/producto\\\/urna-infantil-de-acero-inoxidable-para-cenizas\\\/#breadcrumb\",\"itemListElement\":[{\"@type\":\"ListItem\",\"position\":1,\"name\":\"Home\",\"item\":\"https:\\\/\\\/www.rememberme-forever.com\\\/es\\\/inicio\\\/\"},{\"@type\":\"ListItem\",\"position\":2,\"name\":\"Comercio\",\"item\":\"https:\\\/\\\/www.rememberme-forever.com\\\/es\\\/shop\\\/\"},{\"@type\":\"ListItem\",\"position\":3,\"name\":\"Urna infantil de acero inoxidable para cenizas\"}]},{\"@type\":\"WebSite\",\"@id\":\"https:\\\/\\\/www.rememberme-forever.com\\\/es\\\/#website\",\"url\":\"https:\\\/\\\/www.rememberme-forever.com\\\/es\\\/\",\"name\":\"Remember Forever\",\"description\":\"Cremation urns, funeral urns, urns for ashes\",\"publisher\":{\"@id\":\"https:\\\/\\\/www.rememberme-forever.com\\\/es\\\/#organization\"},\"potentialAction\":[{\"@type\":\"SearchAction\",\"target\":{\"@type\":\"EntryPoint\",\"urlTemplate\":\"https:\\\/\\\/www.rememberme-forever.com\\\/es\\\/?s={search_term_string}\"},\"query-input\":{\"@type\":\"PropertyValueSpecification\",\"valueRequired\":true,\"valueName\":\"search_term_string\"}}],\"inLanguage\":\"es\"},{\"@type\":\"Organization\",\"@id\":\"https:\\\/\\\/www.rememberme-forever.com\\\/es\\\/#organization\",\"name\":\"Remember Forever\",\"url\":\"https:\\\/\\\/www.rememberme-forever.com\\\/es\\\/\",\"logo\":{\"@type\":\"ImageObject\",\"inLanguage\":\"es\",\"@id\":\"https:\\\/\\\/www.rememberme-forever.com\\\/es\\\/#\\\/schema\\\/logo\\\/image\\\/\",\"url\":\"https:\\\/\\\/www.rememberme-forever.com\\\/wp-content\\\/uploads\\\/2023\\\/02\\\/logo.png\",\"contentUrl\":\"https:\\\/\\\/www.rememberme-forever.com\\\/wp-content\\\/uploads\\\/2023\\\/02\\\/logo.png\",\"width\":300,\"height\":56,\"caption\":\"Remember Forever\"},\"image\":{\"@id\":\"https:\\\/\\\/www.rememberme-forever.com\\\/es\\\/#\\\/schema\\\/logo\\\/image\\\/\"}}]}<\/script>\n<!-- \/ Yoast SEO plugin. -->","yoast_head_json":{"title":"Urna infantil de acero inoxidable para cenizas","description":"Presentamos nuestra urna infantil de acero inoxidable para cenizas, dise\u00f1ada para ofrecer un homenaje hermoso y duradero a su peque\u00f1o.","robots":{"index":"index","follow":"follow","max-snippet":"max-snippet:-1","max-image-preview":"max-image-preview:large","max-video-preview":"max-video-preview:-1"},"canonical":"https:\/\/www.rememberme-forever.com\/es\/producto\/urna-infantil-de-acero-inoxidable-para-cenizas\/","og_locale":"es_ES","og_type":"article","og_title":"Urna infantil de acero inoxidable para cenizas","og_description":"Presentamos nuestra urna infantil de acero inoxidable para cenizas, dise\u00f1ada para ofrecer un homenaje hermoso y duradero a su peque\u00f1o.","og_url":"https:\/\/www.rememberme-forever.com\/es\/producto\/urna-infantil-de-acero-inoxidable-para-cenizas\/","og_site_name":"Remember Forever","article_modified_time":"2026-02-19T14:43:40+00:00","og_image":[{"width":768,"height":768,"url":"http:\/\/www.rememberme-forever.com\/wp-content\/uploads\/2023\/04\/stainless-steel-baby-urn-1.jpg","type":"image\/jpeg"}],"twitter_card":"summary_large_image","twitter_misc":{"Tiempo de lectura":"2 minutos"},"schema":{"@context":"https:\/\/schema.org","@graph":[{"@type":"WebPage","@id":"https:\/\/www.rememberme-forever.com\/es\/producto\/urna-infantil-de-acero-inoxidable-para-cenizas\/","url":"https:\/\/www.rememberme-forever.com\/es\/producto\/urna-infantil-de-acero-inoxidable-para-cenizas\/","name":"Urna infantil de acero inoxidable para cenizas","isPartOf":{"@id":"https:\/\/www.rememberme-forever.com\/es\/#website"},"primaryImageOfPage":{"@id":"https:\/\/www.rememberme-forever.com\/es\/producto\/urna-infantil-de-acero-inoxidable-para-cenizas\/#primaryimage"},"image":{"@id":"https:\/\/www.rememberme-forever.com\/es\/producto\/urna-infantil-de-acero-inoxidable-para-cenizas\/#primaryimage"},"thumbnailUrl":"https:\/\/www.rememberme-forever.com\/wp-content\/uploads\/2023\/04\/stainless-steel-baby-urn-1.jpg","datePublished":"2023-04-12T11:24:24+00:00","dateModified":"2026-02-19T14:43:40+00:00","description":"Presentamos nuestra urna infantil de acero inoxidable para cenizas, dise\u00f1ada para ofrecer un homenaje hermoso y duradero a su peque\u00f1o.","breadcrumb":{"@id":"https:\/\/www.rememberme-forever.com\/es\/producto\/urna-infantil-de-acero-inoxidable-para-cenizas\/#breadcrumb"},"inLanguage":"es","potentialAction":[{"@type":"ReadAction","target":["https:\/\/www.rememberme-forever.com\/es\/producto\/urna-infantil-de-acero-inoxidable-para-cenizas\/"]}]},{"@type":"ImageObject","inLanguage":"es","@id":"https:\/\/www.rememberme-forever.com\/es\/producto\/urna-infantil-de-acero-inoxidable-para-cenizas\/#primaryimage","url":"https:\/\/www.rememberme-forever.com\/wp-content\/uploads\/2023\/04\/stainless-steel-baby-urn-1.jpg","contentUrl":"https:\/\/www.rememberme-forever.com\/wp-content\/uploads\/2023\/04\/stainless-steel-baby-urn-1.jpg","width":768,"height":768,"caption":"urna para beb\u00e9 de acero inoxidable"},{"@type":"BreadcrumbList","@id":"https:\/\/www.rememberme-forever.com\/es\/producto\/urna-infantil-de-acero-inoxidable-para-cenizas\/#breadcrumb","itemListElement":[{"@type":"ListItem","position":1,"name":"Home","item":"https:\/\/www.rememberme-forever.com\/es\/inicio\/"},{"@type":"ListItem","position":2,"name":"Comercio","item":"https:\/\/www.rememberme-forever.com\/es\/shop\/"},{"@type":"ListItem","position":3,"name":"Urna infantil de acero inoxidable para cenizas"}]},{"@type":"WebSite","@id":"https:\/\/www.rememberme-forever.com\/es\/#website","url":"https:\/\/www.rememberme-forever.com\/es\/","name":"Remember Forever","description":"Cremation urns, funeral urns, urns for ashes","publisher":{"@id":"https:\/\/www.rememberme-forever.com\/es\/#organization"},"potentialAction":[{"@type":"SearchAction","target":{"@type":"EntryPoint","urlTemplate":"https:\/\/www.rememberme-forever.com\/es\/?s={search_term_string}"},"query-input":{"@type":"PropertyValueSpecification","valueRequired":true,"valueName":"search_term_string"}}],"inLanguage":"es"},{"@type":"Organization","@id":"https:\/\/www.rememberme-forever.com\/es\/#organization","name":"Remember Forever","url":"https:\/\/www.rememberme-forever.com\/es\/","logo":{"@type":"ImageObject","inLanguage":"es","@id":"https:\/\/www.rememberme-forever.com\/es\/#\/schema\/logo\/image\/","url":"https:\/\/www.rememberme-forever.com\/wp-content\/uploads\/2023\/02\/logo.png","contentUrl":"https:\/\/www.rememberme-forever.com\/wp-content\/uploads\/2023\/02\/logo.png","width":300,"height":56,"caption":"Remember Forever"},"image":{"@id":"https:\/\/www.rememberme-forever.com\/es\/#\/schema\/logo\/image\/"}}]}},"acf":[],"_links":{"self":[{"href":"https:\/\/www.rememberme-forever.com\/es\/wp-json\/wp\/v2\/product\/25575","targetHints":{"allow":["GET"]}}],"collection":[{"href":"https:\/\/www.rememberme-forever.com\/es\/wp-json\/wp\/v2\/product"}],"about":[{"href":"https:\/\/www.rememberme-forever.com\/es\/wp-json\/wp\/v2\/types\/product"}],"wp:featuredmedia":[{"embeddable":true,"href":"https:\/\/www.rememberme-forever.com\/es\/wp-json\/wp\/v2\/media\/25571"}],"wp:attachment":[{"href":"https:\/\/www.rememberme-forever.com\/es\/wp-json\/wp\/v2\/media?parent=25575"}],"wp:term":[{"taxonomy":"product_brand","embeddable":true,"href":"https:\/\/www.rememberme-forever.com\/es\/wp-json\/wp\/v2\/product_brand?post=25575"},{"taxonomy":"product_cat","embeddable":true,"href":"https:\/\/www.rememberme-forever.com\/es\/wp-json\/wp\/v2\/product_cat?post=25575"},{"taxonomy":"product_tag","embeddable":true,"href":"https:\/\/www.rememberme-forever.com\/es\/wp-json\/wp\/v2\/product_tag?post=25575"}],"curies":[{"name":"wp","href":"https:\/\/api.w.org\/{rel}","templated":true}]}}