{"id":26155,"date":"2023-04-18T08:37:38","date_gmt":"2023-04-18T06:37:38","guid":{"rendered":"https:\/\/www.rememberme-forever.com\/product\/urna-cineraria-de-taxi-negro-urna-con-replica-de-coche\/"},"modified":"2026-02-23T12:13:56","modified_gmt":"2026-02-23T11:13:56","slug":"urna-cineraria-de-taxi-negro-urna-con-replica-de-coche","status":"publish","type":"product","link":"https:\/\/www.rememberme-forever.com\/es\/producto\/urna-cineraria-de-taxi-negro-urna-con-replica-de-coche\/","title":{"rendered":"Urna cineraria de taxi negro, urna con r\u00e9plica de coche"},"content":{"rendered":"<div style=\"width: 100%; margin-bottom: 30px; height: max-content; padding-bottom: 60%; position: relative;\"><iframe style=\"position: absolute; top: 0; left: 0; width: 100%; height: 100%;\" src=\"https:\/\/rememberme-urns.com\/taxi-urn\/\" frameborder=\"0\"><\/iframe><\/div>\n<div style=\"color: red; text-align: center; margin-bottom: 25px;\">\n<p>&gt;&gt; Foto giratoria &#8211; pulsar\/acercar &lt;&lt;<\/p>\n<\/div>\n<h2 style=\"text-align: center;\">Urna cineraria de taxi negro<\/h2>\n<p style=\"text-align: center;\">Presentamos nuestra <strong>urna cineraria de taxi negro<\/strong>: una forma \u00fanica y especial de recordar a su ser querido apasionado por los taxis o con una larga trayectoria como taxista. Esta hermosa urna est\u00e1 elaborada por expertos en madera negra de alta calidad, con una peque\u00f1a r\u00e9plica de un taxi negro en la parte superior. Es un tributo digno a los recuerdos y la pasi\u00f3n de su ser querido, quien dedic\u00f3 su vida al sector del taxi.<\/p>\n<p style=\"text-align: center;\">La urna cuenta con una pr\u00e1ctica apertura inferior que permite colocar las cenizas de su ser querido de forma f\u00e1cil y discreta. Su construcci\u00f3n robusta garantiza que los restos permanecer\u00e1n seguros en su interior, brind\u00e1ndole tranquilidad y consuelo en estos momentos dif\u00edciles.<\/p>\n<p><iframe loading=\"lazy\" title=\"Wooden Urns Part 3: Black Box For Ashes\" width=\"640\" height=\"360\" src=\"https:\/\/www.youtube.com\/embed\/QPZvx9YIDxE?feature=oembed\" frameborder=\"0\" allow=\"accelerometer; autoplay; clipboard-write; encrypted-media; gyroscope; picture-in-picture; web-share\" referrerpolicy=\"strict-origin-when-cross-origin\" allowfullscreen><\/iframe><\/p>\n<p style=\"text-align: center;\">Para quienes deseen a\u00f1adir un toque personalizado, existe la opci\u00f3n de incluir una placa conmemorativa en el frontal de la urna. Grabaremos cuidadosamente las palabras que elija en la placa, creando un hermoso y duradero tributo a la memoria de su ser querido.<\/p>\n<p style=\"text-align: center;\">Esta urna cineraria de taxi negro es una forma verdaderamente \u00fanica y especial de honrar la vida y los recuerdos de su ser querido apasionado por los taxis o con una carrera en el sector. Su dise\u00f1o elegante y moderno, con la peque\u00f1a r\u00e9plica del taxi negro en la parte superior, servir\u00e1 como un hermoso recordatorio de su pasi\u00f3n y dedicaci\u00f3n.<\/p>\n<p style=\"text-align: center;\">Al sostener esta impresionante urna en sus manos, sentir\u00e1 una sensaci\u00f3n de consuelo y paz, sabiendo que la memoria de su ser querido es honrada de la manera m\u00e1s digna y \u00fanica. Es un tributo adecuado a una vida llena de pasi\u00f3n y dedicaci\u00f3n, y un testimonio duradero de los recuerdos especiales compartidos.<\/p>\n<p>&nbsp;<\/p>\n<h3 style=\"text-align: center;\"><strong>PERSONALIZACI\u00d3N<\/strong><\/h3>\n<p style=\"text-align: center;\">Si elige una placa personalizada, incluya el texto en el marco de personalizaci\u00f3n del producto.<\/p>\n<p style=\"text-align: center;\">La placa conmemorativa personalizada debe personalizarse al realizar el pedido. (No se preocupe si no la incluye, siempre puede enviarnos un mensaje despu\u00e9s).<\/p>\n<p style=\"text-align: center;\">Revise atentamente el texto del grabado antes de a\u00f1adir el art\u00edculo al carrito. Copiamos y grabamos la informaci\u00f3n exacta que recibimos con el pedido y no realizamos ning\u00fan cambio.<\/p>\n<p style=\"text-align: center;\"><strong>Revise el texto para asegurarse de que la ortograf\u00eda sea correcta.<\/strong><\/p>\n<p>&nbsp;<\/p>\n<p><img loading=\"lazy\" decoding=\"async\" class=\" wp-image-1449 aligncenter\" src=\"http:\/\/www.rememberme-forever.com\/wp-content\/uploads\/2023\/04\/memorial-plaque-cremation-urn-silver-300x153.jpg\" alt=\"Urna de cremaci\u00f3n con placa conmemorativa plateada\" width=\"249\" height=\"127\" srcset=\"https:\/\/www.rememberme-forever.com\/wp-content\/uploads\/2023\/04\/memorial-plaque-cremation-urn-silver-300x153.jpg 300w, https:\/\/www.rememberme-forever.com\/wp-content\/uploads\/2023\/04\/memorial-plaque-cremation-urn-silver-64x33.jpg 64w, https:\/\/www.rememberme-forever.com\/wp-content\/uploads\/2023\/04\/memorial-plaque-cremation-urn-silver.jpg 448w\" sizes=\"auto, (max-width: 249px) 100vw, 249px\" \/><\/p>\n<p style=\"text-align: center;\"><strong>\u25ba DETALLES DEL COCHE \u25c4<\/strong><br \/>\n\u2705 Tama\u00f1o aproximado: 11,5 cm (An) x 4,5 cm (Al) x 5 cm (Pr)<br \/>\n\u2705 Tama\u00f1o aproximado: 4,5&#8243; x 1,7&#8243; x 2&#8243;<\/p>\n<p><strong><img loading=\"lazy\" decoding=\"async\" class=\" wp-image-2306 aligncenter\" src=\"http:\/\/www.rememberme-forever.com\/wp-content\/uploads\/2023\/04\/theme-urn-taxi-car-295x300.jpg\" alt=\"urna tem\u00e1tica de taxi\" width=\"246\" height=\"250\" srcset=\"https:\/\/www.rememberme-forever.com\/wp-content\/uploads\/2023\/04\/theme-urn-taxi-car-295x300.jpg 295w, https:\/\/www.rememberme-forever.com\/wp-content\/uploads\/2023\/04\/theme-urn-taxi-car-600x610.jpg 600w, https:\/\/www.rememberme-forever.com\/wp-content\/uploads\/2023\/04\/theme-urn-taxi-car-64x65.jpg 64w, https:\/\/www.rememberme-forever.com\/wp-content\/uploads\/2023\/04\/theme-urn-taxi-car.jpg 768w\" sizes=\"auto, (max-width: 246px) 100vw, 246px\" \/><\/strong><\/p>\n<p>&nbsp;<\/p>\n<p style=\"text-align: center;\"><em><strong>La caja negra es la base para colocar cualquier adorno. Si necesita un coche diferente u otra decoraci\u00f3n, por favor, <a href=\"https:\/\/www.rememberme-forever.com\/es\/contacto\/\" target=\"_blank\" rel=\"noopener\">contacte con nosotros.<\/a> <\/strong><\/em><\/p>\n","protected":false},"excerpt":{"rendered":"<p>Para muchas personas, es importante destacar sus rasgos individuales, aficiones, intereses, pertenencia a un grupo o las caracter\u00edsticas de su profesi\u00f3n tras su fallecimiento. Una excelente manera de hacerlo es elegir una <strong>urna cineraria \u00fanica y personalizada.<\/strong><\/p>\n","protected":false},"featured_media":26145,"template":"","meta":{"_acf_changed":false},"product_brand":[],"product_cat":[2457,2463,2455],"product_tag":[3309],"class_list":{"0":"post-26155","1":"product","2":"type-product","3":"status-publish","4":"has-post-thumbnail","6":"product_cat-coches","7":"product_cat-urnas-de-profesion","8":"product_cat-urnas-tematicas","9":"product_tag-gpsr-all-wood-urns","10":"product_shipping_class-2-4kg-es","12":"first","13":"instock","14":"taxable","15":"shipping-taxable","16":"purchasable","17":"product-type-variable"},"yoast_head":"<!-- This site is optimized with the Yoast SEO plugin v27.4 - https:\/\/yoast.com\/product\/yoast-seo-wordpress\/ -->\n<title>Urna cineraria de taxi negro, urna con r\u00e9plica de coche<\/title>\n<meta name=\"description\" content=\"Presentamos nuestra urna cineraria de taxi negro, una forma \u00fanica y especial de recordar a su ser querido apasionado por los taxis o con una larga trayectoria como taxista.\" \/>\n<meta name=\"robots\" content=\"index, follow, max-snippet:-1, max-image-preview:large, max-video-preview:-1\" \/>\n<link rel=\"canonical\" href=\"https:\/\/www.rememberme-forever.com\/es\/producto\/urna-cineraria-de-taxi-negro-urna-con-replica-de-coche\/\" \/>\n<meta property=\"og:locale\" content=\"es_ES\" \/>\n<meta property=\"og:type\" content=\"article\" \/>\n<meta property=\"og:title\" content=\"Urna cineraria de taxi negro, urna con r\u00e9plica de coche\" \/>\n<meta property=\"og:description\" content=\"Presentamos nuestra urna cineraria de taxi negro, una forma \u00fanica y especial de recordar a su ser querido apasionado por los taxis o con una larga trayectoria como taxista.\" \/>\n<meta property=\"og:url\" content=\"https:\/\/www.rememberme-forever.com\/es\/producto\/urna-cineraria-de-taxi-negro-urna-con-replica-de-coche\/\" \/>\n<meta property=\"og:site_name\" content=\"Remember Forever\" \/>\n<meta property=\"article:modified_time\" content=\"2026-02-23T11:13:56+00:00\" \/>\n<meta property=\"og:image\" content=\"http:\/\/www.rememberme-forever.com\/wp-content\/uploads\/2023\/04\/Black-taxi-cremation-urn.jpg\" \/>\n\t<meta property=\"og:image:width\" content=\"768\" \/>\n\t<meta property=\"og:image:height\" content=\"781\" \/>\n\t<meta property=\"og:image:type\" content=\"image\/jpeg\" \/>\n<meta name=\"twitter:card\" content=\"summary_large_image\" \/>\n<meta name=\"twitter:label1\" content=\"Tiempo de lectura\" \/>\n\t<meta name=\"twitter:data1\" content=\"4 minutos\" \/>\n<script type=\"application\/ld+json\" class=\"yoast-schema-graph\">{\"@context\":\"https:\\\/\\\/schema.org\",\"@graph\":[{\"@type\":\"WebPage\",\"@id\":\"https:\\\/\\\/www.rememberme-forever.com\\\/es\\\/producto\\\/urna-cineraria-de-taxi-negro-urna-con-replica-de-coche\\\/\",\"url\":\"https:\\\/\\\/www.rememberme-forever.com\\\/es\\\/producto\\\/urna-cineraria-de-taxi-negro-urna-con-replica-de-coche\\\/\",\"name\":\"Urna cineraria de taxi negro, urna con r\u00e9plica de coche\",\"isPartOf\":{\"@id\":\"https:\\\/\\\/www.rememberme-forever.com\\\/es\\\/#website\"},\"primaryImageOfPage\":{\"@id\":\"https:\\\/\\\/www.rememberme-forever.com\\\/es\\\/producto\\\/urna-cineraria-de-taxi-negro-urna-con-replica-de-coche\\\/#primaryimage\"},\"image\":{\"@id\":\"https:\\\/\\\/www.rememberme-forever.com\\\/es\\\/producto\\\/urna-cineraria-de-taxi-negro-urna-con-replica-de-coche\\\/#primaryimage\"},\"thumbnailUrl\":\"https:\\\/\\\/www.rememberme-forever.com\\\/wp-content\\\/uploads\\\/2023\\\/04\\\/Black-taxi-cremation-urn.jpg\",\"datePublished\":\"2023-04-18T06:37:38+00:00\",\"dateModified\":\"2026-02-23T11:13:56+00:00\",\"description\":\"Presentamos nuestra urna cineraria de taxi negro, una forma \u00fanica y especial de recordar a su ser querido apasionado por los taxis o con una larga trayectoria como taxista.\",\"breadcrumb\":{\"@id\":\"https:\\\/\\\/www.rememberme-forever.com\\\/es\\\/producto\\\/urna-cineraria-de-taxi-negro-urna-con-replica-de-coche\\\/#breadcrumb\"},\"inLanguage\":\"es\",\"potentialAction\":[{\"@type\":\"ReadAction\",\"target\":[\"https:\\\/\\\/www.rememberme-forever.com\\\/es\\\/producto\\\/urna-cineraria-de-taxi-negro-urna-con-replica-de-coche\\\/\"]}]},{\"@type\":\"ImageObject\",\"inLanguage\":\"es\",\"@id\":\"https:\\\/\\\/www.rememberme-forever.com\\\/es\\\/producto\\\/urna-cineraria-de-taxi-negro-urna-con-replica-de-coche\\\/#primaryimage\",\"url\":\"https:\\\/\\\/www.rememberme-forever.com\\\/wp-content\\\/uploads\\\/2023\\\/04\\\/Black-taxi-cremation-urn.jpg\",\"contentUrl\":\"https:\\\/\\\/www.rememberme-forever.com\\\/wp-content\\\/uploads\\\/2023\\\/04\\\/Black-taxi-cremation-urn.jpg\",\"width\":768,\"height\":781,\"caption\":\"Urna cineraria de taxi negro, cajas personalizadas para cenizas\"},{\"@type\":\"BreadcrumbList\",\"@id\":\"https:\\\/\\\/www.rememberme-forever.com\\\/es\\\/producto\\\/urna-cineraria-de-taxi-negro-urna-con-replica-de-coche\\\/#breadcrumb\",\"itemListElement\":[{\"@type\":\"ListItem\",\"position\":1,\"name\":\"Home\",\"item\":\"https:\\\/\\\/www.rememberme-forever.com\\\/es\\\/inicio\\\/\"},{\"@type\":\"ListItem\",\"position\":2,\"name\":\"Comercio\",\"item\":\"https:\\\/\\\/www.rememberme-forever.com\\\/es\\\/shop\\\/\"},{\"@type\":\"ListItem\",\"position\":3,\"name\":\"Urna cineraria de taxi negro, urna con r\u00e9plica de coche\"}]},{\"@type\":\"WebSite\",\"@id\":\"https:\\\/\\\/www.rememberme-forever.com\\\/es\\\/#website\",\"url\":\"https:\\\/\\\/www.rememberme-forever.com\\\/es\\\/\",\"name\":\"Remember Forever\",\"description\":\"Cremation urns, funeral urns, urns for ashes\",\"publisher\":{\"@id\":\"https:\\\/\\\/www.rememberme-forever.com\\\/es\\\/#organization\"},\"potentialAction\":[{\"@type\":\"SearchAction\",\"target\":{\"@type\":\"EntryPoint\",\"urlTemplate\":\"https:\\\/\\\/www.rememberme-forever.com\\\/es\\\/?s={search_term_string}\"},\"query-input\":{\"@type\":\"PropertyValueSpecification\",\"valueRequired\":true,\"valueName\":\"search_term_string\"}}],\"inLanguage\":\"es\"},{\"@type\":\"Organization\",\"@id\":\"https:\\\/\\\/www.rememberme-forever.com\\\/es\\\/#organization\",\"name\":\"Remember Forever\",\"url\":\"https:\\\/\\\/www.rememberme-forever.com\\\/es\\\/\",\"logo\":{\"@type\":\"ImageObject\",\"inLanguage\":\"es\",\"@id\":\"https:\\\/\\\/www.rememberme-forever.com\\\/es\\\/#\\\/schema\\\/logo\\\/image\\\/\",\"url\":\"https:\\\/\\\/www.rememberme-forever.com\\\/wp-content\\\/uploads\\\/2023\\\/02\\\/logo.png\",\"contentUrl\":\"https:\\\/\\\/www.rememberme-forever.com\\\/wp-content\\\/uploads\\\/2023\\\/02\\\/logo.png\",\"width\":300,\"height\":56,\"caption\":\"Remember Forever\"},\"image\":{\"@id\":\"https:\\\/\\\/www.rememberme-forever.com\\\/es\\\/#\\\/schema\\\/logo\\\/image\\\/\"}}]}<\/script>\n<!-- \/ Yoast SEO plugin. -->","yoast_head_json":{"title":"Urna cineraria de taxi negro, urna con r\u00e9plica de coche","description":"Presentamos nuestra urna cineraria de taxi negro, una forma \u00fanica y especial de recordar a su ser querido apasionado por los taxis o con una larga trayectoria como taxista.","robots":{"index":"index","follow":"follow","max-snippet":"max-snippet:-1","max-image-preview":"max-image-preview:large","max-video-preview":"max-video-preview:-1"},"canonical":"https:\/\/www.rememberme-forever.com\/es\/producto\/urna-cineraria-de-taxi-negro-urna-con-replica-de-coche\/","og_locale":"es_ES","og_type":"article","og_title":"Urna cineraria de taxi negro, urna con r\u00e9plica de coche","og_description":"Presentamos nuestra urna cineraria de taxi negro, una forma \u00fanica y especial de recordar a su ser querido apasionado por los taxis o con una larga trayectoria como taxista.","og_url":"https:\/\/www.rememberme-forever.com\/es\/producto\/urna-cineraria-de-taxi-negro-urna-con-replica-de-coche\/","og_site_name":"Remember Forever","article_modified_time":"2026-02-23T11:13:56+00:00","og_image":[{"width":768,"height":781,"url":"http:\/\/www.rememberme-forever.com\/wp-content\/uploads\/2023\/04\/Black-taxi-cremation-urn.jpg","type":"image\/jpeg"}],"twitter_card":"summary_large_image","twitter_misc":{"Tiempo de lectura":"4 minutos"},"schema":{"@context":"https:\/\/schema.org","@graph":[{"@type":"WebPage","@id":"https:\/\/www.rememberme-forever.com\/es\/producto\/urna-cineraria-de-taxi-negro-urna-con-replica-de-coche\/","url":"https:\/\/www.rememberme-forever.com\/es\/producto\/urna-cineraria-de-taxi-negro-urna-con-replica-de-coche\/","name":"Urna cineraria de taxi negro, urna con r\u00e9plica de coche","isPartOf":{"@id":"https:\/\/www.rememberme-forever.com\/es\/#website"},"primaryImageOfPage":{"@id":"https:\/\/www.rememberme-forever.com\/es\/producto\/urna-cineraria-de-taxi-negro-urna-con-replica-de-coche\/#primaryimage"},"image":{"@id":"https:\/\/www.rememberme-forever.com\/es\/producto\/urna-cineraria-de-taxi-negro-urna-con-replica-de-coche\/#primaryimage"},"thumbnailUrl":"https:\/\/www.rememberme-forever.com\/wp-content\/uploads\/2023\/04\/Black-taxi-cremation-urn.jpg","datePublished":"2023-04-18T06:37:38+00:00","dateModified":"2026-02-23T11:13:56+00:00","description":"Presentamos nuestra urna cineraria de taxi negro, una forma \u00fanica y especial de recordar a su ser querido apasionado por los taxis o con una larga trayectoria como taxista.","breadcrumb":{"@id":"https:\/\/www.rememberme-forever.com\/es\/producto\/urna-cineraria-de-taxi-negro-urna-con-replica-de-coche\/#breadcrumb"},"inLanguage":"es","potentialAction":[{"@type":"ReadAction","target":["https:\/\/www.rememberme-forever.com\/es\/producto\/urna-cineraria-de-taxi-negro-urna-con-replica-de-coche\/"]}]},{"@type":"ImageObject","inLanguage":"es","@id":"https:\/\/www.rememberme-forever.com\/es\/producto\/urna-cineraria-de-taxi-negro-urna-con-replica-de-coche\/#primaryimage","url":"https:\/\/www.rememberme-forever.com\/wp-content\/uploads\/2023\/04\/Black-taxi-cremation-urn.jpg","contentUrl":"https:\/\/www.rememberme-forever.com\/wp-content\/uploads\/2023\/04\/Black-taxi-cremation-urn.jpg","width":768,"height":781,"caption":"Urna cineraria de taxi negro, cajas personalizadas para cenizas"},{"@type":"BreadcrumbList","@id":"https:\/\/www.rememberme-forever.com\/es\/producto\/urna-cineraria-de-taxi-negro-urna-con-replica-de-coche\/#breadcrumb","itemListElement":[{"@type":"ListItem","position":1,"name":"Home","item":"https:\/\/www.rememberme-forever.com\/es\/inicio\/"},{"@type":"ListItem","position":2,"name":"Comercio","item":"https:\/\/www.rememberme-forever.com\/es\/shop\/"},{"@type":"ListItem","position":3,"name":"Urna cineraria de taxi negro, urna con r\u00e9plica de coche"}]},{"@type":"WebSite","@id":"https:\/\/www.rememberme-forever.com\/es\/#website","url":"https:\/\/www.rememberme-forever.com\/es\/","name":"Remember Forever","description":"Cremation urns, funeral urns, urns for ashes","publisher":{"@id":"https:\/\/www.rememberme-forever.com\/es\/#organization"},"potentialAction":[{"@type":"SearchAction","target":{"@type":"EntryPoint","urlTemplate":"https:\/\/www.rememberme-forever.com\/es\/?s={search_term_string}"},"query-input":{"@type":"PropertyValueSpecification","valueRequired":true,"valueName":"search_term_string"}}],"inLanguage":"es"},{"@type":"Organization","@id":"https:\/\/www.rememberme-forever.com\/es\/#organization","name":"Remember Forever","url":"https:\/\/www.rememberme-forever.com\/es\/","logo":{"@type":"ImageObject","inLanguage":"es","@id":"https:\/\/www.rememberme-forever.com\/es\/#\/schema\/logo\/image\/","url":"https:\/\/www.rememberme-forever.com\/wp-content\/uploads\/2023\/02\/logo.png","contentUrl":"https:\/\/www.rememberme-forever.com\/wp-content\/uploads\/2023\/02\/logo.png","width":300,"height":56,"caption":"Remember Forever"},"image":{"@id":"https:\/\/www.rememberme-forever.com\/es\/#\/schema\/logo\/image\/"}}]}},"acf":[],"_links":{"self":[{"href":"https:\/\/www.rememberme-forever.com\/es\/wp-json\/wp\/v2\/product\/26155","targetHints":{"allow":["GET"]}}],"collection":[{"href":"https:\/\/www.rememberme-forever.com\/es\/wp-json\/wp\/v2\/product"}],"about":[{"href":"https:\/\/www.rememberme-forever.com\/es\/wp-json\/wp\/v2\/types\/product"}],"wp:featuredmedia":[{"embeddable":true,"href":"https:\/\/www.rememberme-forever.com\/es\/wp-json\/wp\/v2\/media\/26145"}],"wp:attachment":[{"href":"https:\/\/www.rememberme-forever.com\/es\/wp-json\/wp\/v2\/media?parent=26155"}],"wp:term":[{"taxonomy":"product_brand","embeddable":true,"href":"https:\/\/www.rememberme-forever.com\/es\/wp-json\/wp\/v2\/product_brand?post=26155"},{"taxonomy":"product_cat","embeddable":true,"href":"https:\/\/www.rememberme-forever.com\/es\/wp-json\/wp\/v2\/product_cat?post=26155"},{"taxonomy":"product_tag","embeddable":true,"href":"https:\/\/www.rememberme-forever.com\/es\/wp-json\/wp\/v2\/product_tag?post=26155"}],"curies":[{"name":"wp","href":"https:\/\/api.w.org\/{rel}","templated":true}]}}