{"id":26168,"date":"2023-04-18T09:10:07","date_gmt":"2023-04-18T07:10:07","guid":{"rendered":"https:\/\/www.rememberme-forever.com\/product\/urna-de-cremacion-con-figura-de-corazon\/"},"modified":"2026-02-23T12:24:58","modified_gmt":"2026-02-23T11:24:58","slug":"urna-de-cremacion-con-figura-de-corazon","status":"publish","type":"product","link":"https:\/\/www.rememberme-forever.com\/es\/producto\/urna-de-cremacion-con-figura-de-corazon\/","title":{"rendered":"Urna de cremaci\u00f3n con figura de coraz\u00f3n"},"content":{"rendered":"<div style=\"width: 100%; margin-bottom: 30px; height: max-content; padding-bottom: 60%; position: relative;\"><iframe style=\"position: absolute; top: 0; left: 0; width: 100%; height: 100%;\" src=\"https:\/\/rememberme-urns.com\/heart-urn-black-box-for-ashes\/\" frameborder=\"0\"><\/iframe><\/div>\n<div style=\"color: red; text-align: center; margin-bottom: 25px;\">\n<p>&gt;&gt; Foto giratoria &#8211; pulsar\/acercar &lt;&lt;<\/p>\n<\/div>\n<h2 style=\"text-align: center;\">Urna de cremaci\u00f3n con figura de coraz\u00f3n<\/h2>\n<p style=\"text-align: center;\">Presentamos nuestra <strong>urna de cremaci\u00f3n con figura de coraz\u00f3n<\/strong>: un homenaje emotivo y elegante para su ser querido. Esta impresionante urna est\u00e1 elaborada con materiales de alta calidad y luce una preciosa figura de coraz\u00f3n rojo en la parte superior. Es un tributo adecuado a los recuerdos y al amor que comparti\u00f3 con su ser querido.<\/p>\n<p style=\"text-align: center;\">La urna cuenta con una pr\u00e1ctica apertura inferior que permite colocar las cenizas de su ser querido de forma f\u00e1cil y discreta. Su construcci\u00f3n robusta garantiza que los restos permanecer\u00e1n seguros en su interior, brind\u00e1ndole tranquilidad y consuelo en estos momentos dif\u00edciles.<\/p>\n<p><iframe loading=\"lazy\" title=\"Wooden Urns Part 3: Black Box For Ashes\" width=\"640\" height=\"360\" src=\"https:\/\/www.youtube.com\/embed\/QPZvx9YIDxE?feature=oembed\" frameborder=\"0\" allow=\"accelerometer; autoplay; clipboard-write; encrypted-media; gyroscope; picture-in-picture; web-share\" referrerpolicy=\"strict-origin-when-cross-origin\" allowfullscreen><\/iframe><\/p>\n<p style=\"text-align: center;\">Para quienes deseen a\u00f1adir un toque personalizado, existe la opci\u00f3n de incluir una placa conmemorativa en la parte frontal de la urna. Esto le permite personalizarla con un mensaje especial que honre la memoria de su ser querido.<\/p>\n<p style=\"text-align: center;\">Esta urna de cremaci\u00f3n con figura de coraz\u00f3n es una forma realmente \u00fanica y especial de honrar la vida y los recuerdos de su ser querido. Su dise\u00f1o elegante y moderno, con la preciosa figura de coraz\u00f3n rojo en la parte superior, ser\u00e1 un hermoso recordatorio del amor que comparti\u00f3 con su ser querido.<\/p>\n<p style=\"text-align: center;\">Al sostener esta impresionante urna entre sus manos, sentir\u00e1 consuelo y calma, sabiendo que la memoria de su ser querido se honra de la forma m\u00e1s digna y \u00fanica. Es un tributo adecuado a una vida llena de amor y cari\u00f1o, y un testimonio duradero de los recuerdos especiales que comparti\u00f3 con su ser querido.<\/p>\n<p style=\"text-align: center;\">Esta urna de cremaci\u00f3n con figura de coraz\u00f3n es una forma hermosa y significativa de recordar a su ser querido y rendir homenaje al amor que compartieron. Es un s\u00edmbolo del amor que siempre llevar\u00e1 en su coraz\u00f3n y un recordatorio del v\u00ednculo especial que comparti\u00f3 con su ser querido.<\/p>\n<p>&nbsp;<\/p>\n<h3 style=\"text-align: center;\"><strong>PERSONALIZACI\u00d3N<\/strong><\/h3>\n<p style=\"text-align: center;\">Si elige una placa personalizada, incluya el texto en el marco de personalizaci\u00f3n del producto.<\/p>\n<p style=\"text-align: center;\">La placa conmemorativa personalizada debe personalizarse al realizar el pedido. (No se preocupe si no la incluye, siempre puede enviarnos un mensaje despu\u00e9s).<\/p>\n<p style=\"text-align: center;\">Revise atentamente el texto del grabado antes de a\u00f1adir el art\u00edculo al carrito. Copiamos y grabamos la informaci\u00f3n exacta que recibimos con el pedido y no realizamos ning\u00fan cambio.<\/p>\n<p style=\"text-align: center;\"><strong>Revise el texto para asegurarse de que la ortograf\u00eda sea correcta.<\/strong><\/p>\n<p><img loading=\"lazy\" decoding=\"async\" class=\" wp-image-1449 aligncenter\" src=\"http:\/\/www.rememberme-forever.com\/wp-content\/uploads\/2023\/04\/memorial-plaque-cremation-urn-silver-300x153.jpg\" alt=\"Urna de cremaci\u00f3n con placa conmemorativa plateada\" width=\"249\" height=\"127\" srcset=\"https:\/\/www.rememberme-forever.com\/wp-content\/uploads\/2023\/04\/memorial-plaque-cremation-urn-silver-300x153.jpg 300w, https:\/\/www.rememberme-forever.com\/wp-content\/uploads\/2023\/04\/memorial-plaque-cremation-urn-silver-64x33.jpg 64w, https:\/\/www.rememberme-forever.com\/wp-content\/uploads\/2023\/04\/memorial-plaque-cremation-urn-silver.jpg 448w\" sizes=\"auto, (max-width: 249px) 100vw, 249px\" \/><\/p>\n<p>&nbsp;<\/p>\n<p style=\"text-align: center;\"><em><strong>La caja negra es la base para colocar cualquier adorno sobre ella. Si necesita una decoraci\u00f3n diferente, <a href=\"https:\/\/www.rememberme-forever.com\/es\/contacto\/\" target=\"_blank\" rel=\"noopener\">p\u00f3ngase en contacto con nosotros.<\/a> <\/strong><\/em><\/p>\n","protected":false},"excerpt":{"rendered":"<p><strong><em>Una urna de aspecto majestuoso que representa un coraz\u00f3n sobre una caja negra de madera maciza.<\/em><\/strong><\/p>\n","protected":false},"featured_media":26163,"template":"","meta":{"_acf_changed":false},"product_brand":[],"product_cat":[2456,2442,2467,2455],"product_tag":[3309],"class_list":{"0":"post-26168","1":"product","2":"type-product","3":"status-publish","4":"has-post-thumbnail","6":"product_cat-todas-las-demas-urnas","7":"product_cat-urnas-artisticas","8":"product_cat-urnas-de-madera","9":"product_cat-urnas-tematicas","10":"product_tag-gpsr-all-wood-urns","11":"product_shipping_class-2-4kg-es","13":"first","14":"instock","15":"taxable","16":"shipping-taxable","17":"purchasable","18":"product-type-variable"},"yoast_head":"<!-- This site is optimized with the Yoast SEO plugin v27.4 - https:\/\/yoast.com\/product\/yoast-seo-wordpress\/ -->\n<title>Urna de cremaci\u00f3n con figura de coraz\u00f3n<\/title>\n<meta name=\"description\" content=\"Presentamos nuestra urna de cremaci\u00f3n con figura de coraz\u00f3n: un homenaje emotivo y elegante para su ser querido. Una caja \u00fanica para cenizas con un coraz\u00f3n.\" \/>\n<meta name=\"robots\" content=\"index, follow, max-snippet:-1, max-image-preview:large, max-video-preview:-1\" \/>\n<link rel=\"canonical\" href=\"https:\/\/www.rememberme-forever.com\/es\/producto\/urna-de-cremacion-con-figura-de-corazon\/\" \/>\n<meta property=\"og:locale\" content=\"es_ES\" \/>\n<meta property=\"og:type\" content=\"article\" \/>\n<meta property=\"og:title\" content=\"Urna de cremaci\u00f3n con figura de coraz\u00f3n\" \/>\n<meta property=\"og:description\" content=\"Presentamos nuestra urna de cremaci\u00f3n con figura de coraz\u00f3n: un homenaje emotivo y elegante para su ser querido. Una caja \u00fanica para cenizas con un coraz\u00f3n.\" \/>\n<meta property=\"og:url\" content=\"https:\/\/www.rememberme-forever.com\/es\/producto\/urna-de-cremacion-con-figura-de-corazon\/\" \/>\n<meta property=\"og:site_name\" content=\"Remember Forever\" \/>\n<meta property=\"article:modified_time\" content=\"2026-02-23T11:24:58+00:00\" \/>\n<meta property=\"og:image\" content=\"http:\/\/www.rememberme-forever.com\/wp-content\/uploads\/2023\/04\/urn-with-heart-figurine.jpg\" \/>\n\t<meta property=\"og:image:width\" content=\"768\" \/>\n\t<meta property=\"og:image:height\" content=\"781\" \/>\n\t<meta property=\"og:image:type\" content=\"image\/jpeg\" \/>\n<meta name=\"twitter:card\" content=\"summary_large_image\" \/>\n<meta name=\"twitter:label1\" content=\"Tiempo de lectura\" \/>\n\t<meta name=\"twitter:data1\" content=\"3 minutos\" \/>\n<script type=\"application\/ld+json\" class=\"yoast-schema-graph\">{\"@context\":\"https:\\\/\\\/schema.org\",\"@graph\":[{\"@type\":\"WebPage\",\"@id\":\"https:\\\/\\\/www.rememberme-forever.com\\\/es\\\/producto\\\/urna-de-cremacion-con-figura-de-corazon\\\/\",\"url\":\"https:\\\/\\\/www.rememberme-forever.com\\\/es\\\/producto\\\/urna-de-cremacion-con-figura-de-corazon\\\/\",\"name\":\"Urna de cremaci\u00f3n con figura de coraz\u00f3n\",\"isPartOf\":{\"@id\":\"https:\\\/\\\/www.rememberme-forever.com\\\/es\\\/#website\"},\"primaryImageOfPage\":{\"@id\":\"https:\\\/\\\/www.rememberme-forever.com\\\/es\\\/producto\\\/urna-de-cremacion-con-figura-de-corazon\\\/#primaryimage\"},\"image\":{\"@id\":\"https:\\\/\\\/www.rememberme-forever.com\\\/es\\\/producto\\\/urna-de-cremacion-con-figura-de-corazon\\\/#primaryimage\"},\"thumbnailUrl\":\"https:\\\/\\\/www.rememberme-forever.com\\\/wp-content\\\/uploads\\\/2023\\\/04\\\/urn-with-heart-figurine.jpg\",\"datePublished\":\"2023-04-18T07:10:07+00:00\",\"dateModified\":\"2026-02-23T11:24:58+00:00\",\"description\":\"Presentamos nuestra urna de cremaci\u00f3n con figura de coraz\u00f3n: un homenaje emotivo y elegante para su ser querido. Una caja \u00fanica para cenizas con un coraz\u00f3n.\",\"breadcrumb\":{\"@id\":\"https:\\\/\\\/www.rememberme-forever.com\\\/es\\\/producto\\\/urna-de-cremacion-con-figura-de-corazon\\\/#breadcrumb\"},\"inLanguage\":\"es\",\"potentialAction\":[{\"@type\":\"ReadAction\",\"target\":[\"https:\\\/\\\/www.rememberme-forever.com\\\/es\\\/producto\\\/urna-de-cremacion-con-figura-de-corazon\\\/\"]}]},{\"@type\":\"ImageObject\",\"inLanguage\":\"es\",\"@id\":\"https:\\\/\\\/www.rememberme-forever.com\\\/es\\\/producto\\\/urna-de-cremacion-con-figura-de-corazon\\\/#primaryimage\",\"url\":\"https:\\\/\\\/www.rememberme-forever.com\\\/wp-content\\\/uploads\\\/2023\\\/04\\\/urn-with-heart-figurine.jpg\",\"contentUrl\":\"https:\\\/\\\/www.rememberme-forever.com\\\/wp-content\\\/uploads\\\/2023\\\/04\\\/urn-with-heart-figurine.jpg\",\"width\":768,\"height\":781,\"caption\":\"Urna de cremaci\u00f3n con figura de coraz\u00f3n, urna con figura de coraz\u00f3n, urna de coraz\u00f3n, urna para mam\u00e1\"},{\"@type\":\"BreadcrumbList\",\"@id\":\"https:\\\/\\\/www.rememberme-forever.com\\\/es\\\/producto\\\/urna-de-cremacion-con-figura-de-corazon\\\/#breadcrumb\",\"itemListElement\":[{\"@type\":\"ListItem\",\"position\":1,\"name\":\"Home\",\"item\":\"https:\\\/\\\/www.rememberme-forever.com\\\/es\\\/inicio\\\/\"},{\"@type\":\"ListItem\",\"position\":2,\"name\":\"Comercio\",\"item\":\"https:\\\/\\\/www.rememberme-forever.com\\\/es\\\/shop\\\/\"},{\"@type\":\"ListItem\",\"position\":3,\"name\":\"Urna de cremaci\u00f3n con figura de coraz\u00f3n\"}]},{\"@type\":\"WebSite\",\"@id\":\"https:\\\/\\\/www.rememberme-forever.com\\\/es\\\/#website\",\"url\":\"https:\\\/\\\/www.rememberme-forever.com\\\/es\\\/\",\"name\":\"Remember Forever\",\"description\":\"Cremation urns, funeral urns, urns for ashes\",\"publisher\":{\"@id\":\"https:\\\/\\\/www.rememberme-forever.com\\\/es\\\/#organization\"},\"potentialAction\":[{\"@type\":\"SearchAction\",\"target\":{\"@type\":\"EntryPoint\",\"urlTemplate\":\"https:\\\/\\\/www.rememberme-forever.com\\\/es\\\/?s={search_term_string}\"},\"query-input\":{\"@type\":\"PropertyValueSpecification\",\"valueRequired\":true,\"valueName\":\"search_term_string\"}}],\"inLanguage\":\"es\"},{\"@type\":\"Organization\",\"@id\":\"https:\\\/\\\/www.rememberme-forever.com\\\/es\\\/#organization\",\"name\":\"Remember Forever\",\"url\":\"https:\\\/\\\/www.rememberme-forever.com\\\/es\\\/\",\"logo\":{\"@type\":\"ImageObject\",\"inLanguage\":\"es\",\"@id\":\"https:\\\/\\\/www.rememberme-forever.com\\\/es\\\/#\\\/schema\\\/logo\\\/image\\\/\",\"url\":\"https:\\\/\\\/www.rememberme-forever.com\\\/wp-content\\\/uploads\\\/2023\\\/02\\\/logo.png\",\"contentUrl\":\"https:\\\/\\\/www.rememberme-forever.com\\\/wp-content\\\/uploads\\\/2023\\\/02\\\/logo.png\",\"width\":300,\"height\":56,\"caption\":\"Remember Forever\"},\"image\":{\"@id\":\"https:\\\/\\\/www.rememberme-forever.com\\\/es\\\/#\\\/schema\\\/logo\\\/image\\\/\"}}]}<\/script>\n<!-- \/ Yoast SEO plugin. -->","yoast_head_json":{"title":"Urna de cremaci\u00f3n con figura de coraz\u00f3n","description":"Presentamos nuestra urna de cremaci\u00f3n con figura de coraz\u00f3n: un homenaje emotivo y elegante para su ser querido. Una caja \u00fanica para cenizas con un coraz\u00f3n.","robots":{"index":"index","follow":"follow","max-snippet":"max-snippet:-1","max-image-preview":"max-image-preview:large","max-video-preview":"max-video-preview:-1"},"canonical":"https:\/\/www.rememberme-forever.com\/es\/producto\/urna-de-cremacion-con-figura-de-corazon\/","og_locale":"es_ES","og_type":"article","og_title":"Urna de cremaci\u00f3n con figura de coraz\u00f3n","og_description":"Presentamos nuestra urna de cremaci\u00f3n con figura de coraz\u00f3n: un homenaje emotivo y elegante para su ser querido. Una caja \u00fanica para cenizas con un coraz\u00f3n.","og_url":"https:\/\/www.rememberme-forever.com\/es\/producto\/urna-de-cremacion-con-figura-de-corazon\/","og_site_name":"Remember Forever","article_modified_time":"2026-02-23T11:24:58+00:00","og_image":[{"width":768,"height":781,"url":"http:\/\/www.rememberme-forever.com\/wp-content\/uploads\/2023\/04\/urn-with-heart-figurine.jpg","type":"image\/jpeg"}],"twitter_card":"summary_large_image","twitter_misc":{"Tiempo de lectura":"3 minutos"},"schema":{"@context":"https:\/\/schema.org","@graph":[{"@type":"WebPage","@id":"https:\/\/www.rememberme-forever.com\/es\/producto\/urna-de-cremacion-con-figura-de-corazon\/","url":"https:\/\/www.rememberme-forever.com\/es\/producto\/urna-de-cremacion-con-figura-de-corazon\/","name":"Urna de cremaci\u00f3n con figura de coraz\u00f3n","isPartOf":{"@id":"https:\/\/www.rememberme-forever.com\/es\/#website"},"primaryImageOfPage":{"@id":"https:\/\/www.rememberme-forever.com\/es\/producto\/urna-de-cremacion-con-figura-de-corazon\/#primaryimage"},"image":{"@id":"https:\/\/www.rememberme-forever.com\/es\/producto\/urna-de-cremacion-con-figura-de-corazon\/#primaryimage"},"thumbnailUrl":"https:\/\/www.rememberme-forever.com\/wp-content\/uploads\/2023\/04\/urn-with-heart-figurine.jpg","datePublished":"2023-04-18T07:10:07+00:00","dateModified":"2026-02-23T11:24:58+00:00","description":"Presentamos nuestra urna de cremaci\u00f3n con figura de coraz\u00f3n: un homenaje emotivo y elegante para su ser querido. Una caja \u00fanica para cenizas con un coraz\u00f3n.","breadcrumb":{"@id":"https:\/\/www.rememberme-forever.com\/es\/producto\/urna-de-cremacion-con-figura-de-corazon\/#breadcrumb"},"inLanguage":"es","potentialAction":[{"@type":"ReadAction","target":["https:\/\/www.rememberme-forever.com\/es\/producto\/urna-de-cremacion-con-figura-de-corazon\/"]}]},{"@type":"ImageObject","inLanguage":"es","@id":"https:\/\/www.rememberme-forever.com\/es\/producto\/urna-de-cremacion-con-figura-de-corazon\/#primaryimage","url":"https:\/\/www.rememberme-forever.com\/wp-content\/uploads\/2023\/04\/urn-with-heart-figurine.jpg","contentUrl":"https:\/\/www.rememberme-forever.com\/wp-content\/uploads\/2023\/04\/urn-with-heart-figurine.jpg","width":768,"height":781,"caption":"Urna de cremaci\u00f3n con figura de coraz\u00f3n, urna con figura de coraz\u00f3n, urna de coraz\u00f3n, urna para mam\u00e1"},{"@type":"BreadcrumbList","@id":"https:\/\/www.rememberme-forever.com\/es\/producto\/urna-de-cremacion-con-figura-de-corazon\/#breadcrumb","itemListElement":[{"@type":"ListItem","position":1,"name":"Home","item":"https:\/\/www.rememberme-forever.com\/es\/inicio\/"},{"@type":"ListItem","position":2,"name":"Comercio","item":"https:\/\/www.rememberme-forever.com\/es\/shop\/"},{"@type":"ListItem","position":3,"name":"Urna de cremaci\u00f3n con figura de coraz\u00f3n"}]},{"@type":"WebSite","@id":"https:\/\/www.rememberme-forever.com\/es\/#website","url":"https:\/\/www.rememberme-forever.com\/es\/","name":"Remember Forever","description":"Cremation urns, funeral urns, urns for ashes","publisher":{"@id":"https:\/\/www.rememberme-forever.com\/es\/#organization"},"potentialAction":[{"@type":"SearchAction","target":{"@type":"EntryPoint","urlTemplate":"https:\/\/www.rememberme-forever.com\/es\/?s={search_term_string}"},"query-input":{"@type":"PropertyValueSpecification","valueRequired":true,"valueName":"search_term_string"}}],"inLanguage":"es"},{"@type":"Organization","@id":"https:\/\/www.rememberme-forever.com\/es\/#organization","name":"Remember Forever","url":"https:\/\/www.rememberme-forever.com\/es\/","logo":{"@type":"ImageObject","inLanguage":"es","@id":"https:\/\/www.rememberme-forever.com\/es\/#\/schema\/logo\/image\/","url":"https:\/\/www.rememberme-forever.com\/wp-content\/uploads\/2023\/02\/logo.png","contentUrl":"https:\/\/www.rememberme-forever.com\/wp-content\/uploads\/2023\/02\/logo.png","width":300,"height":56,"caption":"Remember Forever"},"image":{"@id":"https:\/\/www.rememberme-forever.com\/es\/#\/schema\/logo\/image\/"}}]}},"acf":[],"_links":{"self":[{"href":"https:\/\/www.rememberme-forever.com\/es\/wp-json\/wp\/v2\/product\/26168","targetHints":{"allow":["GET"]}}],"collection":[{"href":"https:\/\/www.rememberme-forever.com\/es\/wp-json\/wp\/v2\/product"}],"about":[{"href":"https:\/\/www.rememberme-forever.com\/es\/wp-json\/wp\/v2\/types\/product"}],"wp:featuredmedia":[{"embeddable":true,"href":"https:\/\/www.rememberme-forever.com\/es\/wp-json\/wp\/v2\/media\/26163"}],"wp:attachment":[{"href":"https:\/\/www.rememberme-forever.com\/es\/wp-json\/wp\/v2\/media?parent=26168"}],"wp:term":[{"taxonomy":"product_brand","embeddable":true,"href":"https:\/\/www.rememberme-forever.com\/es\/wp-json\/wp\/v2\/product_brand?post=26168"},{"taxonomy":"product_cat","embeddable":true,"href":"https:\/\/www.rememberme-forever.com\/es\/wp-json\/wp\/v2\/product_cat?post=26168"},{"taxonomy":"product_tag","embeddable":true,"href":"https:\/\/www.rememberme-forever.com\/es\/wp-json\/wp\/v2\/product_tag?post=26168"}],"curies":[{"name":"wp","href":"https:\/\/api.w.org\/{rel}","templated":true}]}}