{"id":26214,"date":"2023-04-18T10:23:09","date_gmt":"2023-04-18T08:23:09","guid":{"rendered":"https:\/\/www.rememberme-forever.com\/product\/urna-artistica-para-cenizas-con-doble-corazon\/"},"modified":"2026-02-23T12:45:57","modified_gmt":"2026-02-23T11:45:57","slug":"urna-artistica-para-cenizas-con-doble-corazon","status":"publish","type":"product","link":"https:\/\/www.rememberme-forever.com\/es\/producto\/urna-artistica-para-cenizas-con-doble-corazon\/","title":{"rendered":"Urna art\u00edstica para cenizas con doble coraz\u00f3n"},"content":{"rendered":"<div style=\"width: 100%; margin-bottom: 30px; height: max-content; padding-bottom: 60%; position: relative;\"><iframe style=\"position: absolute; top: 0; left: 0; width: 100%; height: 100%;\" src=\"https:\/\/rememberme-urns.com\/black-casket-for-ashes-with-hearts\/\" frameborder=\"0\"><\/iframe><\/div>\n<div style=\"color: red; text-align: center; margin-bottom: 25px;\">\n<p>&gt;&gt; Foto giratoria &#8211; pulsar\/acercar &lt;&lt;<\/p>\n<\/div>\n<h2 style=\"text-align: center;\">Urna art\u00edstica para cenizas<\/h2>\n<p style=\"text-align: center;\">Nuestra<strong> urna art\u00edstica para cenizas<\/strong> es un tributo hermoso y \u00fanico a la memoria de su ser querido. Esta peque\u00f1a caja presenta dos corazones, pintados art\u00edsticamente con un efecto craquelado natural en la parte superior. El intrincado y delicado dise\u00f1o de los corazones crea una sensaci\u00f3n de calidez y amor, simbolizando el v\u00ednculo especial que comparti\u00f3 con su ser querido.<\/p>\n<p style=\"text-align: center;\">Fabricada con materiales de alta calidad, esta urna cuenta con una apertura inferior que permite colocar las cenizas de su ser querido de forma f\u00e1cil y discreta. Su s\u00f3lida construcci\u00f3n garantiza que los restos quedar\u00e1n protegidos y seguros en su interior, para su tranquilidad y consuelo.<\/p>\n<p><iframe loading=\"lazy\" title=\"Wooden Urns Part 3: Black Box For Ashes\" width=\"640\" height=\"360\" src=\"https:\/\/www.youtube.com\/embed\/QPZvx9YIDxE?feature=oembed\" frameborder=\"0\" allow=\"accelerometer; autoplay; clipboard-write; encrypted-media; gyroscope; picture-in-picture; web-share\" referrerpolicy=\"strict-origin-when-cross-origin\" allowfullscreen><\/iframe><\/p>\n<p style=\"text-align: center;\">Para quienes deseen a\u00f1adir un toque personal, existe la opci\u00f3n de incluir una placa conmemorativa en la parte frontal de la urna. As\u00ed podr\u00e1 personalizarla con un mensaje especial que honre la memoria de su ser querido, convirti\u00e9ndola en un homenaje verdaderamente \u00fanico y especial.<\/p>\n<p style=\"text-align: center;\">Al sostener esta urna art\u00edstica para cenizas en sus manos, sentir\u00e1 una sensaci\u00f3n de consuelo y paz al saber que la memoria de su ser querido est\u00e1 siendo honrada de la manera m\u00e1s digna y especial. El dise\u00f1o art\u00edstico de los corazones es un s\u00edmbolo del amor que compartieron, sirviendo como recordatorio de que su ser querido siempre estar\u00e1 con usted en su coraz\u00f3n.<\/p>\n<p style=\"text-align: center;\">Esta urna art\u00edstica para cenizas es un tributo adecuado para una vida llena de amor y creatividad. Es una forma hermosa y significativa de recordar a su ser querido y de rendir homenaje a los recuerdos y momentos especiales que compartieron. Su impresionante dise\u00f1o y construcci\u00f3n de alta calidad la convierten en una verdadera obra de arte, sirviendo como testimonio duradero del v\u00ednculo \u00fanico y especial que comparti\u00f3 con su ser querido.<\/p>\n<p style=\"text-align: center;\">Honrar la vida y los recuerdos de su ser querido nunca ha sido tan f\u00e1cil ni tan especial como con nuestra urna art\u00edstica para cenizas.<\/p>\n<p>&nbsp;<\/p>\n<h3 style=\"text-align: center;\"><strong>PERSONALIZACI\u00d3N<\/strong><\/h3>\n<p style=\"text-align: center;\">Si elige una placa personalizada, incluya el texto en el marco de personalizaci\u00f3n del producto.<\/p>\n<p style=\"text-align: center;\">La placa conmemorativa personalizada debe personalizarse al realizar el pedido. (No se preocupe si no la incluye, siempre puede enviarnos un mensaje despu\u00e9s).<\/p>\n<p style=\"text-align: center;\">Revise atentamente el texto del grabado antes de a\u00f1adir el art\u00edculo al carrito. Copiamos y grabamos la informaci\u00f3n exacta que recibimos con el pedido y no realizamos ning\u00fan cambio.<\/p>\n<p style=\"text-align: center;\"><strong>Revise el texto para asegurarse de que la ortograf\u00eda sea correcta.<\/strong><\/p>\n<p><img loading=\"lazy\" decoding=\"async\" class=\" wp-image-1447 aligncenter\" src=\"http:\/\/www.rememberme-forever.com\/wp-content\/uploads\/2023\/04\/memorial-plaque-cremation-urn-gold-300x150.jpg\" alt=\"Placa conmemorativa urna de cremaci\u00f3n dorada\" width=\"260\" height=\"130\" srcset=\"https:\/\/www.rememberme-forever.com\/wp-content\/uploads\/2023\/04\/memorial-plaque-cremation-urn-gold-300x150.jpg 300w, https:\/\/www.rememberme-forever.com\/wp-content\/uploads\/2023\/04\/memorial-plaque-cremation-urn-gold-64x32.jpg 64w, https:\/\/www.rememberme-forever.com\/wp-content\/uploads\/2023\/04\/memorial-plaque-cremation-urn-gold.jpg 448w\" sizes=\"auto, (max-width: 260px) 100vw, 260px\" \/><\/p>\n<p>&nbsp;<\/p>\n<p style=\"text-align: center;\"><em><strong>La caja negra es la base para colocar cualquier adorno sobre ella. Si necesita una decoraci\u00f3n diferente, <a href=\"https:\/\/www.rememberme-forever.com\/es\/contacto\/\" target=\"_blank\" rel=\"noopener\">p\u00f3ngase en contacto con nosotros.<\/a> <\/strong><\/em><\/p>\n","protected":false},"excerpt":{"rendered":"<p><em><strong>Urna de cremaci\u00f3n de madera para adulto con dos corazones craquelados<\/strong><\/em><\/p>\n","protected":false},"featured_media":26209,"template":"","meta":{"_acf_changed":false},"product_brand":[],"product_cat":[2456,2442,2467,2455],"product_tag":[3309],"class_list":{"0":"post-26214","1":"product","2":"type-product","3":"status-publish","4":"has-post-thumbnail","6":"product_cat-todas-las-demas-urnas","7":"product_cat-urnas-artisticas","8":"product_cat-urnas-de-madera","9":"product_cat-urnas-tematicas","10":"product_tag-gpsr-all-wood-urns","11":"product_shipping_class-2-4kg-es","13":"first","14":"instock","15":"taxable","16":"shipping-taxable","17":"purchasable","18":"product-type-simple"},"yoast_head":"<!-- This site is optimized with the Yoast SEO plugin v27.4 - https:\/\/yoast.com\/product\/yoast-seo-wordpress\/ -->\n<title>Urna art\u00edstica para cenizas con doble coraz\u00f3n<\/title>\n<meta name=\"description\" content=\"Nuestra urna art\u00edstica para cenizas es un tributo hermoso y \u00fanico a la memoria de su ser querido. Corazones pintados con t\u00e9cnica de decoupage \u00fanica.\" \/>\n<meta name=\"robots\" content=\"index, follow, max-snippet:-1, max-image-preview:large, max-video-preview:-1\" \/>\n<link rel=\"canonical\" href=\"https:\/\/www.rememberme-forever.com\/es\/producto\/urna-artistica-para-cenizas-con-doble-corazon\/\" \/>\n<meta property=\"og:locale\" content=\"es_ES\" \/>\n<meta property=\"og:type\" content=\"article\" \/>\n<meta property=\"og:title\" content=\"Urna art\u00edstica para cenizas con doble coraz\u00f3n\" \/>\n<meta property=\"og:description\" content=\"Nuestra urna art\u00edstica para cenizas es un tributo hermoso y \u00fanico a la memoria de su ser querido. Corazones pintados con t\u00e9cnica de decoupage \u00fanica.\" \/>\n<meta property=\"og:url\" content=\"https:\/\/www.rememberme-forever.com\/es\/producto\/urna-artistica-para-cenizas-con-doble-corazon\/\" \/>\n<meta property=\"og:site_name\" content=\"Remember Forever\" \/>\n<meta property=\"article:modified_time\" content=\"2026-02-23T11:45:57+00:00\" \/>\n<meta property=\"og:image\" content=\"http:\/\/www.rememberme-forever.com\/wp-content\/uploads\/2023\/04\/artistic-box-for-ashes.jpg\" \/>\n\t<meta property=\"og:image:width\" content=\"768\" \/>\n\t<meta property=\"og:image:height\" content=\"781\" \/>\n\t<meta property=\"og:image:type\" content=\"image\/jpeg\" \/>\n<meta name=\"twitter:card\" content=\"summary_large_image\" \/>\n<meta name=\"twitter:label1\" content=\"Tiempo de lectura\" \/>\n\t<meta name=\"twitter:data1\" content=\"3 minutos\" \/>\n<script type=\"application\/ld+json\" class=\"yoast-schema-graph\">{\"@context\":\"https:\\\/\\\/schema.org\",\"@graph\":[{\"@type\":\"WebPage\",\"@id\":\"https:\\\/\\\/www.rememberme-forever.com\\\/es\\\/producto\\\/urna-artistica-para-cenizas-con-doble-corazon\\\/\",\"url\":\"https:\\\/\\\/www.rememberme-forever.com\\\/es\\\/producto\\\/urna-artistica-para-cenizas-con-doble-corazon\\\/\",\"name\":\"Urna art\u00edstica para cenizas con doble coraz\u00f3n\",\"isPartOf\":{\"@id\":\"https:\\\/\\\/www.rememberme-forever.com\\\/es\\\/#website\"},\"primaryImageOfPage\":{\"@id\":\"https:\\\/\\\/www.rememberme-forever.com\\\/es\\\/producto\\\/urna-artistica-para-cenizas-con-doble-corazon\\\/#primaryimage\"},\"image\":{\"@id\":\"https:\\\/\\\/www.rememberme-forever.com\\\/es\\\/producto\\\/urna-artistica-para-cenizas-con-doble-corazon\\\/#primaryimage\"},\"thumbnailUrl\":\"https:\\\/\\\/www.rememberme-forever.com\\\/wp-content\\\/uploads\\\/2023\\\/04\\\/artistic-box-for-ashes.jpg\",\"datePublished\":\"2023-04-18T08:23:09+00:00\",\"dateModified\":\"2026-02-23T11:45:57+00:00\",\"description\":\"Nuestra urna art\u00edstica para cenizas es un tributo hermoso y \u00fanico a la memoria de su ser querido. Corazones pintados con t\u00e9cnica de decoupage \u00fanica.\",\"breadcrumb\":{\"@id\":\"https:\\\/\\\/www.rememberme-forever.com\\\/es\\\/producto\\\/urna-artistica-para-cenizas-con-doble-corazon\\\/#breadcrumb\"},\"inLanguage\":\"es\",\"potentialAction\":[{\"@type\":\"ReadAction\",\"target\":[\"https:\\\/\\\/www.rememberme-forever.com\\\/es\\\/producto\\\/urna-artistica-para-cenizas-con-doble-corazon\\\/\"]}]},{\"@type\":\"ImageObject\",\"inLanguage\":\"es\",\"@id\":\"https:\\\/\\\/www.rememberme-forever.com\\\/es\\\/producto\\\/urna-artistica-para-cenizas-con-doble-corazon\\\/#primaryimage\",\"url\":\"https:\\\/\\\/www.rememberme-forever.com\\\/wp-content\\\/uploads\\\/2023\\\/04\\\/artistic-box-for-ashes.jpg\",\"contentUrl\":\"https:\\\/\\\/www.rememberme-forever.com\\\/wp-content\\\/uploads\\\/2023\\\/04\\\/artistic-box-for-ashes.jpg\",\"width\":768,\"height\":781,\"caption\":\"urna art\u00edstica para cenizas\"},{\"@type\":\"BreadcrumbList\",\"@id\":\"https:\\\/\\\/www.rememberme-forever.com\\\/es\\\/producto\\\/urna-artistica-para-cenizas-con-doble-corazon\\\/#breadcrumb\",\"itemListElement\":[{\"@type\":\"ListItem\",\"position\":1,\"name\":\"Home\",\"item\":\"https:\\\/\\\/www.rememberme-forever.com\\\/es\\\/inicio\\\/\"},{\"@type\":\"ListItem\",\"position\":2,\"name\":\"Comercio\",\"item\":\"https:\\\/\\\/www.rememberme-forever.com\\\/es\\\/shop\\\/\"},{\"@type\":\"ListItem\",\"position\":3,\"name\":\"Urna art\u00edstica para cenizas con doble coraz\u00f3n\"}]},{\"@type\":\"WebSite\",\"@id\":\"https:\\\/\\\/www.rememberme-forever.com\\\/es\\\/#website\",\"url\":\"https:\\\/\\\/www.rememberme-forever.com\\\/es\\\/\",\"name\":\"Remember Forever\",\"description\":\"Cremation urns, funeral urns, urns for ashes\",\"publisher\":{\"@id\":\"https:\\\/\\\/www.rememberme-forever.com\\\/es\\\/#organization\"},\"potentialAction\":[{\"@type\":\"SearchAction\",\"target\":{\"@type\":\"EntryPoint\",\"urlTemplate\":\"https:\\\/\\\/www.rememberme-forever.com\\\/es\\\/?s={search_term_string}\"},\"query-input\":{\"@type\":\"PropertyValueSpecification\",\"valueRequired\":true,\"valueName\":\"search_term_string\"}}],\"inLanguage\":\"es\"},{\"@type\":\"Organization\",\"@id\":\"https:\\\/\\\/www.rememberme-forever.com\\\/es\\\/#organization\",\"name\":\"Remember Forever\",\"url\":\"https:\\\/\\\/www.rememberme-forever.com\\\/es\\\/\",\"logo\":{\"@type\":\"ImageObject\",\"inLanguage\":\"es\",\"@id\":\"https:\\\/\\\/www.rememberme-forever.com\\\/es\\\/#\\\/schema\\\/logo\\\/image\\\/\",\"url\":\"https:\\\/\\\/www.rememberme-forever.com\\\/wp-content\\\/uploads\\\/2023\\\/02\\\/logo.png\",\"contentUrl\":\"https:\\\/\\\/www.rememberme-forever.com\\\/wp-content\\\/uploads\\\/2023\\\/02\\\/logo.png\",\"width\":300,\"height\":56,\"caption\":\"Remember Forever\"},\"image\":{\"@id\":\"https:\\\/\\\/www.rememberme-forever.com\\\/es\\\/#\\\/schema\\\/logo\\\/image\\\/\"}}]}<\/script>\n<!-- \/ Yoast SEO plugin. -->","yoast_head_json":{"title":"Urna art\u00edstica para cenizas con doble coraz\u00f3n","description":"Nuestra urna art\u00edstica para cenizas es un tributo hermoso y \u00fanico a la memoria de su ser querido. Corazones pintados con t\u00e9cnica de decoupage \u00fanica.","robots":{"index":"index","follow":"follow","max-snippet":"max-snippet:-1","max-image-preview":"max-image-preview:large","max-video-preview":"max-video-preview:-1"},"canonical":"https:\/\/www.rememberme-forever.com\/es\/producto\/urna-artistica-para-cenizas-con-doble-corazon\/","og_locale":"es_ES","og_type":"article","og_title":"Urna art\u00edstica para cenizas con doble coraz\u00f3n","og_description":"Nuestra urna art\u00edstica para cenizas es un tributo hermoso y \u00fanico a la memoria de su ser querido. Corazones pintados con t\u00e9cnica de decoupage \u00fanica.","og_url":"https:\/\/www.rememberme-forever.com\/es\/producto\/urna-artistica-para-cenizas-con-doble-corazon\/","og_site_name":"Remember Forever","article_modified_time":"2026-02-23T11:45:57+00:00","og_image":[{"width":768,"height":781,"url":"http:\/\/www.rememberme-forever.com\/wp-content\/uploads\/2023\/04\/artistic-box-for-ashes.jpg","type":"image\/jpeg"}],"twitter_card":"summary_large_image","twitter_misc":{"Tiempo de lectura":"3 minutos"},"schema":{"@context":"https:\/\/schema.org","@graph":[{"@type":"WebPage","@id":"https:\/\/www.rememberme-forever.com\/es\/producto\/urna-artistica-para-cenizas-con-doble-corazon\/","url":"https:\/\/www.rememberme-forever.com\/es\/producto\/urna-artistica-para-cenizas-con-doble-corazon\/","name":"Urna art\u00edstica para cenizas con doble coraz\u00f3n","isPartOf":{"@id":"https:\/\/www.rememberme-forever.com\/es\/#website"},"primaryImageOfPage":{"@id":"https:\/\/www.rememberme-forever.com\/es\/producto\/urna-artistica-para-cenizas-con-doble-corazon\/#primaryimage"},"image":{"@id":"https:\/\/www.rememberme-forever.com\/es\/producto\/urna-artistica-para-cenizas-con-doble-corazon\/#primaryimage"},"thumbnailUrl":"https:\/\/www.rememberme-forever.com\/wp-content\/uploads\/2023\/04\/artistic-box-for-ashes.jpg","datePublished":"2023-04-18T08:23:09+00:00","dateModified":"2026-02-23T11:45:57+00:00","description":"Nuestra urna art\u00edstica para cenizas es un tributo hermoso y \u00fanico a la memoria de su ser querido. Corazones pintados con t\u00e9cnica de decoupage \u00fanica.","breadcrumb":{"@id":"https:\/\/www.rememberme-forever.com\/es\/producto\/urna-artistica-para-cenizas-con-doble-corazon\/#breadcrumb"},"inLanguage":"es","potentialAction":[{"@type":"ReadAction","target":["https:\/\/www.rememberme-forever.com\/es\/producto\/urna-artistica-para-cenizas-con-doble-corazon\/"]}]},{"@type":"ImageObject","inLanguage":"es","@id":"https:\/\/www.rememberme-forever.com\/es\/producto\/urna-artistica-para-cenizas-con-doble-corazon\/#primaryimage","url":"https:\/\/www.rememberme-forever.com\/wp-content\/uploads\/2023\/04\/artistic-box-for-ashes.jpg","contentUrl":"https:\/\/www.rememberme-forever.com\/wp-content\/uploads\/2023\/04\/artistic-box-for-ashes.jpg","width":768,"height":781,"caption":"urna art\u00edstica para cenizas"},{"@type":"BreadcrumbList","@id":"https:\/\/www.rememberme-forever.com\/es\/producto\/urna-artistica-para-cenizas-con-doble-corazon\/#breadcrumb","itemListElement":[{"@type":"ListItem","position":1,"name":"Home","item":"https:\/\/www.rememberme-forever.com\/es\/inicio\/"},{"@type":"ListItem","position":2,"name":"Comercio","item":"https:\/\/www.rememberme-forever.com\/es\/shop\/"},{"@type":"ListItem","position":3,"name":"Urna art\u00edstica para cenizas con doble coraz\u00f3n"}]},{"@type":"WebSite","@id":"https:\/\/www.rememberme-forever.com\/es\/#website","url":"https:\/\/www.rememberme-forever.com\/es\/","name":"Remember Forever","description":"Cremation urns, funeral urns, urns for ashes","publisher":{"@id":"https:\/\/www.rememberme-forever.com\/es\/#organization"},"potentialAction":[{"@type":"SearchAction","target":{"@type":"EntryPoint","urlTemplate":"https:\/\/www.rememberme-forever.com\/es\/?s={search_term_string}"},"query-input":{"@type":"PropertyValueSpecification","valueRequired":true,"valueName":"search_term_string"}}],"inLanguage":"es"},{"@type":"Organization","@id":"https:\/\/www.rememberme-forever.com\/es\/#organization","name":"Remember Forever","url":"https:\/\/www.rememberme-forever.com\/es\/","logo":{"@type":"ImageObject","inLanguage":"es","@id":"https:\/\/www.rememberme-forever.com\/es\/#\/schema\/logo\/image\/","url":"https:\/\/www.rememberme-forever.com\/wp-content\/uploads\/2023\/02\/logo.png","contentUrl":"https:\/\/www.rememberme-forever.com\/wp-content\/uploads\/2023\/02\/logo.png","width":300,"height":56,"caption":"Remember Forever"},"image":{"@id":"https:\/\/www.rememberme-forever.com\/es\/#\/schema\/logo\/image\/"}}]}},"acf":[],"_links":{"self":[{"href":"https:\/\/www.rememberme-forever.com\/es\/wp-json\/wp\/v2\/product\/26214","targetHints":{"allow":["GET"]}}],"collection":[{"href":"https:\/\/www.rememberme-forever.com\/es\/wp-json\/wp\/v2\/product"}],"about":[{"href":"https:\/\/www.rememberme-forever.com\/es\/wp-json\/wp\/v2\/types\/product"}],"wp:featuredmedia":[{"embeddable":true,"href":"https:\/\/www.rememberme-forever.com\/es\/wp-json\/wp\/v2\/media\/26209"}],"wp:attachment":[{"href":"https:\/\/www.rememberme-forever.com\/es\/wp-json\/wp\/v2\/media?parent=26214"}],"wp:term":[{"taxonomy":"product_brand","embeddable":true,"href":"https:\/\/www.rememberme-forever.com\/es\/wp-json\/wp\/v2\/product_brand?post=26214"},{"taxonomy":"product_cat","embeddable":true,"href":"https:\/\/www.rememberme-forever.com\/es\/wp-json\/wp\/v2\/product_cat?post=26214"},{"taxonomy":"product_tag","embeddable":true,"href":"https:\/\/www.rememberme-forever.com\/es\/wp-json\/wp\/v2\/product_tag?post=26214"}],"curies":[{"name":"wp","href":"https:\/\/api.w.org\/{rel}","templated":true}]}}