{"id":26229,"date":"2023-04-18T11:11:37","date_gmt":"2023-04-18T09:11:37","guid":{"rendered":"https:\/\/www.rememberme-forever.com\/product\/urna-de-cremacion-para-dos-adultos\/"},"modified":"2026-02-23T12:57:17","modified_gmt":"2026-02-23T11:57:17","slug":"urna-de-cremacion-para-dos-adultos","status":"publish","type":"product","link":"https:\/\/www.rememberme-forever.com\/es\/producto\/urna-de-cremacion-para-dos-adultos\/","title":{"rendered":"Urna de cremaci\u00f3n para dos adultos"},"content":{"rendered":"<div style=\"width: 100%; margin-bottom: 30px; height: max-content; padding-bottom: 60%; position: relative;\"><iframe style=\"position: absolute; top: 0; left: 0; width: 100%; height: 100%;\" src=\"https:\/\/rememberme-urns.com\/modern-black-companion-urn\/\" frameborder=\"0\"><\/iframe><\/div>\n<div style=\"color: red; text-align: center; margin-bottom: 25px;\">\n<p>&gt;&gt; Foto giratoria &#8211; pulsar\/acercar &lt;&lt;<\/p>\n<\/div>\n<h2 style=\"text-align: center;\">Urna de cremaci\u00f3n para dos adultos<\/h2>\n<p style=\"text-align: center;\">Nuestra <strong>urna de cremaci\u00f3n para dos adultos<\/strong> es un homenaje hermoso y moderno a la memoria de dos seres queridos. Esta urna grande est\u00e1 dise\u00f1ada para contener las cenizas de dos adultos, proporcionando un lugar de descanso final apropiado para quienes compartieron un v\u00ednculo especial en vida.<\/p>\n<p style=\"text-align: center;\">Elaborada con materiales de la m\u00e1s alta calidad, esta urna es una obra de arte que presenta un dise\u00f1o moderno y sofisticado. Sus l\u00edneas elegantes y estilizadas transmiten una belleza discreta, convirti\u00e9ndola en un homenaje perfecto al gusto refinado de sus seres queridos.<\/p>\n<p style=\"text-align: center;\">Con un interior espacioso y apertura inferior, esta urna ofrece amplio espacio para las cenizas de dos adultos, garantizando que sus restos se mantengan juntos de forma segura y respetuosa. Su construcci\u00f3n robusta asegura que las cenizas estar\u00e1n contenidas de manera segura, brind\u00e1ndole la tranquilidad de que sus seres queridos est\u00e1n siendo honrados de la forma m\u00e1s digna y especial.<\/p>\n<p style=\"text-align: center;\">Esta urna de cremaci\u00f3n para dos adultos es un homenaje apropiado al v\u00ednculo especial que sus seres queridos compartieron en vida. Su dise\u00f1o contempor\u00e1neo refleja la naturaleza \u00fanica y moderna de su relaci\u00f3n, sirviendo como testimonio duradero del amor y los recuerdos que crearon juntos.<\/p>\n<p style=\"text-align: center;\">Ya sea colocada en un lugar destacado del hogar o en un lugar de descanso final, esta urna servir\u00e1 como un homenaje hermoso y significativo a las vidas de dos personas especiales. Es un testimonio de su v\u00ednculo \u00fanico y de los recuerdos que seguir\u00e1n siendo atesorados durante a\u00f1os.<\/p>\n<p style=\"text-align: center;\">Honrar la memoria de dos seres queridos nunca ha sido tan f\u00e1cil ni tan especial como con nuestra urna de cremaci\u00f3n para dos adultos. Su dise\u00f1o moderno, construcci\u00f3n de alta calidad e interior espacioso la convierten en un homenaje perfecto al v\u00ednculo especial que sus seres queridos compartieron. Es una forma hermosa y significativa de recordar sus vidas y celebrar el amor y los recuerdos que nunca ser\u00e1n olvidados.<\/p>\n<p>&nbsp;<\/p>\n<h3 style=\"text-align: center;\"><strong>PERSONALIZACI\u00d3N<\/strong><\/h3>\n<p style=\"text-align: center;\">Si elige una placa personalizada, incluya el texto en el marco de personalizaci\u00f3n del producto.<\/p>\n<p style=\"text-align: center;\">La placa conmemorativa personalizada debe personalizarse al realizar el pedido. (No se preocupe si no la incluye, siempre puede enviarnos un mensaje despu\u00e9s).<\/p>\n<p style=\"text-align: center;\">Revise atentamente el texto del grabado antes de a\u00f1adir el art\u00edculo al carrito. Copiamos y grabamos la informaci\u00f3n exacta que recibimos con el pedido y no realizamos ning\u00fan cambio.<\/p>\n<p style=\"text-align: center;\"><strong>Revise el texto para asegurarse de que la ortograf\u00eda sea correcta.<\/strong><\/p>\n<p><img loading=\"lazy\" decoding=\"async\" class=\"wp-image-1453 aligncenter\" src=\"http:\/\/www.rememberme-forever.com\/wp-content\/uploads\/2023\/04\/silver-plaque-urn-295x300.jpg\" alt=\"Urna con placa de plata\" width=\"194\" height=\"197\" srcset=\"https:\/\/www.rememberme-forever.com\/wp-content\/uploads\/2023\/04\/silver-plaque-urn-295x300.jpg 295w, https:\/\/www.rememberme-forever.com\/wp-content\/uploads\/2023\/04\/silver-plaque-urn-600x610.jpg 600w, https:\/\/www.rememberme-forever.com\/wp-content\/uploads\/2023\/04\/silver-plaque-urn-64x65.jpg 64w, https:\/\/www.rememberme-forever.com\/wp-content\/uploads\/2023\/04\/silver-plaque-urn.jpg 768w\" sizes=\"auto, (max-width: 194px) 100vw, 194px\" \/><\/p>\n<p style=\"text-align: center;\"><strong><em>La placa conmemorativa se a\u00f1adir\u00e1 por separado con el soporte, como se muestra en la foto.<\/em><\/strong><\/p>\n<p style=\"text-align: center;\"><strong><em>(El soporte de la placa conmemorativa est\u00e1 hecho de plexigl\u00e1s transparente). <\/em><\/strong><\/p>\n","protected":false},"excerpt":{"rendered":"<p><em>La urna compartida geom\u00e9trica moderna es una urna para cenizas \u00fanica con un estilo<\/em><em> moderno y<\/em><em> art\u00edstico<\/em><em> y un dise\u00f1o geom\u00e9trico impresionante.<\/em><\/p>\n","protected":false},"featured_media":26226,"template":"","meta":{"_acf_changed":false},"product_brand":[],"product_cat":[2446,2442,2467],"product_tag":[3309],"class_list":{"0":"post-26229","1":"product","2":"type-product","3":"status-publish","4":"has-post-thumbnail","6":"product_cat-urnas-acompanantes","7":"product_cat-urnas-artisticas","8":"product_cat-urnas-de-madera","9":"product_tag-gpsr-all-wood-urns","10":"product_shipping_class-2-4kg-es","12":"first","13":"instock","14":"taxable","15":"shipping-taxable","16":"purchasable","17":"product-type-variable"},"yoast_head":"<!-- This site is optimized with the Yoast SEO plugin v27.4 - https:\/\/yoast.com\/product\/yoast-seo-wordpress\/ -->\n<title>Urna de cremaci\u00f3n para dos adultos<\/title>\n<meta name=\"description\" content=\"Nuestra urna de cremaci\u00f3n para dos adultos es un homenaje hermoso y moderno a la memoria de dos seres queridos. Esta urna grande est\u00e1 dise\u00f1ada para contener las cenizas de dos adultos.\" \/>\n<meta name=\"robots\" content=\"index, follow, max-snippet:-1, max-image-preview:large, max-video-preview:-1\" \/>\n<link rel=\"canonical\" href=\"https:\/\/www.rememberme-forever.com\/es\/producto\/urna-de-cremacion-para-dos-adultos\/\" \/>\n<meta property=\"og:locale\" content=\"es_ES\" \/>\n<meta property=\"og:type\" content=\"article\" \/>\n<meta property=\"og:title\" content=\"Urna de cremaci\u00f3n para dos adultos\" \/>\n<meta property=\"og:description\" content=\"Nuestra urna de cremaci\u00f3n para dos adultos es un homenaje hermoso y moderno a la memoria de dos seres queridos. Esta urna grande est\u00e1 dise\u00f1ada para contener las cenizas de dos adultos.\" \/>\n<meta property=\"og:url\" content=\"https:\/\/www.rememberme-forever.com\/es\/producto\/urna-de-cremacion-para-dos-adultos\/\" \/>\n<meta property=\"og:site_name\" content=\"Remember Forever\" \/>\n<meta property=\"article:modified_time\" content=\"2026-02-23T11:57:17+00:00\" \/>\n<meta property=\"og:image\" content=\"http:\/\/www.rememberme-forever.com\/wp-content\/uploads\/2023\/04\/cremation-urn-for-two-adults-1.jpg\" \/>\n\t<meta property=\"og:image:width\" content=\"768\" \/>\n\t<meta property=\"og:image:height\" content=\"781\" \/>\n\t<meta property=\"og:image:type\" content=\"image\/jpeg\" \/>\n<meta name=\"twitter:card\" content=\"summary_large_image\" \/>\n<meta name=\"twitter:label1\" content=\"Tiempo de lectura\" \/>\n\t<meta name=\"twitter:data1\" content=\"3 minutos\" \/>\n<script type=\"application\/ld+json\" class=\"yoast-schema-graph\">{\"@context\":\"https:\\\/\\\/schema.org\",\"@graph\":[{\"@type\":\"WebPage\",\"@id\":\"https:\\\/\\\/www.rememberme-forever.com\\\/es\\\/producto\\\/urna-de-cremacion-para-dos-adultos\\\/\",\"url\":\"https:\\\/\\\/www.rememberme-forever.com\\\/es\\\/producto\\\/urna-de-cremacion-para-dos-adultos\\\/\",\"name\":\"Urna de cremaci\u00f3n para dos adultos\",\"isPartOf\":{\"@id\":\"https:\\\/\\\/www.rememberme-forever.com\\\/es\\\/#website\"},\"primaryImageOfPage\":{\"@id\":\"https:\\\/\\\/www.rememberme-forever.com\\\/es\\\/producto\\\/urna-de-cremacion-para-dos-adultos\\\/#primaryimage\"},\"image\":{\"@id\":\"https:\\\/\\\/www.rememberme-forever.com\\\/es\\\/producto\\\/urna-de-cremacion-para-dos-adultos\\\/#primaryimage\"},\"thumbnailUrl\":\"https:\\\/\\\/www.rememberme-forever.com\\\/wp-content\\\/uploads\\\/2023\\\/04\\\/cremation-urn-for-two-adults-1.jpg\",\"datePublished\":\"2023-04-18T09:11:37+00:00\",\"dateModified\":\"2026-02-23T11:57:17+00:00\",\"description\":\"Nuestra urna de cremaci\u00f3n para dos adultos es un homenaje hermoso y moderno a la memoria de dos seres queridos. Esta urna grande est\u00e1 dise\u00f1ada para contener las cenizas de dos adultos.\",\"breadcrumb\":{\"@id\":\"https:\\\/\\\/www.rememberme-forever.com\\\/es\\\/producto\\\/urna-de-cremacion-para-dos-adultos\\\/#breadcrumb\"},\"inLanguage\":\"es\",\"potentialAction\":[{\"@type\":\"ReadAction\",\"target\":[\"https:\\\/\\\/www.rememberme-forever.com\\\/es\\\/producto\\\/urna-de-cremacion-para-dos-adultos\\\/\"]}]},{\"@type\":\"ImageObject\",\"inLanguage\":\"es\",\"@id\":\"https:\\\/\\\/www.rememberme-forever.com\\\/es\\\/producto\\\/urna-de-cremacion-para-dos-adultos\\\/#primaryimage\",\"url\":\"https:\\\/\\\/www.rememberme-forever.com\\\/wp-content\\\/uploads\\\/2023\\\/04\\\/cremation-urn-for-two-adults-1.jpg\",\"contentUrl\":\"https:\\\/\\\/www.rememberme-forever.com\\\/wp-content\\\/uploads\\\/2023\\\/04\\\/cremation-urn-for-two-adults-1.jpg\",\"width\":768,\"height\":781,\"caption\":\"urna de cremaci\u00f3n para dos adultos\"},{\"@type\":\"BreadcrumbList\",\"@id\":\"https:\\\/\\\/www.rememberme-forever.com\\\/es\\\/producto\\\/urna-de-cremacion-para-dos-adultos\\\/#breadcrumb\",\"itemListElement\":[{\"@type\":\"ListItem\",\"position\":1,\"name\":\"Home\",\"item\":\"https:\\\/\\\/www.rememberme-forever.com\\\/es\\\/inicio\\\/\"},{\"@type\":\"ListItem\",\"position\":2,\"name\":\"Comercio\",\"item\":\"https:\\\/\\\/www.rememberme-forever.com\\\/es\\\/shop\\\/\"},{\"@type\":\"ListItem\",\"position\":3,\"name\":\"Urna de cremaci\u00f3n para dos adultos\"}]},{\"@type\":\"WebSite\",\"@id\":\"https:\\\/\\\/www.rememberme-forever.com\\\/es\\\/#website\",\"url\":\"https:\\\/\\\/www.rememberme-forever.com\\\/es\\\/\",\"name\":\"Remember Forever\",\"description\":\"Cremation urns, funeral urns, urns for ashes\",\"publisher\":{\"@id\":\"https:\\\/\\\/www.rememberme-forever.com\\\/es\\\/#organization\"},\"potentialAction\":[{\"@type\":\"SearchAction\",\"target\":{\"@type\":\"EntryPoint\",\"urlTemplate\":\"https:\\\/\\\/www.rememberme-forever.com\\\/es\\\/?s={search_term_string}\"},\"query-input\":{\"@type\":\"PropertyValueSpecification\",\"valueRequired\":true,\"valueName\":\"search_term_string\"}}],\"inLanguage\":\"es\"},{\"@type\":\"Organization\",\"@id\":\"https:\\\/\\\/www.rememberme-forever.com\\\/es\\\/#organization\",\"name\":\"Remember Forever\",\"url\":\"https:\\\/\\\/www.rememberme-forever.com\\\/es\\\/\",\"logo\":{\"@type\":\"ImageObject\",\"inLanguage\":\"es\",\"@id\":\"https:\\\/\\\/www.rememberme-forever.com\\\/es\\\/#\\\/schema\\\/logo\\\/image\\\/\",\"url\":\"https:\\\/\\\/www.rememberme-forever.com\\\/wp-content\\\/uploads\\\/2023\\\/02\\\/logo.png\",\"contentUrl\":\"https:\\\/\\\/www.rememberme-forever.com\\\/wp-content\\\/uploads\\\/2023\\\/02\\\/logo.png\",\"width\":300,\"height\":56,\"caption\":\"Remember Forever\"},\"image\":{\"@id\":\"https:\\\/\\\/www.rememberme-forever.com\\\/es\\\/#\\\/schema\\\/logo\\\/image\\\/\"}}]}<\/script>\n<!-- \/ Yoast SEO plugin. -->","yoast_head_json":{"title":"Urna de cremaci\u00f3n para dos adultos","description":"Nuestra urna de cremaci\u00f3n para dos adultos es un homenaje hermoso y moderno a la memoria de dos seres queridos. Esta urna grande est\u00e1 dise\u00f1ada para contener las cenizas de dos adultos.","robots":{"index":"index","follow":"follow","max-snippet":"max-snippet:-1","max-image-preview":"max-image-preview:large","max-video-preview":"max-video-preview:-1"},"canonical":"https:\/\/www.rememberme-forever.com\/es\/producto\/urna-de-cremacion-para-dos-adultos\/","og_locale":"es_ES","og_type":"article","og_title":"Urna de cremaci\u00f3n para dos adultos","og_description":"Nuestra urna de cremaci\u00f3n para dos adultos es un homenaje hermoso y moderno a la memoria de dos seres queridos. Esta urna grande est\u00e1 dise\u00f1ada para contener las cenizas de dos adultos.","og_url":"https:\/\/www.rememberme-forever.com\/es\/producto\/urna-de-cremacion-para-dos-adultos\/","og_site_name":"Remember Forever","article_modified_time":"2026-02-23T11:57:17+00:00","og_image":[{"width":768,"height":781,"url":"http:\/\/www.rememberme-forever.com\/wp-content\/uploads\/2023\/04\/cremation-urn-for-two-adults-1.jpg","type":"image\/jpeg"}],"twitter_card":"summary_large_image","twitter_misc":{"Tiempo de lectura":"3 minutos"},"schema":{"@context":"https:\/\/schema.org","@graph":[{"@type":"WebPage","@id":"https:\/\/www.rememberme-forever.com\/es\/producto\/urna-de-cremacion-para-dos-adultos\/","url":"https:\/\/www.rememberme-forever.com\/es\/producto\/urna-de-cremacion-para-dos-adultos\/","name":"Urna de cremaci\u00f3n para dos adultos","isPartOf":{"@id":"https:\/\/www.rememberme-forever.com\/es\/#website"},"primaryImageOfPage":{"@id":"https:\/\/www.rememberme-forever.com\/es\/producto\/urna-de-cremacion-para-dos-adultos\/#primaryimage"},"image":{"@id":"https:\/\/www.rememberme-forever.com\/es\/producto\/urna-de-cremacion-para-dos-adultos\/#primaryimage"},"thumbnailUrl":"https:\/\/www.rememberme-forever.com\/wp-content\/uploads\/2023\/04\/cremation-urn-for-two-adults-1.jpg","datePublished":"2023-04-18T09:11:37+00:00","dateModified":"2026-02-23T11:57:17+00:00","description":"Nuestra urna de cremaci\u00f3n para dos adultos es un homenaje hermoso y moderno a la memoria de dos seres queridos. Esta urna grande est\u00e1 dise\u00f1ada para contener las cenizas de dos adultos.","breadcrumb":{"@id":"https:\/\/www.rememberme-forever.com\/es\/producto\/urna-de-cremacion-para-dos-adultos\/#breadcrumb"},"inLanguage":"es","potentialAction":[{"@type":"ReadAction","target":["https:\/\/www.rememberme-forever.com\/es\/producto\/urna-de-cremacion-para-dos-adultos\/"]}]},{"@type":"ImageObject","inLanguage":"es","@id":"https:\/\/www.rememberme-forever.com\/es\/producto\/urna-de-cremacion-para-dos-adultos\/#primaryimage","url":"https:\/\/www.rememberme-forever.com\/wp-content\/uploads\/2023\/04\/cremation-urn-for-two-adults-1.jpg","contentUrl":"https:\/\/www.rememberme-forever.com\/wp-content\/uploads\/2023\/04\/cremation-urn-for-two-adults-1.jpg","width":768,"height":781,"caption":"urna de cremaci\u00f3n para dos adultos"},{"@type":"BreadcrumbList","@id":"https:\/\/www.rememberme-forever.com\/es\/producto\/urna-de-cremacion-para-dos-adultos\/#breadcrumb","itemListElement":[{"@type":"ListItem","position":1,"name":"Home","item":"https:\/\/www.rememberme-forever.com\/es\/inicio\/"},{"@type":"ListItem","position":2,"name":"Comercio","item":"https:\/\/www.rememberme-forever.com\/es\/shop\/"},{"@type":"ListItem","position":3,"name":"Urna de cremaci\u00f3n para dos adultos"}]},{"@type":"WebSite","@id":"https:\/\/www.rememberme-forever.com\/es\/#website","url":"https:\/\/www.rememberme-forever.com\/es\/","name":"Remember Forever","description":"Cremation urns, funeral urns, urns for ashes","publisher":{"@id":"https:\/\/www.rememberme-forever.com\/es\/#organization"},"potentialAction":[{"@type":"SearchAction","target":{"@type":"EntryPoint","urlTemplate":"https:\/\/www.rememberme-forever.com\/es\/?s={search_term_string}"},"query-input":{"@type":"PropertyValueSpecification","valueRequired":true,"valueName":"search_term_string"}}],"inLanguage":"es"},{"@type":"Organization","@id":"https:\/\/www.rememberme-forever.com\/es\/#organization","name":"Remember Forever","url":"https:\/\/www.rememberme-forever.com\/es\/","logo":{"@type":"ImageObject","inLanguage":"es","@id":"https:\/\/www.rememberme-forever.com\/es\/#\/schema\/logo\/image\/","url":"https:\/\/www.rememberme-forever.com\/wp-content\/uploads\/2023\/02\/logo.png","contentUrl":"https:\/\/www.rememberme-forever.com\/wp-content\/uploads\/2023\/02\/logo.png","width":300,"height":56,"caption":"Remember Forever"},"image":{"@id":"https:\/\/www.rememberme-forever.com\/es\/#\/schema\/logo\/image\/"}}]}},"acf":[],"_links":{"self":[{"href":"https:\/\/www.rememberme-forever.com\/es\/wp-json\/wp\/v2\/product\/26229","targetHints":{"allow":["GET"]}}],"collection":[{"href":"https:\/\/www.rememberme-forever.com\/es\/wp-json\/wp\/v2\/product"}],"about":[{"href":"https:\/\/www.rememberme-forever.com\/es\/wp-json\/wp\/v2\/types\/product"}],"wp:featuredmedia":[{"embeddable":true,"href":"https:\/\/www.rememberme-forever.com\/es\/wp-json\/wp\/v2\/media\/26226"}],"wp:attachment":[{"href":"https:\/\/www.rememberme-forever.com\/es\/wp-json\/wp\/v2\/media?parent=26229"}],"wp:term":[{"taxonomy":"product_brand","embeddable":true,"href":"https:\/\/www.rememberme-forever.com\/es\/wp-json\/wp\/v2\/product_brand?post=26229"},{"taxonomy":"product_cat","embeddable":true,"href":"https:\/\/www.rememberme-forever.com\/es\/wp-json\/wp\/v2\/product_cat?post=26229"},{"taxonomy":"product_tag","embeddable":true,"href":"https:\/\/www.rememberme-forever.com\/es\/wp-json\/wp\/v2\/product_tag?post=26229"}],"curies":[{"name":"wp","href":"https:\/\/api.w.org\/{rel}","templated":true}]}}