{"id":26261,"date":"2023-04-18T11:28:25","date_gmt":"2023-04-18T09:28:25","guid":{"rendered":"https:\/\/www.rememberme-forever.com\/product\/urna-para-una-persona-grande-o-para-dos\/"},"modified":"2026-02-23T13:15:38","modified_gmt":"2026-02-23T12:15:38","slug":"urna-para-una-persona-grande-o-para-dos","status":"publish","type":"product","link":"https:\/\/www.rememberme-forever.com\/es\/producto\/urna-para-una-persona-grande-o-para-dos\/","title":{"rendered":"Urna para una persona grande o para dos"},"content":{"rendered":"<div style=\"width: 100%; margin-bottom: 40px; height: max-content; padding-bottom: 60%; position: relative;\"><iframe style=\"position: absolute; top: 0; left: 0; width: 100%; height: 100%;\" src=\"https:\/\/rememberme-urns.com\/modern-artistic-urn-for-two\/\" frameborder=\"0\"><\/iframe><\/div>\n<div style=\"color: red; text-align: center; margin-bottom: 25px;\">\n<p>&gt;&gt; Foto giratoria &#8211; pulsar\/acercar &lt;&lt;<\/p>\n<\/div>\n<h2 style=\"text-align: center;\">Urna para una persona grande o para dos<\/h2>\n<p style=\"text-align: center;\">Nuestra <strong>Urna Cineraria para una Persona Grande<\/strong> o para Dos es una urna bellamente elaborada, dise\u00f1ada para honrar la memoria de un ser querido o de dos. Esta urna moderna es perfecta para quienes aprecian el dise\u00f1o contempor\u00e1neo y la artesan\u00eda de alta calidad.<\/p>\n<p style=\"text-align: center;\">Elaborada con los mejores materiales, esta urna irradia elegancia y sofisticaci\u00f3n. Su dise\u00f1o elegante y atemporal es el tributo perfecto al gusto refinado y la personalidad \u00fanica de su ser querido. Con su espacioso interior y apertura inferior, esta urna es adecuada para contener las cenizas de una persona grande o de dos adultos.<\/p>\n<p style=\"text-align: center;\">Esta urna tambi\u00e9n se puede personalizar con una placa conmemorativa que se puede a\u00f1adir por separado en el plexigl\u00e1s. Es una forma hermosa y personal de honrar la memoria de su ser querido y asegurar que su legado sea recordado para siempre.<\/p>\n<p style=\"text-align: center;\">La Urna Cineraria para una Persona Grande es una forma hermosa y significativa de recordar y celebrar la vida de su ser querido. Ya sea exhibida en un lugar prominente o colocada en un lugar de descanso final, servir\u00e1 como un tributo apropiado a su memoria y al amor que compartieron.<\/p>\n<p style=\"text-align: center;\">Esta urna no solo es una hermosa obra de arte, sino tambi\u00e9n un lugar de descanso final seguro y respetuoso para las cenizas de su ser querido. Su construcci\u00f3n robusta garantiza que las cenizas estar\u00e1n contenidas de forma segura, brind\u00e1ndole la tranquilidad de que el legado de su ser querido se conservar\u00e1 para siempre.<\/p>\n<p style=\"text-align: center;\">En honor a su ser querido o a dos, elija la Urna Cineraria para una Persona Grande o para Dos. Su dise\u00f1o moderno y su construcci\u00f3n de alta calidad la convierten en un tributo perfecto a su memoria y una hermosa manera de honrar su vida y legado.<\/p>\n<p>&nbsp;<\/p>\n<h3 style=\"text-align: center;\"><strong>PERSONALIZACI\u00d3N<\/strong><\/h3>\n<p style=\"text-align: center;\">Si elige una placa personalizada, incluya el texto en el marco de personalizaci\u00f3n del producto.<\/p>\n<p style=\"text-align: center;\">La placa conmemorativa personalizada debe personalizarse al realizar el pedido. (No se preocupe si no la incluye, siempre puede enviarnos un mensaje despu\u00e9s).<\/p>\n<p style=\"text-align: center;\">Revise atentamente el texto del grabado antes de a\u00f1adir el art\u00edculo al carrito. Copiamos y grabamos la informaci\u00f3n exacta que recibimos con el pedido y no realizamos ning\u00fan cambio.<\/p>\n<p style=\"text-align: center;\"><strong>Revise el texto para asegurarse de que la ortograf\u00eda sea correcta.<\/strong><\/p>\n<p><img loading=\"lazy\" decoding=\"async\" class=\"wp-image-1453 aligncenter\" src=\"http:\/\/www.rememberme-forever.com\/wp-content\/uploads\/2023\/04\/silver-plaque-urn-295x300.jpg\" alt=\"Urna con placa de plata\" width=\"194\" height=\"197\" srcset=\"https:\/\/www.rememberme-forever.com\/wp-content\/uploads\/2023\/04\/silver-plaque-urn-295x300.jpg 295w, https:\/\/www.rememberme-forever.com\/wp-content\/uploads\/2023\/04\/silver-plaque-urn-600x610.jpg 600w, https:\/\/www.rememberme-forever.com\/wp-content\/uploads\/2023\/04\/silver-plaque-urn-64x65.jpg 64w, https:\/\/www.rememberme-forever.com\/wp-content\/uploads\/2023\/04\/silver-plaque-urn.jpg 768w\" sizes=\"auto, (max-width: 194px) 100vw, 194px\" \/><\/p>\n<p style=\"text-align: center;\"><strong><em>La placa conmemorativa se a\u00f1adir\u00e1 por separado con el soporte, como se muestra en la foto.<\/em><\/strong><\/p>\n<p style=\"text-align: center;\"><strong><em>(El soporte de la placa conmemorativa est\u00e1 hecho de plexigl\u00e1s transparente). <\/em><\/strong><\/p>\n","protected":false},"excerpt":{"rendered":"<p><strong><em>La urna compartida geom\u00e9trica moderna es una urna para cenizas \u00fanica con un estilo<\/em><em> moderno y<\/em><em> art\u00edstico<\/em><em> y un dise\u00f1o geom\u00e9trico impresionante.<\/em><\/strong><\/p>\n","protected":false},"featured_media":26257,"template":"","meta":{"_acf_changed":false},"product_brand":[],"product_cat":[2446,2442,2467],"product_tag":[3309],"class_list":{"0":"post-26261","1":"product","2":"type-product","3":"status-publish","4":"has-post-thumbnail","6":"product_cat-urnas-acompanantes","7":"product_cat-urnas-artisticas","8":"product_cat-urnas-de-madera","9":"product_tag-gpsr-all-wood-urns","10":"product_shipping_class-2-4kg-es","12":"first","13":"outofstock","14":"taxable","15":"shipping-taxable","16":"purchasable","17":"product-type-variable"},"yoast_head":"<!-- This site is optimized with the Yoast SEO plugin v27.4 - https:\/\/yoast.com\/product\/yoast-seo-wordpress\/ -->\n<title>Urna para una persona grande o para dos<\/title>\n<meta name=\"description\" content=\"Nuestra Urna Cineraria para una Persona Grande o para Dos es una urna bellamente elaborada, dise\u00f1ada para honrar la memoria de un ser querido o de dos.\" \/>\n<meta name=\"robots\" content=\"index, follow, max-snippet:-1, max-image-preview:large, max-video-preview:-1\" \/>\n<link rel=\"canonical\" href=\"https:\/\/www.rememberme-forever.com\/es\/producto\/urna-para-una-persona-grande-o-para-dos\/\" \/>\n<meta property=\"og:locale\" content=\"es_ES\" \/>\n<meta property=\"og:type\" content=\"article\" \/>\n<meta property=\"og:title\" content=\"Urna para una persona grande o para dos\" \/>\n<meta property=\"og:description\" content=\"Nuestra Urna Cineraria para una Persona Grande o para Dos es una urna bellamente elaborada, dise\u00f1ada para honrar la memoria de un ser querido o de dos.\" \/>\n<meta property=\"og:url\" content=\"https:\/\/www.rememberme-forever.com\/es\/producto\/urna-para-una-persona-grande-o-para-dos\/\" \/>\n<meta property=\"og:site_name\" content=\"Remember Forever\" \/>\n<meta property=\"article:modified_time\" content=\"2026-02-23T12:15:38+00:00\" \/>\n<meta property=\"og:image\" content=\"http:\/\/www.rememberme-forever.com\/wp-content\/uploads\/2023\/04\/urn-for-a-big-human-ashes.jpg\" \/>\n\t<meta property=\"og:image:width\" content=\"779\" \/>\n\t<meta property=\"og:image:height\" content=\"768\" \/>\n\t<meta property=\"og:image:type\" content=\"image\/jpeg\" \/>\n<meta name=\"twitter:card\" content=\"summary_large_image\" \/>\n<meta name=\"twitter:label1\" content=\"Tiempo de lectura\" \/>\n\t<meta name=\"twitter:data1\" content=\"3 minutos\" \/>\n<script type=\"application\/ld+json\" class=\"yoast-schema-graph\">{\"@context\":\"https:\\\/\\\/schema.org\",\"@graph\":[{\"@type\":\"WebPage\",\"@id\":\"https:\\\/\\\/www.rememberme-forever.com\\\/es\\\/producto\\\/urna-para-una-persona-grande-o-para-dos\\\/\",\"url\":\"https:\\\/\\\/www.rememberme-forever.com\\\/es\\\/producto\\\/urna-para-una-persona-grande-o-para-dos\\\/\",\"name\":\"Urna para una persona grande o para dos\",\"isPartOf\":{\"@id\":\"https:\\\/\\\/www.rememberme-forever.com\\\/es\\\/#website\"},\"primaryImageOfPage\":{\"@id\":\"https:\\\/\\\/www.rememberme-forever.com\\\/es\\\/producto\\\/urna-para-una-persona-grande-o-para-dos\\\/#primaryimage\"},\"image\":{\"@id\":\"https:\\\/\\\/www.rememberme-forever.com\\\/es\\\/producto\\\/urna-para-una-persona-grande-o-para-dos\\\/#primaryimage\"},\"thumbnailUrl\":\"https:\\\/\\\/www.rememberme-forever.com\\\/wp-content\\\/uploads\\\/2023\\\/04\\\/urn-for-a-big-human-ashes.jpg\",\"datePublished\":\"2023-04-18T09:28:25+00:00\",\"dateModified\":\"2026-02-23T12:15:38+00:00\",\"description\":\"Nuestra Urna Cineraria para una Persona Grande o para Dos es una urna bellamente elaborada, dise\u00f1ada para honrar la memoria de un ser querido o de dos.\",\"breadcrumb\":{\"@id\":\"https:\\\/\\\/www.rememberme-forever.com\\\/es\\\/producto\\\/urna-para-una-persona-grande-o-para-dos\\\/#breadcrumb\"},\"inLanguage\":\"es\",\"potentialAction\":[{\"@type\":\"ReadAction\",\"target\":[\"https:\\\/\\\/www.rememberme-forever.com\\\/es\\\/producto\\\/urna-para-una-persona-grande-o-para-dos\\\/\"]}]},{\"@type\":\"ImageObject\",\"inLanguage\":\"es\",\"@id\":\"https:\\\/\\\/www.rememberme-forever.com\\\/es\\\/producto\\\/urna-para-una-persona-grande-o-para-dos\\\/#primaryimage\",\"url\":\"https:\\\/\\\/www.rememberme-forever.com\\\/wp-content\\\/uploads\\\/2023\\\/04\\\/urn-for-a-big-human-ashes.jpg\",\"contentUrl\":\"https:\\\/\\\/www.rememberme-forever.com\\\/wp-content\\\/uploads\\\/2023\\\/04\\\/urn-for-a-big-human-ashes.jpg\",\"width\":779,\"height\":768,\"caption\":\"urna para una persona grande\"},{\"@type\":\"BreadcrumbList\",\"@id\":\"https:\\\/\\\/www.rememberme-forever.com\\\/es\\\/producto\\\/urna-para-una-persona-grande-o-para-dos\\\/#breadcrumb\",\"itemListElement\":[{\"@type\":\"ListItem\",\"position\":1,\"name\":\"Home\",\"item\":\"https:\\\/\\\/www.rememberme-forever.com\\\/es\\\/inicio\\\/\"},{\"@type\":\"ListItem\",\"position\":2,\"name\":\"Comercio\",\"item\":\"https:\\\/\\\/www.rememberme-forever.com\\\/es\\\/shop\\\/\"},{\"@type\":\"ListItem\",\"position\":3,\"name\":\"Urna para una persona grande o para dos\"}]},{\"@type\":\"WebSite\",\"@id\":\"https:\\\/\\\/www.rememberme-forever.com\\\/es\\\/#website\",\"url\":\"https:\\\/\\\/www.rememberme-forever.com\\\/es\\\/\",\"name\":\"Remember Forever\",\"description\":\"Cremation urns, funeral urns, urns for ashes\",\"publisher\":{\"@id\":\"https:\\\/\\\/www.rememberme-forever.com\\\/es\\\/#organization\"},\"potentialAction\":[{\"@type\":\"SearchAction\",\"target\":{\"@type\":\"EntryPoint\",\"urlTemplate\":\"https:\\\/\\\/www.rememberme-forever.com\\\/es\\\/?s={search_term_string}\"},\"query-input\":{\"@type\":\"PropertyValueSpecification\",\"valueRequired\":true,\"valueName\":\"search_term_string\"}}],\"inLanguage\":\"es\"},{\"@type\":\"Organization\",\"@id\":\"https:\\\/\\\/www.rememberme-forever.com\\\/es\\\/#organization\",\"name\":\"Remember Forever\",\"url\":\"https:\\\/\\\/www.rememberme-forever.com\\\/es\\\/\",\"logo\":{\"@type\":\"ImageObject\",\"inLanguage\":\"es\",\"@id\":\"https:\\\/\\\/www.rememberme-forever.com\\\/es\\\/#\\\/schema\\\/logo\\\/image\\\/\",\"url\":\"https:\\\/\\\/www.rememberme-forever.com\\\/wp-content\\\/uploads\\\/2023\\\/02\\\/logo.png\",\"contentUrl\":\"https:\\\/\\\/www.rememberme-forever.com\\\/wp-content\\\/uploads\\\/2023\\\/02\\\/logo.png\",\"width\":300,\"height\":56,\"caption\":\"Remember Forever\"},\"image\":{\"@id\":\"https:\\\/\\\/www.rememberme-forever.com\\\/es\\\/#\\\/schema\\\/logo\\\/image\\\/\"}}]}<\/script>\n<!-- \/ Yoast SEO plugin. -->","yoast_head_json":{"title":"Urna para una persona grande o para dos","description":"Nuestra Urna Cineraria para una Persona Grande o para Dos es una urna bellamente elaborada, dise\u00f1ada para honrar la memoria de un ser querido o de dos.","robots":{"index":"index","follow":"follow","max-snippet":"max-snippet:-1","max-image-preview":"max-image-preview:large","max-video-preview":"max-video-preview:-1"},"canonical":"https:\/\/www.rememberme-forever.com\/es\/producto\/urna-para-una-persona-grande-o-para-dos\/","og_locale":"es_ES","og_type":"article","og_title":"Urna para una persona grande o para dos","og_description":"Nuestra Urna Cineraria para una Persona Grande o para Dos es una urna bellamente elaborada, dise\u00f1ada para honrar la memoria de un ser querido o de dos.","og_url":"https:\/\/www.rememberme-forever.com\/es\/producto\/urna-para-una-persona-grande-o-para-dos\/","og_site_name":"Remember Forever","article_modified_time":"2026-02-23T12:15:38+00:00","og_image":[{"width":779,"height":768,"url":"http:\/\/www.rememberme-forever.com\/wp-content\/uploads\/2023\/04\/urn-for-a-big-human-ashes.jpg","type":"image\/jpeg"}],"twitter_card":"summary_large_image","twitter_misc":{"Tiempo de lectura":"3 minutos"},"schema":{"@context":"https:\/\/schema.org","@graph":[{"@type":"WebPage","@id":"https:\/\/www.rememberme-forever.com\/es\/producto\/urna-para-una-persona-grande-o-para-dos\/","url":"https:\/\/www.rememberme-forever.com\/es\/producto\/urna-para-una-persona-grande-o-para-dos\/","name":"Urna para una persona grande o para dos","isPartOf":{"@id":"https:\/\/www.rememberme-forever.com\/es\/#website"},"primaryImageOfPage":{"@id":"https:\/\/www.rememberme-forever.com\/es\/producto\/urna-para-una-persona-grande-o-para-dos\/#primaryimage"},"image":{"@id":"https:\/\/www.rememberme-forever.com\/es\/producto\/urna-para-una-persona-grande-o-para-dos\/#primaryimage"},"thumbnailUrl":"https:\/\/www.rememberme-forever.com\/wp-content\/uploads\/2023\/04\/urn-for-a-big-human-ashes.jpg","datePublished":"2023-04-18T09:28:25+00:00","dateModified":"2026-02-23T12:15:38+00:00","description":"Nuestra Urna Cineraria para una Persona Grande o para Dos es una urna bellamente elaborada, dise\u00f1ada para honrar la memoria de un ser querido o de dos.","breadcrumb":{"@id":"https:\/\/www.rememberme-forever.com\/es\/producto\/urna-para-una-persona-grande-o-para-dos\/#breadcrumb"},"inLanguage":"es","potentialAction":[{"@type":"ReadAction","target":["https:\/\/www.rememberme-forever.com\/es\/producto\/urna-para-una-persona-grande-o-para-dos\/"]}]},{"@type":"ImageObject","inLanguage":"es","@id":"https:\/\/www.rememberme-forever.com\/es\/producto\/urna-para-una-persona-grande-o-para-dos\/#primaryimage","url":"https:\/\/www.rememberme-forever.com\/wp-content\/uploads\/2023\/04\/urn-for-a-big-human-ashes.jpg","contentUrl":"https:\/\/www.rememberme-forever.com\/wp-content\/uploads\/2023\/04\/urn-for-a-big-human-ashes.jpg","width":779,"height":768,"caption":"urna para una persona grande"},{"@type":"BreadcrumbList","@id":"https:\/\/www.rememberme-forever.com\/es\/producto\/urna-para-una-persona-grande-o-para-dos\/#breadcrumb","itemListElement":[{"@type":"ListItem","position":1,"name":"Home","item":"https:\/\/www.rememberme-forever.com\/es\/inicio\/"},{"@type":"ListItem","position":2,"name":"Comercio","item":"https:\/\/www.rememberme-forever.com\/es\/shop\/"},{"@type":"ListItem","position":3,"name":"Urna para una persona grande o para dos"}]},{"@type":"WebSite","@id":"https:\/\/www.rememberme-forever.com\/es\/#website","url":"https:\/\/www.rememberme-forever.com\/es\/","name":"Remember Forever","description":"Cremation urns, funeral urns, urns for ashes","publisher":{"@id":"https:\/\/www.rememberme-forever.com\/es\/#organization"},"potentialAction":[{"@type":"SearchAction","target":{"@type":"EntryPoint","urlTemplate":"https:\/\/www.rememberme-forever.com\/es\/?s={search_term_string}"},"query-input":{"@type":"PropertyValueSpecification","valueRequired":true,"valueName":"search_term_string"}}],"inLanguage":"es"},{"@type":"Organization","@id":"https:\/\/www.rememberme-forever.com\/es\/#organization","name":"Remember Forever","url":"https:\/\/www.rememberme-forever.com\/es\/","logo":{"@type":"ImageObject","inLanguage":"es","@id":"https:\/\/www.rememberme-forever.com\/es\/#\/schema\/logo\/image\/","url":"https:\/\/www.rememberme-forever.com\/wp-content\/uploads\/2023\/02\/logo.png","contentUrl":"https:\/\/www.rememberme-forever.com\/wp-content\/uploads\/2023\/02\/logo.png","width":300,"height":56,"caption":"Remember Forever"},"image":{"@id":"https:\/\/www.rememberme-forever.com\/es\/#\/schema\/logo\/image\/"}}]}},"acf":[],"_links":{"self":[{"href":"https:\/\/www.rememberme-forever.com\/es\/wp-json\/wp\/v2\/product\/26261","targetHints":{"allow":["GET"]}}],"collection":[{"href":"https:\/\/www.rememberme-forever.com\/es\/wp-json\/wp\/v2\/product"}],"about":[{"href":"https:\/\/www.rememberme-forever.com\/es\/wp-json\/wp\/v2\/types\/product"}],"wp:featuredmedia":[{"embeddable":true,"href":"https:\/\/www.rememberme-forever.com\/es\/wp-json\/wp\/v2\/media\/26257"}],"wp:attachment":[{"href":"https:\/\/www.rememberme-forever.com\/es\/wp-json\/wp\/v2\/media?parent=26261"}],"wp:term":[{"taxonomy":"product_brand","embeddable":true,"href":"https:\/\/www.rememberme-forever.com\/es\/wp-json\/wp\/v2\/product_brand?post=26261"},{"taxonomy":"product_cat","embeddable":true,"href":"https:\/\/www.rememberme-forever.com\/es\/wp-json\/wp\/v2\/product_cat?post=26261"},{"taxonomy":"product_tag","embeddable":true,"href":"https:\/\/www.rememberme-forever.com\/es\/wp-json\/wp\/v2\/product_tag?post=26261"}],"curies":[{"name":"wp","href":"https:\/\/api.w.org\/{rel}","templated":true}]}}