{"id":26297,"date":"2023-04-18T12:06:59","date_gmt":"2023-04-18T10:06:59","guid":{"rendered":"https:\/\/www.rememberme-forever.com\/product\/urna-de-cremacion-de-madera-tipo-ataud\/"},"modified":"2026-02-23T13:25:52","modified_gmt":"2026-02-23T12:25:52","slug":"urna-de-cremacion-de-madera-tipo-ataud","status":"publish","type":"product","link":"https:\/\/www.rememberme-forever.com\/es\/producto\/urna-de-cremacion-de-madera-tipo-ataud\/","title":{"rendered":"Urna de cremaci\u00f3n de madera tipo ata\u00fad"},"content":{"rendered":"<h2 style=\"text-align: center;\">Urna de cremaci\u00f3n de madera tipo ata\u00fad<\/h2>\n<p style=\"text-align: center;\">Nuestra <strong>urna de cremaci\u00f3n de madera tipo ata\u00fad<\/strong> es un homenaje impresionante a la vida y el legado de su ser querido. Elaborada con esmero y atenci\u00f3n al detalle, esta urna es un hermoso lugar de descanso final para las cenizas de su ser querido.<\/p>\n<p style=\"text-align: center;\">La forma \u00fanica de la urna la distingue, aport\u00e1ndole un aspecto inconfundible e inolvidable. El dise\u00f1o de ata\u00fad de madera es atemporal y elegante, con detalles intrincados y un atractivo cl\u00e1sico que honrar\u00e1 la memoria de su ser querido de la forma m\u00e1s hermosa posible.<\/p>\n<p style=\"text-align: center;\">La urna puede adornarse con una cruz, una rosa o una cala. Adem\u00e1s, se puede a\u00f1adir a la urna una placa conmemorativa grabada, para que el nombre y el legado de su ser querido se recuerden para siempre.<\/p>\n<p style=\"text-align: center;\">Elaborada con materiales de la m\u00e1s alta calidad, esta urna est\u00e1 dise\u00f1ada para durar generaciones. Su s\u00f3lida construcci\u00f3n garantiza que las cenizas de su ser querido queden contenidas de forma segura y respetuosa, brind\u00e1ndole la tranquilidad de saber que siempre ser\u00e1 honrado y recordado con cari\u00f1o.<\/p>\n<p style=\"text-align: center;\">Ya sea expuesta en un lugar destacado o depositada en un lugar de descanso final, nuestra urna de cremaci\u00f3n de madera tipo ata\u00fad es un homenaje hermoso y apropiado a la vida y el legado de su ser querido. Su dise\u00f1o \u00fanico y sus detalles personalizables la convierten en una forma perfecta de honrar su memoria y garantizar que sea recordado para siempre con amor y respeto.<\/p>\n<p style=\"text-align: center;\">En honor a su ser querido, elija nuestra urna de cremaci\u00f3n de madera tipo ata\u00fad. Es una forma hermosa y significativa de rendir homenaje a su vida y legado, y un lugar de descanso final perfecto para sus cenizas.<\/p>\n<p>&nbsp;<\/p>\n<h3 style=\"text-align: center;\"><strong>PERSONALIZACI\u00d3N<\/strong><\/h3>\n<p style=\"text-align: center;\">Si elige una placa personalizada, incluya el texto en el marco de personalizaci\u00f3n del producto.<\/p>\n<p style=\"text-align: center;\">La placa conmemorativa personalizada debe personalizarse al realizar el pedido. (No se preocupe si no la incluye, siempre puede enviarnos un mensaje despu\u00e9s).<\/p>\n<p style=\"text-align: center;\">Revise atentamente el texto del grabado antes de a\u00f1adir el art\u00edculo al carrito. Copiamos y grabamos la informaci\u00f3n exacta que recibimos con el pedido y no realizamos ning\u00fan cambio.<\/p>\n<p style=\"text-align: center;\"><strong>Revise el texto para asegurarse de que la ortograf\u00eda sea correcta.<\/strong><\/p>\n<p><img loading=\"lazy\" decoding=\"async\" class=\" wp-image-1447 aligncenter\" src=\"http:\/\/www.rememberme-forever.com\/wp-content\/uploads\/2023\/04\/memorial-plaque-cremation-urn-gold-300x150.jpg\" alt=\"Placa conmemorativa urna de cremaci\u00f3n dorada\" width=\"260\" height=\"130\" srcset=\"https:\/\/www.rememberme-forever.com\/wp-content\/uploads\/2023\/04\/memorial-plaque-cremation-urn-gold-300x150.jpg 300w, https:\/\/www.rememberme-forever.com\/wp-content\/uploads\/2023\/04\/memorial-plaque-cremation-urn-gold-64x32.jpg 64w, https:\/\/www.rememberme-forever.com\/wp-content\/uploads\/2023\/04\/memorial-plaque-cremation-urn-gold.jpg 448w\" sizes=\"auto, (max-width: 260px) 100vw, 260px\" \/><\/p>\n","protected":false},"excerpt":{"rendered":"<p><strong><em>Adecuada para contener las cenizas de una persona de hasta aprox. 138 kg o 305 lb <\/em><\/strong><\/p>\n","protected":false},"featured_media":26292,"template":"","meta":{"_acf_changed":false},"product_brand":[],"product_cat":[2467],"product_tag":[3309],"class_list":{"0":"post-26297","1":"product","2":"type-product","3":"status-publish","4":"has-post-thumbnail","6":"product_cat-urnas-de-madera","7":"product_tag-gpsr-all-wood-urns","8":"product_shipping_class-2-4kg-es","10":"first","11":"instock","12":"taxable","13":"shipping-taxable","14":"purchasable","15":"product-type-variable"},"yoast_head":"<!-- This site is optimized with the Yoast SEO plugin v27.4 - https:\/\/yoast.com\/product\/yoast-seo-wordpress\/ -->\n<title>Urna de cremaci\u00f3n de madera tipo ata\u00fad<\/title>\n<meta name=\"description\" content=\"Nuestra urna de cremaci\u00f3n de madera tipo ata\u00fad es un homenaje impresionante a la vida y el legado de su ser querido. Elaborada con esmero y atenci\u00f3n al detalle,\" \/>\n<meta name=\"robots\" content=\"index, follow, max-snippet:-1, max-image-preview:large, max-video-preview:-1\" \/>\n<link rel=\"canonical\" href=\"https:\/\/www.rememberme-forever.com\/es\/producto\/urna-de-cremacion-de-madera-tipo-ataud\/\" \/>\n<meta property=\"og:locale\" content=\"es_ES\" \/>\n<meta property=\"og:type\" content=\"article\" \/>\n<meta property=\"og:title\" content=\"Urna de cremaci\u00f3n de madera tipo ata\u00fad\" \/>\n<meta property=\"og:description\" content=\"Nuestra urna de cremaci\u00f3n de madera tipo ata\u00fad es un homenaje impresionante a la vida y el legado de su ser querido. Elaborada con esmero y atenci\u00f3n al detalle,\" \/>\n<meta property=\"og:url\" content=\"https:\/\/www.rememberme-forever.com\/es\/producto\/urna-de-cremacion-de-madera-tipo-ataud\/\" \/>\n<meta property=\"og:site_name\" content=\"Remember Forever\" \/>\n<meta property=\"article:modified_time\" content=\"2026-02-23T12:25:52+00:00\" \/>\n<meta property=\"og:image\" content=\"http:\/\/www.rememberme-forever.com\/wp-content\/uploads\/2023\/04\/Wooden-Cremation-Casket-Urn.jpg\" \/>\n\t<meta property=\"og:image:width\" content=\"768\" \/>\n\t<meta property=\"og:image:height\" content=\"781\" \/>\n\t<meta property=\"og:image:type\" content=\"image\/jpeg\" \/>\n<meta name=\"twitter:card\" content=\"summary_large_image\" \/>\n<meta name=\"twitter:label1\" content=\"Tiempo de lectura\" \/>\n\t<meta name=\"twitter:data1\" content=\"3 minutos\" \/>\n<script type=\"application\/ld+json\" class=\"yoast-schema-graph\">{\"@context\":\"https:\\\/\\\/schema.org\",\"@graph\":[{\"@type\":\"WebPage\",\"@id\":\"https:\\\/\\\/www.rememberme-forever.com\\\/es\\\/producto\\\/urna-de-cremacion-de-madera-tipo-ataud\\\/\",\"url\":\"https:\\\/\\\/www.rememberme-forever.com\\\/es\\\/producto\\\/urna-de-cremacion-de-madera-tipo-ataud\\\/\",\"name\":\"Urna de cremaci\u00f3n de madera tipo ata\u00fad\",\"isPartOf\":{\"@id\":\"https:\\\/\\\/www.rememberme-forever.com\\\/es\\\/#website\"},\"primaryImageOfPage\":{\"@id\":\"https:\\\/\\\/www.rememberme-forever.com\\\/es\\\/producto\\\/urna-de-cremacion-de-madera-tipo-ataud\\\/#primaryimage\"},\"image\":{\"@id\":\"https:\\\/\\\/www.rememberme-forever.com\\\/es\\\/producto\\\/urna-de-cremacion-de-madera-tipo-ataud\\\/#primaryimage\"},\"thumbnailUrl\":\"https:\\\/\\\/www.rememberme-forever.com\\\/wp-content\\\/uploads\\\/2023\\\/04\\\/Wooden-Cremation-Casket-Urn.jpg\",\"datePublished\":\"2023-04-18T10:06:59+00:00\",\"dateModified\":\"2026-02-23T12:25:52+00:00\",\"description\":\"Nuestra urna de cremaci\u00f3n de madera tipo ata\u00fad es un homenaje impresionante a la vida y el legado de su ser querido. Elaborada con esmero y atenci\u00f3n al detalle,\",\"breadcrumb\":{\"@id\":\"https:\\\/\\\/www.rememberme-forever.com\\\/es\\\/producto\\\/urna-de-cremacion-de-madera-tipo-ataud\\\/#breadcrumb\"},\"inLanguage\":\"es\",\"potentialAction\":[{\"@type\":\"ReadAction\",\"target\":[\"https:\\\/\\\/www.rememberme-forever.com\\\/es\\\/producto\\\/urna-de-cremacion-de-madera-tipo-ataud\\\/\"]}]},{\"@type\":\"ImageObject\",\"inLanguage\":\"es\",\"@id\":\"https:\\\/\\\/www.rememberme-forever.com\\\/es\\\/producto\\\/urna-de-cremacion-de-madera-tipo-ataud\\\/#primaryimage\",\"url\":\"https:\\\/\\\/www.rememberme-forever.com\\\/wp-content\\\/uploads\\\/2023\\\/04\\\/Wooden-Cremation-Casket-Urn.jpg\",\"contentUrl\":\"https:\\\/\\\/www.rememberme-forever.com\\\/wp-content\\\/uploads\\\/2023\\\/04\\\/Wooden-Cremation-Casket-Urn.jpg\",\"width\":768,\"height\":781,\"caption\":\"Urna de cremaci\u00f3n de madera tipo ata\u00fad\"},{\"@type\":\"BreadcrumbList\",\"@id\":\"https:\\\/\\\/www.rememberme-forever.com\\\/es\\\/producto\\\/urna-de-cremacion-de-madera-tipo-ataud\\\/#breadcrumb\",\"itemListElement\":[{\"@type\":\"ListItem\",\"position\":1,\"name\":\"Home\",\"item\":\"https:\\\/\\\/www.rememberme-forever.com\\\/es\\\/inicio\\\/\"},{\"@type\":\"ListItem\",\"position\":2,\"name\":\"Comercio\",\"item\":\"https:\\\/\\\/www.rememberme-forever.com\\\/es\\\/shop\\\/\"},{\"@type\":\"ListItem\",\"position\":3,\"name\":\"Urna de cremaci\u00f3n de madera tipo ata\u00fad\"}]},{\"@type\":\"WebSite\",\"@id\":\"https:\\\/\\\/www.rememberme-forever.com\\\/es\\\/#website\",\"url\":\"https:\\\/\\\/www.rememberme-forever.com\\\/es\\\/\",\"name\":\"Remember Forever\",\"description\":\"Cremation urns, funeral urns, urns for ashes\",\"publisher\":{\"@id\":\"https:\\\/\\\/www.rememberme-forever.com\\\/es\\\/#organization\"},\"potentialAction\":[{\"@type\":\"SearchAction\",\"target\":{\"@type\":\"EntryPoint\",\"urlTemplate\":\"https:\\\/\\\/www.rememberme-forever.com\\\/es\\\/?s={search_term_string}\"},\"query-input\":{\"@type\":\"PropertyValueSpecification\",\"valueRequired\":true,\"valueName\":\"search_term_string\"}}],\"inLanguage\":\"es\"},{\"@type\":\"Organization\",\"@id\":\"https:\\\/\\\/www.rememberme-forever.com\\\/es\\\/#organization\",\"name\":\"Remember Forever\",\"url\":\"https:\\\/\\\/www.rememberme-forever.com\\\/es\\\/\",\"logo\":{\"@type\":\"ImageObject\",\"inLanguage\":\"es\",\"@id\":\"https:\\\/\\\/www.rememberme-forever.com\\\/es\\\/#\\\/schema\\\/logo\\\/image\\\/\",\"url\":\"https:\\\/\\\/www.rememberme-forever.com\\\/wp-content\\\/uploads\\\/2023\\\/02\\\/logo.png\",\"contentUrl\":\"https:\\\/\\\/www.rememberme-forever.com\\\/wp-content\\\/uploads\\\/2023\\\/02\\\/logo.png\",\"width\":300,\"height\":56,\"caption\":\"Remember Forever\"},\"image\":{\"@id\":\"https:\\\/\\\/www.rememberme-forever.com\\\/es\\\/#\\\/schema\\\/logo\\\/image\\\/\"}}]}<\/script>\n<!-- \/ Yoast SEO plugin. -->","yoast_head_json":{"title":"Urna de cremaci\u00f3n de madera tipo ata\u00fad","description":"Nuestra urna de cremaci\u00f3n de madera tipo ata\u00fad es un homenaje impresionante a la vida y el legado de su ser querido. Elaborada con esmero y atenci\u00f3n al detalle,","robots":{"index":"index","follow":"follow","max-snippet":"max-snippet:-1","max-image-preview":"max-image-preview:large","max-video-preview":"max-video-preview:-1"},"canonical":"https:\/\/www.rememberme-forever.com\/es\/producto\/urna-de-cremacion-de-madera-tipo-ataud\/","og_locale":"es_ES","og_type":"article","og_title":"Urna de cremaci\u00f3n de madera tipo ata\u00fad","og_description":"Nuestra urna de cremaci\u00f3n de madera tipo ata\u00fad es un homenaje impresionante a la vida y el legado de su ser querido. Elaborada con esmero y atenci\u00f3n al detalle,","og_url":"https:\/\/www.rememberme-forever.com\/es\/producto\/urna-de-cremacion-de-madera-tipo-ataud\/","og_site_name":"Remember Forever","article_modified_time":"2026-02-23T12:25:52+00:00","og_image":[{"width":768,"height":781,"url":"http:\/\/www.rememberme-forever.com\/wp-content\/uploads\/2023\/04\/Wooden-Cremation-Casket-Urn.jpg","type":"image\/jpeg"}],"twitter_card":"summary_large_image","twitter_misc":{"Tiempo de lectura":"3 minutos"},"schema":{"@context":"https:\/\/schema.org","@graph":[{"@type":"WebPage","@id":"https:\/\/www.rememberme-forever.com\/es\/producto\/urna-de-cremacion-de-madera-tipo-ataud\/","url":"https:\/\/www.rememberme-forever.com\/es\/producto\/urna-de-cremacion-de-madera-tipo-ataud\/","name":"Urna de cremaci\u00f3n de madera tipo ata\u00fad","isPartOf":{"@id":"https:\/\/www.rememberme-forever.com\/es\/#website"},"primaryImageOfPage":{"@id":"https:\/\/www.rememberme-forever.com\/es\/producto\/urna-de-cremacion-de-madera-tipo-ataud\/#primaryimage"},"image":{"@id":"https:\/\/www.rememberme-forever.com\/es\/producto\/urna-de-cremacion-de-madera-tipo-ataud\/#primaryimage"},"thumbnailUrl":"https:\/\/www.rememberme-forever.com\/wp-content\/uploads\/2023\/04\/Wooden-Cremation-Casket-Urn.jpg","datePublished":"2023-04-18T10:06:59+00:00","dateModified":"2026-02-23T12:25:52+00:00","description":"Nuestra urna de cremaci\u00f3n de madera tipo ata\u00fad es un homenaje impresionante a la vida y el legado de su ser querido. Elaborada con esmero y atenci\u00f3n al detalle,","breadcrumb":{"@id":"https:\/\/www.rememberme-forever.com\/es\/producto\/urna-de-cremacion-de-madera-tipo-ataud\/#breadcrumb"},"inLanguage":"es","potentialAction":[{"@type":"ReadAction","target":["https:\/\/www.rememberme-forever.com\/es\/producto\/urna-de-cremacion-de-madera-tipo-ataud\/"]}]},{"@type":"ImageObject","inLanguage":"es","@id":"https:\/\/www.rememberme-forever.com\/es\/producto\/urna-de-cremacion-de-madera-tipo-ataud\/#primaryimage","url":"https:\/\/www.rememberme-forever.com\/wp-content\/uploads\/2023\/04\/Wooden-Cremation-Casket-Urn.jpg","contentUrl":"https:\/\/www.rememberme-forever.com\/wp-content\/uploads\/2023\/04\/Wooden-Cremation-Casket-Urn.jpg","width":768,"height":781,"caption":"Urna de cremaci\u00f3n de madera tipo ata\u00fad"},{"@type":"BreadcrumbList","@id":"https:\/\/www.rememberme-forever.com\/es\/producto\/urna-de-cremacion-de-madera-tipo-ataud\/#breadcrumb","itemListElement":[{"@type":"ListItem","position":1,"name":"Home","item":"https:\/\/www.rememberme-forever.com\/es\/inicio\/"},{"@type":"ListItem","position":2,"name":"Comercio","item":"https:\/\/www.rememberme-forever.com\/es\/shop\/"},{"@type":"ListItem","position":3,"name":"Urna de cremaci\u00f3n de madera tipo ata\u00fad"}]},{"@type":"WebSite","@id":"https:\/\/www.rememberme-forever.com\/es\/#website","url":"https:\/\/www.rememberme-forever.com\/es\/","name":"Remember Forever","description":"Cremation urns, funeral urns, urns for ashes","publisher":{"@id":"https:\/\/www.rememberme-forever.com\/es\/#organization"},"potentialAction":[{"@type":"SearchAction","target":{"@type":"EntryPoint","urlTemplate":"https:\/\/www.rememberme-forever.com\/es\/?s={search_term_string}"},"query-input":{"@type":"PropertyValueSpecification","valueRequired":true,"valueName":"search_term_string"}}],"inLanguage":"es"},{"@type":"Organization","@id":"https:\/\/www.rememberme-forever.com\/es\/#organization","name":"Remember Forever","url":"https:\/\/www.rememberme-forever.com\/es\/","logo":{"@type":"ImageObject","inLanguage":"es","@id":"https:\/\/www.rememberme-forever.com\/es\/#\/schema\/logo\/image\/","url":"https:\/\/www.rememberme-forever.com\/wp-content\/uploads\/2023\/02\/logo.png","contentUrl":"https:\/\/www.rememberme-forever.com\/wp-content\/uploads\/2023\/02\/logo.png","width":300,"height":56,"caption":"Remember Forever"},"image":{"@id":"https:\/\/www.rememberme-forever.com\/es\/#\/schema\/logo\/image\/"}}]}},"acf":[],"_links":{"self":[{"href":"https:\/\/www.rememberme-forever.com\/es\/wp-json\/wp\/v2\/product\/26297","targetHints":{"allow":["GET"]}}],"collection":[{"href":"https:\/\/www.rememberme-forever.com\/es\/wp-json\/wp\/v2\/product"}],"about":[{"href":"https:\/\/www.rememberme-forever.com\/es\/wp-json\/wp\/v2\/types\/product"}],"wp:featuredmedia":[{"embeddable":true,"href":"https:\/\/www.rememberme-forever.com\/es\/wp-json\/wp\/v2\/media\/26292"}],"wp:attachment":[{"href":"https:\/\/www.rememberme-forever.com\/es\/wp-json\/wp\/v2\/media?parent=26297"}],"wp:term":[{"taxonomy":"product_brand","embeddable":true,"href":"https:\/\/www.rememberme-forever.com\/es\/wp-json\/wp\/v2\/product_brand?post=26297"},{"taxonomy":"product_cat","embeddable":true,"href":"https:\/\/www.rememberme-forever.com\/es\/wp-json\/wp\/v2\/product_cat?post=26297"},{"taxonomy":"product_tag","embeddable":true,"href":"https:\/\/www.rememberme-forever.com\/es\/wp-json\/wp\/v2\/product_tag?post=26297"}],"curies":[{"name":"wp","href":"https:\/\/api.w.org\/{rel}","templated":true}]}}