{"id":26433,"date":"2023-04-18T13:31:27","date_gmt":"2023-04-18T11:31:27","guid":{"rendered":"https:\/\/www.rememberme-forever.com\/product\/urna-decorativa-de-mariposas-para-cenizas\/"},"modified":"2026-02-23T14:01:00","modified_gmt":"2026-02-23T13:01:00","slug":"urna-decorativa-de-mariposas-para-cenizas","status":"publish","type":"product","link":"https:\/\/www.rememberme-forever.com\/es\/producto\/urna-decorativa-de-mariposas-para-cenizas\/","title":{"rendered":"Urna decorativa de mariposas para cenizas"},"content":{"rendered":"<h2 style=\"text-align: center;\">Urna decorativa de mariposas para cenizas<\/h2>\n<p style=\"text-align: center;\">Presentamos nuestra hermosa <strong>urna decorativa de mariposas para cenizas<\/strong>, un tributo que captura a la perfecci\u00f3n la belleza y la serenidad de la naturaleza. Esta impresionante urna presenta un acabado en madera de caoba, adornada con intrincados \u00e1rboles de plata y mariposas delicadamente elaboradas.<\/p>\n<p style=\"text-align: center;\">El dise\u00f1o \u00fanico y hermoso de esta urna proporciona un lugar de descanso pac\u00edfico y reconfortante para las cenizas de su ser querido. La artesan\u00eda es excepcional y los detalles de los \u00e1rboles de plata y las mariposas a\u00f1aden un toque de elegancia.<\/p>\n<p style=\"text-align: center;\">Para un toque verdaderamente personal, puede a\u00f1adir una placa conmemorativa con su propio texto para honrar la vida y la memoria de su ser querido. La placa ser\u00e1 grabada por expertos y fijada al frente de la urna, creando un tributo duradero que ser\u00e1 atesorado durante a\u00f1os.<\/p>\n<p style=\"text-align: center;\">Esta urna decorativa de mariposas para cenizas es una forma hermosa de honrar la memoria de su ser querido y mantenerlo cerca de su coraz\u00f3n.<\/p>\n<p>&nbsp;<\/p>\n<h3 style=\"text-align: center;\"><strong>PERSONALIZACI\u00d3N<\/strong><\/h3>\n<p style=\"text-align: center;\">Si elige una placa personalizada, incluya el texto en el marco de personalizaci\u00f3n del producto.<\/p>\n<p style=\"text-align: center;\">La placa conmemorativa personalizada debe personalizarse al realizar el pedido. (No se preocupe si no la incluye, siempre puede enviarnos un mensaje despu\u00e9s).<\/p>\n<p style=\"text-align: center;\">Revise atentamente el texto del grabado antes de a\u00f1adir el art\u00edculo al carrito. Copiamos y grabamos la informaci\u00f3n exacta que recibimos con el pedido y no realizamos ning\u00fan cambio.<\/p>\n<p style=\"text-align: center;\"><strong>Revise el texto para asegurarse de que la ortograf\u00eda sea correcta.<\/strong><\/p>\n<p>&nbsp;<\/p>\n<p><img loading=\"lazy\" decoding=\"async\" class=\" wp-image-1449 aligncenter\" src=\"http:\/\/www.rememberme-forever.com\/wp-content\/uploads\/2023\/04\/memorial-plaque-cremation-urn-silver-300x153.jpg\" alt=\"Urna de cremaci\u00f3n con placa conmemorativa plateada\" width=\"237\" height=\"121\" srcset=\"https:\/\/www.rememberme-forever.com\/wp-content\/uploads\/2023\/04\/memorial-plaque-cremation-urn-silver-300x153.jpg 300w, https:\/\/www.rememberme-forever.com\/wp-content\/uploads\/2023\/04\/memorial-plaque-cremation-urn-silver-64x33.jpg 64w, https:\/\/www.rememberme-forever.com\/wp-content\/uploads\/2023\/04\/memorial-plaque-cremation-urn-silver.jpg 448w\" sizes=\"auto, (max-width: 237px) 100vw, 237px\" \/><\/p>\n","protected":false},"excerpt":{"rendered":"<p><em><strong>Adecuada para cenizas de una persona con un peso corporal de hasta aproximadamente 110 kg. <\/strong><\/em><\/p>\n","protected":false},"featured_media":26429,"template":"","meta":{"_acf_changed":false},"product_brand":[],"product_cat":[2442,2467],"product_tag":[3309],"class_list":{"0":"post-26433","1":"product","2":"type-product","3":"status-publish","4":"has-post-thumbnail","6":"product_cat-urnas-artisticas","7":"product_cat-urnas-de-madera","8":"product_tag-gpsr-all-wood-urns","9":"product_shipping_class-2-4kg-es","11":"first","12":"instock","13":"taxable","14":"shipping-taxable","15":"purchasable","16":"product-type-variable"},"yoast_head":"<!-- This site is optimized with the Yoast SEO plugin v27.4 - https:\/\/yoast.com\/product\/yoast-seo-wordpress\/ -->\n<title>Urna decorativa de mariposas para cenizas<\/title>\n<meta name=\"description\" content=\"Presentamos nuestra hermosa urna decorativa de mariposas para cenizas, un tributo que captura a la perfecci\u00f3n la belleza y la serenidad de la naturaleza.\" \/>\n<meta name=\"robots\" content=\"index, follow, max-snippet:-1, max-image-preview:large, max-video-preview:-1\" \/>\n<link rel=\"canonical\" href=\"https:\/\/www.rememberme-forever.com\/es\/producto\/urna-decorativa-de-mariposas-para-cenizas\/\" \/>\n<meta property=\"og:locale\" content=\"es_ES\" \/>\n<meta property=\"og:type\" content=\"article\" \/>\n<meta property=\"og:title\" content=\"Urna decorativa de mariposas para cenizas\" \/>\n<meta property=\"og:description\" content=\"Presentamos nuestra hermosa urna decorativa de mariposas para cenizas, un tributo que captura a la perfecci\u00f3n la belleza y la serenidad de la naturaleza.\" \/>\n<meta property=\"og:url\" content=\"https:\/\/www.rememberme-forever.com\/es\/producto\/urna-decorativa-de-mariposas-para-cenizas\/\" \/>\n<meta property=\"og:site_name\" content=\"Remember Forever\" \/>\n<meta property=\"article:modified_time\" content=\"2026-02-23T13:01:00+00:00\" \/>\n<meta property=\"og:image\" content=\"http:\/\/www.rememberme-forever.com\/wp-content\/uploads\/2023\/04\/butterflies-decorative-urn-for-ashes.jpg\" \/>\n\t<meta property=\"og:image:width\" content=\"768\" \/>\n\t<meta property=\"og:image:height\" content=\"781\" \/>\n\t<meta property=\"og:image:type\" content=\"image\/jpeg\" \/>\n<meta name=\"twitter:card\" content=\"summary_large_image\" \/>\n<meta name=\"twitter:label1\" content=\"Tiempo de lectura\" \/>\n\t<meta name=\"twitter:data1\" content=\"2 minutos\" \/>\n<script type=\"application\/ld+json\" class=\"yoast-schema-graph\">{\"@context\":\"https:\\\/\\\/schema.org\",\"@graph\":[{\"@type\":\"WebPage\",\"@id\":\"https:\\\/\\\/www.rememberme-forever.com\\\/es\\\/producto\\\/urna-decorativa-de-mariposas-para-cenizas\\\/\",\"url\":\"https:\\\/\\\/www.rememberme-forever.com\\\/es\\\/producto\\\/urna-decorativa-de-mariposas-para-cenizas\\\/\",\"name\":\"Urna decorativa de mariposas para cenizas\",\"isPartOf\":{\"@id\":\"https:\\\/\\\/www.rememberme-forever.com\\\/es\\\/#website\"},\"primaryImageOfPage\":{\"@id\":\"https:\\\/\\\/www.rememberme-forever.com\\\/es\\\/producto\\\/urna-decorativa-de-mariposas-para-cenizas\\\/#primaryimage\"},\"image\":{\"@id\":\"https:\\\/\\\/www.rememberme-forever.com\\\/es\\\/producto\\\/urna-decorativa-de-mariposas-para-cenizas\\\/#primaryimage\"},\"thumbnailUrl\":\"https:\\\/\\\/www.rememberme-forever.com\\\/wp-content\\\/uploads\\\/2023\\\/04\\\/butterflies-decorative-urn-for-ashes.jpg\",\"datePublished\":\"2023-04-18T11:31:27+00:00\",\"dateModified\":\"2026-02-23T13:01:00+00:00\",\"description\":\"Presentamos nuestra hermosa urna decorativa de mariposas para cenizas, un tributo que captura a la perfecci\u00f3n la belleza y la serenidad de la naturaleza.\",\"breadcrumb\":{\"@id\":\"https:\\\/\\\/www.rememberme-forever.com\\\/es\\\/producto\\\/urna-decorativa-de-mariposas-para-cenizas\\\/#breadcrumb\"},\"inLanguage\":\"es\",\"potentialAction\":[{\"@type\":\"ReadAction\",\"target\":[\"https:\\\/\\\/www.rememberme-forever.com\\\/es\\\/producto\\\/urna-decorativa-de-mariposas-para-cenizas\\\/\"]}]},{\"@type\":\"ImageObject\",\"inLanguage\":\"es\",\"@id\":\"https:\\\/\\\/www.rememberme-forever.com\\\/es\\\/producto\\\/urna-decorativa-de-mariposas-para-cenizas\\\/#primaryimage\",\"url\":\"https:\\\/\\\/www.rememberme-forever.com\\\/wp-content\\\/uploads\\\/2023\\\/04\\\/butterflies-decorative-urn-for-ashes.jpg\",\"contentUrl\":\"https:\\\/\\\/www.rememberme-forever.com\\\/wp-content\\\/uploads\\\/2023\\\/04\\\/butterflies-decorative-urn-for-ashes.jpg\",\"width\":768,\"height\":781,\"caption\":\"urna decorativa de mariposas para cenizas\"},{\"@type\":\"BreadcrumbList\",\"@id\":\"https:\\\/\\\/www.rememberme-forever.com\\\/es\\\/producto\\\/urna-decorativa-de-mariposas-para-cenizas\\\/#breadcrumb\",\"itemListElement\":[{\"@type\":\"ListItem\",\"position\":1,\"name\":\"Home\",\"item\":\"https:\\\/\\\/www.rememberme-forever.com\\\/es\\\/inicio\\\/\"},{\"@type\":\"ListItem\",\"position\":2,\"name\":\"Comercio\",\"item\":\"https:\\\/\\\/www.rememberme-forever.com\\\/es\\\/shop\\\/\"},{\"@type\":\"ListItem\",\"position\":3,\"name\":\"Urna decorativa de mariposas para cenizas\"}]},{\"@type\":\"WebSite\",\"@id\":\"https:\\\/\\\/www.rememberme-forever.com\\\/es\\\/#website\",\"url\":\"https:\\\/\\\/www.rememberme-forever.com\\\/es\\\/\",\"name\":\"Remember Forever\",\"description\":\"Cremation urns, funeral urns, urns for ashes\",\"publisher\":{\"@id\":\"https:\\\/\\\/www.rememberme-forever.com\\\/es\\\/#organization\"},\"potentialAction\":[{\"@type\":\"SearchAction\",\"target\":{\"@type\":\"EntryPoint\",\"urlTemplate\":\"https:\\\/\\\/www.rememberme-forever.com\\\/es\\\/?s={search_term_string}\"},\"query-input\":{\"@type\":\"PropertyValueSpecification\",\"valueRequired\":true,\"valueName\":\"search_term_string\"}}],\"inLanguage\":\"es\"},{\"@type\":\"Organization\",\"@id\":\"https:\\\/\\\/www.rememberme-forever.com\\\/es\\\/#organization\",\"name\":\"Remember Forever\",\"url\":\"https:\\\/\\\/www.rememberme-forever.com\\\/es\\\/\",\"logo\":{\"@type\":\"ImageObject\",\"inLanguage\":\"es\",\"@id\":\"https:\\\/\\\/www.rememberme-forever.com\\\/es\\\/#\\\/schema\\\/logo\\\/image\\\/\",\"url\":\"https:\\\/\\\/www.rememberme-forever.com\\\/wp-content\\\/uploads\\\/2023\\\/02\\\/logo.png\",\"contentUrl\":\"https:\\\/\\\/www.rememberme-forever.com\\\/wp-content\\\/uploads\\\/2023\\\/02\\\/logo.png\",\"width\":300,\"height\":56,\"caption\":\"Remember Forever\"},\"image\":{\"@id\":\"https:\\\/\\\/www.rememberme-forever.com\\\/es\\\/#\\\/schema\\\/logo\\\/image\\\/\"}}]}<\/script>\n<!-- \/ Yoast SEO plugin. -->","yoast_head_json":{"title":"Urna decorativa de mariposas para cenizas","description":"Presentamos nuestra hermosa urna decorativa de mariposas para cenizas, un tributo que captura a la perfecci\u00f3n la belleza y la serenidad de la naturaleza.","robots":{"index":"index","follow":"follow","max-snippet":"max-snippet:-1","max-image-preview":"max-image-preview:large","max-video-preview":"max-video-preview:-1"},"canonical":"https:\/\/www.rememberme-forever.com\/es\/producto\/urna-decorativa-de-mariposas-para-cenizas\/","og_locale":"es_ES","og_type":"article","og_title":"Urna decorativa de mariposas para cenizas","og_description":"Presentamos nuestra hermosa urna decorativa de mariposas para cenizas, un tributo que captura a la perfecci\u00f3n la belleza y la serenidad de la naturaleza.","og_url":"https:\/\/www.rememberme-forever.com\/es\/producto\/urna-decorativa-de-mariposas-para-cenizas\/","og_site_name":"Remember Forever","article_modified_time":"2026-02-23T13:01:00+00:00","og_image":[{"width":768,"height":781,"url":"http:\/\/www.rememberme-forever.com\/wp-content\/uploads\/2023\/04\/butterflies-decorative-urn-for-ashes.jpg","type":"image\/jpeg"}],"twitter_card":"summary_large_image","twitter_misc":{"Tiempo de lectura":"2 minutos"},"schema":{"@context":"https:\/\/schema.org","@graph":[{"@type":"WebPage","@id":"https:\/\/www.rememberme-forever.com\/es\/producto\/urna-decorativa-de-mariposas-para-cenizas\/","url":"https:\/\/www.rememberme-forever.com\/es\/producto\/urna-decorativa-de-mariposas-para-cenizas\/","name":"Urna decorativa de mariposas para cenizas","isPartOf":{"@id":"https:\/\/www.rememberme-forever.com\/es\/#website"},"primaryImageOfPage":{"@id":"https:\/\/www.rememberme-forever.com\/es\/producto\/urna-decorativa-de-mariposas-para-cenizas\/#primaryimage"},"image":{"@id":"https:\/\/www.rememberme-forever.com\/es\/producto\/urna-decorativa-de-mariposas-para-cenizas\/#primaryimage"},"thumbnailUrl":"https:\/\/www.rememberme-forever.com\/wp-content\/uploads\/2023\/04\/butterflies-decorative-urn-for-ashes.jpg","datePublished":"2023-04-18T11:31:27+00:00","dateModified":"2026-02-23T13:01:00+00:00","description":"Presentamos nuestra hermosa urna decorativa de mariposas para cenizas, un tributo que captura a la perfecci\u00f3n la belleza y la serenidad de la naturaleza.","breadcrumb":{"@id":"https:\/\/www.rememberme-forever.com\/es\/producto\/urna-decorativa-de-mariposas-para-cenizas\/#breadcrumb"},"inLanguage":"es","potentialAction":[{"@type":"ReadAction","target":["https:\/\/www.rememberme-forever.com\/es\/producto\/urna-decorativa-de-mariposas-para-cenizas\/"]}]},{"@type":"ImageObject","inLanguage":"es","@id":"https:\/\/www.rememberme-forever.com\/es\/producto\/urna-decorativa-de-mariposas-para-cenizas\/#primaryimage","url":"https:\/\/www.rememberme-forever.com\/wp-content\/uploads\/2023\/04\/butterflies-decorative-urn-for-ashes.jpg","contentUrl":"https:\/\/www.rememberme-forever.com\/wp-content\/uploads\/2023\/04\/butterflies-decorative-urn-for-ashes.jpg","width":768,"height":781,"caption":"urna decorativa de mariposas para cenizas"},{"@type":"BreadcrumbList","@id":"https:\/\/www.rememberme-forever.com\/es\/producto\/urna-decorativa-de-mariposas-para-cenizas\/#breadcrumb","itemListElement":[{"@type":"ListItem","position":1,"name":"Home","item":"https:\/\/www.rememberme-forever.com\/es\/inicio\/"},{"@type":"ListItem","position":2,"name":"Comercio","item":"https:\/\/www.rememberme-forever.com\/es\/shop\/"},{"@type":"ListItem","position":3,"name":"Urna decorativa de mariposas para cenizas"}]},{"@type":"WebSite","@id":"https:\/\/www.rememberme-forever.com\/es\/#website","url":"https:\/\/www.rememberme-forever.com\/es\/","name":"Remember Forever","description":"Cremation urns, funeral urns, urns for ashes","publisher":{"@id":"https:\/\/www.rememberme-forever.com\/es\/#organization"},"potentialAction":[{"@type":"SearchAction","target":{"@type":"EntryPoint","urlTemplate":"https:\/\/www.rememberme-forever.com\/es\/?s={search_term_string}"},"query-input":{"@type":"PropertyValueSpecification","valueRequired":true,"valueName":"search_term_string"}}],"inLanguage":"es"},{"@type":"Organization","@id":"https:\/\/www.rememberme-forever.com\/es\/#organization","name":"Remember Forever","url":"https:\/\/www.rememberme-forever.com\/es\/","logo":{"@type":"ImageObject","inLanguage":"es","@id":"https:\/\/www.rememberme-forever.com\/es\/#\/schema\/logo\/image\/","url":"https:\/\/www.rememberme-forever.com\/wp-content\/uploads\/2023\/02\/logo.png","contentUrl":"https:\/\/www.rememberme-forever.com\/wp-content\/uploads\/2023\/02\/logo.png","width":300,"height":56,"caption":"Remember Forever"},"image":{"@id":"https:\/\/www.rememberme-forever.com\/es\/#\/schema\/logo\/image\/"}}]}},"acf":[],"_links":{"self":[{"href":"https:\/\/www.rememberme-forever.com\/es\/wp-json\/wp\/v2\/product\/26433","targetHints":{"allow":["GET"]}}],"collection":[{"href":"https:\/\/www.rememberme-forever.com\/es\/wp-json\/wp\/v2\/product"}],"about":[{"href":"https:\/\/www.rememberme-forever.com\/es\/wp-json\/wp\/v2\/types\/product"}],"wp:featuredmedia":[{"embeddable":true,"href":"https:\/\/www.rememberme-forever.com\/es\/wp-json\/wp\/v2\/media\/26429"}],"wp:attachment":[{"href":"https:\/\/www.rememberme-forever.com\/es\/wp-json\/wp\/v2\/media?parent=26433"}],"wp:term":[{"taxonomy":"product_brand","embeddable":true,"href":"https:\/\/www.rememberme-forever.com\/es\/wp-json\/wp\/v2\/product_brand?post=26433"},{"taxonomy":"product_cat","embeddable":true,"href":"https:\/\/www.rememberme-forever.com\/es\/wp-json\/wp\/v2\/product_cat?post=26433"},{"taxonomy":"product_tag","embeddable":true,"href":"https:\/\/www.rememberme-forever.com\/es\/wp-json\/wp\/v2\/product_tag?post=26433"}],"curies":[{"name":"wp","href":"https:\/\/api.w.org\/{rel}","templated":true}]}}