{"id":26750,"date":"2026-03-02T11:47:27","date_gmt":"2026-03-02T10:47:27","guid":{"rendered":"https:\/\/www.rememberme-forever.com\/product\/urna-funeraria-de-cenizas-estilo-cofre-elegante-urna-conmemorativa-de-madera-maciza\/"},"modified":"2026-03-02T13:03:35","modified_gmt":"2026-03-02T12:03:35","slug":"urna-funeraria-de-cenizas-estilo-cofre-elegante-urna-conmemorativa-de-madera-maciza","status":"publish","type":"product","link":"https:\/\/www.rememberme-forever.com\/es\/producto\/urna-funeraria-de-cenizas-estilo-cofre-elegante-urna-conmemorativa-de-madera-maciza\/","title":{"rendered":"Urna Funeraria de Cenizas Estilo Cofre Elegante &#8211; Urna Conmemorativa de Madera Maciza"},"content":{"rendered":"<section class=\"section\">\n<div class=\"item item-12\">\n<section class=\"text-item\">\n<p style=\"text-align: center;\" data-start=\"542\" data-end=\"833\"><span style=\"font-size: 14px; font-weight: normal; color: #000000;\">Honre a su ser querido con esta <span data-start=\"573\" data-end=\"632\">preciosa urna de cremaci\u00f3n de madera hecha a mano para cenizas de adultos<\/span>, cuidadosamente elaborada con una elegante forma de cofre. Fabricada en <span data-start=\"693\" data-end=\"715\">madera natural maciza<\/span>, esta urna conmemorativa \u00fanica combina dise\u00f1o atemporal con dignidad, ofreciendo un lugar de descanso final sereno y refinado. <\/span><\/p>\n<p style=\"text-align: center;\" data-start=\"835\" data-end=\"1092\"><span style=\"font-size: 14px; font-weight: normal; color: #000000;\">La cl\u00e1sica forma de cofre est\u00e1 delicadamente acabada con un <span data-start=\"889\" data-end=\"910\">detalle de cala<\/span>, que simboliza pureza, recuerdo y amor eterno. Cada urna est\u00e1 cuidadosamente elaborada a mano y pulida para realzar la belleza natural de la veta de la madera, haciendo que cada pieza sea \u00fanica. <\/span><\/p>\n<p style=\"text-align: center;\" data-start=\"1094\" data-end=\"1360\"><span style=\"font-size: 14px; font-weight: normal; color: #000000;\">Las urnas de madera para cenizas se encuentran entre las opciones conmemorativas m\u00e1s solicitadas debido a su calidez, elegancia y capacidad para integrarse bellamente en la decoraci\u00f3n del hogar. Ya sea expuesta en un espacio habitable o en un \u00e1rea conmemorativa, esta urna ofrece una presencia reconfortante y una est\u00e9tica refinada. <\/span><\/p>\n<div style=\"width: 100%; margin-bottom: 40px; height: max-content; padding-bottom: 60%; position: relative;\"><iframe style=\"position: absolute; top: 0; left: 0; width: 100%; height: 100%;\" src=\"https:\/\/rememberme-urns.com\/https:\/\/rememberme-urns.com\/solid-wood-urn-for-ashes-design-2\/\/\" frameborder=\"0\"><\/iframe><\/div>\n<div style=\"color: red; text-align: center; margin-bottom: 25px;\">\n<p>&gt;&gt; Foto giratoria &#8211; pulsar\/acercar &lt;&lt;<\/p>\n<\/div>\n<p style=\"text-align: center;\" data-start=\"1639\" data-end=\"1796\"><span style=\"font-size: 14px; font-weight: normal; color: #000000;\">Esta urna grande de madera est\u00e1 dise\u00f1ada para almacenar de forma segura y respetuosa las cenizas de cremaci\u00f3n. La <span data-start=\"1727\" data-end=\"1764\">apertura inferior con tornillos seguros<\/span> garantiza que las cenizas permanezcan protegidas. <\/span><\/p>\n<p style=\"text-align: center;\" data-start=\"1798\" data-end=\"1951\"><span style=\"font-size: 14px; font-weight: normal; color: #000000;\">Si busca una urna funeraria de madera significativa y de alta calidad que combine artesan\u00eda con elegancia, esta pieza conmemorativa es una elecci\u00f3n atemporal.<\/span><\/p>\n<p style=\"text-align: center;\" data-start=\"1953\" data-end=\"2084\"><span style=\"font-size: 14px; font-weight: normal; color: #000000;\">Explore nuestra colecci\u00f3n para descubrir m\u00e1s <span data-start=\"1984\" data-end=\"2065\">urnas de cremaci\u00f3n de madera, urnas conmemorativas para adultos y recuerdos funerarios \u00fanicos<\/span> elaborados con esmero.<\/span><\/p>\n<\/section>\n<\/div>\n<\/section>\n<section class=\"section\">\n<div class=\"item item-12\">\n<section class=\"text-item\">\n<p style=\"text-align: center;\"><strong>\u25ba PERSONALIZACI\u00d3N \u25c4<\/strong><\/p>\n<p style=\"text-align: center;\">\u2714\ufe0f Si elige una placa personalizada, introduzca el texto en el lugar correspondiente o env\u00edenos un mensaje.<\/p>\n<p style=\"text-align: center;\">\u2714\ufe0f La placa conmemorativa personalizada debe personalizarse durante el proceso de pedido. (No se preocupe si lo olvida, siempre puede enviarnos un mensaje m\u00e1s tarde).<\/p>\n<p style=\"text-align: center;\"><b>Las limitaciones de texto son las siguientes:<\/b><\/p>\n<ul>\n<li style=\"text-align: center;\"><span style=\"color: var(--text-color); font-size: 14px;\">Nombre(s): hasta 24 caracteres<\/span><\/li>\n<li style=\"text-align: center;\"><span style=\"color: var(--text-color); font-size: 14px;\">Fecha de nacimiento y fallecimiento: hasta 24 caracteres<\/span><\/li>\n<li style=\"text-align: center;\"><span style=\"color: var(--text-color); font-size: 14px;\">Tercera l\u00ednea: hasta 24 caracteres<\/span><\/li>\n<li style=\"text-align: center;\"><span style=\"font-size: 14px;\">Cuarta l\u00ednea: hasta 24 caracteres<\/span><\/li>\n<li style=\"text-align: center;\"><span style=\"font-size: 14px;\">Quinta l\u00ednea: hasta 24 caracteres<\/span><\/li>\n<\/ul>\n<div style=\"text-align: center;\"><\/div>\n<p style=\"text-align: center;\">\u2714\ufe0f Por favor, <strong>revise el texto del grabado<\/strong> antes de a\u00f1adir el producto a su carrito. Copiamos y grabamos exactamente la informaci\u00f3n que recibimos con el pedido y no realizamos ning\u00fan cambio por nuestra parte.<\/p>\n<p style=\"text-align: center;\">\u2714\ufe0f Revise el texto para asegurarse de que la ortograf\u00eda sea correcta.<\/p>\n<p style=\"text-align: center;\">\u2714\ufe0f<strong> NO <\/strong>introduzca la informaci\u00f3n del grabado si compra la opci\u00f3n \u00abUrna sin placa\u00bb.<\/p>\n<\/section>\n<\/div>\n<\/section>\n","protected":false},"excerpt":{"rendered":"<p>Honre a su ser querido con esta preciosa urna de cremaci\u00f3n de madera hecha a mano para cenizas de adultos, cuidadosamente elaborada con una elegante&#8230;<\/p>\n","protected":false},"featured_media":26742,"template":"","meta":{"_acf_changed":false},"product_brand":[],"product_cat":[2467],"product_tag":[3309],"class_list":{"0":"post-26750","1":"product","2":"type-product","3":"status-publish","4":"has-post-thumbnail","6":"product_cat-urnas-de-madera","7":"product_tag-gpsr-all-wood-urns","8":"product_shipping_class-2-4kg-es","10":"first","11":"instock","12":"taxable","13":"shipping-taxable","14":"purchasable","15":"product-type-simple"},"yoast_head":"<!-- This site is optimized with the Yoast SEO plugin v27.4 - https:\/\/yoast.com\/product\/yoast-seo-wordpress\/ -->\n<title>Urna Funeraria de Cenizas Estilo Cofre Elegante - Urna Conmemorativa de Madera Maciza - Remember Forever<\/title>\n<meta name=\"robots\" content=\"index, follow, max-snippet:-1, max-image-preview:large, max-video-preview:-1\" \/>\n<link rel=\"canonical\" href=\"https:\/\/www.rememberme-forever.com\/es\/producto\/urna-funeraria-de-cenizas-estilo-cofre-elegante-urna-conmemorativa-de-madera-maciza\/\" \/>\n<meta property=\"og:locale\" content=\"es_ES\" \/>\n<meta property=\"og:type\" content=\"article\" \/>\n<meta property=\"og:title\" content=\"Urna Funeraria de Cenizas Estilo Cofre Elegante - Urna Conmemorativa de Madera Maciza - Remember Forever\" \/>\n<meta property=\"og:description\" content=\"Honre a su ser querido con esta preciosa urna de cremaci\u00f3n de madera hecha a mano para cenizas de adultos, cuidadosamente elaborada con una elegante...\" \/>\n<meta property=\"og:url\" content=\"https:\/\/www.rememberme-forever.com\/es\/producto\/urna-funeraria-de-cenizas-estilo-cofre-elegante-urna-conmemorativa-de-madera-maciza\/\" \/>\n<meta property=\"og:site_name\" content=\"Remember Forever\" \/>\n<meta property=\"article:modified_time\" content=\"2026-03-02T12:03:35+00:00\" \/>\n<meta property=\"og:image\" content=\"http:\/\/www.rememberme-forever.com\/wp-content\/uploads\/2026\/03\/wooden-urn-with-calla-lily-and-memorial-plaque_0001.jpg\" \/>\n\t<meta property=\"og:image:width\" content=\"1007\" \/>\n\t<meta property=\"og:image:height\" content=\"1024\" \/>\n\t<meta property=\"og:image:type\" content=\"image\/jpeg\" \/>\n<meta name=\"twitter:card\" content=\"summary_large_image\" \/>\n<meta name=\"twitter:label1\" content=\"Tiempo de lectura\" \/>\n\t<meta name=\"twitter:data1\" content=\"2 minutos\" \/>\n<script type=\"application\/ld+json\" class=\"yoast-schema-graph\">{\"@context\":\"https:\\\/\\\/schema.org\",\"@graph\":[{\"@type\":\"WebPage\",\"@id\":\"https:\\\/\\\/www.rememberme-forever.com\\\/es\\\/producto\\\/urna-funeraria-de-cenizas-estilo-cofre-elegante-urna-conmemorativa-de-madera-maciza\\\/\",\"url\":\"https:\\\/\\\/www.rememberme-forever.com\\\/es\\\/producto\\\/urna-funeraria-de-cenizas-estilo-cofre-elegante-urna-conmemorativa-de-madera-maciza\\\/\",\"name\":\"Urna Funeraria de Cenizas Estilo Cofre Elegante - Urna Conmemorativa de Madera Maciza - Remember Forever\",\"isPartOf\":{\"@id\":\"https:\\\/\\\/www.rememberme-forever.com\\\/es\\\/#website\"},\"primaryImageOfPage\":{\"@id\":\"https:\\\/\\\/www.rememberme-forever.com\\\/es\\\/producto\\\/urna-funeraria-de-cenizas-estilo-cofre-elegante-urna-conmemorativa-de-madera-maciza\\\/#primaryimage\"},\"image\":{\"@id\":\"https:\\\/\\\/www.rememberme-forever.com\\\/es\\\/producto\\\/urna-funeraria-de-cenizas-estilo-cofre-elegante-urna-conmemorativa-de-madera-maciza\\\/#primaryimage\"},\"thumbnailUrl\":\"https:\\\/\\\/www.rememberme-forever.com\\\/wp-content\\\/uploads\\\/2026\\\/03\\\/wooden-urn-with-calla-lily-and-memorial-plaque_0001.jpg\",\"datePublished\":\"2026-03-02T10:47:27+00:00\",\"dateModified\":\"2026-03-02T12:03:35+00:00\",\"breadcrumb\":{\"@id\":\"https:\\\/\\\/www.rememberme-forever.com\\\/es\\\/producto\\\/urna-funeraria-de-cenizas-estilo-cofre-elegante-urna-conmemorativa-de-madera-maciza\\\/#breadcrumb\"},\"inLanguage\":\"es\",\"potentialAction\":[{\"@type\":\"ReadAction\",\"target\":[\"https:\\\/\\\/www.rememberme-forever.com\\\/es\\\/producto\\\/urna-funeraria-de-cenizas-estilo-cofre-elegante-urna-conmemorativa-de-madera-maciza\\\/\"]}]},{\"@type\":\"ImageObject\",\"inLanguage\":\"es\",\"@id\":\"https:\\\/\\\/www.rememberme-forever.com\\\/es\\\/producto\\\/urna-funeraria-de-cenizas-estilo-cofre-elegante-urna-conmemorativa-de-madera-maciza\\\/#primaryimage\",\"url\":\"https:\\\/\\\/www.rememberme-forever.com\\\/wp-content\\\/uploads\\\/2026\\\/03\\\/wooden-urn-with-calla-lily-and-memorial-plaque_0001.jpg\",\"contentUrl\":\"https:\\\/\\\/www.rememberme-forever.com\\\/wp-content\\\/uploads\\\/2026\\\/03\\\/wooden-urn-with-calla-lily-and-memorial-plaque_0001.jpg\",\"width\":1007,\"height\":1024,\"caption\":\"Urna Funeraria de Cenizas Estilo Cofre Elegante \u2013 Urna Conmemorativa de Madera Maciza\"},{\"@type\":\"BreadcrumbList\",\"@id\":\"https:\\\/\\\/www.rememberme-forever.com\\\/es\\\/producto\\\/urna-funeraria-de-cenizas-estilo-cofre-elegante-urna-conmemorativa-de-madera-maciza\\\/#breadcrumb\",\"itemListElement\":[{\"@type\":\"ListItem\",\"position\":1,\"name\":\"Home\",\"item\":\"https:\\\/\\\/www.rememberme-forever.com\\\/es\\\/inicio\\\/\"},{\"@type\":\"ListItem\",\"position\":2,\"name\":\"Comercio\",\"item\":\"https:\\\/\\\/www.rememberme-forever.com\\\/es\\\/shop\\\/\"},{\"@type\":\"ListItem\",\"position\":3,\"name\":\"Urna Funeraria de Cenizas Estilo Cofre Elegante &#8211; Urna Conmemorativa de Madera Maciza\"}]},{\"@type\":\"WebSite\",\"@id\":\"https:\\\/\\\/www.rememberme-forever.com\\\/es\\\/#website\",\"url\":\"https:\\\/\\\/www.rememberme-forever.com\\\/es\\\/\",\"name\":\"Remember Forever\",\"description\":\"Cremation urns, funeral urns, urns for ashes\",\"publisher\":{\"@id\":\"https:\\\/\\\/www.rememberme-forever.com\\\/es\\\/#organization\"},\"potentialAction\":[{\"@type\":\"SearchAction\",\"target\":{\"@type\":\"EntryPoint\",\"urlTemplate\":\"https:\\\/\\\/www.rememberme-forever.com\\\/es\\\/?s={search_term_string}\"},\"query-input\":{\"@type\":\"PropertyValueSpecification\",\"valueRequired\":true,\"valueName\":\"search_term_string\"}}],\"inLanguage\":\"es\"},{\"@type\":\"Organization\",\"@id\":\"https:\\\/\\\/www.rememberme-forever.com\\\/es\\\/#organization\",\"name\":\"Remember Forever\",\"url\":\"https:\\\/\\\/www.rememberme-forever.com\\\/es\\\/\",\"logo\":{\"@type\":\"ImageObject\",\"inLanguage\":\"es\",\"@id\":\"https:\\\/\\\/www.rememberme-forever.com\\\/es\\\/#\\\/schema\\\/logo\\\/image\\\/\",\"url\":\"https:\\\/\\\/www.rememberme-forever.com\\\/wp-content\\\/uploads\\\/2023\\\/02\\\/logo.png\",\"contentUrl\":\"https:\\\/\\\/www.rememberme-forever.com\\\/wp-content\\\/uploads\\\/2023\\\/02\\\/logo.png\",\"width\":300,\"height\":56,\"caption\":\"Remember Forever\"},\"image\":{\"@id\":\"https:\\\/\\\/www.rememberme-forever.com\\\/es\\\/#\\\/schema\\\/logo\\\/image\\\/\"}}]}<\/script>\n<!-- \/ Yoast SEO plugin. -->","yoast_head_json":{"title":"Urna Funeraria de Cenizas Estilo Cofre Elegante - Urna Conmemorativa de Madera Maciza - Remember Forever","robots":{"index":"index","follow":"follow","max-snippet":"max-snippet:-1","max-image-preview":"max-image-preview:large","max-video-preview":"max-video-preview:-1"},"canonical":"https:\/\/www.rememberme-forever.com\/es\/producto\/urna-funeraria-de-cenizas-estilo-cofre-elegante-urna-conmemorativa-de-madera-maciza\/","og_locale":"es_ES","og_type":"article","og_title":"Urna Funeraria de Cenizas Estilo Cofre Elegante - Urna Conmemorativa de Madera Maciza - Remember Forever","og_description":"Honre a su ser querido con esta preciosa urna de cremaci\u00f3n de madera hecha a mano para cenizas de adultos, cuidadosamente elaborada con una elegante...","og_url":"https:\/\/www.rememberme-forever.com\/es\/producto\/urna-funeraria-de-cenizas-estilo-cofre-elegante-urna-conmemorativa-de-madera-maciza\/","og_site_name":"Remember Forever","article_modified_time":"2026-03-02T12:03:35+00:00","og_image":[{"width":1007,"height":1024,"url":"http:\/\/www.rememberme-forever.com\/wp-content\/uploads\/2026\/03\/wooden-urn-with-calla-lily-and-memorial-plaque_0001.jpg","type":"image\/jpeg"}],"twitter_card":"summary_large_image","twitter_misc":{"Tiempo de lectura":"2 minutos"},"schema":{"@context":"https:\/\/schema.org","@graph":[{"@type":"WebPage","@id":"https:\/\/www.rememberme-forever.com\/es\/producto\/urna-funeraria-de-cenizas-estilo-cofre-elegante-urna-conmemorativa-de-madera-maciza\/","url":"https:\/\/www.rememberme-forever.com\/es\/producto\/urna-funeraria-de-cenizas-estilo-cofre-elegante-urna-conmemorativa-de-madera-maciza\/","name":"Urna Funeraria de Cenizas Estilo Cofre Elegante - Urna Conmemorativa de Madera Maciza - Remember Forever","isPartOf":{"@id":"https:\/\/www.rememberme-forever.com\/es\/#website"},"primaryImageOfPage":{"@id":"https:\/\/www.rememberme-forever.com\/es\/producto\/urna-funeraria-de-cenizas-estilo-cofre-elegante-urna-conmemorativa-de-madera-maciza\/#primaryimage"},"image":{"@id":"https:\/\/www.rememberme-forever.com\/es\/producto\/urna-funeraria-de-cenizas-estilo-cofre-elegante-urna-conmemorativa-de-madera-maciza\/#primaryimage"},"thumbnailUrl":"https:\/\/www.rememberme-forever.com\/wp-content\/uploads\/2026\/03\/wooden-urn-with-calla-lily-and-memorial-plaque_0001.jpg","datePublished":"2026-03-02T10:47:27+00:00","dateModified":"2026-03-02T12:03:35+00:00","breadcrumb":{"@id":"https:\/\/www.rememberme-forever.com\/es\/producto\/urna-funeraria-de-cenizas-estilo-cofre-elegante-urna-conmemorativa-de-madera-maciza\/#breadcrumb"},"inLanguage":"es","potentialAction":[{"@type":"ReadAction","target":["https:\/\/www.rememberme-forever.com\/es\/producto\/urna-funeraria-de-cenizas-estilo-cofre-elegante-urna-conmemorativa-de-madera-maciza\/"]}]},{"@type":"ImageObject","inLanguage":"es","@id":"https:\/\/www.rememberme-forever.com\/es\/producto\/urna-funeraria-de-cenizas-estilo-cofre-elegante-urna-conmemorativa-de-madera-maciza\/#primaryimage","url":"https:\/\/www.rememberme-forever.com\/wp-content\/uploads\/2026\/03\/wooden-urn-with-calla-lily-and-memorial-plaque_0001.jpg","contentUrl":"https:\/\/www.rememberme-forever.com\/wp-content\/uploads\/2026\/03\/wooden-urn-with-calla-lily-and-memorial-plaque_0001.jpg","width":1007,"height":1024,"caption":"Urna Funeraria de Cenizas Estilo Cofre Elegante \u2013 Urna Conmemorativa de Madera Maciza"},{"@type":"BreadcrumbList","@id":"https:\/\/www.rememberme-forever.com\/es\/producto\/urna-funeraria-de-cenizas-estilo-cofre-elegante-urna-conmemorativa-de-madera-maciza\/#breadcrumb","itemListElement":[{"@type":"ListItem","position":1,"name":"Home","item":"https:\/\/www.rememberme-forever.com\/es\/inicio\/"},{"@type":"ListItem","position":2,"name":"Comercio","item":"https:\/\/www.rememberme-forever.com\/es\/shop\/"},{"@type":"ListItem","position":3,"name":"Urna Funeraria de Cenizas Estilo Cofre Elegante &#8211; Urna Conmemorativa de Madera Maciza"}]},{"@type":"WebSite","@id":"https:\/\/www.rememberme-forever.com\/es\/#website","url":"https:\/\/www.rememberme-forever.com\/es\/","name":"Remember Forever","description":"Cremation urns, funeral urns, urns for ashes","publisher":{"@id":"https:\/\/www.rememberme-forever.com\/es\/#organization"},"potentialAction":[{"@type":"SearchAction","target":{"@type":"EntryPoint","urlTemplate":"https:\/\/www.rememberme-forever.com\/es\/?s={search_term_string}"},"query-input":{"@type":"PropertyValueSpecification","valueRequired":true,"valueName":"search_term_string"}}],"inLanguage":"es"},{"@type":"Organization","@id":"https:\/\/www.rememberme-forever.com\/es\/#organization","name":"Remember Forever","url":"https:\/\/www.rememberme-forever.com\/es\/","logo":{"@type":"ImageObject","inLanguage":"es","@id":"https:\/\/www.rememberme-forever.com\/es\/#\/schema\/logo\/image\/","url":"https:\/\/www.rememberme-forever.com\/wp-content\/uploads\/2023\/02\/logo.png","contentUrl":"https:\/\/www.rememberme-forever.com\/wp-content\/uploads\/2023\/02\/logo.png","width":300,"height":56,"caption":"Remember Forever"},"image":{"@id":"https:\/\/www.rememberme-forever.com\/es\/#\/schema\/logo\/image\/"}}]}},"acf":[],"_links":{"self":[{"href":"https:\/\/www.rememberme-forever.com\/es\/wp-json\/wp\/v2\/product\/26750","targetHints":{"allow":["GET"]}}],"collection":[{"href":"https:\/\/www.rememberme-forever.com\/es\/wp-json\/wp\/v2\/product"}],"about":[{"href":"https:\/\/www.rememberme-forever.com\/es\/wp-json\/wp\/v2\/types\/product"}],"wp:featuredmedia":[{"embeddable":true,"href":"https:\/\/www.rememberme-forever.com\/es\/wp-json\/wp\/v2\/media\/26742"}],"wp:attachment":[{"href":"https:\/\/www.rememberme-forever.com\/es\/wp-json\/wp\/v2\/media?parent=26750"}],"wp:term":[{"taxonomy":"product_brand","embeddable":true,"href":"https:\/\/www.rememberme-forever.com\/es\/wp-json\/wp\/v2\/product_brand?post=26750"},{"taxonomy":"product_cat","embeddable":true,"href":"https:\/\/www.rememberme-forever.com\/es\/wp-json\/wp\/v2\/product_cat?post=26750"},{"taxonomy":"product_tag","embeddable":true,"href":"https:\/\/www.rememberme-forever.com\/es\/wp-json\/wp\/v2\/product_tag?post=26750"}],"curies":[{"name":"wp","href":"https:\/\/api.w.org\/{rel}","templated":true}]}}