{"id":26955,"date":"2026-03-03T12:46:49","date_gmt":"2026-03-03T11:46:49","guid":{"rendered":"https:\/\/www.rememberme-forever.com\/product\/urna-funeraria-mediana-de-madera-de-nogal-para-cenizas\/"},"modified":"2026-03-03T13:17:41","modified_gmt":"2026-03-03T12:17:41","slug":"urna-funeraria-mediana-de-madera-de-nogal-para-cenizas","status":"publish","type":"product","link":"https:\/\/www.rememberme-forever.com\/es\/producto\/urna-funeraria-mediana-de-madera-de-nogal-para-cenizas\/","title":{"rendered":"Urna Funeraria Mediana de Madera de Nogal para Cenizas"},"content":{"rendered":"<section class=\"section\">\n<div class=\"item item-12\">\n<section class=\"text-item\">\n<h3 style=\"text-align: center;\" data-start=\"401\" data-end=\"454\"><strong style=\"font-size: 14px;\" data-start=\"455\" data-end=\"500\">Un Homenaje Conmemorativo Atemporal y Digno<\/strong><\/h3>\n<p style=\"text-align: center;\" data-start=\"502\" data-end=\"836\">Honre a su ser querido con esta urna funeraria de madera de nogal bellamente elaborada a mano, dise\u00f1ada para proporcionar un lugar de descanso duradero y respetuoso. Fabricada con madera de nogal natural de primera calidad, esta urna de tama\u00f1o mediano presenta ricos patrones de vetas de madera, tonos c\u00e1lidos y un acabado pulido suave que resalta la belleza natural del material.<\/p>\n<p style=\"text-align: center;\" data-start=\"838\" data-end=\"1106\">Esta <strong data-start=\"843\" data-end=\"877\">urna funeraria de madera para cenizas<\/strong> es adecuada para contener las cenizas de un adulto con un peso corporal de hasta aproximadamente <strong data-start=\"966\" data-end=\"991\">122,04 lbs (54,92 kg)<\/strong> antes de la cremaci\u00f3n. Su cierre seguro garantiza que las cenizas permanezcan protegidas de forma segura, ofreciendo tranquilidad a las familias. <\/p>\n<p style=\"text-align: center;\" data-start=\"1614\" data-end=\"1853\">Las variaciones naturales de la madera de nogal hacen que cada urna sea \u00fanica, simbolizando la individualidad y la singularidad de la vida de su ser querido. Su forma cl\u00e1sica y tonos c\u00e1lidos de madera complementan tanto entornos conmemorativos tradicionales como contempor\u00e1neos. <\/p>\n<p style=\"text-align: center;\" data-start=\"1855\" data-end=\"2006\">Esta <strong data-start=\"1860\" data-end=\"1907\">urna funeraria mediana de nogal para cenizas humanas<\/strong> es una elecci\u00f3n significativa para familias que buscan un homenaje conmemorativo hermoso, duradero y respetuoso.<\/p>\n<\/section>\n<\/div>\n<\/section>\n<section class=\"section\">\n<div class=\"item item-12\">\n<section class=\"text-item\">\n<p align=\"center\">\n<p class=\"MsoNormal\" style=\"text-align: center;\" align=\"center\"><b><b>\u25ba PERSONALIZACI\u00d3N \u25c4<\/b><\/b><\/p>\n<p class=\"MsoNormal\" style=\"text-align: center;\" align=\"center\"><span lang=\"EN-US\">Si elige una placa personalizada, escriba el texto en el lugar correspondiente o env\u00edenos un mensaje.<\/span><\/p>\n<p class=\"MsoNormal\" style=\"text-align: center;\" align=\"center\"><span lang=\"EN-US\">La placa conmemorativa personalizada debe personalizarse durante el proceso de pedido. (No se preocupe si lo olvida, siempre puede enviarnos un mensaje m\u00e1s tarde).The personalized memorial plaque must be customized during the ordering process. (Don\u2019t worry if you forget, you can always send us a message later.) <\/span><\/p>\n<p class=\"MsoNormal\" style=\"text-align: center;\" align=\"center\"><b><span lang=\"EN-US\"> <\/span><\/b><\/p>\n<p class=\"MsoNormal\" style=\"text-align: center;\" align=\"center\"><b><span lang=\"EN-US\">Las limitaciones de texto son las siguientes:<\/span><\/b><\/p>\n<p class=\"MsoNormal\" style=\"text-align: center;\" align=\"center\">&#8211; Nombre(s) hasta 24 caracteres<\/p>\n<p class=\"MsoNormal\" style=\"text-align: center;\" align=\"center\"><span lang=\"EN-US\">&#8211; Fecha de nacimiento y defunci\u00f3n hasta 24 caracteres<\/span><\/p>\n<p class=\"MsoNormal\" style=\"text-align: center;\" align=\"center\">&#8211; Tercera l\u00ednea hasta 24 caracteres<\/p>\n<p class=\"MsoNormal\" style=\"text-align: center;\" align=\"center\">&#8211; Cuarta l\u00ednea hasta 24 caracteres<\/p>\n<p class=\"MsoNormal\" style=\"text-align: center;\" align=\"center\">&#8211; Quinta l\u00ednea hasta 24 caracteres<\/p>\n<p class=\"MsoNormal\" style=\"text-align: center;\" align=\"center\"><b><span lang=\"EN-US\"> <\/span><\/b><\/p>\n<p class=\"MsoNormal\" style=\"text-align: center;\" align=\"center\"><b><span lang=\"EN-US\">Por favor, revise el texto del grabado antes de agregar el producto a su carrito. Copiamos y grabamos exactamente la informaci\u00f3n que recibimos con el pedido y no realizamos ning\u00fan cambio por nuestra parte. <\/span><\/b><\/p>\n<p class=\"MsoNormal\" style=\"text-align: center;\" align=\"center\"><span lang=\"EN-US\"> <\/span><\/p>\n<p class=\"MsoNormal\" style=\"text-align: center;\" align=\"center\"><span lang=\"EN-US\">Revise el texto para asegurarse de que la ortograf\u00eda sea correcta.<\/span><\/p>\n<p class=\"MsoNormal\" style=\"text-align: center;\" align=\"center\">NO introduzca la informaci\u00f3n del grabado si compra la opci\u00f3n \u00abUrna sin placa\u00bb.<\/p>\n<p class=\"MsoNormal\" style=\"text-align: center;\" align=\"center\">\n<\/section>\n<\/div>\n<\/section>\n","protected":false},"excerpt":{"rendered":"<p>Un Homenaje Conmemorativo Atemporal y Digno Honre a su ser querido con esta urna funeraria de madera de nogal bellamente elaborada a mano, dise\u00f1ada para&#8230;<\/p>\n","protected":false},"featured_media":26947,"template":"","meta":{"_acf_changed":false},"product_brand":[],"product_cat":[2467],"product_tag":[3371],"class_list":{"0":"post-26955","1":"product","2":"type-product","3":"status-publish","4":"has-post-thumbnail","6":"product_cat-urnas-de-madera","7":"product_tag-gpsr-turned-wood","8":"product_shipping_class-2-4kg-es","10":"first","11":"instock","12":"taxable","13":"shipping-taxable","14":"purchasable","15":"product-type-simple"},"yoast_head":"<!-- This site is optimized with the Yoast SEO plugin v27.4 - https:\/\/yoast.com\/product\/yoast-seo-wordpress\/ -->\n<title>Urna Funeraria Mediana de Madera de Nogal para Cenizas - Remember Forever<\/title>\n<meta name=\"description\" content=\"Honre a su ser querido con esta urna funeraria de madera de nogal bellamente elaborada a mano, dise\u00f1ada para proporcionar un lugar de descanso duradero y respetuoso.\" \/>\n<meta name=\"robots\" content=\"index, follow, max-snippet:-1, max-image-preview:large, max-video-preview:-1\" \/>\n<link rel=\"canonical\" href=\"https:\/\/www.rememberme-forever.com\/es\/producto\/urna-funeraria-mediana-de-madera-de-nogal-para-cenizas\/\" \/>\n<meta property=\"og:locale\" content=\"es_ES\" \/>\n<meta property=\"og:type\" content=\"article\" \/>\n<meta property=\"og:title\" content=\"Urna Funeraria Mediana de Madera de Nogal para Cenizas - Remember Forever\" \/>\n<meta property=\"og:description\" content=\"Honre a su ser querido con esta urna funeraria de madera de nogal bellamente elaborada a mano, dise\u00f1ada para proporcionar un lugar de descanso duradero y respetuoso.\" \/>\n<meta property=\"og:url\" content=\"https:\/\/www.rememberme-forever.com\/es\/producto\/urna-funeraria-mediana-de-madera-de-nogal-para-cenizas\/\" \/>\n<meta property=\"og:site_name\" content=\"Remember Forever\" \/>\n<meta property=\"article:modified_time\" content=\"2026-03-03T12:17:41+00:00\" \/>\n<meta property=\"og:image\" content=\"https:\/\/www.rememberme-forever.com\/wp-content\/uploads\/2026\/03\/walnut-wood-medium-urn_0002.jpg\" \/>\n\t<meta property=\"og:image:width\" content=\"1007\" \/>\n\t<meta property=\"og:image:height\" content=\"1024\" \/>\n\t<meta property=\"og:image:type\" content=\"image\/jpeg\" \/>\n<meta name=\"twitter:card\" content=\"summary_large_image\" \/>\n<meta name=\"twitter:label1\" content=\"Tiempo de lectura\" \/>\n\t<meta name=\"twitter:data1\" content=\"2 minutos\" \/>\n<script type=\"application\/ld+json\" class=\"yoast-schema-graph\">{\"@context\":\"https:\\\/\\\/schema.org\",\"@graph\":[{\"@type\":\"WebPage\",\"@id\":\"https:\\\/\\\/www.rememberme-forever.com\\\/es\\\/producto\\\/urna-funeraria-mediana-de-madera-de-nogal-para-cenizas\\\/\",\"url\":\"https:\\\/\\\/www.rememberme-forever.com\\\/es\\\/producto\\\/urna-funeraria-mediana-de-madera-de-nogal-para-cenizas\\\/\",\"name\":\"Urna Funeraria Mediana de Madera de Nogal para Cenizas - Remember Forever\",\"isPartOf\":{\"@id\":\"https:\\\/\\\/www.rememberme-forever.com\\\/es\\\/#website\"},\"primaryImageOfPage\":{\"@id\":\"https:\\\/\\\/www.rememberme-forever.com\\\/es\\\/producto\\\/urna-funeraria-mediana-de-madera-de-nogal-para-cenizas\\\/#primaryimage\"},\"image\":{\"@id\":\"https:\\\/\\\/www.rememberme-forever.com\\\/es\\\/producto\\\/urna-funeraria-mediana-de-madera-de-nogal-para-cenizas\\\/#primaryimage\"},\"thumbnailUrl\":\"https:\\\/\\\/www.rememberme-forever.com\\\/wp-content\\\/uploads\\\/2026\\\/03\\\/walnut-wood-medium-urn_0002.jpg\",\"datePublished\":\"2026-03-03T11:46:49+00:00\",\"dateModified\":\"2026-03-03T12:17:41+00:00\",\"description\":\"Honre a su ser querido con esta urna funeraria de madera de nogal bellamente elaborada a mano, dise\u00f1ada para proporcionar un lugar de descanso duradero y respetuoso.\",\"breadcrumb\":{\"@id\":\"https:\\\/\\\/www.rememberme-forever.com\\\/es\\\/producto\\\/urna-funeraria-mediana-de-madera-de-nogal-para-cenizas\\\/#breadcrumb\"},\"inLanguage\":\"es\",\"potentialAction\":[{\"@type\":\"ReadAction\",\"target\":[\"https:\\\/\\\/www.rememberme-forever.com\\\/es\\\/producto\\\/urna-funeraria-mediana-de-madera-de-nogal-para-cenizas\\\/\"]}]},{\"@type\":\"ImageObject\",\"inLanguage\":\"es\",\"@id\":\"https:\\\/\\\/www.rememberme-forever.com\\\/es\\\/producto\\\/urna-funeraria-mediana-de-madera-de-nogal-para-cenizas\\\/#primaryimage\",\"url\":\"https:\\\/\\\/www.rememberme-forever.com\\\/wp-content\\\/uploads\\\/2026\\\/03\\\/walnut-wood-medium-urn_0002.jpg\",\"contentUrl\":\"https:\\\/\\\/www.rememberme-forever.com\\\/wp-content\\\/uploads\\\/2026\\\/03\\\/walnut-wood-medium-urn_0002.jpg\",\"width\":1007,\"height\":1024,\"caption\":\"Urna Funeraria de Madera de Nogal Artesanal \u2013 Urna Funeraria para Adultos Tama\u00f1o Mediano\"},{\"@type\":\"BreadcrumbList\",\"@id\":\"https:\\\/\\\/www.rememberme-forever.com\\\/es\\\/producto\\\/urna-funeraria-mediana-de-madera-de-nogal-para-cenizas\\\/#breadcrumb\",\"itemListElement\":[{\"@type\":\"ListItem\",\"position\":1,\"name\":\"Home\",\"item\":\"https:\\\/\\\/www.rememberme-forever.com\\\/es\\\/inicio\\\/\"},{\"@type\":\"ListItem\",\"position\":2,\"name\":\"Comercio\",\"item\":\"https:\\\/\\\/www.rememberme-forever.com\\\/es\\\/shop\\\/\"},{\"@type\":\"ListItem\",\"position\":3,\"name\":\"Urna Funeraria Mediana de Madera de Nogal para Cenizas\"}]},{\"@type\":\"WebSite\",\"@id\":\"https:\\\/\\\/www.rememberme-forever.com\\\/es\\\/#website\",\"url\":\"https:\\\/\\\/www.rememberme-forever.com\\\/es\\\/\",\"name\":\"Remember Forever\",\"description\":\"Cremation urns, funeral urns, urns for ashes\",\"publisher\":{\"@id\":\"https:\\\/\\\/www.rememberme-forever.com\\\/es\\\/#organization\"},\"potentialAction\":[{\"@type\":\"SearchAction\",\"target\":{\"@type\":\"EntryPoint\",\"urlTemplate\":\"https:\\\/\\\/www.rememberme-forever.com\\\/es\\\/?s={search_term_string}\"},\"query-input\":{\"@type\":\"PropertyValueSpecification\",\"valueRequired\":true,\"valueName\":\"search_term_string\"}}],\"inLanguage\":\"es\"},{\"@type\":\"Organization\",\"@id\":\"https:\\\/\\\/www.rememberme-forever.com\\\/es\\\/#organization\",\"name\":\"Remember Forever\",\"url\":\"https:\\\/\\\/www.rememberme-forever.com\\\/es\\\/\",\"logo\":{\"@type\":\"ImageObject\",\"inLanguage\":\"es\",\"@id\":\"https:\\\/\\\/www.rememberme-forever.com\\\/es\\\/#\\\/schema\\\/logo\\\/image\\\/\",\"url\":\"https:\\\/\\\/www.rememberme-forever.com\\\/wp-content\\\/uploads\\\/2023\\\/02\\\/logo.png\",\"contentUrl\":\"https:\\\/\\\/www.rememberme-forever.com\\\/wp-content\\\/uploads\\\/2023\\\/02\\\/logo.png\",\"width\":300,\"height\":56,\"caption\":\"Remember Forever\"},\"image\":{\"@id\":\"https:\\\/\\\/www.rememberme-forever.com\\\/es\\\/#\\\/schema\\\/logo\\\/image\\\/\"}}]}<\/script>\n<!-- \/ Yoast SEO plugin. -->","yoast_head_json":{"title":"Urna Funeraria Mediana de Madera de Nogal para Cenizas - Remember Forever","description":"Honre a su ser querido con esta urna funeraria de madera de nogal bellamente elaborada a mano, dise\u00f1ada para proporcionar un lugar de descanso duradero y respetuoso.","robots":{"index":"index","follow":"follow","max-snippet":"max-snippet:-1","max-image-preview":"max-image-preview:large","max-video-preview":"max-video-preview:-1"},"canonical":"https:\/\/www.rememberme-forever.com\/es\/producto\/urna-funeraria-mediana-de-madera-de-nogal-para-cenizas\/","og_locale":"es_ES","og_type":"article","og_title":"Urna Funeraria Mediana de Madera de Nogal para Cenizas - Remember Forever","og_description":"Honre a su ser querido con esta urna funeraria de madera de nogal bellamente elaborada a mano, dise\u00f1ada para proporcionar un lugar de descanso duradero y respetuoso.","og_url":"https:\/\/www.rememberme-forever.com\/es\/producto\/urna-funeraria-mediana-de-madera-de-nogal-para-cenizas\/","og_site_name":"Remember Forever","article_modified_time":"2026-03-03T12:17:41+00:00","og_image":[{"width":1007,"height":1024,"url":"https:\/\/www.rememberme-forever.com\/wp-content\/uploads\/2026\/03\/walnut-wood-medium-urn_0002.jpg","type":"image\/jpeg"}],"twitter_card":"summary_large_image","twitter_misc":{"Tiempo de lectura":"2 minutos"},"schema":{"@context":"https:\/\/schema.org","@graph":[{"@type":"WebPage","@id":"https:\/\/www.rememberme-forever.com\/es\/producto\/urna-funeraria-mediana-de-madera-de-nogal-para-cenizas\/","url":"https:\/\/www.rememberme-forever.com\/es\/producto\/urna-funeraria-mediana-de-madera-de-nogal-para-cenizas\/","name":"Urna Funeraria Mediana de Madera de Nogal para Cenizas - Remember Forever","isPartOf":{"@id":"https:\/\/www.rememberme-forever.com\/es\/#website"},"primaryImageOfPage":{"@id":"https:\/\/www.rememberme-forever.com\/es\/producto\/urna-funeraria-mediana-de-madera-de-nogal-para-cenizas\/#primaryimage"},"image":{"@id":"https:\/\/www.rememberme-forever.com\/es\/producto\/urna-funeraria-mediana-de-madera-de-nogal-para-cenizas\/#primaryimage"},"thumbnailUrl":"https:\/\/www.rememberme-forever.com\/wp-content\/uploads\/2026\/03\/walnut-wood-medium-urn_0002.jpg","datePublished":"2026-03-03T11:46:49+00:00","dateModified":"2026-03-03T12:17:41+00:00","description":"Honre a su ser querido con esta urna funeraria de madera de nogal bellamente elaborada a mano, dise\u00f1ada para proporcionar un lugar de descanso duradero y respetuoso.","breadcrumb":{"@id":"https:\/\/www.rememberme-forever.com\/es\/producto\/urna-funeraria-mediana-de-madera-de-nogal-para-cenizas\/#breadcrumb"},"inLanguage":"es","potentialAction":[{"@type":"ReadAction","target":["https:\/\/www.rememberme-forever.com\/es\/producto\/urna-funeraria-mediana-de-madera-de-nogal-para-cenizas\/"]}]},{"@type":"ImageObject","inLanguage":"es","@id":"https:\/\/www.rememberme-forever.com\/es\/producto\/urna-funeraria-mediana-de-madera-de-nogal-para-cenizas\/#primaryimage","url":"https:\/\/www.rememberme-forever.com\/wp-content\/uploads\/2026\/03\/walnut-wood-medium-urn_0002.jpg","contentUrl":"https:\/\/www.rememberme-forever.com\/wp-content\/uploads\/2026\/03\/walnut-wood-medium-urn_0002.jpg","width":1007,"height":1024,"caption":"Urna Funeraria de Madera de Nogal Artesanal \u2013 Urna Funeraria para Adultos Tama\u00f1o Mediano"},{"@type":"BreadcrumbList","@id":"https:\/\/www.rememberme-forever.com\/es\/producto\/urna-funeraria-mediana-de-madera-de-nogal-para-cenizas\/#breadcrumb","itemListElement":[{"@type":"ListItem","position":1,"name":"Home","item":"https:\/\/www.rememberme-forever.com\/es\/inicio\/"},{"@type":"ListItem","position":2,"name":"Comercio","item":"https:\/\/www.rememberme-forever.com\/es\/shop\/"},{"@type":"ListItem","position":3,"name":"Urna Funeraria Mediana de Madera de Nogal para Cenizas"}]},{"@type":"WebSite","@id":"https:\/\/www.rememberme-forever.com\/es\/#website","url":"https:\/\/www.rememberme-forever.com\/es\/","name":"Remember Forever","description":"Cremation urns, funeral urns, urns for ashes","publisher":{"@id":"https:\/\/www.rememberme-forever.com\/es\/#organization"},"potentialAction":[{"@type":"SearchAction","target":{"@type":"EntryPoint","urlTemplate":"https:\/\/www.rememberme-forever.com\/es\/?s={search_term_string}"},"query-input":{"@type":"PropertyValueSpecification","valueRequired":true,"valueName":"search_term_string"}}],"inLanguage":"es"},{"@type":"Organization","@id":"https:\/\/www.rememberme-forever.com\/es\/#organization","name":"Remember Forever","url":"https:\/\/www.rememberme-forever.com\/es\/","logo":{"@type":"ImageObject","inLanguage":"es","@id":"https:\/\/www.rememberme-forever.com\/es\/#\/schema\/logo\/image\/","url":"https:\/\/www.rememberme-forever.com\/wp-content\/uploads\/2023\/02\/logo.png","contentUrl":"https:\/\/www.rememberme-forever.com\/wp-content\/uploads\/2023\/02\/logo.png","width":300,"height":56,"caption":"Remember Forever"},"image":{"@id":"https:\/\/www.rememberme-forever.com\/es\/#\/schema\/logo\/image\/"}}]}},"acf":[],"_links":{"self":[{"href":"https:\/\/www.rememberme-forever.com\/es\/wp-json\/wp\/v2\/product\/26955","targetHints":{"allow":["GET"]}}],"collection":[{"href":"https:\/\/www.rememberme-forever.com\/es\/wp-json\/wp\/v2\/product"}],"about":[{"href":"https:\/\/www.rememberme-forever.com\/es\/wp-json\/wp\/v2\/types\/product"}],"wp:featuredmedia":[{"embeddable":true,"href":"https:\/\/www.rememberme-forever.com\/es\/wp-json\/wp\/v2\/media\/26947"}],"wp:attachment":[{"href":"https:\/\/www.rememberme-forever.com\/es\/wp-json\/wp\/v2\/media?parent=26955"}],"wp:term":[{"taxonomy":"product_brand","embeddable":true,"href":"https:\/\/www.rememberme-forever.com\/es\/wp-json\/wp\/v2\/product_brand?post=26955"},{"taxonomy":"product_cat","embeddable":true,"href":"https:\/\/www.rememberme-forever.com\/es\/wp-json\/wp\/v2\/product_cat?post=26955"},{"taxonomy":"product_tag","embeddable":true,"href":"https:\/\/www.rememberme-forever.com\/es\/wp-json\/wp\/v2\/product_tag?post=26955"}],"curies":[{"name":"wp","href":"https:\/\/api.w.org\/{rel}","templated":true}]}}