{"id":27125,"date":"2026-03-04T10:26:14","date_gmt":"2026-03-04T09:26:14","guid":{"rendered":"https:\/\/www.rememberme-forever.com\/product\/urna-funeraria-de-madera-de-nogal-tamano-adulto-grado-b\/"},"modified":"2026-03-04T11:34:38","modified_gmt":"2026-03-04T10:34:38","slug":"urna-funeraria-de-madera-de-nogal-tamano-adulto-grado-b","status":"publish","type":"product","link":"https:\/\/www.rememberme-forever.com\/es\/producto\/urna-funeraria-de-madera-de-nogal-tamano-adulto-grado-b\/","title":{"rendered":"Urna Funeraria de Madera de Nogal, Tama\u00f1o Adulto \u00abGrado B\u00bb"},"content":{"rendered":"<section class=\"section\">\n<div class=\"item item-12\">\n<section class=\"text-item\">\n<h2 style=\"text-align: center;\"><strong><span style=\"color: #000000;\">Urna cineraria de nogal GRADO B<\/span><\/strong><\/h2>\n<p style=\"text-align: center;\"><span style=\"color: #000000;\">Preciosa urna cineraria de nogal. Torneada a mano, perfecta para las cenizas de un adulto. La riqueza de colores y el veteado de la madera natural causan una gran impresi\u00f3n. Una urna dise\u00f1ada por la propia madre naturaleza. Urna lacada con acabado de alto brillo. <\/span><\/p>\n<p style=\"text-align: center;\"><span style=\"color: #000000;\">Urna con peque\u00f1as imperfecciones visuales a precio reducido.<br \/>\nConsulte nuestros otros productos si busca una urna sin defectos<\/span><\/p>\n<p style=\"text-align: center;\"><strong><span style=\"color: #000000;\">La subasta es solo para el art\u00edculo que se muestra en las fotos.<\/span><\/strong><\/p>\n<p>&nbsp;<\/p>\n<p style=\"text-align: center;\"><strong><span style=\"color: #000000;\">IMPORTANTE<\/span><\/strong><\/p>\n<p style=\"text-align: center;\"><span style=\"color: #000000;\">Las urnas rebajadas son urnas con defectos visuales insignificantes causados por el proceso de producci\u00f3n. Damos gran importancia a la alta calidad de nuestros productos, por lo que las urnas con estos peque\u00f1os defectos se le ofrecen a un precio adecuadamente reducido. Los peque\u00f1os defectos visuales son \u00fanicamente est\u00e9ticos y no afectan a la estanqueidad, la estabilidad ni al uso correcto de la urna. <\/span><\/p>\n<p style=\"text-align: center;\"><span style=\"color: #000000;\">Para estar seguro de su decisi\u00f3n de compra, lea la descripci\u00f3n detallada y la documentaci\u00f3n fotogr\u00e1fica que muestra el da\u00f1o en detalle. Si tiene m\u00e1s preguntas sobre el estado de su urna, no dude en ponerse en contacto con nosotros. <\/span><\/p>\n<p>&nbsp;<\/p>\n<p style=\"text-align: center;\"><em><strong><span style=\"color: #000000;\">Descripci\u00f3n del da\u00f1o<\/span><\/strong><\/em><\/p>\n<p style=\"text-align: center;\"><em><span style=\"color: #000000;\"><b>La urna tiene una peque\u00f1a grieta en la parte superior<\/b>. El defecto es solo visual y no afecta a la hermeticidad de la urna. La urna permite colocar las cenizas en una bolsa de pl\u00e1stico para mayor protecci\u00f3n. Consulte la documentaci\u00f3n fotogr\u00e1fica detallada. <\/span><\/em><\/p>\n<\/section>\n<\/div>\n<\/section>\n<section class=\"section\">\n<div class=\"item item-12\">\n<section class=\"text-item\">\n<p class=\"MsoNormal\" style=\"text-align: center; margin-bottom: 7.5pt; line-height: 15.75pt; background-image: initial; background-position: initial; background-size: initial; background-repeat: initial; background-attachment: initial;\"><b><span style=\"font-size: 10pt; font-family: Helvetica, sans-serif;\">\u25ba PERSONALIZACI\u00d3N \u25c4<\/span><\/b><\/p>\n<ul type=\"disc\">\n<li class=\"MsoNormal\" style=\"text-align: center; line-height: normal; background-image: initial; background-position: initial; background-size: initial; background-repeat: initial; background-attachment: initial;\"><span lang=\"EN-US\" style=\"font-size: 10.5pt;\">Si elige una placa personalizada, escriba el texto en el lugar correspondiente o env\u00edenos un mensaje.<\/span><\/li>\n<li class=\"MsoNormal\" style=\"text-align: center; line-height: normal; background-image: initial; background-position: initial; background-size: initial; background-repeat: initial; background-attachment: initial;\"><span lang=\"EN-US\" style=\"font-size: 10.5pt;\">La placa conmemorativa personalizada debe personalizarse durante el proceso de pedido. (No se preocupe si lo olvida, siempre puede enviarnos un mensaje m\u00e1s tarde).The personalized memorial plaque must be customized during the ordering process. (Don\u2019t worry if you forget, you can always send us a message later.) <\/span><\/li>\n<\/ul>\n<p class=\"MsoNormal\" style=\"text-align: center; margin-bottom: 7.5pt; line-height: 15.75pt; background-image: initial; background-position: initial; background-size: initial; background-repeat: initial; background-attachment: initial;\"><b><span lang=\"EN-US\" style=\"font-size: 10pt; font-family: Helvetica, sans-serif;\">Las limitaciones de texto son las siguientes:<\/span><\/b><\/p>\n<ul type=\"disc\">\n<li class=\"MsoNormal\" style=\"text-align: center; line-height: normal; background-image: initial; background-position: initial; background-size: initial; background-repeat: initial; background-attachment: initial;\"><span style=\"font-size: 10.5pt;\">Nombre(s) (m\u00e1ximo 35 caracteres)<\/span><\/li>\n<li class=\"MsoNormal\" style=\"text-align: center; line-height: normal; background-image: initial; background-position: initial; background-size: initial; background-repeat: initial; background-attachment: initial;\"><span lang=\"EN-US\" style=\"font-size: 10.5pt;\">Fecha de nacimiento y fallecimiento (m\u00e1ximo 35 caracteres)<\/span><\/li>\n<li class=\"MsoNormal\" style=\"text-align: center; line-height: normal; background-image: initial; background-position: initial; background-size: initial; background-repeat: initial; background-attachment: initial;\"><span style=\"font-size: 10.5pt;\">Tercera l\u00ednea (m\u00e1ximo 35 caracteres)<\/span><\/li>\n<li class=\"MsoNormal\" style=\"text-align: center; line-height: normal; background-image: initial; background-position: initial; background-size: initial; background-repeat: initial; background-attachment: initial;\"><span style=\"font-size: 10.5pt;\">Cuarta l\u00ednea: hasta 35 caracteres<\/span><\/li>\n<li class=\"MsoNormal\" style=\"text-align: center; line-height: normal; background-image: initial; background-position: initial; background-size: initial; background-repeat: initial; background-attachment: initial;\"><span style=\"font-size: 10.5pt;\">Quinta l\u00ednea: hasta 35 caracteres<\/span><\/li>\n<li class=\"MsoNormal\" style=\"text-align: center; line-height: normal; background-image: initial; background-position: initial; background-size: initial; background-repeat: initial; background-attachment: initial;\"><span style=\"font-size: 10.5pt;\">Sexta l\u00ednea: hasta 35 caracteres<\/span><\/li>\n<\/ul>\n<p class=\"MsoNormal\" style=\"text-align: center; margin-bottom: 7.5pt; line-height: 15.75pt; background-image: initial; background-position: initial; background-size: initial; background-repeat: initial; background-attachment: initial;\"><b><span lang=\"EN-US\" style=\"font-size: 10pt; font-family: Helvetica, sans-serif;\">Por favor, revise el texto del grabado antes de agregar el producto a su carrito. Copiamos y grabamos exactamente la informaci\u00f3n que recibimos con el pedido y no realizamos ning\u00fan cambio por nuestra parte. <\/span><\/b><\/p>\n<ul type=\"disc\">\n<li class=\"MsoNormal\" style=\"text-align: center; line-height: normal; background-image: initial; background-position: initial; background-size: initial; background-repeat: initial; background-attachment: initial;\"><span lang=\"EN-US\" style=\"font-size: 10.5pt;\">Revise el texto para asegurarse de que la ortograf\u00eda sea correcta.<\/span><\/li>\n<li class=\"MsoNormal\" style=\"text-align: center; line-height: normal; background-image: initial; background-position: initial; background-size: initial; background-repeat: initial; background-attachment: initial;\">NO introduzca la informaci\u00f3n del grabado si compra la opci\u00f3n \u00abUrna sin placa\u00bb.<\/li>\n<\/ul>\n<\/section>\n<\/div>\n<\/section>\n","protected":false},"excerpt":{"rendered":"<p>Urna cineraria de nogal GRADO B Preciosa urna cineraria de nogal. Torneada a mano, perfecta para las cenizas de un adulto. La riqueza de colores&#8230;<\/p>\n","protected":false},"featured_media":27117,"template":"","meta":{"_acf_changed":false},"product_brand":[],"product_cat":[2448],"product_tag":[3371],"class_list":{"0":"post-27125","1":"product","2":"type-product","3":"status-publish","4":"has-post-thumbnail","6":"product_cat-urnas-con-descuento","7":"product_tag-gpsr-turned-wood","8":"product_shipping_class-2-4kg-es","10":"first","11":"instock","12":"sale","13":"taxable","14":"shipping-taxable","15":"purchasable","16":"product-type-simple"},"yoast_head":"<!-- This site is optimized with the Yoast SEO plugin v27.4 - https:\/\/yoast.com\/product\/yoast-seo-wordpress\/ -->\n<title>Urna Funeraria de Madera de Nogal, Tama\u00f1o Adulto &quot;Grado B&quot; - Remember Forever<\/title>\n<meta name=\"robots\" content=\"index, follow, max-snippet:-1, max-image-preview:large, max-video-preview:-1\" \/>\n<link rel=\"canonical\" href=\"https:\/\/www.rememberme-forever.com\/es\/producto\/urna-funeraria-de-madera-de-nogal-tamano-adulto-grado-b\/\" \/>\n<meta property=\"og:locale\" content=\"es_ES\" \/>\n<meta property=\"og:type\" content=\"article\" \/>\n<meta property=\"og:title\" content=\"Urna Funeraria de Madera de Nogal, Tama\u00f1o Adulto &quot;Grado B&quot; - Remember Forever\" \/>\n<meta property=\"og:description\" content=\"Urna cineraria de nogal GRADO B Preciosa urna cineraria de nogal. Torneada a mano, perfecta para las cenizas de un adulto. La riqueza de colores...\" \/>\n<meta property=\"og:url\" content=\"https:\/\/www.rememberme-forever.com\/es\/producto\/urna-funeraria-de-madera-de-nogal-tamano-adulto-grado-b\/\" \/>\n<meta property=\"og:site_name\" content=\"Remember Forever\" \/>\n<meta property=\"article:modified_time\" content=\"2026-03-04T10:34:38+00:00\" \/>\n<meta property=\"og:image\" content=\"http:\/\/www.rememberme-forever.com\/wp-content\/uploads\/2026\/03\/img_2D_0002-1.jpg\" \/>\n\t<meta property=\"og:image:width\" content=\"1007\" \/>\n\t<meta property=\"og:image:height\" content=\"1024\" \/>\n\t<meta property=\"og:image:type\" content=\"image\/jpeg\" \/>\n<meta name=\"twitter:card\" content=\"summary_large_image\" \/>\n<meta name=\"twitter:label1\" content=\"Tiempo de lectura\" \/>\n\t<meta name=\"twitter:data1\" content=\"2 minutos\" \/>\n<script type=\"application\/ld+json\" class=\"yoast-schema-graph\">{\"@context\":\"https:\\\/\\\/schema.org\",\"@graph\":[{\"@type\":\"WebPage\",\"@id\":\"https:\\\/\\\/www.rememberme-forever.com\\\/es\\\/producto\\\/urna-funeraria-de-madera-de-nogal-tamano-adulto-grado-b\\\/\",\"url\":\"https:\\\/\\\/www.rememberme-forever.com\\\/es\\\/producto\\\/urna-funeraria-de-madera-de-nogal-tamano-adulto-grado-b\\\/\",\"name\":\"Urna Funeraria de Madera de Nogal, Tama\u00f1o Adulto \\\"Grado B\\\" - Remember Forever\",\"isPartOf\":{\"@id\":\"https:\\\/\\\/www.rememberme-forever.com\\\/es\\\/#website\"},\"primaryImageOfPage\":{\"@id\":\"https:\\\/\\\/www.rememberme-forever.com\\\/es\\\/producto\\\/urna-funeraria-de-madera-de-nogal-tamano-adulto-grado-b\\\/#primaryimage\"},\"image\":{\"@id\":\"https:\\\/\\\/www.rememberme-forever.com\\\/es\\\/producto\\\/urna-funeraria-de-madera-de-nogal-tamano-adulto-grado-b\\\/#primaryimage\"},\"thumbnailUrl\":\"https:\\\/\\\/www.rememberme-forever.com\\\/wp-content\\\/uploads\\\/2026\\\/03\\\/img_2D_0002-1.jpg\",\"datePublished\":\"2026-03-04T09:26:14+00:00\",\"dateModified\":\"2026-03-04T10:34:38+00:00\",\"breadcrumb\":{\"@id\":\"https:\\\/\\\/www.rememberme-forever.com\\\/es\\\/producto\\\/urna-funeraria-de-madera-de-nogal-tamano-adulto-grado-b\\\/#breadcrumb\"},\"inLanguage\":\"es\",\"potentialAction\":[{\"@type\":\"ReadAction\",\"target\":[\"https:\\\/\\\/www.rememberme-forever.com\\\/es\\\/producto\\\/urna-funeraria-de-madera-de-nogal-tamano-adulto-grado-b\\\/\"]}]},{\"@type\":\"ImageObject\",\"inLanguage\":\"es\",\"@id\":\"https:\\\/\\\/www.rememberme-forever.com\\\/es\\\/producto\\\/urna-funeraria-de-madera-de-nogal-tamano-adulto-grado-b\\\/#primaryimage\",\"url\":\"https:\\\/\\\/www.rememberme-forever.com\\\/wp-content\\\/uploads\\\/2026\\\/03\\\/img_2D_0002-1.jpg\",\"contentUrl\":\"https:\\\/\\\/www.rememberme-forever.com\\\/wp-content\\\/uploads\\\/2026\\\/03\\\/img_2D_0002-1.jpg\",\"width\":1007,\"height\":1024,\"caption\":\"urna de nogal grado b\"},{\"@type\":\"BreadcrumbList\",\"@id\":\"https:\\\/\\\/www.rememberme-forever.com\\\/es\\\/producto\\\/urna-funeraria-de-madera-de-nogal-tamano-adulto-grado-b\\\/#breadcrumb\",\"itemListElement\":[{\"@type\":\"ListItem\",\"position\":1,\"name\":\"Home\",\"item\":\"https:\\\/\\\/www.rememberme-forever.com\\\/es\\\/inicio\\\/\"},{\"@type\":\"ListItem\",\"position\":2,\"name\":\"Comercio\",\"item\":\"https:\\\/\\\/www.rememberme-forever.com\\\/es\\\/shop\\\/\"},{\"@type\":\"ListItem\",\"position\":3,\"name\":\"Urna Funeraria de Madera de Nogal, Tama\u00f1o Adulto &#8220;Grado B&#8221;\"}]},{\"@type\":\"WebSite\",\"@id\":\"https:\\\/\\\/www.rememberme-forever.com\\\/es\\\/#website\",\"url\":\"https:\\\/\\\/www.rememberme-forever.com\\\/es\\\/\",\"name\":\"Remember Forever\",\"description\":\"Cremation urns, funeral urns, urns for ashes\",\"publisher\":{\"@id\":\"https:\\\/\\\/www.rememberme-forever.com\\\/es\\\/#organization\"},\"potentialAction\":[{\"@type\":\"SearchAction\",\"target\":{\"@type\":\"EntryPoint\",\"urlTemplate\":\"https:\\\/\\\/www.rememberme-forever.com\\\/es\\\/?s={search_term_string}\"},\"query-input\":{\"@type\":\"PropertyValueSpecification\",\"valueRequired\":true,\"valueName\":\"search_term_string\"}}],\"inLanguage\":\"es\"},{\"@type\":\"Organization\",\"@id\":\"https:\\\/\\\/www.rememberme-forever.com\\\/es\\\/#organization\",\"name\":\"Remember Forever\",\"url\":\"https:\\\/\\\/www.rememberme-forever.com\\\/es\\\/\",\"logo\":{\"@type\":\"ImageObject\",\"inLanguage\":\"es\",\"@id\":\"https:\\\/\\\/www.rememberme-forever.com\\\/es\\\/#\\\/schema\\\/logo\\\/image\\\/\",\"url\":\"https:\\\/\\\/www.rememberme-forever.com\\\/wp-content\\\/uploads\\\/2023\\\/02\\\/logo.png\",\"contentUrl\":\"https:\\\/\\\/www.rememberme-forever.com\\\/wp-content\\\/uploads\\\/2023\\\/02\\\/logo.png\",\"width\":300,\"height\":56,\"caption\":\"Remember Forever\"},\"image\":{\"@id\":\"https:\\\/\\\/www.rememberme-forever.com\\\/es\\\/#\\\/schema\\\/logo\\\/image\\\/\"}}]}<\/script>\n<!-- \/ Yoast SEO plugin. -->","yoast_head_json":{"title":"Urna Funeraria de Madera de Nogal, Tama\u00f1o Adulto \"Grado B\" - Remember Forever","robots":{"index":"index","follow":"follow","max-snippet":"max-snippet:-1","max-image-preview":"max-image-preview:large","max-video-preview":"max-video-preview:-1"},"canonical":"https:\/\/www.rememberme-forever.com\/es\/producto\/urna-funeraria-de-madera-de-nogal-tamano-adulto-grado-b\/","og_locale":"es_ES","og_type":"article","og_title":"Urna Funeraria de Madera de Nogal, Tama\u00f1o Adulto \"Grado B\" - Remember Forever","og_description":"Urna cineraria de nogal GRADO B Preciosa urna cineraria de nogal. Torneada a mano, perfecta para las cenizas de un adulto. La riqueza de colores...","og_url":"https:\/\/www.rememberme-forever.com\/es\/producto\/urna-funeraria-de-madera-de-nogal-tamano-adulto-grado-b\/","og_site_name":"Remember Forever","article_modified_time":"2026-03-04T10:34:38+00:00","og_image":[{"width":1007,"height":1024,"url":"http:\/\/www.rememberme-forever.com\/wp-content\/uploads\/2026\/03\/img_2D_0002-1.jpg","type":"image\/jpeg"}],"twitter_card":"summary_large_image","twitter_misc":{"Tiempo de lectura":"2 minutos"},"schema":{"@context":"https:\/\/schema.org","@graph":[{"@type":"WebPage","@id":"https:\/\/www.rememberme-forever.com\/es\/producto\/urna-funeraria-de-madera-de-nogal-tamano-adulto-grado-b\/","url":"https:\/\/www.rememberme-forever.com\/es\/producto\/urna-funeraria-de-madera-de-nogal-tamano-adulto-grado-b\/","name":"Urna Funeraria de Madera de Nogal, Tama\u00f1o Adulto \"Grado B\" - Remember Forever","isPartOf":{"@id":"https:\/\/www.rememberme-forever.com\/es\/#website"},"primaryImageOfPage":{"@id":"https:\/\/www.rememberme-forever.com\/es\/producto\/urna-funeraria-de-madera-de-nogal-tamano-adulto-grado-b\/#primaryimage"},"image":{"@id":"https:\/\/www.rememberme-forever.com\/es\/producto\/urna-funeraria-de-madera-de-nogal-tamano-adulto-grado-b\/#primaryimage"},"thumbnailUrl":"https:\/\/www.rememberme-forever.com\/wp-content\/uploads\/2026\/03\/img_2D_0002-1.jpg","datePublished":"2026-03-04T09:26:14+00:00","dateModified":"2026-03-04T10:34:38+00:00","breadcrumb":{"@id":"https:\/\/www.rememberme-forever.com\/es\/producto\/urna-funeraria-de-madera-de-nogal-tamano-adulto-grado-b\/#breadcrumb"},"inLanguage":"es","potentialAction":[{"@type":"ReadAction","target":["https:\/\/www.rememberme-forever.com\/es\/producto\/urna-funeraria-de-madera-de-nogal-tamano-adulto-grado-b\/"]}]},{"@type":"ImageObject","inLanguage":"es","@id":"https:\/\/www.rememberme-forever.com\/es\/producto\/urna-funeraria-de-madera-de-nogal-tamano-adulto-grado-b\/#primaryimage","url":"https:\/\/www.rememberme-forever.com\/wp-content\/uploads\/2026\/03\/img_2D_0002-1.jpg","contentUrl":"https:\/\/www.rememberme-forever.com\/wp-content\/uploads\/2026\/03\/img_2D_0002-1.jpg","width":1007,"height":1024,"caption":"urna de nogal grado b"},{"@type":"BreadcrumbList","@id":"https:\/\/www.rememberme-forever.com\/es\/producto\/urna-funeraria-de-madera-de-nogal-tamano-adulto-grado-b\/#breadcrumb","itemListElement":[{"@type":"ListItem","position":1,"name":"Home","item":"https:\/\/www.rememberme-forever.com\/es\/inicio\/"},{"@type":"ListItem","position":2,"name":"Comercio","item":"https:\/\/www.rememberme-forever.com\/es\/shop\/"},{"@type":"ListItem","position":3,"name":"Urna Funeraria de Madera de Nogal, Tama\u00f1o Adulto &#8220;Grado B&#8221;"}]},{"@type":"WebSite","@id":"https:\/\/www.rememberme-forever.com\/es\/#website","url":"https:\/\/www.rememberme-forever.com\/es\/","name":"Remember Forever","description":"Cremation urns, funeral urns, urns for ashes","publisher":{"@id":"https:\/\/www.rememberme-forever.com\/es\/#organization"},"potentialAction":[{"@type":"SearchAction","target":{"@type":"EntryPoint","urlTemplate":"https:\/\/www.rememberme-forever.com\/es\/?s={search_term_string}"},"query-input":{"@type":"PropertyValueSpecification","valueRequired":true,"valueName":"search_term_string"}}],"inLanguage":"es"},{"@type":"Organization","@id":"https:\/\/www.rememberme-forever.com\/es\/#organization","name":"Remember Forever","url":"https:\/\/www.rememberme-forever.com\/es\/","logo":{"@type":"ImageObject","inLanguage":"es","@id":"https:\/\/www.rememberme-forever.com\/es\/#\/schema\/logo\/image\/","url":"https:\/\/www.rememberme-forever.com\/wp-content\/uploads\/2023\/02\/logo.png","contentUrl":"https:\/\/www.rememberme-forever.com\/wp-content\/uploads\/2023\/02\/logo.png","width":300,"height":56,"caption":"Remember Forever"},"image":{"@id":"https:\/\/www.rememberme-forever.com\/es\/#\/schema\/logo\/image\/"}}]}},"acf":[],"_links":{"self":[{"href":"https:\/\/www.rememberme-forever.com\/es\/wp-json\/wp\/v2\/product\/27125","targetHints":{"allow":["GET"]}}],"collection":[{"href":"https:\/\/www.rememberme-forever.com\/es\/wp-json\/wp\/v2\/product"}],"about":[{"href":"https:\/\/www.rememberme-forever.com\/es\/wp-json\/wp\/v2\/types\/product"}],"wp:featuredmedia":[{"embeddable":true,"href":"https:\/\/www.rememberme-forever.com\/es\/wp-json\/wp\/v2\/media\/27117"}],"wp:attachment":[{"href":"https:\/\/www.rememberme-forever.com\/es\/wp-json\/wp\/v2\/media?parent=27125"}],"wp:term":[{"taxonomy":"product_brand","embeddable":true,"href":"https:\/\/www.rememberme-forever.com\/es\/wp-json\/wp\/v2\/product_brand?post=27125"},{"taxonomy":"product_cat","embeddable":true,"href":"https:\/\/www.rememberme-forever.com\/es\/wp-json\/wp\/v2\/product_cat?post=27125"},{"taxonomy":"product_tag","embeddable":true,"href":"https:\/\/www.rememberme-forever.com\/es\/wp-json\/wp\/v2\/product_tag?post=27125"}],"curies":[{"name":"wp","href":"https:\/\/api.w.org\/{rel}","templated":true}]}}