{"id":27987,"date":"2023-04-20T14:48:59","date_gmt":"2023-04-20T12:48:59","guid":{"rendered":"https:\/\/www.rememberme-forever.com\/product\/capsula-para-urna-de-cremacion\/"},"modified":"2026-03-06T10:33:15","modified_gmt":"2026-03-06T09:33:15","slug":"capsula-para-urna-de-cremacion","status":"publish","type":"product","link":"https:\/\/www.rememberme-forever.com\/es\/producto\/capsula-para-urna-de-cremacion\/","title":{"rendered":"C\u00e1psula para urna de cremaci\u00f3n"},"content":{"rendered":"<h2 style=\"text-align: center;\">C\u00e1psula para urna de cremaci\u00f3n<\/h2>\n<p style=\"text-align: center;\">C\u00e1psula para urna de cremaci\u00f3n \/ <strong>C\u00e1psula para urna de cremaci\u00f3n<\/strong> para enterrar en el suelo<\/p>\n<p style=\"text-align: center;\">\u2705 \u00bfCu\u00e1ndo utilizar la c\u00e1psula para una urna?<br \/>\nEn situaciones donde la familia del difunto haya decidido utilizar una urna de madera, cer\u00e1mica u otro material no apto para almacenamiento en exteriores, se recomienda utilizar un contenedor externo para protegerla.<\/p>\n<p style=\"text-align: center;\">\u2705 \u00bfPor qu\u00e9 se utiliza una c\u00e1psula exterior para una urna?<br \/>\nLa funci\u00f3n principal del contenedor para urnas es protegerla contra el contacto directo con el suelo y su presi\u00f3n. Las personas que desean colocar una urna en un cementerio a menudo deben protegerla con este tipo de contenedor.<\/p>\n<p style=\"text-align: center;\">\u2705 \u00bfDe qu\u00e9 est\u00e1 hecha la c\u00e1psula para urnas?<br \/>\nEl contenedor est\u00e1 fabricado en material compuesto ABS, resistente a las condiciones clim\u00e1ticas y que no se descompone en el suelo.<\/p>\n<p style=\"text-align: center;\">\u2705 \u00bfC\u00f3mo utilizar correctamente una c\u00e1psula para urnas?<br \/>\nLa c\u00e1psula tiene forma cuadrada con un lado de 40 cm, puede acomodar incluso una urna doble de gran tama\u00f1o. La c\u00e1psula est\u00e1 adaptada para una sola urna. Dispone de espacio suficiente para colocar adicionalmente otros peque\u00f1os recuerdos.<\/p>\n<p style=\"text-align: center;\">Se recomienda utilizar pegamento o silicona para sellar la tapa superior.<\/p>\n<p>&nbsp;<\/p>\n<h3 style=\"text-align: center;\"><strong>PERSONALIZACI\u00d3N<\/strong><\/h3>\n<p style=\"text-align: center;\">Si elige una placa personalizada, incluya el texto en el marco de personalizaci\u00f3n del producto.<\/p>\n<p style=\"text-align: center;\">La placa conmemorativa personalizada debe personalizarse al realizar el pedido. (No se preocupe si no la incluye, siempre puede enviarnos un mensaje despu\u00e9s).<\/p>\n<p style=\"text-align: center;\">Revise atentamente el texto del grabado antes de a\u00f1adir el art\u00edculo al carrito. Copiamos y grabamos la informaci\u00f3n exacta que recibimos con el pedido y no realizamos ning\u00fan cambio.<\/p>\n<p style=\"text-align: center;\"><strong>Revise el texto para asegurarse de que la ortograf\u00eda sea correcta.<\/strong><\/p>\n<p style=\"text-align: center;\"><img loading=\"lazy\" decoding=\"async\" class=\"alignnone wp-image-1447\" src=\"http:\/\/www.rememberme-forever.com\/wp-content\/uploads\/2023\/04\/memorial-plaque-cremation-urn-gold-300x150.jpg\" alt=\"Placa conmemorativa urna de cremaci\u00f3n dorada\" width=\"244\" height=\"122\" srcset=\"https:\/\/www.rememberme-forever.com\/wp-content\/uploads\/2023\/04\/memorial-plaque-cremation-urn-gold-300x150.jpg 300w, https:\/\/www.rememberme-forever.com\/wp-content\/uploads\/2023\/04\/memorial-plaque-cremation-urn-gold-64x32.jpg 64w, https:\/\/www.rememberme-forever.com\/wp-content\/uploads\/2023\/04\/memorial-plaque-cremation-urn-gold.jpg 448w\" sizes=\"auto, (max-width: 244px) 100vw, 244px\" \/><\/p>\n","protected":false},"excerpt":{"rendered":"<p><em><strong>C\u00e1psula para urna, contenedor para urna de cremaci\u00f3n para enterrar en el suelo<\/strong><\/em><\/p>\n","protected":false},"featured_media":27985,"template":"","meta":{"_acf_changed":false},"product_brand":[],"product_cat":[2441],"product_tag":[3295],"class_list":{"0":"post-27987","1":"product","2":"type-product","3":"status-publish","4":"has-post-thumbnail","6":"product_cat-accesorios","7":"product_tag-gpsr-abs-vault","8":"product_shipping_class-4-5-kg-es","10":"first","11":"instock","12":"sold-individually","13":"taxable","14":"shipping-taxable","15":"purchasable","16":"product-type-simple"},"yoast_head":"<!-- This site is optimized with the Yoast SEO plugin v27.4 - https:\/\/yoast.com\/product\/yoast-seo-wordpress\/ -->\n<title>C\u00e1psula para urna de cremaci\u00f3n<\/title>\n<meta name=\"description\" content=\"C\u00e1psula para urna de cremaci\u00f3n para enterrar en el suelo es un contenedor donde puede guardar la urna de cremaci\u00f3n en el suelo.\" \/>\n<meta name=\"robots\" content=\"index, follow, max-snippet:-1, max-image-preview:large, max-video-preview:-1\" \/>\n<link rel=\"canonical\" href=\"https:\/\/www.rememberme-forever.com\/es\/producto\/capsula-para-urna-de-cremacion\/\" \/>\n<meta property=\"og:locale\" content=\"es_ES\" \/>\n<meta property=\"og:type\" content=\"article\" \/>\n<meta property=\"og:title\" content=\"C\u00e1psula para urna de cremaci\u00f3n\" \/>\n<meta property=\"og:description\" content=\"C\u00e1psula para urna de cremaci\u00f3n para enterrar en el suelo es un contenedor donde puede guardar la urna de cremaci\u00f3n en el suelo.\" \/>\n<meta property=\"og:url\" content=\"https:\/\/www.rememberme-forever.com\/es\/producto\/capsula-para-urna-de-cremacion\/\" \/>\n<meta property=\"og:site_name\" content=\"Remember Forever\" \/>\n<meta property=\"article:modified_time\" content=\"2026-03-06T09:33:15+00:00\" \/>\n<meta property=\"og:image\" content=\"http:\/\/www.rememberme-forever.com\/wp-content\/uploads\/2023\/04\/vault-for-cremation-urn.jpg\" \/>\n\t<meta property=\"og:image:width\" content=\"768\" \/>\n\t<meta property=\"og:image:height\" content=\"768\" \/>\n\t<meta property=\"og:image:type\" content=\"image\/jpeg\" \/>\n<meta name=\"twitter:card\" content=\"summary_large_image\" \/>\n<meta name=\"twitter:label1\" content=\"Tiempo de lectura\" \/>\n\t<meta name=\"twitter:data1\" content=\"2 minutos\" \/>\n<script type=\"application\/ld+json\" class=\"yoast-schema-graph\">{\"@context\":\"https:\\\/\\\/schema.org\",\"@graph\":[{\"@type\":\"WebPage\",\"@id\":\"https:\\\/\\\/www.rememberme-forever.com\\\/es\\\/producto\\\/capsula-para-urna-de-cremacion\\\/\",\"url\":\"https:\\\/\\\/www.rememberme-forever.com\\\/es\\\/producto\\\/capsula-para-urna-de-cremacion\\\/\",\"name\":\"C\u00e1psula para urna de cremaci\u00f3n\",\"isPartOf\":{\"@id\":\"https:\\\/\\\/www.rememberme-forever.com\\\/es\\\/#website\"},\"primaryImageOfPage\":{\"@id\":\"https:\\\/\\\/www.rememberme-forever.com\\\/es\\\/producto\\\/capsula-para-urna-de-cremacion\\\/#primaryimage\"},\"image\":{\"@id\":\"https:\\\/\\\/www.rememberme-forever.com\\\/es\\\/producto\\\/capsula-para-urna-de-cremacion\\\/#primaryimage\"},\"thumbnailUrl\":\"https:\\\/\\\/www.rememberme-forever.com\\\/wp-content\\\/uploads\\\/2023\\\/04\\\/vault-for-cremation-urn.jpg\",\"datePublished\":\"2023-04-20T12:48:59+00:00\",\"dateModified\":\"2026-03-06T09:33:15+00:00\",\"description\":\"C\u00e1psula para urna de cremaci\u00f3n para enterrar en el suelo es un contenedor donde puede guardar la urna de cremaci\u00f3n en el suelo.\",\"breadcrumb\":{\"@id\":\"https:\\\/\\\/www.rememberme-forever.com\\\/es\\\/producto\\\/capsula-para-urna-de-cremacion\\\/#breadcrumb\"},\"inLanguage\":\"es\",\"potentialAction\":[{\"@type\":\"ReadAction\",\"target\":[\"https:\\\/\\\/www.rememberme-forever.com\\\/es\\\/producto\\\/capsula-para-urna-de-cremacion\\\/\"]}]},{\"@type\":\"ImageObject\",\"inLanguage\":\"es\",\"@id\":\"https:\\\/\\\/www.rememberme-forever.com\\\/es\\\/producto\\\/capsula-para-urna-de-cremacion\\\/#primaryimage\",\"url\":\"https:\\\/\\\/www.rememberme-forever.com\\\/wp-content\\\/uploads\\\/2023\\\/04\\\/vault-for-cremation-urn.jpg\",\"contentUrl\":\"https:\\\/\\\/www.rememberme-forever.com\\\/wp-content\\\/uploads\\\/2023\\\/04\\\/vault-for-cremation-urn.jpg\",\"width\":768,\"height\":768,\"caption\":\"c\u00e1psula para urna de cremaci\u00f3n, set de entierro\"},{\"@type\":\"BreadcrumbList\",\"@id\":\"https:\\\/\\\/www.rememberme-forever.com\\\/es\\\/producto\\\/capsula-para-urna-de-cremacion\\\/#breadcrumb\",\"itemListElement\":[{\"@type\":\"ListItem\",\"position\":1,\"name\":\"Home\",\"item\":\"https:\\\/\\\/www.rememberme-forever.com\\\/es\\\/inicio\\\/\"},{\"@type\":\"ListItem\",\"position\":2,\"name\":\"Comercio\",\"item\":\"https:\\\/\\\/www.rememberme-forever.com\\\/es\\\/shop\\\/\"},{\"@type\":\"ListItem\",\"position\":3,\"name\":\"C\u00e1psula para urna de cremaci\u00f3n\"}]},{\"@type\":\"WebSite\",\"@id\":\"https:\\\/\\\/www.rememberme-forever.com\\\/es\\\/#website\",\"url\":\"https:\\\/\\\/www.rememberme-forever.com\\\/es\\\/\",\"name\":\"Remember Forever\",\"description\":\"Cremation urns, funeral urns, urns for ashes\",\"publisher\":{\"@id\":\"https:\\\/\\\/www.rememberme-forever.com\\\/es\\\/#organization\"},\"potentialAction\":[{\"@type\":\"SearchAction\",\"target\":{\"@type\":\"EntryPoint\",\"urlTemplate\":\"https:\\\/\\\/www.rememberme-forever.com\\\/es\\\/?s={search_term_string}\"},\"query-input\":{\"@type\":\"PropertyValueSpecification\",\"valueRequired\":true,\"valueName\":\"search_term_string\"}}],\"inLanguage\":\"es\"},{\"@type\":\"Organization\",\"@id\":\"https:\\\/\\\/www.rememberme-forever.com\\\/es\\\/#organization\",\"name\":\"Remember Forever\",\"url\":\"https:\\\/\\\/www.rememberme-forever.com\\\/es\\\/\",\"logo\":{\"@type\":\"ImageObject\",\"inLanguage\":\"es\",\"@id\":\"https:\\\/\\\/www.rememberme-forever.com\\\/es\\\/#\\\/schema\\\/logo\\\/image\\\/\",\"url\":\"https:\\\/\\\/www.rememberme-forever.com\\\/wp-content\\\/uploads\\\/2023\\\/02\\\/logo.png\",\"contentUrl\":\"https:\\\/\\\/www.rememberme-forever.com\\\/wp-content\\\/uploads\\\/2023\\\/02\\\/logo.png\",\"width\":300,\"height\":56,\"caption\":\"Remember Forever\"},\"image\":{\"@id\":\"https:\\\/\\\/www.rememberme-forever.com\\\/es\\\/#\\\/schema\\\/logo\\\/image\\\/\"}}]}<\/script>\n<!-- \/ Yoast SEO plugin. -->","yoast_head_json":{"title":"C\u00e1psula para urna de cremaci\u00f3n","description":"C\u00e1psula para urna de cremaci\u00f3n para enterrar en el suelo es un contenedor donde puede guardar la urna de cremaci\u00f3n en el suelo.","robots":{"index":"index","follow":"follow","max-snippet":"max-snippet:-1","max-image-preview":"max-image-preview:large","max-video-preview":"max-video-preview:-1"},"canonical":"https:\/\/www.rememberme-forever.com\/es\/producto\/capsula-para-urna-de-cremacion\/","og_locale":"es_ES","og_type":"article","og_title":"C\u00e1psula para urna de cremaci\u00f3n","og_description":"C\u00e1psula para urna de cremaci\u00f3n para enterrar en el suelo es un contenedor donde puede guardar la urna de cremaci\u00f3n en el suelo.","og_url":"https:\/\/www.rememberme-forever.com\/es\/producto\/capsula-para-urna-de-cremacion\/","og_site_name":"Remember Forever","article_modified_time":"2026-03-06T09:33:15+00:00","og_image":[{"width":768,"height":768,"url":"http:\/\/www.rememberme-forever.com\/wp-content\/uploads\/2023\/04\/vault-for-cremation-urn.jpg","type":"image\/jpeg"}],"twitter_card":"summary_large_image","twitter_misc":{"Tiempo de lectura":"2 minutos"},"schema":{"@context":"https:\/\/schema.org","@graph":[{"@type":"WebPage","@id":"https:\/\/www.rememberme-forever.com\/es\/producto\/capsula-para-urna-de-cremacion\/","url":"https:\/\/www.rememberme-forever.com\/es\/producto\/capsula-para-urna-de-cremacion\/","name":"C\u00e1psula para urna de cremaci\u00f3n","isPartOf":{"@id":"https:\/\/www.rememberme-forever.com\/es\/#website"},"primaryImageOfPage":{"@id":"https:\/\/www.rememberme-forever.com\/es\/producto\/capsula-para-urna-de-cremacion\/#primaryimage"},"image":{"@id":"https:\/\/www.rememberme-forever.com\/es\/producto\/capsula-para-urna-de-cremacion\/#primaryimage"},"thumbnailUrl":"https:\/\/www.rememberme-forever.com\/wp-content\/uploads\/2023\/04\/vault-for-cremation-urn.jpg","datePublished":"2023-04-20T12:48:59+00:00","dateModified":"2026-03-06T09:33:15+00:00","description":"C\u00e1psula para urna de cremaci\u00f3n para enterrar en el suelo es un contenedor donde puede guardar la urna de cremaci\u00f3n en el suelo.","breadcrumb":{"@id":"https:\/\/www.rememberme-forever.com\/es\/producto\/capsula-para-urna-de-cremacion\/#breadcrumb"},"inLanguage":"es","potentialAction":[{"@type":"ReadAction","target":["https:\/\/www.rememberme-forever.com\/es\/producto\/capsula-para-urna-de-cremacion\/"]}]},{"@type":"ImageObject","inLanguage":"es","@id":"https:\/\/www.rememberme-forever.com\/es\/producto\/capsula-para-urna-de-cremacion\/#primaryimage","url":"https:\/\/www.rememberme-forever.com\/wp-content\/uploads\/2023\/04\/vault-for-cremation-urn.jpg","contentUrl":"https:\/\/www.rememberme-forever.com\/wp-content\/uploads\/2023\/04\/vault-for-cremation-urn.jpg","width":768,"height":768,"caption":"c\u00e1psula para urna de cremaci\u00f3n, set de entierro"},{"@type":"BreadcrumbList","@id":"https:\/\/www.rememberme-forever.com\/es\/producto\/capsula-para-urna-de-cremacion\/#breadcrumb","itemListElement":[{"@type":"ListItem","position":1,"name":"Home","item":"https:\/\/www.rememberme-forever.com\/es\/inicio\/"},{"@type":"ListItem","position":2,"name":"Comercio","item":"https:\/\/www.rememberme-forever.com\/es\/shop\/"},{"@type":"ListItem","position":3,"name":"C\u00e1psula para urna de cremaci\u00f3n"}]},{"@type":"WebSite","@id":"https:\/\/www.rememberme-forever.com\/es\/#website","url":"https:\/\/www.rememberme-forever.com\/es\/","name":"Remember Forever","description":"Cremation urns, funeral urns, urns for ashes","publisher":{"@id":"https:\/\/www.rememberme-forever.com\/es\/#organization"},"potentialAction":[{"@type":"SearchAction","target":{"@type":"EntryPoint","urlTemplate":"https:\/\/www.rememberme-forever.com\/es\/?s={search_term_string}"},"query-input":{"@type":"PropertyValueSpecification","valueRequired":true,"valueName":"search_term_string"}}],"inLanguage":"es"},{"@type":"Organization","@id":"https:\/\/www.rememberme-forever.com\/es\/#organization","name":"Remember Forever","url":"https:\/\/www.rememberme-forever.com\/es\/","logo":{"@type":"ImageObject","inLanguage":"es","@id":"https:\/\/www.rememberme-forever.com\/es\/#\/schema\/logo\/image\/","url":"https:\/\/www.rememberme-forever.com\/wp-content\/uploads\/2023\/02\/logo.png","contentUrl":"https:\/\/www.rememberme-forever.com\/wp-content\/uploads\/2023\/02\/logo.png","width":300,"height":56,"caption":"Remember Forever"},"image":{"@id":"https:\/\/www.rememberme-forever.com\/es\/#\/schema\/logo\/image\/"}}]}},"acf":[],"_links":{"self":[{"href":"https:\/\/www.rememberme-forever.com\/es\/wp-json\/wp\/v2\/product\/27987","targetHints":{"allow":["GET"]}}],"collection":[{"href":"https:\/\/www.rememberme-forever.com\/es\/wp-json\/wp\/v2\/product"}],"about":[{"href":"https:\/\/www.rememberme-forever.com\/es\/wp-json\/wp\/v2\/types\/product"}],"wp:featuredmedia":[{"embeddable":true,"href":"https:\/\/www.rememberme-forever.com\/es\/wp-json\/wp\/v2\/media\/27985"}],"wp:attachment":[{"href":"https:\/\/www.rememberme-forever.com\/es\/wp-json\/wp\/v2\/media?parent=27987"}],"wp:term":[{"taxonomy":"product_brand","embeddable":true,"href":"https:\/\/www.rememberme-forever.com\/es\/wp-json\/wp\/v2\/product_brand?post=27987"},{"taxonomy":"product_cat","embeddable":true,"href":"https:\/\/www.rememberme-forever.com\/es\/wp-json\/wp\/v2\/product_cat?post=27987"},{"taxonomy":"product_tag","embeddable":true,"href":"https:\/\/www.rememberme-forever.com\/es\/wp-json\/wp\/v2\/product_tag?post=27987"}],"curies":[{"name":"wp","href":"https:\/\/api.w.org\/{rel}","templated":true}]}}