{"id":28010,"date":"2023-04-20T15:06:29","date_gmt":"2023-04-20T13:06:29","guid":{"rendered":"https:\/\/www.rememberme-forever.com\/product\/boveda-para-urna-de-cremacion-doble\/"},"modified":"2026-03-06T11:00:21","modified_gmt":"2026-03-06T10:00:21","slug":"boveda-para-urna-de-cremacion-doble","status":"publish","type":"product","link":"https:\/\/www.rememberme-forever.com\/es\/producto\/boveda-para-urna-de-cremacion-doble\/","title":{"rendered":"B\u00f3veda para urna de cremaci\u00f3n doble"},"content":{"rendered":"<h2 style=\"text-align: center;\">B\u00f3veda para urna de cremaci\u00f3n doble<\/h2>\n<p style=\"text-align: center;\">C\u00e1psula para urna de cremaci\u00f3n \/<strong> b\u00f3veda para urna de cremaci\u00f3n doble<\/strong> para enterrar<\/p>\n<p style=\"text-align: center;\">\u2705 \u00bfCu\u00e1ndo se recomienda una cripta exterior para una urna?<\/p>\n<p style=\"text-align: center;\">Se recomienda una cripta exterior para una urna cuando la propia urna no es apta para el almacenamiento a la intemperie. Este suele ser el caso de las urnas de madera, cer\u00e1mica u otros tipos que pueden ser susceptibles a los da\u00f1os meteorol\u00f3gicos o al deterioro con el tiempo.<\/p>\n<p style=\"text-align: center;\">\u2705 \u00bfCu\u00e1l es la finalidad de una cripta exterior para una urna?<\/p>\n<p style=\"text-align: center;\">El objetivo principal de una cripta exterior es proteger la urna del contacto directo con el suelo y de la presi\u00f3n que este pueda causar. Esto es especialmente importante al colocar una urna en un cementerio, donde puede estar expuesta a los elementos y a otros factores ambientales.<\/p>\n<p style=\"text-align: center;\">\u2705 \u00bfDe qu\u00e9 material est\u00e1 hecha una cripta exterior para una urna?<\/p>\n<p style=\"text-align: center;\">Las criptas exteriores para urnas suelen estar fabricadas con materiales duraderos que resisten las condiciones clim\u00e1ticas y no se descomponen en el suelo. El material compuesto ABS se utiliza habitualmente para este fin.<\/p>\n<p style=\"text-align: center;\">\u2705 \u00bfC\u00f3mo debe utilizarse una cripta exterior para una urna?<\/p>\n<p style=\"text-align: center;\">Una cripta exterior para una urna suele ser un contenedor de forma cuadrada con un lado de 40 cm, que puede albergar incluso urnas de gran tama\u00f1o. Se recomienda utilizar pegamento o silicona para sellar la tapa superior de la cripta. A menudo hay espacio suficiente dentro de la cripta para colocar peque\u00f1os recuerdos adicionales junto a la urna.<\/p>\n<p>&nbsp;<\/p>\n<h3 style=\"text-align: center;\"><strong>PERSONALIZACI\u00d3N<\/strong><\/h3>\n<p style=\"text-align: center;\">Si elige una placa personalizada, incluya el texto en el marco de personalizaci\u00f3n del producto.<\/p>\n<p style=\"text-align: center;\">La placa conmemorativa personalizada debe personalizarse al realizar el pedido. (No se preocupe si no la incluye, siempre puede enviarnos un mensaje despu\u00e9s).<\/p>\n<p style=\"text-align: center;\">Revise atentamente el texto del grabado antes de a\u00f1adir el art\u00edculo al carrito. Copiamos y grabamos la informaci\u00f3n exacta que recibimos con el pedido y no realizamos ning\u00fan cambio.<\/p>\n<p style=\"text-align: center;\"><strong>Revise el texto para asegurarse de que la ortograf\u00eda sea correcta.<\/strong><\/p>\n<p style=\"text-align: center;\"><img loading=\"lazy\" decoding=\"async\" class=\"alignnone wp-image-1447\" src=\"http:\/\/www.rememberme-forever.com\/wp-content\/uploads\/2023\/04\/memorial-plaque-cremation-urn-gold-300x150.jpg\" alt=\"Placa conmemorativa urna de cremaci\u00f3n dorada\" width=\"244\" height=\"122\" srcset=\"https:\/\/www.rememberme-forever.com\/wp-content\/uploads\/2023\/04\/memorial-plaque-cremation-urn-gold-300x150.jpg 300w, https:\/\/www.rememberme-forever.com\/wp-content\/uploads\/2023\/04\/memorial-plaque-cremation-urn-gold-64x32.jpg 64w, https:\/\/www.rememberme-forever.com\/wp-content\/uploads\/2023\/04\/memorial-plaque-cremation-urn-gold.jpg 448w\" sizes=\"auto, (max-width: 244px) 100vw, 244px\" \/><\/p>\n","protected":false},"excerpt":{"rendered":"<p><em><strong>La b\u00f3veda para urna doble es un contenedor para enterrar dos o varias urnas de cremaci\u00f3n<\/strong><\/em><\/p>\n","protected":false},"featured_media":28003,"template":"","meta":{"_acf_changed":false},"product_brand":[],"product_cat":[2441],"product_tag":[3295],"class_list":{"0":"post-28010","1":"product","2":"type-product","3":"status-publish","4":"has-post-thumbnail","6":"product_cat-accesorios","7":"product_tag-gpsr-abs-vault","8":"product_shipping_class-boveda-para-urna-de-cremacion-doble-xxl","10":"first","11":"instock","12":"sold-individually","13":"taxable","14":"shipping-taxable","15":"purchasable","16":"product-type-simple"},"yoast_head":"<!-- This site is optimized with the Yoast SEO plugin v27.4 - https:\/\/yoast.com\/product\/yoast-seo-wordpress\/ -->\n<title>B\u00f3veda para urna de cremaci\u00f3n doble<\/title>\n<meta name=\"description\" content=\"La b\u00f3veda de cremaci\u00f3n doble es un contenedor donde puede guardar la urna de cremaci\u00f3n bajo tierra. Caja resistente a la intemperie para urna de cremaci\u00f3n.\" \/>\n<meta name=\"robots\" content=\"index, follow, max-snippet:-1, max-image-preview:large, max-video-preview:-1\" \/>\n<link rel=\"canonical\" href=\"https:\/\/www.rememberme-forever.com\/es\/producto\/boveda-para-urna-de-cremacion-doble\/\" \/>\n<meta property=\"og:locale\" content=\"es_ES\" \/>\n<meta property=\"og:type\" content=\"article\" \/>\n<meta property=\"og:title\" content=\"B\u00f3veda para urna de cremaci\u00f3n doble\" \/>\n<meta property=\"og:description\" content=\"La b\u00f3veda de cremaci\u00f3n doble es un contenedor donde puede guardar la urna de cremaci\u00f3n bajo tierra. Caja resistente a la intemperie para urna de cremaci\u00f3n.\" \/>\n<meta property=\"og:url\" content=\"https:\/\/www.rememberme-forever.com\/es\/producto\/boveda-para-urna-de-cremacion-doble\/\" \/>\n<meta property=\"og:site_name\" content=\"Remember Forever\" \/>\n<meta property=\"article:modified_time\" content=\"2026-03-06T10:00:21+00:00\" \/>\n<meta property=\"og:image\" content=\"http:\/\/www.rememberme-forever.com\/wp-content\/uploads\/2023\/04\/double-cremation-urn-vault.jpg\" \/>\n\t<meta property=\"og:image:width\" content=\"768\" \/>\n\t<meta property=\"og:image:height\" content=\"768\" \/>\n\t<meta property=\"og:image:type\" content=\"image\/jpeg\" \/>\n<meta name=\"twitter:card\" content=\"summary_large_image\" \/>\n<meta name=\"twitter:label1\" content=\"Tiempo de lectura\" \/>\n\t<meta name=\"twitter:data1\" content=\"2 minutos\" \/>\n<script type=\"application\/ld+json\" class=\"yoast-schema-graph\">{\"@context\":\"https:\\\/\\\/schema.org\",\"@graph\":[{\"@type\":\"WebPage\",\"@id\":\"https:\\\/\\\/www.rememberme-forever.com\\\/es\\\/producto\\\/boveda-para-urna-de-cremacion-doble\\\/\",\"url\":\"https:\\\/\\\/www.rememberme-forever.com\\\/es\\\/producto\\\/boveda-para-urna-de-cremacion-doble\\\/\",\"name\":\"B\u00f3veda para urna de cremaci\u00f3n doble\",\"isPartOf\":{\"@id\":\"https:\\\/\\\/www.rememberme-forever.com\\\/es\\\/#website\"},\"primaryImageOfPage\":{\"@id\":\"https:\\\/\\\/www.rememberme-forever.com\\\/es\\\/producto\\\/boveda-para-urna-de-cremacion-doble\\\/#primaryimage\"},\"image\":{\"@id\":\"https:\\\/\\\/www.rememberme-forever.com\\\/es\\\/producto\\\/boveda-para-urna-de-cremacion-doble\\\/#primaryimage\"},\"thumbnailUrl\":\"https:\\\/\\\/www.rememberme-forever.com\\\/wp-content\\\/uploads\\\/2023\\\/04\\\/double-cremation-urn-vault.jpg\",\"datePublished\":\"2023-04-20T13:06:29+00:00\",\"dateModified\":\"2026-03-06T10:00:21+00:00\",\"description\":\"La b\u00f3veda de cremaci\u00f3n doble es un contenedor donde puede guardar la urna de cremaci\u00f3n bajo tierra. Caja resistente a la intemperie para urna de cremaci\u00f3n.\",\"breadcrumb\":{\"@id\":\"https:\\\/\\\/www.rememberme-forever.com\\\/es\\\/producto\\\/boveda-para-urna-de-cremacion-doble\\\/#breadcrumb\"},\"inLanguage\":\"es\",\"potentialAction\":[{\"@type\":\"ReadAction\",\"target\":[\"https:\\\/\\\/www.rememberme-forever.com\\\/es\\\/producto\\\/boveda-para-urna-de-cremacion-doble\\\/\"]}]},{\"@type\":\"ImageObject\",\"inLanguage\":\"es\",\"@id\":\"https:\\\/\\\/www.rememberme-forever.com\\\/es\\\/producto\\\/boveda-para-urna-de-cremacion-doble\\\/#primaryimage\",\"url\":\"https:\\\/\\\/www.rememberme-forever.com\\\/wp-content\\\/uploads\\\/2023\\\/04\\\/double-cremation-urn-vault.jpg\",\"contentUrl\":\"https:\\\/\\\/www.rememberme-forever.com\\\/wp-content\\\/uploads\\\/2023\\\/04\\\/double-cremation-urn-vault.jpg\",\"width\":768,\"height\":768,\"caption\":\"b\u00f3veda para urna de cremaci\u00f3n doble\"},{\"@type\":\"BreadcrumbList\",\"@id\":\"https:\\\/\\\/www.rememberme-forever.com\\\/es\\\/producto\\\/boveda-para-urna-de-cremacion-doble\\\/#breadcrumb\",\"itemListElement\":[{\"@type\":\"ListItem\",\"position\":1,\"name\":\"Home\",\"item\":\"https:\\\/\\\/www.rememberme-forever.com\\\/es\\\/inicio\\\/\"},{\"@type\":\"ListItem\",\"position\":2,\"name\":\"Comercio\",\"item\":\"https:\\\/\\\/www.rememberme-forever.com\\\/es\\\/shop\\\/\"},{\"@type\":\"ListItem\",\"position\":3,\"name\":\"B\u00f3veda para urna de cremaci\u00f3n doble\"}]},{\"@type\":\"WebSite\",\"@id\":\"https:\\\/\\\/www.rememberme-forever.com\\\/es\\\/#website\",\"url\":\"https:\\\/\\\/www.rememberme-forever.com\\\/es\\\/\",\"name\":\"Remember Forever\",\"description\":\"Cremation urns, funeral urns, urns for ashes\",\"publisher\":{\"@id\":\"https:\\\/\\\/www.rememberme-forever.com\\\/es\\\/#organization\"},\"potentialAction\":[{\"@type\":\"SearchAction\",\"target\":{\"@type\":\"EntryPoint\",\"urlTemplate\":\"https:\\\/\\\/www.rememberme-forever.com\\\/es\\\/?s={search_term_string}\"},\"query-input\":{\"@type\":\"PropertyValueSpecification\",\"valueRequired\":true,\"valueName\":\"search_term_string\"}}],\"inLanguage\":\"es\"},{\"@type\":\"Organization\",\"@id\":\"https:\\\/\\\/www.rememberme-forever.com\\\/es\\\/#organization\",\"name\":\"Remember Forever\",\"url\":\"https:\\\/\\\/www.rememberme-forever.com\\\/es\\\/\",\"logo\":{\"@type\":\"ImageObject\",\"inLanguage\":\"es\",\"@id\":\"https:\\\/\\\/www.rememberme-forever.com\\\/es\\\/#\\\/schema\\\/logo\\\/image\\\/\",\"url\":\"https:\\\/\\\/www.rememberme-forever.com\\\/wp-content\\\/uploads\\\/2023\\\/02\\\/logo.png\",\"contentUrl\":\"https:\\\/\\\/www.rememberme-forever.com\\\/wp-content\\\/uploads\\\/2023\\\/02\\\/logo.png\",\"width\":300,\"height\":56,\"caption\":\"Remember Forever\"},\"image\":{\"@id\":\"https:\\\/\\\/www.rememberme-forever.com\\\/es\\\/#\\\/schema\\\/logo\\\/image\\\/\"}}]}<\/script>\n<!-- \/ Yoast SEO plugin. -->","yoast_head_json":{"title":"B\u00f3veda para urna de cremaci\u00f3n doble","description":"La b\u00f3veda de cremaci\u00f3n doble es un contenedor donde puede guardar la urna de cremaci\u00f3n bajo tierra. Caja resistente a la intemperie para urna de cremaci\u00f3n.","robots":{"index":"index","follow":"follow","max-snippet":"max-snippet:-1","max-image-preview":"max-image-preview:large","max-video-preview":"max-video-preview:-1"},"canonical":"https:\/\/www.rememberme-forever.com\/es\/producto\/boveda-para-urna-de-cremacion-doble\/","og_locale":"es_ES","og_type":"article","og_title":"B\u00f3veda para urna de cremaci\u00f3n doble","og_description":"La b\u00f3veda de cremaci\u00f3n doble es un contenedor donde puede guardar la urna de cremaci\u00f3n bajo tierra. Caja resistente a la intemperie para urna de cremaci\u00f3n.","og_url":"https:\/\/www.rememberme-forever.com\/es\/producto\/boveda-para-urna-de-cremacion-doble\/","og_site_name":"Remember Forever","article_modified_time":"2026-03-06T10:00:21+00:00","og_image":[{"width":768,"height":768,"url":"http:\/\/www.rememberme-forever.com\/wp-content\/uploads\/2023\/04\/double-cremation-urn-vault.jpg","type":"image\/jpeg"}],"twitter_card":"summary_large_image","twitter_misc":{"Tiempo de lectura":"2 minutos"},"schema":{"@context":"https:\/\/schema.org","@graph":[{"@type":"WebPage","@id":"https:\/\/www.rememberme-forever.com\/es\/producto\/boveda-para-urna-de-cremacion-doble\/","url":"https:\/\/www.rememberme-forever.com\/es\/producto\/boveda-para-urna-de-cremacion-doble\/","name":"B\u00f3veda para urna de cremaci\u00f3n doble","isPartOf":{"@id":"https:\/\/www.rememberme-forever.com\/es\/#website"},"primaryImageOfPage":{"@id":"https:\/\/www.rememberme-forever.com\/es\/producto\/boveda-para-urna-de-cremacion-doble\/#primaryimage"},"image":{"@id":"https:\/\/www.rememberme-forever.com\/es\/producto\/boveda-para-urna-de-cremacion-doble\/#primaryimage"},"thumbnailUrl":"https:\/\/www.rememberme-forever.com\/wp-content\/uploads\/2023\/04\/double-cremation-urn-vault.jpg","datePublished":"2023-04-20T13:06:29+00:00","dateModified":"2026-03-06T10:00:21+00:00","description":"La b\u00f3veda de cremaci\u00f3n doble es un contenedor donde puede guardar la urna de cremaci\u00f3n bajo tierra. Caja resistente a la intemperie para urna de cremaci\u00f3n.","breadcrumb":{"@id":"https:\/\/www.rememberme-forever.com\/es\/producto\/boveda-para-urna-de-cremacion-doble\/#breadcrumb"},"inLanguage":"es","potentialAction":[{"@type":"ReadAction","target":["https:\/\/www.rememberme-forever.com\/es\/producto\/boveda-para-urna-de-cremacion-doble\/"]}]},{"@type":"ImageObject","inLanguage":"es","@id":"https:\/\/www.rememberme-forever.com\/es\/producto\/boveda-para-urna-de-cremacion-doble\/#primaryimage","url":"https:\/\/www.rememberme-forever.com\/wp-content\/uploads\/2023\/04\/double-cremation-urn-vault.jpg","contentUrl":"https:\/\/www.rememberme-forever.com\/wp-content\/uploads\/2023\/04\/double-cremation-urn-vault.jpg","width":768,"height":768,"caption":"b\u00f3veda para urna de cremaci\u00f3n doble"},{"@type":"BreadcrumbList","@id":"https:\/\/www.rememberme-forever.com\/es\/producto\/boveda-para-urna-de-cremacion-doble\/#breadcrumb","itemListElement":[{"@type":"ListItem","position":1,"name":"Home","item":"https:\/\/www.rememberme-forever.com\/es\/inicio\/"},{"@type":"ListItem","position":2,"name":"Comercio","item":"https:\/\/www.rememberme-forever.com\/es\/shop\/"},{"@type":"ListItem","position":3,"name":"B\u00f3veda para urna de cremaci\u00f3n doble"}]},{"@type":"WebSite","@id":"https:\/\/www.rememberme-forever.com\/es\/#website","url":"https:\/\/www.rememberme-forever.com\/es\/","name":"Remember Forever","description":"Cremation urns, funeral urns, urns for ashes","publisher":{"@id":"https:\/\/www.rememberme-forever.com\/es\/#organization"},"potentialAction":[{"@type":"SearchAction","target":{"@type":"EntryPoint","urlTemplate":"https:\/\/www.rememberme-forever.com\/es\/?s={search_term_string}"},"query-input":{"@type":"PropertyValueSpecification","valueRequired":true,"valueName":"search_term_string"}}],"inLanguage":"es"},{"@type":"Organization","@id":"https:\/\/www.rememberme-forever.com\/es\/#organization","name":"Remember Forever","url":"https:\/\/www.rememberme-forever.com\/es\/","logo":{"@type":"ImageObject","inLanguage":"es","@id":"https:\/\/www.rememberme-forever.com\/es\/#\/schema\/logo\/image\/","url":"https:\/\/www.rememberme-forever.com\/wp-content\/uploads\/2023\/02\/logo.png","contentUrl":"https:\/\/www.rememberme-forever.com\/wp-content\/uploads\/2023\/02\/logo.png","width":300,"height":56,"caption":"Remember Forever"},"image":{"@id":"https:\/\/www.rememberme-forever.com\/es\/#\/schema\/logo\/image\/"}}]}},"acf":[],"_links":{"self":[{"href":"https:\/\/www.rememberme-forever.com\/es\/wp-json\/wp\/v2\/product\/28010","targetHints":{"allow":["GET"]}}],"collection":[{"href":"https:\/\/www.rememberme-forever.com\/es\/wp-json\/wp\/v2\/product"}],"about":[{"href":"https:\/\/www.rememberme-forever.com\/es\/wp-json\/wp\/v2\/types\/product"}],"wp:featuredmedia":[{"embeddable":true,"href":"https:\/\/www.rememberme-forever.com\/es\/wp-json\/wp\/v2\/media\/28003"}],"wp:attachment":[{"href":"https:\/\/www.rememberme-forever.com\/es\/wp-json\/wp\/v2\/media?parent=28010"}],"wp:term":[{"taxonomy":"product_brand","embeddable":true,"href":"https:\/\/www.rememberme-forever.com\/es\/wp-json\/wp\/v2\/product_brand?post=28010"},{"taxonomy":"product_cat","embeddable":true,"href":"https:\/\/www.rememberme-forever.com\/es\/wp-json\/wp\/v2\/product_cat?post=28010"},{"taxonomy":"product_tag","embeddable":true,"href":"https:\/\/www.rememberme-forever.com\/es\/wp-json\/wp\/v2\/product_tag?post=28010"}],"curies":[{"name":"wp","href":"https:\/\/api.w.org\/{rel}","templated":true}]}}