{"id":28911,"date":"2026-04-10T13:08:27","date_gmt":"2026-04-10T11:08:27","guid":{"rendered":"https:\/\/www.rememberme-forever.com\/product\/urna-de-cremacion-de-madera-con-paisaje-de-montana\/"},"modified":"2026-04-10T13:43:16","modified_gmt":"2026-04-10T11:43:16","slug":"urna-de-cremacion-de-madera-con-paisaje-de-montana","status":"publish","type":"product","link":"https:\/\/www.rememberme-forever.com\/es\/producto\/urna-de-cremacion-de-madera-con-paisaje-de-montana\/","title":{"rendered":"Urna de Cremaci\u00f3n de Madera con Paisaje de Monta\u00f1a"},"content":{"rendered":"<p style=\"text-align: center;\" data-start=\"244\" data-end=\"416\"><span style=\"color: #000000;\">Honre la memoria de un ser querido con esta <strong data-start=\"286\" data-end=\"329\">urna de cremaci\u00f3n de madera artesanal \u00fanica<\/strong>, dise\u00f1ada especialmente para quienes apreciaban la belleza y serenidad de las monta\u00f1as.<\/span><\/p>\n<p style=\"text-align: center;\" data-start=\"418\" data-end=\"647\"><span style=\"color: #000000;\">Fabricada en <strong data-start=\"441\" data-end=\"461\">madera de haya maciza<\/strong> de alta calidad, esta urna combina durabilidad con elegancia atemporal. La tapa presenta un impresionante <strong data-start=\"548\" data-end=\"589\">paisaje de monta\u00f1a con valles neblinosos<\/strong>, simbolizando paz, eternidad y conexi\u00f3n con la naturaleza. <\/span><\/p>\n<p style=\"text-align: center;\" data-start=\"649\" data-end=\"782\"><span style=\"color: #000000;\">Esta urna no es solo un lugar de descanso, sino tambi\u00e9n un significativo tributo, perfecto para alguien que amaba el senderismo, la naturaleza o las vistas a la monta\u00f1a.<\/span><\/p>\n<div style=\"width: 100%; margin-bottom: 40px; height: max-content; padding-bottom: 60%; position: relative;\"><iframe style=\"position: absolute; top: 0; left: 0; width: 100%; height: 100%;\" src=\"https:\/\/rememberme-urns.com\/wooden-cremation-urn-with-the-mountains\/\" frameborder=\"0\"><\/iframe><\/div>\n<div style=\"color: red; text-align: center; margin-bottom: 25px;\">\n<p>&gt;&gt; Foto giratoria &#8211; pulsar\/acercar &lt;&lt;<\/p>\n<\/div>\n<h3 style=\"text-align: center;\" data-section-id=\"1tha74y\" data-start=\"784\" data-end=\"804\"><span style=\"color: #000000;\">Caracter\u00edsticas principales:<\/span><\/h3>\n<ul data-start=\"805\" data-end=\"1150\">\n<li style=\"text-align: center;\" data-section-id=\"91r4x3\" data-start=\"805\" data-end=\"873\"><span style=\"color: #000000;\"><strong data-start=\"807\" data-end=\"842\">Construcci\u00f3n de madera de haya premium<\/strong> \u2013 fuerte, duradera y natural<br \/>\n<\/span><\/li>\n<li style=\"text-align: center;\" data-section-id=\"16gmwlh\" data-start=\"874\" data-end=\"955\"><span style=\"color: #000000;\"><strong data-start=\"876\" data-end=\"904\">Impresionante dise\u00f1o de monta\u00f1a<\/strong> \u2013 tapa impresa de alta calidad con un paisaje sereno<br \/>\n<\/span><\/li>\n<li style=\"text-align: center;\" data-section-id=\"fk6ysw\" data-start=\"956\" data-end=\"1006\"><span style=\"color: #000000;\"><strong data-start=\"958\" data-end=\"983\">Dise\u00f1o de apertura inferior<\/strong> \u2013 seguro y pr\u00e1ctico<br \/>\n<\/span><\/li>\n<li style=\"text-align: center;\" data-section-id=\"lhyclt\" data-start=\"1007\" data-end=\"1059\"><span style=\"color: #000000;\"><strong data-start=\"1009\" data-end=\"1031\">Cerrada con tornillos<\/strong> \u2013 sellado seguro y fiable<br \/>\n<\/span><\/li>\n<li style=\"text-align: center;\" data-section-id=\"1xxyr8\" data-start=\"1060\" data-end=\"1107\"><span style=\"color: #000000;\"><strong data-start=\"1062\" data-end=\"1084\">Acabado artesanal<\/strong> \u2013 cada pieza es \u00fanica<br \/>\n<\/span><\/li>\n<li style=\"text-align: center;\" data-section-id=\"1w5r7c1\" data-start=\"1108\" data-end=\"1150\"><span style=\"color: #000000;\"><strong data-start=\"1110\" data-end=\"1137\">Elegante placa conmemorativa<\/strong> en la parte frontal<br \/>\n<\/span><\/li>\n<\/ul>\n<h3 style=\"text-align: center;\" data-section-id=\"mat7vt\" data-start=\"1152\" data-end=\"1169\"><span style=\"color: #000000;\">Simbolismo:<\/span><\/h3>\n<p style=\"text-align: center;\" data-start=\"1170\" data-end=\"1293\"><span style=\"color: #000000;\">El motivo de monta\u00f1a representa <strong data-start=\"1200\" data-end=\"1247\">fuerza, eternidad y elevaci\u00f3n espiritual<\/strong>, haciendo de esta urna un tributo profundamente significativo.<\/span><\/p>\n<p style=\"text-align: center;\" data-start=\"1295\" data-end=\"1307\"><strong><span style=\"color: #000000;\">Perfecta para:<\/span><\/strong><\/p>\n<ul data-start=\"1308\" data-end=\"1426\">\n<li style=\"text-align: center;\" data-section-id=\"10jrsw\" data-start=\"1308\" data-end=\"1325\"><span style=\"color: #000000;\">Amantes de la naturaleza<\/span><\/li>\n<li style=\"text-align: center;\" data-section-id=\"10jrsw\" data-start=\"1308\" data-end=\"1325\"><span style=\"color: #000000;\">Entusiastas de la monta\u00f1a<\/span><\/li>\n<li style=\"text-align: center;\" data-section-id=\"10jrsw\" data-start=\"1308\" data-end=\"1325\"><span style=\"color: #000000;\">Aventureros al aire libre<\/span><\/li>\n<li style=\"text-align: center;\" data-section-id=\"10jrsw\" data-start=\"1308\" data-end=\"1325\"><span style=\"color: #000000;\">Familias que buscan un memorial \u00fanico y personal<\/span><\/li>\n<\/ul>\n<p>&nbsp;<\/p>\n<p style=\"text-align: center;\"><strong><span style=\"font-size: 16px; color: #000000; font-family: Arial;\">\u25ba PERSONALIZACI\u00d3N \u25c4<\/span><\/strong><\/p>\n<p style=\"text-align: center;\"><span style=\"font-size: 16px; color: #000000; font-family: Arial;\">\u2714\ufe0f Introduzca el texto en el lugar apropiado o env\u00edenos un mensaje.<\/span><\/p>\n<p style=\"text-align: center;\"><span style=\"font-size: 16px; color: #000000; font-family: Arial;\">\u2714\ufe0f La placa conmemorativa personalizada debe ser configurada durante el proceso de pedido.<\/span><\/p>\n<p style=\"text-align: center;\"><span style=\"font-size: 16px; color: #000000;\"><span style=\"font-family: Arial;\">\u2714\ufe0f<\/span><\/span><span style=\"font-size: 16px; color: #000000;\"><b>La placa conmemorativa es gratuita.<\/b> Si no proporciona texto para el grabado, recibir\u00e1 una placa en blanco.<\/span><\/p>\n<p style=\"text-align: center;\">\n<p style=\"text-align: center;\"><b><span style=\"font-size: 16px; color: #000000; font-family: Arial;\">Las limitaciones de texto son las siguientes:<\/span><\/b><\/p>\n<p style=\"text-align: center;\"><span style=\"font-size: 16px; color: #000000; font-family: Arial;\">Nombre(s): hasta 24 caracteres<\/span><\/p>\n<p style=\"text-align: center;\"><span style=\"font-size: 16px; color: #000000; font-family: Arial;\">Fecha de nacimiento y fallecimiento: hasta 24 caracteres<\/span><\/p>\n<p style=\"text-align: center;\"><span style=\"font-size: 16px; color: #000000; font-family: Arial;\">Tercera l\u00ednea: hasta 24 caracteres<\/span><\/p>\n<p style=\"text-align: center;\"><span style=\"font-size: 16px; color: #000000; font-family: Arial;\">Cuarta l\u00ednea: hasta 24 caracteres<\/span><\/p>\n<p style=\"text-align: center;\"><span style=\"font-size: 16px; color: #000000; font-family: Arial;\">Quinta l\u00ednea: hasta 24 caracteres<\/span><\/p>\n<div style=\"text-align: center;\"><\/div>\n<p style=\"text-align: center;\"><span style=\"font-size: 16px; color: #000000; font-family: Arial;\">\u2714\ufe0f Por favor, <strong>revise el texto del grabado<\/strong> antes de a\u00f1adir el producto a su carrito. Copiamos y grabamos exactamente la informaci\u00f3n que recibimos con el pedido y no realizamos ning\u00fan cambio por nuestra parte. <\/span><\/p>\n<p style=\"text-align: center;\"><span style=\"font-size: 16px; color: #000000; font-family: Arial;\">\u2714\ufe0f Revise el texto para asegurarse de que la ortograf\u00eda sea correcta.<\/span><\/p>\n<p style=\"text-align: center;\">\n","protected":false},"excerpt":{"rendered":"<p>Honre la memoria de un ser querido con esta urna de cremaci\u00f3n de madera artesanal \u00fanica, dise\u00f1ada especialmente para quienes apreciaban la belleza y serenidad&#8230;<\/p>\n","protected":false},"featured_media":28899,"template":"","meta":{"_acf_changed":false},"product_brand":[],"product_cat":[2456,2455],"product_tag":[3309],"class_list":{"0":"post-28911","1":"product","2":"type-product","3":"status-publish","4":"has-post-thumbnail","6":"product_cat-todas-las-demas-urnas","7":"product_cat-urnas-tematicas","8":"product_tag-gpsr-all-wood-urns","9":"product_shipping_class-2-4kg-es","11":"first","12":"instock","13":"taxable","14":"shipping-taxable","15":"purchasable","16":"product-type-simple"},"yoast_head":"<!-- This site is optimized with the Yoast SEO plugin v27.4 - https:\/\/yoast.com\/product\/yoast-seo-wordpress\/ -->\n<title>Urna de Cremaci\u00f3n de Madera con Paisaje de Monta\u00f1a - Remember Forever<\/title>\n<meta name=\"robots\" content=\"index, follow, max-snippet:-1, max-image-preview:large, max-video-preview:-1\" \/>\n<link rel=\"canonical\" href=\"https:\/\/www.rememberme-forever.com\/es\/producto\/urna-de-cremacion-de-madera-con-paisaje-de-montana\/\" \/>\n<meta property=\"og:locale\" content=\"es_ES\" \/>\n<meta property=\"og:type\" content=\"article\" \/>\n<meta property=\"og:title\" content=\"Urna de Cremaci\u00f3n de Madera con Paisaje de Monta\u00f1a - Remember Forever\" \/>\n<meta property=\"og:description\" content=\"Honre la memoria de un ser querido con esta urna de cremaci\u00f3n de madera artesanal \u00fanica, dise\u00f1ada especialmente para quienes apreciaban la belleza y serenidad...\" \/>\n<meta property=\"og:url\" content=\"https:\/\/www.rememberme-forever.com\/es\/producto\/urna-de-cremacion-de-madera-con-paisaje-de-montana\/\" \/>\n<meta property=\"og:site_name\" content=\"Remember Forever\" \/>\n<meta property=\"article:modified_time\" content=\"2026-04-10T11:43:16+00:00\" \/>\n<meta property=\"og:image\" content=\"http:\/\/www.rememberme-forever.com\/wp-content\/uploads\/2026\/04\/wooden-urn-with-mountains-theme-007.jpg\" \/>\n\t<meta property=\"og:image:width\" content=\"1007\" \/>\n\t<meta property=\"og:image:height\" content=\"1024\" \/>\n\t<meta property=\"og:image:type\" content=\"image\/jpeg\" \/>\n<meta name=\"twitter:card\" content=\"summary_large_image\" \/>\n<meta name=\"twitter:label1\" content=\"Tiempo de lectura\" \/>\n\t<meta name=\"twitter:data1\" content=\"2 minutos\" \/>\n<script type=\"application\/ld+json\" class=\"yoast-schema-graph\">{\"@context\":\"https:\\\/\\\/schema.org\",\"@graph\":[{\"@type\":\"WebPage\",\"@id\":\"https:\\\/\\\/www.rememberme-forever.com\\\/es\\\/producto\\\/urna-de-cremacion-de-madera-con-paisaje-de-montana\\\/\",\"url\":\"https:\\\/\\\/www.rememberme-forever.com\\\/es\\\/producto\\\/urna-de-cremacion-de-madera-con-paisaje-de-montana\\\/\",\"name\":\"Urna de Cremaci\u00f3n de Madera con Paisaje de Monta\u00f1a - Remember Forever\",\"isPartOf\":{\"@id\":\"https:\\\/\\\/www.rememberme-forever.com\\\/es\\\/#website\"},\"primaryImageOfPage\":{\"@id\":\"https:\\\/\\\/www.rememberme-forever.com\\\/es\\\/producto\\\/urna-de-cremacion-de-madera-con-paisaje-de-montana\\\/#primaryimage\"},\"image\":{\"@id\":\"https:\\\/\\\/www.rememberme-forever.com\\\/es\\\/producto\\\/urna-de-cremacion-de-madera-con-paisaje-de-montana\\\/#primaryimage\"},\"thumbnailUrl\":\"https:\\\/\\\/www.rememberme-forever.com\\\/wp-content\\\/uploads\\\/2026\\\/04\\\/wooden-urn-with-mountains-theme-007.jpg\",\"datePublished\":\"2026-04-10T11:08:27+00:00\",\"dateModified\":\"2026-04-10T11:43:16+00:00\",\"breadcrumb\":{\"@id\":\"https:\\\/\\\/www.rememberme-forever.com\\\/es\\\/producto\\\/urna-de-cremacion-de-madera-con-paisaje-de-montana\\\/#breadcrumb\"},\"inLanguage\":\"es\",\"potentialAction\":[{\"@type\":\"ReadAction\",\"target\":[\"https:\\\/\\\/www.rememberme-forever.com\\\/es\\\/producto\\\/urna-de-cremacion-de-madera-con-paisaje-de-montana\\\/\"]}]},{\"@type\":\"ImageObject\",\"inLanguage\":\"es\",\"@id\":\"https:\\\/\\\/www.rememberme-forever.com\\\/es\\\/producto\\\/urna-de-cremacion-de-madera-con-paisaje-de-montana\\\/#primaryimage\",\"url\":\"https:\\\/\\\/www.rememberme-forever.com\\\/wp-content\\\/uploads\\\/2026\\\/04\\\/wooden-urn-with-mountains-theme-007.jpg\",\"contentUrl\":\"https:\\\/\\\/www.rememberme-forever.com\\\/wp-content\\\/uploads\\\/2026\\\/04\\\/wooden-urn-with-mountains-theme-007.jpg\",\"width\":1007,\"height\":1024,\"caption\":\"urna de cremaci\u00f3n de madera con tapa de paisaje de monta\u00f1a vista angular urna conmemorativa de madera de haya\"},{\"@type\":\"BreadcrumbList\",\"@id\":\"https:\\\/\\\/www.rememberme-forever.com\\\/es\\\/producto\\\/urna-de-cremacion-de-madera-con-paisaje-de-montana\\\/#breadcrumb\",\"itemListElement\":[{\"@type\":\"ListItem\",\"position\":1,\"name\":\"Home\",\"item\":\"https:\\\/\\\/www.rememberme-forever.com\\\/es\\\/inicio\\\/\"},{\"@type\":\"ListItem\",\"position\":2,\"name\":\"Comercio\",\"item\":\"https:\\\/\\\/www.rememberme-forever.com\\\/es\\\/shop\\\/\"},{\"@type\":\"ListItem\",\"position\":3,\"name\":\"Urna de Cremaci\u00f3n de Madera con Paisaje de Monta\u00f1a\"}]},{\"@type\":\"WebSite\",\"@id\":\"https:\\\/\\\/www.rememberme-forever.com\\\/es\\\/#website\",\"url\":\"https:\\\/\\\/www.rememberme-forever.com\\\/es\\\/\",\"name\":\"Remember Forever\",\"description\":\"Cremation urns, funeral urns, urns for ashes\",\"publisher\":{\"@id\":\"https:\\\/\\\/www.rememberme-forever.com\\\/es\\\/#organization\"},\"potentialAction\":[{\"@type\":\"SearchAction\",\"target\":{\"@type\":\"EntryPoint\",\"urlTemplate\":\"https:\\\/\\\/www.rememberme-forever.com\\\/es\\\/?s={search_term_string}\"},\"query-input\":{\"@type\":\"PropertyValueSpecification\",\"valueRequired\":true,\"valueName\":\"search_term_string\"}}],\"inLanguage\":\"es\"},{\"@type\":\"Organization\",\"@id\":\"https:\\\/\\\/www.rememberme-forever.com\\\/es\\\/#organization\",\"name\":\"Remember Forever\",\"url\":\"https:\\\/\\\/www.rememberme-forever.com\\\/es\\\/\",\"logo\":{\"@type\":\"ImageObject\",\"inLanguage\":\"es\",\"@id\":\"https:\\\/\\\/www.rememberme-forever.com\\\/es\\\/#\\\/schema\\\/logo\\\/image\\\/\",\"url\":\"https:\\\/\\\/www.rememberme-forever.com\\\/wp-content\\\/uploads\\\/2023\\\/02\\\/logo.png\",\"contentUrl\":\"https:\\\/\\\/www.rememberme-forever.com\\\/wp-content\\\/uploads\\\/2023\\\/02\\\/logo.png\",\"width\":300,\"height\":56,\"caption\":\"Remember Forever\"},\"image\":{\"@id\":\"https:\\\/\\\/www.rememberme-forever.com\\\/es\\\/#\\\/schema\\\/logo\\\/image\\\/\"}}]}<\/script>\n<!-- \/ Yoast SEO plugin. -->","yoast_head_json":{"title":"Urna de Cremaci\u00f3n de Madera con Paisaje de Monta\u00f1a - Remember Forever","robots":{"index":"index","follow":"follow","max-snippet":"max-snippet:-1","max-image-preview":"max-image-preview:large","max-video-preview":"max-video-preview:-1"},"canonical":"https:\/\/www.rememberme-forever.com\/es\/producto\/urna-de-cremacion-de-madera-con-paisaje-de-montana\/","og_locale":"es_ES","og_type":"article","og_title":"Urna de Cremaci\u00f3n de Madera con Paisaje de Monta\u00f1a - Remember Forever","og_description":"Honre la memoria de un ser querido con esta urna de cremaci\u00f3n de madera artesanal \u00fanica, dise\u00f1ada especialmente para quienes apreciaban la belleza y serenidad...","og_url":"https:\/\/www.rememberme-forever.com\/es\/producto\/urna-de-cremacion-de-madera-con-paisaje-de-montana\/","og_site_name":"Remember Forever","article_modified_time":"2026-04-10T11:43:16+00:00","og_image":[{"width":1007,"height":1024,"url":"http:\/\/www.rememberme-forever.com\/wp-content\/uploads\/2026\/04\/wooden-urn-with-mountains-theme-007.jpg","type":"image\/jpeg"}],"twitter_card":"summary_large_image","twitter_misc":{"Tiempo de lectura":"2 minutos"},"schema":{"@context":"https:\/\/schema.org","@graph":[{"@type":"WebPage","@id":"https:\/\/www.rememberme-forever.com\/es\/producto\/urna-de-cremacion-de-madera-con-paisaje-de-montana\/","url":"https:\/\/www.rememberme-forever.com\/es\/producto\/urna-de-cremacion-de-madera-con-paisaje-de-montana\/","name":"Urna de Cremaci\u00f3n de Madera con Paisaje de Monta\u00f1a - Remember Forever","isPartOf":{"@id":"https:\/\/www.rememberme-forever.com\/es\/#website"},"primaryImageOfPage":{"@id":"https:\/\/www.rememberme-forever.com\/es\/producto\/urna-de-cremacion-de-madera-con-paisaje-de-montana\/#primaryimage"},"image":{"@id":"https:\/\/www.rememberme-forever.com\/es\/producto\/urna-de-cremacion-de-madera-con-paisaje-de-montana\/#primaryimage"},"thumbnailUrl":"https:\/\/www.rememberme-forever.com\/wp-content\/uploads\/2026\/04\/wooden-urn-with-mountains-theme-007.jpg","datePublished":"2026-04-10T11:08:27+00:00","dateModified":"2026-04-10T11:43:16+00:00","breadcrumb":{"@id":"https:\/\/www.rememberme-forever.com\/es\/producto\/urna-de-cremacion-de-madera-con-paisaje-de-montana\/#breadcrumb"},"inLanguage":"es","potentialAction":[{"@type":"ReadAction","target":["https:\/\/www.rememberme-forever.com\/es\/producto\/urna-de-cremacion-de-madera-con-paisaje-de-montana\/"]}]},{"@type":"ImageObject","inLanguage":"es","@id":"https:\/\/www.rememberme-forever.com\/es\/producto\/urna-de-cremacion-de-madera-con-paisaje-de-montana\/#primaryimage","url":"https:\/\/www.rememberme-forever.com\/wp-content\/uploads\/2026\/04\/wooden-urn-with-mountains-theme-007.jpg","contentUrl":"https:\/\/www.rememberme-forever.com\/wp-content\/uploads\/2026\/04\/wooden-urn-with-mountains-theme-007.jpg","width":1007,"height":1024,"caption":"urna de cremaci\u00f3n de madera con tapa de paisaje de monta\u00f1a vista angular urna conmemorativa de madera de haya"},{"@type":"BreadcrumbList","@id":"https:\/\/www.rememberme-forever.com\/es\/producto\/urna-de-cremacion-de-madera-con-paisaje-de-montana\/#breadcrumb","itemListElement":[{"@type":"ListItem","position":1,"name":"Home","item":"https:\/\/www.rememberme-forever.com\/es\/inicio\/"},{"@type":"ListItem","position":2,"name":"Comercio","item":"https:\/\/www.rememberme-forever.com\/es\/shop\/"},{"@type":"ListItem","position":3,"name":"Urna de Cremaci\u00f3n de Madera con Paisaje de Monta\u00f1a"}]},{"@type":"WebSite","@id":"https:\/\/www.rememberme-forever.com\/es\/#website","url":"https:\/\/www.rememberme-forever.com\/es\/","name":"Remember Forever","description":"Cremation urns, funeral urns, urns for ashes","publisher":{"@id":"https:\/\/www.rememberme-forever.com\/es\/#organization"},"potentialAction":[{"@type":"SearchAction","target":{"@type":"EntryPoint","urlTemplate":"https:\/\/www.rememberme-forever.com\/es\/?s={search_term_string}"},"query-input":{"@type":"PropertyValueSpecification","valueRequired":true,"valueName":"search_term_string"}}],"inLanguage":"es"},{"@type":"Organization","@id":"https:\/\/www.rememberme-forever.com\/es\/#organization","name":"Remember Forever","url":"https:\/\/www.rememberme-forever.com\/es\/","logo":{"@type":"ImageObject","inLanguage":"es","@id":"https:\/\/www.rememberme-forever.com\/es\/#\/schema\/logo\/image\/","url":"https:\/\/www.rememberme-forever.com\/wp-content\/uploads\/2023\/02\/logo.png","contentUrl":"https:\/\/www.rememberme-forever.com\/wp-content\/uploads\/2023\/02\/logo.png","width":300,"height":56,"caption":"Remember Forever"},"image":{"@id":"https:\/\/www.rememberme-forever.com\/es\/#\/schema\/logo\/image\/"}}]}},"acf":[],"_links":{"self":[{"href":"https:\/\/www.rememberme-forever.com\/es\/wp-json\/wp\/v2\/product\/28911","targetHints":{"allow":["GET"]}}],"collection":[{"href":"https:\/\/www.rememberme-forever.com\/es\/wp-json\/wp\/v2\/product"}],"about":[{"href":"https:\/\/www.rememberme-forever.com\/es\/wp-json\/wp\/v2\/types\/product"}],"wp:featuredmedia":[{"embeddable":true,"href":"https:\/\/www.rememberme-forever.com\/es\/wp-json\/wp\/v2\/media\/28899"}],"wp:attachment":[{"href":"https:\/\/www.rememberme-forever.com\/es\/wp-json\/wp\/v2\/media?parent=28911"}],"wp:term":[{"taxonomy":"product_brand","embeddable":true,"href":"https:\/\/www.rememberme-forever.com\/es\/wp-json\/wp\/v2\/product_brand?post=28911"},{"taxonomy":"product_cat","embeddable":true,"href":"https:\/\/www.rememberme-forever.com\/es\/wp-json\/wp\/v2\/product_cat?post=28911"},{"taxonomy":"product_tag","embeddable":true,"href":"https:\/\/www.rememberme-forever.com\/es\/wp-json\/wp\/v2\/product_tag?post=28911"}],"curies":[{"name":"wp","href":"https:\/\/api.w.org\/{rel}","templated":true}]}}