{"id":29043,"date":"2026-04-15T10:42:43","date_gmt":"2026-04-15T08:42:43","guid":{"rendered":"https:\/\/www.rememberme-forever.com\/product\/urna-de-cremacion-catolica-con-jesus-orando-en-getsemani-urna-de-madera-para-adultos\/"},"modified":"2026-04-15T12:49:05","modified_gmt":"2026-04-15T10:49:05","slug":"urna-de-cremacion-catolica-con-jesus-orando-en-getsemani-urna-de-madera-para-adultos","status":"publish","type":"product","link":"https:\/\/www.rememberme-forever.com\/es\/producto\/urna-de-cremacion-catolica-con-jesus-orando-en-getsemani-urna-de-madera-para-adultos\/","title":{"rendered":"Urna de cremaci\u00f3n cat\u00f3lica con Jes\u00fas orando en Getseman\u00ed, urna de madera para adultos"},"content":{"rendered":"<p style=\"text-align: center;\" data-start=\"275\" data-end=\"579\"><span style=\"color: #000000;\">Honre la memoria de su ser querido con esta <strong data-start=\"340\" data-end=\"366\">urna de cremaci\u00f3n cat\u00f3lica<\/strong> bellamente elaborada, que presenta una imagen profundamente conmovedora de <strong data-start=\"403\" data-end=\"448\">Jes\u00fas orando en el Huerto de Getseman\u00ed<\/strong>. Esta poderosa escena b\u00edblica simboliza fe, sacrificio, esperanza y paz eterna, ofreciendo consuelo en momentos de recuerdo. <\/span><\/p>\n<p style=\"text-align: center;\" data-start=\"581\" data-end=\"836\"><span style=\"color: #000000;\">La urna est\u00e1 hecha de madera de alta calidad con un acabado c\u00e1lido y natural, lo que le confiere una apariencia atemporal y digna. La detallada obra de arte en la tapa crea una atm\u00f3sfera serena y espiritual, convirti\u00e9ndola no solo en un lugar de descanso, sino tambi\u00e9n en un tributo significativo. <\/span><\/p>\n<p style=\"text-align: center;\" data-start=\"838\" data-end=\"1026\"><span style=\"color: #000000;\">Dise\u00f1ada para la practicidad y la seguridad, la urna cuenta con un <strong data-start=\"897\" data-end=\"944\">panel inferior extra\u00edble fijado con tornillos<\/strong>, lo que garantiza una colocaci\u00f3n segura y sencilla de las cenizas. Es adecuada para <strong data-start=\"1008\" data-end=\"1025\">restos de adultos<\/strong>. <\/span><\/p>\n<div style=\"width: 100%; margin-bottom: 40px; height: max-content; padding-bottom: 60%; position: relative;\"><iframe style=\"position: absolute; top: 0; left: 0; width: 100%; height: 100%;\" src=\"https:\/\/rememberme-urns.com\/wu52m-base-wooden-urn\/\" frameborder=\"0\"><\/iframe><\/div>\n<div style=\"color: red; text-align: center; margin-bottom: 25px;\">\n<p>&gt;&gt; Foto giratoria &#8211; pulsar\/acercar &lt;&lt;<\/p>\n<\/div>\n<h3 style=\"text-align: center;\" data-section-id=\"8pl8n8\" data-start=\"1028\" data-end=\"1047\"><\/h3>\n<ul data-start=\"1048\" data-end=\"1369\">\n<li style=\"text-align: center;\" data-section-id=\"1a099xm\" data-start=\"1048\" data-end=\"1110\"><span style=\"color: #000000;\">Dise\u00f1o cat\u00f3lico \u2013 Jes\u00fas orando en el Huerto de los Olivos<br \/>\n<\/span><\/li>\n<li style=\"text-align: center;\" data-section-id=\"1ldiik\" data-start=\"1111\" data-end=\"1171\"><span style=\"color: #000000;\">Profundo simbolismo espiritual: fe, entrega y paz<br \/>\n<\/span><\/li>\n<li style=\"text-align: center;\" data-section-id=\"1y973tm\" data-start=\"1172\" data-end=\"1226\"><span style=\"color: #000000;\">Construcci\u00f3n de madera maciza \u2013 duradera y elegante<br \/>\n<\/span><\/li>\n<li style=\"text-align: center;\" data-section-id=\"9w1zuw\" data-start=\"1227\" data-end=\"1274\"><span style=\"color: #000000;\">Apertura inferior segura con cierre de tornillo<br \/>\n<\/span><\/li>\n<li style=\"text-align: center;\" data-section-id=\"16ocvlk\" data-start=\"1275\" data-end=\"1306\"><span style=\"color: #000000;\">Adecuada para cenizas de adultos<br \/>\n<\/span><\/li>\n<li style=\"text-align: center;\" data-section-id=\"jw24lt\" data-start=\"1307\" data-end=\"1369\"><span style=\"color: #000000;\">Pieza conmemorativa \u00fanica \u2013 perfecta para el hogar o columbario<br \/>\n<\/span><\/li>\n<\/ul>\n<p style=\"text-align: center;\" data-start=\"1371\" data-end=\"1533\"><span style=\"color: #000000;\">Esta urna sirve como un <strong data-start=\"1392\" data-end=\"1461\">homenaje duradero lleno de significado, dignidad y profundidad espiritual<\/strong>, ayudando a preservar los recuerdos queridos de una manera respetuosa y hermosa.<\/span><\/p>\n<p style=\"text-align: center;\"><strong><span style=\"font-size: 16px; color: #000000; font-family: Arial;\">\u25ba PERSONALIZACI\u00d3N \u25c4<\/span><\/strong><\/p>\n<p style=\"text-align: center;\"><span style=\"font-size: 16px; color: #000000; font-family: Arial;\">\u2714\ufe0f Introduzca el texto en el lugar apropiado o env\u00edenos un mensaje.<\/span><\/p>\n<p style=\"text-align: center;\"><span style=\"font-size: 16px; color: #000000; font-family: Arial;\">\u2714\ufe0f La placa conmemorativa personalizada debe ser configurada durante el proceso de pedido.<\/span><\/p>\n<p style=\"text-align: center;\"><span style=\"font-size: 16px; color: #000000;\"><span style=\"font-family: Arial;\">\u2714\ufe0f<\/span><\/span><span style=\"font-size: 16px; color: #000000;\"><b>La placa conmemorativa es gratuita.<\/b> Si no proporciona texto para el grabado, recibir\u00e1 una placa en blanco.<\/span><\/p>\n<p style=\"text-align: center;\">\n<p style=\"text-align: center;\"><b><span style=\"font-size: 16px; color: #000000; font-family: Arial;\">Las limitaciones de texto son las siguientes:<\/span><\/b><\/p>\n<p style=\"text-align: center;\"><span style=\"font-size: 16px; color: #000000; font-family: Arial;\">Nombre(s): hasta 24 caracteres<\/span><\/p>\n<p style=\"text-align: center;\"><span style=\"font-size: 16px; color: #000000; font-family: Arial;\">Fecha de nacimiento y fallecimiento: hasta 24 caracteres<\/span><\/p>\n<p style=\"text-align: center;\"><span style=\"font-size: 16px; color: #000000; font-family: Arial;\">Tercera l\u00ednea: hasta 24 caracteres<\/span><\/p>\n<p style=\"text-align: center;\"><span style=\"font-size: 16px; color: #000000; font-family: Arial;\">Cuarta l\u00ednea: hasta 24 caracteres<\/span><\/p>\n<p style=\"text-align: center;\"><span style=\"font-size: 16px; color: #000000; font-family: Arial;\">Quinta l\u00ednea: hasta 24 caracteres<\/span><\/p>\n<div style=\"text-align: center;\"><\/div>\n<p style=\"text-align: center;\"><span style=\"font-size: 16px; color: #000000; font-family: Arial;\">\u2714\ufe0f Por favor, <strong>revise el texto del grabado<\/strong> antes de a\u00f1adir el producto a su carrito. Copiamos y grabamos exactamente la informaci\u00f3n que recibimos con el pedido y no realizamos ning\u00fan cambio por nuestra parte. <\/span><\/p>\n<p style=\"text-align: center;\"><span style=\"font-size: 16px; color: #000000; font-family: Arial;\">\u2714\ufe0f Revise el texto para asegurarse de que la ortograf\u00eda sea correcta.<\/span><\/p>\n<p style=\"text-align: center;\">\n","protected":false},"excerpt":{"rendered":"<p>Honre la memoria de su ser querido con esta urna de cremaci\u00f3n cat\u00f3lica bellamente elaborada, que presenta una imagen profundamente conmovedora de Jes\u00fas orando en&#8230;<\/p>\n","protected":false},"featured_media":29032,"template":"","meta":{"_acf_changed":false},"product_brand":[],"product_cat":[3847,2455],"product_tag":[3309],"class_list":{"0":"post-29043","1":"product","2":"type-product","3":"status-publish","4":"has-post-thumbnail","6":"product_cat-urnas-catolicas","7":"product_cat-urnas-tematicas","8":"product_tag-gpsr-all-wood-urns","9":"product_shipping_class-2-4kg-es","11":"first","12":"instock","13":"taxable","14":"shipping-taxable","15":"purchasable","16":"product-type-simple"},"yoast_head":"<!-- This site is optimized with the Yoast SEO plugin v27.4 - https:\/\/yoast.com\/product\/yoast-seo-wordpress\/ -->\n<title>Urna de cremaci\u00f3n cat\u00f3lica con Jes\u00fas orando en Getseman\u00ed, urna de madera para adultos - Remember Forever<\/title>\n<meta name=\"robots\" content=\"index, follow, max-snippet:-1, max-image-preview:large, max-video-preview:-1\" \/>\n<link rel=\"canonical\" href=\"https:\/\/www.rememberme-forever.com\/es\/producto\/urna-de-cremacion-catolica-con-jesus-orando-en-getsemani-urna-de-madera-para-adultos\/\" \/>\n<meta property=\"og:locale\" content=\"es_ES\" \/>\n<meta property=\"og:type\" content=\"article\" \/>\n<meta property=\"og:title\" content=\"Urna de cremaci\u00f3n cat\u00f3lica con Jes\u00fas orando en Getseman\u00ed, urna de madera para adultos - Remember Forever\" \/>\n<meta property=\"og:description\" content=\"Honre la memoria de su ser querido con esta urna de cremaci\u00f3n cat\u00f3lica bellamente elaborada, que presenta una imagen profundamente conmovedora de Jes\u00fas orando en...\" \/>\n<meta property=\"og:url\" content=\"https:\/\/www.rememberme-forever.com\/es\/producto\/urna-de-cremacion-catolica-con-jesus-orando-en-getsemani-urna-de-madera-para-adultos\/\" \/>\n<meta property=\"og:site_name\" content=\"Remember Forever\" \/>\n<meta property=\"article:modified_time\" content=\"2026-04-15T10:49:05+00:00\" \/>\n<meta property=\"og:image\" content=\"http:\/\/www.rememberme-forever.com\/wp-content\/uploads\/2026\/04\/prayer-in-the-olive-garden-001.jpg\" \/>\n\t<meta property=\"og:image:width\" content=\"1007\" \/>\n\t<meta property=\"og:image:height\" content=\"1024\" \/>\n\t<meta property=\"og:image:type\" content=\"image\/jpeg\" \/>\n<meta name=\"twitter:card\" content=\"summary_large_image\" \/>\n<meta name=\"twitter:label1\" content=\"Tiempo de lectura\" \/>\n\t<meta name=\"twitter:data1\" content=\"2 minutos\" \/>\n<script type=\"application\/ld+json\" class=\"yoast-schema-graph\">{\"@context\":\"https:\\\/\\\/schema.org\",\"@graph\":[{\"@type\":\"WebPage\",\"@id\":\"https:\\\/\\\/www.rememberme-forever.com\\\/es\\\/producto\\\/urna-de-cremacion-catolica-con-jesus-orando-en-getsemani-urna-de-madera-para-adultos\\\/\",\"url\":\"https:\\\/\\\/www.rememberme-forever.com\\\/es\\\/producto\\\/urna-de-cremacion-catolica-con-jesus-orando-en-getsemani-urna-de-madera-para-adultos\\\/\",\"name\":\"Urna de cremaci\u00f3n cat\u00f3lica con Jes\u00fas orando en Getseman\u00ed, urna de madera para adultos - Remember Forever\",\"isPartOf\":{\"@id\":\"https:\\\/\\\/www.rememberme-forever.com\\\/es\\\/#website\"},\"primaryImageOfPage\":{\"@id\":\"https:\\\/\\\/www.rememberme-forever.com\\\/es\\\/producto\\\/urna-de-cremacion-catolica-con-jesus-orando-en-getsemani-urna-de-madera-para-adultos\\\/#primaryimage\"},\"image\":{\"@id\":\"https:\\\/\\\/www.rememberme-forever.com\\\/es\\\/producto\\\/urna-de-cremacion-catolica-con-jesus-orando-en-getsemani-urna-de-madera-para-adultos\\\/#primaryimage\"},\"thumbnailUrl\":\"https:\\\/\\\/www.rememberme-forever.com\\\/wp-content\\\/uploads\\\/2026\\\/04\\\/prayer-in-the-olive-garden-001.jpg\",\"datePublished\":\"2026-04-15T08:42:43+00:00\",\"dateModified\":\"2026-04-15T10:49:05+00:00\",\"breadcrumb\":{\"@id\":\"https:\\\/\\\/www.rememberme-forever.com\\\/es\\\/producto\\\/urna-de-cremacion-catolica-con-jesus-orando-en-getsemani-urna-de-madera-para-adultos\\\/#breadcrumb\"},\"inLanguage\":\"es\",\"potentialAction\":[{\"@type\":\"ReadAction\",\"target\":[\"https:\\\/\\\/www.rememberme-forever.com\\\/es\\\/producto\\\/urna-de-cremacion-catolica-con-jesus-orando-en-getsemani-urna-de-madera-para-adultos\\\/\"]}]},{\"@type\":\"ImageObject\",\"inLanguage\":\"es\",\"@id\":\"https:\\\/\\\/www.rememberme-forever.com\\\/es\\\/producto\\\/urna-de-cremacion-catolica-con-jesus-orando-en-getsemani-urna-de-madera-para-adultos\\\/#primaryimage\",\"url\":\"https:\\\/\\\/www.rememberme-forever.com\\\/wp-content\\\/uploads\\\/2026\\\/04\\\/prayer-in-the-olive-garden-001.jpg\",\"contentUrl\":\"https:\\\/\\\/www.rememberme-forever.com\\\/wp-content\\\/uploads\\\/2026\\\/04\\\/prayer-in-the-olive-garden-001.jpg\",\"width\":1007,\"height\":1024,\"caption\":\"urna de cremaci\u00f3n cristiana Jes\u00fas orando Getseman\u00ed urna de madera para adultos vista angular\"},{\"@type\":\"BreadcrumbList\",\"@id\":\"https:\\\/\\\/www.rememberme-forever.com\\\/es\\\/producto\\\/urna-de-cremacion-catolica-con-jesus-orando-en-getsemani-urna-de-madera-para-adultos\\\/#breadcrumb\",\"itemListElement\":[{\"@type\":\"ListItem\",\"position\":1,\"name\":\"Home\",\"item\":\"https:\\\/\\\/www.rememberme-forever.com\\\/es\\\/inicio\\\/\"},{\"@type\":\"ListItem\",\"position\":2,\"name\":\"Comercio\",\"item\":\"https:\\\/\\\/www.rememberme-forever.com\\\/es\\\/shop\\\/\"},{\"@type\":\"ListItem\",\"position\":3,\"name\":\"Urna de cremaci\u00f3n cat\u00f3lica con Jes\u00fas orando en Getseman\u00ed, urna de madera para adultos\"}]},{\"@type\":\"WebSite\",\"@id\":\"https:\\\/\\\/www.rememberme-forever.com\\\/es\\\/#website\",\"url\":\"https:\\\/\\\/www.rememberme-forever.com\\\/es\\\/\",\"name\":\"Remember Forever\",\"description\":\"Cremation urns, funeral urns, urns for ashes\",\"publisher\":{\"@id\":\"https:\\\/\\\/www.rememberme-forever.com\\\/es\\\/#organization\"},\"potentialAction\":[{\"@type\":\"SearchAction\",\"target\":{\"@type\":\"EntryPoint\",\"urlTemplate\":\"https:\\\/\\\/www.rememberme-forever.com\\\/es\\\/?s={search_term_string}\"},\"query-input\":{\"@type\":\"PropertyValueSpecification\",\"valueRequired\":true,\"valueName\":\"search_term_string\"}}],\"inLanguage\":\"es\"},{\"@type\":\"Organization\",\"@id\":\"https:\\\/\\\/www.rememberme-forever.com\\\/es\\\/#organization\",\"name\":\"Remember Forever\",\"url\":\"https:\\\/\\\/www.rememberme-forever.com\\\/es\\\/\",\"logo\":{\"@type\":\"ImageObject\",\"inLanguage\":\"es\",\"@id\":\"https:\\\/\\\/www.rememberme-forever.com\\\/es\\\/#\\\/schema\\\/logo\\\/image\\\/\",\"url\":\"https:\\\/\\\/www.rememberme-forever.com\\\/wp-content\\\/uploads\\\/2023\\\/02\\\/logo.png\",\"contentUrl\":\"https:\\\/\\\/www.rememberme-forever.com\\\/wp-content\\\/uploads\\\/2023\\\/02\\\/logo.png\",\"width\":300,\"height\":56,\"caption\":\"Remember Forever\"},\"image\":{\"@id\":\"https:\\\/\\\/www.rememberme-forever.com\\\/es\\\/#\\\/schema\\\/logo\\\/image\\\/\"}}]}<\/script>\n<!-- \/ Yoast SEO plugin. -->","yoast_head_json":{"title":"Urna de cremaci\u00f3n cat\u00f3lica con Jes\u00fas orando en Getseman\u00ed, urna de madera para adultos - Remember Forever","robots":{"index":"index","follow":"follow","max-snippet":"max-snippet:-1","max-image-preview":"max-image-preview:large","max-video-preview":"max-video-preview:-1"},"canonical":"https:\/\/www.rememberme-forever.com\/es\/producto\/urna-de-cremacion-catolica-con-jesus-orando-en-getsemani-urna-de-madera-para-adultos\/","og_locale":"es_ES","og_type":"article","og_title":"Urna de cremaci\u00f3n cat\u00f3lica con Jes\u00fas orando en Getseman\u00ed, urna de madera para adultos - Remember Forever","og_description":"Honre la memoria de su ser querido con esta urna de cremaci\u00f3n cat\u00f3lica bellamente elaborada, que presenta una imagen profundamente conmovedora de Jes\u00fas orando en...","og_url":"https:\/\/www.rememberme-forever.com\/es\/producto\/urna-de-cremacion-catolica-con-jesus-orando-en-getsemani-urna-de-madera-para-adultos\/","og_site_name":"Remember Forever","article_modified_time":"2026-04-15T10:49:05+00:00","og_image":[{"width":1007,"height":1024,"url":"http:\/\/www.rememberme-forever.com\/wp-content\/uploads\/2026\/04\/prayer-in-the-olive-garden-001.jpg","type":"image\/jpeg"}],"twitter_card":"summary_large_image","twitter_misc":{"Tiempo de lectura":"2 minutos"},"schema":{"@context":"https:\/\/schema.org","@graph":[{"@type":"WebPage","@id":"https:\/\/www.rememberme-forever.com\/es\/producto\/urna-de-cremacion-catolica-con-jesus-orando-en-getsemani-urna-de-madera-para-adultos\/","url":"https:\/\/www.rememberme-forever.com\/es\/producto\/urna-de-cremacion-catolica-con-jesus-orando-en-getsemani-urna-de-madera-para-adultos\/","name":"Urna de cremaci\u00f3n cat\u00f3lica con Jes\u00fas orando en Getseman\u00ed, urna de madera para adultos - Remember Forever","isPartOf":{"@id":"https:\/\/www.rememberme-forever.com\/es\/#website"},"primaryImageOfPage":{"@id":"https:\/\/www.rememberme-forever.com\/es\/producto\/urna-de-cremacion-catolica-con-jesus-orando-en-getsemani-urna-de-madera-para-adultos\/#primaryimage"},"image":{"@id":"https:\/\/www.rememberme-forever.com\/es\/producto\/urna-de-cremacion-catolica-con-jesus-orando-en-getsemani-urna-de-madera-para-adultos\/#primaryimage"},"thumbnailUrl":"https:\/\/www.rememberme-forever.com\/wp-content\/uploads\/2026\/04\/prayer-in-the-olive-garden-001.jpg","datePublished":"2026-04-15T08:42:43+00:00","dateModified":"2026-04-15T10:49:05+00:00","breadcrumb":{"@id":"https:\/\/www.rememberme-forever.com\/es\/producto\/urna-de-cremacion-catolica-con-jesus-orando-en-getsemani-urna-de-madera-para-adultos\/#breadcrumb"},"inLanguage":"es","potentialAction":[{"@type":"ReadAction","target":["https:\/\/www.rememberme-forever.com\/es\/producto\/urna-de-cremacion-catolica-con-jesus-orando-en-getsemani-urna-de-madera-para-adultos\/"]}]},{"@type":"ImageObject","inLanguage":"es","@id":"https:\/\/www.rememberme-forever.com\/es\/producto\/urna-de-cremacion-catolica-con-jesus-orando-en-getsemani-urna-de-madera-para-adultos\/#primaryimage","url":"https:\/\/www.rememberme-forever.com\/wp-content\/uploads\/2026\/04\/prayer-in-the-olive-garden-001.jpg","contentUrl":"https:\/\/www.rememberme-forever.com\/wp-content\/uploads\/2026\/04\/prayer-in-the-olive-garden-001.jpg","width":1007,"height":1024,"caption":"urna de cremaci\u00f3n cristiana Jes\u00fas orando Getseman\u00ed urna de madera para adultos vista angular"},{"@type":"BreadcrumbList","@id":"https:\/\/www.rememberme-forever.com\/es\/producto\/urna-de-cremacion-catolica-con-jesus-orando-en-getsemani-urna-de-madera-para-adultos\/#breadcrumb","itemListElement":[{"@type":"ListItem","position":1,"name":"Home","item":"https:\/\/www.rememberme-forever.com\/es\/inicio\/"},{"@type":"ListItem","position":2,"name":"Comercio","item":"https:\/\/www.rememberme-forever.com\/es\/shop\/"},{"@type":"ListItem","position":3,"name":"Urna de cremaci\u00f3n cat\u00f3lica con Jes\u00fas orando en Getseman\u00ed, urna de madera para adultos"}]},{"@type":"WebSite","@id":"https:\/\/www.rememberme-forever.com\/es\/#website","url":"https:\/\/www.rememberme-forever.com\/es\/","name":"Remember Forever","description":"Cremation urns, funeral urns, urns for ashes","publisher":{"@id":"https:\/\/www.rememberme-forever.com\/es\/#organization"},"potentialAction":[{"@type":"SearchAction","target":{"@type":"EntryPoint","urlTemplate":"https:\/\/www.rememberme-forever.com\/es\/?s={search_term_string}"},"query-input":{"@type":"PropertyValueSpecification","valueRequired":true,"valueName":"search_term_string"}}],"inLanguage":"es"},{"@type":"Organization","@id":"https:\/\/www.rememberme-forever.com\/es\/#organization","name":"Remember Forever","url":"https:\/\/www.rememberme-forever.com\/es\/","logo":{"@type":"ImageObject","inLanguage":"es","@id":"https:\/\/www.rememberme-forever.com\/es\/#\/schema\/logo\/image\/","url":"https:\/\/www.rememberme-forever.com\/wp-content\/uploads\/2023\/02\/logo.png","contentUrl":"https:\/\/www.rememberme-forever.com\/wp-content\/uploads\/2023\/02\/logo.png","width":300,"height":56,"caption":"Remember Forever"},"image":{"@id":"https:\/\/www.rememberme-forever.com\/es\/#\/schema\/logo\/image\/"}}]}},"acf":[],"_links":{"self":[{"href":"https:\/\/www.rememberme-forever.com\/es\/wp-json\/wp\/v2\/product\/29043","targetHints":{"allow":["GET"]}}],"collection":[{"href":"https:\/\/www.rememberme-forever.com\/es\/wp-json\/wp\/v2\/product"}],"about":[{"href":"https:\/\/www.rememberme-forever.com\/es\/wp-json\/wp\/v2\/types\/product"}],"wp:featuredmedia":[{"embeddable":true,"href":"https:\/\/www.rememberme-forever.com\/es\/wp-json\/wp\/v2\/media\/29032"}],"wp:attachment":[{"href":"https:\/\/www.rememberme-forever.com\/es\/wp-json\/wp\/v2\/media?parent=29043"}],"wp:term":[{"taxonomy":"product_brand","embeddable":true,"href":"https:\/\/www.rememberme-forever.com\/es\/wp-json\/wp\/v2\/product_brand?post=29043"},{"taxonomy":"product_cat","embeddable":true,"href":"https:\/\/www.rememberme-forever.com\/es\/wp-json\/wp\/v2\/product_cat?post=29043"},{"taxonomy":"product_tag","embeddable":true,"href":"https:\/\/www.rememberme-forever.com\/es\/wp-json\/wp\/v2\/product_tag?post=29043"}],"curies":[{"name":"wp","href":"https:\/\/api.w.org\/{rel}","templated":true}]}}