{"id":18564,"date":"2023-05-04T10:23:09","date_gmt":"2023-05-04T08:23:09","guid":{"rendered":"https:\/\/www.rememberme-forever.com\/paiements\/"},"modified":"2025-09-15T11:16:48","modified_gmt":"2025-09-15T09:16:48","slug":"paiements","status":"publish","type":"page","link":"https:\/\/www.rememberme-forever.com\/fr\/paiements\/","title":{"rendered":"Paiements"},"content":{"rendered":"\n<p><strong>Prix et modes de paiement<\/strong><\/p>\n\n<ol class=\"wp-block-list\">\n<li>Les prix sont indiqu\u00e9s en PLN, EUR, USD et GBP, selon le choix du client. (Frais de port calcul\u00e9s au moment du paiement) <\/li>\n\n\n\n<li>Le client peut choisir les modes de paiement suivants :<\/li>\n\n\n\n<li>Paiement \u00e9lectronique (Paynow, Revolut)<\/li>\n<\/ol>\n\n<ul class=\"wp-block-list\">\n<li>dans ce cas, le traitement de la commande commence apr\u00e8s que le vendeur a envoy\u00e9 au client une confirmation de l&rsquo;acceptation de la commande et apr\u00e8s que le vendeur a re\u00e7u du syst\u00e8me de l&rsquo;agent de traitement des paiements l&rsquo;information que le client a effectu\u00e9 le paiement, et les marchandises sont exp\u00e9di\u00e9es imm\u00e9diatement apr\u00e8s l&rsquo;ach\u00e8vement de la commande).<\/li>\n\n\n\n<li>Si Paynow est s\u00e9lectionn\u00e9 comme option de paiement, l&rsquo;entit\u00e9 fournissant des services de paiement en ligne pour les paiements par carte est Blue Media S.A.<\/li>\n\n\n\n<li><span style=\"font-size: revert; color: initial;\">Dans ce cas, le traitement de la commande commencera apr\u00e8s que le vendeur aura envoy\u00e9 une confirmation d&rsquo;acceptation de la commande au client et apr\u00e8s que le vendeur aura re\u00e7u l&rsquo;information du syst\u00e8me de l&rsquo;agent de traitement des paiements indiquant que le client a effectu\u00e9 le paiement, et les marchandises seront exp\u00e9di\u00e9es imm\u00e9diatement apr\u00e8s l&rsquo;ex\u00e9cution de la commande.<\/span>  <\/li>\n\n\n\n<li><span style=\"background-color: rgba(0, 0, 0, 0.2); font-size: revert; color: initial;\">Dans le cas o\u00f9 un remboursement est requis pour une transaction effectu\u00e9e par le client \u00e0 l&rsquo;aide d&rsquo;une carte de paiement, le vendeur traitera le remboursement sur le compte bancaire associ\u00e9 \u00e0 la carte de paiement du client.<\/span> <\/li>\n<\/ul>\n\n<p>Cartes de paiement accept\u00e9es : <\/p>\n\n<p>* Visa <\/p>\n\n<p>*Visa Electro <\/p>\n\n<p>* Mastercard <\/p>\n\n<p>* MasterCard Electronic <\/p>\n\n<p>* Maestro<\/p>\n\n<div class=\"wp-block-columns is-layout-flex wp-container-core-columns-is-layout-9d6595d7 wp-block-columns-is-layout-flex\">\n<div class=\"wp-block-column is-layout-flow wp-block-column-is-layout-flow\" style=\"flex-basis:100%\">\n<div class=\"wp-block-envira-envira-gallery\">[envira-gallery id=\u00a0\u00bb7300&Prime;]<\/div>\n<\/div>\n<\/div>\n\n<p>4. Lors d&rsquo;un paiement, le Client sera inform\u00e9 imm\u00e9diatement du montant \u00e0 payer, des modalit\u00e9s d&rsquo;ex\u00e9cution possibles et des coordonn\u00e9es du prestataire de paiement, si le service est disponible. Les conditions g\u00e9n\u00e9rales d\u00e9taill\u00e9es des paiements effectu\u00e9s par les op\u00e9rateurs effectuant des paiements \u00e9lectroniques sont disponibles sur le site web de l&rsquo;op\u00e9rateur concern\u00e9. <\/p>\n\n<p>5. Lors d&rsquo;un paiement via un op\u00e9rateur de paiement \u00e9lectronique, l&rsquo;Utilisateur doit suivre les instructions donn\u00e9es par l&rsquo;op\u00e9rateur de paiement \u00e9lectronique afin d&rsquo;effectuer un paiement.<\/p>\n","protected":false},"excerpt":{"rendered":"<p>Prix et modes de paiement Cartes de paiement accept\u00e9es : * Visa *Visa Electro * Mastercard * MasterCard Electronic * Maestro 4. Lors d&rsquo;un paiement,&#8230;<\/p>\n","protected":false},"author":3,"featured_media":0,"parent":0,"menu_order":0,"comment_status":"closed","ping_status":"closed","template":"","meta":{"_acf_changed":false,"footnotes":""},"class_list":["post-18564","page","type-page","status-publish","hentry"],"yoast_head":"<!-- This site is optimized with the Yoast SEO plugin v27.4 - https:\/\/yoast.com\/product\/yoast-seo-wordpress\/ -->\n<title>Paiements<\/title>\n<meta name=\"robots\" content=\"index, follow, max-snippet:-1, max-image-preview:large, max-video-preview:-1\" \/>\n<link rel=\"canonical\" href=\"https:\/\/www.rememberme-forever.com\/fr\/paiements\/\" \/>\n<meta property=\"og:locale\" content=\"fr_FR\" \/>\n<meta property=\"og:type\" content=\"article\" \/>\n<meta property=\"og:title\" content=\"Paiements\" \/>\n<meta property=\"og:description\" content=\"Prix et modes de paiement Cartes de paiement accept\u00e9es : * Visa *Visa Electro * Mastercard * MasterCard Electronic * Maestro 4. Lors d&rsquo;un paiement,...\" \/>\n<meta property=\"og:url\" content=\"https:\/\/www.rememberme-forever.com\/fr\/paiements\/\" \/>\n<meta property=\"og:site_name\" content=\"Remember Forever\" \/>\n<meta property=\"article:modified_time\" content=\"2025-09-15T09:16:48+00:00\" \/>\n<meta name=\"twitter:card\" content=\"summary_large_image\" \/>\n<meta name=\"twitter:label1\" content=\"Dur\u00e9e de lecture estim\u00e9e\" \/>\n\t<meta name=\"twitter:data1\" content=\"2 minutes\" \/>\n<script type=\"application\/ld+json\" class=\"yoast-schema-graph\">{\"@context\":\"https:\\\/\\\/schema.org\",\"@graph\":[{\"@type\":\"WebPage\",\"@id\":\"https:\\\/\\\/www.rememberme-forever.com\\\/fr\\\/paiements\\\/\",\"url\":\"https:\\\/\\\/www.rememberme-forever.com\\\/fr\\\/paiements\\\/\",\"name\":\"Paiements\",\"isPartOf\":{\"@id\":\"https:\\\/\\\/www.rememberme-forever.com\\\/fr\\\/#website\"},\"datePublished\":\"2023-05-04T08:23:09+00:00\",\"dateModified\":\"2025-09-15T09:16:48+00:00\",\"breadcrumb\":{\"@id\":\"https:\\\/\\\/www.rememberme-forever.com\\\/fr\\\/paiements\\\/#breadcrumb\"},\"inLanguage\":\"fr-FR\",\"potentialAction\":[{\"@type\":\"ReadAction\",\"target\":[\"https:\\\/\\\/www.rememberme-forever.com\\\/fr\\\/paiements\\\/\"]}]},{\"@type\":\"BreadcrumbList\",\"@id\":\"https:\\\/\\\/www.rememberme-forever.com\\\/fr\\\/paiements\\\/#breadcrumb\",\"itemListElement\":[{\"@type\":\"ListItem\",\"position\":1,\"name\":\"Home\",\"item\":\"https:\\\/\\\/www.rememberme-forever.com\\\/fr\\\/accueil\\\/\"},{\"@type\":\"ListItem\",\"position\":2,\"name\":\"Paiements\"}]},{\"@type\":\"WebSite\",\"@id\":\"https:\\\/\\\/www.rememberme-forever.com\\\/fr\\\/#website\",\"url\":\"https:\\\/\\\/www.rememberme-forever.com\\\/fr\\\/\",\"name\":\"Remember Forever\",\"description\":\"Cremation urns, funeral urns, urns for ashes\",\"publisher\":{\"@id\":\"https:\\\/\\\/www.rememberme-forever.com\\\/fr\\\/#organization\"},\"potentialAction\":[{\"@type\":\"SearchAction\",\"target\":{\"@type\":\"EntryPoint\",\"urlTemplate\":\"https:\\\/\\\/www.rememberme-forever.com\\\/fr\\\/?s={search_term_string}\"},\"query-input\":{\"@type\":\"PropertyValueSpecification\",\"valueRequired\":true,\"valueName\":\"search_term_string\"}}],\"inLanguage\":\"fr-FR\"},{\"@type\":\"Organization\",\"@id\":\"https:\\\/\\\/www.rememberme-forever.com\\\/fr\\\/#organization\",\"name\":\"Remember Forever\",\"url\":\"https:\\\/\\\/www.rememberme-forever.com\\\/fr\\\/\",\"logo\":{\"@type\":\"ImageObject\",\"inLanguage\":\"fr-FR\",\"@id\":\"https:\\\/\\\/www.rememberme-forever.com\\\/fr\\\/#\\\/schema\\\/logo\\\/image\\\/\",\"url\":\"https:\\\/\\\/www.rememberme-forever.com\\\/wp-content\\\/uploads\\\/2023\\\/02\\\/logo.png\",\"contentUrl\":\"https:\\\/\\\/www.rememberme-forever.com\\\/wp-content\\\/uploads\\\/2023\\\/02\\\/logo.png\",\"width\":300,\"height\":56,\"caption\":\"Remember Forever\"},\"image\":{\"@id\":\"https:\\\/\\\/www.rememberme-forever.com\\\/fr\\\/#\\\/schema\\\/logo\\\/image\\\/\"}}]}<\/script>\n<!-- \/ Yoast SEO plugin. -->","yoast_head_json":{"title":"Paiements","robots":{"index":"index","follow":"follow","max-snippet":"max-snippet:-1","max-image-preview":"max-image-preview:large","max-video-preview":"max-video-preview:-1"},"canonical":"https:\/\/www.rememberme-forever.com\/fr\/paiements\/","og_locale":"fr_FR","og_type":"article","og_title":"Paiements","og_description":"Prix et modes de paiement Cartes de paiement accept\u00e9es : * Visa *Visa Electro * Mastercard * MasterCard Electronic * Maestro 4. Lors d&rsquo;un paiement,...","og_url":"https:\/\/www.rememberme-forever.com\/fr\/paiements\/","og_site_name":"Remember Forever","article_modified_time":"2025-09-15T09:16:48+00:00","twitter_card":"summary_large_image","twitter_misc":{"Dur\u00e9e de lecture estim\u00e9e":"2 minutes"},"schema":{"@context":"https:\/\/schema.org","@graph":[{"@type":"WebPage","@id":"https:\/\/www.rememberme-forever.com\/fr\/paiements\/","url":"https:\/\/www.rememberme-forever.com\/fr\/paiements\/","name":"Paiements","isPartOf":{"@id":"https:\/\/www.rememberme-forever.com\/fr\/#website"},"datePublished":"2023-05-04T08:23:09+00:00","dateModified":"2025-09-15T09:16:48+00:00","breadcrumb":{"@id":"https:\/\/www.rememberme-forever.com\/fr\/paiements\/#breadcrumb"},"inLanguage":"fr-FR","potentialAction":[{"@type":"ReadAction","target":["https:\/\/www.rememberme-forever.com\/fr\/paiements\/"]}]},{"@type":"BreadcrumbList","@id":"https:\/\/www.rememberme-forever.com\/fr\/paiements\/#breadcrumb","itemListElement":[{"@type":"ListItem","position":1,"name":"Home","item":"https:\/\/www.rememberme-forever.com\/fr\/accueil\/"},{"@type":"ListItem","position":2,"name":"Paiements"}]},{"@type":"WebSite","@id":"https:\/\/www.rememberme-forever.com\/fr\/#website","url":"https:\/\/www.rememberme-forever.com\/fr\/","name":"Remember Forever","description":"Cremation urns, funeral urns, urns for ashes","publisher":{"@id":"https:\/\/www.rememberme-forever.com\/fr\/#organization"},"potentialAction":[{"@type":"SearchAction","target":{"@type":"EntryPoint","urlTemplate":"https:\/\/www.rememberme-forever.com\/fr\/?s={search_term_string}"},"query-input":{"@type":"PropertyValueSpecification","valueRequired":true,"valueName":"search_term_string"}}],"inLanguage":"fr-FR"},{"@type":"Organization","@id":"https:\/\/www.rememberme-forever.com\/fr\/#organization","name":"Remember Forever","url":"https:\/\/www.rememberme-forever.com\/fr\/","logo":{"@type":"ImageObject","inLanguage":"fr-FR","@id":"https:\/\/www.rememberme-forever.com\/fr\/#\/schema\/logo\/image\/","url":"https:\/\/www.rememberme-forever.com\/wp-content\/uploads\/2023\/02\/logo.png","contentUrl":"https:\/\/www.rememberme-forever.com\/wp-content\/uploads\/2023\/02\/logo.png","width":300,"height":56,"caption":"Remember Forever"},"image":{"@id":"https:\/\/www.rememberme-forever.com\/fr\/#\/schema\/logo\/image\/"}}]}},"acf":[],"_links":{"self":[{"href":"https:\/\/www.rememberme-forever.com\/fr\/wp-json\/wp\/v2\/pages\/18564","targetHints":{"allow":["GET"]}}],"collection":[{"href":"https:\/\/www.rememberme-forever.com\/fr\/wp-json\/wp\/v2\/pages"}],"about":[{"href":"https:\/\/www.rememberme-forever.com\/fr\/wp-json\/wp\/v2\/types\/page"}],"author":[{"embeddable":true,"href":"https:\/\/www.rememberme-forever.com\/fr\/wp-json\/wp\/v2\/users\/3"}],"replies":[{"embeddable":true,"href":"https:\/\/www.rememberme-forever.com\/fr\/wp-json\/wp\/v2\/comments?post=18564"}],"version-history":[{"count":1,"href":"https:\/\/www.rememberme-forever.com\/fr\/wp-json\/wp\/v2\/pages\/18564\/revisions"}],"predecessor-version":[{"id":18569,"href":"https:\/\/www.rememberme-forever.com\/fr\/wp-json\/wp\/v2\/pages\/18564\/revisions\/18569"}],"wp:attachment":[{"href":"https:\/\/www.rememberme-forever.com\/fr\/wp-json\/wp\/v2\/media?parent=18564"}],"curies":[{"name":"wp","href":"https:\/\/api.w.org\/{rel}","templated":true}]}}