{"id":18570,"date":"2023-02-01T12:21:42","date_gmt":"2023-02-01T11:21:42","guid":{"rendered":"https:\/\/www.rememberme-forever.com\/politique-de-confidentialite\/"},"modified":"2025-09-15T11:29:38","modified_gmt":"2025-09-15T09:29:38","slug":"politique-de-confidentialite","status":"publish","type":"page","link":"https:\/\/www.rememberme-forever.com\/fr\/politique-de-confidentialite\/","title":{"rendered":"Politique de confidentialit\u00e9"},"content":{"rendered":"\n<h1 class=\"wp-block-heading\">PRIVACY<\/h1>\n\n<p><strong>POLITIQUE DE CONFIDENTIALIT\u00c9 DE<\/strong><\/p>\n\n<p><strong>LA BOUTIQUE EN LIGNE<\/strong><\/p>\n\n<p><a><strong><u>REMEMBER FOREVER<\/u><\/strong><\/a><\/p>\n\n<figure class=\"wp-block-embed\"><div class=\"wp-block-embed__wrapper\">\n<blockquote class=\"wp-embedded-content\" data-secret=\"ED4QLVNt9X\"><a href=\"https:\/\/www.rememberme-forever.com\/fr\/\">Accueil<\/a><\/blockquote><iframe loading=\"lazy\" class=\"wp-embedded-content\" sandbox=\"allow-scripts\" security=\"restricted\" style=\"position: absolute; visibility: hidden;\" title=\"\u00ab\u00a0Accueil\u00a0\u00bb &#8212; Remember Forever\" src=\"https:\/\/www.rememberme-forever.com\/fr\/embed\/#?secret=c0f818nzmF#?secret=ED4QLVNt9X\" data-secret=\"ED4QLVNt9X\" width=\"600\" height=\"338\" frameborder=\"0\" marginwidth=\"0\" marginheight=\"0\" scrolling=\"no\"><\/iframe>\n<\/div><\/figure>\n\n<ol class=\"wp-block-list\">\n<li><strong>informations g\u00e9n\u00e9rales<\/strong><\/li>\n<\/ol>\n\n<p>Ce document pr\u00e9cise les principes de confidentialit\u00e9 applicables \u00e0 la boutique en ligne <a href=\"https:\/\/rememberme-forever.com\/\">https:\/\/rememberme-forever.com<\/a>\/ (ci-apr\u00e8s d\u00e9nomm\u00e9e \u00ab Boutique en ligne \u00bb). L&rsquo;administrateur de la boutique en ligne est REMEMBER FOREVER Jolanta Szewczyk, Pu\u0142anki 107, 38-130 Frysztak, NIP : 8191525142, REGON : 369742767, +48 515 351 884, info@rememberme-forever.com. <\/p>\n\n<ol class=\"wp-block-list\" start=\"2\">\n<li><strong>Informations personnelles<\/strong><\/li>\n<\/ol>\n\n<ol class=\"wp-block-list\">\n<li>Les informations personnelles collect\u00e9es par l&rsquo;administrateur seront trait\u00e9es conform\u00e9ment aux dispositions du r\u00e8glement du Parlement europ\u00e9en et du Conseil (UE) 2016\/679 du 27 avril 2016 relatif \u00e0 la protection des personnes physiques \u00e0 l&rsquo;\u00e9gard du traitement des donn\u00e9es \u00e0 caract\u00e8re personnel et \u00e0 la libre circulation de ces donn\u00e9es et abrogeant la directive 95\/46 \/ CE (RGPD), la loi polonaise actuelle sur la protection des donn\u00e9es, la loi sur la prestation de services \u00e9lectroniques du 18 juillet 2002.<\/li>\n\n\n\n<li>L&rsquo;Administrateur collecte les informations fournies volontairement par les Clients de la Boutique en ligne. Cependant, la fourniture de donn\u00e9es personnelles est une condition pr\u00e9alable \u00e0 la passation d&rsquo;une commande. En cas de refus de commande, il sera impossible de commander des produits en boutique. <\/li>\n\n\n\n<li>En outre, l&rsquo;administrateur peut enregistrer les informations sur les param\u00e8tres de connexion, comme les adresses IP, \u00e0 des fins techniques, pour l&rsquo;administration du serveur et pour la collecte d&rsquo;informations d\u00e9mographiques statistiques g\u00e9n\u00e9rales (par exemple sur la r\u00e9gion d&rsquo;o\u00f9 provient la connexion), ainsi qu&rsquo;\u00e0 des fins de s\u00e9curit\u00e9.<\/li>\n\n\n\n<li>L&rsquo;Administrateur s&rsquo;engage \u00e0 mettre tout en \u0153uvre pour prot\u00e9ger la confidentialit\u00e9 et les informations des Clients de la Boutique en ligne qui lui sont fournies. Il s&rsquo;engage \u00e0 faire preuve de la plus grande diligence lors du choix et de la mise en \u0153uvre des mesures techniques appropri\u00e9es, notamment de programmation et d&rsquo;organisation, afin de prot\u00e9ger les donn\u00e9es trait\u00e9es. Il s&rsquo;engage notamment \u00e0 prot\u00e9ger les donn\u00e9es contre tout acc\u00e8s non autoris\u00e9, toute divulgation, toute perte, toute destruction, toute modification non autoris\u00e9e, ainsi que contre tout traitement contraire aux dispositions l\u00e9gales applicables. <\/li>\n\n\n\n<li>Les donn\u00e9es personnelles seront trait\u00e9es conform\u00e9ment aux principes de l&rsquo;art. 5 RGPD.<\/li>\n<\/ol>\n\n<p>Les donn\u00e9es personnelles seront :<\/p>\n\n<ol class=\"wp-block-list\">\n<li>trait\u00e9es de mani\u00e8re licite, loyale et transparente au regard de la personne concern\u00e9e (\u00ab lic\u00e9it\u00e9, loyaut\u00e9 et transparence \u00bb) ;<\/li>\n\n\n\n<li>collect\u00e9es pour des finalit\u00e9s d\u00e9termin\u00e9es, explicites et l\u00e9gitimes et non trait\u00e9es ult\u00e9rieurement d&rsquo;une mani\u00e8re incompatible avec ces finalit\u00e9s ; le traitement ult\u00e9rieur \u00e0 des fins d&rsquo;archivage dans l&rsquo;int\u00e9r\u00eat public, \u00e0 des fins de recherche scientifique ou historique ou \u00e0 des fins statistiques n&rsquo;est pas consid\u00e9r\u00e9, conform\u00e9ment \u00e0 l&rsquo;article 89, paragraphe 1, du RGPD, comme incompatible avec les finalit\u00e9s initiales (\u00ab limitation des finalit\u00e9s \u00bb) ;<\/li>\n\n\n\n<li>ad\u00e9quates, pertinentes et limit\u00e9es \u00e0 ce qui est n\u00e9cessaire au regard des finalit\u00e9s pour lesquelles elles sont trait\u00e9es (\u00ab minimisation des donn\u00e9es \u00bb) ;<\/li>\n\n\n\n<li>exactes et, si n\u00e9cessaire, tenues \u00e0 jour (\u00ab exactitude \u00bb) ;<\/li>\n\n\n\n<li>conserv\u00e9es sous une forme permettant l&rsquo;identification des personnes concern\u00e9es pendant une dur\u00e9e n&rsquo;exc\u00e9dant pas celle n\u00e9cessaire \u00e0 la r\u00e9alisation des finalit\u00e9s pour lesquelles elles sont trait\u00e9es ; les donn\u00e9es \u00e0 caract\u00e8re personnel peuvent \u00eatre conserv\u00e9es pendant des p\u00e9riodes plus longues dans la mesure o\u00f9 elles seront trait\u00e9es uniquement \u00e0 des fins d&rsquo;archivage dans l&rsquo;int\u00e9r\u00eat public, \u00e0 des fins de recherche scientifique ou historique ou \u00e0 des fins statistiques conform\u00e9ment \u00e0 l&rsquo;article 89, paragraphe 1, du RGPD, sous r\u00e9serve de la mise en \u0153uvre des mesures techniques et organisationnelles appropri\u00e9es requises par le pr\u00e9sent r\u00e8glement afin de garantir les droits et libert\u00e9s de la personne concern\u00e9e (\u00ab limitation de la conservation \u00bb) ;<\/li>\n\n\n\n<li>trait\u00e9es de mani\u00e8re \u00e0 garantir une s\u00e9curit\u00e9 appropri\u00e9e des donn\u00e9es \u00e0 caract\u00e8re personnel, y compris la protection contre le traitement non autoris\u00e9 ou illicite et contre la perte, la destruction ou les dommages accidentels, au moyen de mesures techniques ou organisationnelles appropri\u00e9es (\u00ab int\u00e9grit\u00e9 et confidentialit\u00e9 \u00bb).<\/li>\n\n\n\n<li>Dans le cadre de l&rsquo;utilisation par l&rsquo;Administrateur des outils soutenant son activit\u00e9 actuelle, fournis par exemple par Google, les Donn\u00e9es Personnelles du Client peuvent \u00eatre transf\u00e9r\u00e9es vers un pays situ\u00e9 en dehors de l&rsquo;Espace \u00e9conomique europ\u00e9en, notamment vers les \u00c9tats-Unis d&rsquo;Am\u00e9rique (USA) ou un autre pays o\u00f9 une entit\u00e9 coop\u00e9rant avec lui maintient des outils de traitement des Donn\u00e9es Personnelles en coop\u00e9ration avec l&rsquo;Administrateur.<\/li>\n<\/ol>\n\n<ol class=\"wp-block-list\" start=\"3\">\n<li><strong>Base juridique<\/strong><\/li>\n<\/ol>\n\n<ol class=\"wp-block-list\">\n<li>La base du traitement des Donn\u00e9es Personnelles du Client est principalement la n\u00e9cessit\u00e9 d&rsquo;ex\u00e9cuter le contrat auquel il est partie ou la n\u00e9cessit\u00e9 de prendre des mesures \u00e0 sa demande avant sa conclusion (article 6 par 1 (b) du RGPD).<\/li>\n\n\n\n<li>Apr\u00e8s avoir exprim\u00e9 un consentement s\u00e9par\u00e9, conform\u00e9ment \u00e0 l&rsquo;art. 6 par. 1 (a) RGPD, les donn\u00e9es peuvent \u00e9galement \u00eatre trait\u00e9es aux fins d&rsquo;envoyer des informations commerciales par voie \u00e9lectronique ou de passer des appels t\u00e9l\u00e9phoniques \u00e0 des fins de marketing direct &#8211; respectivement en relation avec l&rsquo;art. 10 par. 2 de la loi du 18 juillet 2002 relative \u00e0 la fourniture de services \u00e9lectroniques ou l&rsquo;art. 172 par. 1 de la loi du 16 juillet 2004 &#8211; Loi sur les t\u00e9l\u00e9communications.   <\/li>\n\n\n\n<li>Les donn\u00e9es personnelles peuvent \u00e9galement \u00eatre trait\u00e9es de mani\u00e8re automatis\u00e9e sous forme de profilage, \u00e0 condition que l&rsquo;utilisateur y consente sur la base de l&rsquo;art. 6 par. 1 (a) RGPD. La cons\u00e9quence du profilage sera l&rsquo;attribution d&rsquo;un profil \u00e0 une personne donn\u00e9e afin de prendre des d\u00e9cisions la concernant ou d&rsquo;analyser ou de pr\u00e9dire ses pr\u00e9f\u00e9rences, comportements et attitudes. <\/li>\n\n\n\n<li>\u00c0 d&rsquo;autres fins, les Donn\u00e9es Personnelles du Client peuvent \u00eatre trait\u00e9es sur la base :<\/li>\n<\/ol>\n\n<ol class=\"wp-block-list\">\n<li>droit applicable lorsque le traitement est n\u00e9cessaire pour remplir l&rsquo;obligation l\u00e9gale de l&rsquo;Administrateur, par exemple lorsqu&rsquo;il est bas\u00e9 sur des r\u00e9glementations fiscales ou comptables, l&rsquo;Administrateur r\u00e8gle les contrats de vente conclus (article 6 (1) (c) du RGPD) ;<\/li>\n\n\n\n<li>indispensables \u00e0 des fins autres que celles mentionn\u00e9es ci-dessus r\u00e9sultant d&rsquo;int\u00e9r\u00eats l\u00e9gitimes poursuivis par l&rsquo;Administrateur ou par un tiers, notamment pour d\u00e9terminer, faire valoir ou d\u00e9fendre des r\u00e9clamations, des analyses de march\u00e9 et des analyses statistiques (article 6 (1) (f) RGPD).<\/li>\n<\/ol>\n\n<ol class=\"wp-block-list\" start=\"5\">\n<li>Les donn\u00e9es personnelles trait\u00e9es \u00e0 des fins d&rsquo;achat seront trait\u00e9es pendant la dur\u00e9e n\u00e9cessaire \u00e0 la finalisation de l&rsquo;achat et de la commande, apr\u00e8s quoi elles seront archiv\u00e9es pendant la dur\u00e9e n\u00e9cessaire \u00e0 la prescription des r\u00e9clamations. Les donn\u00e9es personnelles trait\u00e9es \u00e0 des fins de marketing couvertes par la d\u00e9claration de consentement seront trait\u00e9es jusqu&rsquo;\u00e0 la r\u00e9vocation du consentement. <\/li>\n<\/ol>\n\n<ol class=\"wp-block-list\" start=\"4\">\n<li><strong>Destinataires des donn\u00e9es personnelles<\/strong><\/li>\n<\/ol>\n\n<ol class=\"wp-block-list\">\n<li>Les destinataires des donn\u00e9es personnelles de l&rsquo;Acheteur peuvent \u00eatre des entit\u00e9s ex\u00e9cutant la commande \u00e0 la demande du Vendeur et la traitant, telles que : les soci\u00e9t\u00e9s de transport, les soci\u00e9t\u00e9s de comptabilit\u00e9, les fournisseurs de marchandises, les services d&rsquo;assemblage, les fournisseurs de solutions informatiques, les soci\u00e9t\u00e9s de traitement des paiements, les banques, les soci\u00e9t\u00e9s fournissant des services de marketing, les fournisseurs de services d&rsquo;entrep\u00f4t, les fournisseurs de t\u00e9l\u00e9communications, les cabinets d&rsquo;avocats, les autorit\u00e9s \u00e9tatiques autoris\u00e9es.<\/li>\n<\/ol>\n\n<ol class=\"wp-block-list\" start=\"5\">\n<li><strong>Vos droits sur les donn\u00e9es personnelles vous concernant<\/strong><\/li>\n<\/ol>\n\n<ol class=\"wp-block-list\">\n<li>Dans la mesure o\u00f9 les Clients fournissent volontairement leurs informations personnelles, ils disposent du droit d&rsquo;acc\u00e9der \u00e0 leurs donn\u00e9es personnelles et du droit de rectification, de suppression, de limitation du traitement, du droit \u00e0 la portabilit\u00e9 des donn\u00e9es, du droit d&rsquo;opposition, du droit de retirer leur consentement \u00e0 tout moment.<\/li>\n\n\n\n<li>S&rsquo;il est constat\u00e9 que le traitement des donn\u00e9es personnelles viole les dispositions du RGPD, la personne concern\u00e9e a le droit de d\u00e9poser une plainte aupr\u00e8s du pr\u00e9sident de l&rsquo;Office de protection des donn\u00e9es personnelles.<\/li>\n\n\n\n<li>Les conditions d\u00e9taill\u00e9es des droits ci-dessus seront indiqu\u00e9es dans les articles 1522 du r\u00e8glement RGPD.<\/li>\n<\/ol>\n\n<p><strong>COOKIES<\/strong><\/p>\n\n<ol class=\"wp-block-list\">\n<li>Nous utilisons des cookies sur notre site Web. (Base juridique : article 6 (1) (f) du RGPD). <\/li>\n\n\n\n<li>Lors de la consultation des sites web de la boutique en ligne, des cookies sont utilis\u00e9s. Il s&rsquo;agit de petits fichiers texte enregistr\u00e9s sur l&rsquo;appareil du client lors de son utilisation de la boutique en ligne. Ils servent \u00e0 am\u00e9liorer l&rsquo;exp\u00e9rience utilisateur sur les sites web de la boutique en ligne. <\/li>\n\n\n\n<li>Les fichiers \u00ab cookies \u00bb utilis\u00e9s par l&rsquo;Administrateur sont s\u00fbrs pour les appareils des Clients. En particulier, il est impossible pour les virus ou autres logiciels ind\u00e9sirables ou malveillants de p\u00e9n\u00e9trer dans les appareils des Clients. Ces fichiers permettent d&rsquo;identifier le logiciel utilis\u00e9 par le Client et d&rsquo;adapter la Boutique en ligne \u00e0 chaque Client. Les fichiers \u00ab cookies \u00bb contiennent parfois des informations sur leur nom de domaine d&rsquo;origine, leur dur\u00e9e de conservation sur l&rsquo;appareil et la valeur qui leur est attribu\u00e9e.   <\/li>\n\n\n\n<li>The Administrator uses three types of \u201ccookie\u201d files:<\/li>\n<\/ol>\n\n<ol class=\"wp-block-list\">\n<li>Cookies de session : ils sont conserv\u00e9s sur l&rsquo;appareil du client de la boutique en ligne jusqu&rsquo;\u00e0 la fermeture de la session de navigation. Les informations enregistr\u00e9es sont ensuite d\u00e9finitivement supprim\u00e9es de la m\u00e9moire de l&rsquo;appareil du client. Le m\u00e9canisme des cookies de session ne permet pas de t\u00e9l\u00e9charger des informations personnelles ou confidentielles depuis l&rsquo;appareil du client.  <\/li>\n\n\n\n<li>Cookies permanents : ils sont conserv\u00e9s sur l&rsquo;appareil du client de la boutique en ligne jusqu&rsquo;\u00e0 leur suppression. Ils ne sont pas supprim\u00e9s automatiquement \u00e0 la fermeture du navigateur ou \u00e0 l&rsquo;extinction de l&rsquo;appareil. Le m\u00e9canisme des cookies permanents ne permet pas de t\u00e9l\u00e9charger des informations personnelles ou confidentielles depuis l&rsquo;appareil du client de la boutique en ligne.  <\/li>\n\n\n\n<li>Les cookies \u00ab analytiques \u00bb permettent de mieux comprendre la fa\u00e7on dont le Client interagit avec le contenu de la Boutique et d&rsquo;en organiser la pr\u00e9sentation. Ils collectent des informations sur la mani\u00e8re dont le Client utilise la Boutique, le type de site web depuis lequel il a \u00e9t\u00e9 redirig\u00e9, ainsi que le nombre et l&rsquo;heure de visite du Client sur la Boutique. Ces informations n&rsquo;enregistrent pas de donn\u00e9es personnelles sp\u00e9cifiques du Client, mais servent \u00e0 \u00e9tablir des statistiques sur l&rsquo;utilisation de la Boutique.  <\/li>\n<\/ol>\n\n<ol class=\"wp-block-list\" start=\"5\">\n<li>\u201cCookie\u201d files may be used by advertisement networks, in particular by the Google network, in order to display advertisements adjusted to the way the Customer uses the Online Shop. To that end, the information may be retained about the Customer\u2019s navigation path or the time spent on the given website. <\/li>\n\n\n\n<li>Les cookies peuvent \u00eatre utilis\u00e9s par les r\u00e9seaux publicitaires, notamment Google, afin d&rsquo;afficher des publicit\u00e9s adapt\u00e9es \u00e0 la fa\u00e7on dont le Client utilise la Boutique en ligne. \u00c0 cette fin, des informations peuvent \u00eatre conserv\u00e9es concernant le parcours de navigation du Client ou le temps pass\u00e9 sur le site web concern\u00e9.As regards the information about the Customer\u2019s preferences collected by the advertising network Google, the Customer may view and edit the information related to cookie files by means of the following tool: <a href=\"https:\/\/www.google.com\/ads\/preferences\/\">https:\/\/www.google.com\/ads\/preferences\/.<\/a><\/li>\n\n\n\n<li>Le Client peut, \u00e0 tout moment et par lui-m\u00eame, modifier les param\u00e8tres des cookies, en pr\u00e9cisant les conditions de leur stockage et de leur acc\u00e8s \u00e0 son appareil. Les param\u00e8tres mentionn\u00e9s ci-dessus peuvent \u00eatre modifi\u00e9s par le Client via les param\u00e8tres de son navigateur web ou via la configuration du service. Ces param\u00e8tres peuvent notamment \u00eatre modifi\u00e9s pour bloquer la prise en charge automatique des cookies dans les param\u00e8tres de son navigateur web ou pour \u00eatre inform\u00e9 de leur utilisation sur son appareil. Des informations d\u00e9taill\u00e9es sur les possibilit\u00e9s et les modalit\u00e9s de prise en charge des cookies sont disponibles dans les param\u00e8tres du logiciel (navigateur web).   <\/li>\n\n\n\n<li>Pour savoir comment g\u00e9rer les cookies, notamment comment les d\u00e9sactiver dans votre navigateur, consultez la section Aide de votre navigateur. Pour en savoir plus, appuyez sur la touche F1 dans votre navigateur. Vous trouverez \u00e9galement des conseils adapt\u00e9s aux navigateurs que vous utilisez sur les pages suivantes :  <\/li>\n<\/ol>\n\n<p>Firefox<\/p>\n\n<p>Chrome<\/p>\n\n<p>Safari<\/p>\n\n<p>Internet Explorer \/ Microsoft Edge<\/p>\n\n<ol class=\"wp-block-list\" start=\"9\">\n<li>Le Client peut supprimer les fichiers \u00ab cookies \u00bb \u00e0 tout moment, en utilisant les fonctionnalit\u00e9s disponibles dans le navigateur web qu\u2019il utilise.<\/li>\n\n\n\n<li>La limitation de l\u2019application des fichiers \u00ab cookies \u00bb peut affecter certaines fonctionnalit\u00e9s disponibles sur le site de la Boutique en Ligne.<\/li>\n<\/ol>\n\n<p>23.12.2020<\/p>\n","protected":false},"excerpt":{"rendered":"<p>PRIVACY POLITIQUE DE CONFIDENTIALIT\u00c9 DE LA BOUTIQUE EN LIGNE REMEMBER FOREVER Ce document pr\u00e9cise les principes de confidentialit\u00e9 applicables \u00e0 la boutique en ligne https:\/\/rememberme-forever.com\/&#8230;<\/p>\n","protected":false},"author":1,"featured_media":0,"parent":0,"menu_order":0,"comment_status":"closed","ping_status":"open","template":"","meta":{"_acf_changed":false,"footnotes":""},"class_list":["post-18570","page","type-page","status-publish","hentry"],"yoast_head":"<!-- This site is optimized with the Yoast SEO plugin v27.4 - https:\/\/yoast.com\/product\/yoast-seo-wordpress\/ -->\n<title>Politique de confidentialit\u00e9 - Remember Forever<\/title>\n<meta name=\"robots\" content=\"index, follow, max-snippet:-1, max-image-preview:large, max-video-preview:-1\" \/>\n<link rel=\"canonical\" href=\"https:\/\/www.rememberme-forever.com\/fr\/politique-de-confidentialite\/\" \/>\n<meta property=\"og:locale\" content=\"fr_FR\" \/>\n<meta property=\"og:type\" content=\"article\" \/>\n<meta property=\"og:title\" content=\"Politique de confidentialit\u00e9 - Remember Forever\" \/>\n<meta property=\"og:description\" content=\"PRIVACY POLITIQUE DE CONFIDENTIALIT\u00c9 DE LA BOUTIQUE EN LIGNE REMEMBER FOREVER Ce document pr\u00e9cise les principes de confidentialit\u00e9 applicables \u00e0 la boutique en ligne https:\/\/rememberme-forever.com\/...\" \/>\n<meta property=\"og:url\" content=\"https:\/\/www.rememberme-forever.com\/fr\/politique-de-confidentialite\/\" \/>\n<meta property=\"og:site_name\" content=\"Remember Forever\" \/>\n<meta property=\"article:modified_time\" content=\"2025-09-15T09:29:38+00:00\" \/>\n<meta name=\"twitter:card\" content=\"summary_large_image\" \/>\n<meta name=\"twitter:label1\" content=\"Dur\u00e9e de lecture estim\u00e9e\" \/>\n\t<meta name=\"twitter:data1\" content=\"10 minutes\" \/>\n<script type=\"application\/ld+json\" class=\"yoast-schema-graph\">{\"@context\":\"https:\\\/\\\/schema.org\",\"@graph\":[{\"@type\":\"WebPage\",\"@id\":\"https:\\\/\\\/www.rememberme-forever.com\\\/fr\\\/politique-de-confidentialite\\\/\",\"url\":\"https:\\\/\\\/www.rememberme-forever.com\\\/fr\\\/politique-de-confidentialite\\\/\",\"name\":\"Politique de confidentialit\u00e9 - Remember Forever\",\"isPartOf\":{\"@id\":\"https:\\\/\\\/www.rememberme-forever.com\\\/fr\\\/#website\"},\"datePublished\":\"2023-02-01T11:21:42+00:00\",\"dateModified\":\"2025-09-15T09:29:38+00:00\",\"breadcrumb\":{\"@id\":\"https:\\\/\\\/www.rememberme-forever.com\\\/fr\\\/politique-de-confidentialite\\\/#breadcrumb\"},\"inLanguage\":\"fr-FR\",\"potentialAction\":[{\"@type\":\"ReadAction\",\"target\":[\"https:\\\/\\\/www.rememberme-forever.com\\\/fr\\\/politique-de-confidentialite\\\/\"]}]},{\"@type\":\"BreadcrumbList\",\"@id\":\"https:\\\/\\\/www.rememberme-forever.com\\\/fr\\\/politique-de-confidentialite\\\/#breadcrumb\",\"itemListElement\":[{\"@type\":\"ListItem\",\"position\":1,\"name\":\"Home\",\"item\":\"https:\\\/\\\/www.rememberme-forever.com\\\/fr\\\/accueil\\\/\"},{\"@type\":\"ListItem\",\"position\":2,\"name\":\"Politique de confidentialit\u00e9\"}]},{\"@type\":\"WebSite\",\"@id\":\"https:\\\/\\\/www.rememberme-forever.com\\\/fr\\\/#website\",\"url\":\"https:\\\/\\\/www.rememberme-forever.com\\\/fr\\\/\",\"name\":\"Remember Forever\",\"description\":\"Cremation urns, funeral urns, urns for ashes\",\"publisher\":{\"@id\":\"https:\\\/\\\/www.rememberme-forever.com\\\/fr\\\/#organization\"},\"potentialAction\":[{\"@type\":\"SearchAction\",\"target\":{\"@type\":\"EntryPoint\",\"urlTemplate\":\"https:\\\/\\\/www.rememberme-forever.com\\\/fr\\\/?s={search_term_string}\"},\"query-input\":{\"@type\":\"PropertyValueSpecification\",\"valueRequired\":true,\"valueName\":\"search_term_string\"}}],\"inLanguage\":\"fr-FR\"},{\"@type\":\"Organization\",\"@id\":\"https:\\\/\\\/www.rememberme-forever.com\\\/fr\\\/#organization\",\"name\":\"Remember Forever\",\"url\":\"https:\\\/\\\/www.rememberme-forever.com\\\/fr\\\/\",\"logo\":{\"@type\":\"ImageObject\",\"inLanguage\":\"fr-FR\",\"@id\":\"https:\\\/\\\/www.rememberme-forever.com\\\/fr\\\/#\\\/schema\\\/logo\\\/image\\\/\",\"url\":\"https:\\\/\\\/www.rememberme-forever.com\\\/wp-content\\\/uploads\\\/2023\\\/02\\\/logo.png\",\"contentUrl\":\"https:\\\/\\\/www.rememberme-forever.com\\\/wp-content\\\/uploads\\\/2023\\\/02\\\/logo.png\",\"width\":300,\"height\":56,\"caption\":\"Remember Forever\"},\"image\":{\"@id\":\"https:\\\/\\\/www.rememberme-forever.com\\\/fr\\\/#\\\/schema\\\/logo\\\/image\\\/\"}}]}<\/script>\n<!-- \/ Yoast SEO plugin. -->","yoast_head_json":{"title":"Politique de confidentialit\u00e9 - Remember Forever","robots":{"index":"index","follow":"follow","max-snippet":"max-snippet:-1","max-image-preview":"max-image-preview:large","max-video-preview":"max-video-preview:-1"},"canonical":"https:\/\/www.rememberme-forever.com\/fr\/politique-de-confidentialite\/","og_locale":"fr_FR","og_type":"article","og_title":"Politique de confidentialit\u00e9 - Remember Forever","og_description":"PRIVACY POLITIQUE DE CONFIDENTIALIT\u00c9 DE LA BOUTIQUE EN LIGNE REMEMBER FOREVER Ce document pr\u00e9cise les principes de confidentialit\u00e9 applicables \u00e0 la boutique en ligne https:\/\/rememberme-forever.com\/...","og_url":"https:\/\/www.rememberme-forever.com\/fr\/politique-de-confidentialite\/","og_site_name":"Remember Forever","article_modified_time":"2025-09-15T09:29:38+00:00","twitter_card":"summary_large_image","twitter_misc":{"Dur\u00e9e de lecture estim\u00e9e":"10 minutes"},"schema":{"@context":"https:\/\/schema.org","@graph":[{"@type":"WebPage","@id":"https:\/\/www.rememberme-forever.com\/fr\/politique-de-confidentialite\/","url":"https:\/\/www.rememberme-forever.com\/fr\/politique-de-confidentialite\/","name":"Politique de confidentialit\u00e9 - Remember Forever","isPartOf":{"@id":"https:\/\/www.rememberme-forever.com\/fr\/#website"},"datePublished":"2023-02-01T11:21:42+00:00","dateModified":"2025-09-15T09:29:38+00:00","breadcrumb":{"@id":"https:\/\/www.rememberme-forever.com\/fr\/politique-de-confidentialite\/#breadcrumb"},"inLanguage":"fr-FR","potentialAction":[{"@type":"ReadAction","target":["https:\/\/www.rememberme-forever.com\/fr\/politique-de-confidentialite\/"]}]},{"@type":"BreadcrumbList","@id":"https:\/\/www.rememberme-forever.com\/fr\/politique-de-confidentialite\/#breadcrumb","itemListElement":[{"@type":"ListItem","position":1,"name":"Home","item":"https:\/\/www.rememberme-forever.com\/fr\/accueil\/"},{"@type":"ListItem","position":2,"name":"Politique de confidentialit\u00e9"}]},{"@type":"WebSite","@id":"https:\/\/www.rememberme-forever.com\/fr\/#website","url":"https:\/\/www.rememberme-forever.com\/fr\/","name":"Remember Forever","description":"Cremation urns, funeral urns, urns for ashes","publisher":{"@id":"https:\/\/www.rememberme-forever.com\/fr\/#organization"},"potentialAction":[{"@type":"SearchAction","target":{"@type":"EntryPoint","urlTemplate":"https:\/\/www.rememberme-forever.com\/fr\/?s={search_term_string}"},"query-input":{"@type":"PropertyValueSpecification","valueRequired":true,"valueName":"search_term_string"}}],"inLanguage":"fr-FR"},{"@type":"Organization","@id":"https:\/\/www.rememberme-forever.com\/fr\/#organization","name":"Remember Forever","url":"https:\/\/www.rememberme-forever.com\/fr\/","logo":{"@type":"ImageObject","inLanguage":"fr-FR","@id":"https:\/\/www.rememberme-forever.com\/fr\/#\/schema\/logo\/image\/","url":"https:\/\/www.rememberme-forever.com\/wp-content\/uploads\/2023\/02\/logo.png","contentUrl":"https:\/\/www.rememberme-forever.com\/wp-content\/uploads\/2023\/02\/logo.png","width":300,"height":56,"caption":"Remember Forever"},"image":{"@id":"https:\/\/www.rememberme-forever.com\/fr\/#\/schema\/logo\/image\/"}}]}},"acf":[],"_links":{"self":[{"href":"https:\/\/www.rememberme-forever.com\/fr\/wp-json\/wp\/v2\/pages\/18570","targetHints":{"allow":["GET"]}}],"collection":[{"href":"https:\/\/www.rememberme-forever.com\/fr\/wp-json\/wp\/v2\/pages"}],"about":[{"href":"https:\/\/www.rememberme-forever.com\/fr\/wp-json\/wp\/v2\/types\/page"}],"author":[{"embeddable":true,"href":"https:\/\/www.rememberme-forever.com\/fr\/wp-json\/wp\/v2\/users\/1"}],"replies":[{"embeddable":true,"href":"https:\/\/www.rememberme-forever.com\/fr\/wp-json\/wp\/v2\/comments?post=18570"}],"version-history":[{"count":1,"href":"https:\/\/www.rememberme-forever.com\/fr\/wp-json\/wp\/v2\/pages\/18570\/revisions"}],"predecessor-version":[{"id":18571,"href":"https:\/\/www.rememberme-forever.com\/fr\/wp-json\/wp\/v2\/pages\/18570\/revisions\/18571"}],"wp:attachment":[{"href":"https:\/\/www.rememberme-forever.com\/fr\/wp-json\/wp\/v2\/media?parent=18570"}],"curies":[{"name":"wp","href":"https:\/\/api.w.org\/{rel}","templated":true}]}}