{"id":18584,"date":"2023-05-04T10:27:27","date_gmt":"2023-05-04T08:27:27","guid":{"rendered":"https:\/\/www.rememberme-forever.com\/expedition\/"},"modified":"2025-09-15T11:47:42","modified_gmt":"2025-09-15T09:47:42","slug":"expedition","status":"publish","type":"page","link":"https:\/\/www.rememberme-forever.com\/fr\/expedition\/","title":{"rendered":"Exp\u00e9dition"},"content":{"rendered":"\n<h2 class=\"wp-block-heading\"><strong>Livraison des marchandises<\/strong><\/h2>\n\n<p>Nous livrons dans le monde entier. Les articles sont exp\u00e9di\u00e9s sous un jour ouvr\u00e9 apr\u00e8s r\u00e9ception du paiement. Le d\u00e9lai de livraison d\u00e9pend de la destination et d&rsquo;autres facteurs. Dans la plupart des pays, le d\u00e9lai de livraison est de 4 \u00e0 9 jours ouvr\u00e9s. Nous actualisons le statut d&rsquo;exp\u00e9dition d\u00e8s l&rsquo;exp\u00e9dition. Chaque commande peut \u00eatre suivie sur le site web du transporteur s\u00e9lectionn\u00e9 gr\u00e2ce au num\u00e9ro de suivi.   <br\/><br\/>Frais de port express au Royaume-Uni : <strong>2 \u00e0 4 <\/strong>jours ouvr\u00e9s<br\/>Frais de port standard au Royaume-Uni :<strong> 5 \u00e0 9<\/strong> jours ouvr\u00e9s<br\/><br\/>\u00c9tats-Unis, Canada, envoi express :<strong> 3 \u00e0 5 <\/strong>jours ouvr\u00e9s<br\/>\u00c9tats-Unis, Canada, envoi standard<strong> : 6 \u00e0 9<\/strong> jours ouvr\u00e9s<br\/><br\/>Frais de port Australie Express : <strong>6 \u00e0 8<\/strong> jours ouvr\u00e9s<br\/>Frais de port Australie Standard : <strong>8 \u00e0 11<\/strong> jours ouvr\u00e9s<br\/><br\/>Exp\u00e9dition express Europe : <strong>2 \u00e0 3 <\/strong>jours ouvr\u00e9s<br\/>Exp\u00e9dition standard Europe <strong>: 3 \u00e0 6<\/strong> jours ouvr\u00e9s<\/p>\n\n<ol class=\"wp-block-list\">\n<li>La livraison des Marchandises est effectu\u00e9e vers les pays de l&rsquo;Union Europ\u00e9enne et les USA\/Canada\/Australie \u00e0 l&rsquo;adresse indiqu\u00e9e par le Client lors de la passation de la Commande.<\/li>\n\n\n\n<li>La livraison des marchandises est effectu\u00e9e par un op\u00e9rateur postal ou une entreprise de livraison de colis. DPD\/TNT\/FedEx<\/li>\n\n\n\n<li>Sur les sites web des boutiques, dans la description des marchandises, le vendeur informe le client du nombre de jours ouvrables n\u00e9cessaires pour traiter la commande et la livrer, ainsi que des frais de livraison.<\/li>\n\n\n\n<li>Le d\u00e9lai de livraison et de traitement de la commande sera calcul\u00e9 en jours ouvrables. (d\u00e9lai de livraison environ 1 jour en Pologne, environ 5 jours dans l&rsquo;UE et environ 3 \u00e0 9 jours aux \u00c9tats-Unis\/Canada selon le mode d&rsquo;exp\u00e9dition choisi, en Australie environ 8 \u00e0 11 jours ouvrables.) <\/li>\n\n\n\n<li>Dans le cas de marchandises fabriqu\u00e9es selon les sp\u00e9cifications du client, le vendeur informe des diff\u00e9rents d\u00e9lais de livraison.<\/li>\n\n\n\n<li>Si les biens command\u00e9s ont des d\u00e9lais de livraison diff\u00e9rents, le d\u00e9lai le plus long s&rsquo;applique \u00e0 l&rsquo;ensemble de la commande.<\/li>\n\n\n\n<li>Les commandes exp\u00e9di\u00e9es vers des pays hors de l&rsquo;UE peuvent \u00eatre soumises \u00e0 des taxes de vente et des droits d&rsquo;importation suppl\u00e9mentaires. Le client est responsable du paiement de ces droits et taxes d&rsquo;importation. <\/li>\n<\/ol>\n","protected":false},"excerpt":{"rendered":"<p>Livraison des marchandises Nous livrons dans le monde entier. Les articles sont exp\u00e9di\u00e9s sous un jour ouvr\u00e9 apr\u00e8s r\u00e9ception du paiement. Le d\u00e9lai de livraison&#8230;<\/p>\n","protected":false},"author":3,"featured_media":0,"parent":0,"menu_order":0,"comment_status":"closed","ping_status":"closed","template":"","meta":{"_acf_changed":false,"footnotes":""},"class_list":["post-18584","page","type-page","status-publish","hentry"],"yoast_head":"<!-- This site is optimized with the Yoast SEO plugin v27.4 - https:\/\/yoast.com\/product\/yoast-seo-wordpress\/ -->\n<title>Exp\u00e9dition - Remember Forever<\/title>\n<meta name=\"robots\" content=\"index, follow, max-snippet:-1, max-image-preview:large, max-video-preview:-1\" \/>\n<link rel=\"canonical\" href=\"https:\/\/www.rememberme-forever.com\/fr\/expedition\/\" \/>\n<meta property=\"og:locale\" content=\"fr_FR\" \/>\n<meta property=\"og:type\" content=\"article\" \/>\n<meta property=\"og:title\" content=\"Exp\u00e9dition - Remember Forever\" \/>\n<meta property=\"og:description\" content=\"Livraison des marchandises Nous livrons dans le monde entier. Les articles sont exp\u00e9di\u00e9s sous un jour ouvr\u00e9 apr\u00e8s r\u00e9ception du paiement. Le d\u00e9lai de livraison...\" \/>\n<meta property=\"og:url\" content=\"https:\/\/www.rememberme-forever.com\/fr\/expedition\/\" \/>\n<meta property=\"og:site_name\" content=\"Remember Forever\" \/>\n<meta property=\"article:modified_time\" content=\"2025-09-15T09:47:42+00:00\" \/>\n<meta name=\"twitter:card\" content=\"summary_large_image\" \/>\n<meta name=\"twitter:label1\" content=\"Dur\u00e9e de lecture estim\u00e9e\" \/>\n\t<meta name=\"twitter:data1\" content=\"2 minutes\" \/>\n<script type=\"application\/ld+json\" class=\"yoast-schema-graph\">{\"@context\":\"https:\\\/\\\/schema.org\",\"@graph\":[{\"@type\":\"WebPage\",\"@id\":\"https:\\\/\\\/www.rememberme-forever.com\\\/fr\\\/expedition\\\/\",\"url\":\"https:\\\/\\\/www.rememberme-forever.com\\\/fr\\\/expedition\\\/\",\"name\":\"Exp\u00e9dition - Remember Forever\",\"isPartOf\":{\"@id\":\"https:\\\/\\\/www.rememberme-forever.com\\\/fr\\\/#website\"},\"datePublished\":\"2023-05-04T08:27:27+00:00\",\"dateModified\":\"2025-09-15T09:47:42+00:00\",\"breadcrumb\":{\"@id\":\"https:\\\/\\\/www.rememberme-forever.com\\\/fr\\\/expedition\\\/#breadcrumb\"},\"inLanguage\":\"fr-FR\",\"potentialAction\":[{\"@type\":\"ReadAction\",\"target\":[\"https:\\\/\\\/www.rememberme-forever.com\\\/fr\\\/expedition\\\/\"]}]},{\"@type\":\"BreadcrumbList\",\"@id\":\"https:\\\/\\\/www.rememberme-forever.com\\\/fr\\\/expedition\\\/#breadcrumb\",\"itemListElement\":[{\"@type\":\"ListItem\",\"position\":1,\"name\":\"Home\",\"item\":\"https:\\\/\\\/www.rememberme-forever.com\\\/fr\\\/accueil\\\/\"},{\"@type\":\"ListItem\",\"position\":2,\"name\":\"Exp\u00e9dition\"}]},{\"@type\":\"WebSite\",\"@id\":\"https:\\\/\\\/www.rememberme-forever.com\\\/fr\\\/#website\",\"url\":\"https:\\\/\\\/www.rememberme-forever.com\\\/fr\\\/\",\"name\":\"Remember Forever\",\"description\":\"Cremation urns, funeral urns, urns for ashes\",\"publisher\":{\"@id\":\"https:\\\/\\\/www.rememberme-forever.com\\\/fr\\\/#organization\"},\"potentialAction\":[{\"@type\":\"SearchAction\",\"target\":{\"@type\":\"EntryPoint\",\"urlTemplate\":\"https:\\\/\\\/www.rememberme-forever.com\\\/fr\\\/?s={search_term_string}\"},\"query-input\":{\"@type\":\"PropertyValueSpecification\",\"valueRequired\":true,\"valueName\":\"search_term_string\"}}],\"inLanguage\":\"fr-FR\"},{\"@type\":\"Organization\",\"@id\":\"https:\\\/\\\/www.rememberme-forever.com\\\/fr\\\/#organization\",\"name\":\"Remember Forever\",\"url\":\"https:\\\/\\\/www.rememberme-forever.com\\\/fr\\\/\",\"logo\":{\"@type\":\"ImageObject\",\"inLanguage\":\"fr-FR\",\"@id\":\"https:\\\/\\\/www.rememberme-forever.com\\\/fr\\\/#\\\/schema\\\/logo\\\/image\\\/\",\"url\":\"https:\\\/\\\/www.rememberme-forever.com\\\/wp-content\\\/uploads\\\/2023\\\/02\\\/logo.png\",\"contentUrl\":\"https:\\\/\\\/www.rememberme-forever.com\\\/wp-content\\\/uploads\\\/2023\\\/02\\\/logo.png\",\"width\":300,\"height\":56,\"caption\":\"Remember Forever\"},\"image\":{\"@id\":\"https:\\\/\\\/www.rememberme-forever.com\\\/fr\\\/#\\\/schema\\\/logo\\\/image\\\/\"}}]}<\/script>\n<!-- \/ Yoast SEO plugin. -->","yoast_head_json":{"title":"Exp\u00e9dition - Remember Forever","robots":{"index":"index","follow":"follow","max-snippet":"max-snippet:-1","max-image-preview":"max-image-preview:large","max-video-preview":"max-video-preview:-1"},"canonical":"https:\/\/www.rememberme-forever.com\/fr\/expedition\/","og_locale":"fr_FR","og_type":"article","og_title":"Exp\u00e9dition - Remember Forever","og_description":"Livraison des marchandises Nous livrons dans le monde entier. Les articles sont exp\u00e9di\u00e9s sous un jour ouvr\u00e9 apr\u00e8s r\u00e9ception du paiement. Le d\u00e9lai de livraison...","og_url":"https:\/\/www.rememberme-forever.com\/fr\/expedition\/","og_site_name":"Remember Forever","article_modified_time":"2025-09-15T09:47:42+00:00","twitter_card":"summary_large_image","twitter_misc":{"Dur\u00e9e de lecture estim\u00e9e":"2 minutes"},"schema":{"@context":"https:\/\/schema.org","@graph":[{"@type":"WebPage","@id":"https:\/\/www.rememberme-forever.com\/fr\/expedition\/","url":"https:\/\/www.rememberme-forever.com\/fr\/expedition\/","name":"Exp\u00e9dition - Remember Forever","isPartOf":{"@id":"https:\/\/www.rememberme-forever.com\/fr\/#website"},"datePublished":"2023-05-04T08:27:27+00:00","dateModified":"2025-09-15T09:47:42+00:00","breadcrumb":{"@id":"https:\/\/www.rememberme-forever.com\/fr\/expedition\/#breadcrumb"},"inLanguage":"fr-FR","potentialAction":[{"@type":"ReadAction","target":["https:\/\/www.rememberme-forever.com\/fr\/expedition\/"]}]},{"@type":"BreadcrumbList","@id":"https:\/\/www.rememberme-forever.com\/fr\/expedition\/#breadcrumb","itemListElement":[{"@type":"ListItem","position":1,"name":"Home","item":"https:\/\/www.rememberme-forever.com\/fr\/accueil\/"},{"@type":"ListItem","position":2,"name":"Exp\u00e9dition"}]},{"@type":"WebSite","@id":"https:\/\/www.rememberme-forever.com\/fr\/#website","url":"https:\/\/www.rememberme-forever.com\/fr\/","name":"Remember Forever","description":"Cremation urns, funeral urns, urns for ashes","publisher":{"@id":"https:\/\/www.rememberme-forever.com\/fr\/#organization"},"potentialAction":[{"@type":"SearchAction","target":{"@type":"EntryPoint","urlTemplate":"https:\/\/www.rememberme-forever.com\/fr\/?s={search_term_string}"},"query-input":{"@type":"PropertyValueSpecification","valueRequired":true,"valueName":"search_term_string"}}],"inLanguage":"fr-FR"},{"@type":"Organization","@id":"https:\/\/www.rememberme-forever.com\/fr\/#organization","name":"Remember Forever","url":"https:\/\/www.rememberme-forever.com\/fr\/","logo":{"@type":"ImageObject","inLanguage":"fr-FR","@id":"https:\/\/www.rememberme-forever.com\/fr\/#\/schema\/logo\/image\/","url":"https:\/\/www.rememberme-forever.com\/wp-content\/uploads\/2023\/02\/logo.png","contentUrl":"https:\/\/www.rememberme-forever.com\/wp-content\/uploads\/2023\/02\/logo.png","width":300,"height":56,"caption":"Remember Forever"},"image":{"@id":"https:\/\/www.rememberme-forever.com\/fr\/#\/schema\/logo\/image\/"}}]}},"acf":[],"_links":{"self":[{"href":"https:\/\/www.rememberme-forever.com\/fr\/wp-json\/wp\/v2\/pages\/18584","targetHints":{"allow":["GET"]}}],"collection":[{"href":"https:\/\/www.rememberme-forever.com\/fr\/wp-json\/wp\/v2\/pages"}],"about":[{"href":"https:\/\/www.rememberme-forever.com\/fr\/wp-json\/wp\/v2\/types\/page"}],"author":[{"embeddable":true,"href":"https:\/\/www.rememberme-forever.com\/fr\/wp-json\/wp\/v2\/users\/3"}],"replies":[{"embeddable":true,"href":"https:\/\/www.rememberme-forever.com\/fr\/wp-json\/wp\/v2\/comments?post=18584"}],"version-history":[{"count":1,"href":"https:\/\/www.rememberme-forever.com\/fr\/wp-json\/wp\/v2\/pages\/18584\/revisions"}],"predecessor-version":[{"id":18585,"href":"https:\/\/www.rememberme-forever.com\/fr\/wp-json\/wp\/v2\/pages\/18584\/revisions\/18585"}],"wp:attachment":[{"href":"https:\/\/www.rememberme-forever.com\/fr\/wp-json\/wp\/v2\/media?parent=18584"}],"curies":[{"name":"wp","href":"https:\/\/api.w.org\/{rel}","templated":true}]}}