{"id":18386,"date":"2023-03-28T12:51:44","date_gmt":"2023-03-28T10:51:44","guid":{"rendered":"https:\/\/www.rememberme-forever.com\/product\/urne-funeraire-unique-en-mangue-pour-cendres-urne-en-bois-pour-adulte-construction-segmentee\/"},"modified":"2025-10-27T09:30:47","modified_gmt":"2025-10-27T08:30:47","slug":"urne-funeraire-unique-en-mangue-pour-cendres-urne-en-bois-pour-adulte-construction-segmentee","status":"publish","type":"product","link":"https:\/\/www.rememberme-forever.com\/fr\/produit\/urne-funeraire-unique-en-mangue-pour-cendres-urne-en-bois-pour-adulte-construction-segmentee\/","title":{"rendered":"Urne fun\u00e9raire unique en mangue pour cendres, urne en bois pour adulte, construction segment\u00e9e"},"content":{"rendered":"<div style=\"width: 100%; margin-bottom: 40px; height: max-content; padding-bottom: 60%; position: relative;\"><iframe style=\"position: absolute; top: 0; left: 0; width: 100%; height: 100%;\" src=\"https:\/\/rememberme-urns.com\/mango-urn-for-human-ashes\/\" frameborder=\"0\"><\/iframe><\/div>\n<div style=\"color: red; text-align: center; margin-bottom: 25px;\">\n<p>&gt;&gt; Rotation de la photo &#8211; appuyer\/zoomer &lt;&lt;<\/p>\n<\/div>\n<h2 style=\"text-align: center;\"><strong>Urne en mangue pour cendres<\/strong><\/h2>\n<p style=\"text-align: center;\">Unique <strong>Mango Urn for Ashes<\/strong>, a beautiful and sustainable option for honoring the memory of a loved one. Crafted from high-quality mango wood, this wooden urn features a stunning segmented construction that gives it a distinctive and elegant look. <\/p>\n<p style=\"text-align: center;\">Con\u00e7ue pour accueillir les cendres d&rsquo;un adulte, cette urne est le lieu id\u00e9al pour le repos final de votre proche. Facile \u00e0 ouvrir et \u00e0 fermer, elle est solidement ferm\u00e9e pour garantir la s\u00e9curit\u00e9 des cendres.  <\/p>\n<p style=\"text-align: center;\">En guise de petite attention, nous vous proposons d&rsquo;inclure un souvenir avec l&rsquo;urne, vous permettant ainsi de conserver une petite partie des cendres de votre proche ou d&rsquo;autres souvenirs. De plus, nous proposons une plaque comm\u00e9morative personnalisable avec votre texte, ajoutant ainsi une touche personnelle et significative \u00e0 l&rsquo;urne. <\/p>\n<p style=\"text-align: center;\">Avec sa construction segment\u00e9e unique et ses options personnalisables, cette urne est un hommage magnifique et appropri\u00e9 \u00e0 une vie bien v\u00e9cue.<\/p>\n<p>&nbsp;<\/p>\n<p style=\"text-align: center;\"><strong><em>Il s&rsquo;agit d&rsquo;un produit fabriqu\u00e9 \u00e0 partir de mat\u00e9riaux naturels, l&rsquo;apparence peut \u00eatre l\u00e9g\u00e8rement diff\u00e9rente.<\/em><\/strong><\/p>\n<p style=\"text-align: center;\">If you need smaller cremation urn, check <a href=\"https:\/\/www.rememberme-forever.com\/fr\/produit\/urne-funeraire-unique-en-manguier-de-taille-moyenne-pour-cendresunique-medium-size-mango-urn-cremation-urn-for-ashes\/\" target=\"_blank\" rel=\"noopener\"><strong>&gt;&gt; MEDIUM MANGO URN &lt;&lt;<\/strong><\/a> <\/p>\n<p>&nbsp;<\/p>\n<p><iframe loading=\"lazy\" title=\"Wooden Urns Part 1: Hand-Turning Wooden Urns For Human Ashes\" width=\"640\" height=\"360\" src=\"https:\/\/www.youtube.com\/embed\/aR267IUjwoc?feature=oembed\" frameborder=\"0\" allow=\"accelerometer; autoplay; clipboard-write; encrypted-media; gyroscope; picture-in-picture; web-share\" referrerpolicy=\"strict-origin-when-cross-origin\" allowfullscreen><\/iframe><\/p>\n<p>&nbsp;<\/p>\n<h3 style=\"text-align: center;\"><strong>PERSONNALISATION<\/strong><\/h3>\n<p style=\"text-align: center;\">Si vous choisissez une plaque personnalis\u00e9e, veuillez soumettre du texte dans le cadre de personnalisation du produit.<\/p>\n<p style=\"text-align: center;\">La plaque comm\u00e9morative personnalis\u00e9e doit \u00eatre personnalis\u00e9e lors de votre commande. (Pas de panique si vous la manquez ; vous pouvez toujours nous contacter ult\u00e9rieurement.) <\/p>\n<p style=\"text-align: center;\">Veuillez examiner attentivement le texte \u00e0 graver avant d&rsquo;ajouter l&rsquo;article au panier. Nous reproduisons et gravons exactement les informations re\u00e7ues lors de la commande et n&rsquo;y apportons aucune modification. <\/p>\n<p style=\"text-align: center;\"><strong>Veuillez revoir le texte pour vous assurer que toutes les orthographes sont correctes.<\/strong><\/p>\n<p>&nbsp;<\/p>\n<p style=\"text-align: center;\"><em><strong>Si vous avez besoin d&rsquo;une plaque comm\u00e9morative en guise de souvenir, veuillez ajouter du texte dans un deuxi\u00e8me cadre.<\/strong><\/em><\/p>\n<p><img loading=\"lazy\" decoding=\"async\" class=\"wp-image-572 aligncenter\" src=\"http:\/\/www.rememberme-forever.com\/wp-content\/uploads\/2023\/03\/Keepsake-Memorial-Plaque-295x300.jpg\" alt=\"urne souvenir en bois\" width=\"232\" height=\"236\" srcset=\"https:\/\/www.rememberme-forever.com\/wp-content\/uploads\/2023\/03\/Keepsake-Memorial-Plaque-295x300.jpg 295w, https:\/\/www.rememberme-forever.com\/wp-content\/uploads\/2023\/03\/Keepsake-Memorial-Plaque-600x610.jpg 600w, https:\/\/www.rememberme-forever.com\/wp-content\/uploads\/2023\/03\/Keepsake-Memorial-Plaque-64x65.jpg 64w, https:\/\/www.rememberme-forever.com\/wp-content\/uploads\/2023\/03\/Keepsake-Memorial-Plaque.jpg 768w\" sizes=\"auto, (max-width: 232px) 100vw, 232px\" \/><\/p>\n<p>&nbsp;<\/p>\n<h3 style=\"text-align: center;\"><strong>Comment verser les cendres dans une urne ?<\/strong><\/h3>\n<p><iframe loading=\"lazy\" title=\"How to fill and close an Urn with ashes from the crematorium- Instruction Video by Remember Forever\" width=\"640\" height=\"360\" src=\"https:\/\/www.youtube.com\/embed\/sPMMFygo0vQ?feature=oembed\" frameborder=\"0\" allow=\"accelerometer; autoplay; clipboard-write; encrypted-media; gyroscope; picture-in-picture; web-share\" referrerpolicy=\"strict-origin-when-cross-origin\" allowfullscreen><\/iframe><\/p>\n","protected":false},"excerpt":{"rendered":"<p><em><strong>Convient pour contenir les cendres d&rsquo;une personne pesant jusqu&rsquo;\u00e0 environ 231 lb ou 104 kg. <\/strong><\/em><\/p>\n","protected":false},"featured_media":18387,"template":"","meta":{"_acf_changed":false},"product_brand":[],"product_cat":[2431],"product_tag":[3372],"class_list":{"0":"post-18386","1":"product","2":"type-product","3":"status-publish","4":"has-post-thumbnail","6":"product_cat-urnes-en-bois","7":"product_tag-gpsr-turned-wood","8":"product_shipping_class-2-4kg-fr","10":"first","11":"instock","12":"featured","13":"taxable","14":"shipping-taxable","15":"purchasable","16":"product-type-variable"},"yoast_head":"<!-- This site is optimized with the Yoast SEO plugin v27.4 - https:\/\/yoast.com\/product\/yoast-seo-wordpress\/ -->\n<title>Urne fun\u00e9raire unique en mangue pour cendres, urne en bois pour adulte, construction segment\u00e9e<\/title>\n<meta name=\"description\" content=\"Urne fun\u00e9raire unique en manguier, une option \u00e9l\u00e9gante et durable pour honorer la m\u00e9moire d&#039;un \u00eatre cher. Fabriqu\u00e9e en bois de manguier de haute qualit\u00e9.\" \/>\n<meta name=\"robots\" content=\"index, follow, max-snippet:-1, max-image-preview:large, max-video-preview:-1\" \/>\n<link rel=\"canonical\" href=\"https:\/\/www.rememberme-forever.com\/fr\/produit\/urne-funeraire-unique-en-mangue-pour-cendres-urne-en-bois-pour-adulte-construction-segmentee\/\" \/>\n<meta property=\"og:locale\" content=\"fr_FR\" \/>\n<meta property=\"og:type\" content=\"article\" \/>\n<meta property=\"og:title\" content=\"Urne fun\u00e9raire unique en mangue pour cendres, urne en bois pour adulte, construction segment\u00e9e\" \/>\n<meta property=\"og:description\" content=\"Urne fun\u00e9raire unique en manguier, une option \u00e9l\u00e9gante et durable pour honorer la m\u00e9moire d&#039;un \u00eatre cher. Fabriqu\u00e9e en bois de manguier de haute qualit\u00e9.\" \/>\n<meta property=\"og:url\" content=\"https:\/\/www.rememberme-forever.com\/fr\/produit\/urne-funeraire-unique-en-mangue-pour-cendres-urne-en-bois-pour-adulte-construction-segmentee\/\" \/>\n<meta property=\"og:site_name\" content=\"Remember Forever\" \/>\n<meta property=\"article:modified_time\" content=\"2025-10-27T08:30:47+00:00\" \/>\n<meta property=\"og:image\" content=\"https:\/\/www.rememberme-forever.com\/wp-content\/uploads\/2023\/03\/wooden-urn-mango-large-cremation-urn.jpg\" \/>\n\t<meta property=\"og:image:width\" content=\"2001\" \/>\n\t<meta property=\"og:image:height\" content=\"2034\" \/>\n\t<meta property=\"og:image:type\" content=\"image\/jpeg\" \/>\n<meta name=\"twitter:card\" content=\"summary_large_image\" \/>\n<meta name=\"twitter:label1\" content=\"Dur\u00e9e de lecture estim\u00e9e\" \/>\n\t<meta name=\"twitter:data1\" content=\"2 minutes\" \/>\n<script type=\"application\/ld+json\" class=\"yoast-schema-graph\">{\"@context\":\"https:\\\/\\\/schema.org\",\"@graph\":[{\"@type\":\"WebPage\",\"@id\":\"https:\\\/\\\/www.rememberme-forever.com\\\/fr\\\/produit\\\/urne-funeraire-unique-en-mangue-pour-cendres-urne-en-bois-pour-adulte-construction-segmentee\\\/\",\"url\":\"https:\\\/\\\/www.rememberme-forever.com\\\/fr\\\/produit\\\/urne-funeraire-unique-en-mangue-pour-cendres-urne-en-bois-pour-adulte-construction-segmentee\\\/\",\"name\":\"Urne fun\u00e9raire unique en mangue pour cendres, urne en bois pour adulte, construction segment\u00e9e\",\"isPartOf\":{\"@id\":\"https:\\\/\\\/www.rememberme-forever.com\\\/fr\\\/#website\"},\"primaryImageOfPage\":{\"@id\":\"https:\\\/\\\/www.rememberme-forever.com\\\/fr\\\/produit\\\/urne-funeraire-unique-en-mangue-pour-cendres-urne-en-bois-pour-adulte-construction-segmentee\\\/#primaryimage\"},\"image\":{\"@id\":\"https:\\\/\\\/www.rememberme-forever.com\\\/fr\\\/produit\\\/urne-funeraire-unique-en-mangue-pour-cendres-urne-en-bois-pour-adulte-construction-segmentee\\\/#primaryimage\"},\"thumbnailUrl\":\"https:\\\/\\\/www.rememberme-forever.com\\\/wp-content\\\/uploads\\\/2023\\\/03\\\/wooden-urn-mango-large-cremation-urn.jpg\",\"datePublished\":\"2023-03-28T10:51:44+00:00\",\"dateModified\":\"2025-10-27T08:30:47+00:00\",\"description\":\"Urne fun\u00e9raire unique en manguier, une option \u00e9l\u00e9gante et durable pour honorer la m\u00e9moire d'un \u00eatre cher. Fabriqu\u00e9e en bois de manguier de haute qualit\u00e9.\",\"breadcrumb\":{\"@id\":\"https:\\\/\\\/www.rememberme-forever.com\\\/fr\\\/produit\\\/urne-funeraire-unique-en-mangue-pour-cendres-urne-en-bois-pour-adulte-construction-segmentee\\\/#breadcrumb\"},\"inLanguage\":\"fr-FR\",\"potentialAction\":[{\"@type\":\"ReadAction\",\"target\":[\"https:\\\/\\\/www.rememberme-forever.com\\\/fr\\\/produit\\\/urne-funeraire-unique-en-mangue-pour-cendres-urne-en-bois-pour-adulte-construction-segmentee\\\/\"]}]},{\"@type\":\"ImageObject\",\"inLanguage\":\"fr-FR\",\"@id\":\"https:\\\/\\\/www.rememberme-forever.com\\\/fr\\\/produit\\\/urne-funeraire-unique-en-mangue-pour-cendres-urne-en-bois-pour-adulte-construction-segmentee\\\/#primaryimage\",\"url\":\"https:\\\/\\\/www.rememberme-forever.com\\\/wp-content\\\/uploads\\\/2023\\\/03\\\/wooden-urn-mango-large-cremation-urn.jpg\",\"contentUrl\":\"https:\\\/\\\/www.rememberme-forever.com\\\/wp-content\\\/uploads\\\/2023\\\/03\\\/wooden-urn-mango-large-cremation-urn.jpg\",\"width\":2001,\"height\":2034,\"caption\":\"urne en bois, ensemble d'urnes en manguier, grande urne et souvenir, urnes en bois segment\u00e9es\"},{\"@type\":\"BreadcrumbList\",\"@id\":\"https:\\\/\\\/www.rememberme-forever.com\\\/fr\\\/produit\\\/urne-funeraire-unique-en-mangue-pour-cendres-urne-en-bois-pour-adulte-construction-segmentee\\\/#breadcrumb\",\"itemListElement\":[{\"@type\":\"ListItem\",\"position\":1,\"name\":\"Home\",\"item\":\"https:\\\/\\\/www.rememberme-forever.com\\\/fr\\\/accueil\\\/\"},{\"@type\":\"ListItem\",\"position\":2,\"name\":\"Boutique\",\"item\":\"https:\\\/\\\/www.rememberme-forever.com\\\/fr\\\/boutique\\\/\"},{\"@type\":\"ListItem\",\"position\":3,\"name\":\"Urne fun\u00e9raire unique en mangue pour cendres, urne en bois pour adulte, construction segment\u00e9e\"}]},{\"@type\":\"WebSite\",\"@id\":\"https:\\\/\\\/www.rememberme-forever.com\\\/fr\\\/#website\",\"url\":\"https:\\\/\\\/www.rememberme-forever.com\\\/fr\\\/\",\"name\":\"Remember Forever\",\"description\":\"Cremation urns, funeral urns, urns for ashes\",\"publisher\":{\"@id\":\"https:\\\/\\\/www.rememberme-forever.com\\\/fr\\\/#organization\"},\"potentialAction\":[{\"@type\":\"SearchAction\",\"target\":{\"@type\":\"EntryPoint\",\"urlTemplate\":\"https:\\\/\\\/www.rememberme-forever.com\\\/fr\\\/?s={search_term_string}\"},\"query-input\":{\"@type\":\"PropertyValueSpecification\",\"valueRequired\":true,\"valueName\":\"search_term_string\"}}],\"inLanguage\":\"fr-FR\"},{\"@type\":\"Organization\",\"@id\":\"https:\\\/\\\/www.rememberme-forever.com\\\/fr\\\/#organization\",\"name\":\"Remember Forever\",\"url\":\"https:\\\/\\\/www.rememberme-forever.com\\\/fr\\\/\",\"logo\":{\"@type\":\"ImageObject\",\"inLanguage\":\"fr-FR\",\"@id\":\"https:\\\/\\\/www.rememberme-forever.com\\\/fr\\\/#\\\/schema\\\/logo\\\/image\\\/\",\"url\":\"https:\\\/\\\/www.rememberme-forever.com\\\/wp-content\\\/uploads\\\/2023\\\/02\\\/logo.png\",\"contentUrl\":\"https:\\\/\\\/www.rememberme-forever.com\\\/wp-content\\\/uploads\\\/2023\\\/02\\\/logo.png\",\"width\":300,\"height\":56,\"caption\":\"Remember Forever\"},\"image\":{\"@id\":\"https:\\\/\\\/www.rememberme-forever.com\\\/fr\\\/#\\\/schema\\\/logo\\\/image\\\/\"}}]}<\/script>\n<!-- \/ Yoast SEO plugin. -->","yoast_head_json":{"title":"Urne fun\u00e9raire unique en mangue pour cendres, urne en bois pour adulte, construction segment\u00e9e","description":"Urne fun\u00e9raire unique en manguier, une option \u00e9l\u00e9gante et durable pour honorer la m\u00e9moire d'un \u00eatre cher. Fabriqu\u00e9e en bois de manguier de haute qualit\u00e9.","robots":{"index":"index","follow":"follow","max-snippet":"max-snippet:-1","max-image-preview":"max-image-preview:large","max-video-preview":"max-video-preview:-1"},"canonical":"https:\/\/www.rememberme-forever.com\/fr\/produit\/urne-funeraire-unique-en-mangue-pour-cendres-urne-en-bois-pour-adulte-construction-segmentee\/","og_locale":"fr_FR","og_type":"article","og_title":"Urne fun\u00e9raire unique en mangue pour cendres, urne en bois pour adulte, construction segment\u00e9e","og_description":"Urne fun\u00e9raire unique en manguier, une option \u00e9l\u00e9gante et durable pour honorer la m\u00e9moire d'un \u00eatre cher. Fabriqu\u00e9e en bois de manguier de haute qualit\u00e9.","og_url":"https:\/\/www.rememberme-forever.com\/fr\/produit\/urne-funeraire-unique-en-mangue-pour-cendres-urne-en-bois-pour-adulte-construction-segmentee\/","og_site_name":"Remember Forever","article_modified_time":"2025-10-27T08:30:47+00:00","og_image":[{"width":2001,"height":2034,"url":"https:\/\/www.rememberme-forever.com\/wp-content\/uploads\/2023\/03\/wooden-urn-mango-large-cremation-urn.jpg","type":"image\/jpeg"}],"twitter_card":"summary_large_image","twitter_misc":{"Dur\u00e9e de lecture estim\u00e9e":"2 minutes"},"schema":{"@context":"https:\/\/schema.org","@graph":[{"@type":"WebPage","@id":"https:\/\/www.rememberme-forever.com\/fr\/produit\/urne-funeraire-unique-en-mangue-pour-cendres-urne-en-bois-pour-adulte-construction-segmentee\/","url":"https:\/\/www.rememberme-forever.com\/fr\/produit\/urne-funeraire-unique-en-mangue-pour-cendres-urne-en-bois-pour-adulte-construction-segmentee\/","name":"Urne fun\u00e9raire unique en mangue pour cendres, urne en bois pour adulte, construction segment\u00e9e","isPartOf":{"@id":"https:\/\/www.rememberme-forever.com\/fr\/#website"},"primaryImageOfPage":{"@id":"https:\/\/www.rememberme-forever.com\/fr\/produit\/urne-funeraire-unique-en-mangue-pour-cendres-urne-en-bois-pour-adulte-construction-segmentee\/#primaryimage"},"image":{"@id":"https:\/\/www.rememberme-forever.com\/fr\/produit\/urne-funeraire-unique-en-mangue-pour-cendres-urne-en-bois-pour-adulte-construction-segmentee\/#primaryimage"},"thumbnailUrl":"https:\/\/www.rememberme-forever.com\/wp-content\/uploads\/2023\/03\/wooden-urn-mango-large-cremation-urn.jpg","datePublished":"2023-03-28T10:51:44+00:00","dateModified":"2025-10-27T08:30:47+00:00","description":"Urne fun\u00e9raire unique en manguier, une option \u00e9l\u00e9gante et durable pour honorer la m\u00e9moire d'un \u00eatre cher. Fabriqu\u00e9e en bois de manguier de haute qualit\u00e9.","breadcrumb":{"@id":"https:\/\/www.rememberme-forever.com\/fr\/produit\/urne-funeraire-unique-en-mangue-pour-cendres-urne-en-bois-pour-adulte-construction-segmentee\/#breadcrumb"},"inLanguage":"fr-FR","potentialAction":[{"@type":"ReadAction","target":["https:\/\/www.rememberme-forever.com\/fr\/produit\/urne-funeraire-unique-en-mangue-pour-cendres-urne-en-bois-pour-adulte-construction-segmentee\/"]}]},{"@type":"ImageObject","inLanguage":"fr-FR","@id":"https:\/\/www.rememberme-forever.com\/fr\/produit\/urne-funeraire-unique-en-mangue-pour-cendres-urne-en-bois-pour-adulte-construction-segmentee\/#primaryimage","url":"https:\/\/www.rememberme-forever.com\/wp-content\/uploads\/2023\/03\/wooden-urn-mango-large-cremation-urn.jpg","contentUrl":"https:\/\/www.rememberme-forever.com\/wp-content\/uploads\/2023\/03\/wooden-urn-mango-large-cremation-urn.jpg","width":2001,"height":2034,"caption":"urne en bois, ensemble d'urnes en manguier, grande urne et souvenir, urnes en bois segment\u00e9es"},{"@type":"BreadcrumbList","@id":"https:\/\/www.rememberme-forever.com\/fr\/produit\/urne-funeraire-unique-en-mangue-pour-cendres-urne-en-bois-pour-adulte-construction-segmentee\/#breadcrumb","itemListElement":[{"@type":"ListItem","position":1,"name":"Home","item":"https:\/\/www.rememberme-forever.com\/fr\/accueil\/"},{"@type":"ListItem","position":2,"name":"Boutique","item":"https:\/\/www.rememberme-forever.com\/fr\/boutique\/"},{"@type":"ListItem","position":3,"name":"Urne fun\u00e9raire unique en mangue pour cendres, urne en bois pour adulte, construction segment\u00e9e"}]},{"@type":"WebSite","@id":"https:\/\/www.rememberme-forever.com\/fr\/#website","url":"https:\/\/www.rememberme-forever.com\/fr\/","name":"Remember Forever","description":"Cremation urns, funeral urns, urns for ashes","publisher":{"@id":"https:\/\/www.rememberme-forever.com\/fr\/#organization"},"potentialAction":[{"@type":"SearchAction","target":{"@type":"EntryPoint","urlTemplate":"https:\/\/www.rememberme-forever.com\/fr\/?s={search_term_string}"},"query-input":{"@type":"PropertyValueSpecification","valueRequired":true,"valueName":"search_term_string"}}],"inLanguage":"fr-FR"},{"@type":"Organization","@id":"https:\/\/www.rememberme-forever.com\/fr\/#organization","name":"Remember Forever","url":"https:\/\/www.rememberme-forever.com\/fr\/","logo":{"@type":"ImageObject","inLanguage":"fr-FR","@id":"https:\/\/www.rememberme-forever.com\/fr\/#\/schema\/logo\/image\/","url":"https:\/\/www.rememberme-forever.com\/wp-content\/uploads\/2023\/02\/logo.png","contentUrl":"https:\/\/www.rememberme-forever.com\/wp-content\/uploads\/2023\/02\/logo.png","width":300,"height":56,"caption":"Remember Forever"},"image":{"@id":"https:\/\/www.rememberme-forever.com\/fr\/#\/schema\/logo\/image\/"}}]}},"acf":[],"_links":{"self":[{"href":"https:\/\/www.rememberme-forever.com\/fr\/wp-json\/wp\/v2\/product\/18386","targetHints":{"allow":["GET"]}}],"collection":[{"href":"https:\/\/www.rememberme-forever.com\/fr\/wp-json\/wp\/v2\/product"}],"about":[{"href":"https:\/\/www.rememberme-forever.com\/fr\/wp-json\/wp\/v2\/types\/product"}],"wp:featuredmedia":[{"embeddable":true,"href":"https:\/\/www.rememberme-forever.com\/fr\/wp-json\/wp\/v2\/media\/18387"}],"wp:attachment":[{"href":"https:\/\/www.rememberme-forever.com\/fr\/wp-json\/wp\/v2\/media?parent=18386"}],"wp:term":[{"taxonomy":"product_brand","embeddable":true,"href":"https:\/\/www.rememberme-forever.com\/fr\/wp-json\/wp\/v2\/product_brand?post=18386"},{"taxonomy":"product_cat","embeddable":true,"href":"https:\/\/www.rememberme-forever.com\/fr\/wp-json\/wp\/v2\/product_cat?post=18386"},{"taxonomy":"product_tag","embeddable":true,"href":"https:\/\/www.rememberme-forever.com\/fr\/wp-json\/wp\/v2\/product_tag?post=18386"}],"curies":[{"name":"wp","href":"https:\/\/api.w.org\/{rel}","templated":true}]}}