{"id":18928,"date":"2023-03-29T09:50:33","date_gmt":"2023-03-29T07:50:33","guid":{"rendered":"https:\/\/www.rememberme-forever.com\/product\/souvenir-bois-de-manguier-petite-urne-pour-une-partie-des-cendres\/"},"modified":"2025-09-24T09:19:30","modified_gmt":"2025-09-24T07:19:30","slug":"souvenir-bois-de-manguier-petite-urne-pour-une-partie-des-cendres","status":"publish","type":"product","link":"https:\/\/www.rememberme-forever.com\/fr\/produit\/souvenir-bois-de-manguier-petite-urne-pour-une-partie-des-cendres\/","title":{"rendered":"Souvenir &#8211; Bois de manguier, petite urne pour une partie des cendres"},"content":{"rendered":"<div style=\"width: 100%; margin-bottom: 40px; height: max-content; padding-bottom: 60%; position: relative;\"><iframe style=\"position: absolute; top: 0; left: 0; width: 100%; height: 100%;\" src=\"https:\/\/rememberme-urns.com\/mango-keepsakes-set\/\" frameborder=\"0\"><\/iframe><\/div>\n<div style=\"color: red; text-align: center; margin-bottom: 25px;\">\n<p>&gt;&gt; Rotation de la photo &#8211; appuyer\/zoomer &lt;&lt;<\/p>\n<\/div>\n<h2 style=\"text-align: center;\">Souvenir en bois de manguier<\/h2>\n<p style=\"text-align: center;\"><strong>Souvenir <\/strong>&#8211; Petite urne en bois de manguier pour une partie des cendres<\/p>\n<p style=\"text-align: center;\">Sa petite taille la rend id\u00e9ale pour contenir une petite partie des cendres et est con\u00e7ue pour \u00eatre un souvenir qui se transmet de g\u00e9n\u00e9ration en g\u00e9n\u00e9ration. Son format compact la rend \u00e9galement facile \u00e0 transporter ou \u00e0 exposer dans un endroit sp\u00e9cial de votre maison.<\/p>\n<p style=\"text-align: center;\"><strong><em>Il s&rsquo;agit d&rsquo;un produit fabriqu\u00e9 \u00e0 partir de mat\u00e9riaux naturels, l&rsquo;apparence peut \u00eatre l\u00e9g\u00e8rement diff\u00e9rente.<\/em><\/strong><\/p>\n<p>&nbsp;<\/p>\n<p><iframe loading=\"lazy\" title=\"Wooden Urns Part 2:  Keepsake Urns, Small Urns For Human Ashes, Keepsakes\" width=\"640\" height=\"360\" src=\"https:\/\/www.youtube.com\/embed\/676L7IzBOWk?feature=oembed\" frameborder=\"0\" allow=\"accelerometer; autoplay; clipboard-write; encrypted-media; gyroscope; picture-in-picture; web-share\" referrerpolicy=\"strict-origin-when-cross-origin\" allowfullscreen><\/iframe><\/p>\n<p>&nbsp;<\/p>\n<h3 style=\"text-align: center;\"><strong>PERSONALIZATION <\/strong><em>(only with flat lid!)<\/em><\/h3>\n<p>&nbsp;<\/p>\n<p style=\"text-align: center;\">Si vous choisissez une plaque personnalis\u00e9e, veuillez soumettre du texte dans le cadre de personnalisation du produit.<\/p>\n<p style=\"text-align: center;\">La plaque comm\u00e9morative personnalis\u00e9e doit \u00eatre personnalis\u00e9e lors de votre commande. (Pas de panique si vous la manquez ; vous pouvez toujours nous contacter ult\u00e9rieurement.)<\/p>\n<p style=\"text-align: center;\">Veuillez examiner attentivement le texte \u00e0 graver avant d&rsquo;ajouter l&rsquo;article au panier. Nous reproduisons et gravons exactement les informations re\u00e7ues lors de la commande et n&rsquo;y apportons aucune modification.<\/p>\n<p style=\"text-align: center;\"><strong>Veuillez revoir le texte pour vous assurer que toutes les orthographes sont correctes.<\/strong><\/p>\n<h3 style=\"text-align: center;\"><\/h3>\n","protected":false},"excerpt":{"rendered":"<p>Superbe petite urne souvenir pour une petite partie des cendres. Id\u00e9ale pour conserver une partie des cendres d&rsquo;un \u00eatre cher.<\/p>\n","protected":false},"featured_media":18930,"template":"","meta":{"_acf_changed":false},"product_brand":[1991],"product_cat":[2414,2431],"product_tag":[3325],"class_list":{"0":"post-18928","1":"product","2":"type-product","3":"status-publish","4":"has-post-thumbnail","6":"product_brand-remember-forever","7":"product_cat-souvenirs","8":"product_cat-urnes-en-bois","9":"product_tag-gpsr-keepsake-urns","10":"product_shipping_class-1-2-kg-fr","12":"first","13":"instock","14":"taxable","15":"shipping-taxable","16":"purchasable","17":"product-type-variable"},"yoast_head":"<!-- This site is optimized with the Yoast SEO plugin v27.4 - https:\/\/yoast.com\/product\/yoast-seo-wordpress\/ -->\n<title>Souvenir - Bois de manguier, petite urne pour une partie des cendres<\/title>\n<meta name=\"description\" content=\"La petite urne souvenir en bois de manguier est une fa\u00e7on attentionn\u00e9e et pleine de sens de pr\u00e9server une petite partie des cendres de votre proche.\" \/>\n<meta name=\"robots\" content=\"index, follow, max-snippet:-1, max-image-preview:large, max-video-preview:-1\" \/>\n<link rel=\"canonical\" href=\"https:\/\/www.rememberme-forever.com\/fr\/produit\/souvenir-bois-de-manguier-petite-urne-pour-une-partie-des-cendres\/\" \/>\n<meta property=\"og:locale\" content=\"fr_FR\" \/>\n<meta property=\"og:type\" content=\"article\" \/>\n<meta property=\"og:title\" content=\"Souvenir - Bois de manguier, petite urne pour une partie des cendres\" \/>\n<meta property=\"og:description\" content=\"La petite urne souvenir en bois de manguier est une fa\u00e7on attentionn\u00e9e et pleine de sens de pr\u00e9server une petite partie des cendres de votre proche.\" \/>\n<meta property=\"og:url\" content=\"https:\/\/www.rememberme-forever.com\/fr\/produit\/souvenir-bois-de-manguier-petite-urne-pour-une-partie-des-cendres\/\" \/>\n<meta property=\"og:site_name\" content=\"Remember Forever\" \/>\n<meta property=\"article:modified_time\" content=\"2025-09-24T07:19:30+00:00\" \/>\n<meta property=\"og:image\" content=\"http:\/\/www.rememberme-forever.com\/wp-content\/uploads\/2023\/03\/Keepsake-Memorial-Plaque.jpg\" \/>\n\t<meta property=\"og:image:width\" content=\"768\" \/>\n\t<meta property=\"og:image:height\" content=\"781\" \/>\n\t<meta property=\"og:image:type\" content=\"image\/jpeg\" \/>\n<meta name=\"twitter:card\" content=\"summary_large_image\" \/>\n<meta name=\"twitter:label1\" content=\"Dur\u00e9e de lecture estim\u00e9e\" \/>\n\t<meta name=\"twitter:data1\" content=\"1 minute\" \/>\n<script type=\"application\/ld+json\" class=\"yoast-schema-graph\">{\"@context\":\"https:\\\/\\\/schema.org\",\"@graph\":[{\"@type\":\"WebPage\",\"@id\":\"https:\\\/\\\/www.rememberme-forever.com\\\/fr\\\/produit\\\/souvenir-bois-de-manguier-petite-urne-pour-une-partie-des-cendres\\\/\",\"url\":\"https:\\\/\\\/www.rememberme-forever.com\\\/fr\\\/produit\\\/souvenir-bois-de-manguier-petite-urne-pour-une-partie-des-cendres\\\/\",\"name\":\"Souvenir - Bois de manguier, petite urne pour une partie des cendres\",\"isPartOf\":{\"@id\":\"https:\\\/\\\/www.rememberme-forever.com\\\/fr\\\/#website\"},\"primaryImageOfPage\":{\"@id\":\"https:\\\/\\\/www.rememberme-forever.com\\\/fr\\\/produit\\\/souvenir-bois-de-manguier-petite-urne-pour-une-partie-des-cendres\\\/#primaryimage\"},\"image\":{\"@id\":\"https:\\\/\\\/www.rememberme-forever.com\\\/fr\\\/produit\\\/souvenir-bois-de-manguier-petite-urne-pour-une-partie-des-cendres\\\/#primaryimage\"},\"thumbnailUrl\":\"https:\\\/\\\/www.rememberme-forever.com\\\/wp-content\\\/uploads\\\/2023\\\/03\\\/Keepsake-Memorial-Plaque.jpg\",\"datePublished\":\"2023-03-29T07:50:33+00:00\",\"dateModified\":\"2025-09-24T07:19:30+00:00\",\"description\":\"La petite urne souvenir en bois de manguier est une fa\u00e7on attentionn\u00e9e et pleine de sens de pr\u00e9server une petite partie des cendres de votre proche.\",\"breadcrumb\":{\"@id\":\"https:\\\/\\\/www.rememberme-forever.com\\\/fr\\\/produit\\\/souvenir-bois-de-manguier-petite-urne-pour-une-partie-des-cendres\\\/#breadcrumb\"},\"inLanguage\":\"fr-FR\",\"potentialAction\":[{\"@type\":\"ReadAction\",\"target\":[\"https:\\\/\\\/www.rememberme-forever.com\\\/fr\\\/produit\\\/souvenir-bois-de-manguier-petite-urne-pour-une-partie-des-cendres\\\/\"]}]},{\"@type\":\"ImageObject\",\"inLanguage\":\"fr-FR\",\"@id\":\"https:\\\/\\\/www.rememberme-forever.com\\\/fr\\\/produit\\\/souvenir-bois-de-manguier-petite-urne-pour-une-partie-des-cendres\\\/#primaryimage\",\"url\":\"https:\\\/\\\/www.rememberme-forever.com\\\/wp-content\\\/uploads\\\/2023\\\/03\\\/Keepsake-Memorial-Plaque.jpg\",\"contentUrl\":\"https:\\\/\\\/www.rememberme-forever.com\\\/wp-content\\\/uploads\\\/2023\\\/03\\\/Keepsake-Memorial-Plaque.jpg\",\"width\":768,\"height\":781,\"caption\":\"Souvenir\"},{\"@type\":\"BreadcrumbList\",\"@id\":\"https:\\\/\\\/www.rememberme-forever.com\\\/fr\\\/produit\\\/souvenir-bois-de-manguier-petite-urne-pour-une-partie-des-cendres\\\/#breadcrumb\",\"itemListElement\":[{\"@type\":\"ListItem\",\"position\":1,\"name\":\"Home\",\"item\":\"https:\\\/\\\/www.rememberme-forever.com\\\/fr\\\/accueil\\\/\"},{\"@type\":\"ListItem\",\"position\":2,\"name\":\"Boutique\",\"item\":\"https:\\\/\\\/www.rememberme-forever.com\\\/fr\\\/boutique\\\/\"},{\"@type\":\"ListItem\",\"position\":3,\"name\":\"Souvenir &#8211; Bois de manguier, petite urne pour une partie des cendres\"}]},{\"@type\":\"WebSite\",\"@id\":\"https:\\\/\\\/www.rememberme-forever.com\\\/fr\\\/#website\",\"url\":\"https:\\\/\\\/www.rememberme-forever.com\\\/fr\\\/\",\"name\":\"Remember Forever\",\"description\":\"Cremation urns, funeral urns, urns for ashes\",\"publisher\":{\"@id\":\"https:\\\/\\\/www.rememberme-forever.com\\\/fr\\\/#organization\"},\"potentialAction\":[{\"@type\":\"SearchAction\",\"target\":{\"@type\":\"EntryPoint\",\"urlTemplate\":\"https:\\\/\\\/www.rememberme-forever.com\\\/fr\\\/?s={search_term_string}\"},\"query-input\":{\"@type\":\"PropertyValueSpecification\",\"valueRequired\":true,\"valueName\":\"search_term_string\"}}],\"inLanguage\":\"fr-FR\"},{\"@type\":\"Organization\",\"@id\":\"https:\\\/\\\/www.rememberme-forever.com\\\/fr\\\/#organization\",\"name\":\"Remember Forever\",\"url\":\"https:\\\/\\\/www.rememberme-forever.com\\\/fr\\\/\",\"logo\":{\"@type\":\"ImageObject\",\"inLanguage\":\"fr-FR\",\"@id\":\"https:\\\/\\\/www.rememberme-forever.com\\\/fr\\\/#\\\/schema\\\/logo\\\/image\\\/\",\"url\":\"https:\\\/\\\/www.rememberme-forever.com\\\/wp-content\\\/uploads\\\/2023\\\/02\\\/logo.png\",\"contentUrl\":\"https:\\\/\\\/www.rememberme-forever.com\\\/wp-content\\\/uploads\\\/2023\\\/02\\\/logo.png\",\"width\":300,\"height\":56,\"caption\":\"Remember Forever\"},\"image\":{\"@id\":\"https:\\\/\\\/www.rememberme-forever.com\\\/fr\\\/#\\\/schema\\\/logo\\\/image\\\/\"}}]}<\/script>\n<!-- \/ Yoast SEO plugin. -->","yoast_head_json":{"title":"Souvenir - Bois de manguier, petite urne pour une partie des cendres","description":"La petite urne souvenir en bois de manguier est une fa\u00e7on attentionn\u00e9e et pleine de sens de pr\u00e9server une petite partie des cendres de votre proche.","robots":{"index":"index","follow":"follow","max-snippet":"max-snippet:-1","max-image-preview":"max-image-preview:large","max-video-preview":"max-video-preview:-1"},"canonical":"https:\/\/www.rememberme-forever.com\/fr\/produit\/souvenir-bois-de-manguier-petite-urne-pour-une-partie-des-cendres\/","og_locale":"fr_FR","og_type":"article","og_title":"Souvenir - Bois de manguier, petite urne pour une partie des cendres","og_description":"La petite urne souvenir en bois de manguier est une fa\u00e7on attentionn\u00e9e et pleine de sens de pr\u00e9server une petite partie des cendres de votre proche.","og_url":"https:\/\/www.rememberme-forever.com\/fr\/produit\/souvenir-bois-de-manguier-petite-urne-pour-une-partie-des-cendres\/","og_site_name":"Remember Forever","article_modified_time":"2025-09-24T07:19:30+00:00","og_image":[{"width":768,"height":781,"url":"http:\/\/www.rememberme-forever.com\/wp-content\/uploads\/2023\/03\/Keepsake-Memorial-Plaque.jpg","type":"image\/jpeg"}],"twitter_card":"summary_large_image","twitter_misc":{"Dur\u00e9e de lecture estim\u00e9e":"1 minute"},"schema":{"@context":"https:\/\/schema.org","@graph":[{"@type":"WebPage","@id":"https:\/\/www.rememberme-forever.com\/fr\/produit\/souvenir-bois-de-manguier-petite-urne-pour-une-partie-des-cendres\/","url":"https:\/\/www.rememberme-forever.com\/fr\/produit\/souvenir-bois-de-manguier-petite-urne-pour-une-partie-des-cendres\/","name":"Souvenir - Bois de manguier, petite urne pour une partie des cendres","isPartOf":{"@id":"https:\/\/www.rememberme-forever.com\/fr\/#website"},"primaryImageOfPage":{"@id":"https:\/\/www.rememberme-forever.com\/fr\/produit\/souvenir-bois-de-manguier-petite-urne-pour-une-partie-des-cendres\/#primaryimage"},"image":{"@id":"https:\/\/www.rememberme-forever.com\/fr\/produit\/souvenir-bois-de-manguier-petite-urne-pour-une-partie-des-cendres\/#primaryimage"},"thumbnailUrl":"https:\/\/www.rememberme-forever.com\/wp-content\/uploads\/2023\/03\/Keepsake-Memorial-Plaque.jpg","datePublished":"2023-03-29T07:50:33+00:00","dateModified":"2025-09-24T07:19:30+00:00","description":"La petite urne souvenir en bois de manguier est une fa\u00e7on attentionn\u00e9e et pleine de sens de pr\u00e9server une petite partie des cendres de votre proche.","breadcrumb":{"@id":"https:\/\/www.rememberme-forever.com\/fr\/produit\/souvenir-bois-de-manguier-petite-urne-pour-une-partie-des-cendres\/#breadcrumb"},"inLanguage":"fr-FR","potentialAction":[{"@type":"ReadAction","target":["https:\/\/www.rememberme-forever.com\/fr\/produit\/souvenir-bois-de-manguier-petite-urne-pour-une-partie-des-cendres\/"]}]},{"@type":"ImageObject","inLanguage":"fr-FR","@id":"https:\/\/www.rememberme-forever.com\/fr\/produit\/souvenir-bois-de-manguier-petite-urne-pour-une-partie-des-cendres\/#primaryimage","url":"https:\/\/www.rememberme-forever.com\/wp-content\/uploads\/2023\/03\/Keepsake-Memorial-Plaque.jpg","contentUrl":"https:\/\/www.rememberme-forever.com\/wp-content\/uploads\/2023\/03\/Keepsake-Memorial-Plaque.jpg","width":768,"height":781,"caption":"Souvenir"},{"@type":"BreadcrumbList","@id":"https:\/\/www.rememberme-forever.com\/fr\/produit\/souvenir-bois-de-manguier-petite-urne-pour-une-partie-des-cendres\/#breadcrumb","itemListElement":[{"@type":"ListItem","position":1,"name":"Home","item":"https:\/\/www.rememberme-forever.com\/fr\/accueil\/"},{"@type":"ListItem","position":2,"name":"Boutique","item":"https:\/\/www.rememberme-forever.com\/fr\/boutique\/"},{"@type":"ListItem","position":3,"name":"Souvenir &#8211; Bois de manguier, petite urne pour une partie des cendres"}]},{"@type":"WebSite","@id":"https:\/\/www.rememberme-forever.com\/fr\/#website","url":"https:\/\/www.rememberme-forever.com\/fr\/","name":"Remember Forever","description":"Cremation urns, funeral urns, urns for ashes","publisher":{"@id":"https:\/\/www.rememberme-forever.com\/fr\/#organization"},"potentialAction":[{"@type":"SearchAction","target":{"@type":"EntryPoint","urlTemplate":"https:\/\/www.rememberme-forever.com\/fr\/?s={search_term_string}"},"query-input":{"@type":"PropertyValueSpecification","valueRequired":true,"valueName":"search_term_string"}}],"inLanguage":"fr-FR"},{"@type":"Organization","@id":"https:\/\/www.rememberme-forever.com\/fr\/#organization","name":"Remember Forever","url":"https:\/\/www.rememberme-forever.com\/fr\/","logo":{"@type":"ImageObject","inLanguage":"fr-FR","@id":"https:\/\/www.rememberme-forever.com\/fr\/#\/schema\/logo\/image\/","url":"https:\/\/www.rememberme-forever.com\/wp-content\/uploads\/2023\/02\/logo.png","contentUrl":"https:\/\/www.rememberme-forever.com\/wp-content\/uploads\/2023\/02\/logo.png","width":300,"height":56,"caption":"Remember Forever"},"image":{"@id":"https:\/\/www.rememberme-forever.com\/fr\/#\/schema\/logo\/image\/"}}]}},"acf":[],"_links":{"self":[{"href":"https:\/\/www.rememberme-forever.com\/fr\/wp-json\/wp\/v2\/product\/18928","targetHints":{"allow":["GET"]}}],"collection":[{"href":"https:\/\/www.rememberme-forever.com\/fr\/wp-json\/wp\/v2\/product"}],"about":[{"href":"https:\/\/www.rememberme-forever.com\/fr\/wp-json\/wp\/v2\/types\/product"}],"wp:featuredmedia":[{"embeddable":true,"href":"https:\/\/www.rememberme-forever.com\/fr\/wp-json\/wp\/v2\/media\/18930"}],"wp:attachment":[{"href":"https:\/\/www.rememberme-forever.com\/fr\/wp-json\/wp\/v2\/media?parent=18928"}],"wp:term":[{"taxonomy":"product_brand","embeddable":true,"href":"https:\/\/www.rememberme-forever.com\/fr\/wp-json\/wp\/v2\/product_brand?post=18928"},{"taxonomy":"product_cat","embeddable":true,"href":"https:\/\/www.rememberme-forever.com\/fr\/wp-json\/wp\/v2\/product_cat?post=18928"},{"taxonomy":"product_tag","embeddable":true,"href":"https:\/\/www.rememberme-forever.com\/fr\/wp-json\/wp\/v2\/product_tag?post=18928"}],"curies":[{"name":"wp","href":"https:\/\/api.w.org\/{rel}","templated":true}]}}