{"id":19235,"date":"2024-08-07T10:05:47","date_gmt":"2024-08-07T08:05:47","guid":{"rendered":"https:\/\/www.rememberme-forever.com\/product\/urne-a-theme-pour-un-cuisinier\/"},"modified":"2025-09-25T15:47:06","modified_gmt":"2025-09-25T13:47:06","slug":"urne-a-theme-pour-un-cuisinier","status":"publish","type":"product","link":"https:\/\/www.rememberme-forever.com\/fr\/produit\/urne-a-theme-pour-un-cuisinier\/","title":{"rendered":"Urne \u00e0 th\u00e8me pour un cuisinier"},"content":{"rendered":"<p style=\"text-align: center;\">Hommage \u00e0 la m\u00e9moire de quelqu&rsquo;un dont la vie a \u00e9t\u00e9 consacr\u00e9e \u00e0 la cuisine exige une urne sp\u00e9ciale. Notre <strong>Urne pour un cuisinier <\/strong>est con\u00e7ue pour c\u00e9l\u00e9brer l&rsquo;art culinaire et la passion de votre proche.<\/p>\n<h3 style=\"text-align: center;\">Design \u00e9l\u00e9gant et personnalisation<\/h3>\n<p style=\"text-align: center;\">Cette urne pr\u00e9sente une finition en acajou poli, lui conf\u00e9rant une allure intemporelle et raffin\u00e9e. Ses bords l\u00e9g\u00e8rement arrondis lui conf\u00e8rent une touche d&rsquo;\u00e9l\u00e9gance moderne. Le devant de l&rsquo;urne est orn\u00e9 d&rsquo;une gravure complexe repr\u00e9sentant des ustensiles de cuisine, symbolisant l&rsquo;amour de la cuisine. De plus, une plaque comm\u00e9morative personnalis\u00e9e permet d&rsquo;y inscrire un texte personnalis\u00e9, comme le nom de votre proche, des dates importantes ou un message touchant, faisant de cette urne un hommage unique et significatif.<\/p>\n<h3 style=\"text-align: center;\">Savoir-faire de haute qualit\u00e9<\/h3>\n<p style=\"text-align: center;\">Fabriqu\u00e9e en bois massif, cette urne allie durabilit\u00e9 et esth\u00e9tique. La riche couleur acajou rehausse la beaut\u00e9 naturelle du bois, lui conf\u00e9rant un aspect chaleureux et raffin\u00e9. Le savoir-faire expert garantit que cette urne servira de m\u00e9morial durable, pr\u00e9servant la m\u00e9moire de votre bien-aim\u00e9 avec gr\u00e2ce et dignit\u00e9.<\/p>\n<h3 style=\"text-align: center;\">Symbolisme et signification \u00e9motionnelle<\/h3>\n<p style=\"text-align: center;\">Les ustensiles de cuisine grav\u00e9s sur l&rsquo;urne symbolisent la joie et la cr\u00e9ativit\u00e9 culinaires. Cet \u00e9l\u00e9ment d\u00e9coratif rappelle avec r\u00e9confort la passion de votre proche pour les arts culinaires et le bonheur qu&rsquo;il a apport\u00e9 \u00e0 son entourage. Plus qu&rsquo;un simple contenant pour les cendres, cette urne est une \u0153uvre d&rsquo;art pr\u00e9cieuse qui honore son h\u00e9ritage.<\/p>\n<h3 style=\"text-align: center;\">Un hommage attentionn\u00e9 pour un chef<\/h3>\n<p style=\"text-align: center;\">Choisir la bonne urne est essentiel au deuil. Notre <strong>Urne pour un cuisinier <\/strong>allie \u00e0 la perfection beaut\u00e9, savoir-faire artisanal et signification \u00e9motionnelle. Son design unique et ses options de personnalisation en font un hommage m\u00e9rit\u00e9 \u00e0 votre proche, refl\u00e9tant son amour pour la cuisine tout en offrant un souvenir durable et significatif.<\/p>\n<p>&nbsp;<\/p>\n<h3 style=\"text-align: center;\"><strong>PERSONNALISATION<\/strong><\/h3>\n<p style=\"text-align: center;\">Si vous choisissez une plaque personnalis\u00e9e, veuillez soumettre du texte dans le cadre de personnalisation du produit.<\/p>\n<p style=\"text-align: center;\">La plaque comm\u00e9morative personnalis\u00e9e doit \u00eatre personnalis\u00e9e lors de votre commande. (Pas de panique si vous la manquez ; vous pouvez toujours nous contacter ult\u00e9rieurement.)<\/p>\n<p style=\"text-align: center;\">Veuillez examiner attentivement le texte \u00e0 graver avant d&rsquo;ajouter l&rsquo;article au panier. Nous reproduisons et gravons les informations exactes re\u00e7ues lors de la commande et n&rsquo;y apportons aucune modification.<\/p>\n<p style=\"text-align: center;\"><strong>Veuillez revoir le texte pour vous assurer que toutes les orthographes sont correctes.<\/strong><\/p>\n<p>&nbsp;<\/p>\n","protected":false},"excerpt":{"rendered":"<p><strong>Peut contenir les cendres d&rsquo;une personne pesant jusqu&rsquo;\u00e0 environ 138 kg. <\/strong><\/p>\n","protected":false},"featured_media":19236,"comment_status":"closed","ping_status":"closed","template":"","meta":{"_acf_changed":false},"product_brand":[],"product_cat":[2419,2427],"product_tag":[3304],"class_list":{"0":"post-19235","1":"product","2":"type-product","3":"status-publish","4":"has-post-thumbnail","6":"product_cat-urnes-a-theme","7":"product_cat-urnes-de-profession","8":"product_tag-gpsr-all-wood-urns","9":"product_shipping_class-2-4kg-fr","11":"first","12":"instock","13":"taxable","14":"shipping-taxable","15":"purchasable","16":"product-type-variable"},"yoast_head":"<!-- This site is optimized with the Yoast SEO plugin v27.5 - https:\/\/yoast.com\/product\/yoast-seo-wordpress\/ -->\n<title>Urne \u00e0 th\u00e8me pour un cuisinier<\/title>\n<meta name=\"description\" content=\"Honorer la m\u00e9moire de quelqu&#039;un qui a consacr\u00e9 sa vie \u00e0 la cuisine n\u00e9cessite une urne sp\u00e9ciale. Notre Urne pour Cuisinier est con\u00e7ue pour\u2026\" \/>\n<meta name=\"robots\" content=\"index, follow, max-snippet:-1, max-image-preview:large, max-video-preview:-1\" \/>\n<link rel=\"canonical\" href=\"https:\/\/www.rememberme-forever.com\/fr\/produit\/urne-a-theme-pour-un-cuisinier\/\" \/>\n<meta property=\"og:locale\" content=\"fr_FR\" \/>\n<meta property=\"og:type\" content=\"article\" \/>\n<meta property=\"og:title\" content=\"Urne \u00e0 th\u00e8me pour un cuisinier\" \/>\n<meta property=\"og:description\" content=\"Honorer la m\u00e9moire de quelqu&#039;un qui a consacr\u00e9 sa vie \u00e0 la cuisine n\u00e9cessite une urne sp\u00e9ciale. Notre Urne pour Cuisinier est con\u00e7ue pour\u2026\" \/>\n<meta property=\"og:url\" content=\"https:\/\/www.rememberme-forever.com\/fr\/produit\/urne-a-theme-pour-un-cuisinier\/\" \/>\n<meta property=\"og:site_name\" content=\"Remember Forever\" \/>\n<meta property=\"article:modified_time\" content=\"2025-09-25T13:47:06+00:00\" \/>\n<meta property=\"og:image\" content=\"http:\/\/www.rememberme-forever.com\/wp-content\/uploads\/2024\/08\/DN21_cook_1.jpg\" \/>\n\t<meta property=\"og:image:width\" content=\"1007\" \/>\n\t<meta property=\"og:image:height\" content=\"1024\" \/>\n\t<meta property=\"og:image:type\" content=\"image\/jpeg\" \/>\n<meta name=\"twitter:card\" content=\"summary_large_image\" \/>\n<meta name=\"twitter:label1\" content=\"Dur\u00e9e de lecture estim\u00e9e\" \/>\n\t<meta name=\"twitter:data1\" content=\"2 minutes\" \/>\n<script type=\"application\/ld+json\" class=\"yoast-schema-graph\">{\"@context\":\"https:\\\/\\\/schema.org\",\"@graph\":[{\"@type\":\"WebPage\",\"@id\":\"https:\\\/\\\/www.rememberme-forever.com\\\/fr\\\/produit\\\/urne-a-theme-pour-un-cuisinier\\\/\",\"url\":\"https:\\\/\\\/www.rememberme-forever.com\\\/fr\\\/produit\\\/urne-a-theme-pour-un-cuisinier\\\/\",\"name\":\"Urne \u00e0 th\u00e8me pour un cuisinier\",\"isPartOf\":{\"@id\":\"https:\\\/\\\/www.rememberme-forever.com\\\/fr\\\/#website\"},\"primaryImageOfPage\":{\"@id\":\"https:\\\/\\\/www.rememberme-forever.com\\\/fr\\\/produit\\\/urne-a-theme-pour-un-cuisinier\\\/#primaryimage\"},\"image\":{\"@id\":\"https:\\\/\\\/www.rememberme-forever.com\\\/fr\\\/produit\\\/urne-a-theme-pour-un-cuisinier\\\/#primaryimage\"},\"thumbnailUrl\":\"https:\\\/\\\/www.rememberme-forever.com\\\/wp-content\\\/uploads\\\/2024\\\/08\\\/DN21_cook_1.jpg\",\"datePublished\":\"2024-08-07T08:05:47+00:00\",\"dateModified\":\"2025-09-25T13:47:06+00:00\",\"description\":\"Honorer la m\u00e9moire de quelqu'un qui a consacr\u00e9 sa vie \u00e0 la cuisine n\u00e9cessite une urne sp\u00e9ciale. Notre Urne pour Cuisinier est con\u00e7ue pour\u2026\",\"breadcrumb\":{\"@id\":\"https:\\\/\\\/www.rememberme-forever.com\\\/fr\\\/produit\\\/urne-a-theme-pour-un-cuisinier\\\/#breadcrumb\"},\"inLanguage\":\"fr-FR\",\"potentialAction\":[{\"@type\":\"ReadAction\",\"target\":[\"https:\\\/\\\/www.rememberme-forever.com\\\/fr\\\/produit\\\/urne-a-theme-pour-un-cuisinier\\\/\"]}]},{\"@type\":\"ImageObject\",\"inLanguage\":\"fr-FR\",\"@id\":\"https:\\\/\\\/www.rememberme-forever.com\\\/fr\\\/produit\\\/urne-a-theme-pour-un-cuisinier\\\/#primaryimage\",\"url\":\"https:\\\/\\\/www.rememberme-forever.com\\\/wp-content\\\/uploads\\\/2024\\\/08\\\/DN21_cook_1.jpg\",\"contentUrl\":\"https:\\\/\\\/www.rememberme-forever.com\\\/wp-content\\\/uploads\\\/2024\\\/08\\\/DN21_cook_1.jpg\",\"width\":1007,\"height\":1024,\"caption\":\"Theme urn for a cook\"},{\"@type\":\"BreadcrumbList\",\"@id\":\"https:\\\/\\\/www.rememberme-forever.com\\\/fr\\\/produit\\\/urne-a-theme-pour-un-cuisinier\\\/#breadcrumb\",\"itemListElement\":[{\"@type\":\"ListItem\",\"position\":1,\"name\":\"Home\",\"item\":\"https:\\\/\\\/www.rememberme-forever.com\\\/fr\\\/accueil\\\/\"},{\"@type\":\"ListItem\",\"position\":2,\"name\":\"Boutique\",\"item\":\"https:\\\/\\\/www.rememberme-forever.com\\\/fr\\\/boutique\\\/\"},{\"@type\":\"ListItem\",\"position\":3,\"name\":\"Urne \u00e0 th\u00e8me pour un cuisinier\"}]},{\"@type\":\"WebSite\",\"@id\":\"https:\\\/\\\/www.rememberme-forever.com\\\/fr\\\/#website\",\"url\":\"https:\\\/\\\/www.rememberme-forever.com\\\/fr\\\/\",\"name\":\"Remember Forever\",\"description\":\"Cremation urns, funeral urns, urns for ashes\",\"publisher\":{\"@id\":\"https:\\\/\\\/www.rememberme-forever.com\\\/fr\\\/#organization\"},\"potentialAction\":[{\"@type\":\"SearchAction\",\"target\":{\"@type\":\"EntryPoint\",\"urlTemplate\":\"https:\\\/\\\/www.rememberme-forever.com\\\/fr\\\/?s={search_term_string}\"},\"query-input\":{\"@type\":\"PropertyValueSpecification\",\"valueRequired\":true,\"valueName\":\"search_term_string\"}}],\"inLanguage\":\"fr-FR\"},{\"@type\":\"Organization\",\"@id\":\"https:\\\/\\\/www.rememberme-forever.com\\\/fr\\\/#organization\",\"name\":\"Remember Forever\",\"url\":\"https:\\\/\\\/www.rememberme-forever.com\\\/fr\\\/\",\"logo\":{\"@type\":\"ImageObject\",\"inLanguage\":\"fr-FR\",\"@id\":\"https:\\\/\\\/www.rememberme-forever.com\\\/fr\\\/#\\\/schema\\\/logo\\\/image\\\/\",\"url\":\"https:\\\/\\\/www.rememberme-forever.com\\\/wp-content\\\/uploads\\\/2023\\\/02\\\/logo.png\",\"contentUrl\":\"https:\\\/\\\/www.rememberme-forever.com\\\/wp-content\\\/uploads\\\/2023\\\/02\\\/logo.png\",\"width\":300,\"height\":56,\"caption\":\"Remember Forever\"},\"image\":{\"@id\":\"https:\\\/\\\/www.rememberme-forever.com\\\/fr\\\/#\\\/schema\\\/logo\\\/image\\\/\"}}]}<\/script>\n<!-- \/ Yoast SEO plugin. -->","yoast_head_json":{"title":"Urne \u00e0 th\u00e8me pour un cuisinier","description":"Honorer la m\u00e9moire de quelqu'un qui a consacr\u00e9 sa vie \u00e0 la cuisine n\u00e9cessite une urne sp\u00e9ciale. Notre Urne pour Cuisinier est con\u00e7ue pour\u2026","robots":{"index":"index","follow":"follow","max-snippet":"max-snippet:-1","max-image-preview":"max-image-preview:large","max-video-preview":"max-video-preview:-1"},"canonical":"https:\/\/www.rememberme-forever.com\/fr\/produit\/urne-a-theme-pour-un-cuisinier\/","og_locale":"fr_FR","og_type":"article","og_title":"Urne \u00e0 th\u00e8me pour un cuisinier","og_description":"Honorer la m\u00e9moire de quelqu'un qui a consacr\u00e9 sa vie \u00e0 la cuisine n\u00e9cessite une urne sp\u00e9ciale. Notre Urne pour Cuisinier est con\u00e7ue pour\u2026","og_url":"https:\/\/www.rememberme-forever.com\/fr\/produit\/urne-a-theme-pour-un-cuisinier\/","og_site_name":"Remember Forever","article_modified_time":"2025-09-25T13:47:06+00:00","og_image":[{"width":1007,"height":1024,"url":"http:\/\/www.rememberme-forever.com\/wp-content\/uploads\/2024\/08\/DN21_cook_1.jpg","type":"image\/jpeg"}],"twitter_card":"summary_large_image","twitter_misc":{"Dur\u00e9e de lecture estim\u00e9e":"2 minutes"},"schema":{"@context":"https:\/\/schema.org","@graph":[{"@type":"WebPage","@id":"https:\/\/www.rememberme-forever.com\/fr\/produit\/urne-a-theme-pour-un-cuisinier\/","url":"https:\/\/www.rememberme-forever.com\/fr\/produit\/urne-a-theme-pour-un-cuisinier\/","name":"Urne \u00e0 th\u00e8me pour un cuisinier","isPartOf":{"@id":"https:\/\/www.rememberme-forever.com\/fr\/#website"},"primaryImageOfPage":{"@id":"https:\/\/www.rememberme-forever.com\/fr\/produit\/urne-a-theme-pour-un-cuisinier\/#primaryimage"},"image":{"@id":"https:\/\/www.rememberme-forever.com\/fr\/produit\/urne-a-theme-pour-un-cuisinier\/#primaryimage"},"thumbnailUrl":"https:\/\/www.rememberme-forever.com\/wp-content\/uploads\/2024\/08\/DN21_cook_1.jpg","datePublished":"2024-08-07T08:05:47+00:00","dateModified":"2025-09-25T13:47:06+00:00","description":"Honorer la m\u00e9moire de quelqu'un qui a consacr\u00e9 sa vie \u00e0 la cuisine n\u00e9cessite une urne sp\u00e9ciale. Notre Urne pour Cuisinier est con\u00e7ue pour\u2026","breadcrumb":{"@id":"https:\/\/www.rememberme-forever.com\/fr\/produit\/urne-a-theme-pour-un-cuisinier\/#breadcrumb"},"inLanguage":"fr-FR","potentialAction":[{"@type":"ReadAction","target":["https:\/\/www.rememberme-forever.com\/fr\/produit\/urne-a-theme-pour-un-cuisinier\/"]}]},{"@type":"ImageObject","inLanguage":"fr-FR","@id":"https:\/\/www.rememberme-forever.com\/fr\/produit\/urne-a-theme-pour-un-cuisinier\/#primaryimage","url":"https:\/\/www.rememberme-forever.com\/wp-content\/uploads\/2024\/08\/DN21_cook_1.jpg","contentUrl":"https:\/\/www.rememberme-forever.com\/wp-content\/uploads\/2024\/08\/DN21_cook_1.jpg","width":1007,"height":1024,"caption":"Theme urn for a cook"},{"@type":"BreadcrumbList","@id":"https:\/\/www.rememberme-forever.com\/fr\/produit\/urne-a-theme-pour-un-cuisinier\/#breadcrumb","itemListElement":[{"@type":"ListItem","position":1,"name":"Home","item":"https:\/\/www.rememberme-forever.com\/fr\/accueil\/"},{"@type":"ListItem","position":2,"name":"Boutique","item":"https:\/\/www.rememberme-forever.com\/fr\/boutique\/"},{"@type":"ListItem","position":3,"name":"Urne \u00e0 th\u00e8me pour un cuisinier"}]},{"@type":"WebSite","@id":"https:\/\/www.rememberme-forever.com\/fr\/#website","url":"https:\/\/www.rememberme-forever.com\/fr\/","name":"Remember Forever","description":"Cremation urns, funeral urns, urns for ashes","publisher":{"@id":"https:\/\/www.rememberme-forever.com\/fr\/#organization"},"potentialAction":[{"@type":"SearchAction","target":{"@type":"EntryPoint","urlTemplate":"https:\/\/www.rememberme-forever.com\/fr\/?s={search_term_string}"},"query-input":{"@type":"PropertyValueSpecification","valueRequired":true,"valueName":"search_term_string"}}],"inLanguage":"fr-FR"},{"@type":"Organization","@id":"https:\/\/www.rememberme-forever.com\/fr\/#organization","name":"Remember Forever","url":"https:\/\/www.rememberme-forever.com\/fr\/","logo":{"@type":"ImageObject","inLanguage":"fr-FR","@id":"https:\/\/www.rememberme-forever.com\/fr\/#\/schema\/logo\/image\/","url":"https:\/\/www.rememberme-forever.com\/wp-content\/uploads\/2023\/02\/logo.png","contentUrl":"https:\/\/www.rememberme-forever.com\/wp-content\/uploads\/2023\/02\/logo.png","width":300,"height":56,"caption":"Remember Forever"},"image":{"@id":"https:\/\/www.rememberme-forever.com\/fr\/#\/schema\/logo\/image\/"}}]}},"acf":[],"_links":{"self":[{"href":"https:\/\/www.rememberme-forever.com\/fr\/wp-json\/wp\/v2\/product\/19235","targetHints":{"allow":["GET"]}}],"collection":[{"href":"https:\/\/www.rememberme-forever.com\/fr\/wp-json\/wp\/v2\/product"}],"about":[{"href":"https:\/\/www.rememberme-forever.com\/fr\/wp-json\/wp\/v2\/types\/product"}],"replies":[{"embeddable":true,"href":"https:\/\/www.rememberme-forever.com\/fr\/wp-json\/wp\/v2\/comments?post=19235"}],"wp:featuredmedia":[{"embeddable":true,"href":"https:\/\/www.rememberme-forever.com\/fr\/wp-json\/wp\/v2\/media\/19236"}],"wp:attachment":[{"href":"https:\/\/www.rememberme-forever.com\/fr\/wp-json\/wp\/v2\/media?parent=19235"}],"wp:term":[{"taxonomy":"product_brand","embeddable":true,"href":"https:\/\/www.rememberme-forever.com\/fr\/wp-json\/wp\/v2\/product_brand?post=19235"},{"taxonomy":"product_cat","embeddable":true,"href":"https:\/\/www.rememberme-forever.com\/fr\/wp-json\/wp\/v2\/product_cat?post=19235"},{"taxonomy":"product_tag","embeddable":true,"href":"https:\/\/www.rememberme-forever.com\/fr\/wp-json\/wp\/v2\/product_tag?post=19235"}],"curies":[{"name":"wp","href":"https:\/\/api.w.org\/{rel}","templated":true}]}}