{"id":19256,"date":"2024-10-23T14:06:46","date_gmt":"2024-10-23T12:06:46","guid":{"rendered":"https:\/\/www.rememberme-forever.com\/product\/urne-funeraire-pour-enfant-pour-cendres-theme-winnie-lourson-urne-funeraire-pour-bebe\/"},"modified":"2025-10-15T13:22:52","modified_gmt":"2025-10-15T11:22:52","slug":"urne-funeraire-pour-enfant-pour-cendres-theme-winnie-lourson-urne-funeraire-pour-bebe","status":"publish","type":"product","link":"https:\/\/www.rememberme-forever.com\/fr\/produit\/urne-funeraire-pour-enfant-pour-cendres-theme-winnie-lourson-urne-funeraire-pour-bebe\/","title":{"rendered":"Urne fun\u00e9raire pour enfant pour cendres Th\u00e8me Winnie l&rsquo;ourson Urne fun\u00e9raire pour b\u00e9b\u00e9"},"content":{"rendered":"<p style=\"text-align: center;\">D\u00e9couvrez l&rsquo;urne fun\u00e9raire pour enfant peinte \u00e0 la main \u2013 Th\u00e8me Petit Tigre et \u00c2ne. Une urne touchante et magnifiquement con\u00e7ue pour honorer et ch\u00e9rir la m\u00e9moire d&rsquo;un b\u00e9b\u00e9 ou d&rsquo;un jeune enfant bien-aim\u00e9. Cette urne unique allie d\u00e9licatesse et mat\u00e9riaux haut de gamme, offrant un lieu de repos paisible et une touche de tendresse. <\/p>\n<p style=\"text-align: center;\">Fabriqu\u00e9e en acier inoxydable de haute qualit\u00e9, cette urne est con\u00e7ue pour durer et pr\u00e9server durablement la m\u00e9moire de votre enfant. Sa surface lisse et polie est peinte \u00e0 la main de d\u00e9licates repr\u00e9sentations d&rsquo;un petit tigre joueur et d&rsquo;un \u00e2ne doux, inspir\u00e9s des personnages embl\u00e9matiques de Winnie l&rsquo;ourson. Ces figures famili\u00e8res et r\u00e9confortantes \u00e9voquent l&rsquo;innocence, l&rsquo;amiti\u00e9 et la chaleur, faisant de cette urne un hommage empreint de sens.  <\/p>\n<p style=\"text-align: center;\">L&rsquo;urne repose sur un socle en marbre robuste, apportant \u00e9l\u00e9gance et stabilit\u00e9. L&rsquo;alliance de l&rsquo;acier inoxydable et du marbre cr\u00e9e une pi\u00e8ce intemporelle alliant durabilit\u00e9 et beaut\u00e9 artistique. Sa conception compacte lui permet d&rsquo;\u00eatre expos\u00e9 dans un endroit sp\u00e9cial de votre maison, cr\u00e9ant un m\u00e9morial durable rempli d&rsquo;amour.  <\/p>\n<div style=\"width: 100%; margin-bottom: 30px; height: max-content; padding-bottom: 60%; position: relative; text-align: center;\"><iframe style=\"position: absolute; top: 0; left: 0; width: 100%; height: 100%;\" src=\"https:\/\/rememberme-urns.com\/winnie-te-pooh-child-urn\/\" frameborder=\"0\"><\/iframe><\/div>\n<div style=\"color: red; text-align: center; margin-bottom: 25px;\">\n<p>&gt;&gt; Rotation de la photo &#8211; appuyer\/zoomer &lt;&lt;<\/p>\n<\/div>\n<p style=\"text-align: center;\">Caract\u00e9ristiques principales :<\/p>\n<ul style=\"text-align: center;\">\n<li>Image peinte \u00e0 la main sur le th\u00e8me de Winnie l&rsquo;ourson<\/li>\n<li>Construction robuste en acier inoxydable<\/li>\n<li>Base en marbre massif pour plus d&rsquo;\u00e9l\u00e9gance<\/li>\n<li>Con\u00e7u avec soin pour honorer la m\u00e9moire d&rsquo;un enfant pr\u00e9cieux<\/li>\n<li>Cette urne est un tendre rappel de l&rsquo;amour et de la joie que votre enfant a apport\u00e9s au monde.<\/li>\n<\/ul>\n<p style=\"text-align: center;\"><span style=\"font-weight: 600;\">\u25ba PERSONNALISATION \u25c4<\/span><\/p>\n<ul style=\"text-align: center;\">\n<li>La plaque comm\u00e9morative personnalis\u00e9e doit \u00eatre personnalis\u00e9e lors de la commande. (En cas d&rsquo;oubli, n&rsquo;h\u00e9sitez pas \u00e0 nous contacter ult\u00e9rieurement.) <\/li>\n<\/ul>\n<p style=\"text-align: center;\"><span style=\"font-weight: 600; color: inherit;\">Les limites de texte sont les suivantes :<\/span><\/p>\n<ul style=\"text-align: center;\">\n<li>Nom(s) jusqu&rsquo;\u00e0 35 caract\u00e8res<\/li>\n<li>Dates de naissance et de d\u00e9c\u00e8s (35 caract\u00e8res maximum)<\/li>\n<li>Troisi\u00e8me ligne : 35 caract\u00e8res maximum<\/li>\n<li>Quatri\u00e8me ligne : 35 caract\u00e8res maximum\n<\/li>\n<li>Cinqui\u00e8me ligne : 35 caract\u00e8res maximum<\/li>\n<li>Sixi\u00e8me ligne : 35 caract\u00e8res maximum<\/li>\n<\/ul>\n<p style=\"text-align: center;\"><span style=\"font-weight: 600; color: inherit;\">Veuillez V\u00c9RIFIER le texte de gravure avant d&rsquo;ajouter le produit \u00e0 votre panier. Nous reproduisons et gravons exactement les informations re\u00e7ues lors de la commande et n&rsquo;y apportons aucune modification. <\/span><\/p>\n<ul>\n<li style=\"text-align: center;\">V\u00e9rifiez l&rsquo;orthographe du texte.<\/li>\n<\/ul>\n","protected":false},"excerpt":{"rendered":"<p>D\u00e9couvrez l&rsquo;urne fun\u00e9raire pour enfant peinte \u00e0 la main \u2013 Th\u00e8me Petit Tigre et \u00c2ne. Une urne touchante et magnifiquement con\u00e7ue pour honorer et ch\u00e9rir&#8230;<\/p>\n","protected":false},"featured_media":19257,"template":"","meta":{"_acf_changed":false},"product_brand":[],"product_cat":[2406,2409],"product_tag":[3345],"class_list":{"0":"post-19256","1":"product","2":"type-product","3":"status-publish","4":"has-post-thumbnail","6":"product_cat-urnes-artistiques","7":"product_cat-urnes-pour-enfants","8":"product_tag-gpsr-metal_stonebase","9":"product_shipping_class-4-5-kg","11":"first","12":"instock","13":"taxable","14":"shipping-taxable","15":"purchasable","16":"product-type-simple"},"yoast_head":"<!-- This site is optimized with the Yoast SEO plugin v27.4 - https:\/\/yoast.com\/product\/yoast-seo-wordpress\/ -->\n<title>Urne fun\u00e9raire pour enfant pour cendres Th\u00e8me Winnie l&#039;ourson Urne fun\u00e9raire pour b\u00e9b\u00e9 - Remember Forever<\/title>\n<meta name=\"description\" content=\"D\u00e9couvrez l&#039;urne fun\u00e9raire pour enfant peinte \u00e0 la main \u2013 Th\u00e8me Petit Tigre et \u00c2ne, une urne sinc\u00e8re et magnifiquement con\u00e7ue, con\u00e7ue pour\u2026\" \/>\n<meta name=\"robots\" content=\"index, follow, max-snippet:-1, max-image-preview:large, max-video-preview:-1\" \/>\n<link rel=\"canonical\" href=\"https:\/\/www.rememberme-forever.com\/fr\/produit\/urne-funeraire-pour-enfant-pour-cendres-theme-winnie-lourson-urne-funeraire-pour-bebe\/\" \/>\n<meta property=\"og:locale\" content=\"fr_FR\" \/>\n<meta property=\"og:type\" content=\"article\" \/>\n<meta property=\"og:title\" content=\"Urne fun\u00e9raire pour enfant pour cendres Th\u00e8me Winnie l&#039;ourson Urne fun\u00e9raire pour b\u00e9b\u00e9 - Remember Forever\" \/>\n<meta property=\"og:description\" content=\"D\u00e9couvrez l&#039;urne fun\u00e9raire pour enfant peinte \u00e0 la main \u2013 Th\u00e8me Petit Tigre et \u00c2ne, une urne sinc\u00e8re et magnifiquement con\u00e7ue, con\u00e7ue pour\u2026\" \/>\n<meta property=\"og:url\" content=\"https:\/\/www.rememberme-forever.com\/fr\/produit\/urne-funeraire-pour-enfant-pour-cendres-theme-winnie-lourson-urne-funeraire-pour-bebe\/\" \/>\n<meta property=\"og:site_name\" content=\"Remember Forever\" \/>\n<meta property=\"article:modified_time\" content=\"2025-10-15T11:22:52+00:00\" \/>\n<meta property=\"og:image\" content=\"https:\/\/www.rememberme-forever.com\/wp-content\/uploads\/2024\/10\/Winnie-the-Pooh-child-urn_0001.jpg\" \/>\n\t<meta property=\"og:image:width\" content=\"1007\" \/>\n\t<meta property=\"og:image:height\" content=\"1024\" \/>\n\t<meta property=\"og:image:type\" content=\"image\/jpeg\" \/>\n<meta name=\"twitter:card\" content=\"summary_large_image\" \/>\n<meta name=\"twitter:label1\" content=\"Dur\u00e9e de lecture estim\u00e9e\" \/>\n\t<meta name=\"twitter:data1\" content=\"2 minutes\" \/>\n<script type=\"application\/ld+json\" class=\"yoast-schema-graph\">{\"@context\":\"https:\\\/\\\/schema.org\",\"@graph\":[{\"@type\":\"WebPage\",\"@id\":\"https:\\\/\\\/www.rememberme-forever.com\\\/fr\\\/produit\\\/urne-funeraire-pour-enfant-pour-cendres-theme-winnie-lourson-urne-funeraire-pour-bebe\\\/\",\"url\":\"https:\\\/\\\/www.rememberme-forever.com\\\/fr\\\/produit\\\/urne-funeraire-pour-enfant-pour-cendres-theme-winnie-lourson-urne-funeraire-pour-bebe\\\/\",\"name\":\"Urne fun\u00e9raire pour enfant pour cendres Th\u00e8me Winnie l'ourson Urne fun\u00e9raire pour b\u00e9b\u00e9 - Remember Forever\",\"isPartOf\":{\"@id\":\"https:\\\/\\\/www.rememberme-forever.com\\\/fr\\\/#website\"},\"primaryImageOfPage\":{\"@id\":\"https:\\\/\\\/www.rememberme-forever.com\\\/fr\\\/produit\\\/urne-funeraire-pour-enfant-pour-cendres-theme-winnie-lourson-urne-funeraire-pour-bebe\\\/#primaryimage\"},\"image\":{\"@id\":\"https:\\\/\\\/www.rememberme-forever.com\\\/fr\\\/produit\\\/urne-funeraire-pour-enfant-pour-cendres-theme-winnie-lourson-urne-funeraire-pour-bebe\\\/#primaryimage\"},\"thumbnailUrl\":\"https:\\\/\\\/www.rememberme-forever.com\\\/wp-content\\\/uploads\\\/2024\\\/10\\\/Winnie-the-Pooh-child-urn_0001.jpg\",\"datePublished\":\"2024-10-23T12:06:46+00:00\",\"dateModified\":\"2025-10-15T11:22:52+00:00\",\"description\":\"D\u00e9couvrez l'urne fun\u00e9raire pour enfant peinte \u00e0 la main \u2013 Th\u00e8me Petit Tigre et \u00c2ne, une urne sinc\u00e8re et magnifiquement con\u00e7ue, con\u00e7ue pour\u2026\",\"breadcrumb\":{\"@id\":\"https:\\\/\\\/www.rememberme-forever.com\\\/fr\\\/produit\\\/urne-funeraire-pour-enfant-pour-cendres-theme-winnie-lourson-urne-funeraire-pour-bebe\\\/#breadcrumb\"},\"inLanguage\":\"fr-FR\",\"potentialAction\":[{\"@type\":\"ReadAction\",\"target\":[\"https:\\\/\\\/www.rememberme-forever.com\\\/fr\\\/produit\\\/urne-funeraire-pour-enfant-pour-cendres-theme-winnie-lourson-urne-funeraire-pour-bebe\\\/\"]}]},{\"@type\":\"ImageObject\",\"inLanguage\":\"fr-FR\",\"@id\":\"https:\\\/\\\/www.rememberme-forever.com\\\/fr\\\/produit\\\/urne-funeraire-pour-enfant-pour-cendres-theme-winnie-lourson-urne-funeraire-pour-bebe\\\/#primaryimage\",\"url\":\"https:\\\/\\\/www.rememberme-forever.com\\\/wp-content\\\/uploads\\\/2024\\\/10\\\/Winnie-the-Pooh-child-urn_0001.jpg\",\"contentUrl\":\"https:\\\/\\\/www.rememberme-forever.com\\\/wp-content\\\/uploads\\\/2024\\\/10\\\/Winnie-the-Pooh-child-urn_0001.jpg\",\"width\":1007,\"height\":1024,\"caption\":\"Urne Winnie l'ourson, une urne pour b\u00e9b\u00e9 avec Winnie l'ourson, Tigrou et Bourriquet\"},{\"@type\":\"BreadcrumbList\",\"@id\":\"https:\\\/\\\/www.rememberme-forever.com\\\/fr\\\/produit\\\/urne-funeraire-pour-enfant-pour-cendres-theme-winnie-lourson-urne-funeraire-pour-bebe\\\/#breadcrumb\",\"itemListElement\":[{\"@type\":\"ListItem\",\"position\":1,\"name\":\"Home\",\"item\":\"https:\\\/\\\/www.rememberme-forever.com\\\/fr\\\/accueil\\\/\"},{\"@type\":\"ListItem\",\"position\":2,\"name\":\"Boutique\",\"item\":\"https:\\\/\\\/www.rememberme-forever.com\\\/fr\\\/boutique\\\/\"},{\"@type\":\"ListItem\",\"position\":3,\"name\":\"Urne fun\u00e9raire pour enfant pour cendres Th\u00e8me Winnie l&#8217;ourson Urne fun\u00e9raire pour b\u00e9b\u00e9\"}]},{\"@type\":\"WebSite\",\"@id\":\"https:\\\/\\\/www.rememberme-forever.com\\\/fr\\\/#website\",\"url\":\"https:\\\/\\\/www.rememberme-forever.com\\\/fr\\\/\",\"name\":\"Remember Forever\",\"description\":\"Cremation urns, funeral urns, urns for ashes\",\"publisher\":{\"@id\":\"https:\\\/\\\/www.rememberme-forever.com\\\/fr\\\/#organization\"},\"potentialAction\":[{\"@type\":\"SearchAction\",\"target\":{\"@type\":\"EntryPoint\",\"urlTemplate\":\"https:\\\/\\\/www.rememberme-forever.com\\\/fr\\\/?s={search_term_string}\"},\"query-input\":{\"@type\":\"PropertyValueSpecification\",\"valueRequired\":true,\"valueName\":\"search_term_string\"}}],\"inLanguage\":\"fr-FR\"},{\"@type\":\"Organization\",\"@id\":\"https:\\\/\\\/www.rememberme-forever.com\\\/fr\\\/#organization\",\"name\":\"Remember Forever\",\"url\":\"https:\\\/\\\/www.rememberme-forever.com\\\/fr\\\/\",\"logo\":{\"@type\":\"ImageObject\",\"inLanguage\":\"fr-FR\",\"@id\":\"https:\\\/\\\/www.rememberme-forever.com\\\/fr\\\/#\\\/schema\\\/logo\\\/image\\\/\",\"url\":\"https:\\\/\\\/www.rememberme-forever.com\\\/wp-content\\\/uploads\\\/2023\\\/02\\\/logo.png\",\"contentUrl\":\"https:\\\/\\\/www.rememberme-forever.com\\\/wp-content\\\/uploads\\\/2023\\\/02\\\/logo.png\",\"width\":300,\"height\":56,\"caption\":\"Remember Forever\"},\"image\":{\"@id\":\"https:\\\/\\\/www.rememberme-forever.com\\\/fr\\\/#\\\/schema\\\/logo\\\/image\\\/\"}}]}<\/script>\n<!-- \/ Yoast SEO plugin. -->","yoast_head_json":{"title":"Urne fun\u00e9raire pour enfant pour cendres Th\u00e8me Winnie l'ourson Urne fun\u00e9raire pour b\u00e9b\u00e9 - Remember Forever","description":"D\u00e9couvrez l'urne fun\u00e9raire pour enfant peinte \u00e0 la main \u2013 Th\u00e8me Petit Tigre et \u00c2ne, une urne sinc\u00e8re et magnifiquement con\u00e7ue, con\u00e7ue pour\u2026","robots":{"index":"index","follow":"follow","max-snippet":"max-snippet:-1","max-image-preview":"max-image-preview:large","max-video-preview":"max-video-preview:-1"},"canonical":"https:\/\/www.rememberme-forever.com\/fr\/produit\/urne-funeraire-pour-enfant-pour-cendres-theme-winnie-lourson-urne-funeraire-pour-bebe\/","og_locale":"fr_FR","og_type":"article","og_title":"Urne fun\u00e9raire pour enfant pour cendres Th\u00e8me Winnie l'ourson Urne fun\u00e9raire pour b\u00e9b\u00e9 - Remember Forever","og_description":"D\u00e9couvrez l'urne fun\u00e9raire pour enfant peinte \u00e0 la main \u2013 Th\u00e8me Petit Tigre et \u00c2ne, une urne sinc\u00e8re et magnifiquement con\u00e7ue, con\u00e7ue pour\u2026","og_url":"https:\/\/www.rememberme-forever.com\/fr\/produit\/urne-funeraire-pour-enfant-pour-cendres-theme-winnie-lourson-urne-funeraire-pour-bebe\/","og_site_name":"Remember Forever","article_modified_time":"2025-10-15T11:22:52+00:00","og_image":[{"width":1007,"height":1024,"url":"https:\/\/www.rememberme-forever.com\/wp-content\/uploads\/2024\/10\/Winnie-the-Pooh-child-urn_0001.jpg","type":"image\/jpeg"}],"twitter_card":"summary_large_image","twitter_misc":{"Dur\u00e9e de lecture estim\u00e9e":"2 minutes"},"schema":{"@context":"https:\/\/schema.org","@graph":[{"@type":"WebPage","@id":"https:\/\/www.rememberme-forever.com\/fr\/produit\/urne-funeraire-pour-enfant-pour-cendres-theme-winnie-lourson-urne-funeraire-pour-bebe\/","url":"https:\/\/www.rememberme-forever.com\/fr\/produit\/urne-funeraire-pour-enfant-pour-cendres-theme-winnie-lourson-urne-funeraire-pour-bebe\/","name":"Urne fun\u00e9raire pour enfant pour cendres Th\u00e8me Winnie l'ourson Urne fun\u00e9raire pour b\u00e9b\u00e9 - Remember Forever","isPartOf":{"@id":"https:\/\/www.rememberme-forever.com\/fr\/#website"},"primaryImageOfPage":{"@id":"https:\/\/www.rememberme-forever.com\/fr\/produit\/urne-funeraire-pour-enfant-pour-cendres-theme-winnie-lourson-urne-funeraire-pour-bebe\/#primaryimage"},"image":{"@id":"https:\/\/www.rememberme-forever.com\/fr\/produit\/urne-funeraire-pour-enfant-pour-cendres-theme-winnie-lourson-urne-funeraire-pour-bebe\/#primaryimage"},"thumbnailUrl":"https:\/\/www.rememberme-forever.com\/wp-content\/uploads\/2024\/10\/Winnie-the-Pooh-child-urn_0001.jpg","datePublished":"2024-10-23T12:06:46+00:00","dateModified":"2025-10-15T11:22:52+00:00","description":"D\u00e9couvrez l'urne fun\u00e9raire pour enfant peinte \u00e0 la main \u2013 Th\u00e8me Petit Tigre et \u00c2ne, une urne sinc\u00e8re et magnifiquement con\u00e7ue, con\u00e7ue pour\u2026","breadcrumb":{"@id":"https:\/\/www.rememberme-forever.com\/fr\/produit\/urne-funeraire-pour-enfant-pour-cendres-theme-winnie-lourson-urne-funeraire-pour-bebe\/#breadcrumb"},"inLanguage":"fr-FR","potentialAction":[{"@type":"ReadAction","target":["https:\/\/www.rememberme-forever.com\/fr\/produit\/urne-funeraire-pour-enfant-pour-cendres-theme-winnie-lourson-urne-funeraire-pour-bebe\/"]}]},{"@type":"ImageObject","inLanguage":"fr-FR","@id":"https:\/\/www.rememberme-forever.com\/fr\/produit\/urne-funeraire-pour-enfant-pour-cendres-theme-winnie-lourson-urne-funeraire-pour-bebe\/#primaryimage","url":"https:\/\/www.rememberme-forever.com\/wp-content\/uploads\/2024\/10\/Winnie-the-Pooh-child-urn_0001.jpg","contentUrl":"https:\/\/www.rememberme-forever.com\/wp-content\/uploads\/2024\/10\/Winnie-the-Pooh-child-urn_0001.jpg","width":1007,"height":1024,"caption":"Urne Winnie l'ourson, une urne pour b\u00e9b\u00e9 avec Winnie l'ourson, Tigrou et Bourriquet"},{"@type":"BreadcrumbList","@id":"https:\/\/www.rememberme-forever.com\/fr\/produit\/urne-funeraire-pour-enfant-pour-cendres-theme-winnie-lourson-urne-funeraire-pour-bebe\/#breadcrumb","itemListElement":[{"@type":"ListItem","position":1,"name":"Home","item":"https:\/\/www.rememberme-forever.com\/fr\/accueil\/"},{"@type":"ListItem","position":2,"name":"Boutique","item":"https:\/\/www.rememberme-forever.com\/fr\/boutique\/"},{"@type":"ListItem","position":3,"name":"Urne fun\u00e9raire pour enfant pour cendres Th\u00e8me Winnie l&#8217;ourson Urne fun\u00e9raire pour b\u00e9b\u00e9"}]},{"@type":"WebSite","@id":"https:\/\/www.rememberme-forever.com\/fr\/#website","url":"https:\/\/www.rememberme-forever.com\/fr\/","name":"Remember Forever","description":"Cremation urns, funeral urns, urns for ashes","publisher":{"@id":"https:\/\/www.rememberme-forever.com\/fr\/#organization"},"potentialAction":[{"@type":"SearchAction","target":{"@type":"EntryPoint","urlTemplate":"https:\/\/www.rememberme-forever.com\/fr\/?s={search_term_string}"},"query-input":{"@type":"PropertyValueSpecification","valueRequired":true,"valueName":"search_term_string"}}],"inLanguage":"fr-FR"},{"@type":"Organization","@id":"https:\/\/www.rememberme-forever.com\/fr\/#organization","name":"Remember Forever","url":"https:\/\/www.rememberme-forever.com\/fr\/","logo":{"@type":"ImageObject","inLanguage":"fr-FR","@id":"https:\/\/www.rememberme-forever.com\/fr\/#\/schema\/logo\/image\/","url":"https:\/\/www.rememberme-forever.com\/wp-content\/uploads\/2023\/02\/logo.png","contentUrl":"https:\/\/www.rememberme-forever.com\/wp-content\/uploads\/2023\/02\/logo.png","width":300,"height":56,"caption":"Remember Forever"},"image":{"@id":"https:\/\/www.rememberme-forever.com\/fr\/#\/schema\/logo\/image\/"}}]}},"acf":[],"_links":{"self":[{"href":"https:\/\/www.rememberme-forever.com\/fr\/wp-json\/wp\/v2\/product\/19256","targetHints":{"allow":["GET"]}}],"collection":[{"href":"https:\/\/www.rememberme-forever.com\/fr\/wp-json\/wp\/v2\/product"}],"about":[{"href":"https:\/\/www.rememberme-forever.com\/fr\/wp-json\/wp\/v2\/types\/product"}],"wp:featuredmedia":[{"embeddable":true,"href":"https:\/\/www.rememberme-forever.com\/fr\/wp-json\/wp\/v2\/media\/19257"}],"wp:attachment":[{"href":"https:\/\/www.rememberme-forever.com\/fr\/wp-json\/wp\/v2\/media?parent=19256"}],"wp:term":[{"taxonomy":"product_brand","embeddable":true,"href":"https:\/\/www.rememberme-forever.com\/fr\/wp-json\/wp\/v2\/product_brand?post=19256"},{"taxonomy":"product_cat","embeddable":true,"href":"https:\/\/www.rememberme-forever.com\/fr\/wp-json\/wp\/v2\/product_cat?post=19256"},{"taxonomy":"product_tag","embeddable":true,"href":"https:\/\/www.rememberme-forever.com\/fr\/wp-json\/wp\/v2\/product_tag?post=19256"}],"curies":[{"name":"wp","href":"https:\/\/api.w.org\/{rel}","templated":true}]}}