{"id":19394,"date":"2023-06-20T09:00:44","date_gmt":"2023-06-20T07:00:44","guid":{"rendered":"https:\/\/www.rememberme-forever.com\/product\/urne-funeraire-artistique-pour-deux-personnes\/"},"modified":"2025-09-26T15:40:07","modified_gmt":"2025-09-26T13:40:07","slug":"urne-funeraire-artistique-pour-deux-personnes","status":"publish","type":"product","link":"https:\/\/www.rememberme-forever.com\/fr\/produit\/urne-funeraire-artistique-pour-deux-personnes\/","title":{"rendered":"Urne fun\u00e9raire artistique pour deux personnes"},"content":{"rendered":"<div style=\"width: 100%; margin-bottom: 40px; height: max-content; padding-bottom: 60%; position: relative;\"><iframe style=\"position: absolute; top: 0; left: 0; width: 100%; height: 100%;\" src=\"https:\/\/rememberme-urns.com\/artistic-hand-painted-companion-urn\/\" frameborder=\"0\"><\/iframe><\/div>\n<div style=\"color: red; text-align: center; margin-bottom: 25px;\">\n<p>&gt;&gt; Rotation de la photo &#8211; appuyer\/zoomer &lt;&lt;<\/p>\n<\/div>\n<h2 style=\"text-align: center;\">Artistic companion urn for two<\/h2>\n<p style=\"text-align: center;\">D\u00e9couvrez <strong>l&rsquo;Urne Artistique pour Deux <\/strong>: une grande urne magnifiquement peinte \u00e0 la main, con\u00e7ue pour accueillir les cendres de deux personnes. Unique et d\u00e9corative, cette urne rend un vibrant hommage au lien \u00e9ternel qui unit deux \u00eatres. R\u00e9alis\u00e9e avec un souci du d\u00e9tail m\u00e9ticuleux, elle allie avec brio une sph\u00e8re en acier inoxydable \u00e0 un somptueux socle en marbre.<\/p>\n<p style=\"text-align: center;\">Le design artistique de cette urne est captivant. Chaque urne est soigneusement peinte \u00e0 la main par des artisans qualifi\u00e9s, cr\u00e9ant ainsi un chef-d&rsquo;\u0153uvre unique. Les couleurs vibrantes et les motifs complexes rehaussent l&rsquo;esth\u00e9tique de l&rsquo;urne, la transformant en une pi\u00e8ce comm\u00e9morative remarquable. Le souci du d\u00e9tail lors du processus de peinture garantit que chaque urne est une \u0153uvre d&rsquo;art unique, refl\u00e9tant l&rsquo;individualit\u00e9 et les souvenirs des \u00eatres chers disparus.<\/p>\n<p style=\"text-align: center;\">Fabriqu\u00e9e en acier inoxydable de haute qualit\u00e9, la sph\u00e8re est non seulement visuellement saisissante, mais aussi durable et r\u00e9sistante \u00e0 la corrosion. La base en marbre ajoute une touche d&rsquo;\u00e9l\u00e9gance et de stabilit\u00e9 \u00e0 l&rsquo;urne, symbolisant la force et l&rsquo;endurance du lien entre les deux individus.<\/p>\n<p style=\"text-align: center;\">L&rsquo;int\u00e9rieur spacieux de l&rsquo;urne peut accueillir les cendres de deux personnes, leur offrant un lieu de repos paisible. La fermeture \u00e0 vis s\u00e9curis\u00e9e garantit la conservation des cendres.<\/p>\n<p style=\"text-align: center;\">L&rsquo;urne compagnon artistique pour deux personnes est un hommage sinc\u00e8re aux pr\u00e9cieux souvenirs et \u00e0 l&rsquo;amour \u00e9ternel partag\u00e9s par deux personnes. Son savoir-faire exquis, son design artistique et ses mat\u00e9riaux durables en font un choix intemporel et \u00e9l\u00e9gant pour honorer la vie et l&rsquo;h\u00e9ritage de vos proches.<\/p>\n<p>&nbsp;<\/p>\n<h3 style=\"text-align: center;\"><strong>PERSONNALISATION<\/strong><\/h3>\n<p style=\"text-align: center;\">La plaque comm\u00e9morative personnalis\u00e9e doit \u00eatre personnalis\u00e9e lors de votre commande. (Pas de panique si vous la manquez ; vous pouvez toujours nous contacter ult\u00e9rieurement.)<\/p>\n<p><img loading=\"lazy\" decoding=\"async\" class=\"wp-image-1449 aligncenter\" src=\"http:\/\/www.rememberme-forever.com\/wp-content\/uploads\/2023\/04\/memorial-plaque-cremation-urn-silver-300x153.jpg\" alt=\"Plaque comm\u00e9morative pour urne fun\u00e9raire en argent\" width=\"188\" height=\"96\" srcset=\"https:\/\/www.rememberme-forever.com\/wp-content\/uploads\/2023\/04\/memorial-plaque-cremation-urn-silver-300x153.jpg 300w, https:\/\/www.rememberme-forever.com\/wp-content\/uploads\/2023\/04\/memorial-plaque-cremation-urn-silver-64x33.jpg 64w, https:\/\/www.rememberme-forever.com\/wp-content\/uploads\/2023\/04\/memorial-plaque-cremation-urn-silver.jpg 448w\" sizes=\"auto, (max-width: 188px) 100vw, 188px\" \/><\/p>\n<p style=\"text-align: center;\">Veuillez examiner attentivement le texte \u00e0 graver avant d&rsquo;ajouter l&rsquo;article au panier. Nous reproduisons et gravons les informations exactes re\u00e7ues lors de la commande et n&rsquo;y apportons aucune modification.<\/p>\n<p style=\"text-align: center;\"><strong>Veuillez revoir le texte pour vous assurer que toutes les orthographes sont correctes.<\/strong><\/p>\n<p style=\"text-align: center;\" align=\"center\"><span style=\"color: red;\">Informations importantes : <\/span><\/p>\n<p style=\"text-align: center;\" align=\"center\"><span style=\"color: red;\">Cette urne est fabriqu\u00e9e sur commande, avec un d\u00e9lai de production moyen de 6 \u00e0 10 jours ouvr\u00e9s.<\/span><\/p>\n","protected":false},"excerpt":{"rendered":"<p><strong>Cette urne en acier inoxydable peut \u00e9galement accueillir les cendres d&rsquo;un adulte ou de deux personnes.<\/strong><\/p>\n<p>\u2705 Cette urne ne convient pas \u00e0 un usage ext\u00e9rieur. Consultez nos <a href=\"https:\/\/www.rememberme-forever.com\/product-category\/outdoor-urns\/\" target=\"_blank\" rel=\"noopener\"><strong>urnes d&rsquo;ext\u00e9rieur. &gt;&gt;<\/strong><\/a><\/p>\n<p>\u2705 D\u00e9lai de livraison : 10 jours ouvr\u00e9s. <span class=\"HwtZe\" lang=\"en\"><span class=\"jCAhz ChMk0b\"><span class=\"ryNqvb\">(Fabriqu\u00e9 sur commande).<\/span><\/span><\/span><\/p>\n<div class=\"UdTY9 WdefRb\" aria-hidden=\"true\" data-location=\"2\"><\/div>\n","protected":false},"featured_media":19405,"comment_status":"open","ping_status":"closed","template":"","meta":{"_acf_changed":false},"product_brand":[1991],"product_cat":[2406,2410],"product_tag":[3345],"class_list":{"0":"post-19394","1":"product","2":"type-product","3":"status-publish","4":"has-post-thumbnail","6":"product_brand-remember-forever","7":"product_cat-urnes-artistiques","8":"product_cat-urnes-compagnes","9":"product_tag-gpsr-metal_stonebase","10":"product_shipping_class-2-4kg-fr","12":"first","13":"instock","14":"sold-individually","15":"taxable","16":"shipping-taxable","17":"purchasable","18":"product-type-variable"},"yoast_head":"<!-- This site is optimized with the Yoast SEO plugin v27.5 - https:\/\/yoast.com\/product\/yoast-seo-wordpress\/ -->\n<title>Urne fun\u00e9raire artistique pour deux personnes<\/title>\n<meta name=\"description\" content=\"Pr\u00e9sentation de l&#039;urne compagnon artistique pour deux : une grande urne magnifiquement peinte \u00e0 la main, con\u00e7ue pour contenir les cendres de deux personnes.\" \/>\n<meta name=\"robots\" content=\"index, follow, max-snippet:-1, max-image-preview:large, max-video-preview:-1\" \/>\n<link rel=\"canonical\" href=\"https:\/\/www.rememberme-forever.com\/fr\/produit\/urne-funeraire-artistique-pour-deux-personnes\/\" \/>\n<meta property=\"og:locale\" content=\"fr_FR\" \/>\n<meta property=\"og:type\" content=\"article\" \/>\n<meta property=\"og:title\" content=\"Urne fun\u00e9raire artistique pour deux personnes\" \/>\n<meta property=\"og:description\" content=\"Pr\u00e9sentation de l&#039;urne compagnon artistique pour deux : une grande urne magnifiquement peinte \u00e0 la main, con\u00e7ue pour contenir les cendres de deux personnes.\" \/>\n<meta property=\"og:url\" content=\"https:\/\/www.rememberme-forever.com\/fr\/produit\/urne-funeraire-artistique-pour-deux-personnes\/\" \/>\n<meta property=\"og:site_name\" content=\"Remember Forever\" \/>\n<meta property=\"article:modified_time\" content=\"2025-09-26T13:40:07+00:00\" \/>\n<meta property=\"og:image\" content=\"http:\/\/www.rememberme-forever.com\/wp-content\/uploads\/2025\/01\/art-companion-urn-ver3_0001.jpg\" \/>\n\t<meta property=\"og:image:width\" content=\"1007\" \/>\n\t<meta property=\"og:image:height\" content=\"1024\" \/>\n\t<meta property=\"og:image:type\" content=\"image\/jpeg\" \/>\n<meta name=\"twitter:card\" content=\"summary_large_image\" \/>\n<meta name=\"twitter:label1\" content=\"Dur\u00e9e de lecture estim\u00e9e\" \/>\n\t<meta name=\"twitter:data1\" content=\"2 minutes\" \/>\n<script type=\"application\/ld+json\" class=\"yoast-schema-graph\">{\"@context\":\"https:\\\/\\\/schema.org\",\"@graph\":[{\"@type\":\"WebPage\",\"@id\":\"https:\\\/\\\/www.rememberme-forever.com\\\/fr\\\/produit\\\/urne-funeraire-artistique-pour-deux-personnes\\\/\",\"url\":\"https:\\\/\\\/www.rememberme-forever.com\\\/fr\\\/produit\\\/urne-funeraire-artistique-pour-deux-personnes\\\/\",\"name\":\"Urne fun\u00e9raire artistique pour deux personnes\",\"isPartOf\":{\"@id\":\"https:\\\/\\\/www.rememberme-forever.com\\\/fr\\\/#website\"},\"primaryImageOfPage\":{\"@id\":\"https:\\\/\\\/www.rememberme-forever.com\\\/fr\\\/produit\\\/urne-funeraire-artistique-pour-deux-personnes\\\/#primaryimage\"},\"image\":{\"@id\":\"https:\\\/\\\/www.rememberme-forever.com\\\/fr\\\/produit\\\/urne-funeraire-artistique-pour-deux-personnes\\\/#primaryimage\"},\"thumbnailUrl\":\"https:\\\/\\\/www.rememberme-forever.com\\\/wp-content\\\/uploads\\\/2025\\\/01\\\/art-companion-urn-ver3_0001.jpg\",\"datePublished\":\"2023-06-20T07:00:44+00:00\",\"dateModified\":\"2025-09-26T13:40:07+00:00\",\"description\":\"Pr\u00e9sentation de l'urne compagnon artistique pour deux : une grande urne magnifiquement peinte \u00e0 la main, con\u00e7ue pour contenir les cendres de deux personnes.\",\"breadcrumb\":{\"@id\":\"https:\\\/\\\/www.rememberme-forever.com\\\/fr\\\/produit\\\/urne-funeraire-artistique-pour-deux-personnes\\\/#breadcrumb\"},\"inLanguage\":\"fr-FR\",\"potentialAction\":[{\"@type\":\"ReadAction\",\"target\":[\"https:\\\/\\\/www.rememberme-forever.com\\\/fr\\\/produit\\\/urne-funeraire-artistique-pour-deux-personnes\\\/\"]}]},{\"@type\":\"ImageObject\",\"inLanguage\":\"fr-FR\",\"@id\":\"https:\\\/\\\/www.rememberme-forever.com\\\/fr\\\/produit\\\/urne-funeraire-artistique-pour-deux-personnes\\\/#primaryimage\",\"url\":\"https:\\\/\\\/www.rememberme-forever.com\\\/wp-content\\\/uploads\\\/2025\\\/01\\\/art-companion-urn-ver3_0001.jpg\",\"contentUrl\":\"https:\\\/\\\/www.rememberme-forever.com\\\/wp-content\\\/uploads\\\/2025\\\/01\\\/art-companion-urn-ver3_0001.jpg\",\"width\":1007,\"height\":1024,\"caption\":\"Artistic companion urn for two\"},{\"@type\":\"BreadcrumbList\",\"@id\":\"https:\\\/\\\/www.rememberme-forever.com\\\/fr\\\/produit\\\/urne-funeraire-artistique-pour-deux-personnes\\\/#breadcrumb\",\"itemListElement\":[{\"@type\":\"ListItem\",\"position\":1,\"name\":\"Home\",\"item\":\"https:\\\/\\\/www.rememberme-forever.com\\\/fr\\\/accueil\\\/\"},{\"@type\":\"ListItem\",\"position\":2,\"name\":\"Boutique\",\"item\":\"https:\\\/\\\/www.rememberme-forever.com\\\/fr\\\/boutique\\\/\"},{\"@type\":\"ListItem\",\"position\":3,\"name\":\"Urne fun\u00e9raire artistique pour deux personnes\"}]},{\"@type\":\"WebSite\",\"@id\":\"https:\\\/\\\/www.rememberme-forever.com\\\/fr\\\/#website\",\"url\":\"https:\\\/\\\/www.rememberme-forever.com\\\/fr\\\/\",\"name\":\"Remember Forever\",\"description\":\"Cremation urns, funeral urns, urns for ashes\",\"publisher\":{\"@id\":\"https:\\\/\\\/www.rememberme-forever.com\\\/fr\\\/#organization\"},\"potentialAction\":[{\"@type\":\"SearchAction\",\"target\":{\"@type\":\"EntryPoint\",\"urlTemplate\":\"https:\\\/\\\/www.rememberme-forever.com\\\/fr\\\/?s={search_term_string}\"},\"query-input\":{\"@type\":\"PropertyValueSpecification\",\"valueRequired\":true,\"valueName\":\"search_term_string\"}}],\"inLanguage\":\"fr-FR\"},{\"@type\":\"Organization\",\"@id\":\"https:\\\/\\\/www.rememberme-forever.com\\\/fr\\\/#organization\",\"name\":\"Remember Forever\",\"url\":\"https:\\\/\\\/www.rememberme-forever.com\\\/fr\\\/\",\"logo\":{\"@type\":\"ImageObject\",\"inLanguage\":\"fr-FR\",\"@id\":\"https:\\\/\\\/www.rememberme-forever.com\\\/fr\\\/#\\\/schema\\\/logo\\\/image\\\/\",\"url\":\"https:\\\/\\\/www.rememberme-forever.com\\\/wp-content\\\/uploads\\\/2023\\\/02\\\/logo.png\",\"contentUrl\":\"https:\\\/\\\/www.rememberme-forever.com\\\/wp-content\\\/uploads\\\/2023\\\/02\\\/logo.png\",\"width\":300,\"height\":56,\"caption\":\"Remember Forever\"},\"image\":{\"@id\":\"https:\\\/\\\/www.rememberme-forever.com\\\/fr\\\/#\\\/schema\\\/logo\\\/image\\\/\"}}]}<\/script>\n<!-- \/ Yoast SEO plugin. -->","yoast_head_json":{"title":"Urne fun\u00e9raire artistique pour deux personnes","description":"Pr\u00e9sentation de l'urne compagnon artistique pour deux : une grande urne magnifiquement peinte \u00e0 la main, con\u00e7ue pour contenir les cendres de deux personnes.","robots":{"index":"index","follow":"follow","max-snippet":"max-snippet:-1","max-image-preview":"max-image-preview:large","max-video-preview":"max-video-preview:-1"},"canonical":"https:\/\/www.rememberme-forever.com\/fr\/produit\/urne-funeraire-artistique-pour-deux-personnes\/","og_locale":"fr_FR","og_type":"article","og_title":"Urne fun\u00e9raire artistique pour deux personnes","og_description":"Pr\u00e9sentation de l'urne compagnon artistique pour deux : une grande urne magnifiquement peinte \u00e0 la main, con\u00e7ue pour contenir les cendres de deux personnes.","og_url":"https:\/\/www.rememberme-forever.com\/fr\/produit\/urne-funeraire-artistique-pour-deux-personnes\/","og_site_name":"Remember Forever","article_modified_time":"2025-09-26T13:40:07+00:00","og_image":[{"width":1007,"height":1024,"url":"http:\/\/www.rememberme-forever.com\/wp-content\/uploads\/2025\/01\/art-companion-urn-ver3_0001.jpg","type":"image\/jpeg"}],"twitter_card":"summary_large_image","twitter_misc":{"Dur\u00e9e de lecture estim\u00e9e":"2 minutes"},"schema":{"@context":"https:\/\/schema.org","@graph":[{"@type":"WebPage","@id":"https:\/\/www.rememberme-forever.com\/fr\/produit\/urne-funeraire-artistique-pour-deux-personnes\/","url":"https:\/\/www.rememberme-forever.com\/fr\/produit\/urne-funeraire-artistique-pour-deux-personnes\/","name":"Urne fun\u00e9raire artistique pour deux personnes","isPartOf":{"@id":"https:\/\/www.rememberme-forever.com\/fr\/#website"},"primaryImageOfPage":{"@id":"https:\/\/www.rememberme-forever.com\/fr\/produit\/urne-funeraire-artistique-pour-deux-personnes\/#primaryimage"},"image":{"@id":"https:\/\/www.rememberme-forever.com\/fr\/produit\/urne-funeraire-artistique-pour-deux-personnes\/#primaryimage"},"thumbnailUrl":"https:\/\/www.rememberme-forever.com\/wp-content\/uploads\/2025\/01\/art-companion-urn-ver3_0001.jpg","datePublished":"2023-06-20T07:00:44+00:00","dateModified":"2025-09-26T13:40:07+00:00","description":"Pr\u00e9sentation de l'urne compagnon artistique pour deux : une grande urne magnifiquement peinte \u00e0 la main, con\u00e7ue pour contenir les cendres de deux personnes.","breadcrumb":{"@id":"https:\/\/www.rememberme-forever.com\/fr\/produit\/urne-funeraire-artistique-pour-deux-personnes\/#breadcrumb"},"inLanguage":"fr-FR","potentialAction":[{"@type":"ReadAction","target":["https:\/\/www.rememberme-forever.com\/fr\/produit\/urne-funeraire-artistique-pour-deux-personnes\/"]}]},{"@type":"ImageObject","inLanguage":"fr-FR","@id":"https:\/\/www.rememberme-forever.com\/fr\/produit\/urne-funeraire-artistique-pour-deux-personnes\/#primaryimage","url":"https:\/\/www.rememberme-forever.com\/wp-content\/uploads\/2025\/01\/art-companion-urn-ver3_0001.jpg","contentUrl":"https:\/\/www.rememberme-forever.com\/wp-content\/uploads\/2025\/01\/art-companion-urn-ver3_0001.jpg","width":1007,"height":1024,"caption":"Artistic companion urn for two"},{"@type":"BreadcrumbList","@id":"https:\/\/www.rememberme-forever.com\/fr\/produit\/urne-funeraire-artistique-pour-deux-personnes\/#breadcrumb","itemListElement":[{"@type":"ListItem","position":1,"name":"Home","item":"https:\/\/www.rememberme-forever.com\/fr\/accueil\/"},{"@type":"ListItem","position":2,"name":"Boutique","item":"https:\/\/www.rememberme-forever.com\/fr\/boutique\/"},{"@type":"ListItem","position":3,"name":"Urne fun\u00e9raire artistique pour deux personnes"}]},{"@type":"WebSite","@id":"https:\/\/www.rememberme-forever.com\/fr\/#website","url":"https:\/\/www.rememberme-forever.com\/fr\/","name":"Remember Forever","description":"Cremation urns, funeral urns, urns for ashes","publisher":{"@id":"https:\/\/www.rememberme-forever.com\/fr\/#organization"},"potentialAction":[{"@type":"SearchAction","target":{"@type":"EntryPoint","urlTemplate":"https:\/\/www.rememberme-forever.com\/fr\/?s={search_term_string}"},"query-input":{"@type":"PropertyValueSpecification","valueRequired":true,"valueName":"search_term_string"}}],"inLanguage":"fr-FR"},{"@type":"Organization","@id":"https:\/\/www.rememberme-forever.com\/fr\/#organization","name":"Remember Forever","url":"https:\/\/www.rememberme-forever.com\/fr\/","logo":{"@type":"ImageObject","inLanguage":"fr-FR","@id":"https:\/\/www.rememberme-forever.com\/fr\/#\/schema\/logo\/image\/","url":"https:\/\/www.rememberme-forever.com\/wp-content\/uploads\/2023\/02\/logo.png","contentUrl":"https:\/\/www.rememberme-forever.com\/wp-content\/uploads\/2023\/02\/logo.png","width":300,"height":56,"caption":"Remember Forever"},"image":{"@id":"https:\/\/www.rememberme-forever.com\/fr\/#\/schema\/logo\/image\/"}}]}},"acf":[],"_links":{"self":[{"href":"https:\/\/www.rememberme-forever.com\/fr\/wp-json\/wp\/v2\/product\/19394","targetHints":{"allow":["GET"]}}],"collection":[{"href":"https:\/\/www.rememberme-forever.com\/fr\/wp-json\/wp\/v2\/product"}],"about":[{"href":"https:\/\/www.rememberme-forever.com\/fr\/wp-json\/wp\/v2\/types\/product"}],"replies":[{"embeddable":true,"href":"https:\/\/www.rememberme-forever.com\/fr\/wp-json\/wp\/v2\/comments?post=19394"}],"wp:featuredmedia":[{"embeddable":true,"href":"https:\/\/www.rememberme-forever.com\/fr\/wp-json\/wp\/v2\/media\/19405"}],"wp:attachment":[{"href":"https:\/\/www.rememberme-forever.com\/fr\/wp-json\/wp\/v2\/media?parent=19394"}],"wp:term":[{"taxonomy":"product_brand","embeddable":true,"href":"https:\/\/www.rememberme-forever.com\/fr\/wp-json\/wp\/v2\/product_brand?post=19394"},{"taxonomy":"product_cat","embeddable":true,"href":"https:\/\/www.rememberme-forever.com\/fr\/wp-json\/wp\/v2\/product_cat?post=19394"},{"taxonomy":"product_tag","embeddable":true,"href":"https:\/\/www.rememberme-forever.com\/fr\/wp-json\/wp\/v2\/product_tag?post=19394"}],"curies":[{"name":"wp","href":"https:\/\/api.w.org\/{rel}","templated":true}]}}