{"id":19538,"date":"2023-12-08T13:18:54","date_gmt":"2023-12-08T12:18:54","guid":{"rendered":"https:\/\/www.rememberme-forever.com\/product\/urne-funeraire-dexterieur-en-acier-inoxydable-avec-papillon\/"},"modified":"2025-09-29T11:43:05","modified_gmt":"2025-09-29T09:43:05","slug":"urne-funeraire-dexterieur-en-acier-inoxydable-avec-papillon","status":"publish","type":"product","link":"https:\/\/www.rememberme-forever.com\/fr\/produit\/urne-funeraire-dexterieur-en-acier-inoxydable-avec-papillon\/","title":{"rendered":"Urne fun\u00e9raire d&rsquo;ext\u00e9rieur en acier inoxydable avec papillon"},"content":{"rendered":"<div style=\"width: 100%; margin-bottom: 30px; height: max-content; padding-bottom: 60%; position: relative;\"><iframe style=\"position: absolute; top: 0; left: 0; width: 100%; height: 100%;\" src=\"https:\/\/rememberme-urns.com\/stainless-steel-butterfly-urn-for-two\/\" frameborder=\"0\"><\/iframe><\/div>\n<div style=\"color: red; text-align: center; margin-bottom: 25px;\">\n<p>&gt;&gt; Rotation de la photo &#8211; appuyer\/zoomer &lt;&lt;<\/p>\n<\/div>\n<h2 style=\"text-align: center;\">Urne fun\u00e9raire d&rsquo;ext\u00e9rieur en acier inoxydable avec papillon<\/h2>\n<p style=\"text-align: center;\">\u00c9l\u00e9gante urne fun\u00e9raire en acier inoxydable, orn\u00e9e d&rsquo;un d\u00e9licat papillon, cette grande pi\u00e8ce magnifiquement travaill\u00e9e est mont\u00e9e sur un \u00e9l\u00e9gant socle en granit noir.<\/p>\n<p style=\"text-align: center;\">Le socle, orn\u00e9 d&rsquo;un papillon en acier inoxydable au design raffin\u00e9, ajoute une touche de gr\u00e2ce \u00e0 ce m\u00e9morial. Cette urne unique est \u00e9galement accompagn\u00e9e d&rsquo;une plaque comm\u00e9morative pour une touche personnelle, vous permettant de graver votre propre message.<\/p>\n<p style=\"text-align: center;\">Les cendres sont d\u00e9pos\u00e9es d\u00e9licatement dans l&rsquo;urne gr\u00e2ce \u00e0 une ouverture \u00e0 vis discr\u00e8te situ\u00e9e au bas du socle. Sublimez votre hommage avec ce m\u00e9morial sophistiqu\u00e9 et touchant, qui refl\u00e8te la beaut\u00e9 \u00e9ternelle de la vie.<\/p>\n<p style=\"text-align: center;\">Urne fun\u00e9raire id\u00e9ale pour les parents ou un mariage.<\/p>\n<p>&nbsp;<\/p>\n<h3 style=\"text-align: center;\"><strong>PERSONNALISATION<\/strong><\/h3>\n<p style=\"text-align: center;\">La plaque comm\u00e9morative personnalis\u00e9e doit \u00eatre personnalis\u00e9e lors de votre commande. (Pas de panique si vous la manquez ; vous pouvez toujours nous contacter ult\u00e9rieurement.)<\/p>\n<p><img loading=\"lazy\" decoding=\"async\" class=\" wp-image-8282 aligncenter\" src=\"https:\/\/www.rememberme-forever.com\/wp-content\/uploads\/2023\/04\/memorial-plaque-cremation-urn-silver-1-300x153.jpg\" alt=\"\" width=\"239\" height=\"122\" srcset=\"https:\/\/www.rememberme-forever.com\/wp-content\/uploads\/2023\/04\/memorial-plaque-cremation-urn-silver-1-300x153.jpg 300w, https:\/\/www.rememberme-forever.com\/wp-content\/uploads\/2023\/04\/memorial-plaque-cremation-urn-silver-1-64x33.jpg 64w, https:\/\/www.rememberme-forever.com\/wp-content\/uploads\/2023\/04\/memorial-plaque-cremation-urn-silver-1.jpg 448w\" sizes=\"auto, (max-width: 239px) 100vw, 239px\" \/><\/p>\n<p style=\"text-align: center;\">Veuillez examiner attentivement le texte \u00e0 graver avant d&rsquo;ajouter l&rsquo;article au panier. Nous reproduisons et gravons les informations exactes re\u00e7ues lors de la commande et n&rsquo;y apportons aucune modification.<\/p>\n<p style=\"text-align: center;\"><strong>Veuillez revoir le texte pour vous assurer que toutes les orthographes sont correctes.<\/strong><\/p>\n","protected":false},"excerpt":{"rendered":"<p><strong>Cette urne en acier inoxydable peut \u00e9galement accueillir les cendres d&rsquo;un adulte ou de deux personnes.<\/strong><\/p>\n<p>\u2705 Cette urne convient \u00e0 un usage ext\u00e9rieur.<\/p>\n","protected":false},"featured_media":19545,"comment_status":"open","ping_status":"closed","template":"","meta":{"_acf_changed":false},"product_brand":[1991],"product_cat":[2410,2416,2415],"product_tag":[3345],"class_list":{"0":"post-19538","1":"product","2":"type-product","3":"status-publish","4":"has-post-thumbnail","6":"product_brand-remember-forever","7":"product_cat-urnes-compagnes","8":"product_cat-urnes-dexterieur","9":"product_cat-urnes-en-metal","10":"product_tag-gpsr-metal_stonebase","11":"product_shipping_class-2-4kg-fr","13":"first","14":"instock","15":"taxable","16":"shipping-taxable","17":"purchasable","18":"product-type-variable"},"yoast_head":"<!-- This site is optimized with the Yoast SEO plugin v27.5 - https:\/\/yoast.com\/product\/yoast-seo-wordpress\/ -->\n<title>Urne fun\u00e9raire d&#039;ext\u00e9rieur en acier inoxydable avec papillon<\/title>\n<meta name=\"description\" content=\"Urne fun\u00e9raire d&#039;ext\u00e9rieur en acier inoxydable avec papillon. Urne id\u00e9ale pour les parents ou un mariage. Grande urne fun\u00e9raire pour une personne de grande taille ou pour deux personnes.\" \/>\n<meta name=\"robots\" content=\"index, follow, max-snippet:-1, max-image-preview:large, max-video-preview:-1\" \/>\n<link rel=\"canonical\" href=\"https:\/\/www.rememberme-forever.com\/fr\/produit\/urne-funeraire-dexterieur-en-acier-inoxydable-avec-papillon\/\" \/>\n<meta property=\"og:locale\" content=\"fr_FR\" \/>\n<meta property=\"og:type\" content=\"article\" \/>\n<meta property=\"og:title\" content=\"Urne fun\u00e9raire d&#039;ext\u00e9rieur en acier inoxydable avec papillon\" \/>\n<meta property=\"og:description\" content=\"Urne fun\u00e9raire d&#039;ext\u00e9rieur en acier inoxydable avec papillon. Urne id\u00e9ale pour les parents ou un mariage. Grande urne fun\u00e9raire pour une personne de grande taille ou pour deux personnes.\" \/>\n<meta property=\"og:url\" content=\"https:\/\/www.rememberme-forever.com\/fr\/produit\/urne-funeraire-dexterieur-en-acier-inoxydable-avec-papillon\/\" \/>\n<meta property=\"og:site_name\" content=\"Remember Forever\" \/>\n<meta property=\"article:modified_time\" content=\"2025-09-29T09:43:05+00:00\" \/>\n<meta property=\"og:image\" content=\"http:\/\/www.rememberme-forever.com\/wp-content\/uploads\/2024\/04\/img_2D_0001-kopia1-1.jpg\" \/>\n\t<meta property=\"og:image:width\" content=\"1007\" \/>\n\t<meta property=\"og:image:height\" content=\"1024\" \/>\n\t<meta property=\"og:image:type\" content=\"image\/jpeg\" \/>\n<meta name=\"twitter:card\" content=\"summary_large_image\" \/>\n<meta name=\"twitter:label1\" content=\"Dur\u00e9e de lecture estim\u00e9e\" \/>\n\t<meta name=\"twitter:data1\" content=\"2 minutes\" \/>\n<script type=\"application\/ld+json\" class=\"yoast-schema-graph\">{\"@context\":\"https:\\\/\\\/schema.org\",\"@graph\":[{\"@type\":\"WebPage\",\"@id\":\"https:\\\/\\\/www.rememberme-forever.com\\\/fr\\\/produit\\\/urne-funeraire-dexterieur-en-acier-inoxydable-avec-papillon\\\/\",\"url\":\"https:\\\/\\\/www.rememberme-forever.com\\\/fr\\\/produit\\\/urne-funeraire-dexterieur-en-acier-inoxydable-avec-papillon\\\/\",\"name\":\"Urne fun\u00e9raire d'ext\u00e9rieur en acier inoxydable avec papillon\",\"isPartOf\":{\"@id\":\"https:\\\/\\\/www.rememberme-forever.com\\\/fr\\\/#website\"},\"primaryImageOfPage\":{\"@id\":\"https:\\\/\\\/www.rememberme-forever.com\\\/fr\\\/produit\\\/urne-funeraire-dexterieur-en-acier-inoxydable-avec-papillon\\\/#primaryimage\"},\"image\":{\"@id\":\"https:\\\/\\\/www.rememberme-forever.com\\\/fr\\\/produit\\\/urne-funeraire-dexterieur-en-acier-inoxydable-avec-papillon\\\/#primaryimage\"},\"thumbnailUrl\":\"https:\\\/\\\/www.rememberme-forever.com\\\/wp-content\\\/uploads\\\/2024\\\/04\\\/img_2D_0001-kopia1-1.jpg\",\"datePublished\":\"2023-12-08T12:18:54+00:00\",\"dateModified\":\"2025-09-29T09:43:05+00:00\",\"description\":\"Urne fun\u00e9raire d'ext\u00e9rieur en acier inoxydable avec papillon. Urne id\u00e9ale pour les parents ou un mariage. Grande urne fun\u00e9raire pour une personne de grande taille ou pour deux personnes.\",\"breadcrumb\":{\"@id\":\"https:\\\/\\\/www.rememberme-forever.com\\\/fr\\\/produit\\\/urne-funeraire-dexterieur-en-acier-inoxydable-avec-papillon\\\/#breadcrumb\"},\"inLanguage\":\"fr-FR\",\"potentialAction\":[{\"@type\":\"ReadAction\",\"target\":[\"https:\\\/\\\/www.rememberme-forever.com\\\/fr\\\/produit\\\/urne-funeraire-dexterieur-en-acier-inoxydable-avec-papillon\\\/\"]}]},{\"@type\":\"ImageObject\",\"inLanguage\":\"fr-FR\",\"@id\":\"https:\\\/\\\/www.rememberme-forever.com\\\/fr\\\/produit\\\/urne-funeraire-dexterieur-en-acier-inoxydable-avec-papillon\\\/#primaryimage\",\"url\":\"https:\\\/\\\/www.rememberme-forever.com\\\/wp-content\\\/uploads\\\/2024\\\/04\\\/img_2D_0001-kopia1-1.jpg\",\"contentUrl\":\"https:\\\/\\\/www.rememberme-forever.com\\\/wp-content\\\/uploads\\\/2024\\\/04\\\/img_2D_0001-kopia1-1.jpg\",\"width\":1007,\"height\":1024,\"caption\":\"outdoor companion urn, xl urns\"},{\"@type\":\"BreadcrumbList\",\"@id\":\"https:\\\/\\\/www.rememberme-forever.com\\\/fr\\\/produit\\\/urne-funeraire-dexterieur-en-acier-inoxydable-avec-papillon\\\/#breadcrumb\",\"itemListElement\":[{\"@type\":\"ListItem\",\"position\":1,\"name\":\"Home\",\"item\":\"https:\\\/\\\/www.rememberme-forever.com\\\/fr\\\/accueil\\\/\"},{\"@type\":\"ListItem\",\"position\":2,\"name\":\"Boutique\",\"item\":\"https:\\\/\\\/www.rememberme-forever.com\\\/fr\\\/boutique\\\/\"},{\"@type\":\"ListItem\",\"position\":3,\"name\":\"Urne fun\u00e9raire d&#8217;ext\u00e9rieur en acier inoxydable avec papillon\"}]},{\"@type\":\"WebSite\",\"@id\":\"https:\\\/\\\/www.rememberme-forever.com\\\/fr\\\/#website\",\"url\":\"https:\\\/\\\/www.rememberme-forever.com\\\/fr\\\/\",\"name\":\"Remember Forever\",\"description\":\"Cremation urns, funeral urns, urns for ashes\",\"publisher\":{\"@id\":\"https:\\\/\\\/www.rememberme-forever.com\\\/fr\\\/#organization\"},\"potentialAction\":[{\"@type\":\"SearchAction\",\"target\":{\"@type\":\"EntryPoint\",\"urlTemplate\":\"https:\\\/\\\/www.rememberme-forever.com\\\/fr\\\/?s={search_term_string}\"},\"query-input\":{\"@type\":\"PropertyValueSpecification\",\"valueRequired\":true,\"valueName\":\"search_term_string\"}}],\"inLanguage\":\"fr-FR\"},{\"@type\":\"Organization\",\"@id\":\"https:\\\/\\\/www.rememberme-forever.com\\\/fr\\\/#organization\",\"name\":\"Remember Forever\",\"url\":\"https:\\\/\\\/www.rememberme-forever.com\\\/fr\\\/\",\"logo\":{\"@type\":\"ImageObject\",\"inLanguage\":\"fr-FR\",\"@id\":\"https:\\\/\\\/www.rememberme-forever.com\\\/fr\\\/#\\\/schema\\\/logo\\\/image\\\/\",\"url\":\"https:\\\/\\\/www.rememberme-forever.com\\\/wp-content\\\/uploads\\\/2023\\\/02\\\/logo.png\",\"contentUrl\":\"https:\\\/\\\/www.rememberme-forever.com\\\/wp-content\\\/uploads\\\/2023\\\/02\\\/logo.png\",\"width\":300,\"height\":56,\"caption\":\"Remember Forever\"},\"image\":{\"@id\":\"https:\\\/\\\/www.rememberme-forever.com\\\/fr\\\/#\\\/schema\\\/logo\\\/image\\\/\"}}]}<\/script>\n<!-- \/ Yoast SEO plugin. -->","yoast_head_json":{"title":"Urne fun\u00e9raire d'ext\u00e9rieur en acier inoxydable avec papillon","description":"Urne fun\u00e9raire d'ext\u00e9rieur en acier inoxydable avec papillon. Urne id\u00e9ale pour les parents ou un mariage. Grande urne fun\u00e9raire pour une personne de grande taille ou pour deux personnes.","robots":{"index":"index","follow":"follow","max-snippet":"max-snippet:-1","max-image-preview":"max-image-preview:large","max-video-preview":"max-video-preview:-1"},"canonical":"https:\/\/www.rememberme-forever.com\/fr\/produit\/urne-funeraire-dexterieur-en-acier-inoxydable-avec-papillon\/","og_locale":"fr_FR","og_type":"article","og_title":"Urne fun\u00e9raire d'ext\u00e9rieur en acier inoxydable avec papillon","og_description":"Urne fun\u00e9raire d'ext\u00e9rieur en acier inoxydable avec papillon. Urne id\u00e9ale pour les parents ou un mariage. Grande urne fun\u00e9raire pour une personne de grande taille ou pour deux personnes.","og_url":"https:\/\/www.rememberme-forever.com\/fr\/produit\/urne-funeraire-dexterieur-en-acier-inoxydable-avec-papillon\/","og_site_name":"Remember Forever","article_modified_time":"2025-09-29T09:43:05+00:00","og_image":[{"width":1007,"height":1024,"url":"http:\/\/www.rememberme-forever.com\/wp-content\/uploads\/2024\/04\/img_2D_0001-kopia1-1.jpg","type":"image\/jpeg"}],"twitter_card":"summary_large_image","twitter_misc":{"Dur\u00e9e de lecture estim\u00e9e":"2 minutes"},"schema":{"@context":"https:\/\/schema.org","@graph":[{"@type":"WebPage","@id":"https:\/\/www.rememberme-forever.com\/fr\/produit\/urne-funeraire-dexterieur-en-acier-inoxydable-avec-papillon\/","url":"https:\/\/www.rememberme-forever.com\/fr\/produit\/urne-funeraire-dexterieur-en-acier-inoxydable-avec-papillon\/","name":"Urne fun\u00e9raire d'ext\u00e9rieur en acier inoxydable avec papillon","isPartOf":{"@id":"https:\/\/www.rememberme-forever.com\/fr\/#website"},"primaryImageOfPage":{"@id":"https:\/\/www.rememberme-forever.com\/fr\/produit\/urne-funeraire-dexterieur-en-acier-inoxydable-avec-papillon\/#primaryimage"},"image":{"@id":"https:\/\/www.rememberme-forever.com\/fr\/produit\/urne-funeraire-dexterieur-en-acier-inoxydable-avec-papillon\/#primaryimage"},"thumbnailUrl":"https:\/\/www.rememberme-forever.com\/wp-content\/uploads\/2024\/04\/img_2D_0001-kopia1-1.jpg","datePublished":"2023-12-08T12:18:54+00:00","dateModified":"2025-09-29T09:43:05+00:00","description":"Urne fun\u00e9raire d'ext\u00e9rieur en acier inoxydable avec papillon. Urne id\u00e9ale pour les parents ou un mariage. Grande urne fun\u00e9raire pour une personne de grande taille ou pour deux personnes.","breadcrumb":{"@id":"https:\/\/www.rememberme-forever.com\/fr\/produit\/urne-funeraire-dexterieur-en-acier-inoxydable-avec-papillon\/#breadcrumb"},"inLanguage":"fr-FR","potentialAction":[{"@type":"ReadAction","target":["https:\/\/www.rememberme-forever.com\/fr\/produit\/urne-funeraire-dexterieur-en-acier-inoxydable-avec-papillon\/"]}]},{"@type":"ImageObject","inLanguage":"fr-FR","@id":"https:\/\/www.rememberme-forever.com\/fr\/produit\/urne-funeraire-dexterieur-en-acier-inoxydable-avec-papillon\/#primaryimage","url":"https:\/\/www.rememberme-forever.com\/wp-content\/uploads\/2024\/04\/img_2D_0001-kopia1-1.jpg","contentUrl":"https:\/\/www.rememberme-forever.com\/wp-content\/uploads\/2024\/04\/img_2D_0001-kopia1-1.jpg","width":1007,"height":1024,"caption":"outdoor companion urn, xl urns"},{"@type":"BreadcrumbList","@id":"https:\/\/www.rememberme-forever.com\/fr\/produit\/urne-funeraire-dexterieur-en-acier-inoxydable-avec-papillon\/#breadcrumb","itemListElement":[{"@type":"ListItem","position":1,"name":"Home","item":"https:\/\/www.rememberme-forever.com\/fr\/accueil\/"},{"@type":"ListItem","position":2,"name":"Boutique","item":"https:\/\/www.rememberme-forever.com\/fr\/boutique\/"},{"@type":"ListItem","position":3,"name":"Urne fun\u00e9raire d&#8217;ext\u00e9rieur en acier inoxydable avec papillon"}]},{"@type":"WebSite","@id":"https:\/\/www.rememberme-forever.com\/fr\/#website","url":"https:\/\/www.rememberme-forever.com\/fr\/","name":"Remember Forever","description":"Cremation urns, funeral urns, urns for ashes","publisher":{"@id":"https:\/\/www.rememberme-forever.com\/fr\/#organization"},"potentialAction":[{"@type":"SearchAction","target":{"@type":"EntryPoint","urlTemplate":"https:\/\/www.rememberme-forever.com\/fr\/?s={search_term_string}"},"query-input":{"@type":"PropertyValueSpecification","valueRequired":true,"valueName":"search_term_string"}}],"inLanguage":"fr-FR"},{"@type":"Organization","@id":"https:\/\/www.rememberme-forever.com\/fr\/#organization","name":"Remember Forever","url":"https:\/\/www.rememberme-forever.com\/fr\/","logo":{"@type":"ImageObject","inLanguage":"fr-FR","@id":"https:\/\/www.rememberme-forever.com\/fr\/#\/schema\/logo\/image\/","url":"https:\/\/www.rememberme-forever.com\/wp-content\/uploads\/2023\/02\/logo.png","contentUrl":"https:\/\/www.rememberme-forever.com\/wp-content\/uploads\/2023\/02\/logo.png","width":300,"height":56,"caption":"Remember Forever"},"image":{"@id":"https:\/\/www.rememberme-forever.com\/fr\/#\/schema\/logo\/image\/"}}]}},"acf":[],"_links":{"self":[{"href":"https:\/\/www.rememberme-forever.com\/fr\/wp-json\/wp\/v2\/product\/19538","targetHints":{"allow":["GET"]}}],"collection":[{"href":"https:\/\/www.rememberme-forever.com\/fr\/wp-json\/wp\/v2\/product"}],"about":[{"href":"https:\/\/www.rememberme-forever.com\/fr\/wp-json\/wp\/v2\/types\/product"}],"replies":[{"embeddable":true,"href":"https:\/\/www.rememberme-forever.com\/fr\/wp-json\/wp\/v2\/comments?post=19538"}],"wp:featuredmedia":[{"embeddable":true,"href":"https:\/\/www.rememberme-forever.com\/fr\/wp-json\/wp\/v2\/media\/19545"}],"wp:attachment":[{"href":"https:\/\/www.rememberme-forever.com\/fr\/wp-json\/wp\/v2\/media?parent=19538"}],"wp:term":[{"taxonomy":"product_brand","embeddable":true,"href":"https:\/\/www.rememberme-forever.com\/fr\/wp-json\/wp\/v2\/product_brand?post=19538"},{"taxonomy":"product_cat","embeddable":true,"href":"https:\/\/www.rememberme-forever.com\/fr\/wp-json\/wp\/v2\/product_cat?post=19538"},{"taxonomy":"product_tag","embeddable":true,"href":"https:\/\/www.rememberme-forever.com\/fr\/wp-json\/wp\/v2\/product_tag?post=19538"}],"curies":[{"name":"wp","href":"https:\/\/api.w.org\/{rel}","templated":true}]}}