{"id":19622,"date":"2025-07-21T15:06:29","date_gmt":"2025-07-21T13:06:29","guid":{"rendered":"https:\/\/www.rememberme-forever.com\/product\/urne-funeraire-a-theme-motif-race\/"},"modified":"2025-09-29T14:00:28","modified_gmt":"2025-09-29T12:00:28","slug":"urne-funeraire-a-theme-motif-race","status":"publish","type":"product","link":"https:\/\/www.rememberme-forever.com\/fr\/produit\/urne-funeraire-a-theme-motif-race\/","title":{"rendered":"Urne fun\u00e9raire \u00e0 th\u00e8me, motif Race"},"content":{"rendered":"<div style=\"text-align: center;\"><\/div>\n<div style=\"text-align: center;\" data-mce-fragment=\"1\">\n<h3 data-start=\"86\" data-end=\"174\"><strong data-start=\"90\" data-end=\"174\">Urne fun\u00e9raire \u00e0 motif course : une urne d\u00e9corative pour les passionn\u00e9s de sport automobile<\/strong><\/h3>\n<p data-start=\"176\" data-end=\"462\">Cette \u00e9l\u00e9gante urne fun\u00e9raire rend un hommage unique \u00e0 une personne passionn\u00e9e de course, de voitures de sport ou de sport automobile sous toutes ses formes. Fabriqu\u00e9e en acier inoxydable bross\u00e9 de haute qualit\u00e9 avec un couvercle en bois fonc\u00e9 contrastant, elle offre un lieu de repos durable et esth\u00e9tique.<\/p>\n<p data-start=\"464\" data-end=\"723\">Le devant de l&rsquo;urne est orn\u00e9 d&rsquo;une gravure d\u00e9taill\u00e9e repr\u00e9sentant des drapeaux de course crois\u00e9s sur un circuit, symbole universel de la fin de la route et de la victoire. C&rsquo;est une belle m\u00e9taphore de la derni\u00e8re \u00e9tape de la vie d&rsquo;un \u00eatre cher, qui a v\u00e9cu avec une passion et une intensit\u00e9 dignes d&rsquo;un champion.<\/p>\n<p data-start=\"725\" data-end=\"950\">L&rsquo;urne peut accueillir une plaque comm\u00e9morative personnalis\u00e9e avec votre propre texte : nom, dates ou un message d&rsquo;adieu. L&rsquo;int\u00e9rieur est doubl\u00e9 d&rsquo;un feutre fin, prot\u00e9geant les cendres avec dignit\u00e9 et s\u00e9curit\u00e9.<\/p>\n<div style=\"width: 100%; margin-bottom: 40px; height: max-content; padding-bottom: 60%; position: relative;\"><iframe style=\"position: absolute; top: 0; left: 0; width: 100%; height: 100%;\" src=\"https:\/\/rememberme-urns.com\/race-theme-urn\/\" frameborder=\"0\"><\/iframe><\/div>\n<div style=\"color: red; text-align: center; margin-bottom: 25px;\">\n<p>&gt;&gt; Rotation de la photo &#8211; appuyer\/zoomer &lt;&lt;<\/p>\n<\/div>\n<h3 data-start=\"957\" data-end=\"980\"><strong data-start=\"961\" data-end=\"980\">Caract\u00e9ristiques du produit :<\/strong><\/h3>\n<p data-start=\"984\" data-end=\"1033\"><strong data-start=\"984\" data-end=\"994\">Motif :<\/strong> Course automobile, sport automobile, drapeaux d&rsquo;arriv\u00e9e<\/p>\n<p data-start=\"1036\" data-end=\"1094\"><strong data-start=\"1036\" data-end=\"1049\">Mat\u00e9riaux :<\/strong> Acier inoxydable (corps), bois (couvercle)<\/p>\n<p data-start=\"1097\" data-end=\"1153\"><strong data-start=\"1097\" data-end=\"1113\">Finition <\/strong>: Acier inoxydable bross\u00e9 + bois naturel<\/p>\n<p data-start=\"1156\" data-end=\"1218\"><strong data-start=\"1156\" data-end=\"1175\">Personnalisation <\/strong>: Possibilit\u00e9 d&rsquo;ajouter une plaque grav\u00e9e<\/p>\n<p data-start=\"1221\" data-end=\"1260\"><strong data-start=\"1221\" data-end=\"1233\">Int\u00e9rieur :<\/strong> Doublure en feutre doux<\/p>\n<p data-start=\"1263\" data-end=\"1323\"><strong data-start=\"1263\" data-end=\"1277\">Capacit\u00e9 <\/strong>: Convient aux cendres d&rsquo;un adulte<\/p>\n<p data-start=\"1326\" data-end=\"1386\"><strong data-start=\"1326\" data-end=\"1340\">Fermeture <\/strong>: Par le haut, avec couvercle assorti<\/p>\n<p data-start=\"1393\" data-end=\"1618\">C&rsquo;est le choix id\u00e9al pour une famille souhaitant rendre hommage \u00e0 un passionn\u00e9 d&rsquo;automobile de mani\u00e8re unique et symbolique. Cette urne est id\u00e9ale pour \u00eatre expos\u00e9e \u00e0 la maison ou conserv\u00e9e dans un columbarium ou une niche fun\u00e9raire.<\/p>\n<\/div>\n<p>&nbsp;<\/p>\n<p style=\"text-align: center;\"><strong>\u25ba PERSONNALISATION \u25c4<\/strong><\/p>\n<p style=\"text-align: center;\">\u2714\ufe0f Pour une plaque personnalis\u00e9e, saisissez le texte \u00e0 l&rsquo;endroit pr\u00e9vu ou envoyez-nous un message.<\/p>\n<p style=\"text-align: center;\">\u2714\ufe0f La plaque comm\u00e9morative personnalis\u00e9e doit \u00eatre personnalis\u00e9e lors de la commande. (N&rsquo;h\u00e9sitez pas \u00e0 nous contacter ult\u00e9rieurement si vous oubliez de le faire.)<\/p>\n<p style=\"text-align: center;\"><b>Les limites de texte sont les suivantes :<\/p>\n<p><\/b><\/p>\n<p style=\"text-align: center;\"><span style=\"color: var(--text-color); font-size: 14px;\">Nom(s) jusqu&rsquo;\u00e0 24 caract\u00e8res<\/p>\n<p><\/span><\/p>\n<p style=\"text-align: center;\"><span style=\"color: var(--text-color); font-size: 14px;\">Dates de naissance et de d\u00e9c\u00e8s jusqu&rsquo;\u00e0 24 caract\u00e8res<\/span><\/p>\n<p style=\"text-align: center;\"><span style=\"color: var(--text-color); font-size: 14px;\">Troisi\u00e8me ligne jusqu&rsquo;\u00e0 24 caract\u00e8res<\/span><\/p>\n<p style=\"text-align: center;\"><span style=\"font-size: 14px;\">Quatri\u00e8me ligne jusqu&rsquo;\u00e0 24 caract\u00e8res<\/span><\/p>\n<p style=\"text-align: center;\"><span style=\"font-size: 14px;\">Cinqui\u00e8me ligne : 24 caract\u00e8res maximum<\/span><\/p>\n<div style=\"text-align: center;\"><\/div>\n<p style=\"text-align: center;\">\u2714\ufe0f Veuillez <strong>V\u00c9RIFIER<\/strong> le texte de gravure avant d&rsquo;ajouter le produit \u00e0 votre panier. Nous reproduisons et gravons exactement les informations re\u00e7ues lors de la commande et n&rsquo;y apportons aucune modification.<\/p>\n<p style=\"text-align: center;\">\u2714\ufe0f V\u00e9rifiez l&rsquo;orthographe du texte.<\/p>\n<p style=\"text-align: center;\">\u2714\ufe0f <strong>Ne saisissez<\/strong> pas d&rsquo;informations de gravure si vous achetez l&rsquo;option \u00ab Urne sans plaque \u00bb.<\/p>\n","protected":false},"excerpt":{"rendered":"<p>Urne fun\u00e9raire \u00e0 motif course : une urne d\u00e9corative pour les passionn\u00e9s de sport automobile Cette \u00e9l\u00e9gante urne fun\u00e9raire rend un hommage unique \u00e0 une&#8230;<\/p>\n","protected":false},"featured_media":19623,"comment_status":"closed","ping_status":"closed","template":"","meta":{"_acf_changed":false},"product_brand":[],"product_cat":[2419,2429,2421],"product_tag":[3350],"class_list":{"0":"post-19622","1":"product","2":"type-product","3":"status-publish","4":"has-post-thumbnail","6":"product_cat-urnes-a-theme","7":"product_cat-urnes-sportives","8":"product_cat-voitures","9":"product_tag-gpsr-metal_wood_cover","10":"product_shipping_class-2-4kg-fr","12":"first","13":"instock","14":"taxable","15":"shipping-taxable","16":"purchasable","17":"product-type-simple"},"yoast_head":"<!-- This site is optimized with the Yoast SEO plugin v27.5 - https:\/\/yoast.com\/product\/yoast-seo-wordpress\/ -->\n<title>Urne fun\u00e9raire \u00e0 th\u00e8me, motif Race - Remember Forever<\/title>\n<meta name=\"robots\" content=\"index, follow, max-snippet:-1, max-image-preview:large, max-video-preview:-1\" \/>\n<link rel=\"canonical\" href=\"https:\/\/www.rememberme-forever.com\/fr\/produit\/urne-funeraire-a-theme-motif-race\/\" \/>\n<meta property=\"og:locale\" content=\"fr_FR\" \/>\n<meta property=\"og:type\" content=\"article\" \/>\n<meta property=\"og:title\" content=\"Urne fun\u00e9raire \u00e0 th\u00e8me, motif Race - Remember Forever\" \/>\n<meta property=\"og:description\" content=\"Urne fun\u00e9raire \u00e0 motif course : une urne d\u00e9corative pour les passionn\u00e9s de sport automobile Cette \u00e9l\u00e9gante urne fun\u00e9raire rend un hommage unique \u00e0 une...\" \/>\n<meta property=\"og:url\" content=\"https:\/\/www.rememberme-forever.com\/fr\/produit\/urne-funeraire-a-theme-motif-race\/\" \/>\n<meta property=\"og:site_name\" content=\"Remember Forever\" \/>\n<meta property=\"article:modified_time\" content=\"2025-09-29T12:00:28+00:00\" \/>\n<meta property=\"og:image\" content=\"http:\/\/www.rememberme-forever.com\/wp-content\/uploads\/2025\/07\/theme-race-urn_0001.jpg\" \/>\n\t<meta property=\"og:image:width\" content=\"1007\" \/>\n\t<meta property=\"og:image:height\" content=\"1024\" \/>\n\t<meta property=\"og:image:type\" content=\"image\/jpeg\" \/>\n<meta name=\"twitter:card\" content=\"summary_large_image\" \/>\n<meta name=\"twitter:label1\" content=\"Dur\u00e9e de lecture estim\u00e9e\" \/>\n\t<meta name=\"twitter:data1\" content=\"2 minutes\" \/>\n<script type=\"application\/ld+json\" class=\"yoast-schema-graph\">{\"@context\":\"https:\\\/\\\/schema.org\",\"@graph\":[{\"@type\":\"WebPage\",\"@id\":\"https:\\\/\\\/www.rememberme-forever.com\\\/fr\\\/produit\\\/urne-funeraire-a-theme-motif-race\\\/\",\"url\":\"https:\\\/\\\/www.rememberme-forever.com\\\/fr\\\/produit\\\/urne-funeraire-a-theme-motif-race\\\/\",\"name\":\"Urne fun\u00e9raire \u00e0 th\u00e8me, motif Race - Remember Forever\",\"isPartOf\":{\"@id\":\"https:\\\/\\\/www.rememberme-forever.com\\\/fr\\\/#website\"},\"primaryImageOfPage\":{\"@id\":\"https:\\\/\\\/www.rememberme-forever.com\\\/fr\\\/produit\\\/urne-funeraire-a-theme-motif-race\\\/#primaryimage\"},\"image\":{\"@id\":\"https:\\\/\\\/www.rememberme-forever.com\\\/fr\\\/produit\\\/urne-funeraire-a-theme-motif-race\\\/#primaryimage\"},\"thumbnailUrl\":\"https:\\\/\\\/www.rememberme-forever.com\\\/wp-content\\\/uploads\\\/2025\\\/07\\\/theme-race-urn_0001.jpg\",\"datePublished\":\"2025-07-21T13:06:29+00:00\",\"dateModified\":\"2025-09-29T12:00:28+00:00\",\"breadcrumb\":{\"@id\":\"https:\\\/\\\/www.rememberme-forever.com\\\/fr\\\/produit\\\/urne-funeraire-a-theme-motif-race\\\/#breadcrumb\"},\"inLanguage\":\"fr-FR\",\"potentialAction\":[{\"@type\":\"ReadAction\",\"target\":[\"https:\\\/\\\/www.rememberme-forever.com\\\/fr\\\/produit\\\/urne-funeraire-a-theme-motif-race\\\/\"]}]},{\"@type\":\"ImageObject\",\"inLanguage\":\"fr-FR\",\"@id\":\"https:\\\/\\\/www.rememberme-forever.com\\\/fr\\\/produit\\\/urne-funeraire-a-theme-motif-race\\\/#primaryimage\",\"url\":\"https:\\\/\\\/www.rememberme-forever.com\\\/wp-content\\\/uploads\\\/2025\\\/07\\\/theme-race-urn_0001.jpg\",\"contentUrl\":\"https:\\\/\\\/www.rememberme-forever.com\\\/wp-content\\\/uploads\\\/2025\\\/07\\\/theme-race-urn_0001.jpg\",\"width\":1007,\"height\":1024,\"caption\":\"Theme cremation urn, Race motif\"},{\"@type\":\"BreadcrumbList\",\"@id\":\"https:\\\/\\\/www.rememberme-forever.com\\\/fr\\\/produit\\\/urne-funeraire-a-theme-motif-race\\\/#breadcrumb\",\"itemListElement\":[{\"@type\":\"ListItem\",\"position\":1,\"name\":\"Home\",\"item\":\"https:\\\/\\\/www.rememberme-forever.com\\\/fr\\\/accueil\\\/\"},{\"@type\":\"ListItem\",\"position\":2,\"name\":\"Boutique\",\"item\":\"https:\\\/\\\/www.rememberme-forever.com\\\/fr\\\/boutique\\\/\"},{\"@type\":\"ListItem\",\"position\":3,\"name\":\"Urne fun\u00e9raire \u00e0 th\u00e8me, motif Race\"}]},{\"@type\":\"WebSite\",\"@id\":\"https:\\\/\\\/www.rememberme-forever.com\\\/fr\\\/#website\",\"url\":\"https:\\\/\\\/www.rememberme-forever.com\\\/fr\\\/\",\"name\":\"Remember Forever\",\"description\":\"Cremation urns, funeral urns, urns for ashes\",\"publisher\":{\"@id\":\"https:\\\/\\\/www.rememberme-forever.com\\\/fr\\\/#organization\"},\"potentialAction\":[{\"@type\":\"SearchAction\",\"target\":{\"@type\":\"EntryPoint\",\"urlTemplate\":\"https:\\\/\\\/www.rememberme-forever.com\\\/fr\\\/?s={search_term_string}\"},\"query-input\":{\"@type\":\"PropertyValueSpecification\",\"valueRequired\":true,\"valueName\":\"search_term_string\"}}],\"inLanguage\":\"fr-FR\"},{\"@type\":\"Organization\",\"@id\":\"https:\\\/\\\/www.rememberme-forever.com\\\/fr\\\/#organization\",\"name\":\"Remember Forever\",\"url\":\"https:\\\/\\\/www.rememberme-forever.com\\\/fr\\\/\",\"logo\":{\"@type\":\"ImageObject\",\"inLanguage\":\"fr-FR\",\"@id\":\"https:\\\/\\\/www.rememberme-forever.com\\\/fr\\\/#\\\/schema\\\/logo\\\/image\\\/\",\"url\":\"https:\\\/\\\/www.rememberme-forever.com\\\/wp-content\\\/uploads\\\/2023\\\/02\\\/logo.png\",\"contentUrl\":\"https:\\\/\\\/www.rememberme-forever.com\\\/wp-content\\\/uploads\\\/2023\\\/02\\\/logo.png\",\"width\":300,\"height\":56,\"caption\":\"Remember Forever\"},\"image\":{\"@id\":\"https:\\\/\\\/www.rememberme-forever.com\\\/fr\\\/#\\\/schema\\\/logo\\\/image\\\/\"}}]}<\/script>\n<!-- \/ Yoast SEO plugin. -->","yoast_head_json":{"title":"Urne fun\u00e9raire \u00e0 th\u00e8me, motif Race - Remember Forever","robots":{"index":"index","follow":"follow","max-snippet":"max-snippet:-1","max-image-preview":"max-image-preview:large","max-video-preview":"max-video-preview:-1"},"canonical":"https:\/\/www.rememberme-forever.com\/fr\/produit\/urne-funeraire-a-theme-motif-race\/","og_locale":"fr_FR","og_type":"article","og_title":"Urne fun\u00e9raire \u00e0 th\u00e8me, motif Race - Remember Forever","og_description":"Urne fun\u00e9raire \u00e0 motif course : une urne d\u00e9corative pour les passionn\u00e9s de sport automobile Cette \u00e9l\u00e9gante urne fun\u00e9raire rend un hommage unique \u00e0 une...","og_url":"https:\/\/www.rememberme-forever.com\/fr\/produit\/urne-funeraire-a-theme-motif-race\/","og_site_name":"Remember Forever","article_modified_time":"2025-09-29T12:00:28+00:00","og_image":[{"width":1007,"height":1024,"url":"http:\/\/www.rememberme-forever.com\/wp-content\/uploads\/2025\/07\/theme-race-urn_0001.jpg","type":"image\/jpeg"}],"twitter_card":"summary_large_image","twitter_misc":{"Dur\u00e9e de lecture estim\u00e9e":"2 minutes"},"schema":{"@context":"https:\/\/schema.org","@graph":[{"@type":"WebPage","@id":"https:\/\/www.rememberme-forever.com\/fr\/produit\/urne-funeraire-a-theme-motif-race\/","url":"https:\/\/www.rememberme-forever.com\/fr\/produit\/urne-funeraire-a-theme-motif-race\/","name":"Urne fun\u00e9raire \u00e0 th\u00e8me, motif Race - Remember Forever","isPartOf":{"@id":"https:\/\/www.rememberme-forever.com\/fr\/#website"},"primaryImageOfPage":{"@id":"https:\/\/www.rememberme-forever.com\/fr\/produit\/urne-funeraire-a-theme-motif-race\/#primaryimage"},"image":{"@id":"https:\/\/www.rememberme-forever.com\/fr\/produit\/urne-funeraire-a-theme-motif-race\/#primaryimage"},"thumbnailUrl":"https:\/\/www.rememberme-forever.com\/wp-content\/uploads\/2025\/07\/theme-race-urn_0001.jpg","datePublished":"2025-07-21T13:06:29+00:00","dateModified":"2025-09-29T12:00:28+00:00","breadcrumb":{"@id":"https:\/\/www.rememberme-forever.com\/fr\/produit\/urne-funeraire-a-theme-motif-race\/#breadcrumb"},"inLanguage":"fr-FR","potentialAction":[{"@type":"ReadAction","target":["https:\/\/www.rememberme-forever.com\/fr\/produit\/urne-funeraire-a-theme-motif-race\/"]}]},{"@type":"ImageObject","inLanguage":"fr-FR","@id":"https:\/\/www.rememberme-forever.com\/fr\/produit\/urne-funeraire-a-theme-motif-race\/#primaryimage","url":"https:\/\/www.rememberme-forever.com\/wp-content\/uploads\/2025\/07\/theme-race-urn_0001.jpg","contentUrl":"https:\/\/www.rememberme-forever.com\/wp-content\/uploads\/2025\/07\/theme-race-urn_0001.jpg","width":1007,"height":1024,"caption":"Theme cremation urn, Race motif"},{"@type":"BreadcrumbList","@id":"https:\/\/www.rememberme-forever.com\/fr\/produit\/urne-funeraire-a-theme-motif-race\/#breadcrumb","itemListElement":[{"@type":"ListItem","position":1,"name":"Home","item":"https:\/\/www.rememberme-forever.com\/fr\/accueil\/"},{"@type":"ListItem","position":2,"name":"Boutique","item":"https:\/\/www.rememberme-forever.com\/fr\/boutique\/"},{"@type":"ListItem","position":3,"name":"Urne fun\u00e9raire \u00e0 th\u00e8me, motif Race"}]},{"@type":"WebSite","@id":"https:\/\/www.rememberme-forever.com\/fr\/#website","url":"https:\/\/www.rememberme-forever.com\/fr\/","name":"Remember Forever","description":"Cremation urns, funeral urns, urns for ashes","publisher":{"@id":"https:\/\/www.rememberme-forever.com\/fr\/#organization"},"potentialAction":[{"@type":"SearchAction","target":{"@type":"EntryPoint","urlTemplate":"https:\/\/www.rememberme-forever.com\/fr\/?s={search_term_string}"},"query-input":{"@type":"PropertyValueSpecification","valueRequired":true,"valueName":"search_term_string"}}],"inLanguage":"fr-FR"},{"@type":"Organization","@id":"https:\/\/www.rememberme-forever.com\/fr\/#organization","name":"Remember Forever","url":"https:\/\/www.rememberme-forever.com\/fr\/","logo":{"@type":"ImageObject","inLanguage":"fr-FR","@id":"https:\/\/www.rememberme-forever.com\/fr\/#\/schema\/logo\/image\/","url":"https:\/\/www.rememberme-forever.com\/wp-content\/uploads\/2023\/02\/logo.png","contentUrl":"https:\/\/www.rememberme-forever.com\/wp-content\/uploads\/2023\/02\/logo.png","width":300,"height":56,"caption":"Remember Forever"},"image":{"@id":"https:\/\/www.rememberme-forever.com\/fr\/#\/schema\/logo\/image\/"}}]}},"acf":[],"_links":{"self":[{"href":"https:\/\/www.rememberme-forever.com\/fr\/wp-json\/wp\/v2\/product\/19622","targetHints":{"allow":["GET"]}}],"collection":[{"href":"https:\/\/www.rememberme-forever.com\/fr\/wp-json\/wp\/v2\/product"}],"about":[{"href":"https:\/\/www.rememberme-forever.com\/fr\/wp-json\/wp\/v2\/types\/product"}],"replies":[{"embeddable":true,"href":"https:\/\/www.rememberme-forever.com\/fr\/wp-json\/wp\/v2\/comments?post=19622"}],"wp:featuredmedia":[{"embeddable":true,"href":"https:\/\/www.rememberme-forever.com\/fr\/wp-json\/wp\/v2\/media\/19623"}],"wp:attachment":[{"href":"https:\/\/www.rememberme-forever.com\/fr\/wp-json\/wp\/v2\/media?parent=19622"}],"wp:term":[{"taxonomy":"product_brand","embeddable":true,"href":"https:\/\/www.rememberme-forever.com\/fr\/wp-json\/wp\/v2\/product_brand?post=19622"},{"taxonomy":"product_cat","embeddable":true,"href":"https:\/\/www.rememberme-forever.com\/fr\/wp-json\/wp\/v2\/product_cat?post=19622"},{"taxonomy":"product_tag","embeddable":true,"href":"https:\/\/www.rememberme-forever.com\/fr\/wp-json\/wp\/v2\/product_tag?post=19622"}],"curies":[{"name":"wp","href":"https:\/\/api.w.org\/{rel}","templated":true}]}}