{"id":19662,"date":"2023-04-17T11:09:52","date_gmt":"2023-04-17T09:09:52","guid":{"rendered":"https:\/\/www.rememberme-forever.com\/product\/urne-funeraire-en-forme-de-coeur\/"},"modified":"2026-03-26T20:34:17","modified_gmt":"2026-03-26T19:34:17","slug":"urne-funeraire-en-forme-de-coeur","status":"publish","type":"product","link":"https:\/\/www.rememberme-forever.com\/fr\/produit\/urne-funeraire-en-forme-de-coeur\/","title":{"rendered":"Urne fun\u00e9raire en forme de c\u0153ur"},"content":{"rendered":"<div style=\"width: 100%; margin-bottom: 30px; height: max-content; padding-bottom: 60%; position: relative;\"><iframe style=\"position: absolute; top: 0; left: 0; width: 100%; height: 100%;\" src=\"https:\/\/rememberme-urns.com\/heart-urn-ceramic\/\" frameborder=\"0\"><\/iframe><\/div>\n<div style=\"color: red; text-align: center; margin-bottom: 25px;\">\n<p>&gt;&gt; Rotation de la photo &#8211; appuyer\/zoomer &lt;&lt;<\/p>\n<\/div>\n<h2 style=\"text-align: center;\">Heart cremation urn<\/h2>\n<p style=\"text-align: center;\">L&rsquo;urne fun\u00e9raire en c\u00e9ramique en forme de c\u0153ur n&rsquo;est pas seulement un contenant, mais un symbole de l&rsquo;amour et de l&rsquo;affection que votre proche disparu a apport\u00e9s dans votre vie. Avec ses courbes gracieuses et sa finition lisse, c<strong>ette urne fun\u00e9raire en forme de c\u0153ur est un <\/strong>hommage pr\u00e9cieux aux souvenirs et aux moments partag\u00e9s ensemble.<\/p>\n<p style=\"text-align: center;\">Fabriqu\u00e9e avec soin et pr\u00e9cision, cette urne est con\u00e7ue pour contenir les cendres de votre proche en toute s\u00e9curit\u00e9. L&rsquo;ouverture inf\u00e9rieure permet de remplir facilement l&rsquo;urne et de la refermer facilement une fois les cendres \u00e0 l&rsquo;int\u00e9rieur.<\/p>\n<p style=\"text-align: center;\">Pour rendre cette urne encore plus sp\u00e9ciale, vous pouvez ajouter une plaque comm\u00e9morative, pos\u00e9e s\u00e9par\u00e9ment sur un support en plexiglas. La plaque peut \u00eatre personnalis\u00e9e avec le nom de votre proche, ses dates de naissance et de d\u00e9c\u00e8s, ou tout autre texte de votre choix. Ce souvenir pr\u00e9cieux vous permettra de conserver une petite partie des cendres de votre proche pr\u00e8s de votre c\u0153ur.<\/p>\n<p style=\"text-align: center;\">Cette urne en c\u00e9ramique en forme de c\u0153ur, accompagn\u00e9e de son souvenir et de sa plaque comm\u00e9morative, est un hommage magnifique et \u00e9mouvant \u00e0 l&rsquo;\u00eatre aim\u00e9. Elle vous rappellera la joie, le bonheur et l&rsquo;amour que vous avez partag\u00e9s ensemble et vous aidera \u00e0 pr\u00e9server ces souvenirs pour les ann\u00e9es \u00e0 venir.<\/p>\n<p>&nbsp;<\/p>\n<h3 style=\"text-align: center;\"><strong>PERSONNALISATION<\/strong><\/h3>\n<p style=\"text-align: center;\">Si vous choisissez une plaque personnalis\u00e9e, veuillez soumettre du texte dans le cadre de personnalisation du produit.<\/p>\n<p style=\"text-align: center;\">La plaque comm\u00e9morative personnalis\u00e9e doit \u00eatre personnalis\u00e9e lors de votre commande. (Pas de panique si vous la manquez ; vous pouvez toujours nous contacter ult\u00e9rieurement.)<\/p>\n<p style=\"text-align: center;\">Veuillez examiner attentivement le texte \u00e0 graver avant d&rsquo;ajouter l&rsquo;article au panier. Nous reproduisons et gravons les informations exactes re\u00e7ues lors de la commande et n&rsquo;y apportons aucune modification.<\/p>\n<p style=\"text-align: center;\"><strong>Veuillez revoir le texte pour vous assurer que toutes les orthographes sont correctes.<\/strong><\/p>\n<p><img loading=\"lazy\" decoding=\"async\" class=\"wp-image-1453 aligncenter\" src=\"http:\/\/www.rememberme-forever.com\/wp-content\/uploads\/2023\/04\/silver-plaque-urn-295x300.jpg\" alt=\"Urne avec plaque argent\u00e9e\" width=\"194\" height=\"197\" srcset=\"https:\/\/www.rememberme-forever.com\/wp-content\/uploads\/2023\/04\/silver-plaque-urn-295x300.jpg 295w, https:\/\/www.rememberme-forever.com\/wp-content\/uploads\/2023\/04\/silver-plaque-urn-600x610.jpg 600w, https:\/\/www.rememberme-forever.com\/wp-content\/uploads\/2023\/04\/silver-plaque-urn-64x65.jpg 64w, https:\/\/www.rememberme-forever.com\/wp-content\/uploads\/2023\/04\/silver-plaque-urn.jpg 768w\" sizes=\"auto, (max-width: 194px) 100vw, 194px\" \/><\/p>\n<p style=\"text-align: center;\"><strong><em>La plaque comm\u00e9morative sera ajout\u00e9e s\u00e9par\u00e9ment avec le support, comme sur la photo.<\/em><\/strong><\/p>\n<p style=\"text-align: center;\"><strong><em>(Le support de la plaque comm\u00e9morative est en plexiglas transparent.)<\/em><\/strong><\/p>\n<p>&nbsp;<\/p>\n<h3 style=\"text-align: center;\">D\u00e9tails du souvenir :<\/h3>\n<p><img loading=\"lazy\" decoding=\"async\" class=\" wp-image-2170 aligncenter\" src=\"http:\/\/www.rememberme-forever.com\/wp-content\/uploads\/2023\/04\/Keepsake-Heart-Size-295x300.jpg\" alt=\"Taille du souvenir en c\u0153ur\" width=\"313\" height=\"318\" srcset=\"https:\/\/www.rememberme-forever.com\/wp-content\/uploads\/2023\/04\/Keepsake-Heart-Size-295x300.jpg 295w, https:\/\/www.rememberme-forever.com\/wp-content\/uploads\/2023\/04\/Keepsake-Heart-Size-600x610.jpg 600w, https:\/\/www.rememberme-forever.com\/wp-content\/uploads\/2023\/04\/Keepsake-Heart-Size-64x65.jpg 64w, https:\/\/www.rememberme-forever.com\/wp-content\/uploads\/2023\/04\/Keepsake-Heart-Size.jpg 768w\" sizes=\"auto, (max-width: 313px) 100vw, 313px\" \/><\/p>\n<p style=\"text-align: center;\">\u2705 Dimensions : 7,5 cm (l) x 4 cm (H) x 7 cm (L)<br \/>\n\u2705 Dimensions : 7,4 cm (l) x 3,8 cm (H) x 6,9 cm (L)<br \/>\n\u2705 Capacit\u00e9 : 0,05 L (3 pouces cubes)<br \/>\n\u2705 Mat\u00e9riau : C\u00e9ramique<br \/>\n\u2705 Une urne souvenir est g\u00e9n\u00e9ralement une petite urne fun\u00e9raire qui contient une partie des cendres.<\/p>\n","protected":false},"excerpt":{"rendered":"<p class=\"display-inline mr-xs-1\">\u00c9l\u00e9gante urne fun\u00e9raire en c\u00e9ramique en forme de c\u0153ur pour les cendres.<\/p>\n<p><strong>Convient pour les cendres d&rsquo;une personne pesant jusqu&rsquo;\u00e0 environ 132 kg. <\/strong><\/p>\n","protected":false},"featured_media":19668,"template":"","meta":{"_acf_changed":false},"product_brand":[1991],"product_cat":[2420,2419,2408],"product_tag":[3310],"class_list":{"0":"post-19662","1":"product","2":"type-product","3":"status-publish","4":"has-post-thumbnail","6":"product_brand-remember-forever","7":"product_cat-toutes-les-autres-urnes","8":"product_cat-urnes-a-theme","9":"product_cat-urnes-en-ceramique","10":"product_tag-gpsr-ceramic-urns","11":"product_shipping_class-2-4kg-fr","13":"first","14":"instock","15":"taxable","16":"shipping-taxable","17":"purchasable","18":"product-type-variable"},"yoast_head":"<!-- This site is optimized with the Yoast SEO plugin v27.4 - https:\/\/yoast.com\/product\/yoast-seo-wordpress\/ -->\n<title>Urne fun\u00e9raire en forme de c\u0153ur<\/title>\n<meta name=\"description\" content=\"Avec ses courbes gracieuses et sa finition lisse, cette urne fun\u00e9raire en forme de c\u0153ur est un hommage pr\u00e9cieux aux souvenirs et aux moments partag\u00e9s ensemble.\" \/>\n<meta name=\"robots\" content=\"index, follow, max-snippet:-1, max-image-preview:large, max-video-preview:-1\" \/>\n<link rel=\"canonical\" href=\"https:\/\/www.rememberme-forever.com\/fr\/produit\/urne-funeraire-en-forme-de-coeur\/\" \/>\n<meta property=\"og:locale\" content=\"fr_FR\" \/>\n<meta property=\"og:type\" content=\"article\" \/>\n<meta property=\"og:title\" content=\"Urne fun\u00e9raire en forme de c\u0153ur\" \/>\n<meta property=\"og:description\" content=\"Avec ses courbes gracieuses et sa finition lisse, cette urne fun\u00e9raire en forme de c\u0153ur est un hommage pr\u00e9cieux aux souvenirs et aux moments partag\u00e9s ensemble.\" \/>\n<meta property=\"og:url\" content=\"https:\/\/www.rememberme-forever.com\/fr\/produit\/urne-funeraire-en-forme-de-coeur\/\" \/>\n<meta property=\"og:site_name\" content=\"Remember Forever\" \/>\n<meta property=\"article:modified_time\" content=\"2026-03-26T19:34:17+00:00\" \/>\n<meta property=\"og:image\" content=\"http:\/\/www.rememberme-forever.com\/wp-content\/uploads\/2023\/04\/Heart-cremation-urn.jpg\" \/>\n\t<meta property=\"og:image:width\" content=\"768\" \/>\n\t<meta property=\"og:image:height\" content=\"779\" \/>\n\t<meta property=\"og:image:type\" content=\"image\/jpeg\" \/>\n<meta name=\"twitter:card\" content=\"summary_large_image\" \/>\n<meta name=\"twitter:label1\" content=\"Dur\u00e9e de lecture estim\u00e9e\" \/>\n\t<meta name=\"twitter:data1\" content=\"3 minutes\" \/>\n<script type=\"application\/ld+json\" class=\"yoast-schema-graph\">{\"@context\":\"https:\\\/\\\/schema.org\",\"@graph\":[{\"@type\":\"WebPage\",\"@id\":\"https:\\\/\\\/www.rememberme-forever.com\\\/fr\\\/produit\\\/urne-funeraire-en-forme-de-coeur\\\/\",\"url\":\"https:\\\/\\\/www.rememberme-forever.com\\\/fr\\\/produit\\\/urne-funeraire-en-forme-de-coeur\\\/\",\"name\":\"Urne fun\u00e9raire en forme de c\u0153ur\",\"isPartOf\":{\"@id\":\"https:\\\/\\\/www.rememberme-forever.com\\\/fr\\\/#website\"},\"primaryImageOfPage\":{\"@id\":\"https:\\\/\\\/www.rememberme-forever.com\\\/fr\\\/produit\\\/urne-funeraire-en-forme-de-coeur\\\/#primaryimage\"},\"image\":{\"@id\":\"https:\\\/\\\/www.rememberme-forever.com\\\/fr\\\/produit\\\/urne-funeraire-en-forme-de-coeur\\\/#primaryimage\"},\"thumbnailUrl\":\"https:\\\/\\\/www.rememberme-forever.com\\\/wp-content\\\/uploads\\\/2023\\\/04\\\/Heart-cremation-urn.jpg\",\"datePublished\":\"2023-04-17T09:09:52+00:00\",\"dateModified\":\"2026-03-26T19:34:17+00:00\",\"description\":\"Avec ses courbes gracieuses et sa finition lisse, cette urne fun\u00e9raire en forme de c\u0153ur est un hommage pr\u00e9cieux aux souvenirs et aux moments partag\u00e9s ensemble.\",\"breadcrumb\":{\"@id\":\"https:\\\/\\\/www.rememberme-forever.com\\\/fr\\\/produit\\\/urne-funeraire-en-forme-de-coeur\\\/#breadcrumb\"},\"inLanguage\":\"fr-FR\",\"potentialAction\":[{\"@type\":\"ReadAction\",\"target\":[\"https:\\\/\\\/www.rememberme-forever.com\\\/fr\\\/produit\\\/urne-funeraire-en-forme-de-coeur\\\/\"]}]},{\"@type\":\"ImageObject\",\"inLanguage\":\"fr-FR\",\"@id\":\"https:\\\/\\\/www.rememberme-forever.com\\\/fr\\\/produit\\\/urne-funeraire-en-forme-de-coeur\\\/#primaryimage\",\"url\":\"https:\\\/\\\/www.rememberme-forever.com\\\/wp-content\\\/uploads\\\/2023\\\/04\\\/Heart-cremation-urn.jpg\",\"contentUrl\":\"https:\\\/\\\/www.rememberme-forever.com\\\/wp-content\\\/uploads\\\/2023\\\/04\\\/Heart-cremation-urn.jpg\",\"width\":768,\"height\":779,\"caption\":\"Heart cremation urn\"},{\"@type\":\"BreadcrumbList\",\"@id\":\"https:\\\/\\\/www.rememberme-forever.com\\\/fr\\\/produit\\\/urne-funeraire-en-forme-de-coeur\\\/#breadcrumb\",\"itemListElement\":[{\"@type\":\"ListItem\",\"position\":1,\"name\":\"Home\",\"item\":\"https:\\\/\\\/www.rememberme-forever.com\\\/fr\\\/accueil\\\/\"},{\"@type\":\"ListItem\",\"position\":2,\"name\":\"Boutique\",\"item\":\"https:\\\/\\\/www.rememberme-forever.com\\\/fr\\\/boutique\\\/\"},{\"@type\":\"ListItem\",\"position\":3,\"name\":\"Urne fun\u00e9raire en forme de c\u0153ur\"}]},{\"@type\":\"WebSite\",\"@id\":\"https:\\\/\\\/www.rememberme-forever.com\\\/fr\\\/#website\",\"url\":\"https:\\\/\\\/www.rememberme-forever.com\\\/fr\\\/\",\"name\":\"Remember Forever\",\"description\":\"Cremation urns, funeral urns, urns for ashes\",\"publisher\":{\"@id\":\"https:\\\/\\\/www.rememberme-forever.com\\\/fr\\\/#organization\"},\"potentialAction\":[{\"@type\":\"SearchAction\",\"target\":{\"@type\":\"EntryPoint\",\"urlTemplate\":\"https:\\\/\\\/www.rememberme-forever.com\\\/fr\\\/?s={search_term_string}\"},\"query-input\":{\"@type\":\"PropertyValueSpecification\",\"valueRequired\":true,\"valueName\":\"search_term_string\"}}],\"inLanguage\":\"fr-FR\"},{\"@type\":\"Organization\",\"@id\":\"https:\\\/\\\/www.rememberme-forever.com\\\/fr\\\/#organization\",\"name\":\"Remember Forever\",\"url\":\"https:\\\/\\\/www.rememberme-forever.com\\\/fr\\\/\",\"logo\":{\"@type\":\"ImageObject\",\"inLanguage\":\"fr-FR\",\"@id\":\"https:\\\/\\\/www.rememberme-forever.com\\\/fr\\\/#\\\/schema\\\/logo\\\/image\\\/\",\"url\":\"https:\\\/\\\/www.rememberme-forever.com\\\/wp-content\\\/uploads\\\/2023\\\/02\\\/logo.png\",\"contentUrl\":\"https:\\\/\\\/www.rememberme-forever.com\\\/wp-content\\\/uploads\\\/2023\\\/02\\\/logo.png\",\"width\":300,\"height\":56,\"caption\":\"Remember Forever\"},\"image\":{\"@id\":\"https:\\\/\\\/www.rememberme-forever.com\\\/fr\\\/#\\\/schema\\\/logo\\\/image\\\/\"}}]}<\/script>\n<!-- \/ Yoast SEO plugin. -->","yoast_head_json":{"title":"Urne fun\u00e9raire en forme de c\u0153ur","description":"Avec ses courbes gracieuses et sa finition lisse, cette urne fun\u00e9raire en forme de c\u0153ur est un hommage pr\u00e9cieux aux souvenirs et aux moments partag\u00e9s ensemble.","robots":{"index":"index","follow":"follow","max-snippet":"max-snippet:-1","max-image-preview":"max-image-preview:large","max-video-preview":"max-video-preview:-1"},"canonical":"https:\/\/www.rememberme-forever.com\/fr\/produit\/urne-funeraire-en-forme-de-coeur\/","og_locale":"fr_FR","og_type":"article","og_title":"Urne fun\u00e9raire en forme de c\u0153ur","og_description":"Avec ses courbes gracieuses et sa finition lisse, cette urne fun\u00e9raire en forme de c\u0153ur est un hommage pr\u00e9cieux aux souvenirs et aux moments partag\u00e9s ensemble.","og_url":"https:\/\/www.rememberme-forever.com\/fr\/produit\/urne-funeraire-en-forme-de-coeur\/","og_site_name":"Remember Forever","article_modified_time":"2026-03-26T19:34:17+00:00","og_image":[{"width":768,"height":779,"url":"http:\/\/www.rememberme-forever.com\/wp-content\/uploads\/2023\/04\/Heart-cremation-urn.jpg","type":"image\/jpeg"}],"twitter_card":"summary_large_image","twitter_misc":{"Dur\u00e9e de lecture estim\u00e9e":"3 minutes"},"schema":{"@context":"https:\/\/schema.org","@graph":[{"@type":"WebPage","@id":"https:\/\/www.rememberme-forever.com\/fr\/produit\/urne-funeraire-en-forme-de-coeur\/","url":"https:\/\/www.rememberme-forever.com\/fr\/produit\/urne-funeraire-en-forme-de-coeur\/","name":"Urne fun\u00e9raire en forme de c\u0153ur","isPartOf":{"@id":"https:\/\/www.rememberme-forever.com\/fr\/#website"},"primaryImageOfPage":{"@id":"https:\/\/www.rememberme-forever.com\/fr\/produit\/urne-funeraire-en-forme-de-coeur\/#primaryimage"},"image":{"@id":"https:\/\/www.rememberme-forever.com\/fr\/produit\/urne-funeraire-en-forme-de-coeur\/#primaryimage"},"thumbnailUrl":"https:\/\/www.rememberme-forever.com\/wp-content\/uploads\/2023\/04\/Heart-cremation-urn.jpg","datePublished":"2023-04-17T09:09:52+00:00","dateModified":"2026-03-26T19:34:17+00:00","description":"Avec ses courbes gracieuses et sa finition lisse, cette urne fun\u00e9raire en forme de c\u0153ur est un hommage pr\u00e9cieux aux souvenirs et aux moments partag\u00e9s ensemble.","breadcrumb":{"@id":"https:\/\/www.rememberme-forever.com\/fr\/produit\/urne-funeraire-en-forme-de-coeur\/#breadcrumb"},"inLanguage":"fr-FR","potentialAction":[{"@type":"ReadAction","target":["https:\/\/www.rememberme-forever.com\/fr\/produit\/urne-funeraire-en-forme-de-coeur\/"]}]},{"@type":"ImageObject","inLanguage":"fr-FR","@id":"https:\/\/www.rememberme-forever.com\/fr\/produit\/urne-funeraire-en-forme-de-coeur\/#primaryimage","url":"https:\/\/www.rememberme-forever.com\/wp-content\/uploads\/2023\/04\/Heart-cremation-urn.jpg","contentUrl":"https:\/\/www.rememberme-forever.com\/wp-content\/uploads\/2023\/04\/Heart-cremation-urn.jpg","width":768,"height":779,"caption":"Heart cremation urn"},{"@type":"BreadcrumbList","@id":"https:\/\/www.rememberme-forever.com\/fr\/produit\/urne-funeraire-en-forme-de-coeur\/#breadcrumb","itemListElement":[{"@type":"ListItem","position":1,"name":"Home","item":"https:\/\/www.rememberme-forever.com\/fr\/accueil\/"},{"@type":"ListItem","position":2,"name":"Boutique","item":"https:\/\/www.rememberme-forever.com\/fr\/boutique\/"},{"@type":"ListItem","position":3,"name":"Urne fun\u00e9raire en forme de c\u0153ur"}]},{"@type":"WebSite","@id":"https:\/\/www.rememberme-forever.com\/fr\/#website","url":"https:\/\/www.rememberme-forever.com\/fr\/","name":"Remember Forever","description":"Cremation urns, funeral urns, urns for ashes","publisher":{"@id":"https:\/\/www.rememberme-forever.com\/fr\/#organization"},"potentialAction":[{"@type":"SearchAction","target":{"@type":"EntryPoint","urlTemplate":"https:\/\/www.rememberme-forever.com\/fr\/?s={search_term_string}"},"query-input":{"@type":"PropertyValueSpecification","valueRequired":true,"valueName":"search_term_string"}}],"inLanguage":"fr-FR"},{"@type":"Organization","@id":"https:\/\/www.rememberme-forever.com\/fr\/#organization","name":"Remember Forever","url":"https:\/\/www.rememberme-forever.com\/fr\/","logo":{"@type":"ImageObject","inLanguage":"fr-FR","@id":"https:\/\/www.rememberme-forever.com\/fr\/#\/schema\/logo\/image\/","url":"https:\/\/www.rememberme-forever.com\/wp-content\/uploads\/2023\/02\/logo.png","contentUrl":"https:\/\/www.rememberme-forever.com\/wp-content\/uploads\/2023\/02\/logo.png","width":300,"height":56,"caption":"Remember Forever"},"image":{"@id":"https:\/\/www.rememberme-forever.com\/fr\/#\/schema\/logo\/image\/"}}]}},"acf":[],"_links":{"self":[{"href":"https:\/\/www.rememberme-forever.com\/fr\/wp-json\/wp\/v2\/product\/19662","targetHints":{"allow":["GET"]}}],"collection":[{"href":"https:\/\/www.rememberme-forever.com\/fr\/wp-json\/wp\/v2\/product"}],"about":[{"href":"https:\/\/www.rememberme-forever.com\/fr\/wp-json\/wp\/v2\/types\/product"}],"wp:featuredmedia":[{"embeddable":true,"href":"https:\/\/www.rememberme-forever.com\/fr\/wp-json\/wp\/v2\/media\/19668"}],"wp:attachment":[{"href":"https:\/\/www.rememberme-forever.com\/fr\/wp-json\/wp\/v2\/media?parent=19662"}],"wp:term":[{"taxonomy":"product_brand","embeddable":true,"href":"https:\/\/www.rememberme-forever.com\/fr\/wp-json\/wp\/v2\/product_brand?post=19662"},{"taxonomy":"product_cat","embeddable":true,"href":"https:\/\/www.rememberme-forever.com\/fr\/wp-json\/wp\/v2\/product_cat?post=19662"},{"taxonomy":"product_tag","embeddable":true,"href":"https:\/\/www.rememberme-forever.com\/fr\/wp-json\/wp\/v2\/product_tag?post=19662"}],"curies":[{"name":"wp","href":"https:\/\/api.w.org\/{rel}","templated":true}]}}