{"id":19754,"date":"2023-04-06T10:29:59","date_gmt":"2023-04-06T08:29:59","guid":{"rendered":"https:\/\/www.rememberme-forever.com\/product\/urne-funeraire-en-granit-noir-pour-cendres-dadultes-pour-lenterrement\/"},"modified":"2025-10-01T08:47:57","modified_gmt":"2025-10-01T06:47:57","slug":"urne-funeraire-en-granit-noir-pour-cendres-dadultes-pour-lenterrement","status":"publish","type":"product","link":"https:\/\/www.rememberme-forever.com\/fr\/produit\/urne-funeraire-en-granit-noir-pour-cendres-dadultes-pour-lenterrement\/","title":{"rendered":"Urne fun\u00e9raire en granit noir pour cendres d&rsquo;adultes pour l&rsquo;enterrement"},"content":{"rendered":"<div style=\"width: 100%; margin-bottom: 40px; height: max-content; padding-bottom: 60%; position: relative;\"><iframe style=\"position: absolute; top: 0; left: 0; width: 100%; height: 100%;\" src=\"https:\/\/rememberme-urns.com\/black-composite-urn\/\" frameborder=\"0\"><\/iframe><\/div>\n<div style=\"color: red; text-align: center; margin-bottom: 25px;\">\n<p>&gt;&gt; Rotation de la photo &#8211; appuyer\/zoomer &lt;&lt;<\/p>\n<\/div>\n<h2 style=\"text-align: center;\">Urne fun\u00e9raire en granit noir pour cendres d&rsquo;adultes pour l&rsquo;enterrement<\/h2>\n<p style=\"text-align: center;\">D\u00e9couvrez notre exquise urne fun\u00e9raire en granit noir, le contenant id\u00e9al pour honorer et ch\u00e9rir la m\u00e9moire de votre proche. Avec son ext\u00e9rieur \u00e9l\u00e9gant et poli, cette urne d\u00e9gage une impression d&rsquo;\u00e9l\u00e9gance et de sophistication qui s&rsquo;harmonisera \u00e0 merveille avec tout service comm\u00e9moratif ou fun\u00e9raire.<\/p>\n<p style=\"text-align: center;\">Fabriqu\u00e9e en granit de la plus haute qualit\u00e9, cette urne est \u00e0 la fois durable et r\u00e9sistante, garantissant que les cendres de votre proche seront conserv\u00e9es en toute s\u00e9curit\u00e9 pour les ann\u00e9es \u00e0 venir. Con\u00e7ue pour accueillir les cendres d&rsquo;un adulte, elle offre un espace g\u00e9n\u00e9reux pour accueillir les restes de votre proche.<\/p>\n<p style=\"text-align: center;\">Outre sa superbe finition en granit noir, cette urne est orn\u00e9e de magnifiques roses, ajoutant une touche de beaut\u00e9 naturelle et de symbolisme au lieu de repos final de votre proche. Une plaque comm\u00e9morative est \u00e9galement incluse, vous permettant de personnaliser l&rsquo;urne avec le nom de votre bien-aim\u00e9, les dates ou un message sinc\u00e8re.<\/p>\n<p style=\"text-align: center;\">Pour une touche de symbolisme religieux suppl\u00e9mentaire, une croix en or peut \u00eatre ajout\u00e9e \u00e0 l&rsquo;urne (en option). Cette croix rappelle avec force la foi de votre proche et le r\u00e9confort qu&rsquo;elle peut lui apporter en cette p\u00e9riode difficile.<\/p>\n<p style=\"text-align: center;\">Cette urne fun\u00e9raire en granit noir, orn\u00e9e de roses et d&rsquo;une plaque comm\u00e9morative, est un hommage intemporel et unique \u00e0 la vie de votre proche, une fa\u00e7on \u00e9l\u00e9gante et durable d&rsquo;honorer sa m\u00e9moire.<\/p>\n<h3><\/h3>\n<p style=\"text-align: center;\"><em><strong>Une croix dor\u00e9e est ajout\u00e9e en option \u00e0 chaque urne pour un assemblage facile.<\/strong><\/em><\/p>\n<p>&nbsp;<\/p>\n<h3 style=\"text-align: center;\"><strong>PERSONNALISATION<\/strong><\/h3>\n<p style=\"text-align: center;\">La plaque comm\u00e9morative personnalis\u00e9e doit \u00eatre personnalis\u00e9e lors de votre commande. (Pas de panique si vous la manquez ; vous pouvez toujours nous contacter ult\u00e9rieurement.)<\/p>\n<p style=\"text-align: center;\">Veuillez examiner attentivement le texte \u00e0 graver avant d&rsquo;ajouter l&rsquo;article au panier. Nous reproduisons et gravons les informations exactes re\u00e7ues lors de la commande et n&rsquo;y apportons aucune modification.<\/p>\n<p style=\"text-align: center;\"><strong>Veuillez revoir le texte pour vous assurer que toutes les orthographes sont correctes.<\/strong><\/p>\n<p><img loading=\"lazy\" decoding=\"async\" class=\" wp-image-1447 aligncenter\" src=\"http:\/\/www.rememberme-forever.com\/wp-content\/uploads\/2023\/04\/memorial-plaque-cremation-urn-gold-300x150.jpg\" alt=\"Plaque comm\u00e9morative, urne fun\u00e9raire dor\u00e9e\" width=\"218\" height=\"109\" srcset=\"https:\/\/www.rememberme-forever.com\/wp-content\/uploads\/2023\/04\/memorial-plaque-cremation-urn-gold-300x150.jpg 300w, https:\/\/www.rememberme-forever.com\/wp-content\/uploads\/2023\/04\/memorial-plaque-cremation-urn-gold-64x32.jpg 64w, https:\/\/www.rememberme-forever.com\/wp-content\/uploads\/2023\/04\/memorial-plaque-cremation-urn-gold.jpg 448w\" sizes=\"auto, (max-width: 218px) 100vw, 218px\" \/><\/p>\n","protected":false},"excerpt":{"rendered":"<p>Urne noire de forme classique en granit. Magnifique urne fun\u00e9raire pour les cendres d&rsquo;un adulte.<\/p>\n<p><strong>Peut contenir les cendres d&rsquo;une personne pesant jusqu&rsquo;\u00e0 environ 138 kg. <\/strong><\/p>\n","protected":false},"featured_media":19755,"template":"","meta":{"_acf_changed":false},"product_brand":[1991],"product_cat":[2411],"product_tag":[3315],"class_list":{"0":"post-19754","1":"product","2":"type-product","3":"status-publish","4":"has-post-thumbnail","6":"product_brand-remember-forever","7":"product_cat-urnes-composites","8":"product_tag-gpsr-composite-urns","9":"product_shipping_class-5-10kg-fr","11":"first","12":"instock","13":"taxable","14":"shipping-taxable","15":"purchasable","16":"product-type-simple"},"yoast_head":"<!-- This site is optimized with the Yoast SEO plugin v27.4 - https:\/\/yoast.com\/product\/yoast-seo-wordpress\/ -->\n<title>Urne fun\u00e9raire en granit noir pour cendres d&#039;adultes pour l&#039;enterrement<\/title>\n<meta name=\"description\" content=\"D\u00e9couvrez notre exquise urne fun\u00e9raire en granit noir, le contenant id\u00e9al pour honorer et ch\u00e9rir la m\u00e9moire de votre proche.\" \/>\n<meta name=\"robots\" content=\"index, follow, max-snippet:-1, max-image-preview:large, max-video-preview:-1\" \/>\n<link rel=\"canonical\" href=\"https:\/\/www.rememberme-forever.com\/fr\/produit\/urne-funeraire-en-granit-noir-pour-cendres-dadultes-pour-lenterrement\/\" \/>\n<meta property=\"og:locale\" content=\"fr_FR\" \/>\n<meta property=\"og:type\" content=\"article\" \/>\n<meta property=\"og:title\" content=\"Urne fun\u00e9raire en granit noir pour cendres d&#039;adultes pour l&#039;enterrement\" \/>\n<meta property=\"og:description\" content=\"D\u00e9couvrez notre exquise urne fun\u00e9raire en granit noir, le contenant id\u00e9al pour honorer et ch\u00e9rir la m\u00e9moire de votre proche.\" \/>\n<meta property=\"og:url\" content=\"https:\/\/www.rememberme-forever.com\/fr\/produit\/urne-funeraire-en-granit-noir-pour-cendres-dadultes-pour-lenterrement\/\" \/>\n<meta property=\"og:site_name\" content=\"Remember Forever\" \/>\n<meta property=\"article:modified_time\" content=\"2025-10-01T06:47:57+00:00\" \/>\n<meta property=\"og:image\" content=\"http:\/\/www.rememberme-forever.com\/wp-content\/uploads\/2023\/04\/engraved-black-cremation-urn.jpg\" \/>\n\t<meta property=\"og:image:width\" content=\"768\" \/>\n\t<meta property=\"og:image:height\" content=\"781\" \/>\n\t<meta property=\"og:image:type\" content=\"image\/jpeg\" \/>\n<meta name=\"twitter:card\" content=\"summary_large_image\" \/>\n<meta name=\"twitter:label1\" content=\"Dur\u00e9e de lecture estim\u00e9e\" \/>\n\t<meta name=\"twitter:data1\" content=\"2 minutes\" \/>\n<script type=\"application\/ld+json\" class=\"yoast-schema-graph\">{\"@context\":\"https:\\\/\\\/schema.org\",\"@graph\":[{\"@type\":\"WebPage\",\"@id\":\"https:\\\/\\\/www.rememberme-forever.com\\\/fr\\\/produit\\\/urne-funeraire-en-granit-noir-pour-cendres-dadultes-pour-lenterrement\\\/\",\"url\":\"https:\\\/\\\/www.rememberme-forever.com\\\/fr\\\/produit\\\/urne-funeraire-en-granit-noir-pour-cendres-dadultes-pour-lenterrement\\\/\",\"name\":\"Urne fun\u00e9raire en granit noir pour cendres d'adultes pour l'enterrement\",\"isPartOf\":{\"@id\":\"https:\\\/\\\/www.rememberme-forever.com\\\/fr\\\/#website\"},\"primaryImageOfPage\":{\"@id\":\"https:\\\/\\\/www.rememberme-forever.com\\\/fr\\\/produit\\\/urne-funeraire-en-granit-noir-pour-cendres-dadultes-pour-lenterrement\\\/#primaryimage\"},\"image\":{\"@id\":\"https:\\\/\\\/www.rememberme-forever.com\\\/fr\\\/produit\\\/urne-funeraire-en-granit-noir-pour-cendres-dadultes-pour-lenterrement\\\/#primaryimage\"},\"thumbnailUrl\":\"https:\\\/\\\/www.rememberme-forever.com\\\/wp-content\\\/uploads\\\/2023\\\/04\\\/engraved-black-cremation-urn.jpg\",\"datePublished\":\"2023-04-06T08:29:59+00:00\",\"dateModified\":\"2025-10-01T06:47:57+00:00\",\"description\":\"D\u00e9couvrez notre exquise urne fun\u00e9raire en granit noir, le contenant id\u00e9al pour honorer et ch\u00e9rir la m\u00e9moire de votre proche.\",\"breadcrumb\":{\"@id\":\"https:\\\/\\\/www.rememberme-forever.com\\\/fr\\\/produit\\\/urne-funeraire-en-granit-noir-pour-cendres-dadultes-pour-lenterrement\\\/#breadcrumb\"},\"inLanguage\":\"fr-FR\",\"potentialAction\":[{\"@type\":\"ReadAction\",\"target\":[\"https:\\\/\\\/www.rememberme-forever.com\\\/fr\\\/produit\\\/urne-funeraire-en-granit-noir-pour-cendres-dadultes-pour-lenterrement\\\/\"]}]},{\"@type\":\"ImageObject\",\"inLanguage\":\"fr-FR\",\"@id\":\"https:\\\/\\\/www.rememberme-forever.com\\\/fr\\\/produit\\\/urne-funeraire-en-granit-noir-pour-cendres-dadultes-pour-lenterrement\\\/#primaryimage\",\"url\":\"https:\\\/\\\/www.rememberme-forever.com\\\/wp-content\\\/uploads\\\/2023\\\/04\\\/engraved-black-cremation-urn.jpg\",\"contentUrl\":\"https:\\\/\\\/www.rememberme-forever.com\\\/wp-content\\\/uploads\\\/2023\\\/04\\\/engraved-black-cremation-urn.jpg\",\"width\":768,\"height\":781,\"caption\":\"Black granite cremation urn for adult ashes for burial, engraved black cremation urn\"},{\"@type\":\"BreadcrumbList\",\"@id\":\"https:\\\/\\\/www.rememberme-forever.com\\\/fr\\\/produit\\\/urne-funeraire-en-granit-noir-pour-cendres-dadultes-pour-lenterrement\\\/#breadcrumb\",\"itemListElement\":[{\"@type\":\"ListItem\",\"position\":1,\"name\":\"Home\",\"item\":\"https:\\\/\\\/www.rememberme-forever.com\\\/fr\\\/accueil\\\/\"},{\"@type\":\"ListItem\",\"position\":2,\"name\":\"Boutique\",\"item\":\"https:\\\/\\\/www.rememberme-forever.com\\\/fr\\\/boutique\\\/\"},{\"@type\":\"ListItem\",\"position\":3,\"name\":\"Urne fun\u00e9raire en granit noir pour cendres d&#8217;adultes pour l&#8217;enterrement\"}]},{\"@type\":\"WebSite\",\"@id\":\"https:\\\/\\\/www.rememberme-forever.com\\\/fr\\\/#website\",\"url\":\"https:\\\/\\\/www.rememberme-forever.com\\\/fr\\\/\",\"name\":\"Remember Forever\",\"description\":\"Cremation urns, funeral urns, urns for ashes\",\"publisher\":{\"@id\":\"https:\\\/\\\/www.rememberme-forever.com\\\/fr\\\/#organization\"},\"potentialAction\":[{\"@type\":\"SearchAction\",\"target\":{\"@type\":\"EntryPoint\",\"urlTemplate\":\"https:\\\/\\\/www.rememberme-forever.com\\\/fr\\\/?s={search_term_string}\"},\"query-input\":{\"@type\":\"PropertyValueSpecification\",\"valueRequired\":true,\"valueName\":\"search_term_string\"}}],\"inLanguage\":\"fr-FR\"},{\"@type\":\"Organization\",\"@id\":\"https:\\\/\\\/www.rememberme-forever.com\\\/fr\\\/#organization\",\"name\":\"Remember Forever\",\"url\":\"https:\\\/\\\/www.rememberme-forever.com\\\/fr\\\/\",\"logo\":{\"@type\":\"ImageObject\",\"inLanguage\":\"fr-FR\",\"@id\":\"https:\\\/\\\/www.rememberme-forever.com\\\/fr\\\/#\\\/schema\\\/logo\\\/image\\\/\",\"url\":\"https:\\\/\\\/www.rememberme-forever.com\\\/wp-content\\\/uploads\\\/2023\\\/02\\\/logo.png\",\"contentUrl\":\"https:\\\/\\\/www.rememberme-forever.com\\\/wp-content\\\/uploads\\\/2023\\\/02\\\/logo.png\",\"width\":300,\"height\":56,\"caption\":\"Remember Forever\"},\"image\":{\"@id\":\"https:\\\/\\\/www.rememberme-forever.com\\\/fr\\\/#\\\/schema\\\/logo\\\/image\\\/\"}}]}<\/script>\n<!-- \/ Yoast SEO plugin. -->","yoast_head_json":{"title":"Urne fun\u00e9raire en granit noir pour cendres d'adultes pour l'enterrement","description":"D\u00e9couvrez notre exquise urne fun\u00e9raire en granit noir, le contenant id\u00e9al pour honorer et ch\u00e9rir la m\u00e9moire de votre proche.","robots":{"index":"index","follow":"follow","max-snippet":"max-snippet:-1","max-image-preview":"max-image-preview:large","max-video-preview":"max-video-preview:-1"},"canonical":"https:\/\/www.rememberme-forever.com\/fr\/produit\/urne-funeraire-en-granit-noir-pour-cendres-dadultes-pour-lenterrement\/","og_locale":"fr_FR","og_type":"article","og_title":"Urne fun\u00e9raire en granit noir pour cendres d'adultes pour l'enterrement","og_description":"D\u00e9couvrez notre exquise urne fun\u00e9raire en granit noir, le contenant id\u00e9al pour honorer et ch\u00e9rir la m\u00e9moire de votre proche.","og_url":"https:\/\/www.rememberme-forever.com\/fr\/produit\/urne-funeraire-en-granit-noir-pour-cendres-dadultes-pour-lenterrement\/","og_site_name":"Remember Forever","article_modified_time":"2025-10-01T06:47:57+00:00","og_image":[{"width":768,"height":781,"url":"http:\/\/www.rememberme-forever.com\/wp-content\/uploads\/2023\/04\/engraved-black-cremation-urn.jpg","type":"image\/jpeg"}],"twitter_card":"summary_large_image","twitter_misc":{"Dur\u00e9e de lecture estim\u00e9e":"2 minutes"},"schema":{"@context":"https:\/\/schema.org","@graph":[{"@type":"WebPage","@id":"https:\/\/www.rememberme-forever.com\/fr\/produit\/urne-funeraire-en-granit-noir-pour-cendres-dadultes-pour-lenterrement\/","url":"https:\/\/www.rememberme-forever.com\/fr\/produit\/urne-funeraire-en-granit-noir-pour-cendres-dadultes-pour-lenterrement\/","name":"Urne fun\u00e9raire en granit noir pour cendres d'adultes pour l'enterrement","isPartOf":{"@id":"https:\/\/www.rememberme-forever.com\/fr\/#website"},"primaryImageOfPage":{"@id":"https:\/\/www.rememberme-forever.com\/fr\/produit\/urne-funeraire-en-granit-noir-pour-cendres-dadultes-pour-lenterrement\/#primaryimage"},"image":{"@id":"https:\/\/www.rememberme-forever.com\/fr\/produit\/urne-funeraire-en-granit-noir-pour-cendres-dadultes-pour-lenterrement\/#primaryimage"},"thumbnailUrl":"https:\/\/www.rememberme-forever.com\/wp-content\/uploads\/2023\/04\/engraved-black-cremation-urn.jpg","datePublished":"2023-04-06T08:29:59+00:00","dateModified":"2025-10-01T06:47:57+00:00","description":"D\u00e9couvrez notre exquise urne fun\u00e9raire en granit noir, le contenant id\u00e9al pour honorer et ch\u00e9rir la m\u00e9moire de votre proche.","breadcrumb":{"@id":"https:\/\/www.rememberme-forever.com\/fr\/produit\/urne-funeraire-en-granit-noir-pour-cendres-dadultes-pour-lenterrement\/#breadcrumb"},"inLanguage":"fr-FR","potentialAction":[{"@type":"ReadAction","target":["https:\/\/www.rememberme-forever.com\/fr\/produit\/urne-funeraire-en-granit-noir-pour-cendres-dadultes-pour-lenterrement\/"]}]},{"@type":"ImageObject","inLanguage":"fr-FR","@id":"https:\/\/www.rememberme-forever.com\/fr\/produit\/urne-funeraire-en-granit-noir-pour-cendres-dadultes-pour-lenterrement\/#primaryimage","url":"https:\/\/www.rememberme-forever.com\/wp-content\/uploads\/2023\/04\/engraved-black-cremation-urn.jpg","contentUrl":"https:\/\/www.rememberme-forever.com\/wp-content\/uploads\/2023\/04\/engraved-black-cremation-urn.jpg","width":768,"height":781,"caption":"Black granite cremation urn for adult ashes for burial, engraved black cremation urn"},{"@type":"BreadcrumbList","@id":"https:\/\/www.rememberme-forever.com\/fr\/produit\/urne-funeraire-en-granit-noir-pour-cendres-dadultes-pour-lenterrement\/#breadcrumb","itemListElement":[{"@type":"ListItem","position":1,"name":"Home","item":"https:\/\/www.rememberme-forever.com\/fr\/accueil\/"},{"@type":"ListItem","position":2,"name":"Boutique","item":"https:\/\/www.rememberme-forever.com\/fr\/boutique\/"},{"@type":"ListItem","position":3,"name":"Urne fun\u00e9raire en granit noir pour cendres d&#8217;adultes pour l&#8217;enterrement"}]},{"@type":"WebSite","@id":"https:\/\/www.rememberme-forever.com\/fr\/#website","url":"https:\/\/www.rememberme-forever.com\/fr\/","name":"Remember Forever","description":"Cremation urns, funeral urns, urns for ashes","publisher":{"@id":"https:\/\/www.rememberme-forever.com\/fr\/#organization"},"potentialAction":[{"@type":"SearchAction","target":{"@type":"EntryPoint","urlTemplate":"https:\/\/www.rememberme-forever.com\/fr\/?s={search_term_string}"},"query-input":{"@type":"PropertyValueSpecification","valueRequired":true,"valueName":"search_term_string"}}],"inLanguage":"fr-FR"},{"@type":"Organization","@id":"https:\/\/www.rememberme-forever.com\/fr\/#organization","name":"Remember Forever","url":"https:\/\/www.rememberme-forever.com\/fr\/","logo":{"@type":"ImageObject","inLanguage":"fr-FR","@id":"https:\/\/www.rememberme-forever.com\/fr\/#\/schema\/logo\/image\/","url":"https:\/\/www.rememberme-forever.com\/wp-content\/uploads\/2023\/02\/logo.png","contentUrl":"https:\/\/www.rememberme-forever.com\/wp-content\/uploads\/2023\/02\/logo.png","width":300,"height":56,"caption":"Remember Forever"},"image":{"@id":"https:\/\/www.rememberme-forever.com\/fr\/#\/schema\/logo\/image\/"}}]}},"acf":[],"_links":{"self":[{"href":"https:\/\/www.rememberme-forever.com\/fr\/wp-json\/wp\/v2\/product\/19754","targetHints":{"allow":["GET"]}}],"collection":[{"href":"https:\/\/www.rememberme-forever.com\/fr\/wp-json\/wp\/v2\/product"}],"about":[{"href":"https:\/\/www.rememberme-forever.com\/fr\/wp-json\/wp\/v2\/types\/product"}],"wp:featuredmedia":[{"embeddable":true,"href":"https:\/\/www.rememberme-forever.com\/fr\/wp-json\/wp\/v2\/media\/19755"}],"wp:attachment":[{"href":"https:\/\/www.rememberme-forever.com\/fr\/wp-json\/wp\/v2\/media?parent=19754"}],"wp:term":[{"taxonomy":"product_brand","embeddable":true,"href":"https:\/\/www.rememberme-forever.com\/fr\/wp-json\/wp\/v2\/product_brand?post=19754"},{"taxonomy":"product_cat","embeddable":true,"href":"https:\/\/www.rememberme-forever.com\/fr\/wp-json\/wp\/v2\/product_cat?post=19754"},{"taxonomy":"product_tag","embeddable":true,"href":"https:\/\/www.rememberme-forever.com\/fr\/wp-json\/wp\/v2\/product_tag?post=19754"}],"curies":[{"name":"wp","href":"https:\/\/api.w.org\/{rel}","templated":true}]}}