{"id":19828,"date":"2025-06-06T12:26:52","date_gmt":"2025-06-06T10:26:52","guid":{"rendered":"https:\/\/www.rememberme-forever.com\/product\/coffret-funeraire-coffret-et-urne-en-metal-noir-pour-cendres\/"},"modified":"2025-10-01T15:11:59","modified_gmt":"2025-10-01T13:11:59","slug":"coffret-funeraire-coffret-et-urne-en-metal-noir-pour-cendres","status":"publish","type":"product","link":"https:\/\/www.rememberme-forever.com\/fr\/produit\/coffret-funeraire-coffret-et-urne-en-metal-noir-pour-cendres\/","title":{"rendered":"Coffret fun\u00e9raire &#8211; Coffret et urne en m\u00e9tal noir pour cendres"},"content":{"rendered":"<section class=\"section\">\n<div class=\"item item-12\">\n<section class=\"text-item\">\n<p style=\"text-align: center;\" data-start=\"56\" data-end=\"351\">Si vous recherchez une solution s\u00fbre et durable pour l&rsquo;inhumation de vos cendres, ce coffret offre l&rsquo;alliance parfaite entre protection et dignit\u00e9. Il comprend une urne en m\u00e9tal robuste et un coffre de protection, soigneusement con\u00e7u pour prot\u00e9ger l&rsquo;urne de l&rsquo;humidit\u00e9, des intemp\u00e9ries et du poids du sol environnant.<\/p>\n<p style=\"text-align: center;\" data-start=\"353\" data-end=\"610\">Le proc\u00e9d\u00e9 est simple : placez l&rsquo;urne dans le coffre, o\u00f9 elle sera prot\u00e9g\u00e9e des agressions ext\u00e9rieures et de l&rsquo;usure. Cette configuration garantit que les cendres de votre proche seront conserv\u00e9es avec soin et respect, vous assurant ainsi une tranquillit\u00e9 d&rsquo;esprit pour de nombreuses ann\u00e9es.<\/p>\n<p style=\"text-align: center;\" data-start=\"612\" data-end=\"797\" data-is-last-node=\"\" data-is-only-node=\"\">\u00c0 la fois pratique et s\u00fbr, ce coffret fun\u00e9raire cr\u00e9e un lieu de repos durable et honorable, c\u00e9l\u00e9brant la vie de votre proche et pr\u00e9servant sa m\u00e9moire avec gr\u00e2ce.<\/p>\n<div style=\"width: 100%; margin-bottom: 40px; height: max-content; padding-bottom: 60%; position: relative;\"><iframe style=\"position: absolute; top: 0; left: 0; width: 100%; height: 100%;\" src=\"https:\/\/rememberme-urns.com\/capsule-for-a-funeral-urn\/\" frameborder=\"0\"><\/iframe><\/div>\n<div style=\"color: red; text-align: center; margin-bottom: 25px;\">&gt;&gt; Rotation de photo &#8211; toucher\/zoom &lt;&lt;<\/div>\n<h2 style=\"text-align: center;\"><strong style=\"font-size: 14px;\"><span style=\"color: #000000;\">COFFRET<\/span><\/strong><\/h2>\n<p style=\"text-align: center;\"><span style=\"color: #000000;\">Conteneur en plastique ABS con\u00e7u pour l&rsquo;inhumation d&rsquo;urnes en pleine terre ou dans une tombe. R\u00e9sistant aux intemp\u00e9ries, il ne se d\u00e9compose pas dans le sol. <\/span><\/p>\n<p style=\"text-align: center;\"><span style=\"color: #000000;\">El prop\u00f3sito principal del contenedor es proteger la urna del contacto directo con el suelo y la presi\u00f3n del suelo.<\/span><\/p>\n<p style=\"text-align: center;\"><strong><span style=\"color: #000000;\">Pour sceller le couvercle, il est recommand\u00e9 d&rsquo;utiliser de la colle ou du silicone.<\/span><\/strong><\/p>\n<p style=\"text-align: center;\">\n<p style=\"text-align: center;\"><strong><span style=\"color: #000000;\">SET<\/span><\/strong><\/p>\n<p style=\"text-align: center;\"><span style=\"color: #000000;\">En choisissant cet ensemble, vous recevrez :<\/span><\/p>\n<p style=\"text-align: center;\"><span style=\"color: #000000;\">\u25cf Une urne parfaitement adapt\u00e9e \u00e0 la capsule.<\/span><\/p>\n<p style=\"text-align: center;\"><span style=\"color: #000000;\">\u25cf Un contenant robuste pour l&rsquo;enterrement de l&rsquo;urne.<\/span><\/p>\n<p style=\"text-align: center;\"><span style=\"color: #000000;\">\u25cf Confidence that everything will fit together perfectly.<\/span><\/p>\n<p style=\"text-align: center;\"><span style=\"color: #000000;\">\u25cf Un gain de temps et d&rsquo;argent.<\/span><\/p>\n<p style=\"text-align: center;\"><span style=\"color: #000000;\">\u25cf Le risque d&rsquo;acheter un contenant trop petit est \u00e9vit\u00e9.<\/span><\/p>\n<p style=\"text-align: center;\"><span style=\"color: #000000;\">&#8212;&#8212;&#8212;&#8212;&#8212;&#8212;&#8212;&#8212;&#8212;&#8212;&#8211;<\/span><\/p>\n<p style=\"text-align: center;\"><span style=\"color: #000000;\">\u25ba D\u00c9TAILS DU PRODUIT \u25c4<\/span><\/p>\n<p style=\"text-align: center;\"><span style=\"color: #000000;\">COFFRE-FORT :<\/span><\/p>\n<ul>\n<li style=\"text-align: center;\"><span style=\"font-size: 14px; color: #000000; font-family: Arial;\">Dimensions : Hauteur : <span class=\"result-height-cm\">31,5<\/span> cm, Largeur : <span class=\"result-width-cm\">20 <\/span>cm, Profondeur : <span class=\"result-depth-cm\">20<\/span> cm<\/span><\/li>\n<li style=\"text-align: center;\"><span style=\"color: #000000; font-family: Arial;\">Dimensions : Hauteur : <span class=\"result-height-cale\">31,5<\/span> cm, Largeur : <span class=\"result-width-cale\">20<\/span> cm, Profondeur : <span class=\"result-depth-cale\">20<\/span> cm<\/span><\/li>\n<li style=\"text-align: center;\"><span style=\"color: #000000;\">Capacit\u00e9 :<span class=\"result-capacity-liters\"> 8,2<\/span> L \/ <span class=\"result-capacity-inches\">500,36 <\/span>pouces cubes<\/span><\/li>\n<li style=\"text-align: center;\"><span style=\"color: #000000;\">Poids : <span class=\"result-weight-kg\">0,5 <\/span>kg \/ <span class=\"result-weight-pounds\">1,10<\/span> lb<\/span><\/li>\n<li style=\"text-align: center;\"><span style=\"color: #000000;\">Mat\u00e9riau : <span class=\"result-material\">ABS<\/span><\/span><\/li>\n<\/ul>\n<p style=\"text-align: center;\"><span style=\"color: #000000;\">URNE :<\/span><\/p>\n<ul>\n<li style=\"text-align: center;\"><\/li>\n<li style=\"text-align: center;\"><span style=\"color: #000000;\"> Dimensions : 18 cm (P) x 29 cm (H)<\/span><\/li>\n<li style=\"text-align: center;\"><span style=\"color: #000000;\"> Dimensions : 18 cm (P) x 29 cm (H)<\/span><\/li>\n<li style=\"text-align: center;\"><span style=\"color: #000000;\"> Capacit\u00e9 : 4,5 litres (274 pouces cubes)<\/span><\/li>\n<li style=\"text-align: center;\"><span style=\"color: #000000;\"> Poids: 1 kg<\/span><\/li>\n<li style=\"text-align: center;\"><span style=\"color: #000000;\">Mat\u00e9riau : M\u00e9tal<\/span><\/li>\n<li style=\"text-align: center;\"><span style=\"color: #000000;\"> Cette urne peut contenir les cendres de la plupart des adultes (jusqu\u2019\u00e0 124 kg).\n<p><\/span><\/li>\n<\/ul>\n<\/section>\n<\/div>\n<\/section>\n<p style=\"text-align: center;\">\u25ba PERSONNALISATION \u25c4<\/p>\n<p>&nbsp;<\/p>\n<div style=\"text-align: center;\">Plaque pour coffre-fort<\/div>\n<div style=\"text-align: center;\">La plaque comm\u00e9morative personnalis\u00e9e doit \u00eatre personnalis\u00e9e lors de votre commande. (Pas de panique si vous la manquez ; vous pouvez toujours nous contacter ult\u00e9rieurement.)<\/div>\n<div style=\"text-align: center;\">Si elige una placa personalizada, incluya el texto en la secci\u00f3n \u00ab\u00a0Nota del comprador\u00a0\u00bb durante el proceso de compra.<\/p>\n<\/div>\n<p>&nbsp;<\/p>\n<p style=\"text-align: center;\"><b>Las limitaciones del texto son las siguientes:<\/p>\n<p><\/b><\/p>\n<ul>\n<li style=\"text-align: center;\">Pr\u00e9nom(s) : Jusqu\u2019\u00e0 24 caract\u00e8res<\/li>\n<li style=\"text-align: center;\">Fecha(s) de nacimiento y fallecimiento: M\u00e1ximo 24 caracteres<\/li>\n<li style=\"text-align: center;\">Tercera l\u00ednea: Hasta 24 caracteres<\/li>\n<li style=\"text-align: center;\">Cuarta l\u00ednea: Hasta 24 caracteres<\/li>\n<li style=\"text-align: center;\">Quinta l\u00ednea: Hasta 24 caracteres<\/li>\n<\/ul>\n<p style=\"text-align: center;\"><b>Revise atentamente el texto para el grabado antes de a\u00f1adir el art\u00edculo al carrito. Copiamos y grabamos la informaci\u00f3n exacta que recibimos con el pedido y no realizamos ning\u00fan cambio. <\/b><\/p>\n<p style=\"text-align: center;\">Veuillez revoir le texte pour vous assurer que toutes les orthographes sont correctes.<\/p>\n<p style=\"text-align: center;\">NO introduzca informaci\u00f3n personalizada si compra la opci\u00f3n \u00ab\u00a0Urna sin placa\u00a0\u00bb.<\/p>\n","protected":false},"excerpt":{"rendered":"<p>Si vous recherchez une solution s\u00fbre et durable pour l&rsquo;inhumation de vos cendres, ce coffret offre l&rsquo;alliance parfaite entre protection et dignit\u00e9. Il comprend une&#8230;<\/p>\n","protected":false},"featured_media":19829,"template":"","meta":{"_acf_changed":false},"product_brand":[],"product_cat":[2407],"product_tag":[3359],"class_list":{"0":"post-19828","1":"product","2":"type-product","3":"status-publish","4":"has-post-thumbnail","6":"product_cat-ensembles-funeraires","7":"product_tag-gpsr-set-vault-various-urns","8":"product_shipping_class-4-5-kg","10":"first","11":"instock","12":"taxable","13":"shipping-taxable","14":"purchasable","15":"product-type-variable"},"yoast_head":"<!-- This site is optimized with the Yoast SEO plugin v27.4 - https:\/\/yoast.com\/product\/yoast-seo-wordpress\/ -->\n<title>Coffret fun\u00e9raire - Coffret et urne en m\u00e9tal noir pour cendres - Remember Forever<\/title>\n<meta name=\"robots\" content=\"index, follow, max-snippet:-1, max-image-preview:large, max-video-preview:-1\" \/>\n<link rel=\"canonical\" href=\"https:\/\/www.rememberme-forever.com\/fr\/produit\/coffret-funeraire-coffret-et-urne-en-metal-noir-pour-cendres\/\" \/>\n<meta property=\"og:locale\" content=\"fr_FR\" \/>\n<meta property=\"og:type\" content=\"article\" \/>\n<meta property=\"og:title\" content=\"Coffret fun\u00e9raire - Coffret et urne en m\u00e9tal noir pour cendres - Remember Forever\" \/>\n<meta property=\"og:description\" content=\"Si vous recherchez une solution s\u00fbre et durable pour l&rsquo;inhumation de vos cendres, ce coffret offre l&rsquo;alliance parfaite entre protection et dignit\u00e9. Il comprend une...\" \/>\n<meta property=\"og:url\" content=\"https:\/\/www.rememberme-forever.com\/fr\/produit\/coffret-funeraire-coffret-et-urne-en-metal-noir-pour-cendres\/\" \/>\n<meta property=\"og:site_name\" content=\"Remember Forever\" \/>\n<meta property=\"article:modified_time\" content=\"2025-10-01T13:11:59+00:00\" \/>\n<meta property=\"og:image\" content=\"http:\/\/www.rememberme-forever.com\/wp-content\/uploads\/2025\/06\/vault-3dprint-m53-cross-plaque.jpg\" \/>\n\t<meta property=\"og:image:width\" content=\"1007\" \/>\n\t<meta property=\"og:image:height\" content=\"1024\" \/>\n\t<meta property=\"og:image:type\" content=\"image\/jpeg\" \/>\n<meta name=\"twitter:card\" content=\"summary_large_image\" \/>\n<meta name=\"twitter:label1\" content=\"Dur\u00e9e de lecture estim\u00e9e\" \/>\n\t<meta name=\"twitter:data1\" content=\"3 minutes\" \/>\n<script type=\"application\/ld+json\" class=\"yoast-schema-graph\">{\"@context\":\"https:\\\/\\\/schema.org\",\"@graph\":[{\"@type\":\"WebPage\",\"@id\":\"https:\\\/\\\/www.rememberme-forever.com\\\/fr\\\/produit\\\/coffret-funeraire-coffret-et-urne-en-metal-noir-pour-cendres\\\/\",\"url\":\"https:\\\/\\\/www.rememberme-forever.com\\\/fr\\\/produit\\\/coffret-funeraire-coffret-et-urne-en-metal-noir-pour-cendres\\\/\",\"name\":\"Coffret fun\u00e9raire - Coffret et urne en m\u00e9tal noir pour cendres - Remember Forever\",\"isPartOf\":{\"@id\":\"https:\\\/\\\/www.rememberme-forever.com\\\/fr\\\/#website\"},\"primaryImageOfPage\":{\"@id\":\"https:\\\/\\\/www.rememberme-forever.com\\\/fr\\\/produit\\\/coffret-funeraire-coffret-et-urne-en-metal-noir-pour-cendres\\\/#primaryimage\"},\"image\":{\"@id\":\"https:\\\/\\\/www.rememberme-forever.com\\\/fr\\\/produit\\\/coffret-funeraire-coffret-et-urne-en-metal-noir-pour-cendres\\\/#primaryimage\"},\"thumbnailUrl\":\"https:\\\/\\\/www.rememberme-forever.com\\\/wp-content\\\/uploads\\\/2025\\\/06\\\/vault-3dprint-m53-cross-plaque.jpg\",\"datePublished\":\"2025-06-06T10:26:52+00:00\",\"dateModified\":\"2025-10-01T13:11:59+00:00\",\"breadcrumb\":{\"@id\":\"https:\\\/\\\/www.rememberme-forever.com\\\/fr\\\/produit\\\/coffret-funeraire-coffret-et-urne-en-metal-noir-pour-cendres\\\/#breadcrumb\"},\"inLanguage\":\"fr-FR\",\"potentialAction\":[{\"@type\":\"ReadAction\",\"target\":[\"https:\\\/\\\/www.rememberme-forever.com\\\/fr\\\/produit\\\/coffret-funeraire-coffret-et-urne-en-metal-noir-pour-cendres\\\/\"]}]},{\"@type\":\"ImageObject\",\"inLanguage\":\"fr-FR\",\"@id\":\"https:\\\/\\\/www.rememberme-forever.com\\\/fr\\\/produit\\\/coffret-funeraire-coffret-et-urne-en-metal-noir-pour-cendres\\\/#primaryimage\",\"url\":\"https:\\\/\\\/www.rememberme-forever.com\\\/wp-content\\\/uploads\\\/2025\\\/06\\\/vault-3dprint-m53-cross-plaque.jpg\",\"contentUrl\":\"https:\\\/\\\/www.rememberme-forever.com\\\/wp-content\\\/uploads\\\/2025\\\/06\\\/vault-3dprint-m53-cross-plaque.jpg\",\"width\":1007,\"height\":1024,\"caption\":\"Funeral set - Vault and black metal urn for ashes\"},{\"@type\":\"BreadcrumbList\",\"@id\":\"https:\\\/\\\/www.rememberme-forever.com\\\/fr\\\/produit\\\/coffret-funeraire-coffret-et-urne-en-metal-noir-pour-cendres\\\/#breadcrumb\",\"itemListElement\":[{\"@type\":\"ListItem\",\"position\":1,\"name\":\"Home\",\"item\":\"https:\\\/\\\/www.rememberme-forever.com\\\/fr\\\/accueil\\\/\"},{\"@type\":\"ListItem\",\"position\":2,\"name\":\"Boutique\",\"item\":\"https:\\\/\\\/www.rememberme-forever.com\\\/fr\\\/boutique\\\/\"},{\"@type\":\"ListItem\",\"position\":3,\"name\":\"Coffret fun\u00e9raire &#8211; Coffret et urne en m\u00e9tal noir pour cendres\"}]},{\"@type\":\"WebSite\",\"@id\":\"https:\\\/\\\/www.rememberme-forever.com\\\/fr\\\/#website\",\"url\":\"https:\\\/\\\/www.rememberme-forever.com\\\/fr\\\/\",\"name\":\"Remember Forever\",\"description\":\"Cremation urns, funeral urns, urns for ashes\",\"publisher\":{\"@id\":\"https:\\\/\\\/www.rememberme-forever.com\\\/fr\\\/#organization\"},\"potentialAction\":[{\"@type\":\"SearchAction\",\"target\":{\"@type\":\"EntryPoint\",\"urlTemplate\":\"https:\\\/\\\/www.rememberme-forever.com\\\/fr\\\/?s={search_term_string}\"},\"query-input\":{\"@type\":\"PropertyValueSpecification\",\"valueRequired\":true,\"valueName\":\"search_term_string\"}}],\"inLanguage\":\"fr-FR\"},{\"@type\":\"Organization\",\"@id\":\"https:\\\/\\\/www.rememberme-forever.com\\\/fr\\\/#organization\",\"name\":\"Remember Forever\",\"url\":\"https:\\\/\\\/www.rememberme-forever.com\\\/fr\\\/\",\"logo\":{\"@type\":\"ImageObject\",\"inLanguage\":\"fr-FR\",\"@id\":\"https:\\\/\\\/www.rememberme-forever.com\\\/fr\\\/#\\\/schema\\\/logo\\\/image\\\/\",\"url\":\"https:\\\/\\\/www.rememberme-forever.com\\\/wp-content\\\/uploads\\\/2023\\\/02\\\/logo.png\",\"contentUrl\":\"https:\\\/\\\/www.rememberme-forever.com\\\/wp-content\\\/uploads\\\/2023\\\/02\\\/logo.png\",\"width\":300,\"height\":56,\"caption\":\"Remember Forever\"},\"image\":{\"@id\":\"https:\\\/\\\/www.rememberme-forever.com\\\/fr\\\/#\\\/schema\\\/logo\\\/image\\\/\"}}]}<\/script>\n<!-- \/ Yoast SEO plugin. -->","yoast_head_json":{"title":"Coffret fun\u00e9raire - Coffret et urne en m\u00e9tal noir pour cendres - Remember Forever","robots":{"index":"index","follow":"follow","max-snippet":"max-snippet:-1","max-image-preview":"max-image-preview:large","max-video-preview":"max-video-preview:-1"},"canonical":"https:\/\/www.rememberme-forever.com\/fr\/produit\/coffret-funeraire-coffret-et-urne-en-metal-noir-pour-cendres\/","og_locale":"fr_FR","og_type":"article","og_title":"Coffret fun\u00e9raire - Coffret et urne en m\u00e9tal noir pour cendres - Remember Forever","og_description":"Si vous recherchez une solution s\u00fbre et durable pour l&rsquo;inhumation de vos cendres, ce coffret offre l&rsquo;alliance parfaite entre protection et dignit\u00e9. Il comprend une...","og_url":"https:\/\/www.rememberme-forever.com\/fr\/produit\/coffret-funeraire-coffret-et-urne-en-metal-noir-pour-cendres\/","og_site_name":"Remember Forever","article_modified_time":"2025-10-01T13:11:59+00:00","og_image":[{"width":1007,"height":1024,"url":"http:\/\/www.rememberme-forever.com\/wp-content\/uploads\/2025\/06\/vault-3dprint-m53-cross-plaque.jpg","type":"image\/jpeg"}],"twitter_card":"summary_large_image","twitter_misc":{"Dur\u00e9e de lecture estim\u00e9e":"3 minutes"},"schema":{"@context":"https:\/\/schema.org","@graph":[{"@type":"WebPage","@id":"https:\/\/www.rememberme-forever.com\/fr\/produit\/coffret-funeraire-coffret-et-urne-en-metal-noir-pour-cendres\/","url":"https:\/\/www.rememberme-forever.com\/fr\/produit\/coffret-funeraire-coffret-et-urne-en-metal-noir-pour-cendres\/","name":"Coffret fun\u00e9raire - Coffret et urne en m\u00e9tal noir pour cendres - Remember Forever","isPartOf":{"@id":"https:\/\/www.rememberme-forever.com\/fr\/#website"},"primaryImageOfPage":{"@id":"https:\/\/www.rememberme-forever.com\/fr\/produit\/coffret-funeraire-coffret-et-urne-en-metal-noir-pour-cendres\/#primaryimage"},"image":{"@id":"https:\/\/www.rememberme-forever.com\/fr\/produit\/coffret-funeraire-coffret-et-urne-en-metal-noir-pour-cendres\/#primaryimage"},"thumbnailUrl":"https:\/\/www.rememberme-forever.com\/wp-content\/uploads\/2025\/06\/vault-3dprint-m53-cross-plaque.jpg","datePublished":"2025-06-06T10:26:52+00:00","dateModified":"2025-10-01T13:11:59+00:00","breadcrumb":{"@id":"https:\/\/www.rememberme-forever.com\/fr\/produit\/coffret-funeraire-coffret-et-urne-en-metal-noir-pour-cendres\/#breadcrumb"},"inLanguage":"fr-FR","potentialAction":[{"@type":"ReadAction","target":["https:\/\/www.rememberme-forever.com\/fr\/produit\/coffret-funeraire-coffret-et-urne-en-metal-noir-pour-cendres\/"]}]},{"@type":"ImageObject","inLanguage":"fr-FR","@id":"https:\/\/www.rememberme-forever.com\/fr\/produit\/coffret-funeraire-coffret-et-urne-en-metal-noir-pour-cendres\/#primaryimage","url":"https:\/\/www.rememberme-forever.com\/wp-content\/uploads\/2025\/06\/vault-3dprint-m53-cross-plaque.jpg","contentUrl":"https:\/\/www.rememberme-forever.com\/wp-content\/uploads\/2025\/06\/vault-3dprint-m53-cross-plaque.jpg","width":1007,"height":1024,"caption":"Funeral set - Vault and black metal urn for ashes"},{"@type":"BreadcrumbList","@id":"https:\/\/www.rememberme-forever.com\/fr\/produit\/coffret-funeraire-coffret-et-urne-en-metal-noir-pour-cendres\/#breadcrumb","itemListElement":[{"@type":"ListItem","position":1,"name":"Home","item":"https:\/\/www.rememberme-forever.com\/fr\/accueil\/"},{"@type":"ListItem","position":2,"name":"Boutique","item":"https:\/\/www.rememberme-forever.com\/fr\/boutique\/"},{"@type":"ListItem","position":3,"name":"Coffret fun\u00e9raire &#8211; Coffret et urne en m\u00e9tal noir pour cendres"}]},{"@type":"WebSite","@id":"https:\/\/www.rememberme-forever.com\/fr\/#website","url":"https:\/\/www.rememberme-forever.com\/fr\/","name":"Remember Forever","description":"Cremation urns, funeral urns, urns for ashes","publisher":{"@id":"https:\/\/www.rememberme-forever.com\/fr\/#organization"},"potentialAction":[{"@type":"SearchAction","target":{"@type":"EntryPoint","urlTemplate":"https:\/\/www.rememberme-forever.com\/fr\/?s={search_term_string}"},"query-input":{"@type":"PropertyValueSpecification","valueRequired":true,"valueName":"search_term_string"}}],"inLanguage":"fr-FR"},{"@type":"Organization","@id":"https:\/\/www.rememberme-forever.com\/fr\/#organization","name":"Remember Forever","url":"https:\/\/www.rememberme-forever.com\/fr\/","logo":{"@type":"ImageObject","inLanguage":"fr-FR","@id":"https:\/\/www.rememberme-forever.com\/fr\/#\/schema\/logo\/image\/","url":"https:\/\/www.rememberme-forever.com\/wp-content\/uploads\/2023\/02\/logo.png","contentUrl":"https:\/\/www.rememberme-forever.com\/wp-content\/uploads\/2023\/02\/logo.png","width":300,"height":56,"caption":"Remember Forever"},"image":{"@id":"https:\/\/www.rememberme-forever.com\/fr\/#\/schema\/logo\/image\/"}}]}},"acf":[],"_links":{"self":[{"href":"https:\/\/www.rememberme-forever.com\/fr\/wp-json\/wp\/v2\/product\/19828","targetHints":{"allow":["GET"]}}],"collection":[{"href":"https:\/\/www.rememberme-forever.com\/fr\/wp-json\/wp\/v2\/product"}],"about":[{"href":"https:\/\/www.rememberme-forever.com\/fr\/wp-json\/wp\/v2\/types\/product"}],"wp:featuredmedia":[{"embeddable":true,"href":"https:\/\/www.rememberme-forever.com\/fr\/wp-json\/wp\/v2\/media\/19829"}],"wp:attachment":[{"href":"https:\/\/www.rememberme-forever.com\/fr\/wp-json\/wp\/v2\/media?parent=19828"}],"wp:term":[{"taxonomy":"product_brand","embeddable":true,"href":"https:\/\/www.rememberme-forever.com\/fr\/wp-json\/wp\/v2\/product_brand?post=19828"},{"taxonomy":"product_cat","embeddable":true,"href":"https:\/\/www.rememberme-forever.com\/fr\/wp-json\/wp\/v2\/product_cat?post=19828"},{"taxonomy":"product_tag","embeddable":true,"href":"https:\/\/www.rememberme-forever.com\/fr\/wp-json\/wp\/v2\/product_tag?post=19828"}],"curies":[{"name":"wp","href":"https:\/\/api.w.org\/{rel}","templated":true}]}}