{"id":20320,"date":"2025-09-02T14:34:54","date_gmt":"2025-09-02T12:34:54","guid":{"rendered":"https:\/\/www.rememberme-forever.com\/product\/urne-thematique-pour-le-bucheron-forestier\/"},"modified":"2025-10-15T09:30:27","modified_gmt":"2025-10-15T07:30:27","slug":"urne-thematique-pour-le-bucheron-forestier","status":"publish","type":"product","link":"https:\/\/www.rememberme-forever.com\/fr\/produit\/urne-thematique-pour-le-bucheron-forestier\/","title":{"rendered":"Urne th\u00e9matique pour le b\u00fbcheron\/forestier"},"content":{"rendered":"<p style=\"text-align: center;\" data-start=\"561\" data-end=\"912\"><span style=\"font-size: 14px; color: #3d3d3d;\"><span style=\"font-weight: 400;\">L&rsquo;urne fun\u00e9raire B\u00fbcheron\/Forestier est un mod\u00e8le unique cr\u00e9\u00e9 pour les amoureux de la for\u00eat, du travail des champs et de la vie en pleine nature. Le corps est en acier inoxydable satin\u00e9 et le couvercle en bois fonc\u00e9, ce qui conf\u00e8re \u00e0 l&rsquo;ensemble un caract\u00e8re \u00e9l\u00e9gant et intemporel. La fa\u00e7ade est orn\u00e9e d&rsquo;un motif circulaire repr\u00e9sentant un b\u00fbcheron debout \u00e0 l&rsquo;or\u00e9e d&rsquo;une for\u00eat, symbole de courage, de force et de paix int\u00e9rieure. <\/span><\/span><\/p>\n<p style=\"text-align: center;\" data-start=\"561\" data-end=\"912\"><span style=\"font-size: 14px; color: #3d3d3d;\"><span style=\"font-weight: 400;\">La possibilit\u00e9 d&rsquo;apposer une plaque grav\u00e9e personnalis\u00e9e sur le couvercle permet d&rsquo;ajouter un nom, des dates ou une courte d\u00e9dicace. D&rsquo;une capacit\u00e9 standard, cette urne convient \u00e0 un adulte et est con\u00e7ue pour accueillir les cendres en toute s\u00e9curit\u00e9 et dignit\u00e9. Un magnifique souvenir pour les forestiers, les b\u00fbcherons, les chasseurs ou les randonneurs, alliant la durabilit\u00e9 du m\u00e9tal \u00e0 la chaleur du bois naturel. <\/span><\/span><\/p>\n<div style=\"width: 100%; margin-bottom: 40px; height: max-content; padding-bottom: 60%; position: relative;\"><iframe style=\"position: absolute; top: 0; left: 0; width: 100%; height: 100%;\" src=\"https:\/\/rememberme-urns.com\/woodcutter-theme-urn\/\" frameborder=\"0\"><\/iframe><\/div>\n<div style=\"color: red; text-align: center; margin-bottom: 25px;\">\n<p>&gt;&gt; Rotation de la photo &#8211; appuyer\/zoomer &lt;&lt;<\/p>\n<\/div>\n<p style=\"text-align: center;\"><strong>\u25ba PERSONNALISATION \u25c4<\/strong><\/p>\n<p style=\"text-align: center;\">\u2714\ufe0f Pour une plaque personnalis\u00e9e, saisissez le texte \u00e0 l&rsquo;endroit pr\u00e9vu ou envoyez-nous un message.<\/p>\n<p style=\"text-align: center;\">\u2714\ufe0f La plaque comm\u00e9morative personnalis\u00e9e doit \u00eatre personnalis\u00e9e lors de la commande. (N&rsquo;h\u00e9sitez pas \u00e0 nous contacter ult\u00e9rieurement si vous oubliez de le faire.)<\/p>\n<p style=\"text-align: center;\"><b>Les limites de texte sont les suivantes :<\/b><\/p>\n<p style=\"text-align: center;\"><span style=\"color: var(--text-color); font-size: 14px;\">Nom(s) jusqu&rsquo;\u00e0 24 caract\u00e8res<\/span><\/p>\n<p style=\"text-align: center;\"><span style=\"color: var(--text-color); font-size: 14px;\">Dates de naissance et de d\u00e9c\u00e8s jusqu&rsquo;\u00e0 24 caract\u00e8res<\/span><\/p>\n<p style=\"text-align: center;\"><span style=\"color: var(--text-color); font-size: 14px;\">Troisi\u00e8me ligne jusqu&rsquo;\u00e0 24 caract\u00e8res<\/span><\/p>\n<p style=\"text-align: center;\"><span style=\"font-size: 14px;\">Quatri\u00e8me ligne jusqu&rsquo;\u00e0 24 caract\u00e8res<\/span><\/p>\n<p style=\"text-align: center;\"><span style=\"font-size: 14px;\">Cinqui\u00e8me ligne : 24 caract\u00e8res maximum<\/span><\/p>\n<div style=\"text-align: center;\"><\/div>\n<p style=\"text-align: center;\">\u2714\ufe0f Veuillez <strong>V\u00c9RIFIER<\/strong> le texte de gravure avant d&rsquo;ajouter le produit \u00e0 votre panier. Nous reproduisons et gravons exactement les informations re\u00e7ues lors de la commande et n&rsquo;y apportons aucune modification.<\/p>\n<p style=\"text-align: center;\">\u2714\ufe0f V\u00e9rifiez l&rsquo;orthographe du texte.<\/p>\n<p style=\"text-align: center;\">\u2714\ufe0f <strong>Ne saisissez<\/strong> pas d&rsquo;informations de gravure si vous achetez l&rsquo;option \u00ab Urne sans plaque \u00bb.<\/p>\n","protected":false},"excerpt":{"rendered":"<p>L&rsquo;urne fun\u00e9raire B\u00fbcheron\/Forestier est un mod\u00e8le unique cr\u00e9\u00e9 pour les amoureux de la for\u00eat, du travail des champs et de la vie en pleine nature&#8230;.<\/p>\n","protected":false},"featured_media":20321,"comment_status":"closed","ping_status":"closed","template":"","meta":{"_acf_changed":false},"product_brand":[],"product_cat":[2419,2427],"product_tag":[3350],"class_list":{"0":"post-20320","1":"product","2":"type-product","3":"status-publish","4":"has-post-thumbnail","6":"product_cat-urnes-a-theme","7":"product_cat-urnes-de-profession","8":"product_tag-gpsr-metal_wood_cover","9":"product_shipping_class-2-4kg-fr","11":"first","12":"instock","13":"taxable","14":"shipping-taxable","15":"purchasable","16":"product-type-simple"},"yoast_head":"<!-- This site is optimized with the Yoast SEO plugin v27.5 - https:\/\/yoast.com\/product\/yoast-seo-wordpress\/ -->\n<title>Urne th\u00e9matique pour le b\u00fbcheron\/forestier - Remember Forever<\/title>\n<meta name=\"robots\" content=\"index, follow, max-snippet:-1, max-image-preview:large, max-video-preview:-1\" \/>\n<link rel=\"canonical\" href=\"https:\/\/www.rememberme-forever.com\/fr\/produit\/urne-thematique-pour-le-bucheron-forestier\/\" \/>\n<meta property=\"og:locale\" content=\"fr_FR\" \/>\n<meta property=\"og:type\" content=\"article\" \/>\n<meta property=\"og:title\" content=\"Urne th\u00e9matique pour le b\u00fbcheron\/forestier - Remember Forever\" \/>\n<meta property=\"og:description\" content=\"L&rsquo;urne fun\u00e9raire B\u00fbcheron\/Forestier est un mod\u00e8le unique cr\u00e9\u00e9 pour les amoureux de la for\u00eat, du travail des champs et de la vie en pleine nature....\" \/>\n<meta property=\"og:url\" content=\"https:\/\/www.rememberme-forever.com\/fr\/produit\/urne-thematique-pour-le-bucheron-forestier\/\" \/>\n<meta property=\"og:site_name\" content=\"Remember Forever\" \/>\n<meta property=\"article:modified_time\" content=\"2025-10-15T07:30:27+00:00\" \/>\n<meta property=\"og:image\" content=\"http:\/\/www.rememberme-forever.com\/wp-content\/uploads\/2025\/09\/urn-for-a-woodcutter_0001.jpg\" \/>\n\t<meta property=\"og:image:width\" content=\"1007\" \/>\n\t<meta property=\"og:image:height\" content=\"1024\" \/>\n\t<meta property=\"og:image:type\" content=\"image\/jpeg\" \/>\n<meta name=\"twitter:card\" content=\"summary_large_image\" \/>\n<meta name=\"twitter:label1\" content=\"Dur\u00e9e de lecture estim\u00e9e\" \/>\n\t<meta name=\"twitter:data1\" content=\"2 minutes\" \/>\n<script type=\"application\/ld+json\" class=\"yoast-schema-graph\">{\"@context\":\"https:\\\/\\\/schema.org\",\"@graph\":[{\"@type\":\"WebPage\",\"@id\":\"https:\\\/\\\/www.rememberme-forever.com\\\/fr\\\/produit\\\/urne-thematique-pour-le-bucheron-forestier\\\/\",\"url\":\"https:\\\/\\\/www.rememberme-forever.com\\\/fr\\\/produit\\\/urne-thematique-pour-le-bucheron-forestier\\\/\",\"name\":\"Urne th\u00e9matique pour le b\u00fbcheron\\\/forestier - Remember Forever\",\"isPartOf\":{\"@id\":\"https:\\\/\\\/www.rememberme-forever.com\\\/fr\\\/#website\"},\"primaryImageOfPage\":{\"@id\":\"https:\\\/\\\/www.rememberme-forever.com\\\/fr\\\/produit\\\/urne-thematique-pour-le-bucheron-forestier\\\/#primaryimage\"},\"image\":{\"@id\":\"https:\\\/\\\/www.rememberme-forever.com\\\/fr\\\/produit\\\/urne-thematique-pour-le-bucheron-forestier\\\/#primaryimage\"},\"thumbnailUrl\":\"https:\\\/\\\/www.rememberme-forever.com\\\/wp-content\\\/uploads\\\/2025\\\/09\\\/urn-for-a-woodcutter_0001.jpg\",\"datePublished\":\"2025-09-02T12:34:54+00:00\",\"dateModified\":\"2025-10-15T07:30:27+00:00\",\"breadcrumb\":{\"@id\":\"https:\\\/\\\/www.rememberme-forever.com\\\/fr\\\/produit\\\/urne-thematique-pour-le-bucheron-forestier\\\/#breadcrumb\"},\"inLanguage\":\"fr-FR\",\"potentialAction\":[{\"@type\":\"ReadAction\",\"target\":[\"https:\\\/\\\/www.rememberme-forever.com\\\/fr\\\/produit\\\/urne-thematique-pour-le-bucheron-forestier\\\/\"]}]},{\"@type\":\"ImageObject\",\"inLanguage\":\"fr-FR\",\"@id\":\"https:\\\/\\\/www.rememberme-forever.com\\\/fr\\\/produit\\\/urne-thematique-pour-le-bucheron-forestier\\\/#primaryimage\",\"url\":\"https:\\\/\\\/www.rememberme-forever.com\\\/wp-content\\\/uploads\\\/2025\\\/09\\\/urn-for-a-woodcutter_0001.jpg\",\"contentUrl\":\"https:\\\/\\\/www.rememberme-forever.com\\\/wp-content\\\/uploads\\\/2025\\\/09\\\/urn-for-a-woodcutter_0001.jpg\",\"width\":1007,\"height\":1024,\"caption\":\"Lumberjack cremation urn \u2013 stainless steel with wooden lid and forest medallion, side angle.\"},{\"@type\":\"BreadcrumbList\",\"@id\":\"https:\\\/\\\/www.rememberme-forever.com\\\/fr\\\/produit\\\/urne-thematique-pour-le-bucheron-forestier\\\/#breadcrumb\",\"itemListElement\":[{\"@type\":\"ListItem\",\"position\":1,\"name\":\"Home\",\"item\":\"https:\\\/\\\/www.rememberme-forever.com\\\/fr\\\/accueil\\\/\"},{\"@type\":\"ListItem\",\"position\":2,\"name\":\"Boutique\",\"item\":\"https:\\\/\\\/www.rememberme-forever.com\\\/fr\\\/boutique\\\/\"},{\"@type\":\"ListItem\",\"position\":3,\"name\":\"Urne th\u00e9matique pour le b\u00fbcheron\\\/forestier\"}]},{\"@type\":\"WebSite\",\"@id\":\"https:\\\/\\\/www.rememberme-forever.com\\\/fr\\\/#website\",\"url\":\"https:\\\/\\\/www.rememberme-forever.com\\\/fr\\\/\",\"name\":\"Remember Forever\",\"description\":\"Cremation urns, funeral urns, urns for ashes\",\"publisher\":{\"@id\":\"https:\\\/\\\/www.rememberme-forever.com\\\/fr\\\/#organization\"},\"potentialAction\":[{\"@type\":\"SearchAction\",\"target\":{\"@type\":\"EntryPoint\",\"urlTemplate\":\"https:\\\/\\\/www.rememberme-forever.com\\\/fr\\\/?s={search_term_string}\"},\"query-input\":{\"@type\":\"PropertyValueSpecification\",\"valueRequired\":true,\"valueName\":\"search_term_string\"}}],\"inLanguage\":\"fr-FR\"},{\"@type\":\"Organization\",\"@id\":\"https:\\\/\\\/www.rememberme-forever.com\\\/fr\\\/#organization\",\"name\":\"Remember Forever\",\"url\":\"https:\\\/\\\/www.rememberme-forever.com\\\/fr\\\/\",\"logo\":{\"@type\":\"ImageObject\",\"inLanguage\":\"fr-FR\",\"@id\":\"https:\\\/\\\/www.rememberme-forever.com\\\/fr\\\/#\\\/schema\\\/logo\\\/image\\\/\",\"url\":\"https:\\\/\\\/www.rememberme-forever.com\\\/wp-content\\\/uploads\\\/2023\\\/02\\\/logo.png\",\"contentUrl\":\"https:\\\/\\\/www.rememberme-forever.com\\\/wp-content\\\/uploads\\\/2023\\\/02\\\/logo.png\",\"width\":300,\"height\":56,\"caption\":\"Remember Forever\"},\"image\":{\"@id\":\"https:\\\/\\\/www.rememberme-forever.com\\\/fr\\\/#\\\/schema\\\/logo\\\/image\\\/\"}}]}<\/script>\n<!-- \/ Yoast SEO plugin. -->","yoast_head_json":{"title":"Urne th\u00e9matique pour le b\u00fbcheron\/forestier - Remember Forever","robots":{"index":"index","follow":"follow","max-snippet":"max-snippet:-1","max-image-preview":"max-image-preview:large","max-video-preview":"max-video-preview:-1"},"canonical":"https:\/\/www.rememberme-forever.com\/fr\/produit\/urne-thematique-pour-le-bucheron-forestier\/","og_locale":"fr_FR","og_type":"article","og_title":"Urne th\u00e9matique pour le b\u00fbcheron\/forestier - Remember Forever","og_description":"L&rsquo;urne fun\u00e9raire B\u00fbcheron\/Forestier est un mod\u00e8le unique cr\u00e9\u00e9 pour les amoureux de la for\u00eat, du travail des champs et de la vie en pleine nature....","og_url":"https:\/\/www.rememberme-forever.com\/fr\/produit\/urne-thematique-pour-le-bucheron-forestier\/","og_site_name":"Remember Forever","article_modified_time":"2025-10-15T07:30:27+00:00","og_image":[{"width":1007,"height":1024,"url":"http:\/\/www.rememberme-forever.com\/wp-content\/uploads\/2025\/09\/urn-for-a-woodcutter_0001.jpg","type":"image\/jpeg"}],"twitter_card":"summary_large_image","twitter_misc":{"Dur\u00e9e de lecture estim\u00e9e":"2 minutes"},"schema":{"@context":"https:\/\/schema.org","@graph":[{"@type":"WebPage","@id":"https:\/\/www.rememberme-forever.com\/fr\/produit\/urne-thematique-pour-le-bucheron-forestier\/","url":"https:\/\/www.rememberme-forever.com\/fr\/produit\/urne-thematique-pour-le-bucheron-forestier\/","name":"Urne th\u00e9matique pour le b\u00fbcheron\/forestier - Remember Forever","isPartOf":{"@id":"https:\/\/www.rememberme-forever.com\/fr\/#website"},"primaryImageOfPage":{"@id":"https:\/\/www.rememberme-forever.com\/fr\/produit\/urne-thematique-pour-le-bucheron-forestier\/#primaryimage"},"image":{"@id":"https:\/\/www.rememberme-forever.com\/fr\/produit\/urne-thematique-pour-le-bucheron-forestier\/#primaryimage"},"thumbnailUrl":"https:\/\/www.rememberme-forever.com\/wp-content\/uploads\/2025\/09\/urn-for-a-woodcutter_0001.jpg","datePublished":"2025-09-02T12:34:54+00:00","dateModified":"2025-10-15T07:30:27+00:00","breadcrumb":{"@id":"https:\/\/www.rememberme-forever.com\/fr\/produit\/urne-thematique-pour-le-bucheron-forestier\/#breadcrumb"},"inLanguage":"fr-FR","potentialAction":[{"@type":"ReadAction","target":["https:\/\/www.rememberme-forever.com\/fr\/produit\/urne-thematique-pour-le-bucheron-forestier\/"]}]},{"@type":"ImageObject","inLanguage":"fr-FR","@id":"https:\/\/www.rememberme-forever.com\/fr\/produit\/urne-thematique-pour-le-bucheron-forestier\/#primaryimage","url":"https:\/\/www.rememberme-forever.com\/wp-content\/uploads\/2025\/09\/urn-for-a-woodcutter_0001.jpg","contentUrl":"https:\/\/www.rememberme-forever.com\/wp-content\/uploads\/2025\/09\/urn-for-a-woodcutter_0001.jpg","width":1007,"height":1024,"caption":"Lumberjack cremation urn \u2013 stainless steel with wooden lid and forest medallion, side angle."},{"@type":"BreadcrumbList","@id":"https:\/\/www.rememberme-forever.com\/fr\/produit\/urne-thematique-pour-le-bucheron-forestier\/#breadcrumb","itemListElement":[{"@type":"ListItem","position":1,"name":"Home","item":"https:\/\/www.rememberme-forever.com\/fr\/accueil\/"},{"@type":"ListItem","position":2,"name":"Boutique","item":"https:\/\/www.rememberme-forever.com\/fr\/boutique\/"},{"@type":"ListItem","position":3,"name":"Urne th\u00e9matique pour le b\u00fbcheron\/forestier"}]},{"@type":"WebSite","@id":"https:\/\/www.rememberme-forever.com\/fr\/#website","url":"https:\/\/www.rememberme-forever.com\/fr\/","name":"Remember Forever","description":"Cremation urns, funeral urns, urns for ashes","publisher":{"@id":"https:\/\/www.rememberme-forever.com\/fr\/#organization"},"potentialAction":[{"@type":"SearchAction","target":{"@type":"EntryPoint","urlTemplate":"https:\/\/www.rememberme-forever.com\/fr\/?s={search_term_string}"},"query-input":{"@type":"PropertyValueSpecification","valueRequired":true,"valueName":"search_term_string"}}],"inLanguage":"fr-FR"},{"@type":"Organization","@id":"https:\/\/www.rememberme-forever.com\/fr\/#organization","name":"Remember Forever","url":"https:\/\/www.rememberme-forever.com\/fr\/","logo":{"@type":"ImageObject","inLanguage":"fr-FR","@id":"https:\/\/www.rememberme-forever.com\/fr\/#\/schema\/logo\/image\/","url":"https:\/\/www.rememberme-forever.com\/wp-content\/uploads\/2023\/02\/logo.png","contentUrl":"https:\/\/www.rememberme-forever.com\/wp-content\/uploads\/2023\/02\/logo.png","width":300,"height":56,"caption":"Remember Forever"},"image":{"@id":"https:\/\/www.rememberme-forever.com\/fr\/#\/schema\/logo\/image\/"}}]}},"acf":[],"_links":{"self":[{"href":"https:\/\/www.rememberme-forever.com\/fr\/wp-json\/wp\/v2\/product\/20320","targetHints":{"allow":["GET"]}}],"collection":[{"href":"https:\/\/www.rememberme-forever.com\/fr\/wp-json\/wp\/v2\/product"}],"about":[{"href":"https:\/\/www.rememberme-forever.com\/fr\/wp-json\/wp\/v2\/types\/product"}],"replies":[{"embeddable":true,"href":"https:\/\/www.rememberme-forever.com\/fr\/wp-json\/wp\/v2\/comments?post=20320"}],"wp:featuredmedia":[{"embeddable":true,"href":"https:\/\/www.rememberme-forever.com\/fr\/wp-json\/wp\/v2\/media\/20321"}],"wp:attachment":[{"href":"https:\/\/www.rememberme-forever.com\/fr\/wp-json\/wp\/v2\/media?parent=20320"}],"wp:term":[{"taxonomy":"product_brand","embeddable":true,"href":"https:\/\/www.rememberme-forever.com\/fr\/wp-json\/wp\/v2\/product_brand?post=20320"},{"taxonomy":"product_cat","embeddable":true,"href":"https:\/\/www.rememberme-forever.com\/fr\/wp-json\/wp\/v2\/product_cat?post=20320"},{"taxonomy":"product_tag","embeddable":true,"href":"https:\/\/www.rememberme-forever.com\/fr\/wp-json\/wp\/v2\/product_tag?post=20320"}],"curies":[{"name":"wp","href":"https:\/\/api.w.org\/{rel}","templated":true}]}}