{"id":20348,"date":"2025-06-23T14:12:01","date_gmt":"2025-06-23T12:12:01","guid":{"rendered":"https:\/\/www.rememberme-forever.com\/product\/urna-de-cremacion-para-un-mecanico-urna-para-un-amante-de-los-coches\/"},"modified":"2025-10-15T12:10:49","modified_gmt":"2025-10-15T10:10:49","slug":"urna-de-cremacion-para-un-mecanico-urna-para-un-amante-de-los-coches","status":"publish","type":"product","link":"https:\/\/www.rememberme-forever.com\/fr\/produit\/urna-de-cremacion-para-un-mecanico-urna-para-un-amante-de-los-coches\/","title":{"rendered":"Urne fun\u00e9raire pour m\u00e9canicien. Urne pour passionn\u00e9 d&rsquo;automobile."},"content":{"rendered":"<p style=\"text-align: center;\" data-start=\"68\" data-end=\"406\"><span style=\"color: #000000;\">Cette urne unique a \u00e9t\u00e9 cr\u00e9\u00e9e pour les personnes qui ont consacr\u00e9 leur vie enti\u00e8re \u00e0 la m\u00e9canique et aux moteurs, que ce soit par passion ou par m\u00e9tier. Le devant de l&rsquo;urne est orn\u00e9 d&rsquo;une gravure d\u00e9taill\u00e9e repr\u00e9sentant un moteur de voiture et des outils, rendant ainsi un hommage symbolique \u00e0 une vie de passionn\u00e9 d&rsquo;automobile, de pr\u00e9cision et de passion pour le travail. <\/span><\/p>\n<p style=\"text-align: center;\" data-start=\"408\" data-end=\"634\"><span style=\"color: #000000;\">Fabriqu\u00e9e en bois massif, elle se distingue par sa forme moderne et sa finition \u00e9l\u00e9gante. La gravure est personnalisable : nom, dates et message personnel sur la plaque d&rsquo;accompagnement. <\/span><\/p>\n<p style=\"text-align: center;\" data-start=\"636\" data-end=\"796\"><span style=\"color: #000000;\">C&rsquo;est l&rsquo;urne id\u00e9ale pour un m\u00e9canicien, un passionn\u00e9 d&rsquo;automobile, un designer ou toute personne qui portait fi\u00e8rement une salopette tach\u00e9e de graisse et ouvrait passionn\u00e9ment le capot d&rsquo;un moteur.<\/span><\/p>\n<p style=\"text-align: center;\" data-start=\"798\" data-end=\"992\" data-is-last-node=\"\" data-is-only-node=\"\"><span style=\"color: #000000;\">Un lieu de repos symbolique qui raconte l&rsquo;histoire du travail manuel, de la pr\u00e9cision et de l&rsquo;amour des machines, tout en comm\u00e9morant avec respect une vie sans ennui et pleine de passion.<\/span><\/p>\n<div style=\"width: 100%; margin-bottom: 40px; height: max-content; padding-bottom: 60%; position: relative;\"><iframe style=\"position: absolute; top: 0; left: 0; width: 100%; height: 100%;\" src=\"https:\/\/rememberme-urns.com\/theme-urn-for-a-mechanic\/\" frameborder=\"0\"><\/iframe><\/div>\n<div style=\"color: red; text-align: center; margin-bottom: 25px;\">\n<p>&gt;&gt; Rotation de la photo &#8211; appuyer\/zoomer &lt;&lt;<\/p>\n<\/div>\n<p style=\"text-align: center;\"><strong>\u25ba PERSONNALISATION \u25c4<\/strong><\/p>\n<p style=\"text-align: center;\">\u2714\ufe0f Pour une plaque personnalis\u00e9e, saisissez le texte \u00e0 l&rsquo;endroit pr\u00e9vu ou envoyez-nous un message.<\/p>\n<p style=\"text-align: center;\">\u2714\ufe0f La plaque comm\u00e9morative personnalis\u00e9e doit \u00eatre personnalis\u00e9e lors de la commande. (N&rsquo;h\u00e9sitez pas \u00e0 nous contacter ult\u00e9rieurement si vous oubliez de le faire.)<\/p>\n<p style=\"text-align: center;\"><b>Les limites de texte sont les suivantes :<\/b><\/p>\n<p style=\"text-align: center;\"><span style=\"color: var(--text-color); font-size: 14px;\">Nom(s) jusqu&rsquo;\u00e0 35 caract\u00e8res<\/span><\/p>\n<p style=\"text-align: center;\"><span style=\"color: var(--text-color); font-size: 14px;\">Dates de naissance et de d\u00e9c\u00e8s (35 caract\u00e8res maximum)<\/span><\/p>\n<p style=\"text-align: center;\"><span style=\"color: var(--text-color); font-size: 14px;\">Troisi\u00e8me ligne : 35 caract\u00e8res maximum<\/span><\/p>\n<div style=\"text-align: center;\"><\/div>\n<p style=\"text-align: center;\">\u2714\ufe0f Veuillez <strong>V\u00c9RIFIER<\/strong> le texte de gravure avant d&rsquo;ajouter le produit \u00e0 votre panier. Nous reproduisons et gravons exactement les informations re\u00e7ues lors de la commande et n&rsquo;y apportons aucune modification.<\/p>\n<p style=\"text-align: center;\">\u2714\ufe0f V\u00e9rifiez l&rsquo;orthographe du texte.<\/p>\n<p style=\"text-align: center;\">\u2714\ufe0f <strong>Ne saisissez<\/strong> pas d&rsquo;informations de gravure si vous achetez l&rsquo;option \u00ab Urne sans plaque \u00bb.<\/p>\n","protected":false},"excerpt":{"rendered":"<p>Cette urne unique a \u00e9t\u00e9 cr\u00e9\u00e9e pour les personnes qui ont consacr\u00e9 leur vie enti\u00e8re \u00e0 la m\u00e9canique et aux moteurs, que ce soit par&#8230;<\/p>\n","protected":false},"featured_media":20349,"comment_status":"closed","ping_status":"closed","template":"","meta":{"_acf_changed":false},"product_brand":[],"product_cat":[2419,2427,2421],"product_tag":[3304],"class_list":{"0":"post-20348","1":"product","2":"type-product","3":"status-publish","4":"has-post-thumbnail","6":"product_cat-urnes-a-theme","7":"product_cat-urnes-de-profession","8":"product_cat-voitures","9":"product_tag-gpsr-all-wood-urns","10":"product_shipping_class-2-4kg-fr","12":"first","13":"instock","14":"taxable","15":"shipping-taxable","16":"purchasable","17":"product-type-variable"},"yoast_head":"<!-- This site is optimized with the Yoast SEO plugin v27.5 - https:\/\/yoast.com\/product\/yoast-seo-wordpress\/ -->\n<title>Urne fun\u00e9raire pour m\u00e9canicien. Urne pour passionn\u00e9 d&#039;automobile. - Remember Forever<\/title>\n<meta name=\"robots\" content=\"index, follow, max-snippet:-1, max-image-preview:large, max-video-preview:-1\" \/>\n<link rel=\"canonical\" href=\"https:\/\/www.rememberme-forever.com\/fr\/produit\/urna-de-cremacion-para-un-mecanico-urna-para-un-amante-de-los-coches\/\" \/>\n<meta property=\"og:locale\" content=\"fr_FR\" \/>\n<meta property=\"og:type\" content=\"article\" \/>\n<meta property=\"og:title\" content=\"Urne fun\u00e9raire pour m\u00e9canicien. Urne pour passionn\u00e9 d&#039;automobile. - Remember Forever\" \/>\n<meta property=\"og:description\" content=\"Cette urne unique a \u00e9t\u00e9 cr\u00e9\u00e9e pour les personnes qui ont consacr\u00e9 leur vie enti\u00e8re \u00e0 la m\u00e9canique et aux moteurs, que ce soit par...\" \/>\n<meta property=\"og:url\" content=\"https:\/\/www.rememberme-forever.com\/fr\/produit\/urna-de-cremacion-para-un-mecanico-urna-para-un-amante-de-los-coches\/\" \/>\n<meta property=\"og:site_name\" content=\"Remember Forever\" \/>\n<meta property=\"article:modified_time\" content=\"2025-10-15T10:10:49+00:00\" \/>\n<meta property=\"og:image\" content=\"http:\/\/www.rememberme-forever.com\/wp-content\/uploads\/2025\/06\/urn-for-a-mechanic-black_0001.jpg\" \/>\n\t<meta property=\"og:image:width\" content=\"1007\" \/>\n\t<meta property=\"og:image:height\" content=\"1024\" \/>\n\t<meta property=\"og:image:type\" content=\"image\/jpeg\" \/>\n<meta name=\"twitter:card\" content=\"summary_large_image\" \/>\n<meta name=\"twitter:label1\" content=\"Dur\u00e9e de lecture estim\u00e9e\" \/>\n\t<meta name=\"twitter:data1\" content=\"2 minutes\" \/>\n<script type=\"application\/ld+json\" class=\"yoast-schema-graph\">{\"@context\":\"https:\\\/\\\/schema.org\",\"@graph\":[{\"@type\":\"WebPage\",\"@id\":\"https:\\\/\\\/www.rememberme-forever.com\\\/fr\\\/produit\\\/urna-de-cremacion-para-un-mecanico-urna-para-un-amante-de-los-coches\\\/\",\"url\":\"https:\\\/\\\/www.rememberme-forever.com\\\/fr\\\/produit\\\/urna-de-cremacion-para-un-mecanico-urna-para-un-amante-de-los-coches\\\/\",\"name\":\"Urne fun\u00e9raire pour m\u00e9canicien. Urne pour passionn\u00e9 d'automobile. - Remember Forever\",\"isPartOf\":{\"@id\":\"https:\\\/\\\/www.rememberme-forever.com\\\/fr\\\/#website\"},\"primaryImageOfPage\":{\"@id\":\"https:\\\/\\\/www.rememberme-forever.com\\\/fr\\\/produit\\\/urna-de-cremacion-para-un-mecanico-urna-para-un-amante-de-los-coches\\\/#primaryimage\"},\"image\":{\"@id\":\"https:\\\/\\\/www.rememberme-forever.com\\\/fr\\\/produit\\\/urna-de-cremacion-para-un-mecanico-urna-para-un-amante-de-los-coches\\\/#primaryimage\"},\"thumbnailUrl\":\"https:\\\/\\\/www.rememberme-forever.com\\\/wp-content\\\/uploads\\\/2025\\\/06\\\/urn-for-a-mechanic-black_0001.jpg\",\"datePublished\":\"2025-06-23T12:12:01+00:00\",\"dateModified\":\"2025-10-15T10:10:49+00:00\",\"breadcrumb\":{\"@id\":\"https:\\\/\\\/www.rememberme-forever.com\\\/fr\\\/produit\\\/urna-de-cremacion-para-un-mecanico-urna-para-un-amante-de-los-coches\\\/#breadcrumb\"},\"inLanguage\":\"fr-FR\",\"potentialAction\":[{\"@type\":\"ReadAction\",\"target\":[\"https:\\\/\\\/www.rememberme-forever.com\\\/fr\\\/produit\\\/urna-de-cremacion-para-un-mecanico-urna-para-un-amante-de-los-coches\\\/\"]}]},{\"@type\":\"ImageObject\",\"inLanguage\":\"fr-FR\",\"@id\":\"https:\\\/\\\/www.rememberme-forever.com\\\/fr\\\/produit\\\/urna-de-cremacion-para-un-mecanico-urna-para-un-amante-de-los-coches\\\/#primaryimage\",\"url\":\"https:\\\/\\\/www.rememberme-forever.com\\\/wp-content\\\/uploads\\\/2025\\\/06\\\/urn-for-a-mechanic-black_0001.jpg\",\"contentUrl\":\"https:\\\/\\\/www.rememberme-forever.com\\\/wp-content\\\/uploads\\\/2025\\\/06\\\/urn-for-a-mechanic-black_0001.jpg\",\"width\":1007,\"height\":1024,\"caption\":\"Urne pour m\u00e9canicien\"},{\"@type\":\"BreadcrumbList\",\"@id\":\"https:\\\/\\\/www.rememberme-forever.com\\\/fr\\\/produit\\\/urna-de-cremacion-para-un-mecanico-urna-para-un-amante-de-los-coches\\\/#breadcrumb\",\"itemListElement\":[{\"@type\":\"ListItem\",\"position\":1,\"name\":\"Home\",\"item\":\"https:\\\/\\\/www.rememberme-forever.com\\\/fr\\\/accueil\\\/\"},{\"@type\":\"ListItem\",\"position\":2,\"name\":\"Boutique\",\"item\":\"https:\\\/\\\/www.rememberme-forever.com\\\/fr\\\/boutique\\\/\"},{\"@type\":\"ListItem\",\"position\":3,\"name\":\"Urne fun\u00e9raire pour m\u00e9canicien. Urne pour passionn\u00e9 d&#8217;automobile.\"}]},{\"@type\":\"WebSite\",\"@id\":\"https:\\\/\\\/www.rememberme-forever.com\\\/fr\\\/#website\",\"url\":\"https:\\\/\\\/www.rememberme-forever.com\\\/fr\\\/\",\"name\":\"Remember Forever\",\"description\":\"Cremation urns, funeral urns, urns for ashes\",\"publisher\":{\"@id\":\"https:\\\/\\\/www.rememberme-forever.com\\\/fr\\\/#organization\"},\"potentialAction\":[{\"@type\":\"SearchAction\",\"target\":{\"@type\":\"EntryPoint\",\"urlTemplate\":\"https:\\\/\\\/www.rememberme-forever.com\\\/fr\\\/?s={search_term_string}\"},\"query-input\":{\"@type\":\"PropertyValueSpecification\",\"valueRequired\":true,\"valueName\":\"search_term_string\"}}],\"inLanguage\":\"fr-FR\"},{\"@type\":\"Organization\",\"@id\":\"https:\\\/\\\/www.rememberme-forever.com\\\/fr\\\/#organization\",\"name\":\"Remember Forever\",\"url\":\"https:\\\/\\\/www.rememberme-forever.com\\\/fr\\\/\",\"logo\":{\"@type\":\"ImageObject\",\"inLanguage\":\"fr-FR\",\"@id\":\"https:\\\/\\\/www.rememberme-forever.com\\\/fr\\\/#\\\/schema\\\/logo\\\/image\\\/\",\"url\":\"https:\\\/\\\/www.rememberme-forever.com\\\/wp-content\\\/uploads\\\/2023\\\/02\\\/logo.png\",\"contentUrl\":\"https:\\\/\\\/www.rememberme-forever.com\\\/wp-content\\\/uploads\\\/2023\\\/02\\\/logo.png\",\"width\":300,\"height\":56,\"caption\":\"Remember Forever\"},\"image\":{\"@id\":\"https:\\\/\\\/www.rememberme-forever.com\\\/fr\\\/#\\\/schema\\\/logo\\\/image\\\/\"}}]}<\/script>\n<!-- \/ Yoast SEO plugin. -->","yoast_head_json":{"title":"Urne fun\u00e9raire pour m\u00e9canicien. Urne pour passionn\u00e9 d'automobile. - Remember Forever","robots":{"index":"index","follow":"follow","max-snippet":"max-snippet:-1","max-image-preview":"max-image-preview:large","max-video-preview":"max-video-preview:-1"},"canonical":"https:\/\/www.rememberme-forever.com\/fr\/produit\/urna-de-cremacion-para-un-mecanico-urna-para-un-amante-de-los-coches\/","og_locale":"fr_FR","og_type":"article","og_title":"Urne fun\u00e9raire pour m\u00e9canicien. Urne pour passionn\u00e9 d'automobile. - Remember Forever","og_description":"Cette urne unique a \u00e9t\u00e9 cr\u00e9\u00e9e pour les personnes qui ont consacr\u00e9 leur vie enti\u00e8re \u00e0 la m\u00e9canique et aux moteurs, que ce soit par...","og_url":"https:\/\/www.rememberme-forever.com\/fr\/produit\/urna-de-cremacion-para-un-mecanico-urna-para-un-amante-de-los-coches\/","og_site_name":"Remember Forever","article_modified_time":"2025-10-15T10:10:49+00:00","og_image":[{"width":1007,"height":1024,"url":"http:\/\/www.rememberme-forever.com\/wp-content\/uploads\/2025\/06\/urn-for-a-mechanic-black_0001.jpg","type":"image\/jpeg"}],"twitter_card":"summary_large_image","twitter_misc":{"Dur\u00e9e de lecture estim\u00e9e":"2 minutes"},"schema":{"@context":"https:\/\/schema.org","@graph":[{"@type":"WebPage","@id":"https:\/\/www.rememberme-forever.com\/fr\/produit\/urna-de-cremacion-para-un-mecanico-urna-para-un-amante-de-los-coches\/","url":"https:\/\/www.rememberme-forever.com\/fr\/produit\/urna-de-cremacion-para-un-mecanico-urna-para-un-amante-de-los-coches\/","name":"Urne fun\u00e9raire pour m\u00e9canicien. Urne pour passionn\u00e9 d'automobile. - Remember Forever","isPartOf":{"@id":"https:\/\/www.rememberme-forever.com\/fr\/#website"},"primaryImageOfPage":{"@id":"https:\/\/www.rememberme-forever.com\/fr\/produit\/urna-de-cremacion-para-un-mecanico-urna-para-un-amante-de-los-coches\/#primaryimage"},"image":{"@id":"https:\/\/www.rememberme-forever.com\/fr\/produit\/urna-de-cremacion-para-un-mecanico-urna-para-un-amante-de-los-coches\/#primaryimage"},"thumbnailUrl":"https:\/\/www.rememberme-forever.com\/wp-content\/uploads\/2025\/06\/urn-for-a-mechanic-black_0001.jpg","datePublished":"2025-06-23T12:12:01+00:00","dateModified":"2025-10-15T10:10:49+00:00","breadcrumb":{"@id":"https:\/\/www.rememberme-forever.com\/fr\/produit\/urna-de-cremacion-para-un-mecanico-urna-para-un-amante-de-los-coches\/#breadcrumb"},"inLanguage":"fr-FR","potentialAction":[{"@type":"ReadAction","target":["https:\/\/www.rememberme-forever.com\/fr\/produit\/urna-de-cremacion-para-un-mecanico-urna-para-un-amante-de-los-coches\/"]}]},{"@type":"ImageObject","inLanguage":"fr-FR","@id":"https:\/\/www.rememberme-forever.com\/fr\/produit\/urna-de-cremacion-para-un-mecanico-urna-para-un-amante-de-los-coches\/#primaryimage","url":"https:\/\/www.rememberme-forever.com\/wp-content\/uploads\/2025\/06\/urn-for-a-mechanic-black_0001.jpg","contentUrl":"https:\/\/www.rememberme-forever.com\/wp-content\/uploads\/2025\/06\/urn-for-a-mechanic-black_0001.jpg","width":1007,"height":1024,"caption":"Urne pour m\u00e9canicien"},{"@type":"BreadcrumbList","@id":"https:\/\/www.rememberme-forever.com\/fr\/produit\/urna-de-cremacion-para-un-mecanico-urna-para-un-amante-de-los-coches\/#breadcrumb","itemListElement":[{"@type":"ListItem","position":1,"name":"Home","item":"https:\/\/www.rememberme-forever.com\/fr\/accueil\/"},{"@type":"ListItem","position":2,"name":"Boutique","item":"https:\/\/www.rememberme-forever.com\/fr\/boutique\/"},{"@type":"ListItem","position":3,"name":"Urne fun\u00e9raire pour m\u00e9canicien. Urne pour passionn\u00e9 d&#8217;automobile."}]},{"@type":"WebSite","@id":"https:\/\/www.rememberme-forever.com\/fr\/#website","url":"https:\/\/www.rememberme-forever.com\/fr\/","name":"Remember Forever","description":"Cremation urns, funeral urns, urns for ashes","publisher":{"@id":"https:\/\/www.rememberme-forever.com\/fr\/#organization"},"potentialAction":[{"@type":"SearchAction","target":{"@type":"EntryPoint","urlTemplate":"https:\/\/www.rememberme-forever.com\/fr\/?s={search_term_string}"},"query-input":{"@type":"PropertyValueSpecification","valueRequired":true,"valueName":"search_term_string"}}],"inLanguage":"fr-FR"},{"@type":"Organization","@id":"https:\/\/www.rememberme-forever.com\/fr\/#organization","name":"Remember Forever","url":"https:\/\/www.rememberme-forever.com\/fr\/","logo":{"@type":"ImageObject","inLanguage":"fr-FR","@id":"https:\/\/www.rememberme-forever.com\/fr\/#\/schema\/logo\/image\/","url":"https:\/\/www.rememberme-forever.com\/wp-content\/uploads\/2023\/02\/logo.png","contentUrl":"https:\/\/www.rememberme-forever.com\/wp-content\/uploads\/2023\/02\/logo.png","width":300,"height":56,"caption":"Remember Forever"},"image":{"@id":"https:\/\/www.rememberme-forever.com\/fr\/#\/schema\/logo\/image\/"}}]}},"acf":[],"_links":{"self":[{"href":"https:\/\/www.rememberme-forever.com\/fr\/wp-json\/wp\/v2\/product\/20348","targetHints":{"allow":["GET"]}}],"collection":[{"href":"https:\/\/www.rememberme-forever.com\/fr\/wp-json\/wp\/v2\/product"}],"about":[{"href":"https:\/\/www.rememberme-forever.com\/fr\/wp-json\/wp\/v2\/types\/product"}],"replies":[{"embeddable":true,"href":"https:\/\/www.rememberme-forever.com\/fr\/wp-json\/wp\/v2\/comments?post=20348"}],"wp:featuredmedia":[{"embeddable":true,"href":"https:\/\/www.rememberme-forever.com\/fr\/wp-json\/wp\/v2\/media\/20349"}],"wp:attachment":[{"href":"https:\/\/www.rememberme-forever.com\/fr\/wp-json\/wp\/v2\/media?parent=20348"}],"wp:term":[{"taxonomy":"product_brand","embeddable":true,"href":"https:\/\/www.rememberme-forever.com\/fr\/wp-json\/wp\/v2\/product_brand?post=20348"},{"taxonomy":"product_cat","embeddable":true,"href":"https:\/\/www.rememberme-forever.com\/fr\/wp-json\/wp\/v2\/product_cat?post=20348"},{"taxonomy":"product_tag","embeddable":true,"href":"https:\/\/www.rememberme-forever.com\/fr\/wp-json\/wp\/v2\/product_tag?post=20348"}],"curies":[{"name":"wp","href":"https:\/\/api.w.org\/{rel}","templated":true}]}}