{"id":20723,"date":"2023-04-11T11:48:46","date_gmt":"2023-04-11T09:48:46","guid":{"rendered":"https:\/\/www.rememberme-forever.com\/product\/urne-funeraire-en-pierre-avec-colombes-urne-adulte-noire\/"},"modified":"2025-10-21T10:44:39","modified_gmt":"2025-10-21T08:44:39","slug":"urne-funeraire-en-pierre-avec-colombes-urne-adulte-noire","status":"publish","type":"product","link":"https:\/\/www.rememberme-forever.com\/fr\/produit\/urne-funeraire-en-pierre-avec-colombes-urne-adulte-noire\/","title":{"rendered":"Urne fun\u00e9raire en pierre avec colombes, urne adulte noire"},"content":{"rendered":"<div style=\"width: 100%; margin-bottom: 30px; height: max-content; padding-bottom: 60%; position: relative;\"><iframe style=\"position: absolute; top: 0; left: 0; width: 100%; height: 100%;\" src=\"https:\/\/rememberme-urns.com\/black-stone-urn-with-doves\/\" frameborder=\"0\"><\/iframe><\/div>\n<div style=\"color: red; text-align: center; margin-bottom: 25px;\">\n<p>&gt;&gt; Rotation de la photo &#8211; appuyer\/zoomer &lt;&lt;<\/p>\n<\/div>\n<h2 style=\"text-align: center;\">Urne fun\u00e9raire en pierre avec colombes<\/h2>\n<p style=\"text-align: center;\">D\u00e9couvrez notre magnifique urne fun\u00e9raire en pierre avec colombes, une fa\u00e7on unique et \u00e9l\u00e9gante d&rsquo;honorer la m\u00e9moire de votre proche. Fabriqu\u00e9e en pierre de haute qualit\u00e9 et d&rsquo;une superbe couleur noire, cette urne adulte est un lieu de repos ultime \u00e9l\u00e9gant et digne. Le fond de l&rsquo;urne s&rsquo;ouvre pour un acc\u00e8s facile et une fermeture s\u00e9curis\u00e9e.<\/p>\n<p style=\"text-align: center;\">Pour rendre cette urne encore plus personnelle et significative, une plaque comm\u00e9morative peut \u00eatre ajout\u00e9e \u00e0 l&rsquo;avant, vous permettant de la personnaliser avec le nom de votre proche, des dates ou un message sp\u00e9cial. Cela ajoute une touche \u00e9l\u00e9gante et personnalis\u00e9e \u00e0 l&rsquo;urne, garantissant que la m\u00e9moire de votre proche sera pr\u00e9serv\u00e9e et c\u00e9l\u00e9br\u00e9e pour les g\u00e9n\u00e9rations \u00e0 venir.<\/p>\n<p><iframe loading=\"lazy\" title=\"Stone Cremation Urns, Decorative Urns For Ashes\" width=\"640\" height=\"360\" src=\"https:\/\/www.youtube.com\/embed\/LqFO9uc6_LU?start=17&#038;feature=oembed\" frameborder=\"0\" allow=\"accelerometer; autoplay; clipboard-write; encrypted-media; gyroscope; picture-in-picture; web-share\" referrerpolicy=\"strict-origin-when-cross-origin\" allowfullscreen><\/iframe><\/p>\n<p style=\"text-align: center;\">Veuillez noter qu&rsquo;en raison de la nature unique de chaque urne en pierre, son apparence peut l\u00e9g\u00e8rement diff\u00e9rer de l&rsquo;image du produit. Cependant, soyez assur\u00e9 que chaque urne est fabriqu\u00e9e avec le plus grand soin et la plus grande attention aux d\u00e9tails, garantissant qu&rsquo;elle constitue un hommage appropri\u00e9 \u00e0 la vie et \u00e0 l&rsquo;h\u00e9ritage de votre bien-aim\u00e9.<\/p>\n<p style=\"text-align: center;\">Notre urne fun\u00e9raire en pierre avec colombes est une fa\u00e7on \u00e9l\u00e9gante et pleine de sens d&rsquo;honorer la m\u00e9moire de votre proche et de lui offrir un lieu de repos ultime digne et paisible. Gr\u00e2ce \u00e0 son design exceptionnel et \u00e0 sa fabrication de haute qualit\u00e9, cette urne deviendra assur\u00e9ment un pr\u00e9cieux h\u00e9ritage familial pour les ann\u00e9es \u00e0 venir.<\/p>\n<p>&nbsp;<\/p>\n<p style=\"text-align: center;\"><em><strong>Il s&rsquo;agit d&rsquo;un produit fabriqu\u00e9 \u00e0 partir de mat\u00e9riaux naturels, l&rsquo;apparence peut \u00eatre l\u00e9g\u00e8rement diff\u00e9rente.<\/strong><\/em><\/p>\n<p>&nbsp;<\/p>\n<h3 style=\"text-align: center;\"><strong>PERSONNALISATION<\/strong><\/h3>\n<p style=\"text-align: center;\">La plaque comm\u00e9morative personnalis\u00e9e doit \u00eatre personnalis\u00e9e lors de votre commande. (Pas de panique si vous la manquez ; vous pouvez toujours nous contacter ult\u00e9rieurement.)<\/p>\n<p style=\"text-align: center;\">Veuillez examiner attentivement le texte \u00e0 graver avant d&rsquo;ajouter l&rsquo;article au panier. Nous reproduisons et gravons les informations exactes re\u00e7ues lors de la commande et n&rsquo;y apportons aucune modification.<\/p>\n<p style=\"text-align: center;\"><strong>Veuillez revoir le texte pour vous assurer que toutes les orthographes sont correctes.<\/strong><\/p>\n<p><strong><em><img loading=\"lazy\" decoding=\"async\" class=\" wp-image-1447 aligncenter\" src=\"http:\/\/www.rememberme-forever.com\/wp-content\/uploads\/2023\/04\/memorial-plaque-cremation-urn-gold-300x150.jpg\" alt=\"Plaque comm\u00e9morative, urne fun\u00e9raire dor\u00e9e\" width=\"268\" height=\"134\" srcset=\"https:\/\/www.rememberme-forever.com\/wp-content\/uploads\/2023\/04\/memorial-plaque-cremation-urn-gold-300x150.jpg 300w, https:\/\/www.rememberme-forever.com\/wp-content\/uploads\/2023\/04\/memorial-plaque-cremation-urn-gold-64x32.jpg 64w, https:\/\/www.rememberme-forever.com\/wp-content\/uploads\/2023\/04\/memorial-plaque-cremation-urn-gold.jpg 448w\" sizes=\"auto, (max-width: 268px) 100vw, 268px\" \/><\/em><\/strong><\/p>\n","protected":false},"excerpt":{"rendered":"<p>Urne fun\u00e9raire unique en onyx naturel avec colombes. Il n&rsquo;existe pas deux exemplaires identiques.<\/p>\n<p><em><strong>Convient aux personnes pesant jusqu&rsquo;\u00e0 104 kg.<\/strong><\/em><\/p>\n","protected":false},"featured_media":20728,"comment_status":"open","ping_status":"closed","template":"","meta":{"_acf_changed":false},"product_brand":[1991],"product_cat":[2418],"product_tag":[3365],"class_list":{"0":"post-20723","1":"product","2":"type-product","3":"status-publish","4":"has-post-thumbnail","6":"product_brand-remember-forever","7":"product_cat-urnes-en-pierre","8":"product_tag-gpsr-stone-urns","9":"product_shipping_class-5-10kg-fr","11":"first","12":"instock","13":"taxable","14":"shipping-taxable","15":"purchasable","16":"product-type-variable"},"yoast_head":"<!-- This site is optimized with the Yoast SEO plugin v27.5 - https:\/\/yoast.com\/product\/yoast-seo-wordpress\/ -->\n<title>Urne fun\u00e9raire en pierre avec colombes, urne adulte noire<\/title>\n<meta name=\"description\" content=\"D\u00e9couvrez notre magnifique urne fun\u00e9raire en pierre avec colombes, une fa\u00e7on unique et \u00e9l\u00e9gante d&#039;honorer la m\u00e9moire de votre proche. Urne fun\u00e9raire en pierre solide et lourde.\" \/>\n<meta name=\"robots\" content=\"index, follow, max-snippet:-1, max-image-preview:large, max-video-preview:-1\" \/>\n<link rel=\"canonical\" href=\"https:\/\/www.rememberme-forever.com\/fr\/produit\/urne-funeraire-en-pierre-avec-colombes-urne-adulte-noire\/\" \/>\n<meta property=\"og:locale\" content=\"fr_FR\" \/>\n<meta property=\"og:type\" content=\"article\" \/>\n<meta property=\"og:title\" content=\"Urne fun\u00e9raire en pierre avec colombes, urne adulte noire\" \/>\n<meta property=\"og:description\" content=\"D\u00e9couvrez notre magnifique urne fun\u00e9raire en pierre avec colombes, une fa\u00e7on unique et \u00e9l\u00e9gante d&#039;honorer la m\u00e9moire de votre proche. Urne fun\u00e9raire en pierre solide et lourde.\" \/>\n<meta property=\"og:url\" content=\"https:\/\/www.rememberme-forever.com\/fr\/produit\/urne-funeraire-en-pierre-avec-colombes-urne-adulte-noire\/\" \/>\n<meta property=\"og:site_name\" content=\"Remember Forever\" \/>\n<meta property=\"article:modified_time\" content=\"2025-10-21T08:44:39+00:00\" \/>\n<meta property=\"og:image\" content=\"http:\/\/www.rememberme-forever.com\/wp-content\/uploads\/2023\/04\/stone-cremate-urn-with-a-doves.jpg\" \/>\n\t<meta property=\"og:image:width\" content=\"1007\" \/>\n\t<meta property=\"og:image:height\" content=\"1024\" \/>\n\t<meta property=\"og:image:type\" content=\"image\/jpeg\" \/>\n<meta name=\"twitter:card\" content=\"summary_large_image\" \/>\n<meta name=\"twitter:label1\" content=\"Dur\u00e9e de lecture estim\u00e9e\" \/>\n\t<meta name=\"twitter:data1\" content=\"2 minutes\" \/>\n<script type=\"application\/ld+json\" class=\"yoast-schema-graph\">{\"@context\":\"https:\\\/\\\/schema.org\",\"@graph\":[{\"@type\":\"WebPage\",\"@id\":\"https:\\\/\\\/www.rememberme-forever.com\\\/fr\\\/produit\\\/urne-funeraire-en-pierre-avec-colombes-urne-adulte-noire\\\/\",\"url\":\"https:\\\/\\\/www.rememberme-forever.com\\\/fr\\\/produit\\\/urne-funeraire-en-pierre-avec-colombes-urne-adulte-noire\\\/\",\"name\":\"Urne fun\u00e9raire en pierre avec colombes, urne adulte noire\",\"isPartOf\":{\"@id\":\"https:\\\/\\\/www.rememberme-forever.com\\\/fr\\\/#website\"},\"primaryImageOfPage\":{\"@id\":\"https:\\\/\\\/www.rememberme-forever.com\\\/fr\\\/produit\\\/urne-funeraire-en-pierre-avec-colombes-urne-adulte-noire\\\/#primaryimage\"},\"image\":{\"@id\":\"https:\\\/\\\/www.rememberme-forever.com\\\/fr\\\/produit\\\/urne-funeraire-en-pierre-avec-colombes-urne-adulte-noire\\\/#primaryimage\"},\"thumbnailUrl\":\"https:\\\/\\\/www.rememberme-forever.com\\\/wp-content\\\/uploads\\\/2023\\\/04\\\/stone-cremate-urn-with-a-doves.jpg\",\"datePublished\":\"2023-04-11T09:48:46+00:00\",\"dateModified\":\"2025-10-21T08:44:39+00:00\",\"description\":\"D\u00e9couvrez notre magnifique urne fun\u00e9raire en pierre avec colombes, une fa\u00e7on unique et \u00e9l\u00e9gante d'honorer la m\u00e9moire de votre proche. Urne fun\u00e9raire en pierre solide et lourde.\",\"breadcrumb\":{\"@id\":\"https:\\\/\\\/www.rememberme-forever.com\\\/fr\\\/produit\\\/urne-funeraire-en-pierre-avec-colombes-urne-adulte-noire\\\/#breadcrumb\"},\"inLanguage\":\"fr-FR\",\"potentialAction\":[{\"@type\":\"ReadAction\",\"target\":[\"https:\\\/\\\/www.rememberme-forever.com\\\/fr\\\/produit\\\/urne-funeraire-en-pierre-avec-colombes-urne-adulte-noire\\\/\"]}]},{\"@type\":\"ImageObject\",\"inLanguage\":\"fr-FR\",\"@id\":\"https:\\\/\\\/www.rememberme-forever.com\\\/fr\\\/produit\\\/urne-funeraire-en-pierre-avec-colombes-urne-adulte-noire\\\/#primaryimage\",\"url\":\"https:\\\/\\\/www.rememberme-forever.com\\\/wp-content\\\/uploads\\\/2023\\\/04\\\/stone-cremate-urn-with-a-doves.jpg\",\"contentUrl\":\"https:\\\/\\\/www.rememberme-forever.com\\\/wp-content\\\/uploads\\\/2023\\\/04\\\/stone-cremate-urn-with-a-doves.jpg\",\"width\":1007,\"height\":1024,\"caption\":\"stone cremate urn with a doves\"},{\"@type\":\"BreadcrumbList\",\"@id\":\"https:\\\/\\\/www.rememberme-forever.com\\\/fr\\\/produit\\\/urne-funeraire-en-pierre-avec-colombes-urne-adulte-noire\\\/#breadcrumb\",\"itemListElement\":[{\"@type\":\"ListItem\",\"position\":1,\"name\":\"Home\",\"item\":\"https:\\\/\\\/www.rememberme-forever.com\\\/fr\\\/accueil\\\/\"},{\"@type\":\"ListItem\",\"position\":2,\"name\":\"Boutique\",\"item\":\"https:\\\/\\\/www.rememberme-forever.com\\\/fr\\\/boutique\\\/\"},{\"@type\":\"ListItem\",\"position\":3,\"name\":\"Urne fun\u00e9raire en pierre avec colombes, urne adulte noire\"}]},{\"@type\":\"WebSite\",\"@id\":\"https:\\\/\\\/www.rememberme-forever.com\\\/fr\\\/#website\",\"url\":\"https:\\\/\\\/www.rememberme-forever.com\\\/fr\\\/\",\"name\":\"Remember Forever\",\"description\":\"Cremation urns, funeral urns, urns for ashes\",\"publisher\":{\"@id\":\"https:\\\/\\\/www.rememberme-forever.com\\\/fr\\\/#organization\"},\"potentialAction\":[{\"@type\":\"SearchAction\",\"target\":{\"@type\":\"EntryPoint\",\"urlTemplate\":\"https:\\\/\\\/www.rememberme-forever.com\\\/fr\\\/?s={search_term_string}\"},\"query-input\":{\"@type\":\"PropertyValueSpecification\",\"valueRequired\":true,\"valueName\":\"search_term_string\"}}],\"inLanguage\":\"fr-FR\"},{\"@type\":\"Organization\",\"@id\":\"https:\\\/\\\/www.rememberme-forever.com\\\/fr\\\/#organization\",\"name\":\"Remember Forever\",\"url\":\"https:\\\/\\\/www.rememberme-forever.com\\\/fr\\\/\",\"logo\":{\"@type\":\"ImageObject\",\"inLanguage\":\"fr-FR\",\"@id\":\"https:\\\/\\\/www.rememberme-forever.com\\\/fr\\\/#\\\/schema\\\/logo\\\/image\\\/\",\"url\":\"https:\\\/\\\/www.rememberme-forever.com\\\/wp-content\\\/uploads\\\/2023\\\/02\\\/logo.png\",\"contentUrl\":\"https:\\\/\\\/www.rememberme-forever.com\\\/wp-content\\\/uploads\\\/2023\\\/02\\\/logo.png\",\"width\":300,\"height\":56,\"caption\":\"Remember Forever\"},\"image\":{\"@id\":\"https:\\\/\\\/www.rememberme-forever.com\\\/fr\\\/#\\\/schema\\\/logo\\\/image\\\/\"}}]}<\/script>\n<!-- \/ Yoast SEO plugin. -->","yoast_head_json":{"title":"Urne fun\u00e9raire en pierre avec colombes, urne adulte noire","description":"D\u00e9couvrez notre magnifique urne fun\u00e9raire en pierre avec colombes, une fa\u00e7on unique et \u00e9l\u00e9gante d'honorer la m\u00e9moire de votre proche. Urne fun\u00e9raire en pierre solide et lourde.","robots":{"index":"index","follow":"follow","max-snippet":"max-snippet:-1","max-image-preview":"max-image-preview:large","max-video-preview":"max-video-preview:-1"},"canonical":"https:\/\/www.rememberme-forever.com\/fr\/produit\/urne-funeraire-en-pierre-avec-colombes-urne-adulte-noire\/","og_locale":"fr_FR","og_type":"article","og_title":"Urne fun\u00e9raire en pierre avec colombes, urne adulte noire","og_description":"D\u00e9couvrez notre magnifique urne fun\u00e9raire en pierre avec colombes, une fa\u00e7on unique et \u00e9l\u00e9gante d'honorer la m\u00e9moire de votre proche. Urne fun\u00e9raire en pierre solide et lourde.","og_url":"https:\/\/www.rememberme-forever.com\/fr\/produit\/urne-funeraire-en-pierre-avec-colombes-urne-adulte-noire\/","og_site_name":"Remember Forever","article_modified_time":"2025-10-21T08:44:39+00:00","og_image":[{"width":1007,"height":1024,"url":"http:\/\/www.rememberme-forever.com\/wp-content\/uploads\/2023\/04\/stone-cremate-urn-with-a-doves.jpg","type":"image\/jpeg"}],"twitter_card":"summary_large_image","twitter_misc":{"Dur\u00e9e de lecture estim\u00e9e":"2 minutes"},"schema":{"@context":"https:\/\/schema.org","@graph":[{"@type":"WebPage","@id":"https:\/\/www.rememberme-forever.com\/fr\/produit\/urne-funeraire-en-pierre-avec-colombes-urne-adulte-noire\/","url":"https:\/\/www.rememberme-forever.com\/fr\/produit\/urne-funeraire-en-pierre-avec-colombes-urne-adulte-noire\/","name":"Urne fun\u00e9raire en pierre avec colombes, urne adulte noire","isPartOf":{"@id":"https:\/\/www.rememberme-forever.com\/fr\/#website"},"primaryImageOfPage":{"@id":"https:\/\/www.rememberme-forever.com\/fr\/produit\/urne-funeraire-en-pierre-avec-colombes-urne-adulte-noire\/#primaryimage"},"image":{"@id":"https:\/\/www.rememberme-forever.com\/fr\/produit\/urne-funeraire-en-pierre-avec-colombes-urne-adulte-noire\/#primaryimage"},"thumbnailUrl":"https:\/\/www.rememberme-forever.com\/wp-content\/uploads\/2023\/04\/stone-cremate-urn-with-a-doves.jpg","datePublished":"2023-04-11T09:48:46+00:00","dateModified":"2025-10-21T08:44:39+00:00","description":"D\u00e9couvrez notre magnifique urne fun\u00e9raire en pierre avec colombes, une fa\u00e7on unique et \u00e9l\u00e9gante d'honorer la m\u00e9moire de votre proche. Urne fun\u00e9raire en pierre solide et lourde.","breadcrumb":{"@id":"https:\/\/www.rememberme-forever.com\/fr\/produit\/urne-funeraire-en-pierre-avec-colombes-urne-adulte-noire\/#breadcrumb"},"inLanguage":"fr-FR","potentialAction":[{"@type":"ReadAction","target":["https:\/\/www.rememberme-forever.com\/fr\/produit\/urne-funeraire-en-pierre-avec-colombes-urne-adulte-noire\/"]}]},{"@type":"ImageObject","inLanguage":"fr-FR","@id":"https:\/\/www.rememberme-forever.com\/fr\/produit\/urne-funeraire-en-pierre-avec-colombes-urne-adulte-noire\/#primaryimage","url":"https:\/\/www.rememberme-forever.com\/wp-content\/uploads\/2023\/04\/stone-cremate-urn-with-a-doves.jpg","contentUrl":"https:\/\/www.rememberme-forever.com\/wp-content\/uploads\/2023\/04\/stone-cremate-urn-with-a-doves.jpg","width":1007,"height":1024,"caption":"stone cremate urn with a doves"},{"@type":"BreadcrumbList","@id":"https:\/\/www.rememberme-forever.com\/fr\/produit\/urne-funeraire-en-pierre-avec-colombes-urne-adulte-noire\/#breadcrumb","itemListElement":[{"@type":"ListItem","position":1,"name":"Home","item":"https:\/\/www.rememberme-forever.com\/fr\/accueil\/"},{"@type":"ListItem","position":2,"name":"Boutique","item":"https:\/\/www.rememberme-forever.com\/fr\/boutique\/"},{"@type":"ListItem","position":3,"name":"Urne fun\u00e9raire en pierre avec colombes, urne adulte noire"}]},{"@type":"WebSite","@id":"https:\/\/www.rememberme-forever.com\/fr\/#website","url":"https:\/\/www.rememberme-forever.com\/fr\/","name":"Remember Forever","description":"Cremation urns, funeral urns, urns for ashes","publisher":{"@id":"https:\/\/www.rememberme-forever.com\/fr\/#organization"},"potentialAction":[{"@type":"SearchAction","target":{"@type":"EntryPoint","urlTemplate":"https:\/\/www.rememberme-forever.com\/fr\/?s={search_term_string}"},"query-input":{"@type":"PropertyValueSpecification","valueRequired":true,"valueName":"search_term_string"}}],"inLanguage":"fr-FR"},{"@type":"Organization","@id":"https:\/\/www.rememberme-forever.com\/fr\/#organization","name":"Remember Forever","url":"https:\/\/www.rememberme-forever.com\/fr\/","logo":{"@type":"ImageObject","inLanguage":"fr-FR","@id":"https:\/\/www.rememberme-forever.com\/fr\/#\/schema\/logo\/image\/","url":"https:\/\/www.rememberme-forever.com\/wp-content\/uploads\/2023\/02\/logo.png","contentUrl":"https:\/\/www.rememberme-forever.com\/wp-content\/uploads\/2023\/02\/logo.png","width":300,"height":56,"caption":"Remember Forever"},"image":{"@id":"https:\/\/www.rememberme-forever.com\/fr\/#\/schema\/logo\/image\/"}}]}},"acf":[],"_links":{"self":[{"href":"https:\/\/www.rememberme-forever.com\/fr\/wp-json\/wp\/v2\/product\/20723","targetHints":{"allow":["GET"]}}],"collection":[{"href":"https:\/\/www.rememberme-forever.com\/fr\/wp-json\/wp\/v2\/product"}],"about":[{"href":"https:\/\/www.rememberme-forever.com\/fr\/wp-json\/wp\/v2\/types\/product"}],"replies":[{"embeddable":true,"href":"https:\/\/www.rememberme-forever.com\/fr\/wp-json\/wp\/v2\/comments?post=20723"}],"wp:featuredmedia":[{"embeddable":true,"href":"https:\/\/www.rememberme-forever.com\/fr\/wp-json\/wp\/v2\/media\/20728"}],"wp:attachment":[{"href":"https:\/\/www.rememberme-forever.com\/fr\/wp-json\/wp\/v2\/media?parent=20723"}],"wp:term":[{"taxonomy":"product_brand","embeddable":true,"href":"https:\/\/www.rememberme-forever.com\/fr\/wp-json\/wp\/v2\/product_brand?post=20723"},{"taxonomy":"product_cat","embeddable":true,"href":"https:\/\/www.rememberme-forever.com\/fr\/wp-json\/wp\/v2\/product_cat?post=20723"},{"taxonomy":"product_tag","embeddable":true,"href":"https:\/\/www.rememberme-forever.com\/fr\/wp-json\/wp\/v2\/product_tag?post=20723"}],"curies":[{"name":"wp","href":"https:\/\/api.w.org\/{rel}","templated":true}]}}