{"id":20871,"date":"2023-04-13T15:36:09","date_gmt":"2023-04-13T13:36:09","guid":{"rendered":"https:\/\/www.rememberme-forever.com\/product\/urne-funeraire-pour-casque-de-motocycliste\/"},"modified":"2025-10-22T10:01:02","modified_gmt":"2025-10-22T08:01:02","slug":"urne-funeraire-pour-casque-de-motocycliste","status":"publish","type":"product","link":"https:\/\/www.rememberme-forever.com\/fr\/produit\/urne-funeraire-pour-casque-de-motocycliste\/","title":{"rendered":"Urne fun\u00e9raire pour casque de motocycliste"},"content":{"rendered":"<div style=\"width: 100%; margin-bottom: 40px; height: max-content; padding-bottom: 60%; position: relative;\"><iframe style=\"position: absolute; top: 0; left: 0; width: 100%; height: 100%;\" src=\"https:\/\/rememberme-urns.com\/black-helmet-urn\/\" frameborder=\"0\"><\/iframe><\/div>\n<div style=\"color: red; text-align: center; margin-bottom: 25px;\">\n<p>&gt;&gt; Rotation de la photo &#8211; appuyer\/zoomer &lt;&lt;<\/p>\n<\/div>\n<h2 style=\"text-align: center;\">Urne fun\u00e9raire pour casque de motocycliste<\/h2>\n<p style=\"text-align: center;\">D\u00e9couvrez notre urne fun\u00e9raire unique et saisissante pour casque de moto. Fabriqu\u00e9e en c\u00e9ramique noire de haute qualit\u00e9, cette urne \u00e9voque un casque de moto, rendant hommage \u00e0 la passion de votre proche pour la moto et la route.<\/p>\n<p style=\"text-align: center;\">Les d\u00e9tails complexes de l&rsquo;urne sont remarquables, de la forme r\u00e9aliste du casque aux lignes et courbes subtiles qui imitent l&rsquo;apparence d&rsquo;un vrai casque. L&rsquo;urne s&rsquo;ouvre par le bas, offrant un lieu de repos final s\u00fbr et discret pour les cendres de votre proche.<\/p>\n<p><iframe loading=\"lazy\" title=\"The motorcycle helmet urn, cremation urn for a motorcyclist.\" width=\"640\" height=\"360\" src=\"https:\/\/www.youtube.com\/embed\/yuEArcgwTCw?feature=oembed\" frameborder=\"0\" allow=\"accelerometer; autoplay; clipboard-write; encrypted-media; gyroscope; picture-in-picture; web-share\" referrerpolicy=\"strict-origin-when-cross-origin\" allowfullscreen><\/iframe><\/p>\n<p style=\"text-align: center;\">Pour une touche de personnalisation suppl\u00e9mentaire, une plaque comm\u00e9morative peut \u00eatre ajout\u00e9e \u00e0 l&rsquo;urne. Fabriqu\u00e9e en plexiglas r\u00e9sistant, cette plaque peut \u00eatre personnalis\u00e9e avec un message sp\u00e9cial ou le nom de votre proche. Ce magnifique ajout fera de cette urne non seulement un hommage appropri\u00e9 \u00e0 sa vie, mais aussi un pr\u00e9cieux souvenir \u00e0 transmettre de g\u00e9n\u00e9ration en g\u00e9n\u00e9ration.<\/p>\n<p style=\"text-align: center;\">Cette urne fun\u00e9raire pour casque de moto est bien plus qu&rsquo;un simple contenant pour les cendres ; C&rsquo;est une fa\u00e7on belle et significative d&rsquo;honorer la passion et l&rsquo;esprit de votre proche. C&rsquo;est un puissant rappel de la libert\u00e9, de l&rsquo;aventure et de la joie qu&rsquo;apporte la moto, et un hommage touchant \u00e0 sa vie et \u00e0 son h\u00e9ritage.<\/p>\n<p>&nbsp;<\/p>\n<h3 style=\"text-align: center;\"><strong>PERSONNALISATION<\/strong><\/h3>\n<p style=\"text-align: center;\">Si vous choisissez une plaque personnalis\u00e9e, veuillez soumettre du texte dans le cadre de personnalisation du produit.<\/p>\n<p style=\"text-align: center;\">La plaque comm\u00e9morative personnalis\u00e9e doit \u00eatre personnalis\u00e9e lors de votre commande. (Pas de panique si vous la manquez ; vous pouvez toujours nous contacter ult\u00e9rieurement.)<\/p>\n<p style=\"text-align: center;\">Veuillez examiner attentivement le texte \u00e0 graver avant d&rsquo;ajouter l&rsquo;article au panier. Nous reproduisons et gravons les informations exactes re\u00e7ues lors de la commande et n&rsquo;y apportons aucune modification.<\/p>\n<p style=\"text-align: center;\"><strong>Veuillez revoir le texte pour vous assurer que toutes les orthographes sont correctes.<\/strong><\/p>\n<p><img loading=\"lazy\" decoding=\"async\" class=\"wp-image-1453 aligncenter\" src=\"http:\/\/www.rememberme-forever.com\/wp-content\/uploads\/2023\/04\/silver-plaque-urn-295x300.jpg\" alt=\"Urne avec plaque argent\u00e9e\" width=\"194\" height=\"197\" srcset=\"https:\/\/www.rememberme-forever.com\/wp-content\/uploads\/2023\/04\/silver-plaque-urn-295x300.jpg 295w, https:\/\/www.rememberme-forever.com\/wp-content\/uploads\/2023\/04\/silver-plaque-urn-600x610.jpg 600w, https:\/\/www.rememberme-forever.com\/wp-content\/uploads\/2023\/04\/silver-plaque-urn-64x65.jpg 64w, https:\/\/www.rememberme-forever.com\/wp-content\/uploads\/2023\/04\/silver-plaque-urn.jpg 768w\" sizes=\"auto, (max-width: 194px) 100vw, 194px\" \/><\/p>\n<p style=\"text-align: center;\"><strong><em>La plaque comm\u00e9morative sera ajout\u00e9e s\u00e9par\u00e9ment avec le support, comme sur la photo.<\/em><\/strong><\/p>\n<p style=\"text-align: center;\"><strong><em>(Le support de la plaque comm\u00e9morative est en plexiglas transparent.)<\/em><\/strong><\/p>\n","protected":false},"excerpt":{"rendered":"<p>Cette urne fun\u00e9raire a la forme d&rsquo;un casque de moto et ressemble vraiment \u00e0 un vrai.<strong> Convient aux adultes pesant 138 kg (305 livres).<\/strong><\/p>\n","protected":false},"featured_media":20872,"template":"","meta":{"_acf_changed":false},"product_brand":[1991],"product_cat":[2419,2406,2424,2408],"product_tag":[3310],"class_list":{"0":"post-20871","1":"product","2":"type-product","3":"status-publish","4":"has-post-thumbnail","6":"product_brand-remember-forever","7":"product_cat-urnes-a-theme","8":"product_cat-urnes-artistiques","9":"product_cat-urnes-de-loisirs","10":"product_cat-urnes-en-ceramique","11":"product_tag-gpsr-ceramic-urns","12":"product_shipping_class-4-5-kg","14":"first","15":"instock","16":"taxable","17":"shipping-taxable","18":"purchasable","19":"product-type-simple"},"yoast_head":"<!-- This site is optimized with the Yoast SEO plugin v27.4 - https:\/\/yoast.com\/product\/yoast-seo-wordpress\/ -->\n<title>Urne fun\u00e9raire pour casque de motocycliste<\/title>\n<meta name=\"description\" content=\"D\u00e9couvrez notre urne fun\u00e9raire unique et saisissante pour les motards. Fabriqu\u00e9e en c\u00e9ramique noire de haute qualit\u00e9.\" \/>\n<meta name=\"robots\" content=\"index, follow, max-snippet:-1, max-image-preview:large, max-video-preview:-1\" \/>\n<link rel=\"canonical\" href=\"https:\/\/www.rememberme-forever.com\/fr\/produit\/urne-funeraire-pour-casque-de-motocycliste\/\" \/>\n<meta property=\"og:locale\" content=\"fr_FR\" \/>\n<meta property=\"og:type\" content=\"article\" \/>\n<meta property=\"og:title\" content=\"Urne fun\u00e9raire pour casque de motocycliste\" \/>\n<meta property=\"og:description\" content=\"D\u00e9couvrez notre urne fun\u00e9raire unique et saisissante pour les motards. Fabriqu\u00e9e en c\u00e9ramique noire de haute qualit\u00e9.\" \/>\n<meta property=\"og:url\" content=\"https:\/\/www.rememberme-forever.com\/fr\/produit\/urne-funeraire-pour-casque-de-motocycliste\/\" \/>\n<meta property=\"og:site_name\" content=\"Remember Forever\" \/>\n<meta property=\"article:modified_time\" content=\"2025-10-22T08:01:02+00:00\" \/>\n<meta property=\"og:image\" content=\"http:\/\/www.rememberme-forever.com\/wp-content\/uploads\/2023\/04\/helmet-cremation-urn.jpg\" \/>\n\t<meta property=\"og:image:width\" content=\"1024\" \/>\n\t<meta property=\"og:image:height\" content=\"1024\" \/>\n\t<meta property=\"og:image:type\" content=\"image\/jpeg\" \/>\n<meta name=\"twitter:card\" content=\"summary_large_image\" \/>\n<meta name=\"twitter:label1\" content=\"Dur\u00e9e de lecture estim\u00e9e\" \/>\n\t<meta name=\"twitter:data1\" content=\"2 minutes\" \/>\n<script type=\"application\/ld+json\" class=\"yoast-schema-graph\">{\"@context\":\"https:\\\/\\\/schema.org\",\"@graph\":[{\"@type\":\"WebPage\",\"@id\":\"https:\\\/\\\/www.rememberme-forever.com\\\/fr\\\/produit\\\/urne-funeraire-pour-casque-de-motocycliste\\\/\",\"url\":\"https:\\\/\\\/www.rememberme-forever.com\\\/fr\\\/produit\\\/urne-funeraire-pour-casque-de-motocycliste\\\/\",\"name\":\"Urne fun\u00e9raire pour casque de motocycliste\",\"isPartOf\":{\"@id\":\"https:\\\/\\\/www.rememberme-forever.com\\\/fr\\\/#website\"},\"primaryImageOfPage\":{\"@id\":\"https:\\\/\\\/www.rememberme-forever.com\\\/fr\\\/produit\\\/urne-funeraire-pour-casque-de-motocycliste\\\/#primaryimage\"},\"image\":{\"@id\":\"https:\\\/\\\/www.rememberme-forever.com\\\/fr\\\/produit\\\/urne-funeraire-pour-casque-de-motocycliste\\\/#primaryimage\"},\"thumbnailUrl\":\"https:\\\/\\\/www.rememberme-forever.com\\\/wp-content\\\/uploads\\\/2023\\\/04\\\/helmet-cremation-urn.jpg\",\"datePublished\":\"2023-04-13T13:36:09+00:00\",\"dateModified\":\"2025-10-22T08:01:02+00:00\",\"description\":\"D\u00e9couvrez notre urne fun\u00e9raire unique et saisissante pour les motards. Fabriqu\u00e9e en c\u00e9ramique noire de haute qualit\u00e9.\",\"breadcrumb\":{\"@id\":\"https:\\\/\\\/www.rememberme-forever.com\\\/fr\\\/produit\\\/urne-funeraire-pour-casque-de-motocycliste\\\/#breadcrumb\"},\"inLanguage\":\"fr-FR\",\"potentialAction\":[{\"@type\":\"ReadAction\",\"target\":[\"https:\\\/\\\/www.rememberme-forever.com\\\/fr\\\/produit\\\/urne-funeraire-pour-casque-de-motocycliste\\\/\"]}]},{\"@type\":\"ImageObject\",\"inLanguage\":\"fr-FR\",\"@id\":\"https:\\\/\\\/www.rememberme-forever.com\\\/fr\\\/produit\\\/urne-funeraire-pour-casque-de-motocycliste\\\/#primaryimage\",\"url\":\"https:\\\/\\\/www.rememberme-forever.com\\\/wp-content\\\/uploads\\\/2023\\\/04\\\/helmet-cremation-urn.jpg\",\"contentUrl\":\"https:\\\/\\\/www.rememberme-forever.com\\\/wp-content\\\/uploads\\\/2023\\\/04\\\/helmet-cremation-urn.jpg\",\"width\":1024,\"height\":1024,\"caption\":\"helmet cremation urn\"},{\"@type\":\"BreadcrumbList\",\"@id\":\"https:\\\/\\\/www.rememberme-forever.com\\\/fr\\\/produit\\\/urne-funeraire-pour-casque-de-motocycliste\\\/#breadcrumb\",\"itemListElement\":[{\"@type\":\"ListItem\",\"position\":1,\"name\":\"Home\",\"item\":\"https:\\\/\\\/www.rememberme-forever.com\\\/fr\\\/accueil\\\/\"},{\"@type\":\"ListItem\",\"position\":2,\"name\":\"Boutique\",\"item\":\"https:\\\/\\\/www.rememberme-forever.com\\\/fr\\\/boutique\\\/\"},{\"@type\":\"ListItem\",\"position\":3,\"name\":\"Urne fun\u00e9raire pour casque de motocycliste\"}]},{\"@type\":\"WebSite\",\"@id\":\"https:\\\/\\\/www.rememberme-forever.com\\\/fr\\\/#website\",\"url\":\"https:\\\/\\\/www.rememberme-forever.com\\\/fr\\\/\",\"name\":\"Remember Forever\",\"description\":\"Cremation urns, funeral urns, urns for ashes\",\"publisher\":{\"@id\":\"https:\\\/\\\/www.rememberme-forever.com\\\/fr\\\/#organization\"},\"potentialAction\":[{\"@type\":\"SearchAction\",\"target\":{\"@type\":\"EntryPoint\",\"urlTemplate\":\"https:\\\/\\\/www.rememberme-forever.com\\\/fr\\\/?s={search_term_string}\"},\"query-input\":{\"@type\":\"PropertyValueSpecification\",\"valueRequired\":true,\"valueName\":\"search_term_string\"}}],\"inLanguage\":\"fr-FR\"},{\"@type\":\"Organization\",\"@id\":\"https:\\\/\\\/www.rememberme-forever.com\\\/fr\\\/#organization\",\"name\":\"Remember Forever\",\"url\":\"https:\\\/\\\/www.rememberme-forever.com\\\/fr\\\/\",\"logo\":{\"@type\":\"ImageObject\",\"inLanguage\":\"fr-FR\",\"@id\":\"https:\\\/\\\/www.rememberme-forever.com\\\/fr\\\/#\\\/schema\\\/logo\\\/image\\\/\",\"url\":\"https:\\\/\\\/www.rememberme-forever.com\\\/wp-content\\\/uploads\\\/2023\\\/02\\\/logo.png\",\"contentUrl\":\"https:\\\/\\\/www.rememberme-forever.com\\\/wp-content\\\/uploads\\\/2023\\\/02\\\/logo.png\",\"width\":300,\"height\":56,\"caption\":\"Remember Forever\"},\"image\":{\"@id\":\"https:\\\/\\\/www.rememberme-forever.com\\\/fr\\\/#\\\/schema\\\/logo\\\/image\\\/\"}}]}<\/script>\n<!-- \/ Yoast SEO plugin. -->","yoast_head_json":{"title":"Urne fun\u00e9raire pour casque de motocycliste","description":"D\u00e9couvrez notre urne fun\u00e9raire unique et saisissante pour les motards. Fabriqu\u00e9e en c\u00e9ramique noire de haute qualit\u00e9.","robots":{"index":"index","follow":"follow","max-snippet":"max-snippet:-1","max-image-preview":"max-image-preview:large","max-video-preview":"max-video-preview:-1"},"canonical":"https:\/\/www.rememberme-forever.com\/fr\/produit\/urne-funeraire-pour-casque-de-motocycliste\/","og_locale":"fr_FR","og_type":"article","og_title":"Urne fun\u00e9raire pour casque de motocycliste","og_description":"D\u00e9couvrez notre urne fun\u00e9raire unique et saisissante pour les motards. Fabriqu\u00e9e en c\u00e9ramique noire de haute qualit\u00e9.","og_url":"https:\/\/www.rememberme-forever.com\/fr\/produit\/urne-funeraire-pour-casque-de-motocycliste\/","og_site_name":"Remember Forever","article_modified_time":"2025-10-22T08:01:02+00:00","og_image":[{"width":1024,"height":1024,"url":"http:\/\/www.rememberme-forever.com\/wp-content\/uploads\/2023\/04\/helmet-cremation-urn.jpg","type":"image\/jpeg"}],"twitter_card":"summary_large_image","twitter_misc":{"Dur\u00e9e de lecture estim\u00e9e":"2 minutes"},"schema":{"@context":"https:\/\/schema.org","@graph":[{"@type":"WebPage","@id":"https:\/\/www.rememberme-forever.com\/fr\/produit\/urne-funeraire-pour-casque-de-motocycliste\/","url":"https:\/\/www.rememberme-forever.com\/fr\/produit\/urne-funeraire-pour-casque-de-motocycliste\/","name":"Urne fun\u00e9raire pour casque de motocycliste","isPartOf":{"@id":"https:\/\/www.rememberme-forever.com\/fr\/#website"},"primaryImageOfPage":{"@id":"https:\/\/www.rememberme-forever.com\/fr\/produit\/urne-funeraire-pour-casque-de-motocycliste\/#primaryimage"},"image":{"@id":"https:\/\/www.rememberme-forever.com\/fr\/produit\/urne-funeraire-pour-casque-de-motocycliste\/#primaryimage"},"thumbnailUrl":"https:\/\/www.rememberme-forever.com\/wp-content\/uploads\/2023\/04\/helmet-cremation-urn.jpg","datePublished":"2023-04-13T13:36:09+00:00","dateModified":"2025-10-22T08:01:02+00:00","description":"D\u00e9couvrez notre urne fun\u00e9raire unique et saisissante pour les motards. Fabriqu\u00e9e en c\u00e9ramique noire de haute qualit\u00e9.","breadcrumb":{"@id":"https:\/\/www.rememberme-forever.com\/fr\/produit\/urne-funeraire-pour-casque-de-motocycliste\/#breadcrumb"},"inLanguage":"fr-FR","potentialAction":[{"@type":"ReadAction","target":["https:\/\/www.rememberme-forever.com\/fr\/produit\/urne-funeraire-pour-casque-de-motocycliste\/"]}]},{"@type":"ImageObject","inLanguage":"fr-FR","@id":"https:\/\/www.rememberme-forever.com\/fr\/produit\/urne-funeraire-pour-casque-de-motocycliste\/#primaryimage","url":"https:\/\/www.rememberme-forever.com\/wp-content\/uploads\/2023\/04\/helmet-cremation-urn.jpg","contentUrl":"https:\/\/www.rememberme-forever.com\/wp-content\/uploads\/2023\/04\/helmet-cremation-urn.jpg","width":1024,"height":1024,"caption":"helmet cremation urn"},{"@type":"BreadcrumbList","@id":"https:\/\/www.rememberme-forever.com\/fr\/produit\/urne-funeraire-pour-casque-de-motocycliste\/#breadcrumb","itemListElement":[{"@type":"ListItem","position":1,"name":"Home","item":"https:\/\/www.rememberme-forever.com\/fr\/accueil\/"},{"@type":"ListItem","position":2,"name":"Boutique","item":"https:\/\/www.rememberme-forever.com\/fr\/boutique\/"},{"@type":"ListItem","position":3,"name":"Urne fun\u00e9raire pour casque de motocycliste"}]},{"@type":"WebSite","@id":"https:\/\/www.rememberme-forever.com\/fr\/#website","url":"https:\/\/www.rememberme-forever.com\/fr\/","name":"Remember Forever","description":"Cremation urns, funeral urns, urns for ashes","publisher":{"@id":"https:\/\/www.rememberme-forever.com\/fr\/#organization"},"potentialAction":[{"@type":"SearchAction","target":{"@type":"EntryPoint","urlTemplate":"https:\/\/www.rememberme-forever.com\/fr\/?s={search_term_string}"},"query-input":{"@type":"PropertyValueSpecification","valueRequired":true,"valueName":"search_term_string"}}],"inLanguage":"fr-FR"},{"@type":"Organization","@id":"https:\/\/www.rememberme-forever.com\/fr\/#organization","name":"Remember Forever","url":"https:\/\/www.rememberme-forever.com\/fr\/","logo":{"@type":"ImageObject","inLanguage":"fr-FR","@id":"https:\/\/www.rememberme-forever.com\/fr\/#\/schema\/logo\/image\/","url":"https:\/\/www.rememberme-forever.com\/wp-content\/uploads\/2023\/02\/logo.png","contentUrl":"https:\/\/www.rememberme-forever.com\/wp-content\/uploads\/2023\/02\/logo.png","width":300,"height":56,"caption":"Remember Forever"},"image":{"@id":"https:\/\/www.rememberme-forever.com\/fr\/#\/schema\/logo\/image\/"}}]}},"acf":[],"_links":{"self":[{"href":"https:\/\/www.rememberme-forever.com\/fr\/wp-json\/wp\/v2\/product\/20871","targetHints":{"allow":["GET"]}}],"collection":[{"href":"https:\/\/www.rememberme-forever.com\/fr\/wp-json\/wp\/v2\/product"}],"about":[{"href":"https:\/\/www.rememberme-forever.com\/fr\/wp-json\/wp\/v2\/types\/product"}],"wp:featuredmedia":[{"embeddable":true,"href":"https:\/\/www.rememberme-forever.com\/fr\/wp-json\/wp\/v2\/media\/20872"}],"wp:attachment":[{"href":"https:\/\/www.rememberme-forever.com\/fr\/wp-json\/wp\/v2\/media?parent=20871"}],"wp:term":[{"taxonomy":"product_brand","embeddable":true,"href":"https:\/\/www.rememberme-forever.com\/fr\/wp-json\/wp\/v2\/product_brand?post=20871"},{"taxonomy":"product_cat","embeddable":true,"href":"https:\/\/www.rememberme-forever.com\/fr\/wp-json\/wp\/v2\/product_cat?post=20871"},{"taxonomy":"product_tag","embeddable":true,"href":"https:\/\/www.rememberme-forever.com\/fr\/wp-json\/wp\/v2\/product_tag?post=20871"}],"curies":[{"name":"wp","href":"https:\/\/api.w.org\/{rel}","templated":true}]}}